{"id":16526,"date":"2025-01-21T05:31:38","date_gmt":"2025-01-21T05:31:38","guid":{"rendered":"https:\/\/www.hydraulic-cylinders.net\/product\/arm-cylinder-for-xgma-middle-excavator-xg822fl\/"},"modified":"2025-01-21T05:31:39","modified_gmt":"2025-01-21T05:31:39","slug":"arm-cylinder-for-xgma-middle-excavator-xg822fl","status":"publish","type":"product","link":"https:\/\/www.hydraulic-cylinders.net\/tr\/urun\/arm-cylinder-for-xgma-middle-excavator-xg822fl\/","title":{"rendered":"XGMA XG822FL Orta Ekskavat\u00f6r \u0130\u00e7in Kol Silindiri"},"content":{"rendered":"<h2>XGMA XG822FL Orta Ekskavat\u00f6r \u0130\u00e7in Kol Silindiri<\/h2>\n<h3>Tan\u0131m ve A\u00e7\u0131klama<\/h3>\n<p>Kol silindiri, ekskavat\u00f6rler, vin\u00e7ler ve mekanik kollar gibi \u00e7e\u015fitli makine kollar\u0131n\u0131n do\u011frusal hareketini ve g\u00fcc\u00fcn\u00fc sa\u011flamak i\u00e7in \u00f6zel olarak tasarlanm\u0131\u015f bir hidrolik silindirdir. Kol silindiri, hidrolik sistemlerde kritik bir rol oynayarak, ba\u011fl\u0131 aletlerin veya aksesuarlar\u0131n etkili hareketini ve kontrol\u00fcn\u00fc sa\u011flar. Bu silindirler sadece d\u00fczg\u00fcn hareket sa\u011flamakla kalmaz, ayn\u0131 zamanda a\u011f\u0131r y\u00fckleri de ta\u015f\u0131yarak, \u00e7e\u015fitli \u00e7al\u0131\u015fma ko\u015fullar\u0131 alt\u0131nda makinelerin verimli \u00e7al\u0131\u015fmas\u0131n\u0131 ve g\u00fcvenilirli\u011fini garanti eder.<\/p>\n<p><img decoding=\"async\" src=\"https:\/\/www.hydraulic-cylinders.net\/wp-content\/uploads\/2025\/01\/songte-company-2.webp\" alt=\"Kol Silindiri G\u00f6r\u00fcnt\u00fcs\u00fc\"><\/p>\n<h3>\u00dcr\u00fcn \u00d6zellikleri<\/h3>\n<ul>\n<li><b>Verimli G\u00fc\u00e7 Aktar\u0131m\u0131:<\/b> Kol silindiri, g\u00fc\u00e7l\u00fc do\u011frusal hareket ve kuvvet sa\u011flayarak mekanik kolun \u00e7e\u015fitli i\u015flemlerdeki y\u00fcksek \u00e7al\u0131\u015fma verimlili\u011fini garanti eder.<\/li>\n<li><b>Hassas Kontrol:<\/b> Hidrolik sistemler sayesinde, kol silindiri hassas hareket kontrol\u00fc sa\u011flayarak, tak\u0131l\u0131 aletlerin \u00e7al\u0131\u015fmas\u0131n\u0131 daha esnek ve do\u011fru hale getirir.<\/li>\n<li><b>G\u00fc\u00e7l\u00fc Dayan\u0131kl\u0131l\u0131k:<\/b> Kol silindirleri genellikle y\u00fcksek mukavemetli malzemelerden yap\u0131l\u0131r, a\u015f\u0131nma ve korozyon direnci iyidir, zorlu ortamlarda uzun s\u00fcreli kullan\u0131ma uygundur.<\/li>\n<li><b>\u00c7ok Fonksiyonlu Uyarlanabilirlik:<\/b> Bu silindirler, farkl\u0131 \u00e7al\u0131\u015fma ihtiya\u00e7lar\u0131na uyum sa\u011flamak amac\u0131yla ekskavat\u00f6rler, vin\u00e7ler ve i\u015f kollar\u0131 gibi \u00e7e\u015fitli mekanik ekipmanlarda yayg\u0131n olarak kullan\u0131labilir.<\/li>\n<li><b>Kolay Bak\u0131m:<\/b> Tasar\u0131mda bak\u0131m ve de\u011fi\u015ftirme kolayl\u0131\u011f\u0131 g\u00f6z \u00f6n\u00fcnde bulundurularak d\u00fczenli muayene ve bak\u0131m daha rahat hale getirilir ve ekipman ar\u0131za s\u00fcreleri azalt\u0131l\u0131r.<\/li>\n<\/ul>\n<p><img decoding=\"async\" src=\"https:\/\/www.hydraulic-cylinders.net\/wp-content\/uploads\/2025\/01\/songte-oil-pipes-and-spare-parts.webp\" alt=\"Hidrolik Silindir Par\u00e7alar\u0131 G\u00f6rseli\"><\/p>\n<h3>Uygulamalar<\/h3>\n<p>Kol silindiri \u00e7e\u015fitli end\u00fcstrilerde yayg\u0131n olarak kullan\u0131lmaktad\u0131r:<\/p>\n<ul>\n<li><b>Yap\u0131:<\/b> Ekskavat\u00f6rlerde ve vin\u00e7lerde kol silindiri, toprak i\u015fleri, malzeme ta\u015f\u0131ma ve yap\u0131sal montajlarda kep\u00e7e veya bomun hareketini kontrol etmek i\u00e7in kullan\u0131l\u0131r.<\/li>\n<li><b>\u00dcretme:<\/b> Otomatik \u00fcretim hatlar\u0131nda, kol silindiri, montaj, kaynak ve malzeme ta\u015f\u0131ma i\u015flemlerinde mekanik kollar\u0131 hareket ettirmek i\u00e7in kullan\u0131l\u0131r ve \u00fcretim verimlili\u011fini ve do\u011frulu\u011funu art\u0131r\u0131r.<\/li>\n<li><b>Tar\u0131m Makinalar\u0131:<\/b> Bi\u00e7erd\u00f6ver ve ekim makinesi gibi tar\u0131m makinelerinde, kol silindiri, tohum ekme, g\u00fcbreleme ve hasat gibi g\u00f6revleri yerine getiren \u00e7al\u0131\u015fma kolunun hareketini kontrol eder.<\/li>\n<li><b>Madencilik:<\/b> Madencilik ekipmanlar\u0131nda, kol silindiri, madencilik ekipman\u0131n\u0131n kolunun hareketini kontrol etmek ve madencilik ile cevher ta\u015f\u0131ma g\u00f6revlerini yerine getirmek i\u00e7in kullan\u0131l\u0131r.<\/li>\n<li><b>Lojistik ve Ta\u015f\u0131mac\u0131l\u0131k:<\/b> Forkliftlerde ve ta\u015f\u0131ma robotlar\u0131nda, kol silindiri, \u00e7atallar\u0131n kald\u0131r\u0131lmas\u0131n\u0131 ve hareketini kontrol ederek malzeme ta\u015f\u0131ma ve istifleme i\u015flemlerini ger\u00e7ekle\u015ftirmek i\u00e7in kullan\u0131l\u0131r.<\/li>\n<\/ul>\n<h3>Tasar\u0131m Hususlar\u0131 ve Se\u00e7im Kriterleri<\/h3>\n<p>Kol silindirlerinin tasar\u0131m\u0131 ve se\u00e7imi yap\u0131l\u0131rken \u00e7e\u015fitli fakt\u00f6rler g\u00f6z \u00f6n\u00fcnde bulundurulmal\u0131d\u0131r:<\/p>\n<h4>Y\u00fck Kapasitesi<\/h4>\n<p>Silindir, makine kolunun ve ona ba\u011fl\u0131 alet veya aksesuarlar\u0131n beklenen kuvvetine ve a\u011f\u0131rl\u0131\u011f\u0131na dayanabilmelidir.<\/p>\n<h4>S\u0131zd\u0131rmazl\u0131k Yetene\u011fi<\/h4>\n<p>Silindirin, hidrolik s\u0131v\u0131n\u0131n s\u0131zmas\u0131n\u0131 \u00f6nlemek ve etkili \u00e7al\u0131\u015fmay\u0131 sa\u011flamak i\u00e7in g\u00fcvenilir bir s\u0131zd\u0131rmazl\u0131\u011fa sahip olmas\u0131 gerekir.<\/p>\n<h4>Dayan\u0131kl\u0131l\u0131k<\/h4>\n<p>Silindir, zorlu \u00e7al\u0131\u015fma ortam\u0131na dayanabilmesi i\u00e7in y\u00fcksek mukavemetli, a\u015f\u0131nma ve korozyon direnci y\u00fcksek malzemelerden yap\u0131lmal\u0131d\u0131r.<\/p>\n<h4>Emniyet<\/h4>\n<p>Silindir, kaza riskini \u00f6nlemek i\u00e7in g\u00fcvenlik standartlar\u0131na uygun olmal\u0131 ve bas\u0131n\u00e7 tahliye vanalar\u0131 gibi g\u00fcvenlik \u00f6zelliklerine sahip olmal\u0131d\u0131r.<\/p>\n<h4>Bak\u0131m<\/h4>\n<p>Silindir tasar\u0131m\u0131nda, bak\u0131m ve par\u00e7a de\u011fi\u015fiminin kolayl\u0131\u011f\u0131 g\u00f6z \u00f6n\u00fcnde bulundurulmal\u0131, bu da ar\u0131za s\u00fcresini ve maliyeti azaltmal\u0131d\u0131r.<\/p>\n<p><img decoding=\"async\" src=\"https:\/\/www.hydraulic-cylinders.net\/wp-content\/uploads\/2025\/01\/songte-cylinder-head-with-all-kinds-excavator-models.webp\" alt=\"Silindir Kapa\u011f\u0131 G\u00f6r\u00fcnt\u00fcs\u00fc\"><\/p>\n<h3>S\u0131zd\u0131rmazl\u0131k ve Ya\u011flama<\/h3>\n<p>Hidrolik s\u0131v\u0131 s\u0131z\u0131nt\u0131s\u0131n\u0131 \u00f6nlemek i\u00e7in kollu silindirlerde piston contalar\u0131 ve mil contalar\u0131 gibi \u00e7e\u015fitli contalar kullan\u0131l\u0131r. Bu contalar, zorlu ortamlarda uzun s\u00fcreli kullan\u0131m sa\u011flamak i\u00e7in poli\u00fcretan ve nitril kau\u00e7uk gibi a\u015f\u0131nmaya dayan\u0131kl\u0131 malzemelerden \u00fcretilmi\u015ftir. Silindir g\u00f6vdesi ve di\u015fli u\u00e7 y\u00fczeyi, a\u015f\u0131nma direncini art\u0131rmak i\u00e7in ince bir \u015fekilde i\u015flenmi\u015ftir. Ya\u011flama i\u00e7in d\u00fczenli olarak hidrolik ya\u011f eklenmesi gereklidir.<\/p>\n<h3>Bak\u0131m ve Sorun Giderme<\/h3>\n<p>Kol silindirlerinin uzun vadeli ve verimli \u00e7al\u0131\u015fmas\u0131n\u0131 sa\u011flamak i\u00e7in d\u00fczenli denetim ve \u00f6nleyici bak\u0131m \u015fartt\u0131r. Ortaya \u00e7\u0131kabilecek baz\u0131 yayg\u0131n sorunlar \u015funlard\u0131r:<\/p>\n<ul>\n<li><b>S\u0131z\u0131nt\u0131:<\/b> Silindirden hidrolik s\u0131v\u0131s\u0131n\u0131n s\u0131zmas\u0131, contalar\u0131n a\u015f\u0131nmas\u0131 ve hasar g\u00f6rmesinden kaynaklanabilir. Contalar\u0131n de\u011fi\u015ftirilmesi veya silindir y\u00fczeyinin yeniden i\u015flenmesi gerekebilir.<\/li>\n<li><b>Ele Ge\u00e7irilen Silindir:<\/b> Silindir, biriken kir ve pas nedeniyle s\u0131k\u0131\u015fabilir. Silindiri temizlemek ve pas \u00f6nleyici bir madde uygulamak sorunu \u00e7\u00f6zmeye yard\u0131mc\u0131 olabilir.<\/li>\n<li><b>Anormal Ses:<\/b> Silindir \u00e7al\u0131\u015fmas\u0131 s\u0131ras\u0131nda anormal sesler duyulmas\u0131, i\u00e7 bile\u015fenlerde bir sorun oldu\u011funu g\u00f6sterebilir. Hasarl\u0131 par\u00e7alar\u0131n incelenmesi ve de\u011fi\u015ftirilmesi gerekebilir.<\/li>\n<\/ul>\n<p>\u00d6nleyici tedbirler aras\u0131nda d\u00fczenli temizlik, ya\u011flama ve hasarl\u0131 par\u00e7alar\u0131n de\u011fi\u015ftirilmesi yer al\u0131r. Silindirin g\u00fcvenli ve optimum \u00e7al\u0131\u015fmas\u0131n\u0131 sa\u011flamak i\u00e7in \u00fcreticinin bak\u0131m ve onar\u0131m talimatlar\u0131na uyulmas\u0131 \u015fartt\u0131r.<\/p>\n<p><img decoding=\"async\" src=\"https:\/\/www.hydraulic-cylinders.net\/wp-content\/uploads\/2025\/01\/songte-chushion-collar.webp\" alt=\"Yast\u0131k Yaka G\u00f6rseli\"><\/p>\n<h3>\u015eirketimiz Hakk\u0131nda<\/h3>\n<p>Geni\u015f \u00fcr\u00fcn yelpazesiyle profesyonel bir yedek hidrolik silindir \u00fcreticisiyiz ve hem yurt i\u00e7i hem de uluslararas\u0131 pazarlarda \u00f6nde gelen hidrolik silindir \u00fcreticilerinden ve toptanc\u0131lar\u0131ndan biri haline geldik. Her zaman m\u00fckemmellik ilkesine ba\u011fl\u0131 kalarak, \u00f6zenle tasarlanm\u0131\u015f \u00fcretim at\u00f6lyelerinde end\u00fcstriyel \u00fcretim y\u00f6netim stratejilerine dayanarak teknik seviyemizi ve \u00fcretim verimlili\u011fimizi s\u00fcrekli olarak geli\u015ftiriyoruz. Y\u00fcksek teknoloji \u00fcr\u00fcn\u00fc dijital \u00fcretim ekipmanlar\u0131 ve profesyonel test sistemlerinin \ub3c4\uc785 edilmesiyle, \u00fcretim platformumuzu s\u00fcrekli olarak optimize ediyor, \u00fcr\u00fcn kalite kontrol s\u00fcrecimizi iyile\u015ftiriyor ve g\u00fc\u00e7l\u00fc inovasyon yeteneklerine sahibiz. Amac\u0131m\u0131z, m\u00fc\u015fterilerimizin \u00e7e\u015fitli ihtiya\u00e7lar\u0131n\u0131 y\u00fcksek verimlilik, hassasiyet ve y\u00fcksek kalite ilkeleriyle kar\u015f\u0131lamakt\u0131r.<\/p>\n<h3>Hizmetlerimiz<\/h3>\n<ul>\n<li><b>Profesyonellik:<\/b> Alan\u0131nda uzman m\u00fchendis ve teknisyenlerden olu\u015fan ekibimiz, profesyonel dan\u0131\u015fmanl\u0131k ve teknik destek sa\u011flayabilir.<\/li>\n<li><b>Uluslararas\u0131 Sertifikasyon:<\/b> \u00dcr\u00fcnlerimizin uluslararas\u0131 standartlara uygunlu\u011funu sa\u011flamak i\u00e7in ISO 9001, CE ve SGS gibi \u00e7e\u015fitli uluslararas\u0131 sertifikalar\u0131 ald\u0131k.<\/li>\n<li><b>\u00d6zelle\u015ftirme:<\/b> M\u00fc\u015fterilerimizin \u00f6zel ihtiya\u00e7lar\u0131n\u0131 kar\u015f\u0131lamak i\u00e7in \u00f6zelle\u015ftirilmi\u015f hizmetler sunuyoruz.<\/li>\n<li><b>\u00dcretim Ekipmanlar\u0131:<\/b> CNC torna tezgahlar\u0131, delme makineleri ve hidrolik test tezgahlar\u0131 da dahil olmak \u00fczere geli\u015fmi\u015f \u00fcretim ekipmanlar\u0131m\u0131z mevcuttur.<\/li>\n<li><b>Sat\u0131\u015f Sonras\u0131 Hizmet:<\/b> M\u00fc\u015fteri memnuniyetini sa\u011flamak i\u00e7in teknik destek, bak\u0131m ve onar\u0131m hizmetleri de dahil olmak \u00fczere m\u00fckemmel sat\u0131\u015f sonras\u0131 hizmetler sunuyoruz.<\/li>\n<\/ul>\n<p><img decoding=\"async\" src=\"https:\/\/www.hydraulic-cylinders.net\/wp-content\/uploads\/2025\/01\/songte-company-4.webp\" alt=\"\u015eirket \u0130maj\u0131\"><br \/>\n<img decoding=\"async\" src=\"https:\/\/www.hydraulic-cylinders.net\/wp-content\/uploads\/2025\/01\/songte-company-3.webp\" alt=\"\u015eirket \u0130maj\u0131\"><\/p>\n<p>Yazar: lyl<\/p>","protected":false},"excerpt":{"rendered":"<p>Arm Cylinder For XGMA Middle Excavator XG822FL Definition and Explanation An arm cylinder is a specially designed hydraulic cylinder used to provide linear motion and power to various types of machinery arms, such as excavators, cranes, and mechanical arms. The arm cylinder plays a critical role in hydraulic systems, enabling the effective movement and control [&hellip;]<\/p>","protected":false},"featured_media":14786,"comment_status":"open","ping_status":"closed","template":"","meta":{"_et_pb_use_builder":"","_et_pb_old_content":"","_et_gb_content_width":""},"product_brand":[],"product_cat":[1497],"product_tag":[1498,1496],"class_list":{"0":"post-16526","1":"product","2":"type-product","3":"status-publish","4":"has-post-thumbnail","6":"product_cat-arm-cylinders","7":"product_tag-arm-cylinders","8":"product_tag-hydraulic-cylinders","10":"first","11":"instock","12":"shipping-taxable","13":"product-type-simple"},"amp_enabled":true,"_links":{"self":[{"href":"https:\/\/www.hydraulic-cylinders.net\/tr\/wp-json\/wp\/v2\/product\/16526","targetHints":{"allow":["GET"]}}],"collection":[{"href":"https:\/\/www.hydraulic-cylinders.net\/tr\/wp-json\/wp\/v2\/product"}],"about":[{"href":"https:\/\/www.hydraulic-cylinders.net\/tr\/wp-json\/wp\/v2\/types\/product"}],"replies":[{"embeddable":true,"href":"https:\/\/www.hydraulic-cylinders.net\/tr\/wp-json\/wp\/v2\/comments?post=16526"}],"wp:featuredmedia":[{"embeddable":true,"href":"https:\/\/www.hydraulic-cylinders.net\/tr\/wp-json\/wp\/v2\/media\/14786"}],"wp:attachment":[{"href":"https:\/\/www.hydraulic-cylinders.net\/tr\/wp-json\/wp\/v2\/media?parent=16526"}],"wp:term":[{"taxonomy":"product_brand","embeddable":true,"href":"https:\/\/www.hydraulic-cylinders.net\/tr\/wp-json\/wp\/v2\/product_brand?post=16526"},{"taxonomy":"product_cat","embeddable":true,"href":"https:\/\/www.hydraulic-cylinders.net\/tr\/wp-json\/wp\/v2\/product_cat?post=16526"},{"taxonomy":"product_tag","embeddable":true,"href":"https:\/\/www.hydraulic-cylinders.net\/tr\/wp-json\/wp\/v2\/product_tag?post=16526"}],"curies":[{"name":"wp","href":"https:\/\/api.w.org\/{rel}","templated":true}]}}