{"id":16528,"date":"2025-01-21T05:31:45","date_gmt":"2025-01-21T05:31:45","guid":{"rendered":"https:\/\/www.hydraulic-cylinders.net\/product\/arm-cylinder-for-xgma-middle-excavator-xg825el\/"},"modified":"2025-01-21T05:31:47","modified_gmt":"2025-01-21T05:31:47","slug":"arm-cylinder-for-xgma-middle-excavator-xg825el","status":"publish","type":"product","link":"https:\/\/www.hydraulic-cylinders.net\/tr\/urun\/arm-cylinder-for-xgma-middle-excavator-xg825el\/","title":{"rendered":"XGMA XG825EL Orta Ekskavat\u00f6r \u0130\u00e7in Kol Silindiri"},"content":{"rendered":"<h2>XGMA XG825EL Orta Ekskavat\u00f6r \u0130\u00e7in Kol Silindiri<\/h2>\n<h3>girii\u015f<\/h3>\n<p>Kol silindiri, ekskavat\u00f6rler, vin\u00e7ler ve robot kollar\u0131 gibi \u00e7e\u015fitli makinelerin kollar\u0131na do\u011frusal hareket ve g\u00fc\u00e7 sa\u011flamak i\u00e7in \u00f6zel olarak tasarlanm\u0131\u015f bir hidrolik silindirdir. Kol silindiri, hidrolik sistemde kritik bir rol oynayarak, tak\u0131l\u0131 aletlerin veya aksesuarlar\u0131n etkili bir \u015fekilde hareket etmesini ve kontrol edilmesini sa\u011flar. Bu silindirler sadece d\u00fczg\u00fcn hareketler sa\u011flamakla kalmaz, ayn\u0131 zamanda a\u011f\u0131r y\u00fckleri de ta\u015f\u0131yarak, \u00e7e\u015fitli \u00e7al\u0131\u015fma ko\u015fullar\u0131 alt\u0131nda makinelerin verimli \u00e7al\u0131\u015fmas\u0131n\u0131 ve g\u00fcvenilirli\u011fini sa\u011flar.<\/p>\n<div>\n  <img decoding=\"async\" src=\"https:\/\/www.hydraulic-cylinders.net\/wp-content\/uploads\/2025\/01\/songte-company-2.webp\" alt=\"XGMA XG825EL Orta Ekskavat\u00f6r \u0130\u00e7in Kol Silindiri\" width=\"500\">\n<\/div>\n<h3>\u00d6zellikler<\/h3>\n<ul>\n<li><strong>Verimli G\u00fc\u00e7 Aktar\u0131m\u0131:<\/strong> Kol silindirleri, g\u00fc\u00e7l\u00fc do\u011frusal hareket ve kuvvet sa\u011flayarak mekanik kolun \u00e7e\u015fitli i\u015flemlerinde y\u00fcksek performans verimlili\u011fi sa\u011flar.<\/li>\n<li><strong>Hassas Kontrol:<\/strong> Hidrolik sistem sayesinde, kol silindirleri hassas hareket kontrol\u00fc sa\u011flayabilir, bu da ba\u011fl\u0131 aletlerin \u00e7al\u0131\u015fmas\u0131n\u0131 daha esnek ve do\u011fru hale getirir.<\/li>\n<li><strong>Dayan\u0131kl\u0131:<\/strong> Kol silindirleri genellikle y\u00fcksek mukavemetli malzemelerden yap\u0131l\u0131r, a\u015f\u0131nma ve korozyon direnci iyidir, zorlu ortamlarda uzun s\u00fcreli kullan\u0131ma uygundur.<\/li>\n<li><strong>\u00c7ok i\u015flevli uyarlanabilirlik:<\/strong> Bu silindirler, ekskavat\u00f6rler, vin\u00e7ler ve robotik kollar gibi \u00e7e\u015fitli makine t\u00fcrlerinde farkl\u0131 \u00e7al\u0131\u015fma gereksinimlerini kar\u015f\u0131lamak \u00fczere yayg\u0131n olarak kullan\u0131labilir.<\/li>\n<li><strong>Kolay Bak\u0131m:<\/strong> Tasar\u0131m\u0131n bak\u0131m\u0131 ve de\u011fi\u015ftirilmesi kolayd\u0131r, bu da d\u00fczenli denetim ve bak\u0131m\u0131 daha kolay hale getirir ve ekipman ar\u0131za s\u00fcresini azalt\u0131r.<\/li>\n<\/ul>\n<div>\n  <img decoding=\"async\" src=\"https:\/\/www.hydraulic-cylinders.net\/wp-content\/uploads\/2025\/01\/songte-oil-pipes-and-spare-parts.webp\" alt=\"XGMA XG825EL Orta Ekskavat\u00f6r \u0130\u00e7in Kol Silindiri\" width=\"500\">\n<\/div>\n<h3>Uygulamalar<\/h3>\n<p>Kol silindirleri a\u015fa\u011f\u0131dakiler de dahil olmak \u00fczere \u00e7e\u015fitli end\u00fcstrilerde yayg\u0131n olarak kullan\u0131lmaktad\u0131r:<\/p>\n<ul>\n<li><strong>\u0130n\u015faat M\u00fchendisli\u011fi:<\/strong> Kaz\u0131c\u0131 makinelerde ve vin\u00e7lerde, toprak i\u015fleri, malzeme ta\u015f\u0131ma ve yap\u0131 kurulumu i\u00e7in kep\u00e7e veya bomlar\u0131n hareketini kontrol etmek amac\u0131yla kullan\u0131l\u0131r.<\/li>\n<li><strong>\u00dcretme:<\/strong> Otomatik \u00fcretim hatlar\u0131nda kullan\u0131lan kol silindirleri, montaj, kaynak ve malzeme ta\u015f\u0131ma i\u015flemlerinde robot kollar\u0131n\u0131n hareketini kontrol ederek \u00fcretim verimlili\u011fini ve do\u011frulu\u011funu art\u0131r\u0131r.<\/li>\n<li><strong>Tar\u0131m Makinalar\u0131:<\/strong> Bi\u00e7erd\u00f6ver ve ekim makinesi gibi tar\u0131m makinelerinde, kol silindirleri, tohum ekme, g\u00fcbreleme ve hasat i\u015flemleri i\u00e7in \u00e7al\u0131\u015fma kollar\u0131n\u0131n hareketini kontrol eder.<\/li>\n<li><strong>Madencilik:<\/strong> Madencilik ekipmanlar\u0131nda kullan\u0131lan kol silindirleri, cevher \u00e7\u0131karma ve ta\u015f\u0131ma i\u015flemlerinde ekipman kollar\u0131n\u0131n hareketini kontrol eder.<\/li>\n<li><strong>Lojistik ve Ta\u015f\u0131mac\u0131l\u0131k:<\/strong> Forkliftlerde ve ta\u015f\u0131ma robotlar\u0131nda kullan\u0131lan kol silindirleri, mallar\u0131n kald\u0131r\u0131lmas\u0131n\u0131 ve hareketini kontrol ederek malzeme ta\u015f\u0131ma ve istifleme i\u015flemlerini ger\u00e7ekle\u015ftirir.<\/li>\n<\/ul>\n<h3>Tasar\u0131m Hususlar\u0131 ve Se\u00e7im Kriterleri<\/h3>\n<p>Bir kol silindiri tasarlan\u0131rken ve se\u00e7ilirken, \u00e7e\u015fitli fakt\u00f6rler g\u00f6z \u00f6n\u00fcnde bulundurulmal\u0131d\u0131r:<\/p>\n<ol>\n<li><strong>Ta\u015f\u0131ma Kapasitesi:<\/strong> Silindirin, makinenin gerektirdi\u011fi y\u00fck\u00fc ta\u015f\u0131yabilecek yeterli ta\u015f\u0131ma kapasitesine sahip olmas\u0131 gerekir.<\/li>\n<li><strong>S\u0131zd\u0131rmazl\u0131k:<\/strong> Silindirin d\u00fczg\u00fcn \u00e7al\u0131\u015fmas\u0131n\u0131 ve s\u0131z\u0131nt\u0131lar\u0131n \u00f6nlenmesini sa\u011flamak i\u00e7in piston contalar\u0131 ve mil contalar\u0131 gibi \u00e7e\u015fitli contalar kullan\u0131lmal\u0131d\u0131r. Contalar, poli\u00fcretan ve nitril kau\u00e7uk gibi a\u015f\u0131nmaya dayan\u0131kl\u0131 malzemelerden yap\u0131lmal\u0131d\u0131r.<\/li>\n<li><strong>Dayan\u0131kl\u0131l\u0131k:<\/strong> Silindir g\u00f6vdesi ve di\u015fli u\u00e7 y\u00fczeyi, a\u015f\u0131nma ve korozyon direncini art\u0131rmak i\u00e7in ince bir \u015fekilde i\u015flenmelidir.<\/li>\n<li><strong>Emniyet:<\/strong> A\u015f\u0131r\u0131 bas\u0131n\u00e7tan kaynaklanabilecek kazalar\u0131 \u00f6nlemek i\u00e7in a\u015f\u0131r\u0131 bas\u0131n\u00e7 tahliye vanalar\u0131 ve patlamaya dayan\u0131kl\u0131 diskler gibi g\u00fcvenlik \u00f6nlemleri dikkate al\u0131nmal\u0131d\u0131r.<\/li>\n<li><strong>Bak\u0131m:<\/strong> Tasar\u0131m\u0131n bak\u0131m\u0131 ve de\u011fi\u015ftirilmesi kolay olmal\u0131, b\u00f6ylece ekipman ar\u0131za s\u00fcreleri azalt\u0131lmal\u0131d\u0131r.<\/li>\n<\/ol>\n<div>\n  <img decoding=\"async\" src=\"https:\/\/www.hydraulic-cylinders.net\/wp-content\/uploads\/2025\/01\/songte-cylinder-head-with-all-kinds-excavator-models.webp\" alt=\"XGMA XG825EL Orta Ekskavat\u00f6r \u0130\u00e7in Kol Silindiri\" width=\"500\">\n<\/div>\n<h3>S\u0131zd\u0131rmazl\u0131k ve Ya\u011flama<\/h3>\n<p>Piston contalar\u0131 ve mil contalar\u0131 gibi \u00e7e\u015fitli conta t\u00fcrleri, hidrolik silindirlerde d\u00fczg\u00fcn \u00e7al\u0131\u015fmay\u0131 sa\u011flamak ve s\u0131z\u0131nt\u0131y\u0131 \u00f6nlemek i\u00e7in kullan\u0131l\u0131r. Contalar, poli\u00fcretan ve nitril kau\u00e7uk gibi a\u015f\u0131nmaya dayan\u0131kl\u0131 malzemelerden \u00fcretilmi\u015ftir. Silindir g\u00f6vdesi ve di\u015fli u\u00e7 y\u00fczeyi, a\u015f\u0131nma direncini ve korozyon direncini art\u0131rmak i\u00e7in ince bir \u015fekilde i\u015flenmi\u015ftir. Silindir d\u00fczenli olarak ya\u011flanmay\u0131 gerektirir ve d\u00fczg\u00fcn \u00e7al\u0131\u015fmas\u0131n\u0131 sa\u011flamak i\u00e7in periyodik olarak uygun hidrolik ya\u011f eklenmelidir.<\/p>\n<div>\n  <img decoding=\"async\" src=\"https:\/\/www.hydraulic-cylinders.net\/wp-content\/uploads\/2025\/01\/songte-chushion-collar.webp\" alt=\"XGMA XG825EL Orta Ekskavat\u00f6r \u0130\u00e7in Kol Silindiri\" width=\"500\">\n<\/div>\n<h3>Bak\u0131m ve Sorun Giderme<\/h3>\n<p>Kol silindirinin d\u00fczg\u00fcn \u00e7al\u0131\u015fmas\u0131n\u0131 sa\u011flamak i\u00e7in d\u00fczenli kontrol ve \u00f6nleyici bak\u0131m \u015fartt\u0131r. Ar\u0131za durumunda a\u015fa\u011f\u0131daki sorun giderme ad\u0131mlar\u0131 izlenebilir:<\/p>\n<ul>\n<li><strong>S\u0131z\u0131nt\u0131:<\/strong> Contalar\u0131 kontrol edin ve montaj c\u0131vatalar\u0131n\u0131 s\u0131k\u0131n.<\/li>\n<li><strong>Yetersiz g\u00fc\u00e7 iletimi:<\/strong> Hidrolik boru hatt\u0131ndaki t\u0131kan\u0131kl\u0131klar\u0131 kontrol edin ve filtreyi temizleyin.<\/li>\n<li><strong>\u00c7al\u0131\u015fma s\u0131ras\u0131nda \u00e7\u0131kan ses:<\/strong> Gev\u015fek par\u00e7alar\u0131 kontrol edin ve gerekirse s\u0131k\u0131n.<\/li>\n<li><strong>Yava\u015f hareket:<\/strong> Hidrolik ya\u011f seviyesinin yetersiz olup olmad\u0131\u011f\u0131n\u0131 kontrol edin ve gerekirse ekleyin.<\/li>\n<\/ul>\n<p>D\u00fczenli kontroller ve bak\u0131m gibi \u00f6nleyici tedbirler, potansiyel sorunlar\u0131 azaltmaya ve kol silindirinin \u00f6mr\u00fcn\u00fc uzatmaya yard\u0131mc\u0131 olabilir.<\/p>\n<h3>Kurulum K\u0131lavuzu<\/h3>\n<p>Kol silindirinin montaj\u0131 yetkili bir teknisyen taraf\u0131ndan yap\u0131lmal\u0131d\u0131r. A\u015fa\u011f\u0131daki ad\u0131mlar \u00f6nerilir:<\/p>\n<ol>\n<li>Silindiri montaj braketine tak\u0131n.<\/li>\n<li>Hidrolik boru hatt\u0131n\u0131 silindirin giri\u015f ve \u00e7\u0131k\u0131\u015f portlar\u0131na ba\u011flay\u0131n.<\/li>\n<li>Sisteme hidrolik ya\u011f ekleyin.<\/li>\n<li>Silindirin \u00e7al\u0131\u015fmas\u0131n\u0131 test edin ve gerekirse ayarlama yap\u0131n.<\/li>\n<\/ol>\n<div>\n  <img decoding=\"async\" src=\"https:\/\/www.hydraulic-cylinders.net\/wp-content\/uploads\/2025\/01\/songte-bushings-with-all-kinds-of-excavator-models.webp\" alt=\"XGMA XG825EL Orta Ekskavat\u00f6r \u0130\u00e7in Kol Silindiri\" width=\"500\">\n<\/div>\n<h3>G\u00fcvenlik Hususlar\u0131 ve \u00c7evresel Fakt\u00f6rler<\/h3>\n<p>Kol silindirli makine \u00e7al\u0131\u015ft\u0131r\u0131l\u0131rken, s\u0131k\u0131 g\u00fcvenlik \u00f6nlemleri dikkate al\u0131nmal\u0131d\u0131r. A\u015f\u0131r\u0131 bas\u0131n\u00e7tan kaynaklanan kazalar\u0131 \u00f6nlemek i\u00e7in bas\u0131n\u00e7 tahliye vanalar\u0131 ve patlama diskleri tak\u0131lmal\u0131d\u0131r. Silindirde kullan\u0131lan hidrolik ya\u011f, \u00e7evre kirlili\u011fini \u00f6nlemek i\u00e7in uygun \u015fekilde bertaraf edilmelidir.<\/p>\n<h3>Hakk\u0131m\u0131zda<\/h3>\n<p>Geni\u015f \u00fcr\u00fcn yelpazesine sahip profesyonel bir yedek hidrolik silindir \u00fcreticisiyiz. Yurti\u00e7i ve yurtd\u0131\u015f\u0131 pazarlarda \u00f6nde gelen hidrolik silindir \u00fcreticilerinden ve toptanc\u0131lar\u0131ndan biri haline geldik. Her zaman m\u00fckemmel kalite ilkesine ba\u011fl\u0131 kalarak, ince i\u015f\u00e7ilik at\u00f6lyesinin end\u00fcstriyel \u00fcretim y\u00f6netim stratejisine dayanarak, teknik seviyeyi ve \u00fcretim verimlili\u011fini s\u00fcrekli olarak geli\u015ftiriyoruz. Y\u00fcksek teknoloji \u00fcr\u00fcn\u00fc dijital \u00fcretim ekipmanlar\u0131 ve profesyonel test sistemleri kullanarak \u00fcretim platformunu optimize ediyor, \u00fcr\u00fcn kalite kontrol s\u00fcrecini iyile\u015ftiriyor ve g\u00fc\u00e7l\u00fc inovasyon yeteneklerine sahibiz. Amac\u0131m\u0131z, y\u00fcksek verimlilik, hassasiyet ve y\u00fcksek kalite ilkeleriyle m\u00fc\u015fterilerin \u00e7e\u015fitlendirilmi\u015f ihtiya\u00e7lar\u0131n\u0131 kar\u015f\u0131lamakt\u0131r.<\/p>\n<p>Profesyonel hizmetler, uluslararas\u0131 sertifikasyon, \u00f6zelle\u015ftirilmi\u015f hizmetler, \u00fcretim ekipmanlar\u0131 ve sat\u0131\u015f sonras\u0131 hizmetler sunuyoruz. \u00dcr\u00fcnlerimiz uluslararas\u0131 sertifikal\u0131d\u0131r ve m\u00fckemmel performans ve g\u00fcvenilirlik sa\u011flamak i\u00e7in titiz kalite kontrol testlerinden ge\u00e7mi\u015ftir. M\u00fc\u015fterilerimize kaliteli \u00fcr\u00fcn ve hizmetler sunmaya kararl\u0131y\u0131z ve m\u00fc\u015fterilerimizin \u00f6zel ihtiya\u00e7lar\u0131n\u0131 kar\u015f\u0131lamalar\u0131na yard\u0131mc\u0131 olmaya her zaman haz\u0131r\u0131z.<\/p>\n<div>\n  <img decoding=\"async\" src=\"https:\/\/www.hydraulic-cylinders.net\/wp-content\/uploads\/2025\/01\/songte-company-4.webp\" alt=\"XGMA XG825EL Orta Ekskavat\u00f6r \u0130\u00e7in Kol Silindiri\" width=\"500\">\n<\/div>\n<div>\n  <img decoding=\"async\" src=\"https:\/\/www.hydraulic-cylinders.net\/wp-content\/uploads\/2025\/01\/songte-company-3.webp\" alt=\"XGMA XG825EL Orta Ekskavat\u00f6r \u0130\u00e7in Kol Silindiri\" width=\"500\">\n<\/div>\n<p><em>Yazar: lyl<\/em><\/p>","protected":false},"excerpt":{"rendered":"<p>Arm Cylinder For XGMA Middle Excavator XG825EL Introduction An arm cylinder is a specially designed hydraulic cylinder that is primarily used to provide linear motion and power to the arms of various types of machinery, such as excavators, cranes, and robotic arms. The arm cylinder plays a critical role in the hydraulic system, allowing attached [&hellip;]<\/p>","protected":false},"featured_media":14779,"comment_status":"open","ping_status":"closed","template":"","meta":{"_et_pb_use_builder":"","_et_pb_old_content":"","_et_gb_content_width":""},"product_brand":[],"product_cat":[1497],"product_tag":[1498,1496],"class_list":{"0":"post-16528","1":"product","2":"type-product","3":"status-publish","4":"has-post-thumbnail","6":"product_cat-arm-cylinders","7":"product_tag-arm-cylinders","8":"product_tag-hydraulic-cylinders","10":"first","11":"instock","12":"shipping-taxable","13":"product-type-simple"},"amp_enabled":true,"_links":{"self":[{"href":"https:\/\/www.hydraulic-cylinders.net\/tr\/wp-json\/wp\/v2\/product\/16528","targetHints":{"allow":["GET"]}}],"collection":[{"href":"https:\/\/www.hydraulic-cylinders.net\/tr\/wp-json\/wp\/v2\/product"}],"about":[{"href":"https:\/\/www.hydraulic-cylinders.net\/tr\/wp-json\/wp\/v2\/types\/product"}],"replies":[{"embeddable":true,"href":"https:\/\/www.hydraulic-cylinders.net\/tr\/wp-json\/wp\/v2\/comments?post=16528"}],"wp:featuredmedia":[{"embeddable":true,"href":"https:\/\/www.hydraulic-cylinders.net\/tr\/wp-json\/wp\/v2\/media\/14779"}],"wp:attachment":[{"href":"https:\/\/www.hydraulic-cylinders.net\/tr\/wp-json\/wp\/v2\/media?parent=16528"}],"wp:term":[{"taxonomy":"product_brand","embeddable":true,"href":"https:\/\/www.hydraulic-cylinders.net\/tr\/wp-json\/wp\/v2\/product_brand?post=16528"},{"taxonomy":"product_cat","embeddable":true,"href":"https:\/\/www.hydraulic-cylinders.net\/tr\/wp-json\/wp\/v2\/product_cat?post=16528"},{"taxonomy":"product_tag","embeddable":true,"href":"https:\/\/www.hydraulic-cylinders.net\/tr\/wp-json\/wp\/v2\/product_tag?post=16528"}],"curies":[{"name":"wp","href":"https:\/\/api.w.org\/{rel}","templated":true}]}}