{"id":16532,"date":"2025-01-21T05:32:00","date_gmt":"2025-01-21T05:32:00","guid":{"rendered":"https:\/\/www.hydraulic-cylinders.net\/product\/arm-cylinder-for-xgma-wheel-excavator-xg806w\/"},"modified":"2025-01-21T05:32:05","modified_gmt":"2025-01-21T05:32:05","slug":"arm-cylinder-for-xgma-wheel-excavator-xg806w","status":"publish","type":"product","link":"https:\/\/www.hydraulic-cylinders.net\/tr\/urun\/arm-cylinder-for-xgma-wheel-excavator-xg806w\/","title":{"rendered":"XGMA XG806W Tekerlekli Ekskavat\u00f6r \u0130\u00e7in Kol Silindiri"},"content":{"rendered":"<h2>XGMA XG806W Tekerlekli Ekskavat\u00f6r \u0130\u00e7in Kol Silindiri<\/h2>\n<p>XGMA XG806W tekerlekli ekskavat\u00f6r i\u00e7in tasarlanm\u0131\u015f kol silindiri, ekskavat\u00f6rler, vin\u00e7ler ve mekanik kollar gibi \u00e7e\u015fitli makinelerin koluna do\u011frusal hareket ve g\u00fc\u00e7 sa\u011flamak \u00fczere \u00f6zel olarak \u00fcretilmi\u015f bir hidrolik silindirdir. Kol silindiri, hidrolik sistemlerde hayati bir rol oynayarak ek aletlerin veya ata\u015fmanlar\u0131n verimli hareketini ve kontrol\u00fcn\u00fc sa\u011flar. Bu silindirler sadece d\u00fczg\u00fcn hareket sa\u011flamakla kalmaz, ayn\u0131 zamanda a\u011f\u0131r y\u00fckleri de kald\u0131rarak \u00e7e\u015fitli \u00e7al\u0131\u015fma ko\u015fullar\u0131nda makinelerin verimli \u00e7al\u0131\u015fmas\u0131n\u0131 ve g\u00fcvenilirli\u011fini garanti eder.<\/p>\n<p><img decoding=\"async\" src=\"https:\/\/www.hydraulic-cylinders.net\/wp-content\/uploads\/2025\/01\/songte-company-2.webp\" alt=\"Kol Silindiri\" \/><\/p>\n<h3>\u00d6zellikler:<\/h3>\n<ul>\n<li>\n    <strong>Y\u00fcksek Verimli \u0130letim:<\/strong> Kol silindiri, g\u00fc\u00e7l\u00fc do\u011frusal hareket ve kuvvet sa\u011flayarak mekanik kolun \u00e7e\u015fitli i\u015flemlerde y\u00fcksek performans kapasitesine sahip olmas\u0131n\u0131 garanti eder.\n  <\/li>\n<li>\n    <strong>Hassas Kontrol:<\/strong> Hidrolik sistem sayesinde kol silindiri hassas hareket kontrol\u00fc sa\u011flayarak, ba\u011fl\u0131 tak\u0131mlar\u0131n \u00e7al\u0131\u015fmas\u0131n\u0131 daha esnek ve hassas hale getirir.\n  <\/li>\n<li>\n    <strong>G\u00fc\u00e7l\u00fc Dayan\u0131kl\u0131l\u0131k:<\/strong> Kol silindirleri genellikle y\u00fcksek mukavemetli, a\u015f\u0131nma ve korozyon direnci y\u00fcksek malzemelerden \u00fcretilir ve bu da onlar\u0131 zorlu ortamlarda uzun s\u00fcreli kullan\u0131m i\u00e7in uygun hale getirir.\n  <\/li>\n<li>\n    <strong>\u00c7ok Y\u00f6nl\u00fc Uyum:<\/strong> Bu silindirler, ekskavat\u00f6rler, vin\u00e7ler ve mekanik kollar gibi \u00e7e\u015fitli makinelerde yayg\u0131n olarak kullan\u0131labilir ve farkl\u0131 \u00e7al\u0131\u015fma gereksinimlerine uyum sa\u011flayabilir.\n  <\/li>\n<li>\n    <strong>Bak\u0131m Kolayl\u0131\u011f\u0131:<\/strong> Kolay bak\u0131m ve de\u011fi\u015ftirme imkan\u0131 g\u00f6z \u00f6n\u00fcnde bulundurularak tasarlanan bu \u00fcr\u00fcn, d\u00fczenli kontrol ve bak\u0131m i\u015flemlerini daha kolay hale getirerek ekipman ar\u0131za s\u00fcrelerini azalt\u0131r.\n  <\/li>\n<\/ul>\n<p><img decoding=\"async\" src=\"https:\/\/www.hydraulic-cylinders.net\/wp-content\/uploads\/2025\/01\/songte-oil-pipes-and-spare-parts.webp\" alt=\"Hidrolik Silindir Yedek Par\u00e7alar\u0131\" \/><\/p>\n<h3>Uygulamalar:<\/h3>\n<p>Kol silindiri \u00e7e\u015fitli alanlarda uygulama bulmaktad\u0131r:<\/p>\n<ul>\n<li>\n    <strong>\u0130n\u015faat M\u00fchendisli\u011fi:<\/strong> Kaz\u0131c\u0131 makinelerde ve vin\u00e7lerde, kol silindiri kep\u00e7elerin veya bomlar\u0131n hareketini kontrol ederek toprak i\u015fleri, malzeme ta\u015f\u0131ma ve yap\u0131sal kurulum i\u015flemlerini ger\u00e7ekle\u015ftirir.\n  <\/li>\n<li>\n    <strong>\u00dcretim Sanayi:<\/strong> Otomatik \u00fcretim hatlar\u0131nda, kol silindiri, montaj, kaynak ve ta\u015f\u0131ma i\u015flemlerinde mekanik kollar\u0131n hareketini sa\u011flayarak \u00fcretim verimlili\u011fini ve hassasiyetini art\u0131r\u0131r.\n  <\/li>\n<li>\n    <strong>Tar\u0131m Makinalar\u0131:<\/strong> Bi\u00e7erd\u00f6ver ve tohum ekme makineleri gibi tar\u0131m makinelerinde, kol silindiri, tohum ekme, g\u00fcbreleme ve hasat gibi g\u00f6revler i\u00e7in \u00e7al\u0131\u015fma kollar\u0131n\u0131n hareketini kontrol eder.\n  <\/li>\n<li>\n    <strong>Madencilik:<\/strong> Madencilik ekipmanlar\u0131nda, kol silindiri madencilik makinelerinin kol hareketini kontrol ederek cevher \u00e7\u0131kar\u0131lmas\u0131n\u0131 ve ta\u015f\u0131nmas\u0131n\u0131 kolayla\u015ft\u0131r\u0131r.\n  <\/li>\n<li>\n    <strong>Lojistik ve Ta\u015f\u0131mac\u0131l\u0131k:<\/strong> Forkliftlerde ve ta\u015f\u0131ma robotlar\u0131nda kol silindiri \u00e7atallar\u0131n kald\u0131r\u0131lmas\u0131n\u0131 ve hareketini kontrol ederek malzeme ta\u015f\u0131ma ve istiflemeyi sa\u011flar.\n  <\/li>\n<\/ul>\n<h3>Tasar\u0131m Hususlar\u0131 ve Se\u00e7im Kriterleri:<\/h3>\n<p>Kol silindirlerinin tasar\u0131m\u0131 ve se\u00e7imi s\u00f6z konusu oldu\u011funda, dikkate al\u0131nmas\u0131 gereken birka\u00e7 \u00f6nemli fakt\u00f6r vard\u0131r:<\/p>\n<ul>\n<li>\n    <strong>Ta\u015f\u0131ma Kapasitesi:<\/strong> Kol silindiri, \u00e7al\u0131\u015fma s\u0131ras\u0131nda kar\u015f\u0131la\u015faca\u011f\u0131 maksimum y\u00fcke dayanabilecek kapasitede olmal\u0131d\u0131r.\n  <\/li>\n<li>\n    <strong>S\u0131zd\u0131rmazl\u0131k:<\/strong> S\u0131zd\u0131rmazl\u0131\u011f\u0131n do\u011fru \u015fekilde sa\u011flanmas\u0131 i\u00e7in piston contalar\u0131 ve mil contalar\u0131 gibi \u00e7e\u015fitli contalar kullan\u0131lmal\u0131d\u0131r. Bu contalar genellikle poli\u00fcretan ve nitril kau\u00e7uk gibi a\u015f\u0131nmaya dayan\u0131kl\u0131 malzemelerden yap\u0131l\u0131r.\n  <\/li>\n<li>\n    <strong>Dayan\u0131kl\u0131l\u0131k:<\/strong> Silindir g\u00f6vdesi ve di\u015fli u\u00e7lar\u0131, a\u015f\u0131nma direncini art\u0131rmak i\u00e7in titiz bir i\u015flemden ge\u00e7irilmelidir. Sorunsuz \u00e7al\u0131\u015fma sa\u011flamak i\u00e7in hidrolik ya\u011f ile d\u00fczenli ya\u011flama gereklidir.\n  <\/li>\n<li>\n    <strong>Emniyet:<\/strong> \u00c7al\u0131\u015fma s\u0131ras\u0131nda kazalar\u0131 \u00f6nlemek i\u00e7in tasar\u0131mda g\u00fcvenlik \u00f6nlemleri uygulanmal\u0131d\u0131r. Bu \u00f6nlemler aras\u0131nda a\u015f\u0131r\u0131 y\u00fck korumas\u0131 ve acil durdurma mekanizmalar\u0131 gibi \u00f6zellikler yer almaktad\u0131r.\n  <\/li>\n<li>\n    <strong>Bak\u0131m:<\/strong> Bak\u0131m i\u00e7in kolay eri\u015fim ve yedek par\u00e7alar\u0131n bulunabilirli\u011fi, ar\u0131za s\u00fcrelerini en aza indirmek ve kol silindirinin uzun \u00f6m\u00fcrl\u00fc olmas\u0131n\u0131 sa\u011flamak i\u00e7in \u00e7ok \u00f6nemlidir.\n  <\/li>\n<\/ul>\n<p><img decoding=\"async\" src=\"https:\/\/www.hydraulic-cylinders.net\/wp-content\/uploads\/2025\/01\/songte-cylinder-head-with-all-kinds-excavator-models.webp\" alt=\"Silindir Kapa\u011f\u0131\" \/><\/p>\n<p>Kol silindirinin d\u00fczg\u00fcn \u00e7al\u0131\u015fmas\u0131 i\u00e7in d\u00fczenli kontroller ve \u00f6nleyici bak\u0131m \u00f6nlemleri \u015fartt\u0131r. Bu \u00f6nlemler izlenerek olas\u0131 sorunlar en aza indirilebilir:<\/p>\n<ul>\n<li>Kol silindirini d\u00fczenli olarak s\u0131z\u0131nt\u0131, a\u015f\u0131nma veya hasar belirtileri a\u00e7\u0131s\u0131ndan kontrol edin. Daha fazla hasar\u0131 \u00f6nlemek i\u00e7in herhangi bir sorunu derhal giderin.<\/li>\n<li>Silindirin ve contalar\u0131n \u00f6nerilen hidrolik ya\u011f ile uygun \u015fekilde ya\u011fland\u0131\u011f\u0131ndan emin olun.<\/li>\n<li>Montaj c\u0131vatalar\u0131n\u0131n ve ba\u011flant\u0131 noktalar\u0131n\u0131n s\u0131k\u0131l\u0131\u011f\u0131n\u0131 kontrol edin ve gerekirse ayarlamalar yap\u0131n.<\/li>\n<li>\u00c7evredeki alan\u0131 temiz tutun ve silindirin \u00e7al\u0131\u015fmas\u0131n\u0131 etkileyebilecek d\u00f6k\u00fcnt\u00fc veya kirleticilerden ar\u0131nd\u0131r\u0131n.<\/li>\n<li>Yanl\u0131\u015f kullan\u0131m veya kazalar\u0131 \u00f6nlemek i\u00e7in operat\u00f6rlere kol silindirinin do\u011fru kullan\u0131m\u0131 ve elle\u00e7lenmesi konusunda e\u011fitim verin.<\/li>\n<\/ul>\n<p>Kol silindirinin do\u011fru montaj\u0131 i\u00e7in l\u00fctfen a\u015fa\u011f\u0131daki y\u00f6nergeleri izleyin:<\/p>\n<ul>\n<li>XGMA XG806W tekerlekli ekskavat\u00f6re \u00f6zel ayr\u0131nt\u0131l\u0131 talimatlar i\u00e7in \u00fcreticinin kurulum k\u0131lavuzuna bak\u0131n.<\/li>\n<li>Montaj y\u00fczeylerinin temiz ve herhangi bir kusur veya d\u00fczensizlikten ar\u0131nm\u0131\u015f oldu\u011fundan emin olun.<\/li>\n<li>Silindire veya \u00e7evresindeki par\u00e7alara zarar vermemek i\u00e7in montaj s\u0131ras\u0131nda uygun alet ve ekipman kullan\u0131n.<\/li>\n<li>T\u00fcm montaj c\u0131vatalar\u0131n\u0131 \u00f6nerilen tork de\u011ferlerine g\u00f6re s\u0131k\u0131n.<\/li>\n<li>Montaj\u0131 tamamlamadan \u00f6nce kol silindirinin do\u011fru hizalanmas\u0131n\u0131 ve konumland\u0131r\u0131lmas\u0131n\u0131 do\u011frulay\u0131n.<\/li>\n<\/ul>\n<p><img decoding=\"async\" src=\"https:\/\/www.hydraulic-cylinders.net\/wp-content\/uploads\/2025\/01\/songte-bushings-with-all-kinds-of-excavator-models.webp\" alt=\"Hidrolik Silindir Bur\u00e7lar\u0131\" \/><\/p>\n<p>G\u00fcvenlik ve \u00e7evresel fakt\u00f6rler g\u00f6z \u00f6n\u00fcnde bulunduruldu\u011funda, g\u00fcvenlik \u00f6nlemlerinin uygulanmas\u0131na \u00f6ncelik verilmesi \u00e7ok \u00f6nemlidir. Bu \u00f6nlemler, operat\u00f6rlerin ve \u00e7evrenin refah\u0131n\u0131 sa\u011flar:<\/p>\n<ul>\n<li>Operat\u00f6rlere, kol silindirleriyle donat\u0131lm\u0131\u015f makinelerin \u00e7al\u0131\u015ft\u0131r\u0131lmas\u0131yla ilgili g\u00fcvenlik protokolleri ve potansiyel tehlikeler konusunda uygun e\u011fitim verilmelidir.<\/li>\n<li>Kaza riskini azaltmak i\u00e7in bas\u0131n\u00e7 tahliye vanalar\u0131 ve acil durdurma butonlar\u0131 gibi g\u00fcvenlik \u00f6zelliklerini uygulay\u0131n.<\/li>\n<li>Hidrolik s\u0131v\u0131lar\u0131n kullan\u0131m\u0131 ve at\u0131k maddelerin bertaraf\u0131 s\u0131ras\u0131nda \u00e7evre y\u00f6netmeliklerine ve y\u00f6nergelerine uyun.<\/li>\n<li>\u00c7evresel risk olu\u015fturabilecek s\u0131z\u0131nt\u0131lar i\u00e7in kol silindirini ve hidrolik sistemi d\u00fczenli olarak kontrol edin.<\/li>\n<li>\u00c7evresel etkiyi en aza indirmek i\u00e7in a\u015f\u0131nm\u0131\u015f veya hasar g\u00f6rm\u00fc\u015f hidrolik par\u00e7alar\u0131n uygun \u015fekilde imha edilmesini veya geri d\u00f6n\u00fc\u015ft\u00fcr\u00fclmesini sa\u011flay\u0131n.<\/li>\n<\/ul>\n<h3>Sorun Giderme ve Yayg\u0131n Sorunlar:<\/h3>\n<p>Kol silindirinde ortaya \u00e7\u0131kabilecek baz\u0131 yayg\u0131n sorunlar \u015funlard\u0131r:<\/p>\n<ul>\n<li>\n    <strong>S\u0131z\u0131nt\u0131:<\/strong> Contalar ve ba\u011flant\u0131 noktalar\u0131 \u00e7evresinde hidrolik s\u0131v\u0131 s\u0131z\u0131nt\u0131s\u0131 olup olmad\u0131\u011f\u0131n\u0131 kontrol edin. Gerekirse hasarl\u0131 contalar\u0131 de\u011fi\u015ftirin veya gev\u015fek ba\u011flant\u0131lar\u0131 s\u0131k\u0131n.\n  <\/li>\n<li>\n    <strong>Yava\u015f veya Tutarl\u0131 Olmayan Hareket:<\/strong> Yetersiz hidrolik bas\u0131n\u00e7 veya i\u00e7 s\u00fcrt\u00fcnme, yava\u015f veya tutars\u0131z harekete neden olabilir. Hidrolik s\u0131v\u0131 seviyelerinin do\u011fru oldu\u011fundan emin olun ve silindir i\u00e7inde herhangi bir t\u0131kan\u0131kl\u0131k veya hasar olup olmad\u0131\u011f\u0131n\u0131 kontrol edin.\n  <\/li>\n<li>\n    <strong>G\u00fcr\u00fclt\u00fc veya Titre\u015fim:<\/strong> \u00c7al\u0131\u015fma s\u0131ras\u0131nda ola\u011fand\u0131\u015f\u0131 ses veya titre\u015fim, a\u015f\u0131nm\u0131\u015f par\u00e7alar\u0131 veya yanl\u0131\u015f hizalamay\u0131 g\u00f6sterebilir. Silindiri a\u015f\u0131nma belirtileri a\u00e7\u0131s\u0131ndan inceleyin ve gerekirse par\u00e7alar\u0131 yeniden hizalay\u0131n veya de\u011fi\u015ftirin.\n  <\/li>\n<\/ul>\n<p>Daha fazla hasar\u0131 \u00f6nlemek ve kol silindirinin optimum performans\u0131n\u0131 sa\u011flamak i\u00e7in bu sorunlar\u0131n derhal ele al\u0131nmas\u0131 \u00f6nemlidir.<\/p>\n<p><img decoding=\"async\" src=\"https:\/\/www.hydraulic-cylinders.net\/wp-content\/uploads\/2025\/01\/songte-chushion-collar.webp\" alt=\"Hidrolik Silindir Yast\u0131k Yakas\u0131\" \/><\/p>\n<p>Profesyonel bir hidrolik silindir yedek par\u00e7a \u00fcreticisi olarak, geni\u015f bir \u00fcr\u00fcn yelpazesi sunuyoruz ve hem yurt i\u00e7i hem de uluslararas\u0131 pazarlarda \u00f6nde gelen hidrolik silindir \u00fcreticilerinden ve toptanc\u0131lar\u0131ndan biri haline geldik. M\u00fckemmel kalite ilkesini benimsiyor ve hassas \u00fcretim at\u00f6lyemizde end\u00fcstriyel \u00fcretim y\u00f6netim stratejileriyle teknolojik seviyemizi ve \u00fcretim verimlili\u011fimizi s\u00fcrekli olarak geli\u015ftiriyoruz. Y\u00fcksek teknoloji \u00fcr\u00fcn\u00fc dijital \u00fcretim ekipmanlar\u0131 ve profesyonel test sistemleri kullanarak \u00fcretim platformumuzu optimize ediyor, \u00fcr\u00fcn kalite kontrol s\u00fcre\u00e7lerini iyile\u015ftiriyor ve g\u00fc\u00e7l\u00fc yenilik\u00e7i yeteneklere sahibiz. Amac\u0131m\u0131z m\u00fc\u015fterilerimizin ihtiya\u00e7lar\u0131n\u0131 kar\u015f\u0131lamakt\u0131r.<\/p>","protected":false},"excerpt":{"rendered":"<p>Arm Cylinder For XGMA Wheel Excavator XG806W The Arm Cylinder for XGMA Wheel Excavator XG806W is a specialized hydraulic cylinder designed to provide linear motion and power to the arm of various machinery such as excavators, cranes, and mechanical arms. The arm cylinder plays a crucial role in hydraulic systems, allowing for the efficient movement [&hellip;]<\/p>","protected":false},"featured_media":14770,"comment_status":"open","ping_status":"closed","template":"","meta":{"_et_pb_use_builder":"","_et_pb_old_content":"","_et_gb_content_width":""},"product_brand":[],"product_cat":[1497],"product_tag":[1498,1496],"class_list":{"0":"post-16532","1":"product","2":"type-product","3":"status-publish","4":"has-post-thumbnail","6":"product_cat-arm-cylinders","7":"product_tag-arm-cylinders","8":"product_tag-hydraulic-cylinders","10":"first","11":"instock","12":"shipping-taxable","13":"product-type-simple"},"amp_enabled":true,"_links":{"self":[{"href":"https:\/\/www.hydraulic-cylinders.net\/tr\/wp-json\/wp\/v2\/product\/16532","targetHints":{"allow":["GET"]}}],"collection":[{"href":"https:\/\/www.hydraulic-cylinders.net\/tr\/wp-json\/wp\/v2\/product"}],"about":[{"href":"https:\/\/www.hydraulic-cylinders.net\/tr\/wp-json\/wp\/v2\/types\/product"}],"replies":[{"embeddable":true,"href":"https:\/\/www.hydraulic-cylinders.net\/tr\/wp-json\/wp\/v2\/comments?post=16532"}],"wp:featuredmedia":[{"embeddable":true,"href":"https:\/\/www.hydraulic-cylinders.net\/tr\/wp-json\/wp\/v2\/media\/14770"}],"wp:attachment":[{"href":"https:\/\/www.hydraulic-cylinders.net\/tr\/wp-json\/wp\/v2\/media?parent=16532"}],"wp:term":[{"taxonomy":"product_brand","embeddable":true,"href":"https:\/\/www.hydraulic-cylinders.net\/tr\/wp-json\/wp\/v2\/product_brand?post=16532"},{"taxonomy":"product_cat","embeddable":true,"href":"https:\/\/www.hydraulic-cylinders.net\/tr\/wp-json\/wp\/v2\/product_cat?post=16532"},{"taxonomy":"product_tag","embeddable":true,"href":"https:\/\/www.hydraulic-cylinders.net\/tr\/wp-json\/wp\/v2\/product_tag?post=16532"}],"curies":[{"name":"wp","href":"https:\/\/api.w.org\/{rel}","templated":true}]}}