{"id":16540,"date":"2025-01-21T05:32:35","date_gmt":"2025-01-21T05:32:35","guid":{"rendered":"https:\/\/www.hydraulic-cylinders.net\/product\/arm-cylinder-for-lonking-small-excavator-lg6150\/"},"modified":"2025-01-21T05:32:37","modified_gmt":"2025-01-21T05:32:37","slug":"arm-cylinder-for-lonking-small-excavator-lg6150","status":"publish","type":"product","link":"https:\/\/www.hydraulic-cylinders.net\/tr\/urun\/arm-cylinder-for-lonking-small-excavator-lg6150\/","title":{"rendered":"LG6150 K\u00fc\u00e7\u00fck Ekskavat\u00f6r \u0130\u00e7in Kol Silindiri"},"content":{"rendered":"<h1>LG6150 K\u00fc\u00e7\u00fck Ekskavat\u00f6r \u0130\u00e7in Kol Silindiri<\/h1>\n<h2>girii\u015f<\/h2>\n<p>Kol silindiri, ekskavat\u00f6rler, vin\u00e7ler ve robot kollar\u0131 gibi \u00e7e\u015fitli makinelerin kollar\u0131na do\u011frusal hareket ve g\u00fc\u00e7 sa\u011flayan \u00f6zel olarak tasarlanm\u0131\u015f bir hidrolik silindirdir. Kol silindiri, hidrolik sistemlerde \u00e7ok \u00f6nemli bir rol oynayarak, ba\u011fl\u0131 aletlerin veya ata\u015fmanlar\u0131n verimli hareketini ve kontrol\u00fcn\u00fc sa\u011flar. Bu silindirler sadece d\u00fczg\u00fcn hareket sa\u011flamakla kalmaz, ayn\u0131 zamanda a\u011f\u0131r y\u00fckleri de kald\u0131rarak \u00e7e\u015fitli \u00e7al\u0131\u015fma ko\u015fullar\u0131nda y\u00fcksek operasyonel verimlilik ve g\u00fcvenilirlik sa\u011flar.<\/p>\n<p><img decoding=\"async\" src=\"https:\/\/www.hydraulic-cylinders.net\/wp-content\/uploads\/2025\/01\/songte-company-2.webp\" alt=\"Kol Silindiri G\u00f6r\u00fcnt\u00fcs\u00fc\"><\/p>\n<h2>\u00d6zellikler<\/h2>\n<ul>\n<li>Y\u00fcksek Verimli Aktar\u0131m: Kol silindiri, g\u00fc\u00e7l\u00fc do\u011frusal hareket ve kuvvet sa\u011flayarak makine kolunun y\u00fcksek performans kapasitesini garanti eder.<\/li>\n<li>Hassas Kontrol: Hidrolik sistem sayesinde, kol silindiri hassas hareket kontrol\u00fc sa\u011flayarak, tak\u0131l\u0131 aletlerle yap\u0131lan i\u015flemleri daha esnek ve do\u011fru hale getirir.<\/li>\n<li>Y\u00fcksek Dayan\u0131kl\u0131l\u0131k: Kol silindirleri genellikle y\u00fcksek mukavemetli malzemelerden \u00fcretilir ve zorlu ortamlarda uzun s\u00fcreli kullan\u0131m i\u00e7in uygun, m\u00fckemmel a\u015f\u0131nma ve korozyon direnci sunar.<\/li>\n<li>\u00c7ok Fonksiyonlu Uyarlanabilirlik: Bu silindirler, ekskavat\u00f6rler, vin\u00e7ler ve robotik kollar da dahil olmak \u00fczere \u00e7e\u015fitli makine ekipmanlar\u0131nda geni\u015f uygulama alanlar\u0131 bulmakta ve farkl\u0131 \u00e7al\u0131\u015fma gereksinimlerine uyum sa\u011flamaktad\u0131r.<\/li>\n<li>Kolay Bak\u0131m: Tasar\u0131m, bak\u0131m ve de\u011fi\u015ftirme kolayl\u0131\u011f\u0131n\u0131 g\u00f6z \u00f6n\u00fcnde bulundurarak d\u00fczenli kontrolleri ve bak\u0131m\u0131 daha kolay hale getirir ve ekipman ar\u0131za s\u00fcresini azalt\u0131r.<\/li>\n<\/ul>\n<p><img decoding=\"async\" src=\"https:\/\/www.hydraulic-cylinders.net\/wp-content\/uploads\/2025\/01\/songte-oil-pipes-and-spare-parts.webp\" alt=\"\u00dcr\u00fcn G\u00f6rseli\"><\/p>\n<h2>Uygulamalar<\/h2>\n<ul>\n<li>\u0130n\u015faat M\u00fchendisli\u011fi: Ekskavat\u00f6rlerde ve vin\u00e7lerde, kol silindiri kep\u00e7enin veya bomun hareketini kontrol ederek toprak i\u015flerini, malzeme ta\u015f\u0131may\u0131 ve yap\u0131sal kurulumlar\u0131 kolayla\u015ft\u0131r\u0131r.<\/li>\n<li>\u0130malat Sanayi: Otomatik \u00fcretim hatlar\u0131nda, kol silindiri, montaj, kaynak ve malzeme ta\u015f\u0131ma i\u015flemlerinde robot kollar\u0131n\u0131n hareketini sa\u011flayarak \u00fcretim verimlili\u011fini ve do\u011frulu\u011funu art\u0131r\u0131r.<\/li>\n<li>Tar\u0131m Makineleri: Bi\u00e7erd\u00f6ver ve tohum ekme makinesi gibi tar\u0131m ekipmanlar\u0131nda, kol silindiri, tohum ekme, g\u00fcbreleme ve hasat gibi g\u00f6revleri yerine getiren \u00e7al\u0131\u015fma kollar\u0131n\u0131n hareketini kontrol eder.<\/li>\n<li>Madencilik: Madencilik ekipmanlar\u0131nda, kol silindiri madencilik makinelerinin kol hareketini kontrol ederek cevherlerin \u00e7\u0131kar\u0131lmas\u0131n\u0131 ve ta\u015f\u0131nmas\u0131n\u0131 sa\u011flar.<\/li>\n<li>Lojistik ve Ta\u015f\u0131mac\u0131l\u0131k: Forkliftlerde ve ta\u015f\u0131ma robotlar\u0131nda, kol silindiri \u00e7atallar\u0131n kald\u0131rma ve hareketini kontrol ederek malzeme ta\u015f\u0131ma ve istiflemeyi kolayla\u015ft\u0131r\u0131r.<\/li>\n<\/ul>\n<h2>Tasar\u0131m Hususlar\u0131 ve Se\u00e7im Kriterleri<\/h2>\n<ul>\n<li>Bearing Capacity: Discuss the arm cylinder&#8217;s load-bearing capacity and its importance in various applications.<\/li>\n<li>S\u0131zd\u0131rmazl\u0131k: Poli\u00fcretan ve nitril kau\u00e7uk gibi a\u015f\u0131nmaya dayan\u0131kl\u0131 malzemelerden yap\u0131lm\u0131\u015f piston contalar\u0131 ve mil contalar\u0131 gibi \u00e7e\u015fitli s\u0131zd\u0131rmazl\u0131k bile\u015fenlerinin kullan\u0131m\u0131n\u0131 a\u00e7\u0131klay\u0131n. A\u015f\u0131nma direncini art\u0131rmak i\u00e7in silindir g\u00f6vdesinin ve di\u015fli u\u00e7 y\u00fczeylerinin ince i\u015flenmesinin \u00f6nemini vurgulay\u0131n. Ayr\u0131ca, hidrolik ya\u011f ile d\u00fczenli ya\u011flaman\u0131n gereklili\u011finden bahsedin.<\/li>\n<li>Dayan\u0131kl\u0131l\u0131k: Kol silindirinin korozyon direnci, malzeme mukavemeti ve sa\u011flam yap\u0131 gibi fakt\u00f6rler g\u00f6z \u00f6n\u00fcnde bulundurularak dayan\u0131kl\u0131l\u0131k a\u00e7\u0131s\u0131ndan nas\u0131l tasarland\u0131\u011f\u0131n\u0131 tart\u0131\u015f\u0131n.<\/li>\n<li>G\u00fcvenlik: G\u00fcvenli \u00e7al\u0131\u015fma sa\u011flamak ve riskleri en aza indirmek i\u00e7in kol silindirinin tasar\u0131m\u0131na dahil edilen g\u00fcvenlik \u00f6nlemlerini a\u00e7\u0131klay\u0131n.<\/li>\n<li>Bak\u0131m: Optimum performans ve uzun \u00f6m\u00fcr sa\u011flamak i\u00e7in bak\u0131m kolayl\u0131\u011f\u0131na ve periyodik kontrollerin ve \u00f6nleyici tedbirlerin \u00f6nemine de\u011finin.<\/li>\n<\/ul>\n<p><img decoding=\"async\" src=\"https:\/\/www.hydraulic-cylinders.net\/wp-content\/uploads\/2025\/01\/songte-cylinder-head-with-all-kinds-excavator-models.webp\" alt=\"\u00dcr\u00fcn G\u00f6rseli\"><\/p>\n<h2>\u00dcr\u00fcn Kurulum K\u0131lavuzu<\/h2>\n<p>Kol silindirinin optimum performans\u0131 ve uzun \u00f6m\u00fcrl\u00fcl\u00fc\u011f\u00fc i\u00e7in do\u011fru montaj \u00e7ok \u00f6nemlidir. A\u015fa\u011f\u0131daki ad\u0131mlar\u0131 izleyin:<\/p>\n<ol>\n<li>Ekskavat\u00f6r\u00fcn kapat\u0131ld\u0131\u011f\u0131ndan ve d\u00fcz bir y\u00fczeye park edildi\u011finden emin olun.<\/li>\n<li>Montaj alan\u0131n\u0131 herhangi bir kal\u0131nt\u0131 veya hasar a\u00e7\u0131s\u0131ndan inceleyin.<\/li>\n<li>Kol silindirini montaj braketiyle hizalay\u0131n ve uygun c\u0131vata ve ba\u011flant\u0131 elemanlar\u0131n\u0131 kullanarak tak\u0131n.<\/li>\n<li>C\u0131vatalar\u0131 belirtilen tork de\u011ferine kadar s\u0131k\u0131n.<\/li>\n<li>Makineyi \u00e7al\u0131\u015ft\u0131rmadan \u00f6nce herhangi bir s\u0131z\u0131nt\u0131 veya anormal hareket olup olmad\u0131\u011f\u0131n\u0131 kontrol edin.<\/li>\n<\/ol>\n<p><img decoding=\"async\" src=\"https:\/\/www.hydraulic-cylinders.net\/wp-content\/uploads\/2025\/01\/songte-bushings-with-all-kinds-of-excavator-models.webp\" alt=\"\u00dcr\u00fcn G\u00f6rseli\"><\/p>\n<h2>G\u00fcvenlik Hususlar\u0131 ve \u00c7evresel Fakt\u00f6rler<\/h2>\n<p>Kol silindirleriyle \u00e7al\u0131\u015f\u0131rken g\u00fcvenlik \u00f6nlemleri son derece \u00f6nemlidir. Kazalar\u0131 ve yaralanmalar\u0131 \u00f6nlemek i\u00e7in yeterli e\u011fitim ve g\u00fcvenlik protokollerine uyulmas\u0131 gereklidir. \u00c7evresel fakt\u00f6rleri, \u00f6rne\u011fin at\u0131klar\u0131n do\u011fru \u015fekilde bertaraf edilmesi ve \u00e7evre d\u00fczenlemelerine uyulmas\u0131 gibi hususlar\u0131 dikkate almak, \u00e7evre \u00fczerindeki olumsuz etkileri en aza indirmek i\u00e7in \u00e7ok \u00f6nemlidir.<\/p>\n<h2>Sorun Giderme ve Yayg\u0131n Sorunlar<\/h2>\n<p>Kol silindirlerinde baz\u0131 sorunlar ortaya \u00e7\u0131kabilir. \u0130\u015fte baz\u0131 yayg\u0131n sorunlar ve olas\u0131 \u00e7\u00f6z\u00fcmleri:<\/p>\n<ul>\n<li>Sorun: Silindir \u00e7evresinde s\u0131z\u0131nt\u0131.<\/li>\n<li>\u00c7\u00f6z\u00fcm: Hasarl\u0131 contalar\u0131 veya ke\u00e7eleri kontrol edin ve de\u011fi\u015ftirin.<\/li>\n<li>Sorun: Kolun yetersiz veya d\u00fczensiz hareketi.<\/li>\n<li>\u00c7\u00f6z\u00fcm: Hidrolik s\u0131v\u0131 seviyelerini kontrol edin ve hidrolik sistemde herhangi bir t\u0131kan\u0131kl\u0131k veya k\u0131s\u0131tlama olup olmad\u0131\u011f\u0131n\u0131 inceleyin. Gerekirse filtreleri temizleyin veya de\u011fi\u015ftirin.<\/li>\n<li>Sorun: \u00c7al\u0131\u015fma s\u0131ras\u0131nda a\u015f\u0131r\u0131 g\u00fcr\u00fclt\u00fc.<\/li>\n<li>\u00c7\u00f6z\u00fcm: Silindiri gev\u015fek veya hasarl\u0131 par\u00e7alar a\u00e7\u0131s\u0131ndan inceleyin ve gerekirse s\u0131k\u0131n veya de\u011fi\u015ftirin.<\/li>\n<\/ul>\n<p><img decoding=\"async\" src=\"https:\/\/www.hydraulic-cylinders.net\/wp-content\/uploads\/2025\/01\/songte-chushion-collar.webp\" alt=\"\u00dcr\u00fcn G\u00f6rseli\"><\/p>\n<p>Makaleyi mant\u0131kl\u0131 bir \u015fekilde d\u00fczenlemeyi, daha kolay gezinme i\u00e7in alt ba\u015fl\u0131klar kullanmay\u0131, daha iyi anla\u015f\u0131labilmesi i\u00e7in ilgili g\u00f6rseller veya grafikler eklemeyi ve farkl\u0131 teknik bilgi seviyelerine sahip okuyucular i\u00e7in uygun, a\u00e7\u0131k ve \u00f6zl\u00fc i\u00e7erik sa\u011flamay\u0131 unutmay\u0131n.<\/p>\n<h2>Hakk\u0131m\u0131zda<\/h2>\n<p>Profesyonel bir hidrolik silindir yedek par\u00e7a \u00fcreticisiyiz ve geni\u015f bir \u00fcr\u00fcn yelpazesi sunuyoruz. Yurti\u00e7i ve yurtd\u0131\u015f\u0131 pazarlarda \u00f6nde gelen hidrolik silindir \u00fcreticilerinden ve toptanc\u0131lar\u0131ndan biri haline geldik. Kaliteye olan ba\u011fl\u0131l\u0131\u011f\u0131m\u0131z, en modern \u00fcretim at\u00f6lyeleriyle desteklenen end\u00fcstriyel \u00fcretim y\u00f6netim stratejilerimize yans\u0131maktad\u0131r. Geli\u015fmi\u015f dijital \u00fcretim ekipmanlar\u0131 ve profesyonel test sistemleri kullanarak, \u00fcretim platformumuzu s\u00fcrekli olarak optimize ediyor ve \u00fcr\u00fcn kalite kontrol s\u00fcre\u00e7lerimizi geli\u015ftirerek g\u00fc\u00e7l\u00fc yenilik\u00e7i yetenekler sergiliyoruz. Amac\u0131m\u0131z, verimlilik, hassasiyet ve y\u00fcksek kaliteli \u00fcr\u00fcnlerle m\u00fc\u015fteri taleplerini kar\u015f\u0131lamakt\u0131r.<\/p>\n<p><img decoding=\"async\" src=\"https:\/\/www.hydraulic-cylinders.net\/wp-content\/uploads\/2025\/01\/songte-company-4.webp\" alt=\"\u015eirket \u0130maj\u0131\"><br \/>\n<img decoding=\"async\" src=\"https:\/\/www.hydraulic-cylinders.net\/wp-content\/uploads\/2025\/01\/songte-company-3.webp\" alt=\"\u015eirket \u0130maj\u0131\"><\/p>\n<p><em>Yazar: lyl<\/em><\/p>","protected":false},"excerpt":{"rendered":"<p>Arm Cylinder For Lonking Small Excavator LG6150 Introduction An arm cylinder is a specially designed hydraulic cylinder that provides linear motion and power to the arm of various types of machinery, such as excavators, cranes, and robotic arms. The arm cylinder plays a crucial role in hydraulic systems, enabling the efficient movement and control of [&hellip;]<\/p>","protected":false},"featured_media":14774,"comment_status":"open","ping_status":"closed","template":"","meta":{"_et_pb_use_builder":"","_et_pb_old_content":"","_et_gb_content_width":""},"product_brand":[],"product_cat":[1497],"product_tag":[1498,1496],"class_list":{"0":"post-16540","1":"product","2":"type-product","3":"status-publish","4":"has-post-thumbnail","6":"product_cat-arm-cylinders","7":"product_tag-arm-cylinders","8":"product_tag-hydraulic-cylinders","10":"first","11":"instock","12":"shipping-taxable","13":"product-type-simple"},"amp_enabled":true,"_links":{"self":[{"href":"https:\/\/www.hydraulic-cylinders.net\/tr\/wp-json\/wp\/v2\/product\/16540","targetHints":{"allow":["GET"]}}],"collection":[{"href":"https:\/\/www.hydraulic-cylinders.net\/tr\/wp-json\/wp\/v2\/product"}],"about":[{"href":"https:\/\/www.hydraulic-cylinders.net\/tr\/wp-json\/wp\/v2\/types\/product"}],"replies":[{"embeddable":true,"href":"https:\/\/www.hydraulic-cylinders.net\/tr\/wp-json\/wp\/v2\/comments?post=16540"}],"wp:featuredmedia":[{"embeddable":true,"href":"https:\/\/www.hydraulic-cylinders.net\/tr\/wp-json\/wp\/v2\/media\/14774"}],"wp:attachment":[{"href":"https:\/\/www.hydraulic-cylinders.net\/tr\/wp-json\/wp\/v2\/media?parent=16540"}],"wp:term":[{"taxonomy":"product_brand","embeddable":true,"href":"https:\/\/www.hydraulic-cylinders.net\/tr\/wp-json\/wp\/v2\/product_brand?post=16540"},{"taxonomy":"product_cat","embeddable":true,"href":"https:\/\/www.hydraulic-cylinders.net\/tr\/wp-json\/wp\/v2\/product_cat?post=16540"},{"taxonomy":"product_tag","embeddable":true,"href":"https:\/\/www.hydraulic-cylinders.net\/tr\/wp-json\/wp\/v2\/product_tag?post=16540"}],"curies":[{"name":"wp","href":"https:\/\/api.w.org\/{rel}","templated":true}]}}