{"id":16553,"date":"2025-01-21T05:33:31","date_gmt":"2025-01-21T05:33:31","guid":{"rendered":"https:\/\/www.hydraulic-cylinders.net\/product\/arm-cylinder-for-jcm-middle-excavator-jcm921f\/"},"modified":"2025-01-21T05:33:32","modified_gmt":"2025-01-21T05:33:32","slug":"arm-cylinder-for-jcm-middle-excavator-jcm921f","status":"publish","type":"product","link":"https:\/\/www.hydraulic-cylinders.net\/tr\/urun\/arm-cylinder-for-jcm-middle-excavator-jcm921f\/","title":{"rendered":"JCM Orta Ekskavat\u00f6r JCM921F i\u00e7in Kol Silindiri"},"content":{"rendered":"<p>JCM921F Orta Ekskavat\u00f6r i\u00e7in Kol Silindiri<\/p>\n<p>girii\u015f<br \/>\nKol silindiri, ekskavat\u00f6rler, vin\u00e7ler ve mekanik kollar gibi \u00e7e\u015fitli makinelerin kollar\u0131na do\u011frusal hareket ve g\u00fc\u00e7 sa\u011flamak i\u00e7in \u00f6zel olarak tasarlanm\u0131\u015f bir hidrolik silindirdir. Kol silindiri, hidrolik sistemde \u00f6nemli bir rol oynayarak ek aletlerin veya ata\u015fmanlar\u0131n etkili hareketini ve kontrol\u00fcn\u00fc sa\u011flar. Bu silindirler sadece d\u00fczg\u00fcn hareket sa\u011flamakla kalmaz, ayn\u0131 zamanda a\u011f\u0131r y\u00fckleri de ta\u015f\u0131yarak \u00e7e\u015fitli \u00e7al\u0131\u015fma ko\u015fullar\u0131 alt\u0131nda makinelerin verimli \u00e7al\u0131\u015fmas\u0131n\u0131 ve g\u00fcvenilirli\u011fini sa\u011flar.<\/p>\n<p><img loading=\"lazy\" decoding=\"async\" src=\"https:\/\/www.hydraulic-cylinders.net\/wp-content\/uploads\/2025\/01\/songte-company-2.webp\" alt=\"Kol Silindiri\" width=\"400\" height=\"267\"><\/p>\n<p>Tan\u0131m ve A\u00e7\u0131klama<br \/>\nKol silindirleri, a\u011f\u0131r makinelerin hidrolik sisteminin temel elemanlar\u0131d\u0131r. Ekskavat\u00f6rler, vin\u00e7ler ve mekanik kollar gibi \u00e7e\u015fitli makine tiplerinin kollar\u0131na do\u011frusal hareket ve g\u00fc\u00e7 sa\u011flamak \u00fczere tasarlanm\u0131\u015ft\u0131r. Kol silindiri, ek aletlerin veya ata\u015fmanlar\u0131n d\u00fczg\u00fcn hareketinden ve kontrol\u00fcnden sorumludur ve bu da onlar\u0131 makinenin verimli \u00e7al\u0131\u015fmas\u0131 ve g\u00fcvenilirli\u011fi i\u00e7in vazge\u00e7ilmez k\u0131lar. Bu silindirler, kep\u00e7e ve bom gibi ek aletlerin veya ata\u015fmanlar\u0131n etkili hareketini ve kontrol\u00fcn\u00fc sa\u011flayarak hidrolik sistemde \u00e7ok \u00f6nemli bir rol oynar. Kol silindirleri, \u00e7e\u015fitli \u00e7al\u0131\u015fma ko\u015fullar\u0131nda dayan\u0131kl\u0131l\u0131k ve g\u00fcvenilirlik sa\u011flayan y\u00fcksek mukavemetli malzemeler kullan\u0131larak \u00fcretilir.<\/p>\n<p>\u00d6zellikler<br \/>\nKol silindirlerinin ba\u015fl\u0131ca \u00f6zellikleri \u015funlard\u0131r:<\/p>\n<h2>Y\u00fcksek Verimli \u015eanz\u0131man<\/h2>\n<p>Kol silindirleri, g\u00fc\u00e7l\u00fc do\u011frusal hareket ve kuvvet sa\u011flayarak makinelerin \u00e7al\u0131\u015fmas\u0131nda y\u00fcksek verimlilik sa\u011flar.<\/p>\n<h2>Hassas Kontrol<\/h2>\n<p>Hidrolik sistem sayesinde kollu silindirler hassas hareket kontrol\u00fc sa\u011flayarak ek aletlerin kullan\u0131m\u0131n\u0131 daha esnek ve do\u011fru hale getirir.<\/p>\n<h2>Dayan\u0131kl\u0131l\u0131k<\/h2>\n<p>Kol silindirleri genellikle y\u00fcksek mukavemetli malzemelerden \u00fcretilir, bu da onlar\u0131 a\u015f\u0131nmaya ve korozyona kar\u015f\u0131 olduk\u00e7a dayan\u0131kl\u0131 k\u0131lar ve zorlu ortamlarda uzun s\u00fcreli kullan\u0131m i\u00e7in uygun hale getirir.<\/p>\n<h2>\u00c7ok Fonksiyonlu Uyarlanabilirlik<\/h2>\n<p>Bu silindirler, ekskavat\u00f6rler, vin\u00e7ler ve mekanik kollar gibi \u00e7e\u015fitli makine t\u00fcrlerinde yayg\u0131n olarak kullan\u0131lmakta olup, farkl\u0131 \u00e7al\u0131\u015fma gereksinimlerine uyum sa\u011flamaktad\u0131r.<\/p>\n<h2>Kolay Bak\u0131m<\/h2>\n<p>Kol silindirleri, kolayca bak\u0131m\u0131 yap\u0131labilecek ve de\u011fi\u015ftirilebilecek \u015fekilde tasarlanm\u0131\u015ft\u0131r; bu da d\u00fczenli kontrolleri ve bak\u0131m\u0131 daha kolay hale getirir ve ekipman ar\u0131za s\u00fcresini azalt\u0131r.<\/p>\n<p>Bu hidrolik silindirlerin yerine m\u00fckemmel bir \u015fekilde ge\u00e7ebilecek bu \u00fcr\u00fcn\u00fc \u00fcretebiliyoruz.<\/p>\n<p><img loading=\"lazy\" decoding=\"async\" src=\"https:\/\/www.hydraulic-cylinders.net\/wp-content\/uploads\/2025\/01\/songte-oil-pipes-and-spare-parts.webp\" alt=\"Hidrolik Silindir Par\u00e7alar\u0131\" width=\"400\" height=\"267\"><\/p>\n<p>Uygulamalar<br \/>\nKol silindirleri, a\u015fa\u011f\u0131dakiler gibi \u00e7e\u015fitli end\u00fcstrilerde geni\u015f bir uygulama yelpazesine sahiptir:<\/p>\n<h2>\u0130n\u015faat M\u00fchendisli\u011fi<\/h2>\n<p>Kol silindirleri, hafriyat i\u015flerinde, malzeme ta\u015f\u0131mada ve yap\u0131 kurulumunda kullan\u0131lan ekskavat\u00f6r ve vin\u00e7lerdeki kep\u00e7e veya bomlar\u0131n hareketini kontrol eder.<\/p>\n<h2>\u00dcretim Sanayi<\/h2>\n<p>Kol silindirleri, montaj, kaynak ve ta\u015f\u0131ma i\u015flemleri i\u00e7in otomatik \u00fcretim hatlar\u0131nda mekanik kollar\u0131n hareketini kontrol ederek \u00fcretim verimlili\u011fini ve do\u011frulu\u011funu art\u0131r\u0131r.<\/p>\n<h2>Tar\u0131m Makinalar\u0131<\/h2>\n<p>Kol silindirleri, bi\u00e7erd\u00f6ver ve tohum ekme makineleri gibi tar\u0131m makinelerinde \u00e7al\u0131\u015fma kolunu kontrol ederek ekim, g\u00fcbreleme ve hasat gibi g\u00f6revleri yerine getirir.<\/p>\n<h2>Madencilik End\u00fcstrisi<\/h2>\n<p>Kol silindirleri, madencilik ve ta\u015f\u0131ma i\u015flemlerini ger\u00e7ekle\u015ftiren madencilik ekipmanlar\u0131nda kol hareketini kontrol eder.<\/p>\n<h2>Lojistik ve Ta\u015f\u0131mac\u0131l\u0131k<\/h2>\n<p>Kol silindirleri, forkliftlerde ve ta\u015f\u0131ma robotlar\u0131nda y\u00fck \u00e7atallar\u0131n\u0131n hareketini kontrol ederek malzemelerin ta\u015f\u0131nmas\u0131n\u0131 ve istiflenmesini sa\u011flar.<\/p>\n<p>Tasar\u0131m Hususlar\u0131 ve Se\u00e7im Standartlar\u0131<br \/>\nKol silindirlerinin optimum performanslar\u0131n\u0131 sa\u011flamak i\u00e7in belirli tasar\u0131m hususlar\u0131 ve se\u00e7im standartlar\u0131 vard\u0131r; bunlar \u015funlard\u0131r:<\/p>\n<h2>Y\u00fck Ta\u015f\u0131ma Kapasitesi<\/h2>\n<p>Kol silindirleri, makinenin uygulad\u0131\u011f\u0131 y\u00fck\u00fc ta\u015f\u0131yabilecek kapasitede olmal\u0131d\u0131r.<\/p>\n<h2>S\u0131zd\u0131rmazl\u0131k<\/h2>\n<p>Kol silindirlerinde s\u0131z\u0131nt\u0131lar\u0131 \u00f6nlemek ve silindirin verimli \u00e7al\u0131\u015fmas\u0131n\u0131 sa\u011flamak i\u00e7in piston contalar\u0131 ve mil contalar\u0131 gibi \u00e7e\u015fitli contalara ihtiya\u00e7 duyulur.<\/p>\n<h2>Dayan\u0131kl\u0131l\u0131k<\/h2>\n<p>Kol silindirleri, \u00e7e\u015fitli \u00e7al\u0131\u015fma ko\u015fullar\u0131 alt\u0131nda dayan\u0131kl\u0131l\u0131k ve g\u00fcvenilirlik sa\u011flayacak y\u00fcksek kaliteli malzemelerden \u00fcretilmelidir.<\/p>\n<h2>Emniyet<\/h2>\n<p>Kol silindirleri, gerekli kuvvetlere dayanabilecek ve kazalar\u0131 \u00f6nleyebilecek \u015fekilde, g\u00fcvenlik g\u00f6z \u00f6n\u00fcnde bulundurularak tasarlanmal\u0131d\u0131r.<\/p>\n<h2>Bak\u0131m<\/h2>\n<p>Kol silindirleri, bak\u0131m ve de\u011fi\u015ftirme kolayl\u0131\u011f\u0131 sa\u011flayacak \u015fekilde tasarlanmal\u0131, d\u00fczenli kontrol ve bak\u0131m yap\u0131lmas\u0131na olanak tan\u0131yarak ekipman ar\u0131za s\u00fcresini azaltmal\u0131d\u0131r.<\/p>\n<p><img loading=\"lazy\" decoding=\"async\" src=\"https:\/\/www.hydraulic-cylinders.net\/wp-content\/uploads\/2025\/01\/songte-cylinder-head-with-all-kinds-excavator-models.webp\" alt=\"Silindir Kapa\u011f\u0131\" width=\"400\" height=\"267\"><\/p>\n<p>S\u0131zd\u0131rmazl\u0131k ve Ya\u011flama<br \/>\nKol silindirlerinde, s\u0131z\u0131nt\u0131lar\u0131 \u00f6nlemek ve silindirin verimli \u00e7al\u0131\u015fmas\u0131n\u0131 sa\u011flamak i\u00e7in poli\u00fcretan ve nitril kau\u00e7uk gibi a\u015f\u0131nmaya dayan\u0131kl\u0131 malzemelerden yap\u0131lm\u0131\u015f piston contalar\u0131 ve mil contalar\u0131 gibi \u00e7e\u015fitli conta t\u00fcrleri gereklidir. Silindirin g\u00f6vdesi ve di\u015fli y\u00fczeyi, a\u015f\u0131nma direncini art\u0131rmak i\u00e7in hassas bir \u015fekilde i\u015flenmeli ve uygun miktarda hidrolik ya\u011f ile d\u00fczenli ya\u011flama yap\u0131lmal\u0131d\u0131r.<\/p>\n<p>Bak\u0131m ve \u00d6nleyici Tedbirler<br \/>\nKol silindirlerinin optimum performans\u0131n\u0131 sa\u011flamak i\u00e7in d\u00fczenli bak\u0131m kontrolleri ve \u00f6nleyici tedbirler \u015fartt\u0131r. \u00d6nleyici tedbirler \u015funlard\u0131r:<\/p>\n<h2>D\u00fczenli Muayene<\/h2>\n<p>Silindirin s\u0131z\u0131nt\u0131, hasar ve a\u015f\u0131nma a\u00e7\u0131s\u0131ndan incelenmesi ve a\u015f\u0131nm\u0131\u015f par\u00e7alar\u0131n de\u011fi\u015ftirilmesi.<\/p>\n<h2>Temizlik<\/h2>\n<p>Silindirin performans\u0131n\u0131 etkilemesini \u00f6nlemek i\u00e7in toz, kir ve di\u011fer kirleticilerin silindiri temiz tutmak \u00f6nemlidir.<\/p>\n<h2>Ya\u011flama<\/h2>\n<p>Silindirin a\u015f\u0131nmas\u0131n\u0131 \u00f6nlemek ve \u00f6mr\u00fcn\u00fc uzatmak i\u00e7in d\u00fczenli olarak uygun miktarda hidrolik ya\u011f ile ya\u011flanmal\u0131d\u0131r.<\/p>\n<h2>Uygun Saklama<\/h2>\n<p>Paslanmay\u0131 ve di\u011fer hasarlar\u0131 \u00f6nlemek i\u00e7in silindiri kuru ve serin bir yerde saklay\u0131n.<\/p>\n<h2>Par\u00e7a De\u011fi\u015fimi<\/h2>\n<p>Silindirin verimli \u00e7al\u0131\u015fmas\u0131n\u0131 sa\u011flamak i\u00e7in contalar ve pistonlar gibi a\u015f\u0131nm\u0131\u015f par\u00e7alar\u0131n de\u011fi\u015ftirilmesi.<\/p>\n<p><img loading=\"lazy\" decoding=\"async\" src=\"https:\/\/www.hydraulic-cylinders.net\/wp-content\/uploads\/2025\/01\/songte-chushion-collar.webp\" alt=\"Yast\u0131k Yaka\" width=\"400\" height=\"267\"><\/p>\n<p>Kurulum K\u0131lavuzu<br \/>\nKol silindirlerinin montaj\u0131, optimum performans sa\u011flamak i\u00e7in belirli ad\u0131mlar gerektirir; bunlar \u015funlard\u0131r:<\/p>\n<h2>Haz\u0131rl\u0131k<\/h2>\n<p>Gerekli aletleri, koruyucu ekipmanlar\u0131 ve t\u00fcp\u00fc haz\u0131rlay\u0131n.<\/p>\n<h2>Denetleme<\/h2>\n<p>Montaj i\u015flemine ba\u015flamadan \u00f6nce silindiri herhangi bir hasar veya kusur a\u00e7\u0131s\u0131ndan kontrol edin.<\/p>\n<h2>S\u00f6kme<\/h2>\n<p>Eski silindiri s\u00f6k\u00fcn ve makineden \u00e7\u0131kar\u0131n.<\/p>\n<h2>Kurulum<\/h2>\n<p>Yeni kol silindirini \u00fcreticinin talimatlar\u0131n\u0131 izleyerek tak\u0131n.<\/p>\n<h2>Test<\/h2>\n<p>Yeni kol silindirinin d\u00fczg\u00fcn \u00e7al\u0131\u015f\u0131p \u00e7al\u0131\u015fmad\u0131\u011f\u0131n\u0131 ve s\u0131z\u0131nt\u0131 olup olmad\u0131\u011f\u0131n\u0131 test edin.<\/p>\n<p>G\u00fcvenlik ve \u00c7evresel Hususlar<br \/>\nKol silindirlerinin \u00e7al\u0131\u015fmas\u0131 s\u0131ras\u0131nda kazalar\u0131 \u00f6nlemek i\u00e7in \u00f6zel g\u00fcvenlik \u00f6nlemleri gereklidir. G\u00fcvenlik \u00f6nlemleri \u015funlard\u0131r:<\/p>\n<h2>Uygun E\u011fitim<\/h2>\n<p>Operat\u00f6rlerin ekipman\u0131 ve g\u00fcvenli kullan\u0131m\u0131n\u0131 anlamalar\u0131n\u0131 sa\u011flamak i\u00e7in uygun e\u011fitim verilmelidir.<\/p>\n<h2>D\u00fczenli Bak\u0131m<\/h2>\n<p>Silindirin en iyi performans\u0131n\u0131 sa\u011flamak ve kazalar\u0131 \u00f6nlemek i\u00e7in d\u00fczenli bak\u0131m kontrolleri yap\u0131lmal\u0131d\u0131r.<\/p>\n<h2>\u00c7evre Koruma<\/h2>\n<p>\u00c7evreyi korumak i\u00e7in hidrolik ya\u011f\u0131n ve kol silindirlerinin \u00e7al\u0131\u015fmas\u0131nda kullan\u0131lan di\u011fer tehlikeli maddelerin uygun \u015fekilde bertaraf edilmesi.<\/p>\n<p>Ar\u0131za Te\u015fhisi ve Yayg\u0131n Sorunlar<br \/>\nKol silindirlerinde s\u0131z\u0131nt\u0131, hasar ve a\u015f\u0131nma gibi \u00e7e\u015fitli yayg\u0131n sorunlar g\u00f6r\u00fclebilir. Bu sorunlar\u0131 te\u015fhis etmek ve \u00e7\u00f6zmek i\u00e7in a\u015fa\u011f\u0131daki y\u00f6nergeleri izleyin:<\/p>\n<h2>S\u0131z\u0131nt\u0131<\/h2>\n<p>A\u015f\u0131nm\u0131\u015f contalar nedeniyle s\u0131z\u0131nt\u0131 meydana gelebilir. Sorunu \u00e7\u00f6zmek i\u00e7in contalar\u0131 de\u011fi\u015ftirin.<\/p>\n<h2>Zarar<\/h2>\n<p>Yanl\u0131\u015f kullan\u0131m veya d\u0131\u015f etkenler nedeniyle hasar meydana gelebilir. Silindiri inceleyin ve hasarl\u0131 par\u00e7alar\u0131 de\u011fi\u015ftirin.<\/p>\n<h2>Giymek<\/h2>\n<p>Uzun s\u00fcreli kullan\u0131m nedeniyle a\u015f\u0131nma meydana gelebilir. D\u00fczenli bak\u0131m ve a\u015f\u0131nm\u0131\u015f par\u00e7alar\u0131n de\u011fi\u015ftirilmesi a\u015f\u0131nmay\u0131 \u00f6nleyebilir.<\/p>\n<p><img loading=\"lazy\" decoding=\"async\" src=\"https:\/\/www.hydraulic-cylinders.net\/wp-content\/uploads\/2025\/01\/songte-bushings-with-all-kinds-of-excavator-models.webp\" alt=\"Bur\u00e7lar\" width=\"400\" height=\"267\"><\/p>\n<p>Sorun Giderme ve \u00d6nleme<br \/>\nS\u0131k kar\u015f\u0131la\u015f\u0131lan sorunlar\u0131 \u00f6nlemek i\u00e7in a\u015fa\u011f\u0131daki \u00f6nlemleri al\u0131n:<\/p>\n<h2>D\u00fczenli Bak\u0131m Kontrolleri<\/h2>\n<p>A\u015f\u0131nma ve hasar\u0131 \u00f6nlemek i\u00e7in d\u00fczenli bak\u0131m kontrolleri yap\u0131lmal\u0131d\u0131r.<\/p>\n<h2>Uygun E\u011fitim<\/h2>\n<p>Makinelerin en iyi \u015fekilde \u00e7al\u0131\u015fmas\u0131n\u0131 sa\u011flamak i\u00e7in operat\u00f6rlere uygun e\u011fitim verilmelidir.<\/p>\n<h2>Uygun Ya\u011flama<\/h2>\n<p>Silindirin a\u015f\u0131nmas\u0131n\u0131 \u00f6nlemek ve \u00f6mr\u00fcn\u00fc uzatmak i\u00e7in uygun ya\u011flama yap\u0131lmal\u0131d\u0131r.<\/p>\n<h2>A\u015f\u0131nm\u0131\u015f Par\u00e7alar\u0131n De\u011fi\u015ftirilmesi<\/h2>\n<p>Silindirin verimli \u00e7al\u0131\u015fmas\u0131n\u0131 sa\u011flamak i\u00e7in a\u015f\u0131nm\u0131\u015f par\u00e7alar\u0131n de\u011fi\u015ftirilmesi.<\/p>\n<p>\u00c7\u00f6z\u00fcm<br \/>\nGeni\u015f \u00fcr\u00fcn yelpazesiyle profesyonel bir yedek hidrolik silindir \u00fcreticisiyiz ve bu da bizi d\u00fcnya \u00e7ap\u0131nda \u00f6nde gelen hidrolik silindir \u00fcreticilerinden ve toptanc\u0131lar\u0131ndan biri yapmaktad\u0131r. Kalitede m\u00fckemmellik ilkesine ba\u011fl\u0131 kalarak teknik yeteneklerimizi ve \u00fcretim verimlili\u011fimizi s\u00fcrekli olarak geli\u015ftiriyoruz. Y\u00fcksek teknoloji \u00fcr\u00fcn\u00fc dijital \u00fcretim ekipmanlar\u0131 ve profesyonel test sistemleri kullanarak \u00fcretim platformumuzu optimize ediyor ve \u00fcr\u00fcn kalite kontrol s\u00fcrecimizi iyile\u015ftiriyoruz. Amac\u0131m\u0131z, y\u00fcksek verimlilik, hassasiyet ve y\u00fcksek kalite ilkelerine dayanarak m\u00fc\u015fterilerimizin \u00e7e\u015fitli ihtiya\u00e7lar\u0131n\u0131 kar\u015f\u0131lamakt\u0131r.<\/p>\n<p><img loading=\"lazy\" decoding=\"async\" src=\"https:\/\/www.hydraulic-cylinders.net\/wp-content\/uploads\/2025\/01\/songte-company-4.webp\" alt=\"\u015eirket\" width=\"400\" height=\"267\"><\/p>\n<p>Biz, profesyonelli\u011fe, uluslararas\u0131 sertifikasyona, \u00f6zelle\u015ftirilmi\u015f hizmetlere, \u00fcretim ekipmanlar\u0131na ve sat\u0131\u015f sonras\u0131 hizmete de\u011fer veren bir \u015firketiz. <\/p>\n<p><img loading=\"lazy\" decoding=\"async\" src=\"https:\/\/www.hydraulic-cylinders.net\/wp-content\/uploads\/2025\/01\/songte-company-3.webp\" alt=\"Fabrika\" width=\"400\" height=\"267\"><\/p>\n<p>Yazar: lyl<\/p>","protected":false},"excerpt":{"rendered":"<p>Arm Cylinder for JCM Middle Excavator JCM921F Introduction Arm cylinder is a specially designed hydraulic cylinder used to provide linear motion and power to the arms of various types of machinery such as excavators, cranes, and mechanical arms. The arm cylinder plays a key role in the hydraulic system, enabling the effective movement and control [&hellip;]<\/p>","protected":false},"featured_media":14766,"comment_status":"open","ping_status":"closed","template":"","meta":{"_et_pb_use_builder":"","_et_pb_old_content":"","_et_gb_content_width":""},"product_brand":[],"product_cat":[1497],"product_tag":[1498,1496],"class_list":{"0":"post-16553","1":"product","2":"type-product","3":"status-publish","4":"has-post-thumbnail","6":"product_cat-arm-cylinders","7":"product_tag-arm-cylinders","8":"product_tag-hydraulic-cylinders","10":"first","11":"instock","12":"shipping-taxable","13":"product-type-simple"},"amp_enabled":true,"_links":{"self":[{"href":"https:\/\/www.hydraulic-cylinders.net\/tr\/wp-json\/wp\/v2\/product\/16553","targetHints":{"allow":["GET"]}}],"collection":[{"href":"https:\/\/www.hydraulic-cylinders.net\/tr\/wp-json\/wp\/v2\/product"}],"about":[{"href":"https:\/\/www.hydraulic-cylinders.net\/tr\/wp-json\/wp\/v2\/types\/product"}],"replies":[{"embeddable":true,"href":"https:\/\/www.hydraulic-cylinders.net\/tr\/wp-json\/wp\/v2\/comments?post=16553"}],"wp:featuredmedia":[{"embeddable":true,"href":"https:\/\/www.hydraulic-cylinders.net\/tr\/wp-json\/wp\/v2\/media\/14766"}],"wp:attachment":[{"href":"https:\/\/www.hydraulic-cylinders.net\/tr\/wp-json\/wp\/v2\/media?parent=16553"}],"wp:term":[{"taxonomy":"product_brand","embeddable":true,"href":"https:\/\/www.hydraulic-cylinders.net\/tr\/wp-json\/wp\/v2\/product_brand?post=16553"},{"taxonomy":"product_cat","embeddable":true,"href":"https:\/\/www.hydraulic-cylinders.net\/tr\/wp-json\/wp\/v2\/product_cat?post=16553"},{"taxonomy":"product_tag","embeddable":true,"href":"https:\/\/www.hydraulic-cylinders.net\/tr\/wp-json\/wp\/v2\/product_tag?post=16553"}],"curies":[{"name":"wp","href":"https:\/\/api.w.org\/{rel}","templated":true}]}}