{"id":16557,"date":"2025-01-21T05:33:45","date_gmt":"2025-01-21T05:33:45","guid":{"rendered":"https:\/\/www.hydraulic-cylinders.net\/product\/arm-cylinder-for-liebherr-small-excavator-r916l\/"},"modified":"2025-01-21T05:33:47","modified_gmt":"2025-01-21T05:33:47","slug":"arm-cylinder-for-liebherr-small-excavator-r916l","status":"publish","type":"product","link":"https:\/\/www.hydraulic-cylinders.net\/tr\/urun\/arm-cylinder-for-liebherr-small-excavator-r916l\/","title":{"rendered":"Liebherr R916L K\u00fc\u00e7\u00fck Ekskavat\u00f6r \u0130\u00e7in Kol Silindiri"},"content":{"rendered":"<h1>Liebherr R916L K\u00fc\u00e7\u00fck Ekskavat\u00f6r \u0130\u00e7in Kol Silindiri<\/h1>\n<h2>girii\u015f<\/h2>\n<h3>Kol Silindiri Tan\u0131m\u0131 ve A\u00e7\u0131klamas\u0131<\/h3>\n<p>Kol silindiri, ekskavat\u00f6rler, vin\u00e7ler ve robot kollar\u0131 gibi \u00e7e\u015fitli makinelerin kollar\u0131na do\u011frusal hareket ve g\u00fc\u00e7 sa\u011flayan \u00f6zel olarak tasarlanm\u0131\u015f bir hidrolik silindirdir. Kol silindiri, hidrolik sistemlerde \u00e7ok \u00f6nemli bir rol oynayarak, tak\u0131l\u0131 aletlerin veya aksesuarlar\u0131n etkili bir \u015fekilde hareket etmesini ve kontrol edilmesini sa\u011flar. Bu silindirler sadece d\u00fczg\u00fcn hareket sa\u011flamakla kalmaz, ayn\u0131 zamanda a\u011f\u0131r y\u00fckleri de ta\u015f\u0131yabilir ve \u00e7e\u015fitli \u00e7al\u0131\u015fma ko\u015fullar\u0131 alt\u0131nda makinelerin verimli \u00e7al\u0131\u015fmas\u0131n\u0131 ve g\u00fcvenilirli\u011fini sa\u011flar.<\/p>\n<p><img decoding=\"async\" src=\"https:\/\/www.hydraulic-cylinders.net\/wp-content\/uploads\/2025\/01\/songte-company-2.webp\" alt=\"Kol Silindiri G\u00f6r\u00fcnt\u00fcs\u00fc\"><\/p>\n<h3>Kol Silindirinin \u00d6zellikleri<\/h3>\n<ul>\n<li>Y\u00fcksek verimli aktar\u0131m: Kol silindirleri g\u00fc\u00e7l\u00fc do\u011frusal hareket ve kuvvet sa\u011flayarak robot kolunun \u00e7e\u015fitli i\u015flemler s\u0131ras\u0131nda verimli performans g\u00f6stermesini sa\u011flar.<\/li>\n<li>Hassas kontrol: Hidrolik sistemler sayesinde, kol silindiri hassas hareket kontrol\u00fc sa\u011flayarak, tak\u0131l\u0131 aletlerin \u00e7al\u0131\u015fmas\u0131n\u0131 daha esnek ve hassas hale getirir.<\/li>\n<li>Dayan\u0131kl\u0131l\u0131k: Kol silindirleri genellikle y\u00fcksek mukavemetli malzemelerden \u00fcretilir, bu da iyi a\u015f\u0131nma ve korozyon direncine sahip olmalar\u0131n\u0131 ve zorlu ortamlarda uzun s\u00fcreli kullan\u0131ma uygun olmalar\u0131n\u0131 sa\u011flar.<\/li>\n<li>\u00c7ok y\u00f6nl\u00fc uyarlanabilirlik: Bu silindirler, farkl\u0131 \u00e7al\u0131\u015fma gereksinimlerini kar\u015f\u0131lamak \u00fczere ekskavat\u00f6rler, vin\u00e7ler ve robot kollar\u0131 gibi \u00e7e\u015fitli mekanik ekipmanlarda yayg\u0131n olarak kullan\u0131labilir.<\/li>\n<li>Kolay bak\u0131m: Tasar\u0131m, kolay bak\u0131m ve de\u011fi\u015ftirmeyi g\u00f6z \u00f6n\u00fcnde bulundurarak d\u00fczenli muayene ve bak\u0131m\u0131 daha kolay hale getirir ve ekipman ar\u0131za s\u00fcresini azalt\u0131r.<\/li>\n<\/ul>\n<p><img decoding=\"async\" src=\"https:\/\/www.hydraulic-cylinders.net\/wp-content\/uploads\/2025\/01\/songte-oil-pipes-and-spare-parts.webp\" alt=\"Kol Silindiri Yedek Par\u00e7alar\u0131\"><\/p>\n<h3>Kol Silindirinin Uygulamalar\u0131<\/h3>\n<p>Kol silindiri, a\u015fa\u011f\u0131dakiler dahil olmak \u00fczere \u00e7e\u015fitli end\u00fcstrilerde ve uygulamalarda kullan\u0131labilir:<\/p>\n<ul>\n<li>\u0130n\u015faat: Ekskavat\u00f6rlerde ve vin\u00e7lerde, kol silindirleri kep\u00e7elerin veya bomlar\u0131n hareketini kontrol ederek toprak i\u015fleri, malzeme ta\u015f\u0131ma ve yap\u0131sal kurulum i\u015flemlerini ger\u00e7ekle\u015ftirir.<\/li>\n<li>\u00dcretim: Otomatik \u00fcretim hatlar\u0131nda, kol silindirleri robot kollar\u0131n\u0131n hareketini kontrol ederek montaj, kaynak ve malzeme ta\u015f\u0131ma i\u015flemlerini ger\u00e7ekle\u015ftirir ve b\u00f6ylece \u00fcretim verimlili\u011fini ve do\u011frulu\u011funu art\u0131r\u0131r.<\/li>\n<li>Tar\u0131m makineleri: Bi\u00e7erd\u00f6ver ve ekim makinesi gibi tar\u0131m makinelerinde, kol silindirleri, tohum ekme, g\u00fcbreleme ve hasat gibi g\u00f6revleri yerine getiren \u00e7al\u0131\u015fma kollar\u0131n\u0131n hareketini kontrol eder.<\/li>\n<li>Madencilik: Madencilik ekipmanlar\u0131nda, kol silindirleri madencilik ekipman\u0131 kollar\u0131n\u0131n hareketini kontrol ederek cevher \u00e7\u0131karma ve ta\u015f\u0131ma i\u015flemlerini ger\u00e7ekle\u015ftirir.<\/li>\n<li>Lojistik ve ta\u015f\u0131mac\u0131l\u0131k: Forkliftlerde ve ta\u015f\u0131ma robotlar\u0131nda, kol silindirleri \u00e7atallar\u0131n kald\u0131rma ve hareketini kontrol ederek malzeme ta\u015f\u0131ma ve istifleme i\u015flemlerini ger\u00e7ekle\u015ftirir.<\/li>\n<\/ul>\n<h2>Tasar\u0131m Hususlar\u0131 ve Se\u00e7im Kriterleri<\/h2>\n<h3>Temel Tasar\u0131m Hususlar\u0131<\/h3>\n<p>Kol silindirinin tasar\u0131m\u0131nda dikkate al\u0131nmas\u0131 gereken ba\u015fl\u0131ca noktalar \u015funlard\u0131r:<\/p>\n<ul>\n<li>Ta\u015f\u0131ma kapasitesi: Kol silindirinin, tak\u0131lan alet veya aksesuar\u0131n a\u011f\u0131rl\u0131\u011f\u0131na ve \u00e7al\u0131\u015fma s\u0131ras\u0131nda olu\u015fan kuvvete dayanmas\u0131 gerekir.<\/li>\n<li>S\u0131zd\u0131rmazl\u0131k: S\u0131z\u0131nt\u0131y\u0131 \u00f6nlemek ve hidrolik sistemin d\u00fczg\u00fcn \u00e7al\u0131\u015fmas\u0131n\u0131 sa\u011flamak i\u00e7in silindirin s\u0131k\u0131ca kapat\u0131lmas\u0131 gerekir.<\/li>\n<li>Dayan\u0131kl\u0131l\u0131k: Kol silindirinin zorlu ortamlarda \u00e7al\u0131\u015fabilmesi i\u00e7in y\u00fcksek mukavemetli ve a\u015f\u0131nmaya dayan\u0131kl\u0131 malzemelerden yap\u0131lmas\u0131 gerekir.<\/li>\n<li>G\u00fcvenlik: Kol silindiri, \u00e7al\u0131\u015fma s\u0131ras\u0131nda kazalar\u0131 \u00f6nlemek i\u00e7in g\u00fcvenlik \u00f6zellikleriyle tasarlanmal\u0131d\u0131r.<\/li>\n<li>Bak\u0131m Kolayl\u0131\u011f\u0131: Ar\u0131za s\u00fcresini en aza indirmek i\u00e7in kol silindirinin bak\u0131m\u0131 ve de\u011fi\u015ftirilmesi kolay olacak \u015fekilde tasarlanmas\u0131 gerekir.<\/li>\n<\/ul>\n<p><img decoding=\"async\" src=\"https:\/\/www.hydraulic-cylinders.net\/wp-content\/uploads\/2025\/01\/songte-cylinder-head-with-all-kinds-excavator-models.webp\" alt=\"Kol Silindir Par\u00e7alar\u0131\"><\/p>\n<h3>S\u0131zd\u0131rmazl\u0131k ve Ya\u011flama<\/h3>\n<p>Kol silindiri, piston s\u0131zd\u0131rmazl\u0131k halkalar\u0131, mil s\u0131zd\u0131rmazl\u0131k halkalar\u0131 vb. gibi \u00e7e\u015fitli s\u0131zd\u0131rmazl\u0131k bile\u015fenleri kullan\u0131r. Contalar, poli\u00fcretan ve nitril kau\u00e7uk gibi a\u015f\u0131nmaya dayan\u0131kl\u0131 malzemelerden yap\u0131lm\u0131\u015ft\u0131r. Silindir g\u00f6vdesi ve di\u015fli u\u00e7 y\u00fczeyi, a\u015f\u0131nma direncini art\u0131rmak i\u00e7in ince i\u015fleme tabi tutulur. Kol silindirinin ya\u011flanmas\u0131 i\u00e7in d\u00fczenli olarak uygun hidrolik ya\u011f ile doldurulmas\u0131 gerekir.<\/p>\n<h2>Bak\u0131m ve Kurulum<\/h2>\n<p>Kol silindirinin d\u00fczg\u00fcn \u00e7al\u0131\u015fmas\u0131n\u0131 sa\u011flamak ve kullan\u0131m \u00f6mr\u00fcn\u00fc uzatmak i\u00e7in d\u00fczenli kontrol ve \u00f6nleyici bak\u0131m gereklidir. Baz\u0131 bak\u0131m ve kurulum ipu\u00e7lar\u0131 \u015funlard\u0131r:<\/p>\n<ul>\n<li>Hidrolik sistemde herhangi bir s\u0131z\u0131nt\u0131 olup olmad\u0131\u011f\u0131n\u0131 kontrol edin ve varsa derhal onar\u0131n.<\/li>\n<li>S\u0131zd\u0131rmazl\u0131k elemanlar\u0131n\u0131 d\u00fczenli olarak kontrol edin ve gerekirse de\u011fi\u015ftirin.<\/li>\n<li>Temizli\u011fi korumak i\u00e7in hidrolik ya\u011f\u0131 ve filtreyi d\u00fczenli olarak de\u011fi\u015ftirin.<\/li>\n<li>Montaj s\u0131ras\u0131nda silindirin ba\u011flant\u0131 noktalar\u0131yla hizaland\u0131\u011f\u0131ndan ve d\u00fczg\u00fcn bir \u015fekilde sabitlendi\u011finden emin olun.<\/li>\n<\/ul>\n<p><img decoding=\"async\" src=\"https:\/\/www.hydraulic-cylinders.net\/wp-content\/uploads\/2025\/01\/songte-bushings-with-all-kinds-of-excavator-models.webp\" alt=\"Kol Silindiri Montaj\u0131\"><\/p>\n<h2>G\u00fcvenlik Hususlar\u0131 ve \u00c7evresel Fakt\u00f6rler<\/h2>\n<p>Kol silindirini kullan\u0131rken kazalar\u0131 \u00f6nlemek i\u00e7in g\u00fcvenlik \u00f6nlemlerine uymak \u00f6nemlidir. Yayg\u0131n g\u00fcvenlik \u00f6nlemlerinden baz\u0131lar\u0131 \u015funlard\u0131r:<\/p>\n<ul>\n<li>Operasyon s\u0131ras\u0131nda uygun koruyucu k\u0131yafet ve ekipman giyin.<\/li>\n<li>Silindiri ve ona ba\u011fl\u0131 aletleri d\u00fc\u015fmelerini veya yerlerinden oynamalar\u0131n\u0131 \u00f6nlemek i\u00e7in iyice sabitleyin.<\/li>\n<li>\u00c7al\u0131\u015ft\u0131rmadan \u00f6nce hidrolik sistemin d\u00fczg\u00fcn \u00e7al\u0131\u015ft\u0131\u011f\u0131ndan emin olun ve s\u0131z\u0131nt\u0131 olup olmad\u0131\u011f\u0131n\u0131 kontrol edin.<\/li>\n<\/ul>\n<h2>Sorun Giderme ve Yayg\u0131n Sorunlar<\/h2>\n<p>Kol silindirinde s\u0131k\u00e7a kar\u015f\u0131la\u015f\u0131lan sorunlardan baz\u0131lar\u0131 \u015funlard\u0131r:<\/p>\n<ul>\n<li>Hidrolik sistemde s\u0131z\u0131nt\u0131<\/li>\n<li>A\u015f\u0131nm\u0131\u015f veya hasar g\u00f6rm\u00fc\u015f contalar<\/li>\n<li>Yanl\u0131\u015f hizalama veya kurulum<\/li>\n<li>Silindir g\u00f6vdesinde veya piston kolunda a\u015f\u0131r\u0131 a\u015f\u0131nma veya hasar<\/li>\n<\/ul>\n<p>Bu sorunlar\u0131 gidermek ve \u00e7\u00f6zmek i\u00e7in baz\u0131 ipu\u00e7lar\u0131 ve \u00e7\u00f6z\u00fcmler \u015funlard\u0131r:<\/p>\n<ul>\n<li>Hidrolik sistemde s\u0131z\u0131nt\u0131 olup olmad\u0131\u011f\u0131n\u0131 kontrol edin ve hasarl\u0131 par\u00e7alar\u0131 onar\u0131n.<\/li>\n<li>A\u015f\u0131nm\u0131\u015f veya hasar g\u00f6rm\u00fc\u015f contalar\u0131 kontrol edin ve gerekirse de\u011fi\u015ftirin.<\/li>\n<li>Silindirin do\u011fru hizalanmas\u0131n\u0131 ve montaj\u0131n\u0131 sa\u011flay\u0131n.<\/li>\n<li>A\u015f\u0131r\u0131 a\u015f\u0131nma veya hasar\u0131 \u00f6nlemek i\u00e7in silindiri d\u00fczenli olarak kontrol edin ve bak\u0131m\u0131n\u0131 yap\u0131n.<\/li>\n<\/ul>\n<p><img decoding=\"async\" src=\"https:\/\/www.hydraulic-cylinders.net\/wp-content\/uploads\/2025\/01\/songte-chushion-collar.webp\" alt=\"Kol Silindiri Sorun Giderme\"><\/p>\n<h2>\u015eirketimiz Hakk\u0131nda<\/h2>\n<p>Profesyonel bir hidrolik silindir yedek par\u00e7a \u00fcreticisiyiz ve geni\u015f bir \u00fcr\u00fcn yelpazesi sunuyoruz. Yurti\u00e7i ve yurtd\u0131\u015f\u0131 pazarlarda \u00f6nde gelen hidrolik silindir \u00fcreticilerinden ve toptanc\u0131lar\u0131ndan biri haline geldik. Yol g\u00f6sterici prensibimiz, m\u00fckemmel kalitede \u00fcr\u00fcnler sunmak ve rafine \u00fcretim at\u00f6lyelerinin end\u00fcstriyel \u00fcretim y\u00f6netim stratejisine dayanarak teknik seviyemizi ve \u00fcretim verimlili\u011fimizi s\u00fcrekli olarak geli\u015ftirmektir. Geli\u015fmi\u015f dijital \u00fcretim ekipmanlar\u0131 ve profesyonel test sistemleri kullanarak \u00fcretim platformunu optimize ediyor ve \u00fcr\u00fcn kalite kontrol s\u00fcrecini iyile\u015ftirerek g\u00fc\u00e7l\u00fc inovasyon yeteneklerine sahip oluyoruz. Amac\u0131m\u0131z, y\u00fcksek verimlilik, hassasiyet ve y\u00fcksek kalite prensipleriyle m\u00fc\u015fterilerin \u00e7e\u015fitli ihtiya\u00e7lar\u0131n\u0131 kar\u015f\u0131lamakt\u0131r.<\/p>\n<h3>Hizmetlerimiz<\/h3>\n<ul>\n<li>Profesyonellik: Deneyimli m\u00fchendis ve teknisyenlerden olu\u015fan ekibimiz, profesyonel teknik destek ve \u00f6zelle\u015ftirilmi\u015f hizmetler sunabilmektedir.<\/li>\n<li>Uluslararas\u0131 Sertifikalar: ISO9001 uluslararas\u0131 kalite sistem sertifikas\u0131, CE sertifikas\u0131 ve di\u011fer uluslararas\u0131 sertifikalar\u0131 ald\u0131k.<\/li>\n<li>\u00d6zelle\u015ftirme: M\u00fc\u015fterilerimizin farkl\u0131 ihtiya\u00e7lar\u0131na g\u00f6re \u00f6zelle\u015ftirilmi\u015f hizmetler sunarak, y\u00fcksek kalite ve verimlilikte \u00f6zel \u00e7\u00f6z\u00fcmler sa\u011fl\u0131yoruz.<\/li>\n<li>\u00dcretim Ekipmanlar\u0131: B\u00fcy\u00fck \u00f6l\u00e7ekli \u00fcretim ve \u00f6zelle\u015ftirme gereksinimlerini kar\u015f\u0131lamak i\u00e7in CNC torna tezgahlar\u0131, freze makineleri ve di\u011fer ekipmanlar da dahil olmak \u00fczere geli\u015fmi\u015f dijital \u00fcretim ekipmanlar\u0131na sahibiz.<\/li>\n<li>Sat\u0131\u015f Sonras\u0131 Hizmet: \u00dcr\u00fcnlerimiz i\u00e7in bir y\u0131l garanti ve sat\u0131\u015f sonras\u0131 hizmet sunuyoruz. M\u00fc\u015fterilerimizin kar\u015f\u0131la\u015ft\u0131\u011f\u0131 sorunlar\u0131 \u00e7\u00f6zmelerine yard\u0131mc\u0131 olmak i\u00e7in teknik rehberlik ve destek sa\u011fl\u0131yoruz.<\/li>\n<\/ul>\n<p><img decoding=\"async\" src=\"https:\/\/www.hydraulic-cylinders.net\/wp-content\/uploads\/2025\/01\/songte-company-4.webp\" alt=\"\u015eirket Bilgileri\"><br \/>\n<img decoding=\"async\" src=\"https:\/\/www.hydraulic-cylinders.net\/wp-content\/uploads\/2025\/01\/songte-company-3.webp\" alt=\"\u015eirket Bilgileri\"><\/p>\n<p>Yazar: lyl<\/p>","protected":false},"excerpt":{"rendered":"<p>Arm Cylinder For Liebherr Small Excavator R916L Introduction Arm Cylinder Definition and Explanation An arm cylinder is a specially designed hydraulic cylinder that provides linear motion and power to the arm of various types of machinery such as excavators, cranes, and robotic arms. The arm cylinder plays a crucial role in hydraulic systems, allowing attached [&hellip;]<\/p>","protected":false},"featured_media":14783,"comment_status":"open","ping_status":"closed","template":"","meta":{"_et_pb_use_builder":"","_et_pb_old_content":"","_et_gb_content_width":""},"product_brand":[],"product_cat":[1497],"product_tag":[1498,1496],"class_list":{"0":"post-16557","1":"product","2":"type-product","3":"status-publish","4":"has-post-thumbnail","6":"product_cat-arm-cylinders","7":"product_tag-arm-cylinders","8":"product_tag-hydraulic-cylinders","10":"first","11":"instock","12":"shipping-taxable","13":"product-type-simple"},"amp_enabled":true,"_links":{"self":[{"href":"https:\/\/www.hydraulic-cylinders.net\/tr\/wp-json\/wp\/v2\/product\/16557","targetHints":{"allow":["GET"]}}],"collection":[{"href":"https:\/\/www.hydraulic-cylinders.net\/tr\/wp-json\/wp\/v2\/product"}],"about":[{"href":"https:\/\/www.hydraulic-cylinders.net\/tr\/wp-json\/wp\/v2\/types\/product"}],"replies":[{"embeddable":true,"href":"https:\/\/www.hydraulic-cylinders.net\/tr\/wp-json\/wp\/v2\/comments?post=16557"}],"wp:featuredmedia":[{"embeddable":true,"href":"https:\/\/www.hydraulic-cylinders.net\/tr\/wp-json\/wp\/v2\/media\/14783"}],"wp:attachment":[{"href":"https:\/\/www.hydraulic-cylinders.net\/tr\/wp-json\/wp\/v2\/media?parent=16557"}],"wp:term":[{"taxonomy":"product_brand","embeddable":true,"href":"https:\/\/www.hydraulic-cylinders.net\/tr\/wp-json\/wp\/v2\/product_brand?post=16557"},{"taxonomy":"product_cat","embeddable":true,"href":"https:\/\/www.hydraulic-cylinders.net\/tr\/wp-json\/wp\/v2\/product_cat?post=16557"},{"taxonomy":"product_tag","embeddable":true,"href":"https:\/\/www.hydraulic-cylinders.net\/tr\/wp-json\/wp\/v2\/product_tag?post=16557"}],"curies":[{"name":"wp","href":"https:\/\/api.w.org\/{rel}","templated":true}]}}