{"id":16559,"date":"2025-01-21T05:33:53","date_gmt":"2025-01-21T05:33:53","guid":{"rendered":"https:\/\/www.hydraulic-cylinders.net\/product\/arm-cylinder-for-liebherr-middle-excavator-r934\/"},"modified":"2025-01-21T05:33:55","modified_gmt":"2025-01-21T05:33:55","slug":"arm-cylinder-for-liebherr-middle-excavator-r934","status":"publish","type":"product","link":"https:\/\/www.hydraulic-cylinders.net\/tr\/urun\/arm-cylinder-for-liebherr-middle-excavator-r934\/","title":{"rendered":"Liebherr Orta Ekskavat\u00f6r R934 i\u00e7in Kol Silindiri"},"content":{"rendered":"<h2>Liebherr Orta Ekskavat\u00f6r R934 i\u00e7in Kol Silindiri<\/h2>\n<p>Girii\u015f:<\/p>\n<h3>Kol Silindirinin Tan\u0131m\u0131:<\/h3>\n<p>Kol silindiri, ekskavat\u00f6rler, vin\u00e7ler ve robotik kollar gibi \u00e7e\u015fitli makinelerin kollar\u0131na do\u011frusal hareket ve g\u00fc\u00e7 sa\u011flayan \u00f6zel olarak tasarlanm\u0131\u015f bir hidrolik silindirdir. Kol silindiri, hidrolik sistemlerde \u00f6nemli bir rol oynar ve ek alet veya ata\u015fmanlar\u0131n verimli bir \u015fekilde hareket ettirilmesini ve kontrol edilmesini sa\u011flar. Bu silindirler, yaln\u0131zca d\u00fczg\u00fcn hareket sa\u011flamakla kalmaz, ayn\u0131 zamanda a\u011f\u0131r y\u00fcklere de dayanarak \u00e7e\u015fitli \u00e7al\u0131\u015fma ko\u015fullar\u0131nda makinelerin y\u00fcksek verimlili\u011fini ve g\u00fcvenilirli\u011fini sa\u011flar.<\/p>\n<p><img decoding=\"async\" src=\"https:\/\/www.hydraulic-cylinders.net\/wp-content\/uploads\/2025\/01\/songte-company-2.webp\"><\/p>\n<h3>Kol Silindirinin \u00d6zellikleri:<\/h3>\n<ul>\n<li><strong>Y\u00fcksek Verimli \u015eanz\u0131man:<\/strong> Kol silindiri g\u00fc\u00e7l\u00fc do\u011frusal hareket ve kuvvet sa\u011flayarak robotik kolun \u00e7e\u015fitli operasyonlarda y\u00fcksek performans kapasitesine sahip olmas\u0131n\u0131 sa\u011flar.<\/li>\n<li><strong>Hassas Kontrol:<\/strong> Hidrolik sistem sayesinde kol silindiri hassas hareket kontrol\u00fc sa\u011flayarak, ek tak\u0131mlar\u0131n daha esnek ve hassas bir \u015fekilde \u00e7al\u0131\u015ft\u0131r\u0131lmas\u0131n\u0131 sa\u011flar.<\/li>\n<li><strong>Dayan\u0131kl\u0131l\u0131k:<\/strong> Kol silindirleri genellikle y\u00fcksek mukavemetli malzemeler kullan\u0131larak \u00fcretilir, m\u00fckemmel a\u015f\u0131nma ve korozyon direnci sunar ve bu da onlar\u0131 zorlu ortamlarda uzun s\u00fcreli kullan\u0131ma uygun hale getirir.<\/li>\n<li><strong>\u00c7ok Fonksiyonlu Uyarlanabilirlik:<\/strong> Bu silindirler ekskavat\u00f6rler, vin\u00e7ler ve robotik kollar gibi \u00e7e\u015fitli makinelerde geni\u015f uygulama alanlar\u0131na sahiptir ve farkl\u0131 \u00e7al\u0131\u015fma gereksinimlerini kar\u015f\u0131lar.<\/li>\n<li><strong>Bak\u0131m Kolayl\u0131\u011f\u0131:<\/strong> Kolay bak\u0131m ve de\u011fi\u015ftirme d\u00fc\u015f\u00fcn\u00fclerek tasarlanan kol silindirleri, ekipman\u0131n ar\u0131za s\u00fcresini azaltarak, periyodik muayene ve bak\u0131m\u0131 kolayla\u015ft\u0131r\u0131r.<\/li>\n<\/ul>\n<p><img decoding=\"async\" src=\"https:\/\/www.hydraulic-cylinders.net\/wp-content\/uploads\/2025\/01\/songte-oil-pipes-and-spare-parts.webp\"><\/p>\n<h3>Kol Silindirinin Uygulamalar\u0131:<\/h3>\n<p>1. \u0130n\u015faat M\u00fchendisli\u011fi:<\/p>\n<p>Ekskavat\u00f6rlerde ve vin\u00e7lerde kol silindiri, kova veya bomun hareketini kontrol ederek toprak hareketlerini, malzeme ta\u015f\u0131may\u0131 ve yap\u0131sal montaj\u0131 kolayla\u015ft\u0131r\u0131r.<\/p>\n<p>2. \u00dcretim Sanayi:<\/p>\n<p>Otomasyonlu \u00fcretim hatlar\u0131nda, kol silindiri robot kollar\u0131n\u0131n hareketini sa\u011flamak i\u00e7in kullan\u0131l\u0131r, montaj, kaynak ve malzeme ta\u015f\u0131ma s\u00fcre\u00e7lerini m\u00fcmk\u00fcn k\u0131lar, b\u00f6ylece \u00fcretim verimlili\u011fi ve do\u011frulu\u011fu artar.<\/p>\n<p>3. Tar\u0131m Makinalar\u0131:<\/p>\n<p>Bi\u00e7erd\u00f6ver ve ekim makinesi gibi tar\u0131m ekipmanlar\u0131nda kol silindiri, ekim, g\u00fcbreleme ve hasat gibi g\u00f6revleri ger\u00e7ekle\u015ftiren \u00e7al\u0131\u015fma kollar\u0131n\u0131n hareketini kontrol eder.<\/p>\n<p>4. Madencilik:<\/p>\n<p>Madencilik ekipmanlar\u0131nda kol silindiri, madencilik makinelerinin kol hareketini kontrol ederek cevherlerin \u00e7\u0131kar\u0131lmas\u0131n\u0131 ve ta\u015f\u0131nmas\u0131n\u0131 kolayla\u015ft\u0131r\u0131r.<\/p>\n<p>5. Lojistik ve Ta\u015f\u0131mac\u0131l\u0131k:<\/p>\n<p>Forkliftlerde ve ta\u015f\u0131ma robotlar\u0131nda, kol silindiri \u00e7atallar\u0131n kald\u0131r\u0131lmas\u0131n\u0131 ve hareketini kontrol etmek, malzeme ta\u015f\u0131ma ve istiflemeyi sa\u011flamak i\u00e7in kullan\u0131l\u0131r.<\/p>\n<h3>Tasar\u0131m Hususlar\u0131 ve Se\u00e7im Kriterleri:<\/h3>\n<p>\u00d6nemli Noktalar:<\/p>\n<ol>\n<li><strong>Ta\u015f\u0131ma Kapasitesi:<\/strong> Kol silindiri, ama\u00e7lanan uygulama i\u00e7in gerekli y\u00fcke dayanacak \u015fekilde tasarlanmal\u0131d\u0131r.<\/li>\n<li><strong>S\u0131zd\u0131rmazl\u0131k:<\/strong> Piston contalar\u0131 ve piston kolu contalar\u0131 gibi \u00e7e\u015fitli s\u0131zd\u0131rmazl\u0131k bile\u015fenleri, poli\u00fcretan ve nitril kau\u00e7uk gibi a\u015f\u0131nmaya dayan\u0131kl\u0131 malzemeler kullan\u0131larak kullan\u0131lmaktad\u0131r. Silindir g\u00f6vdesi ve di\u015fli u\u00e7 y\u00fczeyleri, a\u015f\u0131nma direncini art\u0131rmak i\u00e7in hassas bir i\u015flemden ge\u00e7irilmektedir.<\/li>\n<li><strong>Dayan\u0131kl\u0131l\u0131k:<\/strong> Kol silindiri, maruz kalaca\u011f\u0131 \u00e7al\u0131\u015fma ko\u015fullar\u0131na ve \u00e7evresel etkenlere dayan\u0131kl\u0131 olacak \u015fekilde tasarlanmal\u0131d\u0131r.<\/li>\n<li><strong>Emniyet:<\/strong> Kol silindirinin d\u00fczg\u00fcn \u00e7al\u0131\u015fmas\u0131n\u0131 sa\u011flamak ve kazalar\u0131 \u00f6nlemek i\u00e7in tasar\u0131ma g\u00fcvenlik \u00f6zellikleri dahil edilmelidir.<\/li>\n<li><strong>Bak\u0131m kolayl\u0131\u011f\u0131:<\/strong> Tasar\u0131mda bak\u0131m ve onar\u0131m kolayl\u0131\u011f\u0131, kolay inceleme imk\u00e2n\u0131 ve ar\u0131za s\u00fcresinin azalt\u0131lmas\u0131 d\u00fc\u015f\u00fcn\u00fclmelidir.<\/li>\n<\/ol>\n<p><img decoding=\"async\" src=\"https:\/\/www.hydraulic-cylinders.net\/wp-content\/uploads\/2025\/01\/songte-cylinder-head-with-all-kinds-excavator-models.webp\"><\/p>\n<h3>S\u0131zd\u0131rmazl\u0131k ve Ya\u011flama:<\/h3>\n<p>Uygun s\u0131zd\u0131rmazl\u0131k ve ya\u011flamay\u0131 sa\u011flamak i\u00e7in:<\/p>\n<ul>\n<li>S\u0131z\u0131nt\u0131y\u0131 \u00f6nlemek ve optimum performans\u0131 korumak i\u00e7in piston contalar\u0131 ve biyel contalar\u0131 gibi \u00e7e\u015fitli s\u0131zd\u0131rmazl\u0131k elemanlar\u0131 kullan\u0131l\u0131r.<\/li>\n<li>S\u0131zd\u0131rmazl\u0131k elemanlar\u0131nda a\u015f\u0131nmaya kar\u015f\u0131 m\u00fckemmel diren\u00e7leri nedeniyle poli\u00fcretan ve nitril kau\u00e7uk gibi dayan\u0131kl\u0131 malzemeler se\u00e7ilmi\u015ftir.<\/li>\n<li>Silindir g\u00f6vdesi ve di\u015fli u\u00e7 y\u00fczeyleri a\u015f\u0131nma direncini art\u0131rmak i\u00e7in hassas bir i\u015flemden ge\u00e7irilir.<\/li>\n<li>Kol silindirinin d\u00fczg\u00fcn \u00e7al\u0131\u015fmas\u0131 ve uzun \u00f6m\u00fcrl\u00fc olmas\u0131 i\u00e7in uygun hidrolik ya\u011f ile d\u00fczenli ya\u011flama yap\u0131lmas\u0131 gerekir.<\/li>\n<\/ul>\n<h3>D\u00fczenli Muayene ve \u00d6nleyici Bak\u0131m \u00d6nlemleri:<\/h3>\n<p>Kol silindiri i\u00e7in \u00f6nleyici bak\u0131m \u00f6nlemleri \u015funlar\u0131 i\u00e7erir:<\/p>\n<ul>\n<li>Silindirin, contalar\u0131n ve di\u011fer par\u00e7alar\u0131n durumunu d\u00fczenli olarak kontrol etmek.<\/li>\n<li>Herhangi bir s\u0131z\u0131nt\u0131 veya hasar belirtisi olup olmad\u0131\u011f\u0131n\u0131 kontrol edin.<\/li>\n<li>Daha fazla hasar\u0131 \u00f6nlemek i\u00e7in y\u0131pranm\u0131\u015f contalar\u0131 veya bile\u015fenleri derhal de\u011fi\u015ftirin.<\/li>\n<li>Silindirin \u00fcreticinin \u00f6nerdi\u011fi \u015fekilde temizlenmesi ve ya\u011flanmas\u0131.<\/li>\n<\/ul>\n<h3>\u00dcr\u00fcn Kurulum K\u0131lavuzu:<\/h3>\n<p>Kol silindirinin do\u011fru montaj\u0131 a\u015fa\u011f\u0131daki ad\u0131mlar\u0131 i\u00e7erir:<\/p>\n<ol>\n<li>Makine \u00fczerinde montaj yerini haz\u0131rlay\u0131n.<\/li>\n<li>T\u00fcm ba\u011flant\u0131lar\u0131n ve ba\u011flant\u0131 par\u00e7alar\u0131n\u0131n g\u00fcvenli oldu\u011fundan emin olun.<\/li>\n<li>Kol silindirini montaj noktalar\u0131yla hizalay\u0131n ve g\u00fcvenli bir \u015fekilde tak\u0131n.<\/li>\n<li>T\u00fcm c\u0131vatalar\u0131 ve ba\u011flant\u0131 par\u00e7alar\u0131n\u0131 \u00f6nerilen tork de\u011ferlerine g\u00f6re s\u0131k\u0131n.<\/li>\n<li>D\u00fczenli kullan\u0131ma sokmadan \u00f6nce kol silindirinin d\u00fczg\u00fcn \u00e7al\u0131\u015f\u0131p \u00e7al\u0131\u015fmad\u0131\u011f\u0131n\u0131 test edin.<\/li>\n<\/ol>\n<p><img decoding=\"async\" src=\"https:\/\/www.hydraulic-cylinders.net\/wp-content\/uploads\/2025\/01\/songte-bushings-with-all-kinds-of-excavator-models.webp\"><\/p>\n<h3>G\u00fcvenlik Hususlar\u0131 ve \u00c7evresel Fakt\u00f6rler:<\/h3>\n<p>Kol silindiri ile \u00e7al\u0131\u015f\u0131rken g\u00fcvenlik \u00f6nlemleri son derece \u00f6nemlidir. Kaza ve yaralanmalar\u0131 \u00f6nlemek i\u00e7in uygun g\u00fcvenlik \u00f6nlemlerine uyulmal\u0131d\u0131r. Ayr\u0131ca, kol silindirinin optimum performans\u0131 ve uzun \u00f6m\u00fcrl\u00fcl\u00fc\u011f\u00fc i\u00e7in s\u0131cakl\u0131k ve kirleticilere maruz kalma gibi \u00e7evresel fakt\u00f6rler de dikkate al\u0131nmal\u0131d\u0131r.<\/p>\n<h3>Sorun Giderme ve Yayg\u0131n Sorunlar:<\/h3>\n<p>Kol silindirinde meydana gelebilecek yayg\u0131n sorunlar \u015funlard\u0131r:<\/p>\n<ul>\n<li>Hidrolik s\u0131v\u0131s\u0131n\u0131n s\u0131zmas\u0131.<\/li>\n<li>Kol hareketinde g\u00fc\u00e7 veya verim kayb\u0131.<\/li>\n<li>\u00c7al\u0131\u015fma s\u0131ras\u0131nda a\u015f\u0131r\u0131 g\u00fcr\u00fclt\u00fc veya titre\u015fim.<\/li>\n<li>Kolun tutars\u0131z veya sars\u0131nt\u0131l\u0131 hareketi.<\/li>\n<\/ul>\n<p>Bu sorunlar\u0131 giderirken:<\/p>\n<ul>\n<li>G\u00f6r\u00fcn\u00fcrde s\u0131z\u0131nt\u0131 veya hasarl\u0131 contalar olup olmad\u0131\u011f\u0131n\u0131 kontrol edin.<\/li>\n<li>Hidrolik sistemin uygun bas\u0131n\u00e7 ve s\u0131v\u0131 seviyelerini kontrol edin.<\/li>\n<li>T\u00fcm ba\u011flant\u0131lar\u0131n ve ba\u011flant\u0131 par\u00e7alar\u0131n\u0131n g\u00fcvenli oldu\u011fundan emin olun.<\/li>\n<li>Gerekirse, daha ileri tan\u0131 ve \u00e7\u00f6z\u00fcm i\u00e7in \u00fcreticinin talimatlar\u0131na ba\u015fvurun veya profesyonel yard\u0131m al\u0131n.<\/li>\n<\/ul>\n<p><img decoding=\"async\" src=\"https:\/\/www.hydraulic-cylinders.net\/wp-content\/uploads\/2025\/01\/songte-chushion-collar.webp\"><\/p>\n<p>Makaleyi mant\u0131kl\u0131 bir \u015fekilde d\u00fczenlemeyi, kolay gezinme i\u00e7in alt ba\u015fl\u0131klar kullanmay\u0131, daha iyi anla\u015f\u0131lmas\u0131 i\u00e7in ilgili g\u00f6rseller veya grafikler eklemeyi ve i\u00e7eri\u011fin farkl\u0131 teknik bilgi seviyelerine sahip okuyucular i\u00e7in a\u00e7\u0131k, \u00f6z ve uygun olmas\u0131n\u0131 sa\u011flamay\u0131 unutmay\u0131n.<\/p>\n<p>Yazar: lyl<\/p>\n<h3>Hakk\u0131m\u0131zda<\/h3>\n<p>Geni\u015f bir \u00fcr\u00fcn yelpazesi sunan profesyonel bir yedek hidrolik silindir \u00fcreticisiyiz. Yurt i\u00e7i ve yurt d\u0131\u015f\u0131 pazarlarda lider hidrolik silindir \u00fcreticilerinden ve toptan da\u011f\u0131t\u0131mc\u0131lar\u0131ndan biri haline geldik. M\u00fckemmellik ilkesine ba\u011fl\u0131 kalarak, geli\u015fmi\u015f \u00fcretim at\u00f6lyemizdeki end\u00fcstriyel \u00fcretim y\u00f6netimi stratejimizle teknolojik seviyemizi ve \u00fcretim verimlili\u011fimizi s\u00fcrekli geli\u015ftiriyoruz. Geli\u015fmi\u015f dijital \u00fcretim ekipmanlar\u0131 ve profesyonel test sistemleri sunarak \u00fcretim platformumuzu optimize ediyor, \u00fcr\u00fcn kalite kontrol s\u00fcre\u00e7lerini geli\u015ftiriyor ve g\u00fc\u00e7l\u00fc inovasyon yeteneklerine sahibiz. Amac\u0131m\u0131z, farkl\u0131 m\u00fc\u015fteri ihtiya\u00e7lar\u0131n\u0131 verimlilik, hassasiyet ve y\u00fcksek kalite ile kar\u015f\u0131lamakt\u0131r.<\/p>\n<p><img decoding=\"async\" src=\"https:\/\/www.hydraulic-cylinders.net\/wp-content\/uploads\/2025\/01\/songte-company-4.webp\"><br \/>\n<img decoding=\"async\" src=\"https:\/\/www.hydraulic-cylinders.net\/wp-content\/uploads\/2025\/01\/songte-company-3.webp\"><\/p>","protected":false},"excerpt":{"rendered":"<p>Arm Cylinder For Liebherr Middle Excavator R934 Introduction: Definition of Arm Cylinder: The arm cylinder is a specially designed hydraulic cylinder that provides linear motion and power to the arm of various machinery, such as excavators, cranes, and robotic arms. The arm cylinder plays a crucial role in hydraulic systems, enabling the efficient movement and [&hellip;]<\/p>","protected":false},"featured_media":14777,"comment_status":"open","ping_status":"closed","template":"","meta":{"_et_pb_use_builder":"","_et_pb_old_content":"","_et_gb_content_width":""},"product_brand":[],"product_cat":[1497],"product_tag":[1498,1496],"class_list":{"0":"post-16559","1":"product","2":"type-product","3":"status-publish","4":"has-post-thumbnail","6":"product_cat-arm-cylinders","7":"product_tag-arm-cylinders","8":"product_tag-hydraulic-cylinders","10":"first","11":"instock","12":"shipping-taxable","13":"product-type-simple"},"amp_enabled":true,"_links":{"self":[{"href":"https:\/\/www.hydraulic-cylinders.net\/tr\/wp-json\/wp\/v2\/product\/16559","targetHints":{"allow":["GET"]}}],"collection":[{"href":"https:\/\/www.hydraulic-cylinders.net\/tr\/wp-json\/wp\/v2\/product"}],"about":[{"href":"https:\/\/www.hydraulic-cylinders.net\/tr\/wp-json\/wp\/v2\/types\/product"}],"replies":[{"embeddable":true,"href":"https:\/\/www.hydraulic-cylinders.net\/tr\/wp-json\/wp\/v2\/comments?post=16559"}],"wp:featuredmedia":[{"embeddable":true,"href":"https:\/\/www.hydraulic-cylinders.net\/tr\/wp-json\/wp\/v2\/media\/14777"}],"wp:attachment":[{"href":"https:\/\/www.hydraulic-cylinders.net\/tr\/wp-json\/wp\/v2\/media?parent=16559"}],"wp:term":[{"taxonomy":"product_brand","embeddable":true,"href":"https:\/\/www.hydraulic-cylinders.net\/tr\/wp-json\/wp\/v2\/product_brand?post=16559"},{"taxonomy":"product_cat","embeddable":true,"href":"https:\/\/www.hydraulic-cylinders.net\/tr\/wp-json\/wp\/v2\/product_cat?post=16559"},{"taxonomy":"product_tag","embeddable":true,"href":"https:\/\/www.hydraulic-cylinders.net\/tr\/wp-json\/wp\/v2\/product_tag?post=16559"}],"curies":[{"name":"wp","href":"https:\/\/api.w.org\/{rel}","templated":true}]}}