{"id":16562,"date":"2025-01-21T05:34:05","date_gmt":"2025-01-21T05:34:05","guid":{"rendered":"https:\/\/www.hydraulic-cylinders.net\/product\/arm-cylinder-for-liebherr-large-excavator-r944c\/"},"modified":"2025-01-21T05:34:09","modified_gmt":"2025-01-21T05:34:09","slug":"arm-cylinder-for-liebherr-large-excavator-r944c","status":"publish","type":"product","link":"https:\/\/www.hydraulic-cylinders.net\/tr\/urun\/arm-cylinder-for-liebherr-large-excavator-r944c\/","title":{"rendered":"Liebherr B\u00fcy\u00fck Ekskavat\u00f6r R944C i\u00e7in Kol Silindiri"},"content":{"rendered":"<h1>Liebherr B\u00fcy\u00fck Ekskavat\u00f6r R944C i\u00e7in Kol Silindiri<\/h1>\n<h2>girii\u015f<\/h2>\n<p>Kol silindiri, ekskavat\u00f6rler, vin\u00e7ler ve mekanik kollar gibi \u00e7e\u015fitli makinelerin kollar\u0131na do\u011frusal hareket ve g\u00fc\u00e7 sa\u011flayan \u00f6zel olarak tasarlanm\u0131\u015f bir hidrolik silindirdir. Kol silindiri, hidrolik sistemlerde ek aletlerin veya ata\u015fmanlar\u0131n verimli hareketini ve kontrol\u00fcn\u00fc sa\u011flayarak \u00e7ok \u00f6nemli bir rol oynar. Bu silindirler sadece d\u00fczg\u00fcn hareket sa\u011flamakla kalmaz, ayn\u0131 zamanda a\u011f\u0131r y\u00fckleri de ta\u015f\u0131yarak \u00e7e\u015fitli \u00e7al\u0131\u015fma ko\u015fullar\u0131nda makinelerin verimli \u00e7al\u0131\u015fmas\u0131n\u0131 ve g\u00fcvenilirli\u011fini sa\u011flar.<\/p>\n<p><img decoding=\"async\" src=\"https:\/\/www.hydraulic-cylinders.net\/wp-content\/uploads\/2025\/01\/songte-company-2.webp\" alt=\"Kol Silindiri G\u00f6r\u00fcnt\u00fcs\u00fc\"><\/p>\n<h2>\u00d6zellikler<\/h2>\n<ul>\n<li>Y\u00fcksek Verimli Aktar\u0131m: Kol silindiri, g\u00fc\u00e7l\u00fc do\u011frusal hareket ve kuvvet sa\u011flayarak \u00e7e\u015fitli i\u015flemlerde y\u00fcksek performans garanti eder.<\/li>\n<li>Hassas Kontrol: Hidrolik sistem sayesinde kol silindiri hassas hareket kontrol\u00fc sa\u011flayarak, ek tak\u0131mlar\u0131n daha esnek ve hassas bir \u015fekilde \u00e7al\u0131\u015ft\u0131r\u0131lmas\u0131n\u0131 sa\u011flar.<\/li>\n<li>Dayan\u0131kl\u0131l\u0131k: Kol silindirleri genellikle y\u00fcksek mukavemetli malzemelerden \u00fcretilir ve m\u00fckemmel a\u015f\u0131nma ve korozyon direncine sahiptir, zorlu ortamlarda uzun s\u00fcreli kullan\u0131m i\u00e7in uygundur.<\/li>\n<li>\u00c7ok Fonksiyonlu Uyarlanabilirlik: Bu silindirler, ekskavat\u00f6rler, vin\u00e7ler ve mekanik kollar gibi \u00e7e\u015fitli makinelerde yayg\u0131n olarak kullan\u0131labilir ve farkl\u0131 \u00e7al\u0131\u015fma gereksinimlerine uyum sa\u011flar.<\/li>\n<li>Kolay Bak\u0131m: Tasar\u0131mda bak\u0131m ve de\u011fi\u015ftirme kolayl\u0131\u011f\u0131 g\u00f6z \u00f6n\u00fcnde bulundurularak, d\u00fczenli denetim ve bak\u0131m daha kolay hale getirilir ve ekipman ar\u0131za s\u00fcreleri azalt\u0131l\u0131r.<\/li>\n<\/ul>\n<p><img decoding=\"async\" src=\"https:\/\/www.hydraulic-cylinders.net\/wp-content\/uploads\/2025\/01\/songte-oil-pipes-and-spare-parts.webp\" alt=\"Kol Silindir Par\u00e7alar\u0131\"><\/p>\n<h2>Uygulamalar<\/h2>\n<p>Kol silindirleri \u00e7e\u015fitli end\u00fcstrilerde ve uygulamalarda kullan\u0131lmaktad\u0131r:<\/p>\n<ol>\n<li>\u0130n\u015faat M\u00fchendisli\u011fi: Ekskavat\u00f6rlerde ve vin\u00e7lerde, kol silindirleri toprak ta\u015f\u0131ma, malzeme ta\u015f\u0131ma ve yap\u0131 montaj\u0131 i\u00e7in kep\u00e7elerin veya bomlar\u0131n hareketini kontrol eder.<\/li>\n<li>\u00dcretim: Otomatik \u00fcretim hatlar\u0131nda, montaj, kaynak ve ta\u015f\u0131ma gibi i\u015flemlerde mekanik kollar\u0131 hareket ettirmek i\u00e7in kol silindirleri kullan\u0131l\u0131r; bu da \u00fcretim verimlili\u011fini ve hassasiyetini art\u0131r\u0131r.<\/li>\n<li>Tar\u0131m Makinalar\u0131: Bi\u00e7erd\u00f6ver ve ekim makinesi gibi tar\u0131m ekipmanlar\u0131nda kol silindirleri, ekim, g\u00fcbreleme ve hasat gibi g\u00f6revler i\u00e7in \u00e7al\u0131\u015fan kollar\u0131n hareketini kontrol eder.<\/li>\n<li>Madencilik: Madencilik ekipmanlar\u0131nda, kol silindirleri madenlerin \u00e7\u0131kar\u0131lmas\u0131 ve ta\u015f\u0131nmas\u0131 i\u00e7in kol hareketini kontrol eder.<\/li>\n<li>Lojistik ve Ta\u015f\u0131mac\u0131l\u0131k: Forkliftlerde ve ta\u015f\u0131ma robotlar\u0131nda, kol silindirleri \u00e7atallar\u0131n kald\u0131r\u0131lmas\u0131n\u0131 ve hareketini kontrol ederek malzeme ta\u015f\u0131ma ve istiflemeyi m\u00fcmk\u00fcn k\u0131lar.<\/li>\n<\/ol>\n<h2>Tasar\u0131m Hususlar\u0131 ve Se\u00e7im Kriterleri<\/h2>\n<ul>\n<li>Ta\u015f\u0131ma Kapasitesi: Kol silindirinin y\u00fck ta\u015f\u0131ma kapasitesini tart\u0131\u015f\u0131n.<\/li>\n<li>S\u0131zd\u0131rmazl\u0131k: Poli\u00fcretan ve nitril kau\u00e7uk gibi a\u015f\u0131nmaya dayan\u0131kl\u0131 malzemelerden yap\u0131lm\u0131\u015f piston contalar\u0131 ve mil contalar\u0131 gibi \u00e7e\u015fitli contalar\u0131n kullan\u0131m\u0131n\u0131 inceleyin.<\/li>\n<li>Dayan\u0131kl\u0131l\u0131k: A\u015f\u0131nma direncini art\u0131rmak i\u00e7in silindir g\u00f6vdesinin ve di\u015fli ucunun ince y\u00fczey i\u015flemine dikkat edin.<\/li>\n<li>G\u00fcvenlik: Kol silindirlerinin kullan\u0131m\u0131nda g\u00fcvenlik \u00f6nlemlerinin \u00f6nemini ve ilgili standartlara uygunlu\u011funu tart\u0131\u015f\u0131n.<\/li>\n<li>Bak\u0131m Kolayl\u0131\u011f\u0131: Kol silindirlerinin bak\u0131m\u0131n\u0131n ve onar\u0131m\u0131n\u0131n ne kadar kolay oldu\u011funu ve ar\u0131za s\u00fcresinin minimum d\u00fczeyde tutulmas\u0131n\u0131 nas\u0131l sa\u011flad\u0131\u011f\u0131n\u0131 a\u00e7\u0131klay\u0131n.<\/li>\n<\/ul>\n<p><img decoding=\"async\" src=\"https:\/\/www.hydraulic-cylinders.net\/wp-content\/uploads\/2025\/01\/songte-cylinder-head-with-all-kinds-excavator-models.webp\" alt=\"Silindir Kapa\u011f\u0131\"><\/p>\n<h2>S\u0131zd\u0131rmazl\u0131k ve Ya\u011flama<\/h2>\n<p>Kol silindirlerinde, poli\u00fcretan ve nitril kau\u00e7uk gibi a\u015f\u0131nmaya dayan\u0131kl\u0131 malzemelerden yap\u0131lm\u0131\u015f piston contalar\u0131 ve mil contalar\u0131 gibi \u00e7e\u015fitli s\u0131zd\u0131rmazl\u0131k bile\u015fenleri kullan\u0131l\u0131r. Silindir g\u00f6vdesi ve di\u015fli ucu, a\u015f\u0131nma direncini art\u0131rmak i\u00e7in ince y\u00fczey i\u015flemine tabi tutulur. Sorunsuz \u00e7al\u0131\u015fma sa\u011flamak i\u00e7in uygun hidrolik ya\u011f ile d\u00fczenli ya\u011flama gereklidir.<\/p>\n<h2>D\u00fczenli Muayene ve \u00d6nleyici Bak\u0131m<\/h2>\n<ul>\n<li>Kol silindirinde herhangi bir s\u0131z\u0131nt\u0131, hasar veya a\u015f\u0131nma belirtisi olup olmad\u0131\u011f\u0131n\u0131 kontrol edin.<\/li>\n<li>Hidrolik ba\u011flant\u0131lar\u0131, ba\u011flant\u0131 elemanlar\u0131n\u0131 ve contalar\u0131 s\u0131k\u0131l\u0131k ve sa\u011flaml\u0131k a\u00e7\u0131s\u0131ndan kontrol edin.<\/li>\n<li>Optimum performans sa\u011flamak i\u00e7in hidrolik ya\u011f seviyesini ve kalitesini izleyin.<\/li>\n<li>\u00dcreticinin talimatlar\u0131na g\u00f6re \u00f6nleyici bak\u0131m g\u00f6revlerini ger\u00e7ekle\u015ftirin.<\/li>\n<\/ul>\n<h2>\u00dcr\u00fcn Kurulum K\u0131lavuzu<\/h2>\n<p>Kol silindirini do\u011fru \u015fekilde takmak i\u00e7in \u015fu ad\u0131mlar\u0131 izleyin:<\/p>\n<ol>\n<li>Gerekli ara\u00e7 ve gere\u00e7leri haz\u0131rlay\u0131n.<\/li>\n<li>Makinenin g\u00fcvenli bir \u015fekilde sabitlendi\u011finden ve elektri\u011finin kesildi\u011finden emin olun.<\/li>\n<li>Gerekirse mevcut silindiri veya bile\u015fenleri \u00e7\u0131kar\u0131n.<\/li>\n<li>Kol silindirini do\u011fru \u015fekilde konumland\u0131r\u0131n ve hidrolik ba\u011flant\u0131lar\u0131 hizalay\u0131n.<\/li>\n<li>Ba\u011flant\u0131 elemanlar\u0131n\u0131 iyice s\u0131k\u0131n ve herhangi bir s\u0131z\u0131nt\u0131 olup olmad\u0131\u011f\u0131n\u0131 kontrol edin.<\/li>\n<li>Silindirin d\u00fczg\u00fcn \u00e7al\u0131\u015ft\u0131\u011f\u0131ndan emin olmak i\u00e7in \u00e7al\u0131\u015fmas\u0131n\u0131 test edin.<\/li>\n<\/ol>\n<p><img decoding=\"async\" src=\"https:\/\/www.hydraulic-cylinders.net\/wp-content\/uploads\/2025\/01\/songte-bushings-with-all-kinds-of-excavator-models.webp\" alt=\"Kol Silindir Bur\u00e7lar\u0131\"><\/p>\n<h2>G\u00fcvenlik Hususlar\u0131 ve \u00c7evresel Fakt\u00f6rler<\/h2>\n<p>Kol silindirleri kullan\u0131l\u0131rken, kazalar\u0131 \u00f6nlemek ve operat\u00f6r\u00fcn g\u00fcvenli\u011fini sa\u011flamak i\u00e7in g\u00fcvenlik \u00f6nlemlerine uyulmas\u0131 \u00e7ok \u00f6nemlidir. G\u00fcvenli bir \u00e7al\u0131\u015fma ortam\u0131 sa\u011flamak i\u00e7in uygun e\u011fitim, bak\u0131m ve g\u00fcvenlik y\u00f6nergelerine uyulmal\u0131d\u0131r.<\/p>\n<h2>Sorun Giderme ve Yayg\u0131n Sorunlar<\/h2>\n<p>Kol silindirlerinde s\u0131k kar\u015f\u0131la\u015f\u0131lan sorunlar aras\u0131nda s\u0131z\u0131nt\u0131, yetersiz g\u00fc\u00e7 veya d\u00fczensiz hareket yer alabilir. \u0130\u015fte bu sorunlar\u0131 te\u015fhis etmek ve \u00e7\u00f6zmek i\u00e7in baz\u0131 ipu\u00e7lar\u0131:<\/p>\n<ul>\n<li>Silindirde g\u00f6zle g\u00f6r\u00fcl\u00fcr bir s\u0131z\u0131nt\u0131 olup olmad\u0131\u011f\u0131n\u0131 kontrol edin ve hasarl\u0131 contalar\u0131 de\u011fi\u015ftirin.<\/li>\n<li>Hidrolik sistemin do\u011fru bas\u0131n\u00e7 ve ak\u0131\u015fa sahip olup olmad\u0131\u011f\u0131n\u0131 kontrol edin.<\/li>\n<li>Hidrolik ya\u011f seviyesinin ve kalitesinin belirtilen \u00f6zelliklere uygun oldu\u011fundan emin olun.<\/li>\n<li>Performans\u0131 etkileyebilecek t\u0131kanm\u0131\u015f filtreleri temizleyin veya de\u011fi\u015ftirin.<\/li>\n<\/ul>\n<p>D\u00fczenli bak\u0131m ve do\u011fru kullan\u0131m gibi \u00f6nleyici tedbirler, olas\u0131 sorunlar\u0131 en aza indirmeye yard\u0131mc\u0131 olabilir.<\/p>\n<p><img decoding=\"async\" src=\"https:\/\/www.hydraulic-cylinders.net\/wp-content\/uploads\/2025\/01\/songte-chushion-collar.webp\" alt=\"Chushion Yaka G\u00f6rseli\"><\/p>\n<p>Yazar: lyl<\/p>\n<h2>Hakk\u0131m\u0131zda<\/h2>\n<p>Profesyonel bir hidrolik silindir yedek par\u00e7a \u00fcreticisiyiz ve geni\u015f bir \u00fcr\u00fcn yelpazesi sunuyoruz. Hem yurt i\u00e7i hem de yurt d\u0131\u015f\u0131 pazarlarda \u00f6nde gelen hidrolik silindir \u00fcreticilerinden ve toptanc\u0131lar\u0131ndan biri haline geldik. Geli\u015fmi\u015f \u00fcretim at\u00f6lyemizde end\u00fcstriyel \u00fcretim y\u00f6netim stratejileriyle kalite m\u00fckemmelli\u011fine olan ba\u011fl\u0131l\u0131\u011f\u0131m\u0131z\u0131 s\u00fcrd\u00fcr\u00fcyoruz. Y\u00fcksek teknoloji \u00fcr\u00fcn\u00fc dijital \u00fcretim ekipmanlar\u0131 ve profesyonel test sistemleri kullanarak \u00fcretim platformumuzu s\u00fcrekli olarak optimize ediyor, \u00fcr\u00fcn kalite kontrol s\u00fcre\u00e7lerimizi iyile\u015ftiriyor ve g\u00fc\u00e7l\u00fc yenilik\u00e7i yeteneklere sahibiz. Amac\u0131m\u0131z, verimlilik, hassasiyet ve y\u00fcksek kalite ilkeleriyle m\u00fc\u015fterilerin \u00e7e\u015fitli ihtiya\u00e7lar\u0131n\u0131 kar\u015f\u0131lamakt\u0131r.<\/p>\n<p><img decoding=\"async\" src=\"https:\/\/www.hydraulic-cylinders.net\/wp-content\/uploads\/2025\/01\/songte-company-4.webp\" alt=\"\u015eirket \u0130maj\u0131\"><br \/>\n<img decoding=\"async\" src=\"https:\/\/www.hydraulic-cylinders.net\/wp-content\/uploads\/2025\/01\/songte-company-3.webp\" alt=\"\u015eirket \u0130maj\u0131\"><\/p>","protected":false},"excerpt":{"rendered":"<p>Arm Cylinder For Liebherr Large Excavator R944C Introduction An arm cylinder is a specially designed hydraulic cylinder that provides linear motion and power to the arms of various machinery, such as excavators, cranes, and mechanical arms. The arm cylinder plays a crucial role in hydraulic systems, allowing for efficient movement and control of additional tools [&hellip;]<\/p>","protected":false},"featured_media":14770,"comment_status":"open","ping_status":"closed","template":"","meta":{"_et_pb_use_builder":"","_et_pb_old_content":"","_et_gb_content_width":""},"product_brand":[],"product_cat":[1497],"product_tag":[1498,1496],"class_list":{"0":"post-16562","1":"product","2":"type-product","3":"status-publish","4":"has-post-thumbnail","6":"product_cat-arm-cylinders","7":"product_tag-arm-cylinders","8":"product_tag-hydraulic-cylinders","10":"first","11":"instock","12":"shipping-taxable","13":"product-type-simple"},"amp_enabled":true,"_links":{"self":[{"href":"https:\/\/www.hydraulic-cylinders.net\/tr\/wp-json\/wp\/v2\/product\/16562","targetHints":{"allow":["GET"]}}],"collection":[{"href":"https:\/\/www.hydraulic-cylinders.net\/tr\/wp-json\/wp\/v2\/product"}],"about":[{"href":"https:\/\/www.hydraulic-cylinders.net\/tr\/wp-json\/wp\/v2\/types\/product"}],"replies":[{"embeddable":true,"href":"https:\/\/www.hydraulic-cylinders.net\/tr\/wp-json\/wp\/v2\/comments?post=16562"}],"wp:featuredmedia":[{"embeddable":true,"href":"https:\/\/www.hydraulic-cylinders.net\/tr\/wp-json\/wp\/v2\/media\/14770"}],"wp:attachment":[{"href":"https:\/\/www.hydraulic-cylinders.net\/tr\/wp-json\/wp\/v2\/media?parent=16562"}],"wp:term":[{"taxonomy":"product_brand","embeddable":true,"href":"https:\/\/www.hydraulic-cylinders.net\/tr\/wp-json\/wp\/v2\/product_brand?post=16562"},{"taxonomy":"product_cat","embeddable":true,"href":"https:\/\/www.hydraulic-cylinders.net\/tr\/wp-json\/wp\/v2\/product_cat?post=16562"},{"taxonomy":"product_tag","embeddable":true,"href":"https:\/\/www.hydraulic-cylinders.net\/tr\/wp-json\/wp\/v2\/product_tag?post=16562"}],"curies":[{"name":"wp","href":"https:\/\/api.w.org\/{rel}","templated":true}]}}