{"id":16564,"date":"2025-01-21T05:34:15","date_gmt":"2025-01-21T05:34:15","guid":{"rendered":"https:\/\/www.hydraulic-cylinders.net\/product\/arm-cylinder-for-liebherr-large-excavator-r964\/"},"modified":"2025-01-21T05:34:18","modified_gmt":"2025-01-21T05:34:18","slug":"arm-cylinder-for-liebherr-large-excavator-r964","status":"publish","type":"product","link":"https:\/\/www.hydraulic-cylinders.net\/tr\/urun\/arm-cylinder-for-liebherr-large-excavator-r964\/","title":{"rendered":"Liebherr B\u00fcy\u00fck Ekskavat\u00f6r R964 i\u00e7in Kol Silindiri"},"content":{"rendered":"<h2>Liebherr B\u00fcy\u00fck Ekskavat\u00f6r R964 i\u00e7in Kol Silindiri<\/h2>\n<h3>Tan\u0131m ve A\u00e7\u0131klama<\/h3>\n<p>Kol silindiri, ekskavat\u00f6rler, vin\u00e7ler ve robotik kollar gibi \u00e7e\u015fitli makine t\u00fcrlerinin kollar\u0131na do\u011frusal hareket ve g\u00fc\u00e7 sa\u011flayan \u00f6zel olarak tasarlanm\u0131\u015f bir hidrolik silindirdir. Kol silindirleri, hidrolik sistemlerde \u00f6nemli bir rol oynar ve ek alet veya ata\u015fmanlar\u0131n etkili bir \u015fekilde hareket ettirilmesini ve kontrol edilmesini sa\u011flar. Bu silindirler, yaln\u0131zca d\u00fczg\u00fcn hareket sa\u011flamakla kalmaz, ayn\u0131 zamanda a\u011f\u0131r y\u00fcklere dayanma kabiliyetine de sahiptir ve \u00e7e\u015fitli \u00e7al\u0131\u015fma ko\u015fullar\u0131nda verimli \u00e7al\u0131\u015fma ve g\u00fcvenilirlik sa\u011flar.<\/p>\n<p><img decoding=\"async\" src=\"https:\/\/www.hydraulic-cylinders.net\/wp-content\/uploads\/2025\/01\/songte-company-2.webp\" alt=\"Kol Silindiri G\u00f6r\u00fcnt\u00fcs\u00fc\"><\/p>\n<h3>\u00dcr\u00fcn \u00d6zellikleri<\/h3>\n<ul>\n<li><strong>Y\u00fcksek Verimli \u015eanz\u0131man:<\/strong> Kol silindirleri, \u00e7e\u015fitli operasyonlarda makine kollar\u0131n\u0131n y\u00fcksek verimlilikte performans g\u00f6stermesini garantileyen g\u00fc\u00e7l\u00fc do\u011frusal hareket ve kuvvet sa\u011flar.<\/li>\n<li><strong>Hassas Kontrol:<\/strong> Hidrolik sistemlerin yard\u0131m\u0131yla kol silindirleri hassas hareket kontrol\u00fc sa\u011flayabilir, b\u00f6ylece ek aletlerin \u00e7al\u0131\u015fmas\u0131 daha esnek ve hassas hale gelir.<\/li>\n<li><strong>Dayan\u0131kl\u0131l\u0131k:<\/strong> Kol silindirleri genellikle y\u00fcksek mukavemetli malzemelerden yap\u0131l\u0131r, bu da iyi a\u015f\u0131nma ve korozyon direnci sa\u011flar ve onlar\u0131 zorlu ortamlarda uzun s\u00fcreli kullan\u0131ma uygun hale getirir.<\/li>\n<li><strong>\u00c7ok Fonksiyonlu Uyarlanabilirlik:<\/strong> Bu silindirler ekskavat\u00f6rler, vin\u00e7ler ve robotik kollar gibi \u00e7e\u015fitli tipteki makine ekipmanlar\u0131nda yayg\u0131n olarak kullan\u0131labilir ve farkl\u0131 \u00e7al\u0131\u015fma gereksinimlerine uyum sa\u011flar.<\/li>\n<li><strong>Kolay Bak\u0131m:<\/strong> Bak\u0131m\u0131 ve de\u011fi\u015ftirilmesi kolay olacak \u015fekilde tasarlanan bu silindirler, d\u00fczenli kontrolleri ve bak\u0131m\u0131 daha kolay hale getirerek ekipman ar\u0131za s\u00fcresini azalt\u0131r.<\/li>\n<\/ul>\n<p><img decoding=\"async\" src=\"https:\/\/www.hydraulic-cylinders.net\/wp-content\/uploads\/2025\/01\/songte-oil-pipes-and-spare-parts.webp\" alt=\"Hidrolik Silindir Par\u00e7alar\u0131 G\u00f6rseli\"><\/p>\n<h3>Uygulamalar<\/h3>\n<p>Kol silindiri farkl\u0131 end\u00fcstrilerde geni\u015f uygulama alan\u0131na sahiptir:<\/p>\n<ul>\n<li><strong>\u0130n\u015faat M\u00fchendisli\u011fi:<\/strong> Kol silindirleri, ekskavat\u00f6rlerde ve vin\u00e7lerde toprak i\u015fleri, malzeme ta\u015f\u0131ma ve yap\u0131sal montajlarda kova veya bomlar\u0131n hareketini kontrol etmek i\u00e7in kullan\u0131l\u0131r.<\/li>\n<li><strong>\u00dcretme:<\/strong> Kol silindirleri, robot kollar\u0131n\u0131n montaj, kaynak ve elle\u00e7leme gibi otomatik \u00fcretim hatlar\u0131nda hareket ettirilmesi i\u00e7in \u00fcretim verimlili\u011fini ve hassasiyetini art\u0131rmak amac\u0131yla kullan\u0131l\u0131r.<\/li>\n<li><strong>Tar\u0131m Makinalar\u0131:<\/strong> Kol silindirleri, bi\u00e7erd\u00f6ver ve ekim makineleri gibi tar\u0131m makinelerinde ekim, g\u00fcbreleme ve hasat gibi g\u00f6revleri ger\u00e7ekle\u015ftirmek i\u00e7in \u00e7al\u0131\u015fan kollar\u0131n hareketini kontrol eder.<\/li>\n<li><strong>Madencilik:<\/strong> Kol silindirleri, madencilik ekipmanlar\u0131ndaki kollar\u0131n hareketini kontrol ederek cevher madencili\u011fini ve nakliyesini kolayla\u015ft\u0131r\u0131r.<\/li>\n<li><strong>Lojistik ve Ta\u015f\u0131mac\u0131l\u0131k:<\/strong> Kol silindirleri, forkliftlerde ve ta\u015f\u0131ma robotlar\u0131nda \u00e7atallar\u0131n hareketini kontrol etmek ve malzeme ta\u015f\u0131ma ve istiflemeyi sa\u011flamak i\u00e7in kullan\u0131l\u0131r.<\/li>\n<\/ul>\n<h3>Tasar\u0131m Hususlar\u0131 ve Se\u00e7im Standartlar\u0131<\/h3>\n<p>Bir kol silindiri se\u00e7erken \u00e7e\u015fitli fakt\u00f6rler g\u00f6z \u00f6n\u00fcnde bulundurulmal\u0131d\u0131r:<\/p>\n<ul>\n<li><strong>Ta\u015f\u0131ma Kapasitesi:<\/strong> Silindir, maruz kalaca\u011f\u0131 maksimum y\u00fcke dayanacak \u015fekilde tasarlanmal\u0131d\u0131r.<\/li>\n<li><strong>S\u0131zd\u0131rmazl\u0131k:<\/strong> Kol silindirlerinde, poli\u00fcretan ve nitril kau\u00e7uk gibi a\u015f\u0131nmaya dayan\u0131kl\u0131 malzemelerden yap\u0131lm\u0131\u015f piston contalar\u0131 ve biyel contalar\u0131 gibi \u00e7e\u015fitli tipte contalar kullan\u0131l\u0131r.<\/li>\n<li><strong>Dayan\u0131kl\u0131l\u0131k:<\/strong> Silindir, zorlu \u00e7al\u0131\u015fma ko\u015fullar\u0131na uygun, a\u015f\u0131nma ve korozyon direnci iyi, y\u00fcksek mukavemetli malzemelerden yap\u0131lmal\u0131d\u0131r.<\/li>\n<li><strong>Emniyet:<\/strong> Acil durdurma butonlar\u0131, limit anahtarlar\u0131, a\u015f\u0131r\u0131 y\u00fck korumas\u0131 gibi g\u00fcvenlik \u00f6zellikleri tasar\u0131ma dahil edilmelidir.<\/li>\n<li><strong>Bak\u0131m kolayl\u0131\u011f\u0131:<\/strong> Silindir, bak\u0131m\u0131 ve onar\u0131m\u0131 kolay olacak \u015fekilde tasarlanmal\u0131 ve par\u00e7alar\u0131 kolayca de\u011fi\u015ftirilebilmelidir.<\/li>\n<\/ul>\n<p><img decoding=\"async\" src=\"https:\/\/www.hydraulic-cylinders.net\/wp-content\/uploads\/2025\/01\/songte-cylinder-head-with-all-kinds-excavator-models.webp\" alt=\"Hidrolik Silindir Kapa\u011f\u0131 G\u00f6rseli\"><\/p>\n<h3>S\u0131zd\u0131rmazl\u0131k ve Ya\u011flama<\/h3>\n<p>Kol silindirleri, poli\u00fcretan ve nitril kau\u00e7uk gibi a\u015f\u0131nmaya dayan\u0131kl\u0131 malzemelerden yap\u0131lm\u0131\u015f piston contalar\u0131 ve piston kolu contalar\u0131 gibi \u00e7e\u015fitli conta t\u00fcrleri kullan\u0131r. Silindir g\u00f6vdesi ve di\u015fli u\u00e7 y\u00fczeyleri, a\u015f\u0131nma direncini art\u0131rmak i\u00e7in \u00f6zenle i\u015flenmi\u015ftir. D\u00fczg\u00fcn ya\u011flama sa\u011flamak i\u00e7in uygun hidrolik ya\u011f ile d\u00fczenli bak\u0131m yap\u0131lmal\u0131d\u0131r.<\/p>\n<p><img decoding=\"async\" src=\"https:\/\/www.hydraulic-cylinders.net\/wp-content\/uploads\/2025\/01\/songte-chushion-collar.webp\" alt=\"Yast\u0131k Yaka G\u00f6rseli\"><\/p>\n<h3>Bak\u0131m ve \u00d6nleyici Tedbirler<\/h3>\n<ul>\n<li><strong>D\u00fczenli Muayene:<\/strong> Silindirin d\u00fczenli olarak kontrol edilmesi, s\u0131z\u0131nt\u0131, a\u015f\u0131nma ve hasar olup olmad\u0131\u011f\u0131n\u0131n kontrol edilmesi gerekir.<\/li>\n<li><strong>\u00d6nleyici Bak\u0131m:<\/strong> Sorunlar ortaya \u00e7\u0131kmadan \u00f6nce bunlar\u0131 \u00f6nlemek i\u00e7in d\u00fczenli bak\u0131m yap\u0131lmal\u0131d\u0131r; buna kontrol, temizlik ve bile\u015fenlerin de\u011fi\u015ftirilmesi de dahildir.<\/li>\n<li><strong>Uygun Ya\u011flama:<\/strong> Uygun ya\u011flamay\u0131 sa\u011flamak i\u00e7in d\u00fczenli olarak uygun hidrolik ya\u011f eklenmelidir.<\/li>\n<\/ul>\n<h3>Kurulum K\u0131lavuzu<\/h3>\n<p>Kol silindirini takmak i\u00e7in \u015fu ad\u0131mlar\u0131 izleyin:<\/p>\n<ol>\n<li>Silindiri di\u011fer bile\u015fenlerle hizaland\u0131\u011f\u0131ndan emin olarak yerine yerle\u015ftirin.<\/li>\n<li>Hidrolik hortumlar\u0131n\u0131 silindire \u00fcreticinin talimatlar\u0131na g\u00f6re ba\u011flay\u0131n.<\/li>\n<li>Silindiri verilen c\u0131vata ve somunlarla yerine sabitleyin.<\/li>\n<li>Silindirin s\u0131z\u0131nt\u0131 olup olmad\u0131\u011f\u0131n\u0131 ve d\u00fczg\u00fcn \u00e7al\u0131\u015f\u0131p \u00e7al\u0131\u015fmad\u0131\u011f\u0131n\u0131 kontrol edin.<\/li>\n<\/ol>\n<p><img decoding=\"async\" src=\"https:\/\/www.hydraulic-cylinders.net\/wp-content\/uploads\/2025\/01\/songte-bushings-with-all-kinds-of-excavator-models.webp\" alt=\"Hidrolik Silindir Bur\u00e7lar\u0131 G\u00f6rseli\"><\/p>\n<h3>G\u00fcvenlik ve \u00c7evresel Hususlar<\/h3>\n<p>Kol silindiri kullan\u0131l\u0131rken, yaralanma veya kazalar\u0131 \u00f6nlemek i\u00e7in g\u00fcvenlik \u00f6nlemleri al\u0131nmal\u0131d\u0131r. Operat\u00f6rler, silindirin do\u011fru kullan\u0131m\u0131 ve elle\u00e7lenmesi konusunda e\u011fitilmelidir. Kullan\u0131lm\u0131\u015f veya hasarl\u0131 silindirlerin uygun \u015fekilde bertaraf\u0131 yerel y\u00f6netmeliklere uygun olarak yap\u0131lmal\u0131d\u0131r.<\/p>\n<h3>Sorun Giderme ve Yayg\u0131n Sorunlar<\/h3>\n<ul>\n<li><strong>S\u0131zan S\u0131v\u0131:<\/strong> Bu durum, a\u015f\u0131nm\u0131\u015f contalardan veya silindir g\u00f6vdesindeki hasardan kaynaklan\u0131yor olabilir. Gerekirse contalar\u0131 veya silindir g\u00f6vdesini de\u011fi\u015ftirin.<\/li>\n<li><strong>D\u00fc\u015f\u00fck Silindir Kuvveti:<\/strong> Bu durum, yetersiz hidrolik bas\u0131n\u00e7tan veya hasarl\u0131 bir pistondan kaynaklan\u0131yor olabilir. Hidrolik sistem bas\u0131nc\u0131n\u0131 kontrol edin ve gerekirse pistonu de\u011fi\u015ftirin.<\/li>\n<li><strong>Hareket Yok:<\/strong> Bu durum, hidrolik hatlardaki bir t\u0131kan\u0131kl\u0131ktan veya hasarl\u0131 bir valften kaynaklan\u0131yor olabilir. Hidrolik hatlar\u0131n\u0131 kontrol edin ve gerekirse valfi de\u011fi\u015ftirin.<\/li>\n<\/ul>\n<p>D\u00fczenli bak\u0131m ve kontroller bu sorunlar\u0131n olu\u015fmas\u0131n\u0131 \u00f6nlemeye yard\u0131mc\u0131 olabilir.<\/p>\n<h3>Hakk\u0131m\u0131zda<\/h3>\n<p>Geni\u015f \u00fcr\u00fcn yelpazesiyle profesyonel bir yedek hidrolik silindir \u00fcreticisiyiz ve hem yurt i\u00e7inde hem de yurt d\u0131\u015f\u0131nda lider hidrolik silindir \u00fcreticilerinden ve toptan da\u011f\u0131t\u0131c\u0131lar\u0131ndan biri haline geldik. Her zaman m\u00fckemmel kalite ilkesine ba\u011fl\u0131 kalarak, geli\u015fmi\u015f \u00fcretim at\u00f6lyelerimizde end\u00fcstriyel \u00fcretim y\u00f6netimi stratejilerine g\u00fcvenerek teknolojik seviyemizi ve \u00fcretim verimlili\u011fimizi s\u00fcrekli iyile\u015ftiriyoruz. \u00dcst d\u00fczey dijital \u00fcretim ekipmanlar\u0131 ve profesyonel test sistemleri sunarak \u00fcretim platformumuzu optimize ediyor, \u00fcr\u00fcn kalite kontrol s\u00fcre\u00e7lerimizi m\u00fckemmelle\u015ftiriyor ve g\u00fc\u00e7l\u00fc inovasyon yeteneklerine sahibiz. Amac\u0131m\u0131z, verimlilik, do\u011fruluk ve y\u00fcksek kalite ilkeleriyle m\u00fc\u015fterilerimizin \u00e7e\u015fitli ihtiya\u00e7lar\u0131n\u0131 kar\u015f\u0131lamakt\u0131r.<\/p>\n<p>Firmam\u0131z profesyonel ve ki\u015fiye \u00f6zel hizmet vermekte olup, uluslararas\u0131 sertifikalara sahip olup, ileri \u00fcretim ekipmanlar\u0131 ve sat\u0131\u015f sonras\u0131 hizmetlerle donat\u0131lm\u0131\u015ft\u0131r.<\/p>\n<p><img decoding=\"async\" src=\"https:\/\/www.hydraulic-cylinders.net\/wp-content\/uploads\/2025\/01\/songte-company-4.webp\" alt=\"\u015eirket \u0130maj\u0131\"><br \/>\n<img decoding=\"async\" src=\"https:\/\/www.hydraulic-cylinders.net\/wp-content\/uploads\/2025\/01\/songte-company-3.webp\" alt=\"\u015eirket \u0130maj\u0131\"><\/p>\n<p>Yazar: lyl<\/p>","protected":false},"excerpt":{"rendered":"<p>Arm Cylinder for Liebherr Large Excavator R964 Definition and Explanation An arm cylinder is a specially designed hydraulic cylinder that provides linear motion and power to the arms of various types of machinery such as excavators, cranes, and robotic arms. Arm cylinders play a crucial role in hydraulic systems, allowing for the effective movement and [&hellip;]<\/p>","protected":false},"featured_media":14763,"comment_status":"open","ping_status":"closed","template":"","meta":{"_et_pb_use_builder":"","_et_pb_old_content":"","_et_gb_content_width":""},"product_brand":[],"product_cat":[1497],"product_tag":[1498,1496],"class_list":{"0":"post-16564","1":"product","2":"type-product","3":"status-publish","4":"has-post-thumbnail","6":"product_cat-arm-cylinders","7":"product_tag-arm-cylinders","8":"product_tag-hydraulic-cylinders","10":"first","11":"instock","12":"shipping-taxable","13":"product-type-simple"},"amp_enabled":true,"_links":{"self":[{"href":"https:\/\/www.hydraulic-cylinders.net\/tr\/wp-json\/wp\/v2\/product\/16564","targetHints":{"allow":["GET"]}}],"collection":[{"href":"https:\/\/www.hydraulic-cylinders.net\/tr\/wp-json\/wp\/v2\/product"}],"about":[{"href":"https:\/\/www.hydraulic-cylinders.net\/tr\/wp-json\/wp\/v2\/types\/product"}],"replies":[{"embeddable":true,"href":"https:\/\/www.hydraulic-cylinders.net\/tr\/wp-json\/wp\/v2\/comments?post=16564"}],"wp:featuredmedia":[{"embeddable":true,"href":"https:\/\/www.hydraulic-cylinders.net\/tr\/wp-json\/wp\/v2\/media\/14763"}],"wp:attachment":[{"href":"https:\/\/www.hydraulic-cylinders.net\/tr\/wp-json\/wp\/v2\/media?parent=16564"}],"wp:term":[{"taxonomy":"product_brand","embeddable":true,"href":"https:\/\/www.hydraulic-cylinders.net\/tr\/wp-json\/wp\/v2\/product_brand?post=16564"},{"taxonomy":"product_cat","embeddable":true,"href":"https:\/\/www.hydraulic-cylinders.net\/tr\/wp-json\/wp\/v2\/product_cat?post=16564"},{"taxonomy":"product_tag","embeddable":true,"href":"https:\/\/www.hydraulic-cylinders.net\/tr\/wp-json\/wp\/v2\/product_tag?post=16564"}],"curies":[{"name":"wp","href":"https:\/\/api.w.org\/{rel}","templated":true}]}}