{"id":16566,"date":"2025-01-21T05:34:25","date_gmt":"2025-01-21T05:34:25","guid":{"rendered":"https:\/\/www.hydraulic-cylinders.net\/product\/arm-cylinder-for-liebherr-large-excavator-r974cl\/"},"modified":"2025-01-21T05:34:27","modified_gmt":"2025-01-21T05:34:27","slug":"arm-cylinder-for-liebherr-large-excavator-r974cl","status":"publish","type":"product","link":"https:\/\/www.hydraulic-cylinders.net\/tr\/urun\/arm-cylinder-for-liebherr-large-excavator-r974cl\/","title":{"rendered":"Liebherr R974CL B\u00fcy\u00fck Ekskavat\u00f6r \u0130\u00e7in Kol Silindiri"},"content":{"rendered":"<h1>Liebherr R974CL B\u00fcy\u00fck Ekskavat\u00f6r \u0130\u00e7in Kol Silindiri<\/h1>\n<h2>girii\u015f<\/h2>\n<p>Kol silindiri, ekskavat\u00f6rler, vin\u00e7ler ve mekanik kollar gibi \u00e7e\u015fitli makinelerin kollar\u0131na do\u011frusal hareket ve g\u00fc\u00e7 sa\u011flamak i\u00e7in \u00f6zel olarak tasarlanm\u0131\u015f bir hidrolik silindirdir. Kol silindiri, hidrolik sistemlerde kritik bir rol oynayarak ata\u015fmanlar\u0131n veya aksesuarlar\u0131n etkili bir \u015fekilde hareket ettirilmesini ve kontrol edilmesini sa\u011flar. Bu silindirler sadece d\u00fczg\u00fcn hareket sa\u011flamakla kalmaz, ayn\u0131 zamanda a\u011f\u0131r y\u00fckleri de ta\u015f\u0131yabilir, b\u00f6ylece \u00e7e\u015fitli \u00e7al\u0131\u015fma ko\u015fullar\u0131 alt\u0131nda makinelerin verimli \u00e7al\u0131\u015fmas\u0131n\u0131 ve g\u00fcvenilirli\u011fini sa\u011flar.<\/p>\n<p><img decoding=\"async\" src=\"https:\/\/www.hydraulic-cylinders.net\/wp-content\/uploads\/2025\/01\/songte-company-2.webp\" alt=\"Kol Silindiri G\u00f6r\u00fcnt\u00fcs\u00fc\"><\/p>\n<h2>\u00d6zellikler<\/h2>\n<ul>\n<li>\n<h3>Verimli G\u00fc\u00e7 Aktar\u0131m\u0131<\/h3>\n<p>Kol silindiri g\u00fc\u00e7l\u00fc do\u011frusal hareket ve kuvvet sa\u011flayarak, mekanik kolun \u00e7e\u015fitli i\u015flemlerde y\u00fcksek verimlilikte performans g\u00f6stermesini sa\u011flar.<\/p>\n<\/li>\n<li>\n<h3>Hassas Kontrol<\/h3>\n<p>Hidrolik sistem sayesinde kol silindiri hassas hareket kontrol\u00fc sa\u011flayabilir, bu sayede ek aletlerin \u00e7al\u0131\u015fmas\u0131 daha esnek ve hassas hale gelir.<\/p>\n<\/li>\n<li>\n<h3>Dayan\u0131kl\u0131l\u0131k<\/h3>\n<p>Kol silindirleri genellikle y\u00fcksek mukavemetli, a\u015f\u0131nma ve korozyon direnci y\u00fcksek malzemelerden \u00fcretilir ve bu da onlar\u0131 zorlu ortamlarda uzun s\u00fcreli kullan\u0131m i\u00e7in uygun hale getirir.<\/p>\n<\/li>\n<li>\n<h3>\u00c7ok \u0130\u015flevli Uyarlanabilirlik<\/h3>\n<p>Bu silindirler, ekskavat\u00f6rler, vin\u00e7ler ve i\u015f makineleri gibi \u00e7e\u015fitli mekanik ekipmanlarda yayg\u0131n olarak kullan\u0131labilir ve farkl\u0131 \u00e7al\u0131\u015fma ihtiya\u00e7lar\u0131na uyum sa\u011flayabilir.<\/p>\n<\/li>\n<li>\n<h3>Kolay Bak\u0131m<\/h3>\n<p>Tasar\u0131mda bak\u0131m ve de\u011fi\u015ftirme kolayl\u0131\u011f\u0131 g\u00f6z \u00f6n\u00fcnde bulundurularak d\u00fczenli muayene ve bak\u0131m daha rahat hale getirilir ve ekipman ar\u0131za s\u00fcreleri azalt\u0131l\u0131r.<\/p>\n<\/li>\n<\/ul>\n<p><img decoding=\"async\" src=\"https:\/\/www.hydraulic-cylinders.net\/wp-content\/uploads\/2025\/01\/songte-oil-pipes-and-spare-parts.webp\" alt=\"Par\u00e7alar Resmi\"><\/p>\n<h2>Uygulamalar<\/h2>\n<p>Kol silindiri, in\u015faat, imalat, tar\u0131m, madencilik, lojistik ve ta\u015f\u0131mac\u0131l\u0131k gibi \u00e7e\u015fitli sekt\u00f6rlerde yayg\u0131n olarak kullan\u0131lmaktad\u0131r.<\/p>\n<ul>\n<li>\n<h3>\u0130n\u015faat M\u00fchendisli\u011fi<\/h3>\n<p>Kaz\u0131c\u0131 makinelerde ve vin\u00e7lerde, kol silindirleri toprak i\u015fleri, malzeme ta\u015f\u0131ma ve yap\u0131 kurulumu i\u00e7in kep\u00e7elerin veya bomlar\u0131n hareketini kontrol etmek amac\u0131yla kullan\u0131l\u0131r.<\/p>\n<\/li>\n<li>\n<h3>\u00dcretim Sanayi<\/h3>\n<p>Otomatik \u00fcretim hatlar\u0131nda, montaj, kaynak ve ta\u015f\u0131ma i\u015flemlerinde mekanik kol hareketini sa\u011flamak i\u00e7in kol silindirleri kullan\u0131l\u0131r; bu da \u00fcretim verimlili\u011fini ve do\u011frulu\u011funu art\u0131r\u0131r.<\/p>\n<\/li>\n<li>\n<h3>Tar\u0131m Makinalar\u0131<\/h3>\n<p>Bi\u00e7erd\u00f6ver ve ekim makinesi gibi tar\u0131m makinelerinde, kol silindirleri, tohum ekme, g\u00fcbreleme ve hasat gibi g\u00f6revleri yerine getiren \u00e7al\u0131\u015fma kolunun hareketini kontrol eder.<\/p>\n<\/li>\n<li>\n<h3>Madencilik<\/h3>\n<p>Madencilik ekipmanlar\u0131nda, kol silindirleri, cevher \u00e7\u0131karma ve ta\u015f\u0131ma i\u015flemlerinde madencilik ekipman\u0131n\u0131n kol hareketini kontrol etmek i\u00e7in kullan\u0131l\u0131r.<\/p>\n<\/li>\n<li>\n<h3>Lojistik ve Ta\u015f\u0131mac\u0131l\u0131k<\/h3>\n<p>Forkliftlerde ve ta\u015f\u0131ma robotlar\u0131nda, kol silindirleri y\u00fck\u00fcn kald\u0131r\u0131lmas\u0131n\u0131 ve hareketini kontrol etmek, malzeme ta\u015f\u0131ma ve istifleme i\u015flemlerini ger\u00e7ekle\u015ftirmek i\u00e7in kullan\u0131l\u0131r.<\/p>\n<\/li>\n<\/ul>\n<h2>Tasar\u0131m Hususlar\u0131 ve Se\u00e7im Kriterleri<\/h2>\n<p>Kol silindirlerinin tasar\u0131m\u0131 ve se\u00e7imi yap\u0131l\u0131rken a\u015fa\u011f\u0131daki fakt\u00f6rler dikkate al\u0131nmal\u0131d\u0131r:<\/p>\n<ul>\n<li>\n<h3>Ta\u015f\u0131ma Kapasitesi<\/h3>\n<p>Silindir, kullan\u0131m s\u0131ras\u0131nda \u00fczerine binmesi muhtemel maksimum y\u00fcke dayanabilecek kapasitede olmal\u0131d\u0131r.<\/p>\n<\/li>\n<li>\n<h3>S\u0131zd\u0131rmazl\u0131k Performans\u0131<\/h3>\n<p>Silindir, hidrolik s\u0131v\u0131n\u0131n s\u0131zmas\u0131n\u0131 \u00f6nlemek i\u00e7in etkili contalarla donat\u0131lmal\u0131d\u0131r.<\/p>\n<\/li>\n<li>\n<h3>Dayan\u0131kl\u0131l\u0131k<\/h3>\n<p>Silindir, a\u015f\u0131nmaya ve korozyona dayan\u0131kl\u0131 malzemelerden yap\u0131lmal\u0131d\u0131r.<\/p>\n<\/li>\n<li>\n<h3>Emniyet<\/h3>\n<p>Tasar\u0131m, \u00e7al\u0131\u015fma s\u0131ras\u0131nda operat\u00f6r\u00fcn ve \u00e7evredeki ki\u015filerin g\u00fcvenli\u011fini sa\u011flamal\u0131d\u0131r.<\/p>\n<\/li>\n<li>\n<h3>Bak\u0131m kolayl\u0131\u011f\u0131<\/h3>\n<p>Tasar\u0131m, bak\u0131m, inceleme ve onar\u0131m kolayl\u0131\u011f\u0131n\u0131 g\u00f6z \u00f6n\u00fcnde bulundurarak ekipman ar\u0131za s\u00fcresini azaltmal\u0131d\u0131r.<\/p>\n<\/li>\n<\/ul>\n<p><img decoding=\"async\" src=\"https:\/\/www.hydraulic-cylinders.net\/wp-content\/uploads\/2025\/01\/songte-cylinder-head-with-all-kinds-excavator-models.webp\" alt=\"Silindir Kapa\u011f\u0131 G\u00f6r\u00fcnt\u00fcs\u00fc\"><\/p>\n<h2>S\u0131zd\u0131rmazl\u0131k ve Ya\u011flama<\/h2>\n<p>Kol silindiri, poli\u00fcretan ve nitril kau\u00e7uk gibi a\u015f\u0131nmaya dayan\u0131kl\u0131 malzemelerden yap\u0131lm\u0131\u015f piston contalar\u0131, mil contalar\u0131 ve silecekler gibi \u00e7e\u015fitli s\u0131zd\u0131rmazl\u0131k bile\u015fenleri kullan\u0131r. Silindir g\u00f6vdesi ve di\u015fli u\u00e7 y\u00fczeyi, a\u015f\u0131nma direncini art\u0131rmak i\u00e7in ince bir \u015fekilde i\u015flenmi\u015ftir. Silindirin d\u00fczg\u00fcn \u00e7al\u0131\u015fmas\u0131 ve s\u0131zd\u0131rmazl\u0131k performans\u0131n\u0131n sa\u011flanmas\u0131 i\u00e7in uygun miktarda hidrolik ya\u011f ile d\u00fczenli olarak ya\u011flanmas\u0131 gerekir.<\/p>\n<h2>Bak\u0131m ve Onar\u0131m<\/h2>\n<p>Silindirin do\u011fru \u00e7al\u0131\u015fmas\u0131 ve uzun \u00f6m\u00fcrl\u00fc olmas\u0131 i\u00e7in d\u00fczenli kontrol ve \u00f6nleyici bak\u0131m gereklidir. A\u015fa\u011f\u0131daki \u00f6nlemler al\u0131nmal\u0131d\u0131r:<\/p>\n<ul>\n<li>\n<h3>Contalar\u0131 inceleyin.<\/h3>\n<p>Silindirin s\u0131zd\u0131rmazl\u0131k elemanlar\u0131 a\u015f\u0131nma, hasar ve s\u0131z\u0131nt\u0131 a\u00e7\u0131s\u0131ndan d\u00fczenli olarak kontrol edilmelidir.<\/p>\n<\/li>\n<li>\n<h3>Montaj c\u0131vatalar\u0131n\u0131 kontrol edin.<\/h3>\n<p>Silindirin montaj c\u0131vatalar\u0131n\u0131n s\u0131k\u0131l\u0131\u011f\u0131 d\u00fczenli olarak kontrol edilmelidir.<\/p>\n<\/li>\n<li>\n<h3>Hidrolik ya\u011f\u0131 de\u011fi\u015ftirin.<\/h3>\n<p>Kirlenmeyi \u00f6nlemek ve uygun ya\u011flamay\u0131 sa\u011flamak i\u00e7in hidrolik ya\u011f d\u00fczenli olarak de\u011fi\u015ftirilmelidir.<\/p>\n<\/li>\n<li>\n<h3>Hasarl\u0131 Par\u00e7alar\u0131 Onar\u0131n veya De\u011fi\u015ftirin<\/h3>\n<p>Silindirin herhangi bir par\u00e7as\u0131 hasar g\u00f6r\u00fcrse, zaman\u0131nda onar\u0131lmal\u0131 veya de\u011fi\u015ftirilmelidir.<\/p>\n<\/li>\n<\/ul>\n<p><img decoding=\"async\" src=\"https:\/\/www.hydraulic-cylinders.net\/wp-content\/uploads\/2025\/01\/songte-chushion-collar.webp\" alt=\"Yast\u0131k Yaka G\u00f6rseli\"><\/p>\n<h2>Kurulum Talimatlar\u0131<\/h2>\n<p>Kol silindirinin montaj\u0131 s\u0131ras\u0131nda a\u015fa\u011f\u0131daki y\u00f6nergelere uyulmal\u0131d\u0131r:<\/p>\n<ul>\n<li>\n<h3>Silindiri inceleyin.<\/h3>\n<p>Montajdan \u00f6nce silindiri herhangi bir hasar veya a\u015f\u0131nma belirtisi a\u00e7\u0131s\u0131ndan kontrol edin.<\/p>\n<\/li>\n<li>\n<h3>Montaj y\u00fczeyini temizleyin.<\/h3>\n<p>Montaj y\u00fczeyini temizleyerek kal\u0131nt\u0131lardan ar\u0131nd\u0131r\u0131n.<\/p>\n<\/li>\n<li>\n<h3>Silindiri hizalay\u0131n<\/h3>\n<p>Silindiri montaj y\u00fczeyiyle hizalay\u0131n ve montaj c\u0131vatalar\u0131n\u0131 \u00f6nerilen tork de\u011ferine kadar s\u0131k\u0131n.<\/p>\n<\/li>\n<li>\n<h3>Hidrolik Hortumlar\u0131 Ba\u011flay\u0131n<\/h3>\n<p>Hidrolik hortumlar\u0131 silindire ve hidrolik sisteme ba\u011flay\u0131n.<\/p>\n<\/li>\n<li>\n<h3>Silindiri test edin<\/h3>\n<p>Silindirin do\u011fru \u00e7al\u0131\u015ft\u0131\u011f\u0131ndan ve s\u0131z\u0131nt\u0131 olmad\u0131\u011f\u0131ndan emin olmak i\u00e7in test edin.<\/p>\n<\/li>\n<\/ul>\n<h2>G\u00fcvenlik Hususlar\u0131 ve \u00c7evresel Fakt\u00f6rler<\/h2>\n<p>Kol silindirini kullan\u0131rken, operat\u00f6r\u00fcn veya \u00e7evredeki ki\u015filerin yaralanmas\u0131n\u0131 \u00f6nlemek i\u00e7in \u00f6nerilen g\u00fcvenlik prosed\u00fcrlerine uyulmas\u0131 \u00f6nemlidir. \u00c7evre \u00fczerindeki etkiyi en aza indirmek i\u00e7in hidrolik s\u0131v\u0131n\u0131n ve silindir bile\u015fenlerinin uygun \u015fekilde imha edilmesi g\u00f6z \u00f6n\u00fcnde bulundurulmal\u0131d\u0131r.<\/p>\n<h2>Sorun Giderme ve Yayg\u0131n Sorunlar<\/h2>\n<p>Kol silindirini kullan\u0131rken ortaya \u00e7\u0131kabilecek yayg\u0131n sorunlar \u015funlard\u0131r:<\/p>\n<ul>\n<li>\n<h3>S\u0131z\u0131nt\u0131<\/h3>\n<p>Silindir, contalar\u0131n veya di\u011fer bile\u015fenlerin a\u015f\u0131nmas\u0131 veya hasar g\u00f6rmesi nedeniyle s\u0131z\u0131nt\u0131 yapabilir.<\/p>\n<\/li>\n<li>\n<h3>G\u00fc\u00e7 Eksikli\u011fi<\/h3>\n<p>Hidrolik sistem sorunlar\u0131 veya silindirin hasar g\u00f6rmesi nedeniyle silindir yeterli g\u00fc\u00e7 sa\u011flayamayabilir.<\/p>\n<\/li>\n<li>\n<h3>G\u00fcr\u00fclt\u00fcl\u00fc \u00c7al\u0131\u015fma<\/h3>\n<p>Hidrolik sistemde veya i\u00e7 bile\u015fenlerde meydana gelen sorunlar nedeniyle silindir a\u015f\u0131r\u0131 g\u00fcr\u00fclt\u00fc \u00e7\u0131karabilir.<\/p>\n<\/li>\n<\/ul>\n<p>Bu sorunlar\u0131 gidermek i\u00e7in a\u015fa\u011f\u0131daki \u00f6nlemler al\u0131nabilir:<\/p>\n<ul>\n<li>\n<h3>Contalar\u0131 de\u011fi\u015ftirin<\/h3>\n<p>Silindirde s\u0131z\u0131nt\u0131 varsa, contalar de\u011fi\u015ftirilmelidir.<\/p>\n<\/li>\n<li>\n<h3>Hidrolik Sistemi Kontrol Edin<\/h3>\n<p>Silindirde g\u00fc\u00e7 eksikli\u011fi varsa, hidrolik sistemde sorun olup olmad\u0131\u011f\u0131 kontrol edilmelidir.<\/p>\n<\/li>\n<li>\n<h3>Hasarl\u0131 Par\u00e7alar\u0131 De\u011fi\u015ftirin<\/h3>\n<p>Silindir a\u015f\u0131r\u0131 g\u00fcr\u00fclt\u00fc \u00e7\u0131kar\u0131yorsa, hasar g\u00f6rm\u00fc\u015f i\u00e7 par\u00e7alar de\u011fi\u015ftirilmelidir.<\/p>\n<\/li>\n<\/ul>\n<p><img decoding=\"async\" src=\"https:\/\/www.hydraulic-cylinders.net\/wp-content\/uploads\/2025\/01\/songte-bushings-with-all-kinds-of-excavator-models.webp\" alt=\"Bur\u00e7lar G\u00f6r\u00fcnt\u00fcs\u00fc\"><\/p>\n<h2>Hakk\u0131m\u0131zda<\/h2>\n<p>Geni\u015f \u00fcr\u00fcn yelpazesiyle profesyonel bir yedek hidrolik silindir \u00fcreticisiyiz ve hem yurt i\u00e7i hem de uluslararas\u0131 pazarlarda \u00f6nde gelen hidrolik silindir \u00fcreticilerinden ve toptanc\u0131lar\u0131ndan biri haline geldik. M\u00fckemmel kalite ilkesini her zaman benimseyerek, ince i\u015f\u00e7ilik at\u00f6lyelerinin end\u00fcstriyel \u00fcretim y\u00f6netim stratejisine dayanarak teknik seviyemizi ve \u00fcretim verimlili\u011fimizi s\u00fcrekli olarak geli\u015ftiriyoruz. Y\u00fcksek teknoloji \u00fcr\u00fcn\u00fc dijital \u00fcretim ekipmanlar\u0131 ve profesyonel test sistemleri kullanarak \u00fcretim platformunu optimize etmeye, \u00fcr\u00fcn kalite kontrol s\u00fcrecini iyile\u015ftirmeye ve g\u00fc\u00e7l\u00fc inovasyon yeteneklerine sahip olmaya devam ediyoruz. Amac\u0131m\u0131z, y\u00fcksek verimlilik, do\u011fruluk ve y\u00fcksek kalite ilkeleriyle m\u00fc\u015fterilerin \u00e7e\u015fitli ihtiya\u00e7lar\u0131n\u0131 kar\u015f\u0131lamakt\u0131r.<\/p>\n<p><img decoding=\"async\" src=\"https:\/\/www.hydraulic-cylinders.net\/wp-content\/uploads\/2025\/01\/songte-company-4.webp\" alt=\"\u015eirket \u0130maj\u0131\"><br \/>\n<img decoding=\"async\" src=\"https:\/\/www.hydraulic-cylinders.net\/wp-content\/uploads\/2025\/01\/songte-company-3.webp\" alt=\"\u015eirket \u0130maj\u0131\"><\/p>\n<p>Firmam\u0131z, bu silindirlerin yerine m\u00fckemmel \u015fekilde ge\u00e7ebilecek hidrolik silindirler \u00fcreterek \u00f6zelle\u015ftirilmi\u015f hizmetler sunma konusunda uzmanla\u015fm\u0131\u015ft\u0131r. ISO9001, CE ve TUV gibi uluslararas\u0131 sertifikalara sahibiz ve \u00fcr\u00fcnlerimiz d\u00fcnya \u00e7ap\u0131nda 50'den fazla \u00fclke ve b\u00f6lgeye ihra\u00e7 edilmektedir. Profesyonel ve verimli sat\u0131\u015f \u00f6ncesi, sat\u0131\u015f ve sat\u0131\u015f sonras\u0131 hizmetler sunuyoruz ve m\u00fckemmel kalitemiz ve kusursuz hizmetimizle m\u00fc\u015fterilerimizin g\u00fcvenini ve deste\u011fini kazand\u0131k.<\/p>\n<p>Yazar: lyl.<\/p>","protected":false},"excerpt":{"rendered":"<p>Arm Cylinder For Liebherr Large Excavator R974CL Introduction The arm cylinder is a specially designed hydraulic cylinder that is primarily used to provide linear motion and power to the arm of various types of machinery such as excavators, cranes, and mechanical arms. The arm cylinder plays a critical role in hydraulic systems, allowing attachments or [&hellip;]<\/p>","protected":false},"featured_media":14786,"comment_status":"open","ping_status":"closed","template":"","meta":{"_et_pb_use_builder":"","_et_pb_old_content":"","_et_gb_content_width":""},"product_brand":[],"product_cat":[1497],"product_tag":[1498,1496],"class_list":{"0":"post-16566","1":"product","2":"type-product","3":"status-publish","4":"has-post-thumbnail","6":"product_cat-arm-cylinders","7":"product_tag-arm-cylinders","8":"product_tag-hydraulic-cylinders","10":"first","11":"instock","12":"shipping-taxable","13":"product-type-simple"},"amp_enabled":true,"_links":{"self":[{"href":"https:\/\/www.hydraulic-cylinders.net\/tr\/wp-json\/wp\/v2\/product\/16566","targetHints":{"allow":["GET"]}}],"collection":[{"href":"https:\/\/www.hydraulic-cylinders.net\/tr\/wp-json\/wp\/v2\/product"}],"about":[{"href":"https:\/\/www.hydraulic-cylinders.net\/tr\/wp-json\/wp\/v2\/types\/product"}],"replies":[{"embeddable":true,"href":"https:\/\/www.hydraulic-cylinders.net\/tr\/wp-json\/wp\/v2\/comments?post=16566"}],"wp:featuredmedia":[{"embeddable":true,"href":"https:\/\/www.hydraulic-cylinders.net\/tr\/wp-json\/wp\/v2\/media\/14786"}],"wp:attachment":[{"href":"https:\/\/www.hydraulic-cylinders.net\/tr\/wp-json\/wp\/v2\/media?parent=16566"}],"wp:term":[{"taxonomy":"product_brand","embeddable":true,"href":"https:\/\/www.hydraulic-cylinders.net\/tr\/wp-json\/wp\/v2\/product_brand?post=16566"},{"taxonomy":"product_cat","embeddable":true,"href":"https:\/\/www.hydraulic-cylinders.net\/tr\/wp-json\/wp\/v2\/product_cat?post=16566"},{"taxonomy":"product_tag","embeddable":true,"href":"https:\/\/www.hydraulic-cylinders.net\/tr\/wp-json\/wp\/v2\/product_tag?post=16566"}],"curies":[{"name":"wp","href":"https:\/\/api.w.org\/{rel}","templated":true}]}}