{"id":16570,"date":"2025-01-21T05:34:40","date_gmt":"2025-01-21T05:34:40","guid":{"rendered":"https:\/\/www.hydraulic-cylinders.net\/product\/arm-cylinder-for-liebherr-large-excavator-r970s\/"},"modified":"2025-01-21T05:34:42","modified_gmt":"2025-01-21T05:34:42","slug":"arm-cylinder-for-liebherr-large-excavator-r970s","status":"publish","type":"product","link":"https:\/\/www.hydraulic-cylinders.net\/tr\/urun\/arm-cylinder-for-liebherr-large-excavator-r970s\/","title":{"rendered":"Liebherr R970S B\u00fcy\u00fck Ekskavat\u00f6r \u0130\u00e7in Kol Silindiri"},"content":{"rendered":"<h2>Liebherr R970S B\u00fcy\u00fck Ekskavat\u00f6r \u0130\u00e7in Kol Silindiri<\/h2>\n<h3>girii\u015f<\/h3>\n<p>Kol silindiri, ekskavat\u00f6rler, vin\u00e7ler ve mekanik kollar gibi \u00e7e\u015fitli makinelerin koluna do\u011frusal hareket ve g\u00fc\u00e7 sa\u011flamak i\u00e7in \u00f6zel olarak tasarlanm\u0131\u015f bir hidrolik silindirdir. Kol silindiri, hidrolik sistemde kritik bir rol oynayarak ek aletlerin veya ata\u015fmanlar\u0131n etkili bir \u015fekilde hareket etmesini ve kontrol edilmesini sa\u011flar. Bu silindirler sadece d\u00fczg\u00fcn hareket sa\u011flamakla kalmaz, ayn\u0131 zamanda a\u011f\u0131r y\u00fckleri de ta\u015f\u0131yarak \u00e7e\u015fitli \u00e7al\u0131\u015fma ko\u015fullar\u0131 alt\u0131nda makinelerin verimli \u00e7al\u0131\u015fmas\u0131n\u0131 ve g\u00fcvenilirli\u011fini garanti eder.<\/p>\n<figure>\n  <img decoding=\"async\" src=\"https:\/\/www.hydraulic-cylinders.net\/wp-content\/uploads\/2025\/01\/songte-company-2.webp\" alt=\"Kol Silindiri\"><figcaption>Kol Silindiri<\/figcaption><\/figure>\n<h3>\u00d6zellikler<\/h3>\n<ul>\n<li><strong>Verimli G\u00fc\u00e7 Aktar\u0131m\u0131:<\/strong> Kol silindiri, g\u00fc\u00e7l\u00fc do\u011frusal hareket ve kuvvet sa\u011flayarak mekanik kolun \u00e7e\u015fitli i\u015flemlerde y\u00fcksek performans g\u00f6stermesini garanti eder.<\/li>\n<li><strong>Hassas Kontrol:<\/strong> Hidrolik sistem sayesinde kol silindiri hassas hareket kontrol\u00fc sa\u011flayabilir, bu sayede ek aletlerin \u00e7al\u0131\u015fmas\u0131 daha esnek ve hassas hale gelir.<\/li>\n<li><strong>G\u00fc\u00e7l\u00fc Dayan\u0131kl\u0131l\u0131k:<\/strong> Kol silindirleri genellikle y\u00fcksek mukavemetli malzemelerden \u00fcretilir ve iyi a\u015f\u0131nma ve korozyon direncine sahiptir, bu da onlar\u0131 zorlu ortamlarda uzun s\u00fcreli kullan\u0131m i\u00e7in uygun hale getirir.<\/li>\n<li><strong>\u00c7ok Fonksiyonlu Uyarlanabilirlik:<\/strong> Bu silindirler, farkl\u0131 \u00e7al\u0131\u015fma gereksinimlerine uyum sa\u011flamak amac\u0131yla ekskavat\u00f6rler, vin\u00e7ler ve i\u015f kollar\u0131 gibi \u00e7e\u015fitli mekanik ekipmanlarda yayg\u0131n olarak kullan\u0131labilir.<\/li>\n<li><strong>Kolay Bak\u0131m:<\/strong> Kolay bak\u0131m ve de\u011fi\u015ftirme i\u00e7in tasarlanm\u0131\u015ft\u0131r, bu da d\u00fczenli inceleme ve bak\u0131m\u0131 daha kolay hale getirerek ekipman ar\u0131za s\u00fcresini azalt\u0131r.<\/li>\n<\/ul>\n<figure>\n  <img decoding=\"async\" src=\"https:\/\/www.hydraulic-cylinders.net\/wp-content\/uploads\/2025\/01\/songte-oil-pipes-and-spare-parts.webp\" alt=\"Petrol Borular\u0131 ve Yedek Par\u00e7alar\u0131\"><figcaption>Petrol Borular\u0131 ve Yedek Par\u00e7alar\u0131<\/figcaption><\/figure>\n<h3>Uygulamalar<\/h3>\n<p>Kol silindiri \u00e7e\u015fitli sekt\u00f6rlerde kullan\u0131labilir, \u00f6rne\u011fin:<\/p>\n<ul>\n<li><strong>\u0130n\u015faat M\u00fchendisli\u011fi:<\/strong> Kaz\u0131c\u0131 makinelerde ve vin\u00e7lerde, kol silindiri, toprak ta\u015f\u0131ma, malzeme ta\u015f\u0131ma ve yap\u0131sal kurulum i\u00e7in kep\u00e7e veya bomun hareketini kontrol etmek amac\u0131yla kullan\u0131l\u0131r.<\/li>\n<li><strong>\u00dcretme:<\/strong> Otomatik \u00fcretim hatlar\u0131nda, kol silindiri mekanik kollar\u0131n hareket ettirilmesi, montaj, kaynak ve ta\u015f\u0131ma i\u015flemlerinde kullan\u0131l\u0131r ve \u00fcretim verimlili\u011fini ve do\u011frulu\u011funu art\u0131r\u0131r.<\/li>\n<li><strong>Tar\u0131m Makinalar\u0131:<\/strong> Bi\u00e7erd\u00f6ver ve tohum ekme makineleri gibi tar\u0131m makinelerinde, kol silindiri, ekim, g\u00fcbreleme ve hasat gibi g\u00f6revleri yerine getiren \u00e7al\u0131\u015fma kolunun hareketini kontrol eder.<\/li>\n<li><strong>Madencilik:<\/strong> Madencilik ekipmanlar\u0131nda, kol silindiri, cevher \u00e7\u0131karma ve ta\u015f\u0131ma i\u015flemlerinde ekipman\u0131n kol hareketini kontrol etmek i\u00e7in kullan\u0131l\u0131r.<\/li>\n<li><strong>Lojistik ve Ta\u015f\u0131mac\u0131l\u0131k:<\/strong> Forkliftlerde ve ta\u015f\u0131ma robotlar\u0131nda, kol silindiri, y\u00fck\u00fcn kald\u0131r\u0131lmas\u0131n\u0131 ve hareketini kontrol etmek, malzeme ta\u015f\u0131ma ve istifleme i\u015flemlerini ger\u00e7ekle\u015ftirmek i\u00e7in kullan\u0131l\u0131r.<\/li>\n<\/ul>\n<h3>Tasar\u0131m Hususlar\u0131 ve Se\u00e7im Kriterleri<\/h3>\n<p>Kol silindirinin ta\u015f\u0131ma kapasitesi, s\u0131zd\u0131rmazl\u0131\u011f\u0131, dayan\u0131kl\u0131l\u0131\u011f\u0131, g\u00fcvenli\u011fi ve bak\u0131m kolayl\u0131\u011f\u0131 a\u00e7\u0131s\u0131ndan belirli gereksinimleri kar\u015f\u0131lamas\u0131 gerekir. Ba\u015fl\u0131ca tasar\u0131m hususlar\u0131 \u015funlard\u0131r:<\/p>\n<ul>\n<li><strong>Ta\u015f\u0131ma Kapasitesi:<\/strong> Makinenin g\u00fcvenli ve g\u00fcvenilir \u00e7al\u0131\u015fmas\u0131n\u0131 sa\u011flamak i\u00e7in kol silindiri, \u00e7al\u0131\u015fma s\u0131ras\u0131nda kar\u015f\u0131la\u015faca\u011f\u0131 maksimum y\u00fcke dayanabilecek kapasitede olmal\u0131d\u0131r.<\/li>\n<li><strong>S\u0131zd\u0131rmazl\u0131k:<\/strong> Ya\u011f s\u0131z\u0131nt\u0131s\u0131n\u0131 \u00f6nlemek ve silindirin g\u00fcvenilir \u00e7al\u0131\u015fmas\u0131n\u0131 sa\u011flamak i\u00e7in piston contalar\u0131 ve mil contalar\u0131 gibi \u00e7e\u015fitli s\u0131zd\u0131rmazl\u0131k bile\u015fenleri kullan\u0131lmal\u0131d\u0131r.<\/li>\n<li><strong>Dayan\u0131kl\u0131l\u0131k:<\/strong> Silindir g\u00f6vdesi genellikle y\u00fcksek mukavemetli malzemelerden yap\u0131l\u0131r ve y\u00fczeyi a\u015f\u0131nma ve korozyon direncini art\u0131rmak i\u00e7in i\u015flenir, bu da zorlu ortamlarda kullan\u0131ma uygun hale getirir.<\/li>\n<li><strong>Emniyet:<\/strong> Makine \u00e7al\u0131\u015fmas\u0131n\u0131n g\u00fcvenli\u011fini sa\u011flamak i\u00e7in emniyet valfleri, limit anahtarlar\u0131 ve fren valfleri gibi emniyet cihazlar\u0131 kullan\u0131lmal\u0131d\u0131r.<\/li>\n<li><strong>Bak\u0131m kolayl\u0131\u011f\u0131:<\/strong> Silindir, makinenin g\u00fcvenilir \u00e7al\u0131\u015fmas\u0131n\u0131 sa\u011flamak ve bak\u0131m maliyetlerini d\u00fc\u015f\u00fcrmek i\u00e7in kolay bak\u0131m ve par\u00e7a de\u011fi\u015fimine uygun \u015fekilde tasarlanmal\u0131d\u0131r.<\/li>\n<\/ul>\n<figure>\n  <img decoding=\"async\" src=\"https:\/\/www.hydraulic-cylinders.net\/wp-content\/uploads\/2025\/01\/songte-cylinder-head-with-all-kinds-excavator-models.webp\" alt=\"Ekskavat\u00f6r Modellerine Uygun Silindir Kafas\u0131\"><figcaption>Ekskavat\u00f6r Modellerine Uygun Silindir Kafas\u0131<\/figcaption><\/figure>\n<h3>S\u0131zd\u0131rmazl\u0131k ve Ya\u011flama<\/h3>\n<p>Kol silindiri, poli\u00fcretan ve nitril kau\u00e7uk gibi a\u015f\u0131nmaya dayan\u0131kl\u0131 malzemelerden yap\u0131lm\u0131\u015f piston contalar\u0131 ve mil contalar\u0131 gibi \u00e7e\u015fitli s\u0131zd\u0131rmazl\u0131k bile\u015fenleri kullan\u0131r. Silindir g\u00f6vdesi ve di\u015fli u\u00e7 y\u00fczeyi, a\u015f\u0131nma direncini art\u0131rmak i\u00e7in ince bir \u015fekilde i\u015flenmi\u015ftir. Silindirin g\u00fcvenilir \u00e7al\u0131\u015fmas\u0131n\u0131 sa\u011flamak ve a\u015f\u0131nmay\u0131 \u00f6nlemek i\u00e7in uygun bir hidrolik ya\u011f ile periyodik olarak ya\u011flanmas\u0131 gerekir.<\/p>\n<h3>D\u00fczenli Muayene ve \u00d6nleyici Bak\u0131m<\/h3>\n<p>Kol silindirinin g\u00fcvenilir \u00e7al\u0131\u015fmas\u0131n\u0131 sa\u011flamak i\u00e7in d\u00fczenli kontrol ve \u00f6nleyici bak\u0131m gereklidir. A\u015fa\u011f\u0131daki \u00f6nlemler al\u0131nmal\u0131d\u0131r:<\/p>\n<ul>\n<li>S\u0131zd\u0131rmazl\u0131k elemanlar\u0131n\u0131 d\u00fczenli olarak a\u015f\u0131nma ve hasar a\u00e7\u0131s\u0131ndan kontrol edin ve zaman\u0131nda de\u011fi\u015ftirin.<\/li>\n<li>Silindir g\u00f6vdesinin ve di\u015fli ucunun y\u00fczeyini d\u00fczenli olarak temizleyin ve a\u015f\u0131nmay\u0131 \u00f6nlemek i\u00e7in ya\u011flay\u0131c\u0131 ya\u011f uygulay\u0131n.<\/li>\n<li>Emniyet cihazlar\u0131n\u0131 (\u00f6rne\u011fin tahliye vanalar\u0131 ve limit \u015falterleri) d\u00fczenli olarak kontrol edin ve d\u00fczg\u00fcn \u00e7al\u0131\u015ft\u0131klar\u0131ndan emin olun.<\/li>\n<li>Montaj c\u0131vatalar\u0131n\u0131 d\u00fczenli olarak kontrol edin ve belirtilen tork de\u011ferine kadar s\u0131k\u0131ld\u0131\u011f\u0131ndan emin olun.<\/li>\n<\/ul>\n<figure>\n  <img decoding=\"async\" src=\"https:\/\/www.hydraulic-cylinders.net\/wp-content\/uploads\/2025\/01\/songte-chushion-collar.webp\" alt=\"Chushion Yaka\"><figcaption>Chushion Yaka<\/figcaption><\/figure>\n<h3>Kurulum K\u0131lavuzu<\/h3>\n<p>Kol silindirinin do\u011fru \u015fekilde tak\u0131lmas\u0131 i\u00e7in a\u015fa\u011f\u0131daki ad\u0131mlar izlenmelidir:<\/p>\n<ul>\n<li>Silindirin montaj y\u00fczeyini temizleyin ve \u00e7apak, kir ve di\u011fer kal\u0131nt\u0131lardan ar\u0131nd\u0131r\u0131n.<\/li>\n<li>Silindirin di\u015fli ucuna uygun bir s\u0131zd\u0131rmazl\u0131k malzemesi uygulay\u0131n ve montaj deli\u011fine vidalay\u0131n.<\/li>\n<li>Montaj c\u0131vatalar\u0131n\u0131 belirtilen tork de\u011ferine kadar s\u0131kmak i\u00e7in tork anahtar\u0131 kullan\u0131n.<\/li>\n<li>Hidrolik hortumlar\u0131 silindire ba\u011flay\u0131n ve d\u00fczg\u00fcn bir \u015fekilde s\u0131zd\u0131rmaz hale getirildiklerinden emin olun.<\/li>\n<li>Silindirin d\u00fczg\u00fcn \u00e7al\u0131\u015ft\u0131\u011f\u0131ndan emin olmak ve s\u0131z\u0131nt\u0131 olup olmad\u0131\u011f\u0131n\u0131 kontrol etmek i\u00e7in bir test \u00e7al\u0131\u015fmas\u0131 ger\u00e7ekle\u015ftirin.<\/li>\n<\/ul>\n<h3>G\u00fcvenlik Hususlar\u0131 ve \u00c7evresel Fakt\u00f6rler<\/h3>\n<p>Kol silindirini kullan\u0131rken, kaza riskini \u00f6nlemek i\u00e7in g\u00fcvenlik y\u00f6nergelerine uymak ve emniyet valfleri ve limit anahtarlar\u0131 gibi uygun g\u00fcvenlik cihazlar\u0131n\u0131 kullanmak \u00f6nemlidir. Silindirin g\u00fcvenilir \u00e7al\u0131\u015fmas\u0131n\u0131 sa\u011flamak ve hasar\u0131 \u00f6nlemek i\u00e7in s\u0131cakl\u0131k, nem ve a\u015f\u0131nd\u0131r\u0131c\u0131 maddeler gibi \u00e7evresel fakt\u00f6rler de dikkate al\u0131nmal\u0131d\u0131r.<\/p>\n<h3>Sorun Giderme ve Yayg\u0131n Sorunlar<\/h3>\n<p>A\u015fa\u011f\u0131da s\u0131k kar\u015f\u0131la\u015f\u0131lan sorunlar ve sorun giderme ipu\u00e7lar\u0131 yer almaktad\u0131r:<\/p>\n<ul>\n<li><strong>S\u0131z\u0131nt\u0131:<\/strong> S\u0131zd\u0131rmazl\u0131k elemanlar\u0131nda a\u015f\u0131nma ve hasar olup olmad\u0131\u011f\u0131n\u0131 kontrol edin ve zaman\u0131nda de\u011fi\u015ftirin.<\/li>\n<li><strong>Silindir G\u00f6vdesi A\u015f\u0131nmas\u0131:<\/strong> Silindir g\u00f6vdesini a\u015f\u0131nma ve hasar a\u00e7\u0131s\u0131ndan kontrol edin ve gerekirse de\u011fi\u015ftirin.<\/li>\n<li><strong>Silindir \u00c7ubu\u011fu B\u00fckme:<\/strong> Silindir milinde b\u00fck\u00fclme veya hasar olup olmad\u0131\u011f\u0131n\u0131 kontrol edin ve gerekirse de\u011fi\u015ftirin.<\/li>\n<li><strong>Anormal Ses:<\/strong> Silindirin gev\u015fek montaj c\u0131vatalar\u0131, hasarl\u0131 s\u0131zd\u0131rmazl\u0131k bile\u015fenleri veya di\u011fer anormallikler a\u00e7\u0131s\u0131ndan kontrol edin ve gerekti\u011fi gibi bak\u0131m yap\u0131n.<\/li>\n<li><strong>Yetersiz G\u00fc\u00e7:<\/strong> Hidrolik sistemde s\u0131z\u0131nt\u0131 veya di\u011fer ar\u0131zalar\u0131 kontrol edin ve gerekirse onar\u0131n.<\/li>\n<\/ul>\n<p>D\u00fczenli denetim ve bak\u0131m gibi \u00f6nleyici tedbirler, sorunlar\u0131n ortaya \u00e7\u0131kma olas\u0131l\u0131\u011f\u0131n\u0131 azaltabilir.<\/p>\n<figure>\n  <img decoding=\"async\" src=\"https:\/\/www.hydraulic-cylinders.net\/wp-content\/uploads\/2025\/01\/songte-bushings-with-all-kinds-of-excavator-models.webp\" alt=\"Ekskavat\u00f6r Modellerinde Bur\u00e7lar\"><figcaption>Ekskavat\u00f6r Modellerinde Bur\u00e7lar<\/figcaption><\/figure>\n<h3>Hakk\u0131m\u0131zda<\/h3>\n<p>Geni\u015f \u00fcr\u00fcn yelpazesine sahip profesyonel bir hidrolik silindir yedek par\u00e7a \u00fcreticisiyiz. Yurti\u00e7i ve yurtd\u0131\u015f\u0131 pazarlarda \u00f6nde gelen hidrolik silindir \u00fcreticilerinden ve toptanc\u0131lar\u0131ndan biri haline geldik. Her zaman m\u00fckemmel kalite ilkesine ba\u011fl\u0131 kal\u0131yoruz ve ince i\u015f\u00e7ilik gerektiren \u00fcretim at\u00f6lyelerinde end\u00fcstriyel \u00fcretim y\u00f6netim stratejilerine dayanarak teknik seviyemizi ve \u00fcretim verimlili\u011fimizi s\u00fcrekli olarak geli\u015ftiriyoruz. Y\u00fcksek teknoloji \u00fcr\u00fcn\u00fc dijital \u00fcretim ekipmanlar\u0131 ve profesyonel test sistemleri kullanarak \u00fcretim platformumuzu s\u00fcrekli olarak optimize ediyor, \u00fcr\u00fcn kalite kontrol s\u00fcrecini iyile\u015ftiriyor ve g\u00fc\u00e7l\u00fc inovasyon yeteneklerine sahibiz. Amac\u0131m\u0131z, m\u00fc\u015fterilerimizin \u00e7e\u015fitli ihtiya\u00e7lar\u0131n\u0131 y\u00fcksek verimlilik, hassasiyet ve y\u00fcksek kalite standartlar\u0131yla kar\u015f\u0131lamakt\u0131r.<\/p>\n<h3>Profesyonellik, Uluslararas\u0131 Sertifikasyon, \u00d6zelle\u015ftirme Hizmetleri, \u00dcretim Ekipmanlar\u0131 ve Sat\u0131\u015f Sonras\u0131 Hizmetler<\/h3>\n<ul>\n<li><strong>Profesyonellik:<\/strong> \u00dcr\u00fcnlerimizin kalitesini ve g\u00fcvenilirli\u011fini sa\u011flamak i\u00e7in profesyonel bir ekibimiz ve eksiksiz bir kalite y\u00f6netim sistemimiz bulunmaktad\u0131r.<\/li>\n<li><strong>Uluslararas\u0131 Sertifikasyon:<\/strong> \u00dcr\u00fcnlerimiz, uluslararas\u0131 kalite standartlar\u0131n\u0131 kar\u015f\u0131lad\u0131klar\u0131n\u0131 garanti eden \u00e7e\u015fitli uluslararas\u0131 sertifikalardan ge\u00e7mi\u015ftir.<\/li>\n<li><strong>\u00d6zelle\u015ftirme Hizmetleri:<\/strong> M\u00fc\u015fterilerimizin \u00f6zel ihtiya\u00e7lar\u0131n\u0131 kar\u015f\u0131lamak i\u00e7in \u00f6zelle\u015ftirilmi\u015f hizmetler sunuyoruz.<\/li>\n<li><strong>\u00dcretim Ekipmanlar\u0131:<\/strong> \u00dcr\u00fcnlerimizin kalitesini sa\u011flamak i\u00e7in geli\u015fmi\u015f dijital \u00fcretim ekipmanlar\u0131na ve profesyonel test sistemlerine sahibiz.<\/li>\n<li><strong>Sat\u0131\u015f Sonras\u0131 Hizmet:<\/strong> \u00dcr\u00fcnlerimizin performans\u0131n\u0131 ve g\u00fcvenilirli\u011fini sa\u011flamak i\u00e7in kapsaml\u0131 sat\u0131\u015f sonras\u0131 servis ve teknik destek sunuyoruz.<\/li>\n<\/ul>\n<figure>\n  <img decoding=\"async\" src=\"https:\/\/www.hydraulic-cylinders.net\/wp-content\/uploads\/2025\/01\/songte-company-4.webp\" alt=\"\u015eirket Genel Bak\u0131\u015f\u0131\"><figcaption>\u015eirket Genel Bak\u0131\u015f\u0131<\/figcaption><\/figure>\n<figure>\n  <img decoding=\"async\" src=\"https:\/\/www.hydraulic-cylinders.net\/wp-content\/uploads\/2025\/01\/songte-company-3.webp\" alt=\"\u00dcretim At\u00f6lyesi\"><figcaption>\u00dcretim At\u00f6lyesi<\/figcaption><\/figure>\n<p>Yazar: lyl.<\/p>","protected":false},"excerpt":{"rendered":"<p>Arm Cylinder For Liebherr Large Excavator R970S Introduction The arm cylinder is a specially designed hydraulic cylinder used to provide linear motion and power to the arm of various types of machinery, such as excavators, cranes, and mechanical arms. The arm cylinder plays a critical role in the hydraulic system, allowing additional tools or attachments [&hellip;]<\/p>","protected":false},"featured_media":14774,"comment_status":"open","ping_status":"closed","template":"","meta":{"_et_pb_use_builder":"","_et_pb_old_content":"","_et_gb_content_width":""},"product_brand":[],"product_cat":[1497],"product_tag":[1498,1496],"class_list":{"0":"post-16570","1":"product","2":"type-product","3":"status-publish","4":"has-post-thumbnail","6":"product_cat-arm-cylinders","7":"product_tag-arm-cylinders","8":"product_tag-hydraulic-cylinders","10":"first","11":"instock","12":"shipping-taxable","13":"product-type-simple"},"amp_enabled":true,"_links":{"self":[{"href":"https:\/\/www.hydraulic-cylinders.net\/tr\/wp-json\/wp\/v2\/product\/16570","targetHints":{"allow":["GET"]}}],"collection":[{"href":"https:\/\/www.hydraulic-cylinders.net\/tr\/wp-json\/wp\/v2\/product"}],"about":[{"href":"https:\/\/www.hydraulic-cylinders.net\/tr\/wp-json\/wp\/v2\/types\/product"}],"replies":[{"embeddable":true,"href":"https:\/\/www.hydraulic-cylinders.net\/tr\/wp-json\/wp\/v2\/comments?post=16570"}],"wp:featuredmedia":[{"embeddable":true,"href":"https:\/\/www.hydraulic-cylinders.net\/tr\/wp-json\/wp\/v2\/media\/14774"}],"wp:attachment":[{"href":"https:\/\/www.hydraulic-cylinders.net\/tr\/wp-json\/wp\/v2\/media?parent=16570"}],"wp:term":[{"taxonomy":"product_brand","embeddable":true,"href":"https:\/\/www.hydraulic-cylinders.net\/tr\/wp-json\/wp\/v2\/product_brand?post=16570"},{"taxonomy":"product_cat","embeddable":true,"href":"https:\/\/www.hydraulic-cylinders.net\/tr\/wp-json\/wp\/v2\/product_cat?post=16570"},{"taxonomy":"product_tag","embeddable":true,"href":"https:\/\/www.hydraulic-cylinders.net\/tr\/wp-json\/wp\/v2\/product_tag?post=16570"}],"curies":[{"name":"wp","href":"https:\/\/api.w.org\/{rel}","templated":true}]}}