{"id":16590,"date":"2025-01-21T05:36:17","date_gmt":"2025-01-21T05:36:17","guid":{"rendered":"https:\/\/www.hydraulic-cylinders.net\/product\/arm-cylinder-for-jonyang-small-excavator-jy623e\/"},"modified":"2025-01-21T05:36:19","modified_gmt":"2025-01-21T05:36:19","slug":"arm-cylinder-for-jonyang-small-excavator-jy623e","status":"publish","type":"product","link":"https:\/\/www.hydraulic-cylinders.net\/tr\/urun\/arm-cylinder-for-jonyang-small-excavator-jy623e\/","title":{"rendered":"Jonyang JY623E K\u00fc\u00e7\u00fck Ekskavat\u00f6r \u0130\u00e7in Kol Silindiri"},"content":{"rendered":"<h1>Jonyang JY623E K\u00fc\u00e7\u00fck Ekskavat\u00f6r \u0130\u00e7in Kol Silindiri<\/h1>\n<h2>girii\u015f<\/h2>\n<p>Hidrolik silindir olarak da bilinen kol silindiri, ekskavat\u00f6rler, vin\u00e7ler ve mekanik kollar gibi \u00e7e\u015fitli makinelerin kollar\u0131na do\u011frusal hareket ve g\u00fc\u00e7 sa\u011flayan \u00f6zel olarak tasarlanm\u0131\u015f bir silindirdir. Kol silindiri, hidrolik sistemde kritik bir rol oynayarak yard\u0131mc\u0131 aletlerin veya ata\u015fmanlar\u0131n verimli bir \u015fekilde hareket etmesini ve kontrol edilmesini sa\u011flar. Bu silindirler sadece d\u00fczg\u00fcn hareket sa\u011flamakla kalmaz, ayn\u0131 zamanda a\u011f\u0131r y\u00fckleri de ta\u015f\u0131yarak \u00e7e\u015fitli \u00e7al\u0131\u015fma ko\u015fullar\u0131nda makinelerin verimli \u00e7al\u0131\u015fmas\u0131n\u0131 ve g\u00fcvenilirli\u011fini sa\u011flar.<\/p>\n<p><img decoding=\"async\" src=\"https:\/\/www.hydraulic-cylinders.net\/wp-content\/uploads\/2025\/01\/songte-company-2.webp\" alt=\"Kol Silindiri G\u00f6r\u00fcnt\u00fcs\u00fc\"><\/p>\n<h2>\u00d6zellikler<\/h2>\n<h3>1. Y\u00fcksek performansl\u0131 \u015fanz\u0131man<\/h3>\n<p>Kol silindiri, g\u00fc\u00e7l\u00fc do\u011frusal hareket ve kuvvet sa\u011flayarak mekanik kolun \u00e7e\u015fitli i\u015flemlerde y\u00fcksek verimlilikte performans g\u00f6stermesini garanti eder.<\/p>\n<h3>2. Hassas kontrol<\/h3>\n<p>Hidrolik sistem sayesinde, kol silindiri hassas hareket kontrol\u00fc sa\u011flayarak ek aletlerin kullan\u0131m\u0131n\u0131 daha esnek ve do\u011fru hale getirir.<\/p>\n<h3>3. Y\u00fcksek dayan\u0131kl\u0131l\u0131k<\/h3>\n<p>Kol silindirleri genellikle y\u00fcksek mukavemetli malzemelerden \u00fcretilir ve iyi a\u015f\u0131nma ve korozyon direncine sahiptir, bu da onlar\u0131 zorlu ortamlarda uzun s\u00fcreli kullan\u0131m i\u00e7in uygun hale getirir.<\/p>\n<h3>4. \u00c7ok fonksiyonlu uyarlanabilirlik<\/h3>\n<p>Bu silindirler, ekskavat\u00f6rler, vin\u00e7ler ve i\u015f kollar\u0131 gibi \u00e7e\u015fitli mekanik ekipmanlarda farkl\u0131 \u00e7al\u0131\u015fma gereksinimlerini kar\u015f\u0131lamak \u00fczere yayg\u0131n olarak kullan\u0131labilir.<\/p>\n<h3>5. Kolay bak\u0131m<\/h3>\n<p>Tasar\u0131mda bak\u0131m ve de\u011fi\u015ftirme kolayl\u0131\u011f\u0131 g\u00f6z \u00f6n\u00fcnde bulundurularak d\u00fczenli denetim ve bak\u0131m daha rahat hale getirilir ve ekipman ar\u0131za s\u00fcreleri azalt\u0131l\u0131r.<\/p>\n<p><img decoding=\"async\" src=\"https:\/\/www.hydraulic-cylinders.net\/wp-content\/uploads\/2025\/01\/songte-oil-pipes-and-spare-parts.webp\" alt=\"Petrol Borular\u0131 ve Yedek Par\u00e7a G\u00f6rseli\"><\/p>\n<h2>Uygulamalar<\/h2>\n<ul>\n<li>\u0130n\u015faat projeleri: Ekskavat\u00f6rlerde ve vin\u00e7lerde, toprak i\u015fleri, malzeme ta\u015f\u0131ma ve yap\u0131 kurulumu i\u00e7in kep\u00e7e veya bomun hareketini kontrol etmek amac\u0131yla kol silindirleri kullan\u0131l\u0131r.<\/li>\n<li>\u0130malat sanayi: Otomatik \u00fcretim hatlar\u0131nda, montaj, kaynak ve ta\u015f\u0131ma gibi i\u015flemlerde mekanik kollar\u0131 hareket ettirmek ve \u00fcretim verimlili\u011fini ve do\u011frulu\u011funu art\u0131rmak i\u00e7in kol silindirleri kullan\u0131l\u0131r.<\/li>\n<li>Tar\u0131m makineleri: Bi\u00e7erd\u00f6ver ve tohum ekme makinesi gibi tar\u0131m makinelerinde, kol silindirleri, ekim, g\u00fcbreleme ve hasat gibi g\u00f6revleri yerine getirmek i\u00e7in \u00e7al\u0131\u015fma kolunun hareketini kontrol eder.<\/li>\n<li>Madencilik: Madencilik ekipmanlar\u0131nda, cevher \u00e7\u0131karma ve ta\u015f\u0131ma i\u015flemlerinde ekipman\u0131n kolunun hareketini kontrol etmek i\u00e7in kol silindirleri kullan\u0131l\u0131r.<\/li>\n<li>Lojistik ve ta\u015f\u0131mac\u0131l\u0131k: Forkliftlerde ve ta\u015f\u0131ma robotlar\u0131nda, malzemelerin ta\u015f\u0131nmas\u0131 ve istiflenmesi i\u00e7in \u00e7atal\u0131n kald\u0131r\u0131lmas\u0131n\u0131 ve hareketini kontrol etmek amac\u0131yla kol silindirleri kullan\u0131l\u0131r.<\/li>\n<\/ul>\n<h2>Tasar\u0131m Hususlar\u0131 ve Se\u00e7im Standartlar\u0131<\/h2>\n<h3>1. Ta\u015f\u0131ma kapasitesi<\/h3>\n<p>Kol silindirinin, y\u00fck\u00fcn a\u011f\u0131rl\u0131\u011f\u0131na ve \u00e7al\u0131\u015fma s\u0131ras\u0131ndaki darbelere dayanabilecek yeterli ta\u015f\u0131ma kapasitesine sahip olmas\u0131 gerekir.<\/p>\n<h3>2. Conta performans\u0131<\/h3>\n<p>Piston contalar\u0131 ve mil contalar\u0131 gibi \u00e7e\u015fitli contalar, s\u0131v\u0131 s\u0131z\u0131nt\u0131s\u0131n\u0131 ve kirlenmeyi \u00f6nlemek i\u00e7in kullan\u0131l\u0131r. Contalar, a\u015f\u0131nmaya dayan\u0131kl\u0131l\u0131k i\u00e7in poli\u00fcretan ve nitril kau\u00e7uk gibi malzemelerden \u00fcretilir.<\/p>\n<h3>3. Dayan\u0131kl\u0131l\u0131k<\/h3>\n<p>Silindir g\u00f6vdesi ve di\u015fli u\u00e7 y\u00fczeyi, a\u015f\u0131nma direncini art\u0131rmak i\u00e7in hassas bir \u015fekilde i\u015flenmi\u015ftir. Kol silindiri genellikle dayan\u0131kl\u0131l\u0131k ve g\u00fcvenilirlik sa\u011flamak i\u00e7in y\u00fcksek mukavemetli malzemelerden yap\u0131l\u0131r.<\/p>\n<h3>4. G\u00fcvenlik<\/h3>\n<p>Kazalar\u0131 ve ekipman hasar\u0131n\u0131 \u00f6nlemek i\u00e7in limit anahtarlar\u0131 ve bas\u0131n\u00e7 tahliye vanalar\u0131 gibi g\u00fcvenlik \u00f6nlemleri kullan\u0131l\u0131r.<\/p>\n<h3>5. S\u00fcrd\u00fcr\u00fclebilirlik<\/h3>\n<p>Kol silindiri, bak\u0131m ve par\u00e7a de\u011fi\u015fimini kolayla\u015ft\u0131racak \u015fekilde tasarlanm\u0131\u015ft\u0131r, bu da bak\u0131m s\u00fcresini ve maliyetini azalt\u0131r.<\/p>\n<p><img decoding=\"async\" src=\"https:\/\/www.hydraulic-cylinders.net\/wp-content\/uploads\/2025\/01\/songte-cylinder-head-with-all-kinds-excavator-models.webp\" alt=\"Silindir Kapa\u011f\u0131 G\u00f6r\u00fcnt\u00fcs\u00fc\"><\/p>\n<h2>S\u0131zd\u0131rmazl\u0131k ve Ya\u011flama<\/h2>\n<p>Kol silindiri, s\u0131v\u0131 s\u0131z\u0131nt\u0131s\u0131n\u0131 ve kirlenmeyi \u00f6nlemek i\u00e7in piston contalar\u0131 ve mil contalar\u0131 gibi \u00e7e\u015fitli contalar kullan\u0131r. Contalar, poli\u00fcretan ve nitril kau\u00e7uk gibi a\u015f\u0131nmaya dayan\u0131kl\u0131 malzemelerden yap\u0131lm\u0131\u015ft\u0131r. Silindir g\u00f6vdesi ve di\u015fli u\u00e7 y\u00fczeyi hassas bir \u015fekilde i\u015flenerek a\u015f\u0131nma direnci art\u0131r\u0131lm\u0131\u015ft\u0131r. Kol silindirinin sorunsuz \u00e7al\u0131\u015fmas\u0131 i\u00e7in d\u00fczenli olarak hidrolik ya\u011f ile ya\u011flanmas\u0131 gerekir.<\/p>\n<h2>Bak\u0131m ve \u00d6nleyici Tedbirler<\/h2>\n<ul>\n<li>S\u0131z\u0131nt\u0131y\u0131 ve kirlenmeyi \u00f6nlemek i\u00e7in contalar\u0131n durumunu d\u00fczenli olarak kontrol edin ve gerekirse de\u011fi\u015ftirin.<\/li>\n<li>Silindir g\u00f6vdesini ve di\u015fli u\u00e7 y\u00fczeyini a\u015f\u0131nma ve hasar a\u00e7\u0131s\u0131ndan kontrol edin ve dayan\u0131kl\u0131l\u0131\u011f\u0131 sa\u011flamak i\u00e7in gerekti\u011fi gibi onar\u0131n veya de\u011fi\u015ftirin.<\/li>\n<li>G\u00fcvenli\u011fi sa\u011flamak i\u00e7in limit anahtarlar\u0131n\u0131 ve bas\u0131n\u00e7 tahliye vanalar\u0131n\u0131 d\u00fczenli olarak kontrol edin.<\/li>\n<li>Ya\u011flama i\u00e7in d\u00fczenli olarak uygun miktarda hidrolik ya\u011f ekleyin.<\/li>\n<\/ul>\n<p><img decoding=\"async\" src=\"https:\/\/www.hydraulic-cylinders.net\/wp-content\/uploads\/2025\/01\/songte-chushion-collar.webp\" alt=\"Chushion Yaka G\u00f6rseli\"><\/p>\n<h2>Kurulum K\u0131lavuzu<\/h2>\n<p>Montajdan \u00f6nce, kol silindiri ile makine aras\u0131ndaki uyumlulu\u011fu kontrol edin. \u00dcretici taraf\u0131ndan sa\u011flanan kurulum talimatlar\u0131n\u0131 izleyin ve kol silindirinin do\u011fru ve g\u00fcvenli bir \u015fekilde tak\u0131ld\u0131\u011f\u0131ndan emin olun. Kurulum s\u0131ras\u0131nda uygun alet ve ekipman kullan\u0131n ve koruyucu ekipman giyin.<\/p>\n<h2>G\u00fcvenlik Hususlar\u0131 ve \u00c7evresel Fakt\u00f6rler<\/h2>\n<p>\u00c7al\u0131\u015fma s\u0131ras\u0131nda koruyucu ekipman giymek ve a\u015f\u0131r\u0131 y\u00fcklemeden ka\u00e7\u0131nmak gibi g\u00fcvenlik \u00f6nlemlerine dikkat edin. \u00c7evre kirlili\u011fini \u00f6nlemek i\u00e7in kullan\u0131lm\u0131\u015f hidrolik ya\u011f\u0131 ve a\u015f\u0131nm\u0131\u015f par\u00e7alar\u0131 \u00e7evre y\u00f6netmeliklerine uygun \u015fekilde imha edin.<\/p>\n<h2>Yayg\u0131n Ar\u0131za Te\u015fhisi ve Sorun Giderme<\/h2>\n<p>Kol silindirinin s\u0131k g\u00f6r\u00fclen ar\u0131zalar\u0131 aras\u0131nda s\u0131v\u0131 s\u0131z\u0131nt\u0131s\u0131, yava\u015f hareket ve anormal ses bulunur. Bu t\u00fcr sorunlar ortaya \u00e7\u0131karsa, contalar\u0131, hidrolik ya\u011f seviyesini ve silindir g\u00f6vdesini hasar a\u00e7\u0131s\u0131ndan kontrol edin ve gerekirse onar\u0131n veya de\u011fi\u015ftirin.<\/p>\n<h2>Hakk\u0131m\u0131zda<\/h2>\n<p>Geni\u015f \u00fcr\u00fcn yelpazesine sahip profesyonel bir yedek hidrolik silindir \u00fcreticisiyiz. Yurti\u00e7i ve yurtd\u0131\u015f\u0131 pazarlarda \u00f6nde gelen hidrolik silindir \u00fcreticilerinden ve toptanc\u0131lar\u0131ndan biriyiz. Kalitede m\u00fckemmellik ilkesine her zaman ba\u011fl\u0131 kal\u0131yoruz ve teknolojimizi ve \u00fcretim verimlili\u011fimizi s\u00fcrekli olarak geli\u015ftirmek i\u00e7in rafine \u00fcretim at\u00f6lyelerinin end\u00fcstriyel \u00fcretim y\u00f6netim stratejisine g\u00fcveniyoruz. Y\u00fcksek teknoloji \u00fcr\u00fcn\u00fc dijital \u00fcretim ekipmanlar\u0131 ve profesyonel test sistemleri kullanarak, \u00fcretim platformumuzu s\u00fcrekli olarak optimize ediyor ve \u00fcr\u00fcn kalite kontrol s\u00fcrecimizi geli\u015ftirerek g\u00fc\u00e7l\u00fc inovasyon yeteneklerine sahip oluyoruz. Amac\u0131m\u0131z, verimlilik, do\u011fruluk ve y\u00fcksek kalite ilkeleriyle m\u00fc\u015fterilerimizin \u00e7e\u015fitlendirilmi\u015f ihtiya\u00e7lar\u0131n\u0131 kar\u015f\u0131lamakt\u0131r.<\/p>\n<p><img decoding=\"async\" src=\"https:\/\/www.hydraulic-cylinders.net\/wp-content\/uploads\/2025\/01\/songte-company-4.webp\" alt=\"\u015eirket \u0130maj\u0131\"><br \/>\n<img decoding=\"async\" src=\"https:\/\/www.hydraulic-cylinders.net\/wp-content\/uploads\/2025\/01\/songte-company-3.webp\" alt=\"\u015eirket \u0130maj\u0131\"><\/p>\n<p>Firmam\u0131z profesyonel ve \u00f6zelle\u015ftirilmi\u015f hizmetler sunmakta olup ISO9001 sertifikas\u0131na sahiptir. Geli\u015fmi\u015f \u00fcretim ekipmanlar\u0131m\u0131z ve m\u00fckemmel sat\u0131\u015f sonras\u0131 hizmetimiz bulunmaktad\u0131r. \u00c7e\u015fitli makineler i\u00e7in uygun geni\u015f bir yelpazede hidrolik silindirler sunuyoruz. M\u00fc\u015fterilerimizin farkl\u0131 ihtiya\u00e7lar\u0131n\u0131 kar\u015f\u0131lamak i\u00e7in eksiksiz bir \u00fcr\u00fcn yelpazesi ve profesyonel \u00f6zelle\u015ftirilmi\u015f hizmetler sunuyoruz. Amac\u0131m\u0131z, d\u00fcnya standartlar\u0131nda bir hidrolik silindir \u00fcreticisi olmakt\u0131r.<\/p>\n<p>Yazar: lyl<\/p>","protected":false},"excerpt":{"rendered":"<p>Arm Cylinder For Jonyang Small Excavator JY623E Introduction An arm cylinder, also known as a hydraulic cylinder, is a specially designed cylinder that provides linear motion and power to the arms of various machines, such as excavators, cranes, and mechanical arms. The arm cylinder plays a critical role in the hydraulic system, allowing auxiliary tools [&hellip;]<\/p>","protected":false},"featured_media":14774,"comment_status":"open","ping_status":"closed","template":"","meta":{"_et_pb_use_builder":"","_et_pb_old_content":"","_et_gb_content_width":""},"product_brand":[],"product_cat":[1497],"product_tag":[1498,1496],"class_list":{"0":"post-16590","1":"product","2":"type-product","3":"status-publish","4":"has-post-thumbnail","6":"product_cat-arm-cylinders","7":"product_tag-arm-cylinders","8":"product_tag-hydraulic-cylinders","10":"first","11":"instock","12":"shipping-taxable","13":"product-type-simple"},"amp_enabled":true,"_links":{"self":[{"href":"https:\/\/www.hydraulic-cylinders.net\/tr\/wp-json\/wp\/v2\/product\/16590","targetHints":{"allow":["GET"]}}],"collection":[{"href":"https:\/\/www.hydraulic-cylinders.net\/tr\/wp-json\/wp\/v2\/product"}],"about":[{"href":"https:\/\/www.hydraulic-cylinders.net\/tr\/wp-json\/wp\/v2\/types\/product"}],"replies":[{"embeddable":true,"href":"https:\/\/www.hydraulic-cylinders.net\/tr\/wp-json\/wp\/v2\/comments?post=16590"}],"wp:featuredmedia":[{"embeddable":true,"href":"https:\/\/www.hydraulic-cylinders.net\/tr\/wp-json\/wp\/v2\/media\/14774"}],"wp:attachment":[{"href":"https:\/\/www.hydraulic-cylinders.net\/tr\/wp-json\/wp\/v2\/media?parent=16590"}],"wp:term":[{"taxonomy":"product_brand","embeddable":true,"href":"https:\/\/www.hydraulic-cylinders.net\/tr\/wp-json\/wp\/v2\/product_brand?post=16590"},{"taxonomy":"product_cat","embeddable":true,"href":"https:\/\/www.hydraulic-cylinders.net\/tr\/wp-json\/wp\/v2\/product_cat?post=16590"},{"taxonomy":"product_tag","embeddable":true,"href":"https:\/\/www.hydraulic-cylinders.net\/tr\/wp-json\/wp\/v2\/product_tag?post=16590"}],"curies":[{"name":"wp","href":"https:\/\/api.w.org\/{rel}","templated":true}]}}