{"id":16592,"date":"2025-01-21T05:36:30","date_gmt":"2025-01-21T05:36:30","guid":{"rendered":"https:\/\/www.hydraulic-cylinders.net\/product\/arm-cylinder-for-jonyang-small-excavator-jy615eld\/"},"modified":"2025-01-21T05:36:32","modified_gmt":"2025-01-21T05:36:32","slug":"arm-cylinder-for-jonyang-small-excavator-jy615eld","status":"publish","type":"product","link":"https:\/\/www.hydraulic-cylinders.net\/tr\/urun\/arm-cylinder-for-jonyang-small-excavator-jy615eld\/","title":{"rendered":"Jonyang K\u00fc\u00e7\u00fck Ekskavat\u00f6r JY615ELD i\u00e7in Kol Silindiri"},"content":{"rendered":"<h2>girii\u015f<\/h2>\n<h3>Jonyang K\u00fc\u00e7\u00fck Ekskavat\u00f6r JY615ELD i\u00e7in Kol Silindiri<\/h3>\n<p>Kol silindiri, ekskavat\u00f6rler, vin\u00e7ler ve mekanik kollar gibi \u00e7e\u015fitli makine t\u00fcrlerinin kollar\u0131na do\u011frusal hareket ve g\u00fc\u00e7 sa\u011flayan \u00f6zel olarak tasarlanm\u0131\u015f bir hidrolik silindirdir. Kol silindiri, hidrolik sistemde kritik bir rol oynar ve ata\u015fmanlar\u0131n veya aksesuarlar\u0131n etkili bir \u015fekilde hareket etmesini ve kontrol edilmesini sa\u011flar. Bu silindirler sadece d\u00fczg\u00fcn hareket sa\u011flamakla kalmaz, ayn\u0131 zamanda a\u011f\u0131r y\u00fcklere de dayanarak, \u00e7e\u015fitli \u00e7al\u0131\u015fma ko\u015fullar\u0131nda makinenin verimli ve g\u00fcvenilir \u00e7al\u0131\u015fmas\u0131n\u0131 sa\u011flar.<\/p>\n<p><img decoding=\"async\" src=\"https:\/\/www.hydraulic-cylinders.net\/wp-content\/uploads\/2025\/01\/songte-company-2.webp\" alt=\"Jonyang K\u00fc\u00e7\u00fck Ekskavat\u00f6r JY615ELD i\u00e7in Kol Silindiri\"><\/p>\n<h2>\u00dcr\u00fcn \u00d6zellikleri<\/h2>\n<ul>\n<li>\n<h3>Verimli G\u00fc\u00e7 Aktar\u0131m\u0131<\/h3>\n<p>Kol silindiri g\u00fc\u00e7l\u00fc do\u011frusal hareket ve kuvvet sa\u011flayarak, \u00e7e\u015fitli i\u015flemler s\u0131ras\u0131nda mekanik kolun y\u00fcksek performans verimlili\u011fini garanti alt\u0131na al\u0131r.<\/p>\n<\/li>\n<li>\n<h3>Hassas Kontrol<\/h3>\n<p>Hidrolik sistem sayesinde kol silindiri hassas hareket kontrol\u00fc sa\u011flayabilir, b\u00f6ylece ata\u015fmanlar\u0131n \u00e7al\u0131\u015fmas\u0131 daha esnek ve hassas hale gelir.<\/p>\n<\/li>\n<li>\n<h3>G\u00fc\u00e7l\u00fc Dayan\u0131kl\u0131l\u0131k<\/h3>\n<p>Kol silindiri genellikle y\u00fcksek mukavemetli malzemelerden yap\u0131l\u0131r ve iyi a\u015f\u0131nma ve korozyon direncine sahiptir, bu da onu zorlu ortamlarda uzun s\u00fcreli kullan\u0131ma uygun hale getirir.<\/p>\n<\/li>\n<li>\n<h3>\u00c7ok \u0130\u015flevli Uyarlanabilirlik<\/h3>\n<p>Bu silindirler, ekskavat\u00f6rler, vin\u00e7ler ve mekanik kollar gibi \u00e7e\u015fitli mekanik ekipmanlarda, farkl\u0131 \u00e7al\u0131\u015fma gereksinimlerine uyum sa\u011flayacak \u015fekilde yayg\u0131n olarak kullan\u0131labilir.<\/p>\n<\/li>\n<li>\n<h3>Kolay Bak\u0131m<\/h3>\n<p>Tasar\u0131mda kolay bak\u0131m ve de\u011fi\u015fim d\u00fc\u015f\u00fcn\u00fclerek, d\u00fczenli kontrol ve bak\u0131m daha rahat hale getirilir ve ekipman ar\u0131za s\u00fcreleri azalt\u0131l\u0131r.<\/p>\n<\/li>\n<\/ul>\n<p>\u00dcr\u00fcn\u00fcm\u00fcz bu hidrolik silindirlerin yerine m\u00fckemmel bir \u015fekilde ge\u00e7ebilmektedir. <\/p>\n<p><img decoding=\"async\" src=\"https:\/\/www.hydraulic-cylinders.net\/wp-content\/uploads\/2025\/01\/songte-oil-pipes-and-spare-parts.webp\" alt=\"Jonyang K\u00fc\u00e7\u00fck Ekskavat\u00f6r JY615ELD i\u00e7in Kol Silindiri\"><\/p>\n<h2>Ba\u015fvuru<\/h2>\n<p>Kol silindiri a\u015fa\u011f\u0131daki gibi \u00e7e\u015fitli end\u00fcstrilerde yayg\u0131n olarak kullan\u0131lmaktad\u0131r:<\/p>\n<ul>\n<li>\n<h3>\u0130n\u015faat M\u00fchendisli\u011fi<\/h3>\n<p>Ekskavat\u00f6rlerde ve vin\u00e7lerde kol silindiri, toprak i\u015fleri, malzeme ta\u015f\u0131ma ve yap\u0131 montaj\u0131 gibi i\u015flemleri ger\u00e7ekle\u015ftirmek i\u00e7in kep\u00e7e veya bomun hareketini kontrol etmek amac\u0131yla kullan\u0131l\u0131r.<\/p>\n<\/li>\n<li>\n<h3>\u00dcretme<\/h3>\n<p>Otomasyonlu \u00fcretim hatlar\u0131nda, kol silindiri, montaj, kaynak ve ta\u015f\u0131ma i\u015flemlerini ger\u00e7ekle\u015ftirmek i\u00e7in mekanik kollar\u0131n hareket ettirilmesinde kullan\u0131l\u0131r, b\u00f6ylece \u00fcretim verimlili\u011fi ve do\u011frulu\u011fu art\u0131r\u0131l\u0131r.<\/p>\n<\/li>\n<li>\n<h3>Tar\u0131m Makinalar\u0131<\/h3>\n<p>Bi\u00e7erd\u00f6ver ve ekim makinesi gibi tar\u0131m makinelerinde kol silindiri, ekim, g\u00fcbreleme ve hasat gibi g\u00f6revleri ger\u00e7ekle\u015ftirmek i\u00e7in \u00e7al\u0131\u015fma kolunun hareketini kontrol eder.<\/p>\n<\/li>\n<li>\n<h3>Madencilik<\/h3>\n<p>Madencilik ekipmanlar\u0131nda kol silindiri, cevher madencili\u011fi ve ta\u015f\u0131mac\u0131l\u0131\u011f\u0131n\u0131 ger\u00e7ekle\u015ftirmek i\u00e7in madencilik ekipmanlar\u0131n\u0131n kol hareketini kontrol etmek i\u00e7in kullan\u0131l\u0131r.<\/p>\n<\/li>\n<li>\n<h3>Lojistik ve Ta\u015f\u0131mac\u0131l\u0131k<\/h3>\n<p>Forkliftlerde ve ta\u015f\u0131ma robotlar\u0131nda, kol silindiri, malzemeleri ta\u015f\u0131mak ve istiflemek i\u00e7in \u00e7atal\u0131n kald\u0131r\u0131lmas\u0131n\u0131 ve hareketini kontrol etmek i\u00e7in kullan\u0131l\u0131r.<\/p>\n<\/li>\n<\/ul>\n<h2>Tasar\u0131m Hususlar\u0131 ve Se\u00e7im Standartlar\u0131<\/h2>\n<ul>\n<li>\n<h3>Ta\u015f\u0131ma Kapasitesi<\/h3>\n<p>Kol silindiri, mekanik kolun normal \u00e7al\u0131\u015fmas\u0131n\u0131 sa\u011flayacak yeterli ta\u015f\u0131ma kapasitesine sahip olmal\u0131d\u0131r.<\/p>\n<\/li>\n<li>\n<h3>S\u0131zd\u0131rmazl\u0131k Performans\u0131<\/h3>\n<p>Kol silindirinde, poli\u00fcretan ve nitril kau\u00e7uk gibi a\u015f\u0131nmaya dayan\u0131kl\u0131 malzemelerden yap\u0131lm\u0131\u015f piston contalar\u0131 ve kol contalar\u0131 gibi \u00e7e\u015fitli s\u0131zd\u0131rmazl\u0131k bile\u015fenleri kullan\u0131larak m\u00fckemmel s\u0131zd\u0131rmazl\u0131k performans\u0131 sa\u011flan\u0131r.<\/p>\n<\/li>\n<li>\n<h3>Dayan\u0131kl\u0131l\u0131k<\/h3>\n<p>Silindir g\u00f6vdesi ve di\u015fli u\u00e7 y\u00fczeyi, a\u015f\u0131nma direncini art\u0131rmak i\u00e7in hassas bir i\u015flemden ge\u00e7irilmi\u015ftir. Kol silindirinin uzun s\u00fcreli dayan\u0131kl\u0131l\u0131\u011f\u0131n\u0131 sa\u011flamak i\u00e7in y\u00fcksek mukavemetli malzemeler kullan\u0131lm\u0131\u015ft\u0131r.<\/p>\n<\/li>\n<li>\n<h3>G\u00fcvenlik ve Bak\u0131m<\/h3>\n<p>Kol silindiri, a\u015f\u0131r\u0131 y\u00fcklenmeyi \u00f6nlemek i\u00e7in emniyet valflerinin tak\u0131lmas\u0131 gibi g\u00fcvenlik \u00f6nlemleri g\u00f6z \u00f6n\u00fcnde bulundurularak tasarlanm\u0131\u015ft\u0131r. Tasar\u0131m ayr\u0131ca, bile\u015fenlerin bak\u0131m ve de\u011fi\u015fim kolayl\u0131\u011f\u0131n\u0131 da g\u00f6z \u00f6n\u00fcnde bulundurmaktad\u0131r.<\/p>\n<\/li>\n<\/ul>\n<p><img decoding=\"async\" src=\"https:\/\/www.hydraulic-cylinders.net\/wp-content\/uploads\/2025\/01\/songte-cylinder-head-with-all-kinds-excavator-models.webp\" alt=\"Jonyang K\u00fc\u00e7\u00fck Ekskavat\u00f6r JY615ELD i\u00e7in Kol Silindiri\"><\/p>\n<h2>S\u0131zd\u0131rmazl\u0131k ve Ya\u011flama<\/h2>\n<p>Kol silindiri, m\u00fckemmel s\u0131zd\u0131rmazl\u0131k performans\u0131 sa\u011flamak i\u00e7in poli\u00fcretan ve nitril kau\u00e7uk gibi a\u015f\u0131nmaya dayan\u0131kl\u0131 malzemelerden yap\u0131lm\u0131\u015f piston contalar\u0131, biyel contalar\u0131 ve a\u015f\u0131nma halkalar\u0131 gibi \u00e7e\u015fitli s\u0131zd\u0131rmazl\u0131k bile\u015fenleri kullan\u0131r. Silindir g\u00f6vdesi ve di\u015fli u\u00e7 y\u00fczeyi, a\u015f\u0131nma direncini art\u0131rmak i\u00e7in hassas bir i\u015flemden ge\u00e7irilir. D\u00fczenli olarak hidrolik ya\u011f eklenmesi, kol silindirinin ya\u011flanmas\u0131n\u0131 sa\u011flayabilir.<\/p>\n<p><img decoding=\"async\" src=\"https:\/\/www.hydraulic-cylinders.net\/wp-content\/uploads\/2025\/01\/songte-chushion-collar.webp\" alt=\"Jonyang K\u00fc\u00e7\u00fck Ekskavat\u00f6r JY615ELD i\u00e7in Kol Silindiri\"><\/p>\n<h2>Bak\u0131m ve Sorun Giderme<\/h2>\n<p>D\u00fczenli muayene ve \u00f6nleyici bak\u0131m, olas\u0131 sorunlar\u0131 en aza indirmeye ve kol silindirinin kullan\u0131m \u00f6mr\u00fcn\u00fc uzatmaya yard\u0131mc\u0131 olabilir. Yayg\u0131n sorunlar ve sorun giderme y\u00f6ntemleri \u015funlard\u0131r:<\/p>\n<ul>\n<li>\n<h3>S\u0131z\u0131nt\u0131<\/h3>\n<p>S\u0131z\u0131nt\u0131n\u0131n nedeni, s\u0131zd\u0131rmazl\u0131k elemanlar\u0131n\u0131n hasarl\u0131 olmas\u0131 olabilir. Hasarl\u0131 par\u00e7alar\u0131n zaman\u0131nda de\u011fi\u015ftirilmesi veya silindir kapa\u011f\u0131 somununun ayarlanmas\u0131, s\u0131zd\u0131rmazl\u0131k elemanlar\u0131n\u0131n silindir g\u00f6vdesiyle iyi temas etmesini sa\u011flamal\u0131d\u0131r.<\/p>\n<\/li>\n<li>\n<h3>Anormal G\u00fcr\u00fclt\u00fc<\/h3>\n<p>Anormal sesin nedeni, yetersiz ya\u011flama veya piston ya da biyel kolunda meydana gelen hasar olabilir. Ya\u011flama ya\u011f\u0131n\u0131n zaman\u0131nda eklenmesi veya hasarl\u0131 par\u00e7alar\u0131n de\u011fi\u015ftirilmesi gerekir.<\/p>\n<\/li>\n<li>\n<h3>Zavall\u0131 Hareket<\/h3>\n<p>Hareket bozuklu\u011funun nedeni, yetersiz bas\u0131n\u00e7 veya hidrolik sistemin hasar g\u00f6rmesi olabilir. Normal \u00e7al\u0131\u015fmas\u0131n\u0131 sa\u011flamak i\u00e7in bas\u0131nc\u0131n zaman\u0131nda ayarlanmas\u0131 veya hidrolik sistemin onar\u0131lmas\u0131 gerekir.<\/p>\n<\/li>\n<\/ul>\n<p>\u00d6nleyici tedbirler aras\u0131nda d\u00fczenli muayene ve bak\u0131m, hasarl\u0131 par\u00e7alar\u0131n zaman\u0131nda de\u011fi\u015ftirilmesi ve uygun kullan\u0131m ve depolama yer al\u0131r.<\/p>\n<h2>Kurulum K\u0131lavuzu<\/h2>\n<p>Kurulumdan \u00f6nce, kurulum boyutlar\u0131n\u0131 kontrol edin ve uygun kurulum y\u00f6ntemini se\u00e7in. Kurulum s\u0131ras\u0131nda, kol silindirinin do\u011fru \u015fekilde tak\u0131ld\u0131\u011f\u0131ndan ve s\u0131zd\u0131rmazl\u0131k bile\u015fenlerinin silindir g\u00f6vdesiyle iyi temas etti\u011finden emin olun. Kurulumdan sonra, s\u0131z\u0131nt\u0131 veya di\u011fer sorunlar\u0131 kontrol etmek i\u00e7in bir bas\u0131n\u00e7 testi yap\u0131n. Daha ayr\u0131nt\u0131l\u0131 kurulum talimatlar\u0131 i\u00e7in kurulum k\u0131lavuzuna bak\u0131n.<\/p>\n<p><img decoding=\"async\" src=\"https:\/\/www.hydraulic-cylinders.net\/wp-content\/uploads\/2025\/01\/songte-bushings-with-all-kinds-of-excavator-models.webp\" alt=\"Jonyang K\u00fc\u00e7\u00fck Ekskavat\u00f6r JY615ELD i\u00e7in Kol Silindiri\"><\/p>\n<h2>Hakk\u0131m\u0131zda<\/h2>\n<p>Geni\u015f bir \u00fcr\u00fcn yelpazesine sahip profesyonel bir alternatif hidrolik silindir \u00fcreticisiyiz ve yurt i\u00e7i ve yurt d\u0131\u015f\u0131 pazarlarda lider hidrolik silindir \u00fcreticilerinden ve toptan da\u011f\u0131t\u0131mc\u0131lar\u0131ndan biri haline geldik. Kalitede m\u00fckemmellik ilkesine her zaman ba\u011fl\u0131 kal\u0131yor, se\u00e7kin \u00fcretim at\u00f6lyelerinin end\u00fcstriyel \u00fcretim y\u00f6netimi stratejisine g\u00fcveniyor ve teknik seviyemizi ve \u00fcretim verimlili\u011fimizi s\u00fcrekli olarak geli\u015ftiriyoruz. \u00dcst d\u00fczey dijital \u00fcretim ekipmanlar\u0131 ve profesyonel test sistemleri sunarak, \u00fcretim platformumuzu s\u00fcrekli olarak optimize ediyor, \u00fcr\u00fcn kalite kontrol s\u00fcrecini iyile\u015ftiriyor ve g\u00fc\u00e7l\u00fc inovasyon yeteneklerine sahibiz. Amac\u0131m\u0131z, y\u00fcksek verimlilik, hassasiyet ve y\u00fcksek kalite prensipleriyle m\u00fc\u015fterilerimizin \u00e7e\u015fitli ihtiya\u00e7lar\u0131n\u0131 kar\u015f\u0131lamakt\u0131r.<\/p>\n<p><img decoding=\"async\" src=\"https:\/\/www.hydraulic-cylinders.net\/wp-content\/uploads\/2025\/01\/songte-company-4.webp\" alt=\"Hakk\u0131m\u0131zda\"><\/p>\n<h3>Avantajlar\u0131m\u0131z<\/h3>\n<ul>\n<li>\n<p>Profesyonellik: M\u00fc\u015fterilerimize y\u00fcksek kaliteli hidrolik silindirler sa\u011flamak i\u00e7in profesyonel bir ekibimiz ve geli\u015fmi\u015f \u00fcretim ekipmanlar\u0131m\u0131z var.<\/p>\n<\/li>\n<li>\n<p>Uluslararas\u0131 Sertifikasyon: \u00dcr\u00fcnlerimiz ISO9001:2015 kalite y\u00f6netim sistemi sertifikas\u0131 ve CE sertifikas\u0131na sahip olup, \u00fcr\u00fcn kalitesini ve g\u00fcvenli\u011fini garanti alt\u0131na alm\u0131\u015ft\u0131r.<\/p>\n<\/li>\n<li>\n<p>\u00d6zelle\u015ftirme Hizmeti: Farkl\u0131 uygulama ihtiya\u00e7lar\u0131n\u0131 kar\u015f\u0131lamak i\u00e7in hidrolik silindirleri m\u00fc\u015fteri gereksinimlerine g\u00f6re \u00f6zelle\u015ftirebiliriz.<\/p>\n<\/li>\n<li>\n<p>\u00dcretim Ekipmanlar\u0131: \u00dcr\u00fcn kalitesini ve \u00fcretim verimlili\u011fini sa\u011flamak i\u00e7in CNC i\u015fleme merkezleri, CNC torna tezgahlar\u0131 ve di\u011fer hassas i\u015fleme ekipmanlar\u0131 dahil olmak \u00fczere geli\u015fmi\u015f \u00fcretim ekipmanlar\u0131na sahibiz.<\/p>\n<\/li>\n<li>\n<p>Sat\u0131\u015f Sonras\u0131 Hizmet: Profesyonel sat\u0131\u015f sonras\u0131 hizmet ekibimiz, m\u00fc\u015fterilerimize zaman\u0131nda ve etkili sat\u0131\u015f sonras\u0131 hizmet sunarak m\u00fc\u015fteri memnuniyetini sa\u011flar.<\/p>\n<\/li>\n<\/ul>\n<p><img decoding=\"async\" src=\"https:\/\/www.hydraulic-cylinders.net\/wp-content\/uploads\/2025\/01\/songte-company-3.webp\" alt=\"Hakk\u0131m\u0131zda\"><\/p>\n<p>Yazar: lyl<\/p>","protected":false},"excerpt":{"rendered":"<p>Introduction Arm Cylinder for Jonyang Small Excavator JY615ELD The arm cylinder is a specially designed hydraulic cylinder that provides linear movement and power to the arms of various types of machinery, such as excavators, cranes, and mechanical arms. The arm cylinder plays a critical role in the hydraulic system, enabling attachments or accessories to move [&hellip;]<\/p>","protected":false},"featured_media":14770,"comment_status":"open","ping_status":"closed","template":"","meta":{"_et_pb_use_builder":"","_et_pb_old_content":"","_et_gb_content_width":""},"product_brand":[],"product_cat":[1497],"product_tag":[1498,1496],"class_list":{"0":"post-16592","1":"product","2":"type-product","3":"status-publish","4":"has-post-thumbnail","6":"product_cat-arm-cylinders","7":"product_tag-arm-cylinders","8":"product_tag-hydraulic-cylinders","10":"first","11":"instock","12":"shipping-taxable","13":"product-type-simple"},"amp_enabled":true,"_links":{"self":[{"href":"https:\/\/www.hydraulic-cylinders.net\/tr\/wp-json\/wp\/v2\/product\/16592","targetHints":{"allow":["GET"]}}],"collection":[{"href":"https:\/\/www.hydraulic-cylinders.net\/tr\/wp-json\/wp\/v2\/product"}],"about":[{"href":"https:\/\/www.hydraulic-cylinders.net\/tr\/wp-json\/wp\/v2\/types\/product"}],"replies":[{"embeddable":true,"href":"https:\/\/www.hydraulic-cylinders.net\/tr\/wp-json\/wp\/v2\/comments?post=16592"}],"wp:featuredmedia":[{"embeddable":true,"href":"https:\/\/www.hydraulic-cylinders.net\/tr\/wp-json\/wp\/v2\/media\/14770"}],"wp:attachment":[{"href":"https:\/\/www.hydraulic-cylinders.net\/tr\/wp-json\/wp\/v2\/media?parent=16592"}],"wp:term":[{"taxonomy":"product_brand","embeddable":true,"href":"https:\/\/www.hydraulic-cylinders.net\/tr\/wp-json\/wp\/v2\/product_brand?post=16592"},{"taxonomy":"product_cat","embeddable":true,"href":"https:\/\/www.hydraulic-cylinders.net\/tr\/wp-json\/wp\/v2\/product_cat?post=16592"},{"taxonomy":"product_tag","embeddable":true,"href":"https:\/\/www.hydraulic-cylinders.net\/tr\/wp-json\/wp\/v2\/product_tag?post=16592"}],"curies":[{"name":"wp","href":"https:\/\/api.w.org\/{rel}","templated":true}]}}