{"id":16597,"date":"2025-01-21T05:36:49","date_gmt":"2025-01-21T05:36:49","guid":{"rendered":"https:\/\/www.hydraulic-cylinders.net\/product\/arm-cylinder-for-jcm-small-excavator-907d\/"},"modified":"2025-01-21T05:36:51","modified_gmt":"2025-01-21T05:36:51","slug":"arm-cylinder-for-jcm-small-excavator-907d","status":"publish","type":"product","link":"https:\/\/www.hydraulic-cylinders.net\/tr\/urun\/arm-cylinder-for-jcm-small-excavator-907d\/","title":{"rendered":"JCM 907D K\u00fc\u00e7\u00fck Ekskavat\u00f6r \u0130\u00e7in Kol Silindiri"},"content":{"rendered":"<h1>JCM 907D K\u00fc\u00e7\u00fck Ekskavat\u00f6r \u0130\u00e7in Kol Silindiri<\/h1>\n<h2>girii\u015f<\/h2>\n<h3>Tan\u0131m<\/h3>\n<p>Kol silindiri, ekskavat\u00f6rler, vin\u00e7ler ve mekanik kollar gibi \u00e7e\u015fitli makinelerin kollar\u0131na do\u011frusal hareket ve g\u00fc\u00e7 sa\u011flayan \u00f6zel olarak tasarlanm\u0131\u015f bir hidrolik silindirdir. Kol silindiri, hidrolik sistemlerde \u00e7ok \u00f6nemli bir rol oynayarak ata\u015fmanlar\u0131n veya aksesuarlar\u0131n etkili bir \u015fekilde hareket etmesini ve kontrol edilmesini sa\u011flar. Bu silindirler sadece d\u00fczg\u00fcn hareketler sa\u011flamakla kalmaz, ayn\u0131 zamanda a\u011f\u0131r y\u00fckleri de ta\u015f\u0131yarak \u00e7e\u015fitli \u00e7al\u0131\u015fma ko\u015fullar\u0131 alt\u0131nda makinelerin verimli \u00e7al\u0131\u015fmas\u0131n\u0131 ve g\u00fcvenilirli\u011fini sa\u011flar.<\/p>\n<p><img decoding=\"async\" src=\"https:\/\/www.hydraulic-cylinders.net\/wp-content\/uploads\/2025\/01\/songte-company-2.webp\"\/><\/p>\n<h2>\u00d6zellikler<\/h2>\n<p>Kol silindirlerinin \u00e7e\u015fitli uygulamalarda verimli ve g\u00fcvenilir olmalar\u0131n\u0131 sa\u011flayan bir\u00e7ok \u00f6zelli\u011fi vard\u0131r. Bu \u00f6zelliklerden baz\u0131lar\u0131 \u015funlard\u0131r:<\/p>\n<ul>\n<li><strong>Y\u00fcksek Verimli \u015eanz\u0131man:<\/strong> Kol silindirleri, g\u00fc\u00e7l\u00fc do\u011frusal hareket ve kuvvet sa\u011flayarak, \u00e7e\u015fitli i\u015flemler s\u0131ras\u0131nda makine kollar\u0131n\u0131n y\u00fcksek performans kapasitesini garanti eder.<\/li>\n<li><strong>Hassas Kontrol:<\/strong> Hidrolik sistemler sayesinde, kol silindirleri hassas hareket kontrol\u00fc sa\u011flayarak ata\u015fmanlar\u0131n i\u015flemlerini daha esnek ve do\u011fru hale getirebilir.<\/li>\n<li><strong>Dayan\u0131kl\u0131l\u0131k:<\/strong> Kol silindirleri genellikle y\u00fcksek mukavemetli, a\u015f\u0131nma ve korozyon direnci y\u00fcksek malzemelerden \u00fcretilir ve bu da onlar\u0131 zorlu ortamlarda uzun s\u00fcreli kullan\u0131m i\u00e7in uygun hale getirir.<\/li>\n<li><strong>\u00c7ok i\u015flevli uyarlanabilirlik:<\/strong> Bu silindirler, ekskavat\u00f6rler, vin\u00e7ler ve mekanik kollar gibi \u00e7e\u015fitli makine t\u00fcrlerinde yayg\u0131n olarak kullan\u0131labilir ve farkl\u0131 i\u015f gereksinimlerine uyum sa\u011flayabilir.<\/li>\n<li><strong>Kolay Bak\u0131m:<\/strong> Tasar\u0131mda bak\u0131m ve de\u011fi\u015ftirme kolayl\u0131\u011f\u0131 g\u00f6z \u00f6n\u00fcnde bulundurularak d\u00fczenli muayene ve bak\u0131m daha rahat hale getirilir ve ekipman ar\u0131za s\u00fcreleri azalt\u0131l\u0131r.<\/li>\n<\/ul>\n<p><img decoding=\"async\" src=\"https:\/\/www.hydraulic-cylinders.net\/wp-content\/uploads\/2025\/01\/songte-oil-pipes-and-spare-parts.webp\"\/><\/p>\n<h2>Uygulamalar<\/h2>\n<p>Kol silindirleri, a\u015fa\u011f\u0131dakiler de dahil olmak \u00fczere \u00e7e\u015fitli end\u00fcstrilerde ve uygulamalarda yayg\u0131n olarak kullan\u0131lmaktad\u0131r:<\/p>\n<ul>\n<li><strong>Yap\u0131:<\/strong> Kaz\u0131c\u0131 makinelerde ve vin\u00e7lerde, kol silindirleri toprak i\u015fleri, malzeme ta\u015f\u0131ma ve yap\u0131 kurulumu i\u00e7in kep\u00e7elerin veya bomlar\u0131n hareketini kontrol etmek amac\u0131yla kullan\u0131l\u0131r.<\/li>\n<li><strong>\u00dcretme:<\/strong> Otomatik \u00fcretim hatlar\u0131nda, montaj, kaynak ve ta\u015f\u0131ma i\u015flemleri s\u0131ras\u0131nda mekanik kollar\u0131 hareket ettirmek i\u00e7in kol silindirleri kullan\u0131l\u0131r; bu da \u00fcretim verimlili\u011fini ve hassasiyetini art\u0131r\u0131r.<\/li>\n<li><strong>Tar\u0131m Makinalar\u0131:<\/strong> Bi\u00e7erd\u00f6ver ve tohum ekme makineleri gibi tar\u0131m makinelerinde, kol silindirleri, ekim, g\u00fcbreleme ve hasat gibi g\u00f6revleri yerine getiren \u00e7al\u0131\u015fma kollar\u0131n\u0131n hareketini kontrol eder.<\/li>\n<li><strong>Madencilik:<\/strong> Madencilik ekipmanlar\u0131nda, kol silindirleri, cevher \u00e7\u0131karma ve ta\u015f\u0131ma i\u015flemlerinde ekipman kollar\u0131n\u0131n hareketini kontrol etmek i\u00e7in kullan\u0131l\u0131r.<\/li>\n<li><strong>Lojistik ve Ta\u015f\u0131mac\u0131l\u0131k:<\/strong> Forkliftlerde ve ta\u015f\u0131ma robotlar\u0131nda, malzeme ta\u015f\u0131ma ve istifleme i\u015flemlerini ger\u00e7ekle\u015ftirmek i\u00e7in \u00e7atallar\u0131n kald\u0131rma ve hareketini kontrol etmek amac\u0131yla kol silindirleri kullan\u0131l\u0131r.<\/li>\n<\/ul>\n<h2>Tasar\u0131m Hususlar\u0131 ve Se\u00e7im Standartlar\u0131<\/h2>\n<p>Kol silindirlerinin \u00e7e\u015fitli uygulamalarda performanslar\u0131n\u0131 ve g\u00fcvenilirliklerini sa\u011flamak i\u00e7in bir\u00e7ok tasar\u0131m hususu ve se\u00e7im standard\u0131 bulunmaktad\u0131r. Bu hususlardan ve standartlardan baz\u0131lar\u0131 \u015funlard\u0131r:<\/p>\n<ul>\n<li><strong>Ta\u015f\u0131ma Kapasitesi:<\/strong> Kol silindirlerinin verimli \u00e7al\u0131\u015fabilmesi i\u00e7in ata\u015fman ve aksesuarlar\u0131n a\u011f\u0131rl\u0131\u011f\u0131na ve y\u00fck\u00fcne dayanabilmesi gerekir.<\/li>\n<li><strong>S\u0131zd\u0131rmazl\u0131k:<\/strong> Kol silindirlerinde, s\u0131zd\u0131rmazl\u0131k performans\u0131n\u0131 ve uzun \u00f6m\u00fcrl\u00fcl\u00fc\u011f\u00fc sa\u011flamak i\u00e7in poli\u00fcretan ve nitril kau\u00e7uk gibi a\u015f\u0131nmaya dayan\u0131kl\u0131 malzemelerden yap\u0131lm\u0131\u015f piston contalar\u0131 ve mil contalar\u0131 gibi \u00e7e\u015fitli s\u0131zd\u0131rmazl\u0131k bile\u015fenleri kullan\u0131l\u0131r.<\/li>\n<li><strong>Dayan\u0131kl\u0131l\u0131k:<\/strong> Kol silindirlerinin, zorlu ortamlarda dayan\u0131kl\u0131l\u0131klar\u0131n\u0131 sa\u011flamak i\u00e7in iyi a\u015f\u0131nma ve korozyon direncine sahip y\u00fcksek mukavemetli malzemelerden yap\u0131lmas\u0131 gerekir.<\/li>\n<li><strong>Emniyet:<\/strong> Kol silindirleri, g\u00fcvenlik standartlar\u0131n\u0131 kar\u015f\u0131lamal\u0131 ve operat\u00f6rleri ve makineleri korumak i\u00e7in bas\u0131n\u00e7 tahliye vanalar\u0131 ve acil durdurma d\u00fc\u011fmeleri gibi \u00f6zelliklere sahip olmal\u0131d\u0131r.<\/li>\n<li><strong>Bak\u0131m:<\/strong> Kol silindirleri, kolay bak\u0131m ve onar\u0131m i\u00e7in tasarlanmal\u0131, par\u00e7alar\u0131 kolayca bulunabilir ve de\u011fi\u015ftirilebilir olmal\u0131d\u0131r.<\/li>\n<\/ul>\n<p><img decoding=\"async\" src=\"https:\/\/www.hydraulic-cylinders.net\/wp-content\/uploads\/2025\/01\/songte-cylinder-head-with-all-kinds-excavator-models.webp\"\/><\/p>\n<h2>S\u0131zd\u0131rmazl\u0131k ve Ya\u011flama<\/h2>\n<p>Kol silindirleri, s\u0131zd\u0131rmazl\u0131k performanslar\u0131n\u0131 ve uzun \u00f6m\u00fcrlerini sa\u011flamak i\u00e7in poli\u00fcretan ve nitril kau\u00e7uk gibi a\u015f\u0131nmaya dayan\u0131kl\u0131 malzemelerden yap\u0131lm\u0131\u015f piston contalar\u0131 ve mil contalar\u0131 gibi \u00e7e\u015fitli s\u0131zd\u0131rmazl\u0131k bile\u015fenleri kullan\u0131r. Silindir g\u00f6vdesi ve di\u015fli u\u00e7 y\u00fczeyi, a\u015f\u0131nma direncini art\u0131rmak i\u00e7in ince bir \u015fekilde i\u015flenmi\u015ftir. Ayr\u0131ca, sorunsuz ve verimli \u00e7al\u0131\u015fmalar\u0131n\u0131 sa\u011flamak i\u00e7in d\u00fczenli olarak uygun miktarda hidrolik ya\u011f ile ya\u011flanmalar\u0131 gerekir.<\/p>\n<h2>Bak\u0131m ve \u00d6nleyici Tedbirler<\/h2>\n<p>Kol silindirlerinin verimli \u00e7al\u0131\u015fmas\u0131 ve uzun \u00f6m\u00fcrl\u00fc olmas\u0131 i\u00e7in d\u00fczenli kontrol ve \u00f6nleyici bak\u0131m \u00e7ok \u00f6nemlidir. Baz\u0131 bak\u0131m ve \u00f6nleyici tedbirler \u015funlard\u0131r:<\/p>\n<ul>\n<li><strong>A\u015f\u0131nm\u0131\u015f veya hasar g\u00f6rm\u00fc\u015f contalar\u0131 ve par\u00e7alar\u0131 d\u00fczenli olarak kontrol edin ve de\u011fi\u015ftirin.<\/strong><\/li>\n<li><strong>Silindiri ve bile\u015fenlerini d\u00fczenli olarak temizleyin ve ya\u011flay\u0131n.<\/strong><\/li>\n<li><strong>Hidrolik ya\u011f seviyesini ve kalitesini d\u00fczenli olarak kontrol edin ve gerekti\u011finde de\u011fi\u015ftirin.<\/strong><\/li>\n<li><strong>S\u0131z\u0131nt\u0131lar\u0131 kontrol edin ve daha fazla hasar\u0131 \u00f6nlemek i\u00e7in derhal onar\u0131n.<\/strong><\/li>\n<li><strong>Kullan\u0131lmad\u0131\u011f\u0131 zamanlarda silindiri temiz, kuru ve g\u00fcvenli bir ortamda uygun \u015fekilde saklay\u0131n.<\/strong><\/li>\n<\/ul>\n<p><img decoding=\"async\" src=\"https:\/\/www.hydraulic-cylinders.net\/wp-content\/uploads\/2025\/01\/songte-chushion-collar.webp\"\/><\/p>\n<h2>Kurulum K\u0131lavuzu<\/h2>\n<p>Kol silindirlerinin montaj\u0131, silindir \u00f6zelliklerinin ve makinenin gereksinimlerinin dikkatlice de\u011ferlendirilmesini gerektirir. Baz\u0131 montaj k\u0131lavuzlar\u0131 \u015funlard\u0131r:<\/p>\n<ul>\n<li><strong>Montajdan \u00f6nce silindirin ve bile\u015fenlerinin temiz ve kal\u0131nt\u0131lardan ar\u0131nd\u0131r\u0131lm\u0131\u015f oldu\u011fundan emin olun.<\/strong><\/li>\n<li><strong>Silindirin do\u011fru konumda ve y\u00f6nde, montaj deliklerinin ve pimlerinin do\u011fru hizalanmas\u0131yla tak\u0131ld\u0131\u011f\u0131ndan emin olun.<\/strong><\/li>\n<li><strong>Montaj c\u0131vatalar\u0131n\u0131 ve somunlar\u0131n\u0131 do\u011fru tork de\u011ferlerine g\u00f6re s\u0131k\u0131n.<\/strong><\/li>\n<li><strong>Hidrolik hortumlar\u0131 ve ba\u011flant\u0131 par\u00e7alar\u0131n\u0131 s\u0131z\u0131nt\u0131 veya b\u00fck\u00fclme olmad\u0131\u011f\u0131ndan emin olarak d\u00fczg\u00fcn bir \u015fekilde ba\u011flay\u0131n.<\/strong><\/li>\n<li><strong>Silindiri herhangi bir i\u015flemde kullanmadan \u00f6nce, \u00e7al\u0131\u015fmas\u0131n\u0131 test edin ve do\u011fru \u00e7al\u0131\u015ft\u0131\u011f\u0131ndan emin olun.<\/strong><\/li>\n<\/ul>\n<h2>G\u00fcvenlik Hususlar\u0131 ve \u00c7evresel Fakt\u00f6rler<\/h2>\n<p>Kol silindirleri, operat\u00f6rleri ve makineleri korumak i\u00e7in bas\u0131n\u00e7 tahliye vanalar\u0131 ve acil durdurma d\u00fc\u011fmeleri gibi \u00f6zelliklere sahip olmal\u0131 ve g\u00fcvenlik standartlar\u0131n\u0131 kar\u015f\u0131lamal\u0131d\u0131r. Kol silindirleri kullanan makineleri \u00e7al\u0131\u015ft\u0131r\u0131rken g\u00fcvenlik y\u00f6nergelerine ve d\u00fczenlemelerine uymak \u00e7ok \u00f6nemlidir. S\u0131cakl\u0131k, nem ve kimyasallara maruz kalma gibi \u00e7evresel fakt\u00f6rler de kol silindirlerinin performans\u0131n\u0131 ve \u00f6mr\u00fcn\u00fc etkileyebilir. Kol silindirleri se\u00e7erken ve kullan\u0131rken bu fakt\u00f6rleri dikkate almak \u00f6nemlidir.<\/p>\n<h2>Sorun Giderme ve Yayg\u0131n Sorunlar<\/h2>\n<p>Kol silindirlerinin kullan\u0131m\u0131nda ortaya \u00e7\u0131kabilecek baz\u0131 yayg\u0131n sorunlar aras\u0131nda s\u0131z\u0131nt\u0131lar, ar\u0131zalar ve do\u011fru \u00e7al\u0131\u015fmama yer al\u0131r. Bu sorunlar\u0131 te\u015fhis etmek ve \u00e7\u00f6zmek i\u00e7in baz\u0131 sorun giderme ipu\u00e7lar\u0131 ve \u00e7\u00f6z\u00fcmleri \u015funlard\u0131r:<\/p>\n<ul>\n<li><strong>S\u0131z\u0131nt\u0131 olup olmad\u0131\u011f\u0131n\u0131 kontrol edin ve hasarl\u0131 contalar\u0131 veya par\u00e7alar\u0131 onar\u0131n veya de\u011fi\u015ftirin.<\/strong><\/li>\n<li><strong>Hidrolik ya\u011f seviyesini ve kalitesini kontrol edin ve gerekirse de\u011fi\u015ftirin.<\/strong><\/li>\n<li><strong>Silindiri hasar veya a\u015f\u0131nma a\u00e7\u0131s\u0131ndan inceleyin ve a\u015f\u0131nm\u0131\u015f veya hasar g\u00f6rm\u00fc\u015f par\u00e7alar\u0131 de\u011fi\u015ftirin.<\/strong><\/li>\n<li><strong>T\u0131kan\u0131kl\u0131k veya engel olup olmad\u0131\u011f\u0131n\u0131 kontrol edin ve bunlar\u0131 giderin.<\/strong><\/li>\n<li><strong>Sorun devam ederse veya ciddi boyutlardaysa, \u00fcreticinin kullan\u0131m k\u0131lavuzuna bak\u0131n veya bir uzmandan tavsiye al\u0131n.<\/strong><\/li>\n<\/ul>\n<p><img decoding=\"async\" src=\"https:\/\/www.hydraulic-cylinders.net\/wp-content\/uploads\/2025\/01\/songte-bushings-with-all-kinds-of-excavator-models.webp\"\/><\/p>\n<h2>Hakk\u0131m\u0131zda<\/h2>\n<p>Geni\u015f \u00fcr\u00fcn yelpazesiyle profesyonel bir yedek hidrolik silindir \u00fcreticisiyiz ve hem yurt i\u00e7i hem de uluslararas\u0131 pazarlarda \u00f6nde gelen hidrolik silindir \u00fcreticilerinden ve toptanc\u0131lar\u0131ndan biri haline geldik. Her zaman m\u00fckemmel kalite ilkesine ba\u011fl\u0131 kalarak, geli\u015fmi\u015f \u00fcretim at\u00f6lyelerinin end\u00fcstriyel \u00fcretim y\u00f6netim stratejisine dayanarak, teknik seviyemizi ve \u00fcretim verimlili\u011fimizi s\u00fcrekli olarak geli\u015ftiriyoruz. Y\u00fcksek teknoloji \u00fcr\u00fcn\u00fc dijital \u00fcretim ekipmanlar\u0131 ve profesyonel test sistemleri kullanarak, \u00fcretim platformumuzu s\u00fcrekli olarak optimize ediyor, \u00fcr\u00fcn kalite kontrol s\u00fcre\u00e7lerimizi iyile\u015ftiriyor ve g\u00fc\u00e7l\u00fc inovasyon yeteneklerine sahibiz. Amac\u0131m\u0131z, y\u00fcksek verimlilik, do\u011fruluk ve y\u00fcksek kalite ilkeleriyle m\u00fc\u015fterilerimizin \u00e7e\u015fitlendirilmi\u015f ihtiya\u00e7lar\u0131n\u0131 kar\u015f\u0131lamakt\u0131r.<\/p>\n<h2>Hizmetlerimiz<\/h2>\n<p>M\u00fc\u015fterilerimize \u00e7e\u015fitli hizmetler sunuyoruz, bunlar aras\u0131nda \u015funlar yer almaktad\u0131r:<\/p>\n<ul>\n<li><strong>Profesyonellik:<\/strong> Ekibimiz, m\u00fc\u015fterilerin benzersiz ihtiya\u00e7lar\u0131n\u0131 kar\u015f\u0131lamak i\u00e7in profesyonel ve \u00f6zelle\u015ftirilmi\u015f \u00e7\u00f6z\u00fcmler sunabilen deneyimli m\u00fchendis ve teknisyenlerden olu\u015fmaktad\u0131r.<\/li>\n<li><strong>Uluslararas\u0131 sertifikasyon:<\/strong> \u00dcr\u00fcnlerimiz ISO9001, CE ve SGS gibi \u00e7e\u015fitli uluslararas\u0131 sertifikalardan ge\u00e7mi\u015ftir.<\/li>\n<li><strong>\u00d6zelle\u015ftirme:<\/strong> \u00dcr\u00fcnlerimizi, boyut, bas\u0131n\u00e7 ve malzeme gibi m\u00fc\u015fterinin \u00f6zel gereksinimlerine g\u00f6re \u00f6zelle\u015ftirebiliriz.<\/li>\n<li><strong>\u00dcretim ekipmanlar\u0131:<\/strong> \u00dcr\u00fcnlerimizin y\u00fcksek kalitesini ve hassasiyetini sa\u011flamak i\u00e7in geli\u015fmi\u015f \u00fcretim ekipmanlar\u0131 ve s\u00fcre\u00e7leri kullan\u0131yoruz.<\/li>\n<li><strong>Sat\u0131\u015f sonras\u0131 servis:<\/strong> M\u00fc\u015fteri memnuniyetini sa\u011flamak i\u00e7in bak\u0131m, onar\u0131m ve teknik destek gibi kapsaml\u0131 sat\u0131\u015f sonras\u0131 hizmetler sunuyoruz.<\/li>\n<\/ul>\n<p><img decoding=\"async\" src=\"https:\/\/www.hydraulic-cylinders.net\/wp-content\/uploads\/2025\/01\/songte-company-4.webp\"\/><br \/>\n<img decoding=\"async\" src=\"https:\/\/www.hydraulic-cylinders.net\/wp-content\/uploads\/2025\/01\/songte-company-3.webp\"\/><\/p>\n<p>Yazar: lyl<\/p>","protected":false},"excerpt":{"rendered":"<p>Arm Cylinder For JCM Small Excavator 907D Introduction Definition An arm cylinder is a specially designed hydraulic cylinder that provides linear motion and power to the arms of various types of machinery, such as excavators, cranes, and mechanical arms. The arm cylinder plays a crucial role in hydraulic systems, allowing attachments or accessories to move [&hellip;]<\/p>","protected":false},"featured_media":14783,"comment_status":"open","ping_status":"closed","template":"","meta":{"_et_pb_use_builder":"","_et_pb_old_content":"","_et_gb_content_width":""},"product_brand":[],"product_cat":[1497],"product_tag":[1498,1496],"class_list":{"0":"post-16597","1":"product","2":"type-product","3":"status-publish","4":"has-post-thumbnail","6":"product_cat-arm-cylinders","7":"product_tag-arm-cylinders","8":"product_tag-hydraulic-cylinders","10":"first","11":"instock","12":"shipping-taxable","13":"product-type-simple"},"amp_enabled":true,"_links":{"self":[{"href":"https:\/\/www.hydraulic-cylinders.net\/tr\/wp-json\/wp\/v2\/product\/16597","targetHints":{"allow":["GET"]}}],"collection":[{"href":"https:\/\/www.hydraulic-cylinders.net\/tr\/wp-json\/wp\/v2\/product"}],"about":[{"href":"https:\/\/www.hydraulic-cylinders.net\/tr\/wp-json\/wp\/v2\/types\/product"}],"replies":[{"embeddable":true,"href":"https:\/\/www.hydraulic-cylinders.net\/tr\/wp-json\/wp\/v2\/comments?post=16597"}],"wp:featuredmedia":[{"embeddable":true,"href":"https:\/\/www.hydraulic-cylinders.net\/tr\/wp-json\/wp\/v2\/media\/14783"}],"wp:attachment":[{"href":"https:\/\/www.hydraulic-cylinders.net\/tr\/wp-json\/wp\/v2\/media?parent=16597"}],"wp:term":[{"taxonomy":"product_brand","embeddable":true,"href":"https:\/\/www.hydraulic-cylinders.net\/tr\/wp-json\/wp\/v2\/product_brand?post=16597"},{"taxonomy":"product_cat","embeddable":true,"href":"https:\/\/www.hydraulic-cylinders.net\/tr\/wp-json\/wp\/v2\/product_cat?post=16597"},{"taxonomy":"product_tag","embeddable":true,"href":"https:\/\/www.hydraulic-cylinders.net\/tr\/wp-json\/wp\/v2\/product_tag?post=16597"}],"curies":[{"name":"wp","href":"https:\/\/api.w.org\/{rel}","templated":true}]}}