{"id":16601,"date":"2025-01-21T05:37:04","date_gmt":"2025-01-21T05:37:04","guid":{"rendered":"https:\/\/www.hydraulic-cylinders.net\/product\/arm-cylinder-for-jcm-middle-excavator-922d\/"},"modified":"2025-01-21T05:37:06","modified_gmt":"2025-01-21T05:37:06","slug":"arm-cylinder-for-jcm-middle-excavator-922d","status":"publish","type":"product","link":"https:\/\/www.hydraulic-cylinders.net\/tr\/urun\/arm-cylinder-for-jcm-middle-excavator-922d\/","title":{"rendered":"JCM 922D Orta Ekskavat\u00f6r \u0130\u00e7in Kol Silindiri"},"content":{"rendered":"<h1>JCM 922D Orta Ekskavat\u00f6r \u0130\u00e7in Kol Silindiri<\/h1>\n<h2>girii\u015f<\/h2>\n<h3>Tan\u0131m<\/h3>\n<p>Kol silindiri, ekskavat\u00f6rler, vin\u00e7ler ve robot kollar\u0131 gibi \u00e7e\u015fitli makinelerin kollar\u0131n\u0131n do\u011frusal hareketini ve g\u00fcc\u00fcn\u00fc sa\u011flamak i\u00e7in kullan\u0131lan \u00f6zel bir hidrolik silindirdir. Kol silindiri, hidrolik sistemde kritik bir rol oynayarak ek aletlerin veya ata\u015fmanlar\u0131n etkili hareketini ve kontrol\u00fcn\u00fc sa\u011flar. Bu silindirler sadece d\u00fczg\u00fcn ve verimli hareket sa\u011flamakla kalmaz, ayn\u0131 zamanda a\u011f\u0131r y\u00fckleri de ta\u015f\u0131yarak \u00e7e\u015fitli \u00e7al\u0131\u015fma ko\u015fullar\u0131nda makinelerin verimli \u00e7al\u0131\u015fmas\u0131n\u0131 ve g\u00fcvenilirli\u011fini sa\u011flar.<\/p>\n<p><img decoding=\"async\" src=\"https:\/\/www.hydraulic-cylinders.net\/wp-content\/uploads\/2025\/01\/songte-company-2.webp\" alt=\"Kol silindir g\u00f6r\u00fcnt\u00fcs\u00fc\"><\/p>\n<h2>\u00d6zellikler<\/h2>\n<ul>\n<li>\n<h3>Verimli G\u00fc\u00e7 Aktar\u0131m\u0131<\/h3>\n<p>Kol silindiri g\u00fc\u00e7l\u00fc do\u011frusal hareket ve kuvvet sa\u011flayarak robot kolunun \u00e7e\u015fitli operasyonlarda y\u00fcksek performans g\u00f6stermesini sa\u011flar.<\/p>\n<\/li>\n<li>\n<h3>Hassas Kontrol<\/h3>\n<p>Kol silindiri, hidrolik sistem sayesinde hassas hareket kontrol\u00fc sa\u011flayarak ek aletlerin kullan\u0131m\u0131n\u0131 daha esnek ve do\u011fru hale getirir.<\/p>\n<\/li>\n<li>\n<h3>G\u00fc\u00e7l\u00fc Dayan\u0131kl\u0131l\u0131k<\/h3>\n<p>Kol silindiri genellikle y\u00fcksek mukavemetli malzemelerden \u00fcretilir ve iyi a\u015f\u0131nma ve korozyon direncine sahiptir, zorlu ortamlarda uzun s\u00fcreli kullan\u0131m i\u00e7in uygundur.<\/p>\n<\/li>\n<li>\n<h3>\u00c7ok \u0130\u015flevli Uyarlanabilirlik<\/h3>\n<p>Bu silindirler, ekskavat\u00f6rler, vin\u00e7ler ve robot kollar\u0131 gibi \u00e7e\u015fitli makine ekipmanlar\u0131nda yayg\u0131n olarak kullan\u0131labilir ve farkl\u0131 \u00e7al\u0131\u015fma ihtiya\u00e7lar\u0131na uyum sa\u011flayabilir.<\/p>\n<\/li>\n<li>\n<h3>Kolay Bak\u0131m<\/h3>\n<p>Tasar\u0131mda kolay bak\u0131m ve de\u011fi\u015fim d\u00fc\u015f\u00fcn\u00fclerek, d\u00fczenli kontrol ve bak\u0131m daha rahat hale getirilir ve ekipman ar\u0131za s\u00fcreleri azalt\u0131l\u0131r.<\/p>\n<\/li>\n<\/ul>\n<p>Biz bu \u00fcr\u00fcn\u00fc \u00fcretebiliyoruz ve \u00fcr\u00fcn\u00fcm\u00fcz bu hidrolik silindirlerin yerini m\u00fckemmel bir \u015fekilde alabiliyor.<\/p>\n<p><img decoding=\"async\" src=\"https:\/\/www.hydraulic-cylinders.net\/wp-content\/uploads\/2025\/01\/songte-oil-pipes-and-spare-parts.webp\" alt=\"Hidrolik silindir yedek par\u00e7alar\u0131 g\u00f6rseli\"><\/p>\n<h2>Uygulamalar<\/h2>\n<ul>\n<li>\n<h3>\u0130n\u015faat M\u00fchendisli\u011fi<\/h3>\n<p>Kol silindirleri, hafriyat i\u015flerinde, malzeme ta\u015f\u0131mada ve yap\u0131sal kurulumda kullan\u0131lan ekskavat\u00f6r ve vin\u00e7lerdeki kep\u00e7e veya bomlar\u0131n hareketini kontrol etmek i\u00e7in kullan\u0131l\u0131r.<\/p>\n<\/li>\n<li>\n<h3>\u00dcretim Sanayi<\/h3>\n<p>Robot kollar\u0131, otomatik \u00fcretim hatlar\u0131nda montaj, kaynak ve ta\u015f\u0131ma i\u015flemlerini ger\u00e7ekle\u015ftirerek \u00fcretim verimlili\u011fini ve do\u011frulu\u011funu art\u0131ran robot kollar\u0131n\u0131n hareketinde kullan\u0131l\u0131r.<\/p>\n<\/li>\n<li>\n<h3>Tar\u0131m Makinalar\u0131<\/h3>\n<p>Kol silindirleri, bi\u00e7erd\u00f6ver ve tohum ekme makineleri gibi tar\u0131m makinelerinde, ekim, g\u00fcbreleme ve hasat gibi g\u00f6revleri yerine getirirken \u00e7al\u0131\u015fma kollar\u0131n\u0131n hareketini kontrol eder.<\/p>\n<\/li>\n<li>\n<h3>Madencilik<\/h3>\n<p>Kol silindirleri, madencilik ve cevher ta\u015f\u0131ma i\u015flerini ger\u00e7ekle\u015ftiren madencilik ekipmanlar\u0131n\u0131n kol hareketini kontrol etmek i\u00e7in kullan\u0131l\u0131r.<\/p>\n<\/li>\n<li>\n<h3>Lojistik ve Ta\u015f\u0131mac\u0131l\u0131k<\/h3>\n<p>Kol silindirleri, forkliftlerde ve ta\u015f\u0131ma robotlar\u0131nda \u00e7atallar\u0131n kald\u0131r\u0131lmas\u0131n\u0131 ve hareketini kontrol etmek, malzeme ta\u015f\u0131ma ve istiflemeyi ger\u00e7ekle\u015ftirmek i\u00e7in kullan\u0131l\u0131r.<\/p>\n<\/li>\n<\/ul>\n<h2>Tasar\u0131m Hususlar\u0131 ve Se\u00e7im Kriterleri<\/h2>\n<ul>\n<li>\n<h3>Ta\u015f\u0131ma Kapasitesi<\/h3>\n<p>Kol silindirinin uygun bir ta\u015f\u0131ma kapasitesine sahip olmas\u0131 gerekir; bu kapasite, tak\u0131ld\u0131\u011f\u0131 makine ekipman\u0131n\u0131n gereksinimlerine g\u00f6re belirlenmelidir.<\/p>\n<\/li>\n<li>\n<h3>S\u0131zd\u0131rmazl\u0131k<\/h3>\n<p>Piston ve kol s\u0131zd\u0131rmazl\u0131k elemanlar\u0131n\u0131n se\u00e7imi, kol silindirinin d\u00fczg\u00fcn \u00e7al\u0131\u015fmas\u0131 ve uzun \u00f6m\u00fcrl\u00fc olmas\u0131 i\u00e7in kritik \u00f6neme sahiptir. Poli\u00fcretan ve nitril kau\u00e7uk malzemeler, m\u00fckemmel a\u015f\u0131nma direnci ve s\u0131zd\u0131rmazl\u0131k performanslar\u0131 nedeniyle yayg\u0131n olarak kullan\u0131lmaktad\u0131r.<\/p>\n<\/li>\n<li>\n<h3>Dayan\u0131kl\u0131l\u0131k<\/h3>\n<p>Kol silindirinin, zorlu ortamlarda uzun s\u00fcreli kullan\u0131m sa\u011flamak i\u00e7in iyi a\u015f\u0131nma ve korozyon direncine sahip y\u00fcksek mukavemetli malzemelerden yap\u0131lmas\u0131 gerekir.<\/p>\n<\/li>\n<li>\n<h3>Emniyet<\/h3>\n<p>Kol silindiri, a\u015f\u0131r\u0131 y\u00fck koruma cihazlar\u0131 ve emniyet valfleri gibi kazalar\u0131 \u00f6nleyecek \u015fekilde tasarlanmal\u0131d\u0131r.<\/p>\n<\/li>\n<li>\n<h3>Bak\u0131m kolayl\u0131\u011f\u0131<\/h3>\n<p>Kol silindirinin tasar\u0131m\u0131nda, ekipman ar\u0131za s\u00fcresini azaltmak i\u00e7in kolay bak\u0131m ve de\u011fi\u015ftirme imkan\u0131 g\u00f6z \u00f6n\u00fcnde bulundurulmal\u0131d\u0131r. Kaliteli yedek par\u00e7alar\u0131n kullan\u0131m\u0131 da silindirin kullan\u0131m \u00f6mr\u00fcn\u00fc uzatabilir.<\/p>\n<\/li>\n<\/ul>\n<p><img decoding=\"async\" src=\"https:\/\/www.hydraulic-cylinders.net\/wp-content\/uploads\/2025\/01\/songte-cylinder-head-with-all-kinds-excavator-models.webp\" alt=\"Silindir kapa\u011f\u0131 g\u00f6r\u00fcnt\u00fcs\u00fc\"><\/p>\n<h2>S\u0131zd\u0131rmazl\u0131k ve Ya\u011flama<\/h2>\n<p>Kol silindiri, poli\u00fcretan ve nitril kau\u00e7uk gibi a\u015f\u0131nmaya dayan\u0131kl\u0131 malzemelerden yap\u0131lm\u0131\u015f piston s\u0131zd\u0131rmazl\u0131k halkalar\u0131 ve mil s\u0131zd\u0131rmazl\u0131k halkalar\u0131 gibi \u00e7e\u015fitli s\u0131zd\u0131rmazl\u0131k elemanlar\u0131 kullan\u0131r. Silindir g\u00f6vdesi ve di\u015fli u\u00e7 y\u00fczeyi, a\u015f\u0131nma direncini art\u0131rmak i\u00e7in hassas bir \u015fekilde i\u015flenmi\u015ftir. D\u00fczenli olarak uygun hidrolik ya\u011f eklenmesi, silindirin d\u00fczg\u00fcn hareketini sa\u011flar ve kullan\u0131m \u00f6mr\u00fcn\u00fc uzat\u0131r.<\/p>\n<p><img decoding=\"async\" src=\"https:\/\/www.hydraulic-cylinders.net\/wp-content\/uploads\/2025\/01\/songte-chushion-collar.webp\" alt=\"Silindir yakas\u0131 g\u00f6r\u00fcnt\u00fcs\u00fc\"><\/p>\n<h2>Muayene ve Bak\u0131m<\/h2>\n<ul>\n<li>\n<h3>D\u00fczenli Muayene<\/h3>\n<p>Kol silindirinin d\u00fczg\u00fcn \u00e7al\u0131\u015fmas\u0131n\u0131 sa\u011flamak ve olas\u0131 ar\u0131zalar\u0131 veya a\u015f\u0131nmalar\u0131 zaman\u0131nda tespit etmek i\u00e7in d\u00fczenli olarak kontrol edilmesi gerekir; bu, kazalar\u0131 \u00f6nleyebilir ve bak\u0131m maliyetlerini azaltabilir.<\/p>\n<\/li>\n<li>\n<h3>\u00d6nleyici Bak\u0131m<\/h3>\n<p>A\u015f\u0131nm\u0131\u015f veya hasar g\u00f6rm\u00fc\u015f par\u00e7alar\u0131n zaman\u0131nda de\u011fi\u015ftirilmesi ve kol silindirinin optimum performans\u0131n\u0131n ve kullan\u0131m \u00f6mr\u00fcn\u00fcn sa\u011flanmas\u0131 i\u00e7in d\u00fczenli olarak \u00f6nleyici bak\u0131m yap\u0131lmal\u0131d\u0131r.<\/p>\n<\/li>\n<\/ul>\n<h2>Kurulum K\u0131lavuzu<\/h2>\n<p>Montajdan \u00f6nce, kol silindirinin makine ekipman\u0131na uygunlu\u011funu ve do\u011fru montaj konumunu kontrol edin. Koruyucu kapa\u011f\u0131 \u00e7\u0131kar\u0131n ve piston koluna ve silindir g\u00f6vdesine uygun miktarda ya\u011flama ya\u011f\u0131 uygulay\u0131n. Silindiri tak\u0131n ve hidrolik sisteme ba\u011flay\u0131n. Do\u011fru \u00e7al\u0131\u015ft\u0131\u011f\u0131ndan emin olmak i\u00e7in kol silindirini yava\u015f\u00e7a test edin.<\/p>\n<p><img decoding=\"async\" src=\"https:\/\/www.hydraulic-cylinders.net\/wp-content\/uploads\/2025\/01\/songte-bushings-with-all-kinds-of-excavator-models.webp\" alt=\"Silindir bur\u00e7 resmi\"><\/p>\n<h2>G\u00fcvenlik Hususlar\u0131 ve \u00c7evresel Fakt\u00f6rler<\/h2>\n<p>Kol silindirini kullan\u0131rken kazalar\u0131 \u00f6nlemek i\u00e7in g\u00fcvenlik \u00f6nlemleri al\u0131nmal\u0131d\u0131r. G\u00fcvenli ve g\u00fcvenilir \u00e7al\u0131\u015fma sa\u011flamak i\u00e7in a\u015f\u0131r\u0131 y\u00fck koruma cihazlar\u0131 ve emniyet valfleri tak\u0131labilir. Optimum performans ve uzun \u00f6m\u00fcr sa\u011flamak i\u00e7in kol silindiri se\u00e7ilirken s\u0131cakl\u0131k ve nem gibi \u00e7evresel fakt\u00f6rler de dikkate al\u0131nmal\u0131d\u0131r.<\/p>\n<h2>S\u0131k G\u00f6r\u00fclen Ar\u0131zalar ve Giderme<\/h2>\n<ul>\n<li>\n<h3>Silindir s\u0131z\u0131nt\u0131s\u0131<\/h3>\n<p>Bu, s\u0131zd\u0131rmazl\u0131k elemanlar\u0131n\u0131n hasar g\u00f6rmesinden kaynaklanan yayg\u0131n bir ar\u0131zad\u0131r. Daha fazla s\u0131z\u0131nt\u0131y\u0131 \u00f6nlemek i\u00e7in hasarl\u0131 contalar\u0131 zaman\u0131nda de\u011fi\u015ftirin.<\/p>\n<\/li>\n<li>\n<h3>Silindir b\u00fckme<\/h3>\n<p>Bu ar\u0131za genellikle a\u015f\u0131r\u0131 y\u00fck veya \u00e7arp\u0131\u015fmadan kaynaklan\u0131r. Y\u00fck\u00fc ve \u00e7al\u0131\u015fma ko\u015fullar\u0131n\u0131 kontrol edin ve hasarl\u0131 silindiri zaman\u0131nda de\u011fi\u015ftirin.<\/p>\n<\/li>\n<li>\n<h3>Silindir g\u00fcr\u00fclt\u00fcs\u00fc<\/h3>\n<p>Bu ar\u0131za genellikle hidrolik sistemde hava bulunmas\u0131ndan veya yetersiz ya\u011flamadan kaynaklan\u0131r. G\u00fcr\u00fclt\u00fcy\u00fc gidermek i\u00e7in hidrolik sistemi kontrol edin ve ya\u011flama ya\u011f\u0131 ekleyin.<\/p>\n<\/li>\n<\/ul>\n<p>Bu sorunlar\u0131 etkili bir \u015fekilde te\u015fhis etmek ve \u00e7\u00f6zmek i\u00e7in \u00fcreticinin talimatlar\u0131na bak\u0131n veya profesyonel bir teknisyene dan\u0131\u015f\u0131n.<\/p>\n<p><img decoding=\"async\" src=\"https:\/\/www.hydraulic-cylinders.net\/wp-content\/uploads\/2025\/01\/songte-company-4.webp\" alt=\"\u015eirket imaj\u0131\"><br \/>\n<img decoding=\"async\" src=\"https:\/\/www.hydraulic-cylinders.net\/wp-content\/uploads\/2025\/01\/songte-company-3.webp\" alt=\"\u015eirket imaj\u0131\"><\/p>\n<h2>Hakk\u0131m\u0131zda<\/h2>\n<p>Geni\u015f \u00fcr\u00fcn yelpazesiyle profesyonel bir yedek hidrolik silindir \u00fcreticisiyiz ve hem yurt i\u00e7i hem de uluslararas\u0131 pazarlarda \u00f6nde gelen hidrolik silindir \u00fcreticilerinden ve toptanc\u0131lar\u0131ndan biri haline geldik. Her zaman m\u00fckemmel kalite ilkesine ba\u011fl\u0131 kalarak, rafine at\u00f6lyesinin end\u00fcstriyel \u00fcretim y\u00f6netim stratejisine dayanarak, teknik seviyemizi ve \u00fcretim verimlili\u011fimizi s\u00fcrekli olarak geli\u015ftiriyoruz. Y\u00fcksek teknoloji \u00fcr\u00fcn\u00fc dijital \u00fcretim ekipmanlar\u0131 ve profesyonel test sistemleri kullanarak, \u00fcretim platformunu optimize ediyor ve \u00fcr\u00fcn kalite kontrol s\u00fcrecini iyile\u015ftirerek g\u00fc\u00e7l\u00fc inovasyon yeteneklerine sahibiz. Amac\u0131m\u0131z, m\u00fc\u015fterilerimizin \u00e7e\u015fitli ihtiya\u00e7lar\u0131n\u0131 y\u00fcksek verimlilik, hassasiyet ve y\u00fcksek kaliteyle kar\u015f\u0131lamakt\u0131r.<\/p>\n<ul>\n<li>\n<h3>Profesyonellik<\/h3>\n<p>\u00dcr\u00fcnlerimizin kalitesini ve performans\u0131n\u0131 sa\u011flamak i\u00e7in profesyonel teknik personelimiz ve geli\u015fmi\u015f \u00fcretim ekipmanlar\u0131m\u0131z bulunmaktad\u0131r.<\/p>\n<\/li>\n<li>\n<h3>Uluslararas\u0131 Sertifikasyon<\/h3>\n<p>\u00dcr\u00fcnlerimiz ISO9001, CE ve SGS gibi uluslararas\u0131 sertifikalar\u0131 alarak kalite ve g\u00fcvenilirliklerini garanti alt\u0131na alm\u0131\u015ft\u0131r.<\/p>\n<\/li>\n<li>\n<h3>\u00d6zelle\u015ftirilmi\u015f Hizmet<\/h3>\n<p>M\u00fc\u015fterilerimizin farkl\u0131 ihtiya\u00e7lar\u0131n\u0131 kar\u015f\u0131lamak i\u00e7in \u00f6zelle\u015ftirilmi\u015f hizmetler sunuyoruz.<\/p>\n<\/li>\n<li>\n<h3>\u00dcretim Ekipmanlar\u0131<\/h3>\n<p>\u00dcr\u00fcnlerimizin do\u011frulu\u011funu ve verimlili\u011fini sa\u011flamak i\u00e7in geli\u015fmi\u015f dijital \u00fcretim ekipmanlar\u0131 kullan\u0131yoruz.<\/p>\n<\/li>\n<li>\n<h3>Sat\u0131\u015f Sonras\u0131 Hizmet<\/h3>\n<p>Teknik destek, yedek par\u00e7a temini ve bak\u0131m dahil olmak \u00fczere kapsaml\u0131 sat\u0131\u015f sonras\u0131 hizmetler sunuyoruz.<\/p>\n<\/li>\n<\/ul>\n<p>Yazar: lyl<\/p>","protected":false},"excerpt":{"rendered":"<p>Arm Cylinder For JCM Middle Excavator 922D Introduction Definition Arm cylinder is a specialized hydraulic cylinder that is mainly used to provide linear motion and power for the arms of various machinery such as excavators, cranes, and robotic arms. The arm cylinder plays a critical role in the hydraulic system, enabling the effective movement and [&hellip;]<\/p>","protected":false},"featured_media":14772,"comment_status":"open","ping_status":"closed","template":"","meta":{"_et_pb_use_builder":"","_et_pb_old_content":"","_et_gb_content_width":""},"product_brand":[],"product_cat":[1497],"product_tag":[1498,1496],"class_list":{"0":"post-16601","1":"product","2":"type-product","3":"status-publish","4":"has-post-thumbnail","6":"product_cat-arm-cylinders","7":"product_tag-arm-cylinders","8":"product_tag-hydraulic-cylinders","10":"first","11":"instock","12":"shipping-taxable","13":"product-type-simple"},"amp_enabled":true,"_links":{"self":[{"href":"https:\/\/www.hydraulic-cylinders.net\/tr\/wp-json\/wp\/v2\/product\/16601","targetHints":{"allow":["GET"]}}],"collection":[{"href":"https:\/\/www.hydraulic-cylinders.net\/tr\/wp-json\/wp\/v2\/product"}],"about":[{"href":"https:\/\/www.hydraulic-cylinders.net\/tr\/wp-json\/wp\/v2\/types\/product"}],"replies":[{"embeddable":true,"href":"https:\/\/www.hydraulic-cylinders.net\/tr\/wp-json\/wp\/v2\/comments?post=16601"}],"wp:featuredmedia":[{"embeddable":true,"href":"https:\/\/www.hydraulic-cylinders.net\/tr\/wp-json\/wp\/v2\/media\/14772"}],"wp:attachment":[{"href":"https:\/\/www.hydraulic-cylinders.net\/tr\/wp-json\/wp\/v2\/media?parent=16601"}],"wp:term":[{"taxonomy":"product_brand","embeddable":true,"href":"https:\/\/www.hydraulic-cylinders.net\/tr\/wp-json\/wp\/v2\/product_brand?post=16601"},{"taxonomy":"product_cat","embeddable":true,"href":"https:\/\/www.hydraulic-cylinders.net\/tr\/wp-json\/wp\/v2\/product_cat?post=16601"},{"taxonomy":"product_tag","embeddable":true,"href":"https:\/\/www.hydraulic-cylinders.net\/tr\/wp-json\/wp\/v2\/product_tag?post=16601"}],"curies":[{"name":"wp","href":"https:\/\/api.w.org\/{rel}","templated":true}]}}