{"id":16606,"date":"2025-01-21T05:37:24","date_gmt":"2025-01-21T05:37:24","guid":{"rendered":"https:\/\/www.hydraulic-cylinders.net\/product\/arm-cylinder-for-jcm-large-excavator-mc456lc-8\/"},"modified":"2025-01-21T05:37:30","modified_gmt":"2025-01-21T05:37:30","slug":"arm-cylinder-for-jcm-large-excavator-mc456lc-8","status":"publish","type":"product","link":"https:\/\/www.hydraulic-cylinders.net\/tr\/urun\/arm-cylinder-for-jcm-large-excavator-mc456lc-8\/","title":{"rendered":"JCM B\u00fcy\u00fck Ekskavat\u00f6r MC456LC-8 i\u00e7in Kol Silindiri"},"content":{"rendered":"<p><!DOCTYPE html><br \/>\n<html><br \/>\n<head><br \/>\n<title>JCM B\u00fcy\u00fck Ekskavat\u00f6r MC456LC-8 i\u00e7in Kol Silindiri<\/title><br \/>\n<\/head><br \/>\n<body><\/p>\n<h1>JCM B\u00fcy\u00fck Ekskavat\u00f6r MC456LC-8 i\u00e7in Kol Silindiri<\/h1>\n<h2>girii\u015f<\/h2>\n<p>Kol silindiri, ekskavat\u00f6rler, vin\u00e7ler ve robot kollar\u0131 gibi \u00e7e\u015fitli makinelerin koluna do\u011frusal hareket ve g\u00fc\u00e7 sa\u011flayan \u00f6zel olarak tasarlanm\u0131\u015f bir hidrolik silindirdir. Hidrolik sistemlerde \u00e7ok \u00f6nemli bir rol oynayarak, ata\u015fmanlar\u0131n veya aksesuarlar\u0131n verimli hareketini ve kontrol\u00fcn\u00fc sa\u011flar. Bu silindirler, d\u00fczg\u00fcn hareket sa\u011flar ve a\u011f\u0131r y\u00fckleri ta\u015f\u0131yabilir, b\u00f6ylece \u00e7e\u015fitli \u00e7al\u0131\u015fma ko\u015fullar\u0131nda makinelerin y\u00fcksek verimlili\u011fini ve g\u00fcvenilirli\u011fini garanti eder.<\/p>\n<p><img decoding=\"async\" src=\"https:\/\/www.hydraulic-cylinders.net\/wp-content\/uploads\/2025\/01\/songte-company-2.webp\" alt=\"Kol Silindiri G\u00f6r\u00fcnt\u00fcs\u00fc\"><\/p>\n<h2>\u00d6zellikler<\/h2>\n<ul>\n<li><strong>Y\u00fcksek Verimli \u015eanz\u0131man:<\/strong> Kol Silindiri g\u00fc\u00e7l\u00fc do\u011frusal hareket ve kuvvet sa\u011flayarak robot kolunun \u00e7e\u015fitli operasyonlarda y\u00fcksek performans g\u00f6stermesini sa\u011flar.<\/li>\n<li><strong>Hassas Kontrol:<\/strong> Hidrolik sistem sayesinde Kol Silindiri hassas hareket kontrol\u00fc sa\u011flayarak, ba\u011fl\u0131 tak\u0131mlar\u0131n \u00e7al\u0131\u015fmas\u0131n\u0131 daha esnek ve hassas hale getirir.<\/li>\n<li><strong>Dayan\u0131kl\u0131l\u0131k:<\/strong> Kol silindirleri genellikle y\u00fcksek mukavemetli malzemelerden \u00fcretilir ve m\u00fckemmel a\u015f\u0131nma ve korozyon direnci sunarak zorlu ortamlarda uzun s\u00fcreli kullan\u0131m i\u00e7in uygundur.<\/li>\n<li><strong>\u00c7ok Y\u00f6nl\u00fc Uyum:<\/strong> Bu silindirler, ekskavat\u00f6rler, vin\u00e7ler ve robotik kollar da dahil olmak \u00fczere \u00e7e\u015fitli makinelerde yayg\u0131n olarak kullan\u0131labilir ve farkl\u0131 \u00e7al\u0131\u015fma gereksinimlerine uyum sa\u011flayabilir.<\/li>\n<li><strong>Kolay Bak\u0131m:<\/strong> Kol silindirlerinin tasar\u0131m\u0131, bak\u0131m ve de\u011fi\u015ftirme kolayl\u0131\u011f\u0131n\u0131 g\u00f6z \u00f6n\u00fcnde bulundurarak d\u00fczenli denetim ve bak\u0131m\u0131 daha kolay hale getirir ve ekipman ar\u0131za s\u00fcresini azalt\u0131r.<\/li>\n<\/ul>\n<p><img decoding=\"async\" src=\"https:\/\/www.hydraulic-cylinders.net\/wp-content\/uploads\/2025\/01\/songte-oil-pipes-and-spare-parts.webp\" alt=\"Kol Silindiri Yedek Par\u00e7a G\u00f6rseli\"><\/p>\n<h2>Uygulamalar<\/h2>\n<ul>\n<li><strong>\u0130n\u015faat M\u00fchendisli\u011fi:<\/strong> Kol silindirleri, toprak ta\u015f\u0131ma, malzeme ta\u015f\u0131ma ve yap\u0131sal kurulum i\u015flerinde kep\u00e7e veya kollar\u0131n hareketini kontrol etmek i\u00e7in ekskavat\u00f6rlerde ve vin\u00e7lerde kullan\u0131l\u0131r.<\/li>\n<li><strong>\u00dcretim Sanayi:<\/strong> Otomatik \u00fcretim hatlar\u0131nda, kol silindirleri montaj, kaynak ve malzeme ta\u015f\u0131ma gibi i\u015flemlerde robot kollar\u0131n\u0131n hareketini sa\u011flamak i\u00e7in kullan\u0131l\u0131r ve \u00fcretim verimlili\u011fini ve hassasiyetini art\u0131r\u0131r.<\/li>\n<li><strong>Tar\u0131m Makinalar\u0131:<\/strong> Kol silindirleri, ekim, g\u00fcbreleme ve hasat gibi i\u015flemleri ger\u00e7ekle\u015ftiren bi\u00e7erd\u00f6ver ve ekim makineleri gibi tar\u0131m makinelerindeki \u00e7al\u0131\u015fma kollar\u0131n\u0131n hareketini kontrol eder.<\/li>\n<li><strong>Madencilik:<\/strong> Madencilik ekipmanlar\u0131nda, kol silindirleri, cevher \u00e7\u0131karma ve ta\u015f\u0131ma i\u015flemlerinde madencilik makinelerinin kol hareketini kontrol etmek i\u00e7in kullan\u0131l\u0131r.<\/li>\n<li><strong>Lojistik ve Ta\u015f\u0131mac\u0131l\u0131k:<\/strong> Forkliftlerde ve ta\u015f\u0131ma robotlar\u0131nda, kol silindirleri \u00e7atallar\u0131n kald\u0131rma ve hareketini kontrol ederek malzeme ta\u015f\u0131ma ve istiflemeyi m\u00fcmk\u00fcn k\u0131lar.<\/li>\n<\/ul>\n<h2>Tasar\u0131m Hususlar\u0131 ve Se\u00e7im Kriterleri<\/h2>\n<ul>\n<li><strong>Ta\u015f\u0131ma Kapasitesi:<\/strong> Kol silindirleri, g\u00fcvenli ve verimli \u00e7al\u0131\u015fma sa\u011flamak i\u00e7in belirli y\u00fck ve kuvvetlere dayanacak \u015fekilde tasarlanm\u0131\u015ft\u0131r.<\/li>\n<li><strong>S\u0131zd\u0131rmazl\u0131k:<\/strong> Piston contalar\u0131 ve mil contalar\u0131 gibi \u00e7e\u015fitli contalar kullan\u0131l\u0131r ve a\u015f\u0131nma direnci i\u00e7in poli\u00fcretan ve nitril kau\u00e7uk gibi dayan\u0131kl\u0131 malzemeler se\u00e7ilir.<\/li>\n<li><strong>Dayan\u0131kl\u0131l\u0131k:<\/strong> Silindir g\u00f6vdesi ve di\u015fli u\u00e7lar\u0131, a\u015f\u0131nma direncini art\u0131rmak i\u00e7in hassas y\u00fczey i\u015flemine tabi tutulur ve d\u00fczg\u00fcn \u00e7al\u0131\u015fmas\u0131 i\u00e7in hidrolik ya\u011f ile d\u00fczenli ya\u011flama gereklidir.<\/li>\n<\/ul>\n<p><img decoding=\"async\" src=\"https:\/\/www.hydraulic-cylinders.net\/wp-content\/uploads\/2025\/01\/songte-cylinder-head-with-all-kinds-excavator-models.webp\" alt=\"Kol Silindiri Silindir Ba\u015fl\u0131\u011f\u0131 Resmi\"><\/p>\n<h2>D\u00fczenli Muayene ve \u00d6nleyici Bak\u0131m<\/h2>\n<ul>\n<li>Kol silindirini d\u00fczenli olarak s\u0131z\u0131nt\u0131, hasar veya anormal a\u015f\u0131nma belirtileri a\u00e7\u0131s\u0131ndan kontrol edin.<\/li>\n<li>Silindirin uygun \u015fekilde ya\u011fland\u0131\u011f\u0131ndan emin olun ve hidrolik ya\u011f\u0131n\u0131 \u00fcreticinin \u00f6nerdi\u011fi \u015fekilde de\u011fi\u015ftirin.<\/li>\n<li>Gev\u015fek olan t\u00fcm ba\u011flant\u0131 noktalar\u0131n\u0131 ve delikleri s\u0131k\u0131n.<\/li>\n<li>A\u015f\u0131nm\u0131\u015f contalar\u0131 veya hasarl\u0131 par\u00e7alar\u0131 kontrol edin ve gerekirse de\u011fi\u015ftirin.<\/li>\n<\/ul>\n<h2>\u00dcr\u00fcn Kurulum K\u0131lavuzu<\/h2>\n<p>Kol silindirini do\u011fru \u015fekilde takmak i\u00e7in \u015fu ad\u0131mlar\u0131 izleyin:<\/p>\n<ol>\n<li>Kaz\u0131c\u0131 veya i\u015f makinesini, sa\u011flam bir y\u00fczeye park ederek ve hidrolik sistemin bas\u0131nc\u0131n\u0131 d\u00fc\u015f\u00fcrerek haz\u0131rlay\u0131n.<\/li>\n<li>Kol silindirini, ba\u011flant\u0131 noktalar\u0131n\u0131 hizalayarak, belirtilen montaj alan\u0131na yerle\u015ftirin.<\/li>\n<li>Silindiri uygun c\u0131vatalarla g\u00fcvenli bir \u015fekilde sabitleyin ve do\u011fru hizalamay\u0131 sa\u011flay\u0131n.<\/li>\n<li>Hidrolik hortumlar\u0131 ve ba\u011flant\u0131 par\u00e7alar\u0131n\u0131 \u00fcreticinin talimatlar\u0131na g\u00f6re ba\u011flay\u0131n.<\/li>\n<li>T\u00fcm ba\u011flant\u0131lar\u0131 tekrar kontrol edin ve gerekirse s\u0131k\u0131n.<\/li>\n<li>Kol silindirinin i\u015flevselli\u011fini deneme ama\u00e7l\u0131 bir i\u015flem yaparak test edin.<\/li>\n<\/ol>\n<p><img decoding=\"async\" src=\"https:\/\/www.hydraulic-cylinders.net\/wp-content\/uploads\/2025\/01\/songte-bushings-with-all-kinds-of-excavator-models.webp\" alt=\"Kol Silindir Bur\u00e7lar\u0131 G\u00f6rseli\"><\/p>\n<h2>G\u00fcvenlik Hususlar\u0131 ve \u00c7evresel Fakt\u00f6rler<\/h2>\n<p>Kol silindirleri kullan\u0131l\u0131rken, kazalar\u0131 \u00f6nlemek ve \u00e7evreyi korumak i\u00e7in g\u00fcvenlik \u00f6nlemlerine uymak \u00e7ok \u00f6nemlidir. G\u00fcvenli\u011fe \u00f6ncelik verin:<\/p>\n<ul>\n<li>Operat\u00f6rlere ekipman kullan\u0131m\u0131 ve g\u00fcvenlik prosed\u00fcrleri konusunda uygun e\u011fitim verilmesi.<\/li>\n<li>Silindiri ve ilgili par\u00e7alar\u0131 d\u00fczenli olarak a\u015f\u0131nma, hasar veya ar\u0131za belirtileri a\u00e7\u0131s\u0131ndan kontrol edin.<\/li>\n<li>Bak\u0131m veya onar\u0131m faaliyetleri s\u0131ras\u0131nda eldiven ve koruyucu g\u00f6zl\u00fck gibi uygun ki\u015fisel koruyucu ekipman kullan\u0131lmal\u0131d\u0131r.<\/li>\n<li>Kullan\u0131lm\u0131\u015f hidrolik ya\u011f\u0131n ve di\u011fer potansiyel olarak tehlikeli maddelerin yerel y\u00f6netmeliklere uygun \u015fekilde imha edilmesi.<\/li>\n<\/ul>\n<p><img decoding=\"async\" src=\"https:\/\/www.hydraulic-cylinders.net\/wp-content\/uploads\/2025\/01\/songte-chushion-collar.webp\" alt=\"Kol Silindiri Yast\u0131k Yaka G\u00f6rseli\"><\/p>\n<h2>Sorun Giderme ve Yayg\u0131n Sorunlar<\/h2>\n<p>Kol silindirlerinde s\u0131k\u00e7a kar\u015f\u0131la\u015f\u0131lan baz\u0131 sorunlar \u015funlard\u0131r:<\/p>\n<ul>\n<li>Hidrolik s\u0131v\u0131 s\u0131z\u0131nt\u0131s\u0131<\/li>\n<li>Kald\u0131rma kuvvetinin azalmas\u0131 veya kol hareketinin k\u0131s\u0131tlanmas\u0131<\/li>\n<li>\u00c7al\u0131\u015fma s\u0131ras\u0131nda a\u015f\u0131r\u0131 g\u00fcr\u00fclt\u00fc<\/li>\n<\/ul>\n<p>Bu sorunlar\u0131 \u00e7\u00f6zmek i\u00e7in:<\/p>\n<ul>\n<li>Hasarl\u0131 contalar\u0131 veya ba\u011flant\u0131lar\u0131 kontrol edin ve gerekirse de\u011fi\u015ftirin.<\/li>\n<li>Hidrolik sistemde herhangi bir t\u0131kan\u0131kl\u0131k veya ar\u0131za olup olmad\u0131\u011f\u0131n\u0131 kontrol edin.<\/li>\n<li>Hareketli par\u00e7alar\u0131n uygun \u015fekilde ya\u011fland\u0131\u011f\u0131ndan emin olun.<\/li>\n<\/ul>\n<p>\u00d6nleyici tedbirler \u015funlar\u0131 i\u00e7erir:<\/p>\n<ul>\n<li>Kol silindirinin \u00fcretici talimatlar\u0131na g\u00f6re d\u00fczenli olarak kontrol edilmesi ve bak\u0131m\u0131n\u0131n yap\u0131lmas\u0131.<\/li>\n<li>Makineyi belirtilen y\u00fck s\u0131n\u0131rlar\u0131 ve \u00e7al\u0131\u015fma parametreleri dahilinde \u00e7al\u0131\u015ft\u0131rmak.<\/li>\n<li>Silindirin d\u00fczenli olarak temizlenmesi ve ya\u011flanmas\u0131.<\/li>\n<\/ul>\n<p><img decoding=\"async\" src=\"https:\/\/www.hydraulic-cylinders.net\/wp-content\/uploads\/2025\/01\/songte-company-4.webp\" alt=\"Songte \u015eirket G\u00f6rseli\"><br \/>\n<img decoding=\"async\" src=\"https:\/\/www.hydraulic-cylinders.net\/wp-content\/uploads\/2025\/01\/songte-company-3.webp\" alt=\"Songte \u015eirket G\u00f6rseli\"><\/p>\n<p>Profesyonel bir hidrolik silindir yedek par\u00e7a \u00fcreticisiyiz ve geni\u015f bir \u00fcr\u00fcn yelpazesi sunuyoruz. Yurti\u00e7i ve yurtd\u0131\u015f\u0131 pazarlarda \u00f6nde gelen hidrolik silindir \u00fcreticilerinden ve toptanc\u0131lar\u0131ndan biri haline geldik. M\u00fckemmelli\u011fe olan ba\u011fl\u0131l\u0131\u011f\u0131m\u0131zla, geli\u015fmi\u015f \u00fcretim s\u00fcre\u00e7leri ve kalite kontrol sistemlerinin uygulanmas\u0131 yoluyla teknik uzmanl\u0131\u011f\u0131m\u0131z\u0131 ve \u00fcretim verimlili\u011fimizi s\u00fcrekli olarak geli\u015ftiriyoruz. \u00dcst d\u00fczey dijital \u00fcretim ekipmanlar\u0131 ve profesyonel test sistemleri kullanarak, g\u00fc\u00e7l\u00fc bir inovasyon yetene\u011fine sahibiz. Amac\u0131m\u0131z, m\u00fc\u015fterilerimizin \u00e7e\u015fitli ihtiya\u00e7lar\u0131n\u0131 verimlilik, hassasiyet ve y\u00fcksek kaliteli \u00fcr\u00fcnlerle kar\u015f\u0131lamakt\u0131r.<\/p>\n<p>\u015eirketimiz \u015funlarla gurur duyar:<\/p>\n<ul>\n<li>Profesyonellik<\/li>\n<li>Uluslararas\u0131 sertifikalar<\/li>\n<li>\u00d6zelle\u015ftirme hizmetleri<\/li>\n<li>Son teknoloji \u00fcretim ekipmanlar\u0131<\/li>\n<li>Sat\u0131\u015f sonras\u0131 hizmetler<\/li>\n<\/ul>\n<p>Yazar: lyl<\/p>\n<p><\/body><br \/>\n<\/html><\/p>","protected":false},"excerpt":{"rendered":"<p>Arm Cylinder For JCM Large Excavator MC456LC-8 Arm Cylinder For JCM Large Excavator MC456LC-8 Introduction The Arm Cylinder is a specially designed hydraulic cylinder that provides linear motion and power to the arm of various machinery, such as excavators, cranes, and robotic arms. It plays a crucial role in hydraulic systems, enabling the efficient movement [&hellip;]<\/p>","protected":false},"featured_media":14786,"comment_status":"open","ping_status":"closed","template":"","meta":{"_et_pb_use_builder":"","_et_pb_old_content":"","_et_gb_content_width":""},"product_brand":[],"product_cat":[1497],"product_tag":[1498,1496],"class_list":{"0":"post-16606","1":"product","2":"type-product","3":"status-publish","4":"has-post-thumbnail","6":"product_cat-arm-cylinders","7":"product_tag-arm-cylinders","8":"product_tag-hydraulic-cylinders","10":"first","11":"instock","12":"shipping-taxable","13":"product-type-simple"},"amp_enabled":true,"_links":{"self":[{"href":"https:\/\/www.hydraulic-cylinders.net\/tr\/wp-json\/wp\/v2\/product\/16606","targetHints":{"allow":["GET"]}}],"collection":[{"href":"https:\/\/www.hydraulic-cylinders.net\/tr\/wp-json\/wp\/v2\/product"}],"about":[{"href":"https:\/\/www.hydraulic-cylinders.net\/tr\/wp-json\/wp\/v2\/types\/product"}],"replies":[{"embeddable":true,"href":"https:\/\/www.hydraulic-cylinders.net\/tr\/wp-json\/wp\/v2\/comments?post=16606"}],"wp:featuredmedia":[{"embeddable":true,"href":"https:\/\/www.hydraulic-cylinders.net\/tr\/wp-json\/wp\/v2\/media\/14786"}],"wp:attachment":[{"href":"https:\/\/www.hydraulic-cylinders.net\/tr\/wp-json\/wp\/v2\/media?parent=16606"}],"wp:term":[{"taxonomy":"product_brand","embeddable":true,"href":"https:\/\/www.hydraulic-cylinders.net\/tr\/wp-json\/wp\/v2\/product_brand?post=16606"},{"taxonomy":"product_cat","embeddable":true,"href":"https:\/\/www.hydraulic-cylinders.net\/tr\/wp-json\/wp\/v2\/product_cat?post=16606"},{"taxonomy":"product_tag","embeddable":true,"href":"https:\/\/www.hydraulic-cylinders.net\/tr\/wp-json\/wp\/v2\/product_tag?post=16606"}],"curies":[{"name":"wp","href":"https:\/\/api.w.org\/{rel}","templated":true}]}}