{"id":16609,"date":"2025-01-21T05:37:39","date_gmt":"2025-01-21T05:37:39","guid":{"rendered":"https:\/\/www.hydraulic-cylinders.net\/product\/arm-cylinder-for-ihi-small-excavator-ihi20vxt\/"},"modified":"2025-01-21T05:37:41","modified_gmt":"2025-01-21T05:37:41","slug":"arm-cylinder-for-ihi-small-excavator-ihi20vxt","status":"publish","type":"product","link":"https:\/\/www.hydraulic-cylinders.net\/tr\/urun\/arm-cylinder-for-ihi-small-excavator-ihi20vxt\/","title":{"rendered":"IHI IHI20VXT K\u00fc\u00e7\u00fck Ekskavat\u00f6r \u0130\u00e7in Kol Silindiri"},"content":{"rendered":"<p><!DOCTYPE html><br \/>\n<html><br \/>\n<head><br \/>\n<title>IHI IHI20VXT K\u00fc\u00e7\u00fck Ekskavat\u00f6r \u0130\u00e7in Kol Silindiri<\/title><br \/>\n<\/head><br \/>\n<body><\/p>\n<h1>IHI IHI20VXT K\u00fc\u00e7\u00fck Ekskavat\u00f6r \u0130\u00e7in Kol Silindiri<\/h1>\n<h2>Tan\u0131m ve A\u00e7\u0131klama<\/h2>\n<p>Kol silindiri, ekskavat\u00f6rler, vin\u00e7ler ve robot kollar\u0131 gibi \u00e7e\u015fitli makinelerin koluna do\u011frusal hareket ve g\u00fc\u00e7 sa\u011flamak \u00fczere tasarlanm\u0131\u015f \u00f6zel bir hidrolik silindirdir. Hidrolik sistemlerde \u00e7ok \u00f6nemli bir rol oynayarak, ata\u015fmanlar\u0131n veya aksesuarlar\u0131n etkili hareketini ve kontrol\u00fcn\u00fc sa\u011flar. Bu silindirler sadece d\u00fczg\u00fcn hareket sa\u011flamakla kalmaz, ayn\u0131 zamanda a\u011f\u0131r y\u00fckleri de ta\u015f\u0131yarak, \u00e7e\u015fitli \u00e7al\u0131\u015fma ko\u015fullar\u0131 alt\u0131nda makinelerin verimli \u00e7al\u0131\u015fmas\u0131n\u0131 ve g\u00fcvenilirli\u011fini garanti eder.<\/p>\n<p><img decoding=\"async\" src=\"https:\/\/www.hydraulic-cylinders.net\/wp-content\/uploads\/2025\/01\/songte-company-2.webp\" alt=\"Kol Silindiri G\u00f6r\u00fcnt\u00fcs\u00fc\"><\/p>\n<h2>IHI IHI20VXT K\u00fc\u00e7\u00fck Ekskavat\u00f6r \u0130\u00e7in Kol Silindirinin \u00d6zellikleri<\/h2>\n<ul>\n<li><strong>Y\u00fcksek Verimli \u015eanz\u0131man:<\/strong> Kol silindiri g\u00fc\u00e7l\u00fc do\u011frusal hareket ve kuvvet sa\u011flayarak ekskavat\u00f6r kolunun \u00e7e\u015fitli operasyonlarda y\u00fcksek performans g\u00f6stermesini sa\u011flar.<\/li>\n<li><strong>Hassas Kontrol:<\/strong> Hidrolik sistem sayesinde kol silindiri hassas hareket kontrol\u00fc sa\u011flayarak, ata\u015fmanlar\u0131n daha esnek ve hassas \u00e7al\u0131\u015fmas\u0131n\u0131 sa\u011flar.<\/li>\n<li><strong>Dayan\u0131kl\u0131l\u0131k:<\/strong> Kol silindirleri genellikle y\u00fcksek mukavemetli malzemelerden \u00fcretilir ve m\u00fckemmel a\u015f\u0131nma ve korozyon direnci sunarak zorlu ortamlarda uzun s\u00fcreli kullan\u0131m i\u00e7in uygun hale gelir.<\/li>\n<li><strong>\u00c7ok Fonksiyonlu Uyarlanabilirlik:<\/strong> Bu silindirler ekskavat\u00f6rler, vin\u00e7ler ve robotik kollar gibi \u00e7e\u015fitli makinelere yayg\u0131n olarak uygulanabilir ve farkl\u0131 \u00e7al\u0131\u015fma gereksinimlerine uyum sa\u011flar.<\/li>\n<li><strong>Bak\u0131m Kolayl\u0131\u011f\u0131:<\/strong> Tasar\u0131mda bak\u0131m ve de\u011fi\u015ftirme kolayl\u0131\u011f\u0131 g\u00f6z \u00f6n\u00fcnde bulundurularak d\u00fczenli denetim ve bak\u0131m daha rahat hale getirilir ve ekipman ar\u0131za s\u00fcreleri azalt\u0131l\u0131r.<\/li>\n<\/ul>\n<p><img decoding=\"async\" src=\"https:\/\/www.hydraulic-cylinders.net\/wp-content\/uploads\/2025\/01\/songte-oil-pipes-and-spare-parts.webp\" alt=\"Kol Silindiri Yedek Par\u00e7a G\u00f6rseli\"><\/p>\n<h2>IHI IHI20VXT K\u00fc\u00e7\u00fck Ekskavat\u00f6r \u0130\u00e7in Kol Silindirinin Uygulamalar\u0131<\/h2>\n<p>Kol silindiri \u00e7e\u015fitli end\u00fcstri ve sekt\u00f6rlerde uygulama alan\u0131 bulmaktad\u0131r:<\/p>\n<h3>1. \u0130n\u015faat M\u00fchendisli\u011fi<\/h3>\n<p>Ekskavat\u00f6rlerde ve vin\u00e7lerde kol silindiri, toprak i\u015fleri, malzeme ta\u015f\u0131ma ve yap\u0131sal montaj i\u00e7in kova veya bomun hareketini kontrol eder.<\/p>\n<h3>2. \u00dcretim Sanayi<\/h3>\n<p>Otomatik \u00fcretim hatlar\u0131nda, kol silindiri robot kollar\u0131n\u0131n hareketini sa\u011flamak i\u00e7in kullan\u0131l\u0131r ve montaj, kaynak ve malzeme ta\u015f\u0131ma gibi s\u00fcre\u00e7leri kolayla\u015ft\u0131rarak \u00fcretim verimlili\u011fini ve do\u011frulu\u011funu art\u0131r\u0131r.<\/p>\n<h3>3. Tar\u0131m Makinalar\u0131<\/h3>\n<p>Bi\u00e7erd\u00f6ver ve tohum ekme makineleri gibi tar\u0131m makinelerinde, kol silindiri, tohum ekme, g\u00fcbreleme ve hasat gibi g\u00f6revleri yerine getiren \u00e7al\u0131\u015fma kollar\u0131n\u0131n hareketini kontrol eder.<\/p>\n<h3>4. Madencilik<\/h3>\n<p>Madencilik ekipmanlar\u0131nda kol silindiri, cevher \u00e7\u0131karma ve ta\u015f\u0131ma i\u00e7in madencilik makinelerinin kol hareketini kontrol etmek i\u00e7in kullan\u0131l\u0131r.<\/p>\n<h3>5. Lojistik ve Ta\u015f\u0131mac\u0131l\u0131k<\/h3>\n<p>Forkliftlerde ve ta\u015f\u0131ma robotlar\u0131nda, kol silindiri, \u00e7atallar\u0131n kald\u0131r\u0131lmas\u0131n\u0131 ve hareketini kontrol etmek i\u00e7in kullan\u0131l\u0131r ve bu da malzemelerin ta\u015f\u0131nmas\u0131n\u0131 ve istiflenmesini sa\u011flar.<\/p>\n<p><img decoding=\"async\" src=\"https:\/\/www.hydraulic-cylinders.net\/wp-content\/uploads\/2025\/01\/songte-chushion-collar.webp\" alt=\"Kol Silindiri Uygulama G\u00f6r\u00fcnt\u00fcs\u00fc\"><\/p>\n<h2>Tasar\u0131m Hususlar\u0131 ve Se\u00e7im Kriterleri<\/h2>\n<ul>\n<li><strong>Y\u00fck Ta\u015f\u0131ma Kapasitesi:<\/strong> Kol silindiri, gerekli y\u00fck\u00fc ta\u015f\u0131yacak ve ama\u00e7lanan uygulama i\u00e7in yeterli kuvveti sa\u011flayacak \u015fekilde tasarlanmal\u0131d\u0131r.<\/li>\n<li><strong>S\u0131zd\u0131rmazl\u0131k:<\/strong> Piston contalar\u0131 ve mil contalar\u0131 gibi \u00e7e\u015fitli s\u0131zd\u0131rmazl\u0131k elemanlar\u0131 kullan\u0131lmal\u0131 ve a\u015f\u0131nmaya dayan\u0131kl\u0131l\u0131klar\u0131yla bilinen poli\u00fcretan ve nitril kau\u00e7uk gibi malzemeler se\u00e7ilmelidir. Silindir g\u00f6vdesi ve di\u015fli u\u00e7 y\u00fczeyleri, a\u015f\u0131nma direncini art\u0131rmak i\u00e7in ince i\u015fleme tabi tutulmal\u0131d\u0131r. Sorunsuz \u00e7al\u0131\u015fma i\u00e7in uygun miktarda hidrolik ya\u011f ile d\u00fczenli ya\u011flama gereklidir.<\/li>\n<li><strong>Dayan\u0131kl\u0131l\u0131k:<\/strong> Kol silindirinin dayan\u0131kl\u0131, a\u015f\u0131nmaya ve korozyona kar\u015f\u0131 diren\u00e7li olmas\u0131, zorlu \u00e7al\u0131\u015fma ko\u015fullar\u0131nda bile uzun bir hizmet \u00f6mr\u00fc sa\u011flamas\u0131 gerekmektedir.<\/li>\n<li><strong>Emniyet:<\/strong> Kaza riskini \u00f6nlemek ve operat\u00f6rlerin ve \u00e7evredeki personelin g\u00fcvenli\u011fini sa\u011flamak i\u00e7in bas\u0131n\u00e7 tahliye vanalar\u0131 ve emniyet kilitleri gibi g\u00fcvenlik \u00f6zellikleri entegre edilmelidir.<\/li>\n<li><strong>Bak\u0131m kolayl\u0131\u011f\u0131:<\/strong> Tasar\u0131m, bile\u015fenlerin kolay bak\u0131m\u0131n\u0131 ve de\u011fi\u015ftirilmesini sa\u011flayarak ar\u0131za s\u00fcrelerini azaltmal\u0131 ve genel operasyonel verimlili\u011fi art\u0131rmal\u0131d\u0131r.<\/li>\n<\/ul>\n<p><img decoding=\"async\" src=\"https:\/\/www.hydraulic-cylinders.net\/wp-content\/uploads\/2025\/01\/songte-cylinder-head-with-all-kinds-excavator-models.webp\" alt=\"Kol Silindiri Tasar\u0131m G\u00f6rseli\"><\/p>\n<h2>D\u00fczenli Muayene ve \u00d6nleyici Bak\u0131m \u00d6nlemleri<\/h2>\n<p>Kol silindirinin optimum performans\u0131n\u0131 ve uzun \u00f6mr\u00fcn\u00fc sa\u011flamak i\u00e7in d\u00fczenli kontroller ve \u00f6nleyici bak\u0131m \u00f6nlemleri \u015fartt\u0131r:<\/p>\n<ul>\n<li>Silindirde s\u0131z\u0131nt\u0131, hasar veya a\u015f\u0131nma olup olmad\u0131\u011f\u0131n\u0131 kontrol edin.<\/li>\n<li>Contalar\u0131 kontrol edin ve gerekirse de\u011fi\u015ftirin.<\/li>\n<li>Silindir bile\u015fenlerini \u00f6nerilen hidrolik ya\u011f kullanarak d\u00fczenli olarak temizleyin ve ya\u011flay\u0131n.<\/li>\n<li>Filtreler ve vanalar dahil olmak \u00fczere hidrolik sistemi inceleyin ve bak\u0131m\u0131n\u0131 yap\u0131n.<\/li>\n<li>Bak\u0131m aral\u0131klar\u0131 ve prosed\u00fcrleri i\u00e7in \u00fcreticinin talimatlar\u0131n\u0131 izleyin.<\/li>\n<\/ul>\n<h2>\u00dcr\u00fcn Kurulum K\u0131lavuzu<\/h2>\n<p>Kol silindirinin do\u011fru montaj\u0131, performans\u0131 ve g\u00fcvenli\u011fi i\u00e7in \u00e7ok \u00f6nemlidir. L\u00fctfen \u015fu y\u00f6nergeleri izleyin:<\/p>\n<ul>\n<li>Eski silindirin \u00e7\u0131kar\u0131lmas\u0131 ve yenisinin tak\u0131lmas\u0131yla ilgili ayr\u0131nt\u0131l\u0131 talimatlar i\u00e7in ekipman k\u0131lavuzuna bak\u0131n.<\/li>\n<li>T\u00fcm ba\u011flant\u0131lar\u0131n iyice s\u0131k\u0131ld\u0131\u011f\u0131ndan emin olun.<\/li>\n<li>Silindirin ekipmanla hizalanmas\u0131n\u0131 do\u011frulay\u0131n.<\/li>\n<li>Silindirin \u00e7al\u0131\u015fmas\u0131n\u0131 etkileyebilecek herhangi bir parazit veya hizalama sorunu olup olmad\u0131\u011f\u0131n\u0131 kontrol edin.<\/li>\n<li>Silindiri tam olarak \u00e7al\u0131\u015ft\u0131rmadan \u00f6nce i\u015flevselli\u011fini test edin.<\/li>\n<\/ul>\n<p><img decoding=\"async\" src=\"https:\/\/www.hydraulic-cylinders.net\/wp-content\/uploads\/2025\/01\/songte-bushings-with-all-kinds-of-excavator-models.webp\" alt=\"Kol Silindiri Kurulum G\u00f6r\u00fcnt\u00fcs\u00fc\"><\/p>\n<h2>G\u00fcvenlik Hususlar\u0131 ve \u00c7evresel Fakt\u00f6rler<\/h2>\n<p>Kol silindirini kullan\u0131rken, kazalar\u0131 \u00f6nlemek ve g\u00fcvenli bir \u00e7al\u0131\u015fma ortam\u0131 sa\u011flamak i\u00e7in g\u00fcvenlik \u00f6nlemlerine \u00f6ncelik vermek \u00f6nemlidir. Operat\u00f6rler i\u00e7in yeterli e\u011fitim ve koruyucu ekipman \u015fartt\u0131r. Ayr\u0131ca, silindirin optimum performans\u0131n\u0131 ve uzun \u00f6mr\u00fcn\u00fc sa\u011flamak i\u00e7in s\u0131cakl\u0131k ve nem gibi \u00e7evresel fakt\u00f6rler de dikkate al\u0131nmal\u0131d\u0131r.<\/p>\n<h2>Sorun Giderme ve Yayg\u0131n Sorunlar<\/h2>\n<p>Dayan\u0131kl\u0131l\u0131klar\u0131na ra\u011fmen, kol silindirlerinde zamanla sorunlar ortaya \u00e7\u0131kabilir. \u0130\u015fte baz\u0131 yayg\u0131n sorunlar ve olas\u0131 \u00e7\u00f6z\u00fcmleri:<\/p>\n<ul>\n<li><strong>S\u0131z\u0131nt\u0131:<\/strong> Contalar\u0131 kontrol edin ve hasarl\u0131 veya a\u015f\u0131nm\u0131\u015fsa de\u011fi\u015ftirin. Uygun ya\u011flamay\u0131 sa\u011flay\u0131n ve gev\u015fek ba\u011flant\u0131lar\u0131 s\u0131k\u0131n.<\/li>\n<li><strong>Yava\u015f veya D\u00fczensiz Hareket:<\/strong> Hidrolik sistemde herhangi bir t\u0131kan\u0131kl\u0131k veya k\u0131s\u0131tlama olup olmad\u0131\u011f\u0131n\u0131 kontrol edin. Bas\u0131nc\u0131n ve ak\u0131\u015f h\u0131z\u0131n\u0131n belirtilen \u00f6zelliklere uygun oldu\u011fundan emin olun.<\/li>\n<li><strong>A\u015f\u0131r\u0131 G\u00fcr\u00fclt\u00fc:<\/strong> Silindirde gev\u015fek par\u00e7a veya hasar olup olmad\u0131\u011f\u0131n\u0131 kontrol edin. Hareketli par\u00e7alar\u0131 ya\u011flay\u0131n ve hizalama sorunlar\u0131n\u0131 kontrol edin.<\/li>\n<li><strong>A\u015f\u0131r\u0131 Is\u0131nma:<\/strong> Hidrolik s\u0131v\u0131 seviyesini ve kalitesini kontrol edin. So\u011futma sisteminin d\u00fczg\u00fcn \u00e7al\u0131\u015ft\u0131\u011f\u0131n\u0131 do\u011frulay\u0131n. \u00d6nerilen s\u0131v\u0131 \u00f6zellikleri i\u00e7in ekipman k\u0131lavuzuna bak\u0131n.<\/li>\n<li><strong>Beklenmeyen Silindir Hareketi:<\/strong> Kontrol vanalar\u0131n\u0131 inceleyin ve herhangi bir ar\u0131za veya yanl\u0131\u015f ayar olup olmad\u0131\u011f\u0131n\u0131 kontrol edin. Do\u011fru montaj ve hizalaman\u0131n sa\u011fland\u0131\u011f\u0131ndan emin olun.<\/li>\n<\/ul>\n<p><img decoding=\"async\" src=\"https:\/\/www.hydraulic-cylinders.net\/wp-content\/uploads\/2025\/01\/songte-chushion-collar.webp\" alt=\"Kol Silindiri Sorun Giderme G\u00f6r\u00fcnt\u00fcs\u00fc\"><\/p>\n<p>Makaleyi mant\u0131kl\u0131 bir \u015fekilde d\u00fczenlemeyi, kolay gezinme i\u00e7in alt ba\u015fl\u0131klar kullanmay\u0131, daha iyi anla\u015f\u0131lmas\u0131 i\u00e7in ilgili g\u00f6rseller veya grafikler eklemeyi ve i\u00e7eri\u011fin a\u00e7\u0131k, \u00f6zl\u00fc ve farkl\u0131 teknik bilgi seviyelerine sahip okuyucular i\u00e7in uygun olmas\u0131n\u0131 sa\u011flamay\u0131 unutmay\u0131n.<\/p>\n<p><em>Yazar: lyl<\/em><\/p>\n<hr>\n<h2>\u015eirketimiz Hakk\u0131nda<\/h2>\n<p>Geni\u015f \u00fcr\u00fcn yelpazesine sahip profesyonel bir hidrolik silindir yedek par\u00e7a \u00fcreticisiyiz. Hem yurt i\u00e7i hem de uluslararas\u0131 pazarlarda \u00f6nde gelen hidrolik silindir \u00fcreticilerinden ve toptanc\u0131lar\u0131ndan biri haline geldik. Kalitede m\u00fckemmellik ilkesini benimseyerek, son teknolojiye sahip \u00fcretim at\u00f6lyemizde end\u00fcstriyel \u00fcretim y\u00f6netim stratejileriyle teknolojik yeteneklerimizi ve \u00fcretim verimlili\u011fimizi s\u00fcrekli olarak geli\u015ftiriyoruz. Geli\u015fmi\u015f dijital \u00fcretim ekipmanlar\u0131 ve profesyonel test sistemleri kullanarak \u00fcretim platformumuzu optimize ediyor ve \u00fcr\u00fcn kalite kontrol s\u00fcre\u00e7lerimizi iyile\u015ftirerek g\u00fc\u00e7l\u00fc inovasyon yetenekleri sa\u011fl\u0131yoruz. Amac\u0131m\u0131z, verimlilik, hassasiyet ve y\u00fcksek kalite ilkeleriyle \u00e7e\u015fitli m\u00fc\u015fteri ihtiya\u00e7lar\u0131n\u0131 kar\u015f\u0131lamakt\u0131r.<\/p>\n<p><img","protected":false},"excerpt":{"rendered":"<p>Arm Cylinder For IHI Small Excavator IHI20VXT Arm Cylinder For IHI Small Excavator IHI20VXT Definition and Explanation The arm cylinder is a specialized hydraulic cylinder designed to provide linear motion and power to the arm of various machinery, such as excavators, cranes, and robotic arms. It plays a crucial role in hydraulic systems, enabling the [&hellip;]<\/p>","protected":false},"featured_media":14777,"comment_status":"open","ping_status":"closed","template":"","meta":{"_et_pb_use_builder":"","_et_pb_old_content":"","_et_gb_content_width":""},"product_brand":[],"product_cat":[1497],"product_tag":[1498,1496],"class_list":{"0":"post-16609","1":"product","2":"type-product","3":"status-publish","4":"has-post-thumbnail","6":"product_cat-arm-cylinders","7":"product_tag-arm-cylinders","8":"product_tag-hydraulic-cylinders","10":"first","11":"instock","12":"shipping-taxable","13":"product-type-simple"},"amp_enabled":true,"_links":{"self":[{"href":"https:\/\/www.hydraulic-cylinders.net\/tr\/wp-json\/wp\/v2\/product\/16609","targetHints":{"allow":["GET"]}}],"collection":[{"href":"https:\/\/www.hydraulic-cylinders.net\/tr\/wp-json\/wp\/v2\/product"}],"about":[{"href":"https:\/\/www.hydraulic-cylinders.net\/tr\/wp-json\/wp\/v2\/types\/product"}],"replies":[{"embeddable":true,"href":"https:\/\/www.hydraulic-cylinders.net\/tr\/wp-json\/wp\/v2\/comments?post=16609"}],"wp:featuredmedia":[{"embeddable":true,"href":"https:\/\/www.hydraulic-cylinders.net\/tr\/wp-json\/wp\/v2\/media\/14777"}],"wp:attachment":[{"href":"https:\/\/www.hydraulic-cylinders.net\/tr\/wp-json\/wp\/v2\/media?parent=16609"}],"wp:term":[{"taxonomy":"product_brand","embeddable":true,"href":"https:\/\/www.hydraulic-cylinders.net\/tr\/wp-json\/wp\/v2\/product_brand?post=16609"},{"taxonomy":"product_cat","embeddable":true,"href":"https:\/\/www.hydraulic-cylinders.net\/tr\/wp-json\/wp\/v2\/product_cat?post=16609"},{"taxonomy":"product_tag","embeddable":true,"href":"https:\/\/www.hydraulic-cylinders.net\/tr\/wp-json\/wp\/v2\/product_tag?post=16609"}],"curies":[{"name":"wp","href":"https:\/\/api.w.org\/{rel}","templated":true}]}}