{"id":16616,"date":"2025-01-21T05:38:06","date_gmt":"2025-01-21T05:38:06","guid":{"rendered":"https:\/\/www.hydraulic-cylinders.net\/product\/arm-cylinder-for-bobcat-small-excavator-e42\/"},"modified":"2025-01-21T05:38:07","modified_gmt":"2025-01-21T05:38:07","slug":"arm-cylinder-for-bobcat-small-excavator-e42","status":"publish","type":"product","link":"https:\/\/www.hydraulic-cylinders.net\/tr\/urun\/arm-cylinder-for-bobcat-small-excavator-e42\/","title":{"rendered":"Bobcat E42 K\u00fc\u00e7\u00fck Ekskavat\u00f6r \u0130\u00e7in Kol Silindiri"},"content":{"rendered":"<h1>Bobcat E42 K\u00fc\u00e7\u00fck Ekskavat\u00f6r \u0130\u00e7in Kol Silindiri<\/h1>\n<h2>girii\u015f<\/h2>\n<p>Kol silindiri, ekskavat\u00f6rler, vin\u00e7ler ve robot kollar\u0131 gibi \u00e7e\u015fitli makinelerin kollar\u0131na do\u011frusal hareket ve g\u00fc\u00e7 sa\u011flayan \u00f6zel olarak tasarlanm\u0131\u015f bir hidrolik silindirdir. Hidrolik sistemlerde \u00f6nemli bir rol oynayarak ek aletlerin veya ata\u015fmanlar\u0131n verimli hareketini ve kontrol\u00fcn\u00fc sa\u011flar. Bu silindirler sadece d\u00fczg\u00fcn hareket sa\u011flamakla kalmaz, ayn\u0131 zamanda a\u011f\u0131r y\u00fckleri de ta\u015f\u0131yarak \u00e7e\u015fitli \u00e7al\u0131\u015fma ko\u015fullar\u0131 alt\u0131nda makinelerin y\u00fcksek operasyonel verimlili\u011fini ve g\u00fcvenilirli\u011fini garanti eder.<\/p>\n<p><img decoding=\"async\" src=\"https:\/\/www.hydraulic-cylinders.net\/wp-content\/uploads\/2025\/01\/songte-company-2.webp\" alt=\"Kol Silindiri G\u00f6r\u00fcnt\u00fcs\u00fc\"><\/p>\n<h2>\u00d6zellikler<\/h2>\n<ul>\n<li>Y\u00fcksek Verimli Aktar\u0131m: Kol silindiri, g\u00fc\u00e7l\u00fc do\u011frusal hareket ve kuvvet sa\u011flayarak, makine kolunun \u00e7e\u015fitli i\u015flemlerde verimli performans g\u00f6stermesini garanti eder.<\/li>\n<li>Hassas Kontrol: Hidrolik sistem sayesinde kol silindiri hassas hareket kontrol\u00fc sa\u011flayarak, ba\u011fl\u0131 aletlerin \u00e7al\u0131\u015fmas\u0131n\u0131 daha esnek ve hassas hale getirir.<\/li>\n<li>Dayan\u0131kl\u0131l\u0131k: Kol silindirleri genellikle y\u00fcksek mukavemetli malzemelerden \u00fcretilir ve zorlu ortamlarda uzun s\u00fcreli kullan\u0131m i\u00e7in uygun, iyi a\u015f\u0131nma ve korozyon direnci sunar.<\/li>\n<li>\u00c7ok Y\u00f6nl\u00fc Uyarlanabilirlik: Bu silindirler, ekskavat\u00f6rler, vin\u00e7ler ve robotik kollar gibi \u00e7e\u015fitli makine ekipmanlar\u0131nda yayg\u0131n olarak kullan\u0131labilir ve farkl\u0131 i\u015f gereksinimlerine uyum sa\u011flar.<\/li>\n<li>Kolay Bak\u0131m: Bak\u0131m ve de\u011fi\u015ftirme kolayl\u0131\u011f\u0131 i\u00e7in tasarlanm\u0131\u015ft\u0131r; d\u00fczenli kontroller ve onar\u0131mlar kolayla\u015ft\u0131r\u0131l\u0131r, b\u00f6ylece ekipman ar\u0131za s\u00fcresi azal\u0131r.<\/li>\n<\/ul>\n<p><img decoding=\"async\" src=\"https:\/\/www.hydraulic-cylinders.net\/wp-content\/uploads\/2025\/01\/songte-oil-pipes-and-spare-parts.webp\" alt=\"\u00dcr\u00fcn G\u00f6rseli\"><\/p>\n<h2>Uygulamalar<\/h2>\n<p>Kol silindirleri \u00e7e\u015fitli sekt\u00f6rlerde ve senaryolarda uygulama alan\u0131 bulmaktad\u0131r:<\/p>\n<ul>\n<li>\u0130n\u015faat M\u00fchendisli\u011fi: Ekskavat\u00f6rlerde ve vin\u00e7lerde, kol silindirleri toprak i\u015fleri, malzeme ta\u015f\u0131ma ve yap\u0131 montaj\u0131 i\u00e7in kep\u00e7elerin veya bom kollar\u0131n\u0131n hareketini kontrol eder.<\/li>\n<li>\u00dcretim: Otomatik \u00fcretim hatlar\u0131nda, robot kollar\u0131n\u0131n hareketini sa\u011flamak, montaj, kaynak ve malzeme ta\u015f\u0131ma i\u015flemlerini ger\u00e7ekle\u015ftirmek ve b\u00f6ylece \u00fcretim verimlili\u011fini ve hassasiyetini art\u0131rmak i\u00e7in kol silindirleri kullan\u0131l\u0131r.<\/li>\n<li>Tar\u0131m Makineleri: Bi\u00e7erd\u00f6ver ve tohum ekme makineleri gibi tar\u0131m ekipmanlar\u0131nda, kol silindirleri \u00e7al\u0131\u015fma kollar\u0131n\u0131n hareketini kontrol ederek ekim, g\u00fcbreleme ve hasat gibi g\u00f6revleri yerine getirir.<\/li>\n<li>Madencilik: Madencilik ekipmanlar\u0131nda, kol silindirleri cevher \u00e7\u0131karma ve ta\u015f\u0131ma i\u015flemleri i\u00e7in madencilik makinelerinin kol hareketlerini kontrol eder.<\/li>\n<li>Lojistik ve Ta\u015f\u0131mac\u0131l\u0131k: Forkliftlerde ve ta\u015f\u0131ma robotlar\u0131nda, kol silindirleri \u00e7atallar\u0131n kald\u0131r\u0131lmas\u0131n\u0131 ve hareketini kontrol ederek malzeme ta\u015f\u0131ma ve istiflemeyi m\u00fcmk\u00fcn k\u0131lar.<\/li>\n<\/ul>\n<h2>Tasar\u0131m Hususlar\u0131 ve Se\u00e7im Kriterleri<\/h2>\n<p>Kol silindirlerinin tasar\u0131m\u0131nda dikkate al\u0131nmas\u0131 gereken birka\u00e7 \u00f6nemli husus ve se\u00e7im kriteri vard\u0131r:<\/p>\n<ul>\n<li>Y\u00fck ta\u015f\u0131ma kapasitesi<\/li>\n<li>S\u0131zd\u0131rmazl\u0131k yetenekleri<\/li>\n<li>Dayan\u0131kl\u0131l\u0131k<\/li>\n<li>Emniyet<\/li>\n<li>Bak\u0131m kolayl\u0131\u011f\u0131<\/li>\n<\/ul>\n<p><img decoding=\"async\" src=\"https:\/\/www.hydraulic-cylinders.net\/wp-content\/uploads\/2025\/01\/songte-cylinder-head-with-all-kinds-excavator-models.webp\" alt=\"\u00dcr\u00fcn G\u00f6rseli\"><\/p>\n<h2>S\u0131zd\u0131rmazl\u0131k ve Ya\u011flama<\/h2>\n<p>Kol silindirlerinde, poli\u00fcretan ve nitril kau\u00e7uk gibi a\u015f\u0131nmaya dayan\u0131kl\u0131 malzemelerden yap\u0131lm\u0131\u015f piston contalar\u0131 ve mil contalar\u0131 gibi \u00e7e\u015fitli s\u0131zd\u0131rmazl\u0131k bile\u015fenleri kullan\u0131l\u0131r. Silindir g\u00f6vdesi ve di\u015fli u\u00e7 y\u00fczeyleri, a\u015f\u0131nma direncini art\u0131rmak i\u00e7in ince bir i\u015flemden ge\u00e7irilir. Sorunsuz \u00e7al\u0131\u015fma sa\u011flamak i\u00e7in uygun hidrolik ya\u011f ile d\u00fczenli ya\u011flama gereklidir.<\/p>\n<h2>D\u00fczenli Muayene ve \u00d6nleyici Bak\u0131m<\/h2>\n<p>Kol silindirlerinin optimum performans\u0131 ve uzun \u00f6mr\u00fc i\u00e7in d\u00fczenli kontrol ve \u00f6nleyici bak\u0131m \u00f6nlemleri \u00e7ok \u00f6nemlidir. Bu \u00f6nlemlerden baz\u0131lar\u0131 \u015funlard\u0131r:<\/p>\n<ul>\n<li>S\u0131z\u0131nt\u0131 veya hasar olup olmad\u0131\u011f\u0131n\u0131 kontrol etmek<\/li>\n<li>Contalar\u0131n ve ya\u011flaman\u0131n kontrol\u00fc<\/li>\n<li>Gev\u015fek ba\u011flant\u0131lar\u0131 s\u0131k\u0131la\u015ft\u0131rmak<\/li>\n<li>A\u015f\u0131nm\u0131\u015f par\u00e7alar\u0131n de\u011fi\u015ftirilmesi<\/li>\n<\/ul>\n<h2>Do\u011fru \u00dcr\u00fcn Kurulumu<\/h2>\n<p>Kol silindirlerinin do\u011fru montaj\u0131, verimli \u00e7al\u0131\u015fmalar\u0131 i\u00e7in hayati \u00f6nem ta\u015f\u0131r. Montaj, \u00fcretici y\u00f6nergelerine uygun olarak ve hizalama, montaj ve tork \u00f6zellikleri gibi fakt\u00f6rler dikkate al\u0131narak yap\u0131lmal\u0131d\u0131r.<\/p>\n<p><img decoding=\"async\" src=\"https:\/\/www.hydraulic-cylinders.net\/wp-content\/uploads\/2025\/01\/songte-bushings-with-all-kinds-of-excavator-models.webp\" alt=\"\u00dcr\u00fcn G\u00f6rseli\"><\/p>\n<h2>G\u00fcvenlik Hususlar\u0131 ve \u00c7evresel Fakt\u00f6rler<\/h2>\n<p>Kol silindirleri kullan\u0131l\u0131rken g\u00fcvenlik \u00f6nlemleri son derece \u00f6nemlidir. Kazalar\u0131 \u00f6nlemek ve operat\u00f6rlerin ve \u00e7evredeki personelin sa\u011fl\u0131\u011f\u0131n\u0131 g\u00fcvence alt\u0131na almak i\u00e7in g\u00fcvenlik protokollerine ve y\u00f6netmeliklerine uymak \u00e7ok \u00f6nemlidir. Olumsuz etkileri en aza indirmek i\u00e7in \u00e7evresel fakt\u00f6rler de dikkate al\u0131nmal\u0131d\u0131r.<\/p>\n<h2>Ar\u0131za Te\u015fhisi ve Yayg\u0131n Sorunlar<\/h2>\n<p>Kol silindirlerinde, i\u015flevlerini aksatabilecek ar\u0131zalar veya yayg\u0131n sorunlar meydana gelebilir. Yayg\u0131n sorunlardan baz\u0131lar\u0131 s\u0131z\u0131nt\u0131lar, yetersiz g\u00fc\u00e7 ve anormal seslerdir. Etkili ar\u0131za tespiti ve problem \u00e7\u00f6zme teknikleri, bu sorunlar\u0131n te\u015fhis edilmesine ve \u00e7\u00f6z\u00fclmesine yard\u0131mc\u0131 olman\u0131n yan\u0131 s\u0131ra, potansiyel sorunlar\u0131 en aza indirmek i\u00e7in \u00f6nleyici tedbirler al\u0131nmas\u0131na da olanak tan\u0131r.<\/p>\n<p><img decoding=\"async\" src=\"https:\/\/www.hydraulic-cylinders.net\/wp-content\/uploads\/2025\/01\/songte-chushion-collar.webp\" alt=\"\u00dcr\u00fcn G\u00f6rseli\"><\/p>\n<p>Yazar: lyl<\/p>\n<h2>\u015eirketimiz Hakk\u0131nda<\/h2>\n<p>Geni\u015f \u00fcr\u00fcn yelpazesi sunan profesyonel bir hidrolik silindir yedek par\u00e7a \u00fcreticisiyiz. Yurti\u00e7i ve yurtd\u0131\u015f\u0131 pazarlarda \u00f6nde gelen hidrolik silindir \u00fcreticilerinden ve toptanc\u0131lar\u0131ndan biri haline geldik. M\u00fckemmelli\u011fe olan ba\u011fl\u0131l\u0131\u011f\u0131m\u0131zla, geli\u015fmi\u015f \u00fcretim at\u00f6lyemizde end\u00fcstriyel \u00fcretim y\u00f6netim stratejileriyle teknik uzmanl\u0131\u011f\u0131m\u0131z\u0131 ve \u00fcretim verimlili\u011fimizi s\u00fcrekli olarak geli\u015ftiriyoruz. Y\u00fcksek teknoloji \u00fcr\u00fcn\u00fc dijital \u00fcretim ekipmanlar\u0131 ve profesyonel test sistemleri kullanarak \u00fcretim platformumuzu optimize ediyor ve \u00fcr\u00fcn kalite kontrol s\u00fcre\u00e7lerimizi iyile\u015ftirerek g\u00fc\u00e7l\u00fc inovasyon yetenekleri sergiliyoruz. Amac\u0131m\u0131z, verimlilik, hassasiyet ve y\u00fcksek kaliteli \u00fcr\u00fcnler ilkeleriyle \u00e7e\u015fitli m\u00fc\u015fteri taleplerini kar\u015f\u0131lamakt\u0131r.<\/p>\n<p><img decoding=\"async\" src=\"https:\/\/www.hydraulic-cylinders.net\/wp-content\/uploads\/2025\/01\/songte-company-4.webp\" alt=\"\u015eirket \u0130maj\u0131\"><br \/>\n<img decoding=\"async\" src=\"https:\/\/www.hydraulic-cylinders.net\/wp-content\/uploads\/2025\/01\/songte-company-3.webp\" alt=\"\u015eirket \u0130maj\u0131\"><\/p>\n<p>\u015eirketimiz \u015fu \u00f6zellikleriyle bilinmektedir:<\/p>\n<ul>\n<li>Profesyonellik<\/li>\n<li>Uluslararas\u0131 sertifikalar<\/li>\n<li>\u00d6zelle\u015ftirme hizmetleri<\/li>\n<li>Geli\u015fmi\u015f \u00fcretim ekipmanlar\u0131<\/li>\n<li>Sat\u0131\u015f sonras\u0131 servis<\/li>\n<\/ul>\n<p>Makaleyi mant\u0131kl\u0131 bir \u015fekilde d\u00fczenlemeyi, kolay gezinme i\u00e7in alt ba\u015fl\u0131klar kullanmay\u0131, anlamay\u0131 kolayla\u015ft\u0131rmak i\u00e7in ilgili g\u00f6rseller veya grafikler eklemeyi ve farkl\u0131 teknik bilgi seviyelerine sahip okuyucular i\u00e7in uygun, a\u00e7\u0131k ve \u00f6zl\u00fc i\u00e7erik sa\u011flamay\u0131 unutmay\u0131n.<\/p>","protected":false},"excerpt":{"rendered":"<p>Arm Cylinder For Bobcat Small Excavator E42 Introduction Arm Cylinder is a specially designed hydraulic cylinder that provides linear motion and power to the arm of various machinery, such as excavators, cranes, and robotic arms. It plays a key role in hydraulic systems, enabling efficient movement and control of additional tools or attachments. These cylinders [&hellip;]<\/p>","protected":false},"featured_media":14786,"comment_status":"open","ping_status":"closed","template":"","meta":{"_et_pb_use_builder":"","_et_pb_old_content":"","_et_gb_content_width":""},"product_brand":[],"product_cat":[1497],"product_tag":[1498,1496],"class_list":{"0":"post-16616","1":"product","2":"type-product","3":"status-publish","4":"has-post-thumbnail","6":"product_cat-arm-cylinders","7":"product_tag-arm-cylinders","8":"product_tag-hydraulic-cylinders","10":"first","11":"instock","12":"shipping-taxable","13":"product-type-simple"},"amp_enabled":true,"_links":{"self":[{"href":"https:\/\/www.hydraulic-cylinders.net\/tr\/wp-json\/wp\/v2\/product\/16616","targetHints":{"allow":["GET"]}}],"collection":[{"href":"https:\/\/www.hydraulic-cylinders.net\/tr\/wp-json\/wp\/v2\/product"}],"about":[{"href":"https:\/\/www.hydraulic-cylinders.net\/tr\/wp-json\/wp\/v2\/types\/product"}],"replies":[{"embeddable":true,"href":"https:\/\/www.hydraulic-cylinders.net\/tr\/wp-json\/wp\/v2\/comments?post=16616"}],"wp:featuredmedia":[{"embeddable":true,"href":"https:\/\/www.hydraulic-cylinders.net\/tr\/wp-json\/wp\/v2\/media\/14786"}],"wp:attachment":[{"href":"https:\/\/www.hydraulic-cylinders.net\/tr\/wp-json\/wp\/v2\/media?parent=16616"}],"wp:term":[{"taxonomy":"product_brand","embeddable":true,"href":"https:\/\/www.hydraulic-cylinders.net\/tr\/wp-json\/wp\/v2\/product_brand?post=16616"},{"taxonomy":"product_cat","embeddable":true,"href":"https:\/\/www.hydraulic-cylinders.net\/tr\/wp-json\/wp\/v2\/product_cat?post=16616"},{"taxonomy":"product_tag","embeddable":true,"href":"https:\/\/www.hydraulic-cylinders.net\/tr\/wp-json\/wp\/v2\/product_tag?post=16616"}],"curies":[{"name":"wp","href":"https:\/\/api.w.org\/{rel}","templated":true}]}}