{"id":16618,"date":"2025-01-21T05:38:13","date_gmt":"2025-01-21T05:38:13","guid":{"rendered":"https:\/\/www.hydraulic-cylinders.net\/product\/arm-cylinder-for-bobcat-small-excavator-e63\/"},"modified":"2025-01-21T05:38:16","modified_gmt":"2025-01-21T05:38:16","slug":"arm-cylinder-for-bobcat-small-excavator-e63","status":"publish","type":"product","link":"https:\/\/www.hydraulic-cylinders.net\/tr\/urun\/arm-cylinder-for-bobcat-small-excavator-e63\/","title":{"rendered":"Bobcat K\u00fc\u00e7\u00fck Ekskavat\u00f6r E63 i\u00e7in Kol Silindiri"},"content":{"rendered":"<p>Bobcat K\u00fc\u00e7\u00fck Ekskavat\u00f6r E63 i\u00e7in Kol Silindiri<\/p>\n<p>Girii\u015f:<\/p>\n<p>Kol silindiri, ekskavat\u00f6rler, vin\u00e7ler ve robotik kollar gibi \u00e7e\u015fitli makine t\u00fcrlerinin kollar\u0131na do\u011frusal hareket ve g\u00fc\u00e7 sa\u011flamak i\u00e7in kullan\u0131lan \u00f6zel bir hidrolik silindirdir. Kol silindiri, hidrolik sistemlerde \u00f6nemli bir rol oynar ve ata\u015fmanlar\u0131n veya aksesuarlar\u0131n etkili bir \u015fekilde hareket etmesini ve kontrol edilmesini sa\u011flar. Bu silindirler sadece d\u00fczg\u00fcn hareket sa\u011flamakla kalmaz, ayn\u0131 zamanda a\u011f\u0131r y\u00fckleri de ta\u015f\u0131yarak makinelerin \u00e7e\u015fitli \u00e7al\u0131\u015fma ko\u015fullar\u0131nda verimli ve g\u00fcvenilir \u00e7al\u0131\u015fmas\u0131n\u0131 sa\u011flar.<\/p>\n<p>Tan\u0131m ve A\u00e7\u0131klama:<\/p>\n<p>Kol silindiri, makinelerin kollar\u0131na do\u011frusal hareket ve g\u00fc\u00e7 sa\u011flamak \u00fczere tasarlanm\u0131\u015f bir hidrolik silindirdir. Hidrolik silindirler, s\u0131v\u0131 bas\u0131nc\u0131ndan gelen enerjiyi mekanik kuvvete ve harekete d\u00f6n\u00fc\u015ft\u00fcrerek \u00e7al\u0131\u015f\u0131r. Kol silindiri, kolun hareketi i\u00e7in gerekli kuvveti sa\u011flayan hidrolik sistemin bir par\u00e7as\u0131d\u0131r. Hidrolik sistem; bir hidrolik pompa, hidrolik s\u0131v\u0131, hidrolik motor ve hidrolik silindirden olu\u015fur. <\/p>\n<p>Kol silindiri, y\u00fcksek bas\u0131nca ve a\u011f\u0131r y\u00fcklere dayanacak ve p\u00fcr\u00fczs\u00fcz ve hassas hareket sa\u011flayacak \u015fekilde tasarlanm\u0131\u015ft\u0131r. Silindir genellikle y\u00fcksek mukavemetli malzemelerden \u00fcretilir ve iyi a\u015f\u0131nma ve korozyon direncine sahip oldu\u011fundan zorlu ortamlarda kullan\u0131ma uygundur. Kol silindiri, ekskavat\u00f6rler, vin\u00e7ler ve robotik kollar gibi \u00e7e\u015fitli makinelerde yayg\u0131n olarak kullan\u0131l\u0131r.<\/p>\n<p>\u00d6zellikler:<\/p>\n<p>1. Y\u00fcksek Verimli \u015eanz\u0131man: Kol silindiri g\u00fc\u00e7l\u00fc do\u011frusal hareket ve kuvvet sa\u011flayarak, makine kolunun \u00e7e\u015fitli i\u015flemlerde y\u00fcksek verimlilikte performans g\u00f6stermesini sa\u011flar.<\/p>\n<p>2. Hassas Kontrol: Hidrolik sistemle kol silindiri hassas hareket kontrol\u00fc sa\u011flayabilir, bu da ata\u015fmanlar\u0131n \u00e7al\u0131\u015fmas\u0131n\u0131 daha esnek ve hassas hale getirir.<\/p>\n<p>3. G\u00fc\u00e7l\u00fc Dayan\u0131kl\u0131l\u0131k: Kol silindirleri genellikle y\u00fcksek mukavemetli malzemelerden yap\u0131l\u0131r ve iyi a\u015f\u0131nma ve korozyon direncine sahiptir, bu da onlar\u0131 zorlu ortamlarda uzun s\u00fcreli kullan\u0131ma uygun hale getirir.<\/p>\n<p>4. \u00c7ok Fonksiyonlu Uyarlanabilirlik: Bu silindirler ekskavat\u00f6rler, vin\u00e7ler ve robotik kollar gibi \u00e7e\u015fitli makinelerde yayg\u0131n olarak kullan\u0131labilir ve farkl\u0131 \u00e7al\u0131\u015fma gereksinimlerine uyum sa\u011flar.<\/p>\n<p>5. Kolay Bak\u0131m: Kol silindirinin tasar\u0131m\u0131 bak\u0131m ve de\u011fi\u015ftirme kolayl\u0131\u011f\u0131n\u0131 dikkate alarak, d\u00fczenli kontrol ve bak\u0131m yapmay\u0131 kolayla\u015ft\u0131rarak ekipman ar\u0131za s\u00fcresini azalt\u0131r.<\/p>\n<p>\u00dcretme:<\/p>\n<p>\u00dcr\u00fcnlerimiz bu hidrolik silindirlerin yerini m\u00fckemmel \u015fekilde alabilir. Kol silindirlerimiz y\u00fcksek kalitededir ve s\u0131k\u0131 kalite kontrolleri alt\u0131nda \u00fcretilmektedir. \u00dcr\u00fcnlerimizin dayan\u0131kl\u0131l\u0131\u011f\u0131n\u0131 ve g\u00fcvenilirli\u011fini sa\u011flamak i\u00e7in y\u00fcksek kaliteli malzemeler ve geli\u015fmi\u015f \u00fcretim ekipmanlar\u0131 kullan\u0131yoruz.<\/p>\n<p>Ba\u015fvuru:<\/p>\n<p>1. Bina \u0130n\u015faat\u0131: Ekskavat\u00f6rlerde ve vin\u00e7lerde, kol silindirleri toprak i\u015fleri, malzeme ta\u015f\u0131ma ve yap\u0131sal montaj i\u00e7in kova veya bomun hareketini kontrol etmek i\u00e7in kullan\u0131l\u0131r.<\/p>\n<p>2. \u00dcretim: Otomatik \u00fcretim hatlar\u0131nda, montaj, kaynak ve ta\u015f\u0131ma s\u00fcre\u00e7lerinde robot kollar\u0131n\u0131n hareket ettirilmesi i\u00e7in kol silindirleri kullan\u0131l\u0131r, bu da \u00fcretim verimlili\u011fini ve do\u011frulu\u011funu art\u0131r\u0131r.<\/p>\n<p>3. Tar\u0131m Makinalar\u0131: Bi\u00e7erd\u00f6ver ve ekim makineleri gibi tar\u0131m makinelerinde kol silindirleri, ekim, g\u00fcbreleme ve hasat gibi g\u00f6revleri ger\u00e7ekle\u015ftiren \u00e7al\u0131\u015fma kolunun hareketini kontrol eder.<\/p>\n<p>4. Madencilik: Madencilik ekipmanlar\u0131nda, kol silindirleri cevher \u00e7\u0131karma ve ta\u015f\u0131ma i\u00e7in madencilik ekipman\u0131 kolunun hareketini kontrol etmek i\u00e7in kullan\u0131l\u0131r.<\/p>\n<p>5. Lojistik ve Ta\u015f\u0131mac\u0131l\u0131k: Forkliftlerde ve ta\u015f\u0131ma robotlar\u0131nda, \u00e7atallar\u0131n hareketini ve kald\u0131r\u0131lmas\u0131n\u0131 kontrol etmek, malzemelerin ta\u015f\u0131nmas\u0131n\u0131 ve istiflenmesini sa\u011flamak i\u00e7in kol silindirleri kullan\u0131l\u0131r.<\/p>\n<p>Tasar\u0131m Hususlar\u0131:<\/p>\n<p>1. Y\u00fck Ta\u015f\u0131ma Kapasitesi: Kol silindiri, \u00e7al\u0131\u015fma s\u0131ras\u0131nda kar\u015f\u0131la\u015faca\u011f\u0131 maksimum y\u00fck\u00fc ta\u015f\u0131yacak \u015fekilde tasarlanmal\u0131, b\u00f6ylece emniyet ve g\u00fcvenilirlik sa\u011flanmal\u0131d\u0131r.<\/p>\n<p>2. S\u0131zd\u0131rmazl\u0131k: Hidrolik sistemin d\u00fczg\u00fcn \u00e7al\u0131\u015fmas\u0131n\u0131 sa\u011flamak i\u00e7in, kol silindiri s\u0131v\u0131 s\u0131z\u0131nt\u0131s\u0131n\u0131 \u00f6nlemek amac\u0131yla uygun \u015fekilde s\u0131zd\u0131rmaz hale getirilmelidir.<\/p>\n<p>3. Dayan\u0131kl\u0131l\u0131k: Kol silindiri, zorlu \u00e7al\u0131\u015fma ko\u015fullar\u0131na dayanacak \u015fekilde y\u00fcksek mukavemetli malzemelerden yap\u0131lmal\u0131 ve iyi a\u015f\u0131nma ve korozyon direncine sahip olmal\u0131d\u0131r.<\/p>\n<p>4. G\u00fcvenlik: Kol silindiri kazalar\u0131 \u00f6nleyecek ve insanlar\u0131n ve ekipman\u0131n g\u00fcvenli\u011fini sa\u011flayacak \u015fekilde tasarlanmal\u0131d\u0131r.<\/p>\n<p>5. Bak\u0131m: Kol silindiri, ekipman ar\u0131za s\u00fcresini ve bak\u0131m maliyetlerini azaltacak \u015fekilde bak\u0131m ve de\u011fi\u015ftirme kolayl\u0131\u011f\u0131 sa\u011flayacak \u015fekilde tasarlanmal\u0131d\u0131r.<\/p>\n<p>S\u0131zd\u0131rmazl\u0131k ve Ya\u011flama:<\/p>\n<p>Kol silindirinin sorunsuz \u00e7al\u0131\u015fmas\u0131n\u0131 sa\u011flamak i\u00e7in piston contalar\u0131 ve piston kolu contalar\u0131 gibi \u00e7e\u015fitli s\u0131zd\u0131rmazl\u0131k elemanlar\u0131 kullan\u0131l\u0131r. Bu contalar genellikle poli\u00fcretan ve nitril kau\u00e7uk gibi a\u015f\u0131nmaya dayan\u0131kl\u0131 malzemelerden \u00fcretilir. Ayr\u0131ca, silindir g\u00f6vdesinin ve di\u015fli u\u00e7lar\u0131n\u0131n y\u00fczeyi, a\u015f\u0131nma direncini art\u0131rmak i\u00e7in hassas bir \u015fekilde i\u015flenir. Hidrolik sistemin ya\u011flanmas\u0131n\u0131 sa\u011flamak i\u00e7in d\u00fczenli ya\u011f de\u011fi\u015fimleri ve uygun hidrolik ya\u011f kullan\u0131m\u0131 gereklidir.<\/p>\n<p>Bak\u0131m ve Onar\u0131m:<\/p>\n<p>G\u00fcvenilirli\u011fini ve emniyetini sa\u011flamak i\u00e7in kol silindirinin d\u00fczenli olarak kontrol edilmesi ve bak\u0131m\u0131 gereklidir. Kol silindirinde bir sorun varsa, zaman\u0131nda onar\u0131lmal\u0131 veya de\u011fi\u015ftirilmelidir. Kol silindirinin do\u011fru montaj\u0131 ve kullan\u0131m\u0131, ar\u0131za olas\u0131l\u0131\u011f\u0131n\u0131 azaltacak ve hizmet \u00f6mr\u00fcn\u00fc uzatacakt\u0131r.<\/p>\n<p>Kurulum K\u0131lavuzu:<\/p>\n<p>1. Montajdan \u00f6nce kol silindirinin g\u00f6r\u00fcn\u00fcm\u00fcn\u00fc kontrol edin ve silindiri ve montaj y\u00fczeyini temizleyin.<\/p>\n<p>2. Kol silindirini montaj talimatlar\u0131na g\u00f6re tak\u0131n ve c\u0131vatalar\u0131 s\u0131kmak i\u00e7in uygun aletleri kullan\u0131n.<\/p>\n<p>3. Hidrolik boru hatt\u0131n\u0131 kol silindirine ba\u011flay\u0131n ve d\u00fczg\u00fcn bir \u015fekilde kapat\u0131ld\u0131\u011f\u0131ndan emin olun.<\/p>\n<p>4. Hidrolik sistemi uygun hidrolik ya\u011f ile doldurun.<\/p>\n<p>5. Kol silindirinin d\u00fczg\u00fcn \u00e7al\u0131\u015ft\u0131\u011f\u0131ndan emin olmak i\u00e7in test edin.<\/p>\n<p>G\u00fcvenlik Hususlar\u0131:<\/p>\n<p>Kol silindiri kullan\u0131l\u0131rken, kazalar\u0131 \u00f6nlemek i\u00e7in gerekli g\u00fcvenlik \u00f6nlemleri al\u0131nmal\u0131d\u0131r. Kurulum talimatlar\u0131na uymak ve kol silindirini do\u011fru kullanmak \u00f6nemlidir. Kol silindirinde bir sorun varsa, kazalar\u0131 \u00f6nlemek i\u00e7in zaman\u0131nda onar\u0131lmal\u0131 veya de\u011fi\u015ftirilmelidir.<\/p>\n<p>Ar\u0131za Te\u015fhisi ve Yayg\u0131n Sorunlar:<\/p>\n<p>1. S\u0131z\u0131nt\u0131: S\u0131z\u0131nt\u0131, hidrolik silindirlerde yayg\u0131n bir sorundur ve hasarl\u0131 contalardan veya di\u011fer bile\u015fenlerden kaynaklanabilir.<\/p>\n<p>2. Zay\u0131f Hareket: Kol silindirinin zay\u0131f hareketi, d\u00fc\u015f\u00fck hidrolik bas\u0131n\u00e7, hasarl\u0131 silindir bile\u015fenleri veya t\u0131kal\u0131 bir hidrolik hatt\u0131 gibi \u00e7e\u015fitli fakt\u00f6rlerden kaynaklanabilir.<\/p>\n<p>3. Anormal G\u00fcr\u00fclt\u00fc: Anormal g\u00fcr\u00fclt\u00fc, hasarl\u0131 bile\u015fenler, d\u00fc\u015f\u00fck hidrolik bas\u0131n\u00e7 veya hidrolik sistemdeki hava gibi \u00e7e\u015fitli fakt\u00f6rlerden kaynaklanabilir.<\/p>\n<p>Sorun Giderme ve \u00d6nleme:<\/p>\n<p>1. S\u0131z\u0131nt\u0131: Hasarl\u0131 contalar\u0131 ve di\u011fer bile\u015fenleri de\u011fi\u015ftirin ve hidrolik sistemin d\u00fczg\u00fcn \u015fekilde kapat\u0131ld\u0131\u011f\u0131ndan emin olun.<\/p>\n<p>2. Zay\u0131f Hareket: Hidrolik bas\u0131nc\u0131n\u0131 kontrol edin, hasarl\u0131 bile\u015fenleri de\u011fi\u015ftirin ve hidrolik hatt\u0131n\u0131n t\u0131kal\u0131 olmad\u0131\u011f\u0131ndan emin olun.<\/p>\n<p>3. Anormal G\u00fcr\u00fclt\u00fc: Hasarl\u0131 bile\u015fenleri kontrol edin, hidrolik bas\u0131nc\u0131n\u0131 kontrol edin ve hidrolik sistemdeki havay\u0131 bo\u015falt\u0131n.<\/p>\n<p>\u00c7\u00f6z\u00fcm:<\/p>\n<p>Geni\u015f bir \u00fcr\u00fcn yelpazesine sahip profesyonel bir yedek hidrolik silindir \u00fcreticisiyiz ve yurt i\u00e7i ve yurt d\u0131\u015f\u0131 pazarlarda lider hidrolik silindir \u00fcreticilerinden ve toptan da\u011f\u0131t\u0131c\u0131lar\u0131ndan biri haline geldik. Her zaman m\u00fckemmel kalite ilkesine ba\u011fl\u0131 kal\u0131yor, teknoloji seviyemizi ve \u00fcretim verimlili\u011fimizi s\u00fcrekli iyile\u015ftirmek i\u00e7in hassas \u00fcretim at\u00f6lyelerimizde end\u00fcstriyel \u00fcretim y\u00f6netimi stratejilerine g\u00fcveniyoruz. Amac\u0131m\u0131z, m\u00fc\u015fterilerimizin \u00e7e\u015fitli ihtiya\u00e7lar\u0131n\u0131 y\u00fcksek verimlilik, hassasiyet ve y\u00fcksek kaliteli \u00fcr\u00fcnlerle kar\u015f\u0131lamakt\u0131r.<\/p>\n<p>\u015eirketimiz, profesyonel, uluslararas\u0131 sertifikal\u0131, \u00f6zelle\u015ftirilmi\u015f hizmetler, geli\u015fmi\u015f \u00fcretim ekipmanlar\u0131 ve m\u00fckemmel sat\u0131\u015f sonras\u0131 hizmetler sunmaya kendini adam\u0131\u015ft\u0131r. \u015eirketimizin geli\u015fimiyle birlikte, m\u00fc\u015fterilerimize y\u00fcksek kaliteli \u00fcr\u00fcn ve hizmetler sunmaya devam edece\u011fiz.<\/p>\n<p>Yazar: lyl<\/p>","protected":false},"excerpt":{"rendered":"<p>Arm Cylinder For Bobcat Small Excavator E63 Introduction: Arm cylinder is a specialized hydraulic cylinder that is mainly used to provide linear motion and power to the arms of various types of machinery such as excavators, cranes, and robotic arms. The arm cylinder plays a crucial role in hydraulic systems, enabling the effective movement and [&hellip;]<\/p>","protected":false},"featured_media":14779,"comment_status":"open","ping_status":"closed","template":"","meta":{"_et_pb_use_builder":"","_et_pb_old_content":"","_et_gb_content_width":""},"product_brand":[],"product_cat":[1497],"product_tag":[1498,1496],"class_list":{"0":"post-16618","1":"product","2":"type-product","3":"status-publish","4":"has-post-thumbnail","6":"product_cat-arm-cylinders","7":"product_tag-arm-cylinders","8":"product_tag-hydraulic-cylinders","10":"first","11":"instock","12":"shipping-taxable","13":"product-type-simple"},"amp_enabled":true,"_links":{"self":[{"href":"https:\/\/www.hydraulic-cylinders.net\/tr\/wp-json\/wp\/v2\/product\/16618","targetHints":{"allow":["GET"]}}],"collection":[{"href":"https:\/\/www.hydraulic-cylinders.net\/tr\/wp-json\/wp\/v2\/product"}],"about":[{"href":"https:\/\/www.hydraulic-cylinders.net\/tr\/wp-json\/wp\/v2\/types\/product"}],"replies":[{"embeddable":true,"href":"https:\/\/www.hydraulic-cylinders.net\/tr\/wp-json\/wp\/v2\/comments?post=16618"}],"wp:featuredmedia":[{"embeddable":true,"href":"https:\/\/www.hydraulic-cylinders.net\/tr\/wp-json\/wp\/v2\/media\/14779"}],"wp:attachment":[{"href":"https:\/\/www.hydraulic-cylinders.net\/tr\/wp-json\/wp\/v2\/media?parent=16618"}],"wp:term":[{"taxonomy":"product_brand","embeddable":true,"href":"https:\/\/www.hydraulic-cylinders.net\/tr\/wp-json\/wp\/v2\/product_brand?post=16618"},{"taxonomy":"product_cat","embeddable":true,"href":"https:\/\/www.hydraulic-cylinders.net\/tr\/wp-json\/wp\/v2\/product_cat?post=16618"},{"taxonomy":"product_tag","embeddable":true,"href":"https:\/\/www.hydraulic-cylinders.net\/tr\/wp-json\/wp\/v2\/product_tag?post=16618"}],"curies":[{"name":"wp","href":"https:\/\/api.w.org\/{rel}","templated":true}]}}