{"id":16619,"date":"2025-01-21T05:38:17","date_gmt":"2025-01-21T05:38:17","guid":{"rendered":"https:\/\/www.hydraulic-cylinders.net\/product\/arm-cylinder-for-bobcat-small-excavator-e324\/"},"modified":"2025-01-21T05:38:20","modified_gmt":"2025-01-21T05:38:20","slug":"arm-cylinder-for-bobcat-small-excavator-e324","status":"publish","type":"product","link":"https:\/\/www.hydraulic-cylinders.net\/tr\/urun\/arm-cylinder-for-bobcat-small-excavator-e324\/","title":{"rendered":"Bobcat E324 K\u00fc\u00e7\u00fck Ekskavat\u00f6r \u0130\u00e7in Kol Silindiri"},"content":{"rendered":"<h2>Bobcat E324 K\u00fc\u00e7\u00fck Ekskavat\u00f6r \u0130\u00e7in Kol Silindiri<\/h2>\n<h3>girii\u015f<\/h3>\n<p>Kol silindiri, ekskavat\u00f6rler, vin\u00e7ler ve robotik kollar gibi \u00e7e\u015fitli ekipman t\u00fcrlerine do\u011frusal hareket ve g\u00fc\u00e7 sa\u011flamak i\u00e7in \u00f6zel olarak tasarlanm\u0131\u015f bir hidrolik silindirdir. Kol silindiri, hidrolik sistemlerde \u00e7ok \u00f6nemli bir rol oynayarak ata\u015fmanlar\u0131n veya aksesuarlar\u0131n etkili bir \u015fekilde hareket etmesini ve kontrol edilmesini sa\u011flar. Bu silindirler sadece d\u00fczg\u00fcn hareket sa\u011flamakla kalmaz, ayn\u0131 zamanda a\u011f\u0131r y\u00fckleri de ta\u015f\u0131yabilir ve \u00e7e\u015fitli \u00e7al\u0131\u015fma ko\u015fullar\u0131 alt\u0131nda ekipman\u0131n verimli \u00e7al\u0131\u015fmas\u0131n\u0131 ve g\u00fcvenilirli\u011fini sa\u011flar.<\/p>\n<p><img decoding=\"async\" src=\"https:\/\/www.hydraulic-cylinders.net\/wp-content\/uploads\/2025\/01\/songte-company-2.webp\" alt=\"Kol Silindiri G\u00f6r\u00fcnt\u00fcs\u00fc\"><\/p>\n<h3>\u00d6zellikler<\/h3>\n<ul>\n<li><strong>Verimli G\u00fc\u00e7 Aktar\u0131m\u0131:<\/strong> Kol silindirleri g\u00fc\u00e7l\u00fc do\u011frusal hareket ve kuvvet sa\u011flayarak ekipman\u0131n \u00e7e\u015fitli i\u015flemlerde y\u00fcksek performans g\u00f6stermesini garanti eder.<\/li>\n<li><strong>Hassas Kontrol:<\/strong> Hidrolik sistem sayesinde, kol silindirleri hassas hareket kontrol\u00fc sa\u011flayarak aksesuar i\u015flemlerini daha esnek ve do\u011fru hale getirebilir.<\/li>\n<li><strong>G\u00fc\u00e7l\u00fc Dayan\u0131kl\u0131l\u0131k:<\/strong> Kol silindirleri genellikle y\u00fcksek mukavemetli malzemelerden \u00fcretilir; bu malzemeler iyi a\u015f\u0131nma ve korozyon direncine sahiptir ve zorlu ortamlarda uzun s\u00fcreli kullan\u0131m i\u00e7in uygundur.<\/li>\n<li><strong>\u00c7ok Fonksiyonlu Uyarlanabilirlik:<\/strong> Bu silindirler, farkl\u0131 \u00e7al\u0131\u015fma ihtiya\u00e7lar\u0131na uyum sa\u011flamak amac\u0131yla ekskavat\u00f6rler, vin\u00e7ler ve robot kollar\u0131 gibi \u00e7e\u015fitli mekanik ekipmanlarda yayg\u0131n olarak kullan\u0131labilir.<\/li>\n<li><strong>Kolay Bak\u0131m:<\/strong> Tasar\u0131mda kolay bak\u0131m ve de\u011fi\u015fim d\u00fc\u015f\u00fcn\u00fclerek, d\u00fczenli muayene ve bak\u0131m daha rahat hale getirilir ve ekipman ar\u0131za s\u00fcreleri azalt\u0131l\u0131r.<\/li>\n<\/ul>\n<p>\u00dcr\u00fcnlerimiz bu hidrolik silindirlerin yerini m\u00fckemmel \u015fekilde alabilir.<\/p>\n<p><img decoding=\"async\" src=\"https:\/\/www.hydraulic-cylinders.net\/wp-content\/uploads\/2025\/01\/songte-oil-pipes-and-spare-parts.webp\" alt=\"\u00dcr\u00fcn G\u00f6rseli\"><\/p>\n<h3>Uygulamalar<\/h3>\n<p>Kol silindirleri \u00e7e\u015fitli end\u00fcstrilerde ve uygulamalarda kullan\u0131labilir:<\/p>\n<ul>\n<li><strong>\u0130n\u015faat M\u00fchendisli\u011fi:<\/strong> Kaz\u0131c\u0131 makinelerde ve vin\u00e7lerde kep\u00e7e veya bomlar\u0131n hareketini kontrol etmek, toprak i\u015fleri yapmak, malzeme ta\u015f\u0131mak ve yap\u0131sal kurulum ger\u00e7ekle\u015ftirmek i\u00e7in kullan\u0131l\u0131r.<\/li>\n<li><strong>\u00dcretme:<\/strong> Otomatik \u00fcretim hatlar\u0131nda robot kollar\u0131n\u0131n hareketini kontrol etmek, montaj, kaynak ve ta\u015f\u0131ma i\u015flemlerini ger\u00e7ekle\u015ftirmek, \u00fcretim verimlili\u011fini ve do\u011frulu\u011funu art\u0131rmak i\u00e7in kullan\u0131l\u0131r.<\/li>\n<li><strong>Tar\u0131m Makinalar\u0131:<\/strong> Bi\u00e7erd\u00f6ver ve ekim makineleri gibi tar\u0131m makinelerinde, \u00e7al\u0131\u015fma kollar\u0131n\u0131n hareketini kontrol etmek, ekim, g\u00fcbreleme ve hasat i\u015flemlerini ger\u00e7ekle\u015ftirmek i\u00e7in kullan\u0131l\u0131r.<\/li>\n<li><strong>Madencilik:<\/strong> Madencilik ekipmanlar\u0131nda, ekipman kollar\u0131n\u0131n hareketini kontrol etmek, mineral \u00e7\u0131karma ve ta\u015f\u0131ma i\u015flemlerini ger\u00e7ekle\u015ftirmek i\u00e7in kullan\u0131l\u0131r.<\/li>\n<li><strong>Lojistik ve Ta\u015f\u0131mac\u0131l\u0131k:<\/strong> Forkliftlerde ve ta\u015f\u0131ma robotlar\u0131nda \u00e7atallar\u0131n kald\u0131rma ve hareketini kontrol etmek, malzeme ta\u015f\u0131ma ve istifleme i\u015flemlerini ger\u00e7ekle\u015ftirmek i\u00e7in kullan\u0131l\u0131r.<\/li>\n<\/ul>\n<h3>Tasar\u0131m Hususlar\u0131 ve Se\u00e7im Standartlar\u0131<\/h3>\n<p>Kol silindirleri tasarlan\u0131rken a\u015fa\u011f\u0131daki fakt\u00f6rler dikkate al\u0131nmal\u0131d\u0131r:<\/p>\n<ul>\n<li><strong>Ta\u015f\u0131ma Kapasitesi:<\/strong> Kol silindirlerinin, \u00e7e\u015fitli \u00e7al\u0131\u015fma ko\u015fullar\u0131 alt\u0131nda ekipman\u0131n istikrarl\u0131 ve g\u00fcvenli bir \u015fekilde \u00e7al\u0131\u015fmas\u0131n\u0131 sa\u011flamak i\u00e7in yeterli ta\u015f\u0131ma kapasitesine sahip olmas\u0131 gerekir.<\/li>\n<li><strong>S\u0131zd\u0131rmazl\u0131k:<\/strong> Hidrolik ya\u011f s\u0131z\u0131nt\u0131s\u0131n\u0131 \u00f6nlemek ve silindirin verimli \u00e7al\u0131\u015fmas\u0131n\u0131 sa\u011flamak i\u00e7in piston contalar\u0131 ve mil contalar\u0131 gibi \u00e7e\u015fitli s\u0131zd\u0131rmazl\u0131k bile\u015fenleri kullan\u0131lmal\u0131d\u0131r.<\/li>\n<li><strong>Dayan\u0131kl\u0131l\u0131k:<\/strong> Silindir g\u00f6vdesi ve di\u015fli u\u00e7 y\u00fczeyi, a\u015f\u0131nma ve korozyon direncini art\u0131rmak ve zorlu ortamlarda uzun s\u00fcreli kullan\u0131m sa\u011flamak i\u00e7in hassas bir \u015fekilde i\u015flenmelidir.<\/li>\n<li><strong>Emniyet:<\/strong> Kol silindirleri, ekipman\u0131n a\u015f\u0131r\u0131 y\u00fcklenmesini \u00f6nlemek ve g\u00fcvenli \u00e7al\u0131\u015fmay\u0131 sa\u011flamak i\u00e7in emniyet valfleri ve di\u011fer koruyucu cihazlarla donat\u0131lmal\u0131d\u0131r.<\/li>\n<li><strong>Bak\u0131m:<\/strong> Kol silindirleri, ekipman ar\u0131za s\u00fcresini ve bak\u0131m maliyetlerini azaltacak \u015fekilde, kolay bak\u0131m ve par\u00e7a de\u011fi\u015fimine olanak sa\u011flayacak \u015fekilde tasarlanmal\u0131d\u0131r.<\/li>\n<\/ul>\n<p><img decoding=\"async\" src=\"https:\/\/www.hydraulic-cylinders.net\/wp-content\/uploads\/2025\/01\/songte-cylinder-head-with-all-kinds-excavator-models.webp\" alt=\"Tasar\u0131m Hususlar\u0131 G\u00f6rseli\"><\/p>\n<h3>S\u0131zd\u0131rmazl\u0131k ve Ya\u011flama<\/h3>\n<p>Hidrolik ya\u011f s\u0131z\u0131nt\u0131s\u0131n\u0131 \u00f6nlemek i\u00e7in piston contalar\u0131, mil contalar\u0131 ve silecek contalar\u0131 gibi \u00e7e\u015fitli s\u0131zd\u0131rmazl\u0131k elemanlar\u0131 kullan\u0131lmal\u0131 ve bu s\u0131zd\u0131rmazl\u0131k elemanlar\u0131 poli\u00fcretan ve nitril kau\u00e7uk gibi a\u015f\u0131nmaya dayan\u0131kl\u0131 malzemelerden yap\u0131lmal\u0131d\u0131r. Silindir g\u00f6vdesi ve di\u015fli u\u00e7 y\u00fczeyi, a\u015f\u0131nma direncini ve korozyon direncini art\u0131rmak i\u00e7in hassas bir \u015fekilde i\u015flenmelidir. Verimli \u00e7al\u0131\u015fmay\u0131 sa\u011flamak i\u00e7in silindir d\u00fczenli olarak hidrolik ya\u011f ile ya\u011flanmal\u0131d\u0131r.<\/p>\n<h3>Bak\u0131m ve Onar\u0131m<\/h3>\n<p>D\u00fczenli denetim ve \u00f6nleyici bak\u0131m, ekipman ar\u0131za s\u00fcrelerini ve bak\u0131m maliyetlerini etkili bir \u015fekilde azaltabilir. A\u015fa\u011f\u0131daki \u00f6nlemler al\u0131nmal\u0131d\u0131r:<\/p>\n<ul>\n<li>Silindirin contalar\u0131n\u0131, pistonlar\u0131n\u0131 ve di\u011fer par\u00e7alar\u0131n\u0131 d\u00fczenli olarak kontrol edin ve gerekirse de\u011fi\u015ftirin.<\/li>\n<li>Hidrolik ya\u011f seviyesinin yeterli olup olmad\u0131\u011f\u0131n\u0131 kontrol edin ve gerekirse d\u00fczenli olarak de\u011fi\u015ftirin.<\/li>\n<li>Silindirin normal \u00e7al\u0131\u015f\u0131p \u00e7al\u0131\u015fmad\u0131\u011f\u0131n\u0131 kontrol edin ve anormal durumlar varsa onar\u0131m i\u015flemlerini ger\u00e7ekle\u015ftirin.<\/li>\n<\/ul>\n<p><img decoding=\"async\" src=\"https:\/\/www.hydraulic-cylinders.net\/wp-content\/uploads\/2025\/01\/songte-chushion-collar.webp\" alt=\"Bak\u0131m ve Onar\u0131m G\u00f6rseli\"><\/p>\n<h3>Kurulum K\u0131lavuzu<\/h3>\n<p>Kol silindirinin montaj\u0131 i\u00e7in a\u015fa\u011f\u0131daki ad\u0131mlar izlenmelidir:<\/p>\n<ol>\n<li>Montaj par\u00e7alar\u0131n\u0131 inceleyin, temizleyin ve d\u00fcz ve temiz olduklar\u0131ndan emin olun.<\/li>\n<li>Silindiri tak\u0131n ve c\u0131vatalar\u0131 belirtilen tork de\u011ferine kadar s\u0131k\u0131n.<\/li>\n<li>Hidrolik ya\u011f borular\u0131n\u0131 ba\u011flay\u0131n ve do\u011fru ve g\u00fcvenli bir \u015fekilde ba\u011fland\u0131klar\u0131ndan emin olun.<\/li>\n<li>Silindirin \u00e7al\u0131\u015fmas\u0131n\u0131 test edin ve normal \u015fekilde \u00e7al\u0131\u015ft\u0131\u011f\u0131ndan emin olun.<\/li>\n<\/ol>\n<p><img decoding=\"async\" src=\"https:\/\/www.hydraulic-cylinders.net\/wp-content\/uploads\/2025\/01\/songte-bushings-with-all-kinds-of-excavator-models.webp\" alt=\"Kurulum K\u0131lavuzu G\u00f6rseli\"><\/p>\n<h3>G\u00fcvenlik Hususlar\u0131 ve \u00c7evresel Fakt\u00f6rler<\/h3>\n<p>Kol silindirleri kullan\u0131l\u0131rken a\u015fa\u011f\u0131daki g\u00fcvenlik \u00f6nlemleri al\u0131nmal\u0131d\u0131r:<\/p>\n<ul>\n<li>A\u015f\u0131r\u0131 y\u00fcklenmeyi \u00f6nlemek i\u00e7in silindiri belirtilen ta\u015f\u0131ma kapasitesi aral\u0131\u011f\u0131nda kullan\u0131n.<\/li>\n<li>Silindir ar\u0131zas\u0131ndan kaynaklanabilecek kazalar\u0131 \u00f6nlemek i\u00e7in silindiri uygun koruyucu cihazlarla birlikte kullan\u0131n.<\/li>\n<li>G\u00fcvenli \u00e7al\u0131\u015fma sa\u011flamak i\u00e7in kullan\u0131m talimatlar\u0131na uyun ve d\u00fczenli olarak bak\u0131m ve onar\u0131m i\u015flemlerini ger\u00e7ekle\u015ftirin.<\/li>\n<li>\u00c7evre kirlili\u011fini \u00f6nlemek i\u00e7in kullan\u0131lm\u0131\u015f hidrolik ya\u011f\u0131 ve di\u011fer ilgili malzemeleri uygun \u015fekilde imha edin.<\/li>\n<\/ul>\n<h3>Sorun Giderme ve Yayg\u0131n Sorunlar<\/h3>\n<p>Kol silindirlerinde s\u0131k kar\u015f\u0131la\u015f\u0131lan sorunlar ve \u00e7\u00f6z\u00fcmleri \u015funlard\u0131r:<\/p>\n<ul>\n<li><strong>Ya\u011f S\u0131z\u0131nt\u0131s\u0131:<\/strong> Bu durum, silindir g\u00f6vdesi veya piston kolu y\u00fczeyindeki hasarl\u0131 contalardan veya \u00e7iziklerden kaynaklanabilir. \u00c7\u00f6z\u00fcm, contalar\u0131 de\u011fi\u015ftirmek veya hasarl\u0131 y\u00fczeyi onarmakt\u0131r.<\/li>\n<li><strong>Anormal Ses:<\/strong> Bu durum, piston kollar\u0131 ve bur\u00e7lar gibi par\u00e7alar\u0131n yanl\u0131\u015f montaj\u0131ndan veya a\u015f\u0131nmas\u0131ndan kaynaklanabilir. \u00c7\u00f6z\u00fcm, a\u015f\u0131nm\u0131\u015f par\u00e7alar\u0131 yeniden monte etmek veya de\u011fi\u015ftirmektir.<\/li>\n<li><strong>Yava\u015f Hareket:<\/strong> Bu durum, yetersiz hidrolik ya\u011fdan veya silindir g\u00f6vdesi ya da piston kolu y\u00fczeyindeki hasardan kaynaklanabilir. \u00c7\u00f6z\u00fcm, hidrolik ya\u011f\u0131 yeniden doldurmak veya hasarl\u0131 y\u00fczeyi onarmakt\u0131r.<\/li>\n<\/ul>\n<p>\u00d6nleyici tedbirler aras\u0131nda d\u00fczenli bak\u0131m ve denetim, hasarl\u0131 par\u00e7alar\u0131n de\u011fi\u015ftirilmesi ve olas\u0131 sorunlar\u0131 en aza indirmek i\u00e7in do\u011fru kullan\u0131m ve \u00e7al\u0131\u015ft\u0131rma yer almaktad\u0131r.<\/p>\n<p><img decoding=\"async\" src=\"https:\/\/www.hydraulic-cylinders.net\/wp-content\/uploads\/2025\/01\/songte-company-4.webp\" alt=\"\u015eirket Tan\u0131t\u0131m G\u00f6rseli\"><br \/>\n<img decoding=\"async\" src=\"https:\/\/www.hydraulic-cylinders.net\/wp-content\/uploads\/2025\/01\/songte-company-3.webp\" alt=\"\u015eirket Tan\u0131t\u0131m G\u00f6rseli\"><\/p>\n<h3>Hakk\u0131m\u0131zda<\/h3>\n<p>Geni\u015f \u00fcr\u00fcn yelpazesine sahip profesyonel bir hidrolik silindir yedek par\u00e7a \u00fcreticisiyiz. Yurti\u00e7i ve yurtd\u0131\u015f\u0131 pazarlarda \u00f6nde gelen hidrolik silindir \u00fcreticilerinden ve toptanc\u0131lar\u0131ndan biri haline geldik. Her zaman m\u00fckemmel kalite ilkesine ba\u011fl\u0131 kal\u0131yoruz ve geli\u015fmi\u015f \u00fcretim at\u00f6lyelerinde end\u00fcstriyel \u00fcretim y\u00f6netim stratejilerine dayanarak teknik seviyemizi ve \u00fcretim verimlili\u011fimizi s\u00fcrekli olarak geli\u015ftiriyoruz. Y\u00fcksek teknoloji \u00fcr\u00fcn\u00fc dijital \u00fcretim ekipmanlar\u0131 ve profesyonel test sistemleri kullanarak \u00fcretim platformunu s\u00fcrekli olarak optimize ediyor, \u00fcr\u00fcn kalite kontrol s\u00fcrecini iyile\u015ftiriyor ve g\u00fc\u00e7l\u00fc inovasyon yeteneklerine sahibiz. Amac\u0131m\u0131z, verimlilik, hassasiyet ve y\u00fcksek kalite ilkeleriyle m\u00fc\u015fterilerin \u00e7e\u015fitli ihtiya\u00e7lar\u0131n\u0131 kar\u015f\u0131lamakt\u0131r.<\/p>\n<p>\u015eirketimiz, m\u00fc\u015fterilerin en iyi \u00fcr\u00fcn ve hizmetleri almas\u0131n\u0131 sa\u011flamak i\u00e7in \u00f6zelle\u015ftirilmi\u015f hizmetler, uluslararas\u0131 sertifikalar, profesyonel teknik destek, geli\u015fmi\u015f \u00fcretim ekipmanlar\u0131 ve y\u00fcksek kaliteli sat\u0131\u015f sonras\u0131 hizmet sunmaktad\u0131r.<\/p>\n<p>Yazar: lyl<\/p>","protected":false},"excerpt":{"rendered":"<p>Arm Cylinder For Bobcat Small Excavator E324 Introduction An arm cylinder is a specially designed hydraulic cylinder that is primarily used to provide linear motion and power for various types of equipment, such as excavators, cranes, and robotic arms. The arm cylinder plays a crucial role in hydraulic systems, allowing attachments or accessories to move [&hellip;]<\/p>","protected":false},"featured_media":14777,"comment_status":"open","ping_status":"closed","template":"","meta":{"_et_pb_use_builder":"","_et_pb_old_content":"","_et_gb_content_width":""},"product_brand":[],"product_cat":[1497],"product_tag":[1498,1496],"class_list":{"0":"post-16619","1":"product","2":"type-product","3":"status-publish","4":"has-post-thumbnail","6":"product_cat-arm-cylinders","7":"product_tag-arm-cylinders","8":"product_tag-hydraulic-cylinders","10":"first","11":"instock","12":"shipping-taxable","13":"product-type-simple"},"amp_enabled":true,"_links":{"self":[{"href":"https:\/\/www.hydraulic-cylinders.net\/tr\/wp-json\/wp\/v2\/product\/16619","targetHints":{"allow":["GET"]}}],"collection":[{"href":"https:\/\/www.hydraulic-cylinders.net\/tr\/wp-json\/wp\/v2\/product"}],"about":[{"href":"https:\/\/www.hydraulic-cylinders.net\/tr\/wp-json\/wp\/v2\/types\/product"}],"replies":[{"embeddable":true,"href":"https:\/\/www.hydraulic-cylinders.net\/tr\/wp-json\/wp\/v2\/comments?post=16619"}],"wp:featuredmedia":[{"embeddable":true,"href":"https:\/\/www.hydraulic-cylinders.net\/tr\/wp-json\/wp\/v2\/media\/14777"}],"wp:attachment":[{"href":"https:\/\/www.hydraulic-cylinders.net\/tr\/wp-json\/wp\/v2\/media?parent=16619"}],"wp:term":[{"taxonomy":"product_brand","embeddable":true,"href":"https:\/\/www.hydraulic-cylinders.net\/tr\/wp-json\/wp\/v2\/product_brand?post=16619"},{"taxonomy":"product_cat","embeddable":true,"href":"https:\/\/www.hydraulic-cylinders.net\/tr\/wp-json\/wp\/v2\/product_cat?post=16619"},{"taxonomy":"product_tag","embeddable":true,"href":"https:\/\/www.hydraulic-cylinders.net\/tr\/wp-json\/wp\/v2\/product_tag?post=16619"}],"curies":[{"name":"wp","href":"https:\/\/api.w.org\/{rel}","templated":true}]}}