{"id":16621,"date":"2025-01-21T05:38:26","date_gmt":"2025-01-21T05:38:26","guid":{"rendered":"https:\/\/www.hydraulic-cylinders.net\/product\/arm-cylinder-for-bobcat-small-excavator-e35i\/"},"modified":"2025-01-21T05:38:32","modified_gmt":"2025-01-21T05:38:32","slug":"arm-cylinder-for-bobcat-small-excavator-e35i","status":"publish","type":"product","link":"https:\/\/www.hydraulic-cylinders.net\/tr\/urun\/arm-cylinder-for-bobcat-small-excavator-e35i\/","title":{"rendered":"Bobcat E35i K\u00fc\u00e7\u00fck Ekskavat\u00f6r \u0130\u00e7in Kol Silindiri"},"content":{"rendered":"<h1>Bobcat E35i K\u00fc\u00e7\u00fck Ekskavat\u00f6r \u0130\u00e7in Kol Silindiri<\/h1>\n<h2>girii\u015f<\/h2>\n<h3>Kol Silindirinin Tan\u0131mlanmas\u0131<\/h3>\n<p>Kol silindiri, ekskavat\u00f6rler, vin\u00e7ler ve robot kollar\u0131 gibi \u00e7e\u015fitli makinelerin kollar\u0131na do\u011frusal hareket ve g\u00fc\u00e7 sa\u011flamak i\u00e7in kullan\u0131lan \u00f6zel bir hidrolik silindirdir. Kol silindiri, hidrolik sistemlerde hayati bir rol oynayarak ek aletlerin veya ata\u015fmanlar\u0131n etkili bir \u015fekilde hareket etmesini ve kontrol edilmesini sa\u011flar. Bu silindirler sadece d\u00fczg\u00fcn hareketler sa\u011flamakla kalmaz, ayn\u0131 zamanda a\u011f\u0131r y\u00fckleri de ta\u015f\u0131yarak \u00e7e\u015fitli \u00e7al\u0131\u015fma ko\u015fullar\u0131 alt\u0131nda makinelerin verimli \u00e7al\u0131\u015fmas\u0131n\u0131 ve g\u00fcvenilirli\u011fini sa\u011flar.<\/p>\n<p><img decoding=\"async\" src=\"https:\/\/www.hydraulic-cylinders.net\/wp-content\/uploads\/2025\/01\/songte-company-2.webp\" alt=\"Kol Silindiri G\u00f6r\u00fcnt\u00fcs\u00fc\"><\/p>\n<h3>Kol Silindirinin \u00d6zellikleri<\/h3>\n<ul>\n<li><strong>Y\u00fcksek Verimlilikli S\u00fcr\u00fcc\u00fc:<\/strong> Kol silindiri, g\u00fc\u00e7l\u00fc do\u011frusal hareket ve kuvvet sa\u011flayarak robotik kolun \u00e7e\u015fitli i\u015flemler s\u0131ras\u0131nda y\u00fcksek verimlilikte performans g\u00f6stermesini garanti eder.<\/li>\n<li><strong>Hassas Kontrol:<\/strong> Hidrolik sistem, kol silindirinin hassas hareket kontrol\u00fc sa\u011flamas\u0131na olanak tan\u0131yarak, ek aletlerin kullan\u0131m\u0131n\u0131 daha esnek ve do\u011fru hale getirir.<\/li>\n<li><strong>G\u00fc\u00e7l\u00fc Dayan\u0131kl\u0131l\u0131k:<\/strong> Kol silindirleri genellikle y\u00fcksek mukavemetli, a\u015f\u0131nmaya ve korozyona dayan\u0131kl\u0131 malzemelerden \u00fcretilir ve bu da onlar\u0131 zorlu ortamlarda uzun s\u00fcreli kullan\u0131m i\u00e7in uygun hale getirir.<\/li>\n<li><strong>\u00c7ok Fonksiyonlu Uyarlanabilirlik:<\/strong> Bu silindirler, ekskavat\u00f6rler, vin\u00e7ler ve robot kollar\u0131 gibi \u00e7e\u015fitli mekanik ekipmanlarda yayg\u0131n olarak kullan\u0131labilir ve farkl\u0131 \u00e7al\u0131\u015fma gereksinimlerine uyum sa\u011flayabilir.<\/li>\n<li><strong>Kolay Bak\u0131m:<\/strong> Kol silindirinin tasar\u0131m\u0131, kolay bak\u0131m ve de\u011fi\u015ftirme imkan\u0131n\u0131 g\u00f6z \u00f6n\u00fcnde bulundurarak d\u00fczenli kontrolleri ve bak\u0131m\u0131 daha kolay hale getirir ve ekipman ar\u0131za s\u00fcresini azalt\u0131r.<\/li>\n<\/ul>\n<p>\u00dcr\u00fcnlerimiz bu hidrolik silindirlerin yerini m\u00fckemmel \u015fekilde alabilir. Geni\u015f \u00fcr\u00fcn ve yedek par\u00e7a yelpazemizi inceleyin. <a href=\"https:\/\/www.hydraulic-cylinders.net\/wp-content\/uploads\/2025\/01\/songte-oil-pipes-and-spare-parts.webp\">https:\/\/www.hydraulic-cylinders.net\/<\/a><\/p>\n<h3>Kol Silindirinin Uygulamalar\u0131<\/h3>\n<p>Kol silindirinin farkl\u0131 end\u00fcstrilerde \u00e7e\u015fitli uygulamalar\u0131 vard\u0131r:<\/p>\n<ul>\n<li><strong>\u0130n\u015faat M\u00fchendisli\u011fi:<\/strong> Kaz\u0131c\u0131 makinelerde ve vin\u00e7lerde, kol silindiri kep\u00e7elerin veya bomlar\u0131n hareketini kontrol etmek ve toprak i\u015fleri, malzeme ta\u015f\u0131ma ve yap\u0131sal kurulum i\u015flemlerini ger\u00e7ekle\u015ftirmek i\u00e7in kullan\u0131l\u0131r.<\/li>\n<li><strong>\u00dcretme:<\/strong> Otomatik \u00fcretim hatlar\u0131nda, kol silindiri robot kollar\u0131n\u0131 hareket ettirmek ve montaj, kaynak ve ta\u015f\u0131ma i\u015flemlerini ger\u00e7ekle\u015ftirmek i\u00e7in kullan\u0131l\u0131r, bu da \u00fcretim verimlili\u011fini ve do\u011frulu\u011funu art\u0131r\u0131r.<\/li>\n<li><strong>Tar\u0131m Makinalar\u0131:<\/strong> Bi\u00e7erd\u00f6ver ve tohum ekme makinesi gibi tar\u0131m makinelerinde, kol silindiri, ekim, g\u00fcbreleme ve hasat gibi g\u00f6revleri yerine getiren \u00e7al\u0131\u015fma kolunun hareketini kontrol eder.<\/li>\n<li><strong>Madencilik:<\/strong> Madencilik ekipmanlar\u0131nda, kol silindiri, madencilik ekipman\u0131n\u0131n kolunun hareketini kontrol etmek, cevher \u00e7\u0131karma ve ta\u015f\u0131ma i\u015flemlerini ger\u00e7ekle\u015ftirmek i\u00e7in kullan\u0131l\u0131r.<\/li>\n<li><strong>Lojistik ve Ta\u015f\u0131mac\u0131l\u0131k:<\/strong> Forkliftlerde ve ta\u015f\u0131ma robotlar\u0131nda, kol silindiri, y\u00fck \u00e7atallar\u0131n\u0131n kald\u0131rma ve hareketini kontrol etmek, malzeme ta\u015f\u0131ma ve istifleme i\u015flemlerini ger\u00e7ekle\u015ftirmek i\u00e7in kullan\u0131l\u0131r.<\/li>\n<\/ul>\n<h2>Tasar\u0131m Hususlar\u0131 ve Se\u00e7im Kriterleri<\/h2>\n<h3>Y\u00fck Ta\u015f\u0131ma Kapasitesi<\/h3>\n<p>Kol silindirinin, ilave aletlerin veya ata\u015fmanlar\u0131n y\u00fck\u00fcn\u00fc etkili bir \u015fekilde ta\u015f\u0131yabilmesi gerekir. Bu nedenle, y\u00fck ta\u015f\u0131ma kapasitesi, kol silindiri \u00fcreticileri i\u00e7in kritik bir tasar\u0131m unsurudur.<\/p>\n<h3>S\u0131zd\u0131rmazl\u0131k<\/h3>\n<p>Hidrolik sistem, hidrolik s\u0131v\u0131n\u0131n s\u0131zmas\u0131n\u0131 \u00f6nlemek i\u00e7in kol silindirinin do\u011fru \u015fekilde s\u0131zd\u0131rmazl\u0131\u011f\u0131na ba\u011fl\u0131d\u0131r. Bu nedenle, \u00fcreticiler etkili bir s\u0131zd\u0131rmazl\u0131k sa\u011flamak i\u00e7in poli\u00fcretan ve nitril kau\u00e7uk gibi a\u015f\u0131nmaya dayan\u0131kl\u0131 malzemelerden yap\u0131lm\u0131\u015f piston contalar\u0131 ve mil contalar\u0131 gibi y\u00fcksek kaliteli s\u0131zd\u0131rmazl\u0131k bile\u015fenleri kullan\u0131rlar.<\/p>\n<h3>Dayan\u0131kl\u0131l\u0131k<\/h3>\n<p>Kol silindirinin, performans\u0131n\u0131 d\u00fc\u015f\u00fcrmeden korozyon ve a\u015f\u0131nma da dahil olmak \u00fczere zorlu \u00e7al\u0131\u015fma ko\u015fullar\u0131na dayanmas\u0131 gerekir. Bu nedenle, \u00fcreticiler y\u00fcksek dayan\u0131kl\u0131l\u0131k sa\u011flamak i\u00e7in ala\u015f\u0131ml\u0131 \u00e7elik ve sertle\u015ftirilmi\u015f \u00e7elik gibi y\u00fcksek mukavemetli malzemeler kullan\u0131rlar.<\/p>\n<h3>Emniyet<\/h3>\n<p>Kol silindirlerinin tasar\u0131m\u0131nda g\u00fcvenlik en \u00f6ncelikli unsur olmal\u0131d\u0131r. \u00dcreticiler, kol silindirlerinin end\u00fcstri g\u00fcvenlik standartlar\u0131n\u0131 kar\u015f\u0131lad\u0131\u011f\u0131ndan ve g\u00fcvenli \u00e7al\u0131\u015fma sa\u011flamak i\u00e7in bas\u0131n\u00e7 tahliye vanalar\u0131 ve konum sens\u00f6rleri gibi \u00f6zellikler i\u00e7erdi\u011finden emin olurlar.<\/p>\n<h3>Bak\u0131m<\/h3>\n<p>\u00dcreticiler, kol silindirlerini kolay bak\u0131m ve onar\u0131m i\u00e7in tasarlarlar. Kol silindirinin bile\u015fenleri, \u00f6rne\u011fin \u00e7ubuk, piston ve contalar, kolayca de\u011fi\u015ftirilebilir olmal\u0131d\u0131r. \u00dcreticiler ayr\u0131ca \u00fcr\u00fcnleri i\u00e7in ayr\u0131nt\u0131l\u0131 bak\u0131m ve onar\u0131m talimatlar\u0131 da sa\u011flarlar.<\/p>\n<p><img decoding=\"async\" src=\"https:\/\/www.hydraulic-cylinders.net\/wp-content\/uploads\/2025\/01\/songte-cylinder-head-with-all-kinds-excavator-models.webp\" alt=\"Kol Silindiri Tasar\u0131m G\u00f6rseli\"><\/p>\n<h2>S\u0131zd\u0131rmazl\u0131k ve Ya\u011flama<\/h2>\n<p>\u00dcreticiler, kol silindirlerinin verimli bir \u015fekilde s\u0131zd\u0131rmazl\u0131\u011f\u0131n\u0131 sa\u011flamak i\u00e7in \u00e7e\u015fitli s\u0131zd\u0131rmazl\u0131k bile\u015fenleri kullan\u0131rlar. Bu bile\u015fenler aras\u0131nda piston contalar\u0131, mil contalar\u0131 ve silecekler bulunur. Silindir ba\u015fl\u0131\u011f\u0131, mil ve conta y\u00fczeyleri, a\u015f\u0131nma direncini art\u0131rmak i\u00e7in ince bir i\u015flemden ge\u00e7irilir. Ayr\u0131ca, kol silindirinin sorunsuz \u00e7al\u0131\u015fmas\u0131n\u0131 sa\u011flamak i\u00e7in hidrolik ya\u011f ile d\u00fczenli ya\u011flama \u00e7ok \u00f6nemlidir.<\/p>\n<h2>\u00d6nleyici Bak\u0131m ve Sorun Giderme<\/h2>\n<p>Kol silindirlerinin optimum performans g\u00f6stermesi i\u00e7in \u00f6nleyici bak\u0131m ve ar\u0131za giderme i\u015flemleri \u015fartt\u0131r. D\u00fczenli bak\u0131m, silindir ve bile\u015fenlerinde s\u0131z\u0131nt\u0131, a\u015f\u0131nma ve hasar olup olmad\u0131\u011f\u0131n\u0131 kontrol etmeyi i\u00e7erir. Ar\u0131za giderme ise s\u0131z\u0131nt\u0131, yetersiz g\u00fc\u00e7 ve silindir hasar\u0131 gibi sorunlar\u0131n belirlenmesini ve giderilmesini kapsar. \u00dcreticiler, m\u00fc\u015fterilerin sorunlar\u0131 etkili bir \u015fekilde te\u015fhis etmelerine ve \u00e7\u00f6zmelerine yard\u0131mc\u0131 olmak i\u00e7in ar\u0131za giderme ipu\u00e7lar\u0131 ve \u00e7\u00f6z\u00fcmleri sunmaktad\u0131r.<\/p>\n<p><img decoding=\"async\" src=\"https:\/\/www.hydraulic-cylinders.net\/wp-content\/uploads\/2025\/01\/songte-chushion-collar.webp\" alt=\"Kol Silindiri Bak\u0131m G\u00f6r\u00fcnt\u00fcs\u00fc\"><\/p>\n<h2>Kurulum K\u0131lavuzu<\/h2>\n<p>Kol silindirlerinin do\u011fru montaj\u0131, optimum performans i\u00e7in \u00e7ok \u00f6nemlidir. Montaj, eski silindirin \u00e7\u0131kar\u0131lmas\u0131n\u0131, yeni silindirin tak\u0131lmas\u0131n\u0131, hidrolik hortumlar\u0131n ba\u011flanmas\u0131n\u0131 ve silindirin \u00e7al\u0131\u015fmas\u0131n\u0131n test edilmesini i\u00e7erir. \u00dcreticiler, do\u011fru montaj\u0131 sa\u011flamak i\u00e7in ayr\u0131nt\u0131l\u0131 montaj talimatlar\u0131 sunmaktad\u0131r.<\/p>\n<p><img decoding=\"async\" src=\"https:\/\/www.hydraulic-cylinders.net\/wp-content\/uploads\/2025\/01\/songte-bushings-with-all-kinds-of-excavator-models.webp\" alt=\"Kol Silindiri Kurulum G\u00f6r\u00fcnt\u00fcs\u00fc\"><\/p>\n<h2>G\u00fcvenlik ve \u00c7evresel Hususlar<\/h2>\n<p>Kol silindirlerinin tasar\u0131m\u0131nda ve kullan\u0131m\u0131nda g\u00fcvenlik \u00f6nemli bir husustur. Kullan\u0131c\u0131lar, silindirin amac\u0131na uygun ve g\u00fcvenli bir ortamda kullan\u0131ld\u0131\u011f\u0131ndan emin olmal\u0131d\u0131r. S\u0131cakl\u0131k ve nem gibi \u00e7evresel fakt\u00f6rler de kol silindirlerinin performans\u0131n\u0131 etkileyebilir. \u00dcreticiler, \u00fcr\u00fcnlerini \u00e7e\u015fitli \u00e7evresel fakt\u00f6rlere dayanacak \u015fekilde tasarlar ve g\u00fcvenli ve verimli kullan\u0131m konusunda k\u0131lavuzlar sunar.<\/p>\n<h2>\u015eirketimiz Hakk\u0131nda<\/h2>\n<p>Profesyonel bir hidrolik silindir yedek par\u00e7a \u00fcreticisiyiz ve geni\u015f \u00fcr\u00fcn yelpazemiz sayesinde hem yurt i\u00e7i hem de uluslararas\u0131 pazarlarda \u00f6nde gelen hidrolik silindir \u00fcreticilerinden ve toptanc\u0131lar\u0131ndan biri olduk. M\u00fckemmel kalite ilkesini her zaman benimseyerek, ince i\u015f\u00e7ilik gerektiren \u00fcretim at\u00f6lyesinin end\u00fcstriyel \u00fcretim y\u00f6netim stratejisine dayanarak teknolojimizi ve \u00fcretim verimlili\u011fimizi s\u00fcrekli olarak geli\u015ftiriyoruz. G\u00fc\u00e7l\u00fc bir inovasyon yetene\u011fine sahibiz ve \u00fcretim platformumuzu optimize etmek ve \u00fcr\u00fcn kalite kontrol s\u00fcre\u00e7lerini iyile\u015ftirmek i\u00e7in \u00fcst d\u00fczey dijital \u00fcretim ekipmanlar\u0131 ve profesyonel test sistemleri kullan\u0131yoruz. Amac\u0131m\u0131z, m\u00fc\u015fterilerimizin \u00e7e\u015fitli ihtiya\u00e7lar\u0131n\u0131 y\u00fcksek verimlilik, hassasiyet ve y\u00fcksek kalite ilkeleriyle kar\u015f\u0131lamakt\u0131r.<\/p>\n<p>Profesyonel hizmetler, uluslararas\u0131 sertifikalar, \u00f6zel sipari\u015f hizmetleri, geli\u015fmi\u015f \u00fcretim ekipmanlar\u0131 ve m\u00fckemmel sat\u0131\u015f sonras\u0131 hizmetler sunuyoruz. Web sitemizi ziyaret edin: <a href=\"https:\/\/www.hydraulic-cylinders.net\/tr\/\">https:\/\/www.hydraulic-cylinders.net\/<\/a><\/p>\n<p><img decoding=\"async\" src=\"https:\/\/www.hydraulic-cylinders.net\/wp-content\/uploads\/2025\/01\/songte-company-4.webp\" alt=\"\u015eirket G\u00f6rseli 1\"><\/p>\n<p><img decoding=\"async\" src=\"https:\/\/www.hydraulic-cylinders.net\/wp-content\/uploads\/2025\/01\/songte-company-3.webp\" alt=\"\u015eirket G\u00f6rseli 2\"><\/p>\n<p>Yazar: lyl<\/p>","protected":false},"excerpt":{"rendered":"<p>Arm Cylinder For Bobcat Small Excavator E35i Introduction Defining Arm Cylinder The arm cylinder is a specialized hydraulic cylinder used primarily to provide linear motion and power to the arms of various types of machinery such as excavators, cranes, and robotic arms. The arm cylinder plays a crucial role in hydraulic systems, enabling additional tools [&hellip;]<\/p>","protected":false},"featured_media":14772,"comment_status":"open","ping_status":"closed","template":"","meta":{"_et_pb_use_builder":"","_et_pb_old_content":"","_et_gb_content_width":""},"product_brand":[],"product_cat":[1497],"product_tag":[1498,1496],"class_list":{"0":"post-16621","1":"product","2":"type-product","3":"status-publish","4":"has-post-thumbnail","6":"product_cat-arm-cylinders","7":"product_tag-arm-cylinders","8":"product_tag-hydraulic-cylinders","10":"first","11":"instock","12":"shipping-taxable","13":"product-type-simple"},"amp_enabled":true,"_links":{"self":[{"href":"https:\/\/www.hydraulic-cylinders.net\/tr\/wp-json\/wp\/v2\/product\/16621","targetHints":{"allow":["GET"]}}],"collection":[{"href":"https:\/\/www.hydraulic-cylinders.net\/tr\/wp-json\/wp\/v2\/product"}],"about":[{"href":"https:\/\/www.hydraulic-cylinders.net\/tr\/wp-json\/wp\/v2\/types\/product"}],"replies":[{"embeddable":true,"href":"https:\/\/www.hydraulic-cylinders.net\/tr\/wp-json\/wp\/v2\/comments?post=16621"}],"wp:featuredmedia":[{"embeddable":true,"href":"https:\/\/www.hydraulic-cylinders.net\/tr\/wp-json\/wp\/v2\/media\/14772"}],"wp:attachment":[{"href":"https:\/\/www.hydraulic-cylinders.net\/tr\/wp-json\/wp\/v2\/media?parent=16621"}],"wp:term":[{"taxonomy":"product_brand","embeddable":true,"href":"https:\/\/www.hydraulic-cylinders.net\/tr\/wp-json\/wp\/v2\/product_brand?post=16621"},{"taxonomy":"product_cat","embeddable":true,"href":"https:\/\/www.hydraulic-cylinders.net\/tr\/wp-json\/wp\/v2\/product_cat?post=16621"},{"taxonomy":"product_tag","embeddable":true,"href":"https:\/\/www.hydraulic-cylinders.net\/tr\/wp-json\/wp\/v2\/product_tag?post=16621"}],"curies":[{"name":"wp","href":"https:\/\/api.w.org\/{rel}","templated":true}]}}