{"id":16622,"date":"2025-01-21T05:38:33","date_gmt":"2025-01-21T05:38:33","guid":{"rendered":"https:\/\/www.hydraulic-cylinders.net\/product\/arm-cylinder-for-bobcat-small-excavator-e45\/"},"modified":"2025-01-21T05:38:35","modified_gmt":"2025-01-21T05:38:35","slug":"arm-cylinder-for-bobcat-small-excavator-e45","status":"publish","type":"product","link":"https:\/\/www.hydraulic-cylinders.net\/tr\/urun\/arm-cylinder-for-bobcat-small-excavator-e45\/","title":{"rendered":"Bobcat E45 K\u00fc\u00e7\u00fck Ekskavat\u00f6r \u0130\u00e7in Kol Silindiri"},"content":{"rendered":"<h2>Bobcat E45 K\u00fc\u00e7\u00fck Ekskavat\u00f6r i\u00e7in Kol Silindiri<\/h2>\n<h3>Tan\u0131m ve A\u00e7\u0131klama<\/h3>\n<p>Kol silindiri, ekskavat\u00f6rler, vin\u00e7ler ve robot kollar\u0131 gibi \u00e7e\u015fitli makinelerin kollar\u0131na do\u011frusal hareket ve g\u00fc\u00e7 sa\u011flamak i\u00e7in \u00f6zel olarak tasarlanm\u0131\u015f bir hidrolik silindirdir. Kol silindirleri, hidrolik sistemlerde \u00f6nemli bir rol oynayarak, ata\u015fman aletlerinin veya aksesuarlar\u0131n\u0131n etkili hareketini ve kontrol\u00fcn\u00fc sa\u011flar. Bu silindirler sadece d\u00fczg\u00fcn hareket sa\u011flamakla kalmaz, ayn\u0131 zamanda a\u011f\u0131r y\u00fckleri de ta\u015f\u0131yarak, \u00e7e\u015fitli \u00e7al\u0131\u015fma ko\u015fullar\u0131nda makinelerin verimli \u00e7al\u0131\u015fmas\u0131n\u0131 ve g\u00fcvenilirli\u011fini sa\u011flar.<\/p>\n<p><img decoding=\"async\" src=\"https:\/\/www.hydraulic-cylinders.net\/wp-content\/uploads\/2025\/01\/songte-company-2.webp\"><\/p>\n<h3>\u00d6zellikler<\/h3>\n<ul>\n<li>Y\u00fcksek Verimlilikli S\u00fcr\u00fc\u015f<\/li>\n<li>Hassas Kontrol<\/li>\n<li>Dayan\u0131kl\u0131<\/li>\n<li>\u00c7ok \u0130\u015flevli Uyarlanabilirlik<\/li>\n<li>Kolay Bak\u0131m<\/li>\n<\/ul>\n<p>Kol silindirleri, \u00e7e\u015fitli i\u015flemlerde y\u00fcksek verimlilik performans\u0131 sa\u011flamak i\u00e7in g\u00fc\u00e7l\u00fc do\u011frusal hareket ve kuvvet sunar. Hidrolik sistemler, hassas hareket kontrol\u00fcne olanak tan\u0131yarak ata\u015fman aletlerinin \u00e7al\u0131\u015fmas\u0131n\u0131 daha esnek ve do\u011fru hale getirir. Kol silindirleri genellikle y\u00fcksek mukavemetli malzemelerden \u00fcretilir, iyi a\u015f\u0131nma ve korozyon direncine sahiptir ve zorlu ortamlarda uzun s\u00fcreli kullan\u0131m i\u00e7in uygundur. Bu silindirler, ekskavat\u00f6rler, vin\u00e7ler ve robotik kollar dahil olmak \u00fczere geni\u015f bir uygulama yelpazesine sahiptir. Tasar\u0131mlar\u0131, kolay bak\u0131m ve de\u011fi\u015ftirme olana\u011f\u0131 sa\u011flayarak ekipman ar\u0131za s\u00fcresini azalt\u0131r.<\/p>\n<p><img decoding=\"async\" src=\"https:\/\/www.hydraulic-cylinders.net\/wp-content\/uploads\/2025\/01\/songte-oil-pipes-and-spare-parts.webp\"><\/p>\n<h3>Uygulamalar<\/h3>\n<p>Kol silindirleri, a\u015fa\u011f\u0131dakiler de dahil olmak \u00fczere \u00e7e\u015fitli end\u00fcstrilerde geni\u015f bir uygulama yelpazesine sahiptir:<\/p>\n<ul>\n<li>\u0130n\u015faat M\u00fchendisli\u011fi<\/li>\n<li>\u00dcretme<\/li>\n<li>Tar\u0131m Makinalar\u0131<\/li>\n<li>Madencilik<\/li>\n<li>Lojistik ve Ta\u015f\u0131mac\u0131l\u0131k<\/li>\n<\/ul>\n<p>\u0130n\u015faat m\u00fchendisli\u011finde, kol silindirleri, hafriyat, malzeme ta\u015f\u0131ma ve yap\u0131sal kurulum g\u00f6revlerini yerine getiren ekskavat\u00f6r ve vin\u00e7lerdeki kep\u00e7e veya bomlar\u0131n hareketini kontrol etmek i\u00e7in kullan\u0131l\u0131r. \u0130malatta, kol silindirleri, \u00fcretim verimlili\u011fini ve do\u011frulu\u011funu art\u0131rmak i\u00e7in montaj, kaynak ve ta\u015f\u0131ma i\u015flemlerinde robotik kollar\u0131n hareketini kontrol etmek i\u00e7in kullan\u0131l\u0131r. Tar\u0131m makinelerinde, kol silindirleri, tohumlama, g\u00fcbreleme ve hasat gibi g\u00f6revlerde operasyon kollar\u0131n\u0131n hareketini kontrol eder. Madencilikte, kol silindirleri, cevher \u00e7\u0131karma ve ta\u015f\u0131ma i\u00e7in madencilik ekipmanlar\u0131n\u0131n kol hareketini kontrol etmek i\u00e7in kullan\u0131l\u0131r. Lojistik ve ta\u015f\u0131mac\u0131l\u0131kta, kol silindirleri, malzeme ta\u015f\u0131ma ve istifleme i\u00e7in forkliftlerde ve ta\u015f\u0131ma robotlar\u0131nda kargo \u00e7atallar\u0131n\u0131n kald\u0131r\u0131lmas\u0131n\u0131 ve hareketini kontrol etmek i\u00e7in kullan\u0131l\u0131r.<\/p>\n<h3>Tasar\u0131m Hususlar\u0131 ve Se\u00e7im Kriterleri<\/h3>\n<p>Tasar\u0131m a\u00e7\u0131s\u0131ndan, kol silindirlerinin a\u015fa\u011f\u0131daki \u00f6zelliklere sahip olmas\u0131 gerekir:<\/p>\n<ul>\n<li>Ta\u015f\u0131ma Kapasitesi<\/li>\n<li>S\u0131zd\u0131rmazl\u0131k Performans\u0131<\/li>\n<li>Dayan\u0131kl\u0131l\u0131k<\/li>\n<li>Emniyet<\/li>\n<li>Bak\u0131m kolayl\u0131\u011f\u0131<\/li>\n<\/ul>\n<p>Kol silindirleri, ekipman\u0131n ve ata\u015fmanlar\u0131n maksimum y\u00fck\u00fcne dayanabilmelidir. Kol silindirinin s\u0131zd\u0131rmazl\u0131k performans\u0131, hidrolik sistemin g\u00fcvenilirli\u011fini ve \u00f6mr\u00fcn\u00fc do\u011frudan etkiler. Silindirin dayan\u0131kl\u0131l\u0131\u011f\u0131, silindirin \u00f6mr\u00fcn\u00fc ve ekipman\u0131n g\u00fcvenli \u00e7al\u0131\u015fmas\u0131n\u0131 sa\u011flamak i\u00e7in \u00e7ok \u00f6nemlidir. Kol silindirinin g\u00fcvenli tasar\u0131m\u0131, ekipman\u0131n g\u00fcvenli \u00e7al\u0131\u015fmas\u0131n\u0131 sa\u011flar ve operat\u00f6r\u00fc korur. Kol silindirinin bak\u0131m kolayl\u0131\u011f\u0131, bak\u0131m ve de\u011fi\u015ftirme i\u015flemlerini daha kolay hale getirerek ekipman ar\u0131za s\u00fcresini azalt\u0131r.<\/p>\n<p><img decoding=\"async\" src=\"https:\/\/www.hydraulic-cylinders.net\/wp-content\/uploads\/2025\/01\/songte-cylinder-head-with-all-kinds-excavator-models.webp\"><\/p>\n<h3>S\u0131zd\u0131rmazl\u0131k ve Ya\u011flama<\/h3>\n<p>Kol silindirlerinde piston contalar\u0131, mil contalar\u0131 ve silecekler gibi \u00e7e\u015fitli s\u0131zd\u0131rmazl\u0131k elemanlar\u0131 kullan\u0131l\u0131r. Contalar, poli\u00fcretan ve nitril kau\u00e7uk gibi a\u015f\u0131nmaya dayan\u0131kl\u0131 malzemelerden \u00fcretilmi\u015ftir. Silindir g\u00f6vdesi ve di\u015fli u\u00e7 y\u00fczeyi, a\u015f\u0131nma direncini art\u0131rmak i\u00e7in ince bir \u015fekilde i\u015flenmi\u015ftir. Kol silindirlerinin d\u00fczg\u00fcn \u00e7al\u0131\u015fmas\u0131 ve kullan\u0131m \u00f6mr\u00fcn\u00fcn uzamas\u0131 i\u00e7in d\u00fczenli olarak hidrolik ya\u011f ile ya\u011flanmas\u0131 gerekir.<\/p>\n<h3>\u00d6nleyici Bak\u0131m<\/h3>\n<p>Kol silindirinin \u00f6mr\u00fcn\u00fc uzatmak ve ekipman\u0131n g\u00fcvenli ve verimli \u00e7al\u0131\u015fmas\u0131n\u0131 sa\u011flamak i\u00e7in d\u00fczenli kontrol ve \u00f6nleyici bak\u0131m \u00e7ok \u00f6nemlidir. D\u00fczenli kontroller, silindir g\u00f6vdesi, piston kolu ve contalardaki hasarlar\u0131n kontrol edilmesini i\u00e7ermelidir. Hidrolik sistemde s\u0131z\u0131nt\u0131 olup olmad\u0131\u011f\u0131 kontrol edilmeli ve ya\u011f seviyesi ve kalitesi incelenmelidir. Olas\u0131 sorunlar\u0131 tespit etmek i\u00e7in ekipman\u0131n \u00e7al\u0131\u015fma ko\u015fullar\u0131 da d\u00fczenli olarak kontrol edilmelidir.<\/p>\n<h3>Kurulum K\u0131lavuzu<\/h3>\n<p>Kol silindirinin do\u011fru montaj\u0131, g\u00fcvenli ve verimli \u00e7al\u0131\u015fma i\u00e7in \u00e7ok \u00f6nemlidir. Montaj i\u015flemi, ekipman \u00fcreticisinin talimatlar\u0131na g\u00f6re yap\u0131lmal\u0131 ve t\u00fcm ba\u011flant\u0131lar s\u0131k\u0131ca sabitlenmelidir. Hidrolik hatlar ve ba\u011flant\u0131 par\u00e7alar\u0131 do\u011fru \u015fekilde ba\u011flanmal\u0131 ve \u00e7al\u0131\u015ft\u0131rmadan \u00f6nce hidrolik sistem bo\u015falt\u0131lmal\u0131d\u0131r. Ta\u015f\u0131ma ve montaj s\u0131ras\u0131nda hasar\u0131 \u00f6nlemek i\u00e7in kol silindirinin piston kolu geri \u00e7ekilmelidir.<\/p>\n<p><img decoding=\"async\" src=\"https:\/\/www.hydraulic-cylinders.net\/wp-content\/uploads\/2025\/01\/songte-bushings-with-all-kinds-of-excavator-models.webp\"><\/p>\n<h3>G\u00fcvenlik Hususlar\u0131 ve \u00c7evresel Fakt\u00f6rler<\/h3>\n<p>Kol silindirini kullan\u0131rken, ekipman \u00fcreticinin talimatlar\u0131na ve g\u00fcvenlik y\u00f6nergelerine uygun olarak \u00e7al\u0131\u015ft\u0131r\u0131lmal\u0131d\u0131r. Ekipman operat\u00f6r\u00fc uygun \u015fekilde e\u011fitilmi\u015f olmal\u0131 ve \u00e7al\u0131\u015fma s\u0131ras\u0131nda olas\u0131 tehlikelerin fark\u0131nda olmal\u0131d\u0131r. \u00c7al\u0131\u015fma s\u0131ras\u0131nda g\u00fcvenlik g\u00f6zl\u00fc\u011f\u00fc ve eldiven gibi uygun koruyucu ekipman giyilmelidir. S\u0131cakl\u0131k, nem ve toz gibi \u00e7evresel fakt\u00f6rler de silindirin performans\u0131n\u0131 ve \u00f6mr\u00fcn\u00fc etkileyebilece\u011finden, \u00e7al\u0131\u015fma s\u0131ras\u0131nda dikkate al\u0131nmal\u0131d\u0131r.<\/p>\n<h3>Sorun Giderme ve Yayg\u0131n Sorunlar<\/h3>\n<p>Kol silindirlerinde s\u0131k kar\u015f\u0131la\u015f\u0131lan sorunlar aras\u0131nda s\u0131z\u0131nt\u0131, yetersiz kuvvet ve anormal ses bulunur. Sorunun nedeni, hidrolik sistemin veya ekipman\u0131n dikkatli bir \u015fekilde incelenmesiyle belirlenmelidir. \u00c7\u00f6z\u00fcmler aras\u0131nda hasarl\u0131 contalar\u0131n de\u011fi\u015ftirilmesi, filtrenin temizlenmesi veya de\u011fi\u015ftirilmesi ya da hidrolik sistemin bas\u0131nc\u0131n\u0131n ayarlanmas\u0131 yer alabilir. D\u00fczenli bak\u0131m ve inceleme, olas\u0131 sorunlar\u0131n \u00f6nlenmesine yard\u0131mc\u0131 olabilir.<\/p>\n<p><img decoding=\"async\" src=\"https:\/\/www.hydraulic-cylinders.net\/wp-content\/uploads\/2025\/01\/songte-chushion-collar.webp\"><\/p>\n<h3>Hakk\u0131m\u0131zda<\/h3>\n<p>Geni\u015f \u00fcr\u00fcn yelpazesiyle profesyonel bir hidrolik silindir \u00fcreticisiyiz ve bu da bizi yurt i\u00e7i ve yurt d\u0131\u015f\u0131 pazarlarda \u00f6nde gelen hidrolik silindir \u00fcreticilerinden ve toptanc\u0131lar\u0131ndan biri yapmaktad\u0131r. Her zaman m\u00fckemmel kalite ilkesine ba\u011fl\u0131 kal\u0131yoruz ve teknolojik seviyemizi ve \u00fcretim verimlili\u011fimizi s\u00fcrekli olarak geli\u015ftirmek i\u00e7in ince i\u015f\u00e7ilikle \u00fcretilmi\u015f at\u00f6lyelerde end\u00fcstriyel \u00fcretim y\u00f6netim stratejilerine g\u00fcveniyoruz. Geli\u015fmi\u015f dijital \u00fcretim ekipmanlar\u0131 ve profesyonel test sistemleri kullanarak \u00fcretim platformunu optimize ediyor, \u00fcr\u00fcn kalite kontrol s\u00fcre\u00e7lerini iyile\u015ftiriyor ve g\u00fc\u00e7l\u00fc inovasyon yeteneklerine sahibiz. Amac\u0131m\u0131z, y\u00fcksek verimlilik, do\u011fruluk ve y\u00fcksek kalite ilkeleriyle m\u00fc\u015fterilerimizin \u00e7e\u015fitli ihtiya\u00e7lar\u0131n\u0131 kar\u015f\u0131lamakt\u0131r.<\/p>\n<p>Firmam\u0131z, \u00f6zel tasar\u0131m hidrolik silindir \u00fcr\u00fcnleri, uluslararas\u0131 sertifikasyon, \u00fcretim ekipmanlar\u0131 ve m\u00fckemmel sat\u0131\u015f sonras\u0131 hizmet sunmaktad\u0131r.<\/p>\n<p><img decoding=\"async\" src=\"https:\/\/www.hydraulic-cylinders.net\/wp-content\/uploads\/2025\/01\/songte-company-4.webp\"><br \/>\n<img decoding=\"async\" src=\"https:\/\/www.hydraulic-cylinders.net\/wp-content\/uploads\/2025\/01\/songte-company-3.webp\"><\/p>\n<p>Yazar: lyl<\/p>","protected":false},"excerpt":{"rendered":"<p>Arm Cylinder for Bobcat Small Excavator E45 Definition and Explanation An arm cylinder is a specifically designed hydraulic cylinder that is primarily used to provide linear motion and power to the arms of various types of machinery such as excavators, cranes, and robotic arms. Arm cylinders play a key role in hydraulic systems, allowing for [&hellip;]<\/p>","protected":false},"featured_media":14770,"comment_status":"open","ping_status":"closed","template":"","meta":{"_et_pb_use_builder":"","_et_pb_old_content":"","_et_gb_content_width":""},"product_brand":[],"product_cat":[1497],"product_tag":[1498,1496],"class_list":{"0":"post-16622","1":"product","2":"type-product","3":"status-publish","4":"has-post-thumbnail","6":"product_cat-arm-cylinders","7":"product_tag-arm-cylinders","8":"product_tag-hydraulic-cylinders","10":"first","11":"instock","12":"shipping-taxable","13":"product-type-simple"},"amp_enabled":true,"_links":{"self":[{"href":"https:\/\/www.hydraulic-cylinders.net\/tr\/wp-json\/wp\/v2\/product\/16622","targetHints":{"allow":["GET"]}}],"collection":[{"href":"https:\/\/www.hydraulic-cylinders.net\/tr\/wp-json\/wp\/v2\/product"}],"about":[{"href":"https:\/\/www.hydraulic-cylinders.net\/tr\/wp-json\/wp\/v2\/types\/product"}],"replies":[{"embeddable":true,"href":"https:\/\/www.hydraulic-cylinders.net\/tr\/wp-json\/wp\/v2\/comments?post=16622"}],"wp:featuredmedia":[{"embeddable":true,"href":"https:\/\/www.hydraulic-cylinders.net\/tr\/wp-json\/wp\/v2\/media\/14770"}],"wp:attachment":[{"href":"https:\/\/www.hydraulic-cylinders.net\/tr\/wp-json\/wp\/v2\/media?parent=16622"}],"wp:term":[{"taxonomy":"product_brand","embeddable":true,"href":"https:\/\/www.hydraulic-cylinders.net\/tr\/wp-json\/wp\/v2\/product_brand?post=16622"},{"taxonomy":"product_cat","embeddable":true,"href":"https:\/\/www.hydraulic-cylinders.net\/tr\/wp-json\/wp\/v2\/product_cat?post=16622"},{"taxonomy":"product_tag","embeddable":true,"href":"https:\/\/www.hydraulic-cylinders.net\/tr\/wp-json\/wp\/v2\/product_tag?post=16622"}],"curies":[{"name":"wp","href":"https:\/\/api.w.org\/{rel}","templated":true}]}}