{"id":16625,"date":"2025-01-21T05:38:44","date_gmt":"2025-01-21T05:38:44","guid":{"rendered":"https:\/\/www.hydraulic-cylinders.net\/product\/arm-cylinder-for-bobcat-small-excavator-e418\/"},"modified":"2025-01-21T05:38:46","modified_gmt":"2025-01-21T05:38:46","slug":"arm-cylinder-for-bobcat-small-excavator-e418","status":"publish","type":"product","link":"https:\/\/www.hydraulic-cylinders.net\/tr\/urun\/arm-cylinder-for-bobcat-small-excavator-e418\/","title":{"rendered":"Bobcat E418 K\u00fc\u00e7\u00fck Ekskavat\u00f6r \u0130\u00e7in Kol Silindiri"},"content":{"rendered":"<p>Bobcat E418 K\u00fc\u00e7\u00fck Ekskavat\u00f6r \u0130\u00e7in Kol Silindiri<\/p>\n<p>girii\u015f<\/p>\n<p>Kol silindiri, ekskavat\u00f6rler, vin\u00e7ler ve robotik kollar gibi \u00e7e\u015fitli makine t\u00fcrlerine do\u011frusal hareket ve g\u00fc\u00e7 sa\u011flayan \u00f6zel bir hidrolik silindirdir. Hidrolik sistemde kritik bir rol oynayarak ek aletlerin veya ata\u015fmanlar\u0131n etkili hareketini ve kontrol\u00fcn\u00fc sa\u011flar. Bu silindirler sadece d\u00fczg\u00fcn hareket sa\u011flamakla kalmaz, ayn\u0131 zamanda a\u011f\u0131r y\u00fckleri de ta\u015f\u0131yarak \u00e7e\u015fitli \u00e7al\u0131\u015fma ko\u015fullar\u0131 alt\u0131nda makinelerin verimli \u00e7al\u0131\u015fmas\u0131n\u0131 ve g\u00fcvenilirli\u011fini sa\u011flar.<\/p>\n<p>Tan\u0131m ve A\u00e7\u0131klama<\/p>\n<p>Kol silindiri, \u00e7e\u015fitli end\u00fcstrilerde kullan\u0131lan hidrolik sistemlerin temel bir bile\u015fenidir. Ekskavat\u00f6rler, vin\u00e7ler ve robot kollar\u0131 gibi makinelerin kollar\u0131na do\u011frudan do\u011frusal hareket ve kuvvet sa\u011flamak \u00fczere tasarlanm\u0131\u015ft\u0131r. Kol silindiri, hidrolik sistemde kritik bir rol oynayarak ek aletlerin veya ata\u015fmanlar\u0131n etkili hareketini ve kontrol\u00fcn\u00fc sa\u011flar.<\/p>\n<p>Kol silindiri, y\u00fcksek mukavemetli malzemelerden \u00fcretilmi\u015ftir ve a\u011f\u0131r y\u00fcklere ve zorlu \u00e7al\u0131\u015fma ko\u015fullar\u0131na dayanacak \u015fekilde tasarlanm\u0131\u015ft\u0131r. Sorunsuz, istikrarl\u0131 ve g\u00fcvenilir bir \u00e7al\u0131\u015fma sa\u011flayarak, farkl\u0131 sekt\u00f6rlerdeki makineler i\u00e7in y\u00fcksek verimlilik ve \u00fcretkenlik sa\u011flar. Kol silindiri, ekskavat\u00f6rler, vin\u00e7ler ve robotik kollar da dahil olmak \u00fczere \u00e7e\u015fitli makine ve ekipmanlarda yayg\u0131n olarak kullan\u0131lmaktad\u0131r.<\/p>\n<p>\u00d6zellikler<\/p>\n<p>Kol silindiri, a\u015fa\u011f\u0131dakiler de dahil olmak \u00fczere \u00e7e\u015fitli sekt\u00f6rlerde pop\u00fcler bir tercih olmas\u0131n\u0131 sa\u011flayan bir\u00e7ok \u00f6zellik sunmaktad\u0131r:<\/p>\n<p>1. Verimli G\u00fc\u00e7 Aktar\u0131m\u0131: Kol silindiri, g\u00fc\u00e7l\u00fc do\u011frusal hareket ve kuvvet sa\u011flayarak ekskavat\u00f6rler ve vin\u00e7ler gibi makineler i\u00e7in y\u00fcksek performans verimlili\u011fi sa\u011flar.<\/p>\n<p>2. Hassas Kontrol: Kol silindiri, hidrolik sistemler arac\u0131l\u0131\u011f\u0131yla ek aletlerin veya ata\u015fmanlar\u0131n hassas hareket kontrol\u00fcn\u00fc sa\u011flayarak, makinelerin daha fazla esneklik ve do\u011frulukla \u00e7al\u0131\u015ft\u0131r\u0131lmas\u0131n\u0131 m\u00fcmk\u00fcn k\u0131lar.<\/p>\n<p>3. Dayan\u0131kl\u0131l\u0131k: Kol silindiri y\u00fcksek mukavemetli malzemelerden \u00fcretilmi\u015ftir ve m\u00fckemmel a\u015f\u0131nma ve korozyon direncine sahiptir, bu da onu zorlu ortamlarda uzun s\u00fcreli kullan\u0131m i\u00e7in uygun hale getirir.<\/p>\n<p>4. \u00c7ok Fonksiyonlu Uyarlanabilirlik: Kol silindiri \u00e7ok y\u00f6nl\u00fcd\u00fcr ve farkl\u0131 \u00e7al\u0131\u015fma gereksinimlerine uyum sa\u011flayarak \u00e7e\u015fitli makine ve ekipmanlarda yayg\u0131n olarak kullan\u0131labilir.<\/p>\n<p>5. Kolay Bak\u0131m: Kol silindiri, bak\u0131m ve de\u011fi\u015ftirme kolayl\u0131\u011f\u0131 sa\u011flayacak \u015fekilde tasarlanm\u0131\u015ft\u0131r; bu da d\u00fczenli inceleme ve bak\u0131m\u0131 kolayla\u015ft\u0131rarak ekipman ar\u0131za s\u00fcresini azalt\u0131r.<\/p>\n<p>\u00dcretme<\/p>\n<p>Kol silindirimiz, hidrolik silindirler i\u00e7in m\u00fckemmel bir alternatiftir. \u00dcr\u00fcnlerimiz, orijinal ekipman \u00fcreticisinin y\u00fcksek kalite standartlar\u0131n\u0131 kar\u015f\u0131layacak \u015fekilde tasarlanm\u0131\u015ft\u0131r. \u00dcr\u00fcnlerimizin g\u00fcvenilirli\u011fini ve dayan\u0131kl\u0131l\u0131\u011f\u0131n\u0131 sa\u011flamak i\u00e7in en son teknolojiyi ve en kaliteli malzemeleri kullan\u0131yoruz. \u00dcr\u00fcnlerimiz, ekskavat\u00f6rler, vin\u00e7ler ve robotik kollar dahil olmak \u00fczere \u00e7e\u015fitli makine ve ekipmanlarda yayg\u0131n olarak kullan\u0131lmaktad\u0131r.<\/p>\n<p>Uygulamalar<\/p>\n<p>Kol silindiri, a\u015fa\u011f\u0131dakiler de dahil olmak \u00fczere \u00e7e\u015fitli end\u00fcstrilerde yayg\u0131n olarak kullan\u0131lmaktad\u0131r:<\/p>\n<p>1. \u0130n\u015faat: Ekskavat\u00f6rlerde ve vin\u00e7lerde, kol silindiri kep\u00e7enin veya vin\u00e7 kolunun hareketini kontrol ederek toprak i\u015fleri, malzeme ta\u015f\u0131ma ve yap\u0131sal kurulum i\u015flemlerini ger\u00e7ekle\u015ftirir.<\/p>\n<p>2. \u00dcretim: Otomatik \u00fcretim hatlar\u0131nda, kol silindiri robot kollar\u0131n\u0131n hareketini kontrol ederek montaj, kaynak ve malzeme ta\u015f\u0131ma i\u015flemlerini ger\u00e7ekle\u015ftirir, b\u00f6ylece verimlili\u011fi ve do\u011frulu\u011fu art\u0131r\u0131r.<\/p>\n<p>3. Tar\u0131m Makineleri: Bi\u00e7erd\u00f6ver ve ekim makinesi gibi tar\u0131m makinelerinde, kol silindiri kollar\u0131n hareketini kontrol ederek tohum ekme, g\u00fcbreleme ve hasat i\u015flemlerini ger\u00e7ekle\u015ftirir.<\/p>\n<p>4. Madencilik: Madencilik ekipmanlar\u0131nda, kol silindiri madencilik ekipman\u0131n\u0131n kolunun hareketini kontrol ederek cevher \u00e7\u0131karma ve ta\u015f\u0131ma i\u015flemlerini ger\u00e7ekle\u015ftirir.<\/p>\n<p>5. Lojistik ve Ta\u015f\u0131mac\u0131l\u0131k: Forkliftlerde ve ta\u015f\u0131ma robotlar\u0131nda, kol silindiri \u00e7atallar\u0131n hareketini ve kald\u0131r\u0131lmas\u0131n\u0131, malzemelerin ta\u015f\u0131nmas\u0131n\u0131 ve istiflenmesini kontrol eder.<\/p>\n<p>Tasar\u0131m Hususlar\u0131 ve Se\u00e7im Kriterleri<\/p>\n<p>Kol silindirinin tasar\u0131m\u0131nda ve se\u00e7iminde dikkate al\u0131nmas\u0131 gereken \u00e7e\u015fitli hususlar \u015funlard\u0131r:<\/p>\n<p>1. Load Capacity: The arm cylinder&#8217;s load capacity must be sufficient for the intended application.<\/p>\n<p>2. Sealing: Various sealing elements, such as piston seals and rod seals, must be used to ensure the arm cylinder&#8217;s sealing performance.<\/p>\n<p>3. Dayan\u0131kl\u0131l\u0131k: Kol silindiri, m\u00fckemmel a\u015f\u0131nma ve korozyon direncine sahip y\u00fcksek mukavemetli malzemelerden yap\u0131lmal\u0131d\u0131r.<\/p>\n<p>4. G\u00fcvenlik: Kol silindiri, ekipman operat\u00f6rlerinin ve \u00e7evredeki ki\u015filerin g\u00fcvenli\u011fini sa\u011flayacak \u015fekilde tasarlanmal\u0131d\u0131r.<\/p>\n<p>5. Bak\u0131m: Kol silindiri, bak\u0131m ve de\u011fi\u015ftirme kolayl\u0131\u011f\u0131 sa\u011flayacak \u015fekilde tasarlanmal\u0131d\u0131r.<\/p>\n<p>S\u0131zd\u0131rmazl\u0131k ve Ya\u011flama<\/p>\n<p>Kol silindirinin s\u0131zd\u0131rmazl\u0131k performans\u0131n\u0131 sa\u011flamak i\u00e7in piston contalar\u0131 ve mil contalar\u0131 gibi \u00e7e\u015fitli s\u0131zd\u0131rmazl\u0131k elemanlar\u0131na ihtiyac\u0131 vard\u0131r. Poli\u00fcretan ve nitril kau\u00e7uk gibi a\u015f\u0131nmaya dayan\u0131kl\u0131 malzemelerin kullan\u0131lmas\u0131 \u00f6nerilir. Silindir ba\u015fl\u0131\u011f\u0131 ve di\u015fli u\u00e7 y\u00fczeyleri, a\u015f\u0131nma direncini art\u0131rmak i\u00e7in ince bir \u015fekilde i\u015flenmi\u015ftir. Kol silindiri, ya\u011flama i\u00e7in uygun miktarda hidrolik ya\u011f eklenmesi de dahil olmak \u00fczere d\u00fczenli bak\u0131m gerektirir.<\/p>\n<p>Muayene ve \u00d6nleyici Bak\u0131m<\/p>\n<p>Regular inspection and preventive maintenance are essential to ensure the arm cylinder&#8217;s reliability and durability. The inspection should include checking for leaks, wear, and damage to the seals, piston, and rod. Preventive maintenance should include regular replacement of seals, cleaning of the cylinder, and adding the appropriate amount of hydraulic oil.<\/p>\n<p>Kurulum<\/p>\n<p>Proper installation of the arm cylinder is essential for its reliable and safe operation. The installation should follow the manufacturer&#8217;s instructions and should be carried out by trained personnel to ensure the safety of equipment operators and bystanders.<\/p>\n<p>G\u00fcvenlik Hususlar\u0131 ve \u00c7evresel Fakt\u00f6rler<\/p>\n<p>The arm cylinder is an essential component of hydraulic systems and requires proper installation, operation, and maintenance to ensure safe and reliable use. Operators should observe all safety precautions when operating machinery with arm cylinders. Environmental factors such as temperature, humidity, and corrosive media can affect the arm cylinder&#8217;s performance and should be considered during installation and operation.<\/p>\n<p>Ar\u0131za Te\u015fhisi ve Yayg\u0131n Sorunlar<\/p>\n<p>Common arm cylinder problems include seal damage, piston damage, and rod damage. Fault diagnosis should follow the manufacturer&#8217;s instructions and should be carried out by trained personnel to ensure the safety of equipment operators and bystanders.<\/p>\n<p>Sorun Giderme \u0130pu\u00e7lar\u0131 ve \u00c7\u00f6z\u00fcmleri<\/p>\n<p>Troubleshooting tips and solutions should follow the manufacturer&#8217;s instructions and include replacing seals, replacing damaged piston or rod, and adding the appropriate amount of hydraulic oil.<\/p>\n<p>\u015eirket Tan\u0131t\u0131m\u0131<\/p>\n<p>Biz, hem yurt i\u00e7i hem de uluslararas\u0131 pazarlarda m\u00fc\u015fteriler i\u00e7in \u00f6nde gelen bir tercih haline gelen geni\u015f bir \u00fcr\u00fcn yelpazesi sunan profesyonel bir hidrolik silindir \u00fcreticisiyiz. \u00dcr\u00fcnlerimiz en y\u00fcksek kalite standartlar\u0131nda \u00fcretilmekte olup, geli\u015fmi\u015f \u00fcretim at\u00f6lyemizde end\u00fcstriyel \u00fcretim y\u00f6netim stratejilerine g\u00fcvenerek teknolojimizi ve \u00fcretim verimlili\u011fimizi s\u00fcrekli olarak geli\u015ftiriyoruz. Geli\u015fmi\u015f dijital \u00fcretim ekipmanlar\u0131 ve profesyonel test sistemleri kullanarak \u00fcretim platformumuzu optimize ediyor ve \u00fcr\u00fcn kalite kontrol s\u00fcre\u00e7lerimizi iyile\u015ftirerek g\u00fc\u00e7l\u00fc inovasyon yetenekleri sergiliyoruz. Amac\u0131m\u0131z, y\u00fcksek verimlilik, do\u011fruluk ve y\u00fcksek kalite ile m\u00fc\u015fteri ihtiya\u00e7lar\u0131n\u0131 kar\u015f\u0131lamakt\u0131r.<\/p>\n<p>\u00d6zelle\u015ftirme, \u00fcretim ekipmanlar\u0131 ve sat\u0131\u015f sonras\u0131 hizmetler de dahil olmak \u00fczere \u00e7e\u015fitli hizmetler sunuyoruz ve ISO 9001 ve CE gibi uluslararas\u0131 sertifikalara sahip olmaktan gurur duyuyoruz.<\/p>\n<p>Yazar: lyl<\/p>","protected":false},"excerpt":{"rendered":"<p>Arm Cylinder For Bobcat Small Excavator E418 Introduction The arm cylinder is a specialized hydraulic cylinder that provides linear motion and power to various types of machinery, such as excavators, cranes, and robotic arms. It plays a critical role in the hydraulic system, enabling the effective movement and control of additional tools or attachments. These [&hellip;]<\/p>","protected":false},"featured_media":14759,"comment_status":"open","ping_status":"closed","template":"","meta":{"_et_pb_use_builder":"","_et_pb_old_content":"","_et_gb_content_width":""},"product_brand":[],"product_cat":[1497],"product_tag":[1498,1496],"class_list":{"0":"post-16625","1":"product","2":"type-product","3":"status-publish","4":"has-post-thumbnail","6":"product_cat-arm-cylinders","7":"product_tag-arm-cylinders","8":"product_tag-hydraulic-cylinders","10":"first","11":"instock","12":"shipping-taxable","13":"product-type-simple"},"amp_enabled":true,"_links":{"self":[{"href":"https:\/\/www.hydraulic-cylinders.net\/tr\/wp-json\/wp\/v2\/product\/16625","targetHints":{"allow":["GET"]}}],"collection":[{"href":"https:\/\/www.hydraulic-cylinders.net\/tr\/wp-json\/wp\/v2\/product"}],"about":[{"href":"https:\/\/www.hydraulic-cylinders.net\/tr\/wp-json\/wp\/v2\/types\/product"}],"replies":[{"embeddable":true,"href":"https:\/\/www.hydraulic-cylinders.net\/tr\/wp-json\/wp\/v2\/comments?post=16625"}],"wp:featuredmedia":[{"embeddable":true,"href":"https:\/\/www.hydraulic-cylinders.net\/tr\/wp-json\/wp\/v2\/media\/14759"}],"wp:attachment":[{"href":"https:\/\/www.hydraulic-cylinders.net\/tr\/wp-json\/wp\/v2\/media?parent=16625"}],"wp:term":[{"taxonomy":"product_brand","embeddable":true,"href":"https:\/\/www.hydraulic-cylinders.net\/tr\/wp-json\/wp\/v2\/product_brand?post=16625"},{"taxonomy":"product_cat","embeddable":true,"href":"https:\/\/www.hydraulic-cylinders.net\/tr\/wp-json\/wp\/v2\/product_cat?post=16625"},{"taxonomy":"product_tag","embeddable":true,"href":"https:\/\/www.hydraulic-cylinders.net\/tr\/wp-json\/wp\/v2\/product_tag?post=16625"}],"curies":[{"name":"wp","href":"https:\/\/api.w.org\/{rel}","templated":true}]}}