{"id":16627,"date":"2025-01-21T05:38:52","date_gmt":"2025-01-21T05:38:52","guid":{"rendered":"https:\/\/www.hydraulic-cylinders.net\/product\/arm-cylinder-for-der-der323-8h\/"},"modified":"2025-01-21T05:38:54","modified_gmt":"2025-01-21T05:38:54","slug":"arm-cylinder-for-der-der323-8h","status":"publish","type":"product","link":"https:\/\/www.hydraulic-cylinders.net\/tr\/urun\/arm-cylinder-for-der-der323-8h\/","title":{"rendered":"DER DER323-8H i\u00e7in Kol Silindiri"},"content":{"rendered":"<h1>DER DER323-8H i\u00e7in Kol Silindiri<\/h1>\n<h2>girii\u015f<\/h2>\n<p>Kol silindiri, ekskavat\u00f6rler, vin\u00e7ler ve robot kollar\u0131 gibi \u00e7e\u015fitli makinelerin kollar\u0131na do\u011frusal hareket ve g\u00fc\u00e7 sa\u011flayan \u00f6zel olarak tasarlanm\u0131\u015f bir hidrolik silindirdir. Kol silindiri, hidrolik sistemlerde hayati bir rol oynayarak ek aletlerin veya ata\u015fmanlar\u0131n etkili bir \u015fekilde hareket etmesini ve kontrol edilmesini sa\u011flar. Bu silindirler sadece d\u00fczg\u00fcn hareketler sa\u011flamakla kalmaz, ayn\u0131 zamanda a\u011f\u0131r y\u00fckleri de ta\u015f\u0131yarak \u00e7e\u015fitli \u00e7al\u0131\u015fma ko\u015fullar\u0131nda makinelerin verimli \u00e7al\u0131\u015fmas\u0131n\u0131 ve g\u00fcvenilirli\u011fini garanti eder.<\/p>\n<h3>Tan\u0131m ve A\u00e7\u0131klama<\/h3>\n<p>Kol silindiri, \u00e7e\u015fitli makine t\u00fcrlerinin kollar\u0131na do\u011frusal hareket ve g\u00fc\u00e7 sa\u011flamak \u00fczere tasarlanm\u0131\u015f bir hidrolik silindirdir. Kollar\u0131n kazma, kald\u0131rma ve nesneleri manip\u00fcle etme gibi \u00e7e\u015fitli g\u00f6revleri yerine getirmesini sa\u011flar. Silindir, hidrolik enerjiyi mekanik enerjiye d\u00f6n\u00fc\u015ft\u00fcrerek kollar\u0131n kontroll\u00fc ve hassas bir \u015fekilde hareket etmesine olanak tan\u0131r. Bu, makinenin verimli \u00e7al\u0131\u015fmas\u0131n\u0131 sa\u011flar ve g\u00f6revleri do\u011fruluk ve etkinlik ile yerine getirmesine olanak tan\u0131r.<\/p>\n<p><img decoding=\"async\" src=\"https:\/\/www.hydraulic-cylinders.net\/wp-content\/uploads\/2025\/01\/songte-company-2.webp\" alt=\"Kol Silindiri G\u00f6r\u00fcnt\u00fcs\u00fc\"><\/p>\n<h2>\u00d6zellikler<\/h2>\n<ul>\n<li><strong>Y\u00fcksek Verimli \u015eanz\u0131man:<\/strong> Kol silindiri g\u00fc\u00e7l\u00fc do\u011frusal hareket ve kuvvet sa\u011flayarak robotik kolun \u00e7e\u015fitli operasyonlarda y\u00fcksek performans kapasitesine sahip olmas\u0131n\u0131 sa\u011flar.<\/li>\n<li><strong>Hassas Kontrol:<\/strong> Hidrolik sistem sayesinde kol silindiri hassas hareket kontrol\u00fc sa\u011flayarak, ba\u011fl\u0131 tak\u0131mlar\u0131n \u00e7al\u0131\u015fmas\u0131n\u0131 daha esnek ve hassas hale getirir.<\/li>\n<li><strong>Dayan\u0131kl\u0131l\u0131k:<\/strong> Kol silindirleri genellikle y\u00fcksek mukavemetli malzemelerden yap\u0131l\u0131r, m\u00fckemmel a\u015f\u0131nma ve korozyon direnci sunar ve bu da onlar\u0131 zorlu ortamlarda uzun s\u00fcreli kullan\u0131ma uygun hale getirir.<\/li>\n<li><strong>\u00c7ok Fonksiyonlu Uyarlanabilirlik:<\/strong> Bu silindirler, ekskavat\u00f6rler, vin\u00e7ler ve robotik kollar gibi \u00e7e\u015fitli makinelerde yayg\u0131n olarak kullan\u0131labilir ve farkl\u0131 \u00e7al\u0131\u015fma gereksinimlerine uyum sa\u011flayabilir.<\/li>\n<li><strong>Kolay Bak\u0131m:<\/strong> Kol silindirinin tasar\u0131m\u0131, bak\u0131m ve de\u011fi\u015ftirme kolayl\u0131\u011f\u0131n\u0131 g\u00f6z \u00f6n\u00fcnde bulundurarak d\u00fczenli inceleme ve bak\u0131m\u0131 kolayla\u015ft\u0131r\u0131r ve b\u00f6ylece ekipman ar\u0131za s\u00fcresini azalt\u0131r.<\/li>\n<\/ul>\n<p><img decoding=\"async\" src=\"https:\/\/www.hydraulic-cylinders.net\/wp-content\/uploads\/2025\/01\/songte-oil-pipes-and-spare-parts.webp\" alt=\"Kol Silindiri Yedek Par\u00e7a G\u00f6rseli\"><\/p>\n<h2>Uygulamalar<\/h2>\n<p>Kol silindiri \u00e7e\u015fitli end\u00fcstri ve sekt\u00f6rlerde uygulama alan\u0131 bulmaktad\u0131r:<\/p>\n<ul>\n<li><strong>\u0130n\u015faat M\u00fchendisli\u011fi:<\/strong> Ekskavat\u00f6rlerde ve vin\u00e7lerde kol silindirleri, toprak i\u015fleri, malzeme ta\u015f\u0131ma ve yap\u0131sal montaj i\u00e7in kovalar\u0131n veya bomlar\u0131n hareketini kontrol eder.<\/li>\n<li><strong>\u00dcretim Sanayi:<\/strong> Otomatik \u00fcretim hatlar\u0131nda, kol silindirleri, montaj, kaynak ve malzeme ta\u015f\u0131ma i\u015flemlerinde robot kollar\u0131n\u0131n hareketini kolayla\u015ft\u0131rarak \u00fcretim verimlili\u011fini ve hassasiyetini art\u0131r\u0131r.<\/li>\n<li><strong>Tar\u0131m Makinalar\u0131:<\/strong> Bi\u00e7erd\u00f6ver ve tohum ekme makineleri gibi tar\u0131m ekipmanlar\u0131nda, kol silindirleri tohum ekme, g\u00fcbreleme ve hasat gibi i\u015flemler i\u00e7in \u00e7al\u0131\u015fma kollar\u0131n\u0131n hareketini kontrol eder.<\/li>\n<li><strong>Madencilik:<\/strong> Madencilik ekipmanlar\u0131nda kol silindirleri, cevher \u00e7\u0131karma ve ta\u015f\u0131ma i\u00e7in madencilik makinelerinin kol hareketini kontrol eder.<\/li>\n<li><strong>Lojistik ve Ta\u015f\u0131mac\u0131l\u0131k:<\/strong> Forkliftlerde ve ta\u015f\u0131ma robotlar\u0131nda kol silindirleri \u00e7atallar\u0131n kald\u0131r\u0131lmas\u0131n\u0131 ve hareketini kontrol ederek malzeme ta\u015f\u0131ma ve istiflemeyi m\u00fcmk\u00fcn k\u0131lar.<\/li>\n<\/ul>\n<h2>Tasar\u0131m Hususlar\u0131 ve Se\u00e7im Kriterleri<\/h2>\n<p>Kol silindirlerinin tasar\u0131m\u0131 ve se\u00e7imi yap\u0131l\u0131rken, \u00e7e\u015fitli fakt\u00f6rler g\u00f6z \u00f6n\u00fcnde bulundurulmal\u0131d\u0131r:<\/p>\n<ul>\n<li><strong>Y\u00fck Ta\u015f\u0131ma Kapasitesi:<\/strong> Kol silindiri, beklenen y\u00fcke dayanabilecek ve ama\u00e7lanan uygulama i\u00e7in yeterli kuvvet sa\u011flayabilecek kapasitede olmal\u0131d\u0131r.<\/li>\n<li><strong>S\u0131zd\u0131rmazl\u0131k:<\/strong> Etkili s\u0131zd\u0131rmazl\u0131k sa\u011flamak ve s\u0131z\u0131nt\u0131y\u0131 \u00f6nlemek i\u00e7in piston contalar\u0131 ve mil contalar\u0131 gibi \u00e7e\u015fitli s\u0131zd\u0131rmazl\u0131k bile\u015fenleri kullan\u0131lmal\u0131d\u0131r.<\/li>\n<li><strong>Dayan\u0131kl\u0131l\u0131k:<\/strong> Kol silindiri, a\u015f\u0131nmaya ve korozyona kar\u015f\u0131 dayan\u0131kl\u0131, uzun s\u00fcreli kullan\u0131m \u00f6mr\u00fc sa\u011flayacak y\u00fcksek kaliteli malzemelerden \u00fcretilmelidir.<\/li>\n<li><strong>Emniyet:<\/strong> Kaza riskini \u00f6nlemek ve operat\u00f6r g\u00fcvenli\u011fini sa\u011flamak i\u00e7in bas\u0131n\u00e7 tahliye vanalar\u0131 ve acil durdurma mekanizmalar\u0131 gibi g\u00fcvenlik \u00f6zellikleri entegre edilmelidir.<\/li>\n<li><strong>Bak\u0131m kolayl\u0131\u011f\u0131:<\/strong> Tasar\u0131m, bak\u0131m ve onar\u0131m kolayl\u0131\u011f\u0131n\u0131 g\u00f6z \u00f6n\u00fcnde bulundurmal\u0131, bile\u015fenlerin rahat\u00e7a incelenmesine ve de\u011fi\u015ftirilmesine olanak sa\u011flayarak ar\u0131za s\u00fcresini azaltmal\u0131d\u0131r.<\/li>\n<\/ul>\n<p><img decoding=\"async\" src=\"https:\/\/www.hydraulic-cylinders.net\/wp-content\/uploads\/2025\/01\/songte-cylinder-head-with-all-kinds-excavator-models.webp\" alt=\"Silindir Kapa\u011f\u0131 G\u00f6r\u00fcnt\u00fcs\u00fc\"><\/p>\n<h2>S\u0131zd\u0131rmazl\u0131k ve Ya\u011flama<\/h2>\n<p>Kol silindiri, uygun bir s\u0131zd\u0131rmazl\u0131k sa\u011flamak i\u00e7in piston contalar\u0131 ve mil contalar\u0131 gibi \u00e7e\u015fitli s\u0131zd\u0131rmazl\u0131k bile\u015fenleri kullan\u0131r. Bu contalar, poli\u00fcretan ve nitril kau\u00e7uk gibi a\u015f\u0131nmaya dayan\u0131kl\u0131 malzemelerden yap\u0131lm\u0131\u015ft\u0131r. Silindir g\u00f6vdesi ve di\u015fli u\u00e7 y\u00fczeyleri, a\u015f\u0131nma direncini art\u0131rmak i\u00e7in ince bir \u015fekilde i\u015flenmi\u015ftir. Uygun ya\u011flama \u015fartt\u0131r ve sorunsuz \u00e7al\u0131\u015fma sa\u011flamak ve a\u015f\u0131r\u0131 s\u00fcrt\u00fcnmeyi \u00f6nlemek i\u00e7in d\u00fczenli olarak uygun miktarda hidrolik ya\u011f eklenmelidir.<\/p>\n<h2>D\u00fczenli Muayene ve \u00d6nleyici Bak\u0131m<\/h2>\n<p>Kol silindirinin optimum performans ve uzun \u00f6m\u00fcrl\u00fcl\u00fc\u011f\u00fcn\u00fc sa\u011flamak i\u00e7in d\u00fczenli kontrol ve \u00f6nleyici bak\u0131m yap\u0131lmal\u0131d\u0131r. A\u015fa\u011f\u0131daki \u00f6nlemler al\u0131nmal\u0131d\u0131r:<\/p>\n<ul>\n<li>Silindirde herhangi bir s\u0131z\u0131nt\u0131, a\u015f\u0131nma veya hasar belirtisi olup olmad\u0131\u011f\u0131n\u0131 kontrol edin.<\/li>\n<li>Silindir par\u00e7alar\u0131n\u0131 \u00fcretici firman\u0131n \u00f6nerdi\u011fi \u015fekilde temizleyin ve ya\u011flay\u0131n.<\/li>\n<li>Gev\u015fek ba\u011flant\u0131lar\u0131 veya ba\u011flant\u0131 elemanlar\u0131n\u0131 s\u0131k\u0131n.<\/li>\n<li>Hidrolik bas\u0131nc\u0131 ve ak\u0131\u015f\u0131n\u0131 gerekti\u011fi gibi kontrol edin ve ayarlay\u0131n.<\/li>\n<li>A\u015f\u0131nm\u0131\u015f contalar\u0131 veya par\u00e7alar\u0131, daha fazla hasar\u0131 \u00f6nlemek i\u00e7in derhal de\u011fi\u015ftirin.<\/li>\n<\/ul>\n<h2>\u00dcr\u00fcn Kurulum K\u0131lavuzu<\/h2>\n<p>Kol silindirinin do\u011fru montaj\u0131, performans\u0131 ve g\u00fcvenli\u011fi i\u00e7in \u00e7ok \u00f6nemlidir. Do\u011fru montaj i\u00e7in \u015fu ad\u0131mlar\u0131 izleyin:<\/p>\n<ol>\n<li>Makinenin elektri\u011finin kesildi\u011finden ve sabit bir konumda oldu\u011fundan emin olun.<\/li>\n<li>Eski silindiri (varsa) \u00e7\u0131kar\u0131n ve montaj b\u00f6lgesini herhangi bir hasar veya kal\u0131nt\u0131 a\u00e7\u0131s\u0131ndan inceleyin.<\/li>\n<li>Yeni kol silindirini, montaj delikleriyle hizalayarak yerine yerle\u015ftirin.<\/li>\n<li>Verilen c\u0131vata veya ba\u011flant\u0131 elemanlar\u0131n\u0131 kullanarak silindiri g\u00fcvenli bir \u015fekilde sabitleyin.<\/li>\n<li>Hidrolik hatlar\u0131 ba\u011flay\u0131n ve uygun ba\u011flant\u0131 par\u00e7alar\u0131 ve contalar\u0131n kullan\u0131ld\u0131\u011f\u0131ndan emin olun.<\/li>\n<li>Silindirin d\u00fczg\u00fcn \u00e7al\u0131\u015f\u0131p \u00e7al\u0131\u015fmad\u0131\u011f\u0131n\u0131 test edin ve herhangi bir s\u0131z\u0131nt\u0131 olup olmad\u0131\u011f\u0131n\u0131 kontrol edin.<\/li>\n<\/ol>\n<p><img decoding=\"async\" src=\"https:\/\/www.hydraulic-cylinders.net\/wp-content\/uploads\/2025\/01\/songte-bushings-with-all-kinds-of-excavator-models.webp\" alt=\"Silindir Bur\u00e7lar\u0131 G\u00f6r\u00fcnt\u00fcs\u00fc\"><\/p>\n<h2>G\u00fcvenlik Hususlar\u0131 ve \u00c7evresel Fakt\u00f6rler<\/h2>\n<p>Kol silindirleri kullan\u0131l\u0131rken g\u00fcvenlik \u00f6nlemleri hayati \u00f6nem ta\u015f\u0131r. A\u015fa\u011f\u0131dakileri dikkate almak \u00f6nemlidir:<\/p>\n<ul>\n<li>Ekipman \u00fcreticisi taraf\u0131ndan sa\u011flanan t\u00fcm g\u00fcvenlik y\u00f6nergelerine ve d\u00fczenlemelerine uyun.<\/li>\n<li>Makineyi kullan\u0131rken veya \u00e7al\u0131\u015ft\u0131r\u0131rken uygun ki\u015fisel koruyucu ekipman (KKD) kullan\u0131n.<\/li>\n<li>Olas\u0131 tehlikeleri \u00f6nlemek i\u00e7in hidrolik sistemi d\u00fczenli olarak inceleyin ve bak\u0131m\u0131n\u0131 yap\u0131n.<\/li>\n<li>Kullan\u0131lm\u0131\u015f hidrolik ya\u011f veya bile\u015fenlerini \u00e7evre y\u00f6netmeliklerine uygun \u015fekilde imha edin.<\/li>\n<\/ul>\n<h2>Sorun Giderme ve Yayg\u0131n Sorunlar<\/h2>\n<p>Kol silindirinde sorunla kar\u015f\u0131la\u015ft\u0131\u011f\u0131n\u0131zda, a\u015fa\u011f\u0131daki sorun giderme ad\u0131mlar\u0131 yard\u0131mc\u0131 olabilir:<\/p>\n<ul>\n<li><strong>Sorun:<\/strong> Silindir d\u00fczg\u00fcn \u015fekilde uzay\u0131p geri \u00e7ekilmiyor.<br \/>\n      <strong>\u00c7\u00f6z\u00fcm:<\/strong> Hidrolik s\u0131v\u0131 seviyesinin d\u00fc\u015f\u00fck olup olmad\u0131\u011f\u0131n\u0131, filtrelerin t\u0131kal\u0131 olup olmad\u0131\u011f\u0131n\u0131 veya contalar\u0131n a\u015f\u0131nm\u0131\u015f olup olmad\u0131\u011f\u0131n\u0131 kontrol edin. Gerekti\u011finde doldurun veya de\u011fi\u015ftirin.<\/li>\n<li><strong>Sorun:<\/strong> Silindirden ya\u011f s\u0131z\u0131nt\u0131s\u0131 var.<br \/>\n      <strong>\u00c7\u00f6z\u00fcm:<\/strong> Contalar\u0131 ve ba\u011flant\u0131lar\u0131 hasar veya gev\u015feklik a\u00e7\u0131s\u0131ndan kontrol edin. Gerekti\u011finde de\u011fi\u015ftirin veya s\u0131k\u0131n.<\/li>\n<li><strong>Sorun:<\/strong> Silindir yava\u015f \u00e7al\u0131\u015f\u0131yor veya g\u00fcc\u00fc azal\u0131yor.<br \/>\n      <strong>\u00c7\u00f6z\u00fcm:<\/strong> Hidrolik hatlarda t\u0131kan\u0131kl\u0131k, yetersiz hidrolik bas\u0131n\u00e7 veya a\u015f\u0131nm\u0131\u015f par\u00e7alar olup olmad\u0131\u011f\u0131n\u0131 kontrol edin. Gerekti\u011finde gerekli i\u015flemleri yap\u0131n ve sorunu \u00e7\u00f6z\u00fcn.<\/li>\n<\/ul>\n<p>Bu sorun giderme ipu\u00e7lar\u0131n\u0131 ve \u00f6nleyici tedbirleri izleyerek, okuyucular sorunlar\u0131 etkili bir \u015fekilde te\u015fhis edip \u00e7\u00f6zebilir ve potansiyel sorunlar\u0131 en aza indirebilirler.<\/p>\n<p><img decoding=\"async\" src=\"https:\/\/www.hydraulic-cylinders.net\/wp-content\/uploads\/2025\/01\/songte-chushion-collar.webp\" alt=\"Silindir Yast\u0131k Yaka Resmi\"><\/p>\n<h2>\u015eirketimiz Hakk\u0131nda<\/h2>\n<p>Profesyonel bir hidrolik silindir yedek par\u00e7a \u00fcreticisiyiz ve geni\u015f bir \u00fcr\u00fcn yelpazesi sunarak hem yurt i\u00e7inde hem de yurt d\u0131\u015f\u0131nda \u00f6nde gelen \u00fcretici ve toptanc\u0131 firmalardan biri haline geldik.<\/p>","protected":false},"excerpt":{"rendered":"<p>Arm Cylinder For DER DER323-8H Introduction Arm Cylinder is a specially designed hydraulic cylinder that provides linear motion and power to the arms of various machinery, such as excavators, cranes, and robotic arms. The arm cylinder plays a crucial role in hydraulic systems, allowing additional tools or attachments to move and be controlled effectively. These [&hellip;]<\/p>","protected":false},"featured_media":14783,"comment_status":"open","ping_status":"closed","template":"","meta":{"_et_pb_use_builder":"","_et_pb_old_content":"","_et_gb_content_width":""},"product_brand":[],"product_cat":[1497],"product_tag":[1498,1496],"class_list":{"0":"post-16627","1":"product","2":"type-product","3":"status-publish","4":"has-post-thumbnail","6":"product_cat-arm-cylinders","7":"product_tag-arm-cylinders","8":"product_tag-hydraulic-cylinders","10":"first","11":"instock","12":"shipping-taxable","13":"product-type-simple"},"amp_enabled":true,"_links":{"self":[{"href":"https:\/\/www.hydraulic-cylinders.net\/tr\/wp-json\/wp\/v2\/product\/16627","targetHints":{"allow":["GET"]}}],"collection":[{"href":"https:\/\/www.hydraulic-cylinders.net\/tr\/wp-json\/wp\/v2\/product"}],"about":[{"href":"https:\/\/www.hydraulic-cylinders.net\/tr\/wp-json\/wp\/v2\/types\/product"}],"replies":[{"embeddable":true,"href":"https:\/\/www.hydraulic-cylinders.net\/tr\/wp-json\/wp\/v2\/comments?post=16627"}],"wp:featuredmedia":[{"embeddable":true,"href":"https:\/\/www.hydraulic-cylinders.net\/tr\/wp-json\/wp\/v2\/media\/14783"}],"wp:attachment":[{"href":"https:\/\/www.hydraulic-cylinders.net\/tr\/wp-json\/wp\/v2\/media?parent=16627"}],"wp:term":[{"taxonomy":"product_brand","embeddable":true,"href":"https:\/\/www.hydraulic-cylinders.net\/tr\/wp-json\/wp\/v2\/product_brand?post=16627"},{"taxonomy":"product_cat","embeddable":true,"href":"https:\/\/www.hydraulic-cylinders.net\/tr\/wp-json\/wp\/v2\/product_cat?post=16627"},{"taxonomy":"product_tag","embeddable":true,"href":"https:\/\/www.hydraulic-cylinders.net\/tr\/wp-json\/wp\/v2\/product_tag?post=16627"}],"curies":[{"name":"wp","href":"https:\/\/api.w.org\/{rel}","templated":true}]}}