{"id":16630,"date":"2025-01-21T05:39:04","date_gmt":"2025-01-21T05:39:04","guid":{"rendered":"https:\/\/www.hydraulic-cylinders.net\/product\/arm-cylinder-for-kubota-small-excavator-u-35-kx135\/"},"modified":"2025-01-21T05:39:06","modified_gmt":"2025-01-21T05:39:06","slug":"arm-cylinder-for-kubota-small-excavator-u-35-kx135","status":"publish","type":"product","link":"https:\/\/www.hydraulic-cylinders.net\/tr\/urun\/arm-cylinder-for-kubota-small-excavator-u-35-kx135\/","title":{"rendered":"Kubota K\u00fc\u00e7\u00fck Ekskavat\u00f6r U-35.KX135 i\u00e7in Kol Silindiri"},"content":{"rendered":"<h1>Kubota K\u00fc\u00e7\u00fck Ekskavat\u00f6r U-35.KX135 i\u00e7in Kol Silindiri<\/h1>\n<h2>girii\u015f<\/h2>\n<p>Kubota K\u00fc\u00e7\u00fck Ekskavat\u00f6r U-35.KX135 i\u00e7in Kol Silindiri, ekskavat\u00f6rler, vin\u00e7ler ve robotik kollar gibi \u00e7e\u015fitli makinelerin kollar\u0131na do\u011frusal hareket ve g\u00fc\u00e7 sa\u011flamak \u00fczere tasarlanm\u0131\u015f \u00f6zel bir hidrolik silindirdir. Kol silindiri, hidrolik sistemlerde \u00f6nemli bir rol oynar ve ek alet veya ata\u015fmanlar\u0131n verimli bir \u015fekilde hareket etmesini ve kontrol edilmesini sa\u011flar. Bu silindirler sadece d\u00fczg\u00fcn hareket sa\u011flamakla kalmaz, ayn\u0131 zamanda a\u011f\u0131r y\u00fcklere de dayanarak, \u00e7e\u015fitli \u00e7al\u0131\u015fma ko\u015fullar\u0131nda makinelerin verimli ve g\u00fcvenilir \u00e7al\u0131\u015fmas\u0131n\u0131 sa\u011flar.<\/p>\n<p><img decoding=\"async\" src=\"https:\/\/www.hydraulic-cylinders.net\/wp-content\/uploads\/2025\/01\/songte-company-2.webp\"><\/p>\n<h2>\u00d6zellikler<\/h2>\n<ul>\n<li>Y\u00fcksek Verimli \u015eanz\u0131man: Kol silindiri g\u00fc\u00e7l\u00fc do\u011frusal hareket ve kuvvet sa\u011flayarak, mekanik kolun \u00e7e\u015fitli i\u015flemlerde y\u00fcksek performans yeteneklerini garanti alt\u0131na al\u0131r.<\/li>\n<li>Hassas Kontrol: Hidrolik sistem sayesinde kol silindiri hassas hareket kontrol\u00fc sa\u011flayarak, ba\u011fl\u0131 tak\u0131mlar\u0131n \u00e7al\u0131\u015fmas\u0131n\u0131 daha esnek ve hassas hale getirir.<\/li>\n<li>G\u00fc\u00e7l\u00fc Dayan\u0131kl\u0131l\u0131k: Kol silindirleri genellikle y\u00fcksek mukavemetli malzemeler kullan\u0131larak \u00fcretilir, m\u00fckemmel a\u015f\u0131nma ve korozyon direnci sunar ve bu da onlar\u0131 zorlu ortamlarda uzun s\u00fcreli kullan\u0131ma uygun hale getirir.<\/li>\n<li>\u00c7ok Fonksiyonlu Uyarlanabilirlik: Bu silindirler, ekskavat\u00f6rler, vin\u00e7ler ve robotik kollar gibi \u00e7e\u015fitli makine ekipmanlar\u0131nda yayg\u0131n olarak uygulanabilir ve farkl\u0131 \u00e7al\u0131\u015fma gereksinimlerine uyum sa\u011flar.<\/li>\n<li>Kolay Bak\u0131m: Kullan\u0131m kolayl\u0131\u011f\u0131 d\u00fc\u015f\u00fcn\u00fclerek tasarlanan kol silindirleri, bak\u0131m\u0131 ve de\u011fi\u015ftirilmesi kolayd\u0131r; bu sayede d\u00fczenli kontroller ve bak\u0131m daha kolay hale gelir ve ekipman ar\u0131za s\u00fcresi azal\u0131r.<\/li>\n<\/ul>\n<p><img decoding=\"async\" src=\"https:\/\/www.hydraulic-cylinders.net\/wp-content\/uploads\/2025\/01\/songte-oil-pipes-and-spare-parts.webp\"><\/p>\n<h2>Uygulamalar<\/h2>\n<p>Kubota K\u00fc\u00e7\u00fck Ekskavat\u00f6r U-35.KX135 i\u00e7in Kol Silindiri farkl\u0131 end\u00fcstrilerde \u00e7ok y\u00f6nl\u00fc uygulamalara sahiptir:<\/p>\n<h3>\u0130n\u015faat M\u00fchendisli\u011fi<\/h3>\n<p>Ekskavat\u00f6rlerde ve vin\u00e7lerde kol silindiri, kova veya bomun hareketini kontrol ederek toprak i\u015flerini, malzeme ta\u015f\u0131may\u0131 ve yap\u0131sal montaj\u0131 kolayla\u015ft\u0131r\u0131r.<\/p>\n<h3>\u00dcretim Sanayi<\/h3>\n<p>Otomasyonlu \u00fcretim hatlar\u0131nda kol silindiri, robot kollar\u0131n\u0131n hareketini sa\u011flayarak montaj, kaynak ve malzeme ta\u015f\u0131ma s\u00fcre\u00e7lerine olanak tan\u0131r ve b\u00f6ylece \u00fcretim verimlili\u011fini ve do\u011frulu\u011funu art\u0131r\u0131r.<\/p>\n<h3>Tar\u0131m Makinalar\u0131<\/h3>\n<p>Bi\u00e7erd\u00f6ver ve ekim makinesi gibi tar\u0131m makinelerinde kol silindiri, ekim, g\u00fcbreleme ve hasat gibi g\u00f6revleri ger\u00e7ekle\u015ftiren \u00e7al\u0131\u015fma kolunun hareketini kontrol eder.<\/p>\n<h3>Madencilik<\/h3>\n<p>Madencilik ekipmanlar\u0131nda kol silindiri, maden makinelerinin kol hareketini kontrol etmek, cevher \u00e7\u0131karma ve ta\u015f\u0131may\u0131 kolayla\u015ft\u0131rmak i\u00e7in kullan\u0131l\u0131r.<\/p>\n<h3>Lojistik ve Ta\u015f\u0131mac\u0131l\u0131k<\/h3>\n<p>Forkliftlerde ve ta\u015f\u0131ma robotlar\u0131nda kol silindiri, \u00e7atallar\u0131n kald\u0131r\u0131lmas\u0131n\u0131 ve hareketini kontrol ederek malzemelerin ta\u015f\u0131nmas\u0131n\u0131 ve istiflenmesini sa\u011flar.<\/p>\n<p><img decoding=\"async\" src=\"https:\/\/www.hydraulic-cylinders.net\/wp-content\/uploads\/2025\/01\/songte-cylinder-head-with-all-kinds-excavator-models.webp\"><\/p>\n<h2>Tasar\u0131m Hususlar\u0131 ve Se\u00e7im Kriterleri<\/h2>\n<p>Kubota K\u00fc\u00e7\u00fck Ekskavat\u00f6r U-35.KX135 i\u00e7in Kol Silindiri tasarlan\u0131rken \u00e7e\u015fitli fakt\u00f6rler dikkate al\u0131n\u0131r:<\/p>\n<h3>Y\u00fck Ta\u015f\u0131ma Kapasitesi<\/h3>\n<p>Silindirin ama\u00e7lanan y\u00fcke dayanma kabiliyeti, g\u00fcvenli ve verimli bir \u00e7al\u0131\u015fmay\u0131 sa\u011flamak i\u00e7in \u00f6nemli bir tasar\u0131m hususudur.<\/p>\n<h3>S\u0131zd\u0131rmazl\u0131k<\/h3>\n<p>Piston contalar\u0131 ve piston kolu contalar\u0131 gibi \u00e7e\u015fitli contalar, s\u0131z\u0131nt\u0131y\u0131 \u00f6nlemek ve silindir i\u00e7indeki hidrolik s\u0131v\u0131y\u0131 korumak i\u00e7in kullan\u0131l\u0131r. Bu contalar, a\u015f\u0131nma ve y\u0131pranmaya dayan\u0131kl\u0131 poli\u00fcretan ve nitril kau\u00e7uk gibi dayan\u0131kl\u0131 malzemelerden \u00fcretilmi\u015ftir.<\/p>\n<h3>Dayan\u0131kl\u0131l\u0131k<\/h3>\n<p>Silindir g\u00f6vdesi ve di\u015fli u\u00e7 y\u00fczeyleri, a\u015f\u0131nma direncini art\u0131rmak i\u00e7in titizlikle i\u015flenmi\u015ftir ve zorlu ortamlarda uzun s\u00fcreli performans sa\u011flar.<\/p>\n<h3>Emniyet<\/h3>\n<p>Kazalar\u0131 \u00f6nlemek ve g\u00fcvenli \u00e7al\u0131\u015fmay\u0131 sa\u011flamak i\u00e7in bas\u0131n\u00e7 tahliye vanalar\u0131 ve g\u00fcvenli montaj mekanizmalar\u0131 gibi g\u00fcvenlik \u00f6zellikleri eklenmi\u015ftir.<\/p>\n<h3>Bak\u0131m kolayl\u0131\u011f\u0131<\/h3>\n<p>Tasar\u0131m, bak\u0131m ve de\u011fi\u015ftirme kolayl\u0131\u011f\u0131na, d\u00fczenli denetimlerin basitle\u015ftirilmesine ve duru\u015f s\u00fcrelerinin azalt\u0131lmas\u0131na odaklan\u0131yor.<\/p>\n<p><img decoding=\"async\" src=\"https:\/\/www.hydraulic-cylinders.net\/wp-content\/uploads\/2025\/01\/songte-chushion-collar.webp\"><\/p>\n<h2>S\u0131zd\u0131rmazl\u0131k ve Ya\u011flama<\/h2>\n<p>Kubota K\u00fc\u00e7\u00fck Ekskavat\u00f6r U-35.KX135'in Kol Silindiri, poli\u00fcretan ve nitril kau\u00e7uk gibi a\u015f\u0131nmaya dayan\u0131kl\u0131 malzemelerden yap\u0131lm\u0131\u015f piston contalar\u0131 ve piston kolu contalar\u0131 gibi \u00e7e\u015fitli s\u0131zd\u0131rmazl\u0131k bile\u015fenleri kullan\u0131r. Silindir g\u00f6vdesi ve di\u015fli u\u00e7 y\u00fczeyleri, a\u015f\u0131nma direncini art\u0131rmak i\u00e7in hassas bir i\u015flemden ge\u00e7irilir. Sorunsuz \u00e7al\u0131\u015fmas\u0131n\u0131 sa\u011flamak i\u00e7in uygun miktarda hidrolik ya\u011f ile d\u00fczenli olarak ya\u011flanmas\u0131 gerekir.<\/p>\n<h2>D\u00fczenli Muayene ve \u00d6nleyici Bak\u0131m<\/h2>\n<ul>\n<li>Silindiri d\u00fczenli olarak hasar, s\u0131z\u0131nt\u0131 veya a\u015f\u0131r\u0131 a\u015f\u0131nma belirtileri a\u00e7\u0131s\u0131ndan inceleyin.<\/li>\n<li>Uygun s\u0131zd\u0131rmazl\u0131k performans\u0131n\u0131 korumak i\u00e7in contalar\u0131 kontrol edin ve gerekirse de\u011fi\u015ftirin.<\/li>\n<li>Silindirin \u00f6nerilen hidrolik ya\u011f ile d\u00fczg\u00fcn \u015fekilde ya\u011fland\u0131\u011f\u0131ndan emin olun.<\/li>\n<li>S\u0131z\u0131nt\u0131y\u0131 \u00f6nlemek i\u00e7in gev\u015fek ba\u011flant\u0131lar\u0131 veya ba\u011flant\u0131 par\u00e7alar\u0131n\u0131 s\u0131k\u0131n.<\/li>\n<li>Bak\u0131m aral\u0131klar\u0131 ve prosed\u00fcrleri i\u00e7in \u00fcreticinin talimatlar\u0131n\u0131 izleyin.<\/li>\n<\/ul>\n<h2>\u00dcr\u00fcn Kurulum K\u0131lavuzu<\/h2>\n<p>Kubota K\u00fc\u00e7\u00fck Ekskavat\u00f6r U-35.KX135 i\u00e7in Kol Silindirini takarken l\u00fctfen \u015fu ad\u0131mlar\u0131 izleyin:<\/p>\n<ol>\n<li>Makinenin kapal\u0131 oldu\u011fundan ve hidrolik sistemin bas\u0131nc\u0131n\u0131n al\u0131nd\u0131\u011f\u0131ndan emin olun.<\/li>\n<li>Eski silindiri \u00e7\u0131kar\u0131n, konumunu ve y\u00f6n\u00fcn\u00fc not edin.<\/li>\n<li>Yeni silindiri dikkatlice hizalay\u0131n ve uygun montaj mekanizmas\u0131n\u0131 kullanarak g\u00fcvenli bir \u015fekilde tak\u0131n.<\/li>\n<li>Hidrolik hortumlar\u0131 d\u00fczg\u00fcn bir \u015fekilde ba\u011flay\u0131n, s\u0131k\u0131 ve s\u0131zd\u0131rmaz bir ba\u011flant\u0131 sa\u011flay\u0131n.<\/li>\n<li>\u0130\u015flevselli\u011fini do\u011frulamak i\u00e7in silindirin \u00e7al\u0131\u015fmas\u0131n\u0131 test edin.<\/li>\n<\/ol>\n<p><img decoding=\"async\" src=\"https:\/\/www.hydraulic-cylinders.net\/wp-content\/uploads\/2025\/01\/songte-bushings-with-all-kinds-of-excavator-models.webp\"><\/p>\n<h2>G\u00fcvenlik Hususlar\u0131 ve \u00c7evresel Fakt\u00f6rler<\/h2>\n<p>Kubota K\u00fc\u00e7\u00fck Ekskavat\u00f6r U-35.KX135 i\u00e7in Kol Silindiri ile \u00e7al\u0131\u015f\u0131rken, g\u00fcvenlik \u00f6nlemlerine \u00f6ncelik vermek \u00f6nemlidir. Uygun e\u011fitim, g\u00fcvenlik protokollerine uyum ve ki\u015fisel koruyucu ekipman kullan\u0131m\u0131, kazalar\u0131 \u00f6nlemek i\u00e7in kritik \u00f6neme sahiptir. Ayr\u0131ca, hidrolik s\u0131v\u0131lar\u0131n uygun \u015fekilde bertaraf edilmesi ve \u00e7evre d\u00fczenlemelerine uyulmas\u0131, \u00e7evresel etkiyi en aza indirmek i\u00e7in hayati \u00f6nem ta\u015f\u0131r.<\/p>\n<h2>Ar\u0131za Te\u015fhisi ve Yayg\u0131n Sorunlar<\/h2>\n<p>Kubota K\u00fc\u00e7\u00fck Ekskavat\u00f6r U-35.KX135'in Kol Silindirinde meydana gelebilecek yayg\u0131n sorunlar \u015funlard\u0131r:<\/p>\n<h3>S\u0131z\u0131nt\u0131<\/h3>\n<p>T\u00fcm contalar\u0131 ve ba\u011flant\u0131lar\u0131 s\u0131z\u0131nt\u0131 belirtileri a\u00e7\u0131s\u0131ndan inceleyin. Hasarl\u0131 contalar\u0131 de\u011fi\u015ftirin ve sorunu \u00e7\u00f6zmek i\u00e7in gev\u015fek ba\u011flant\u0131lar\u0131 s\u0131k\u0131n.<\/p>\n<h3>D\u00fczensiz Hareket<\/h3>\n<p>Silindir d\u00fczensiz veya sars\u0131nt\u0131l\u0131 hareket ediyorsa, herhangi bir t\u0131kan\u0131kl\u0131k veya hasarl\u0131 par\u00e7a olup olmad\u0131\u011f\u0131n\u0131 kontrol edin. T\u0131kan\u0131kl\u0131klar\u0131 giderin ve ar\u0131zal\u0131 par\u00e7alar\u0131 gerekti\u011fi gibi de\u011fi\u015ftirin.<\/p>\n<h3>G\u00fc\u00e7 Eksikli\u011fi<\/h3>\n<p>Silindirde g\u00fc\u00e7 eksikli\u011fi varsa, hidrolik sistemin uygun \u015fekilde bas\u0131n\u00e7land\u0131r\u0131ld\u0131\u011f\u0131ndan emin olun. T\u0131kal\u0131 filtreler veya yetersiz s\u0131v\u0131 seviyeleri gibi sistemde herhangi bir k\u0131s\u0131tlama olup olmad\u0131\u011f\u0131n\u0131 kontrol edin.<\/p>\n<h2>Sorun Giderme \u0130pu\u00e7lar\u0131 ve \u00c7\u00f6z\u00fcmleri<\/h2>\n<p>Etkili sorun giderme ve sorun \u00e7\u00f6zme i\u00e7in a\u015fa\u011f\u0131daki ipu\u00e7lar\u0131n\u0131 g\u00f6z \u00f6n\u00fcnde bulundurun:<\/p>\n<ul>\n<li>Belirli sorun giderme ad\u0131mlar\u0131 ve \u00e7\u00f6z\u00fcmleri i\u00e7in \u00fcreticinin belgelerine bak\u0131n.<\/li>\n<li>Profesyonel yard\u0131m i\u00e7in hidrolik sistem uzmanlar\u0131na veya teknisyenlerine dan\u0131\u015f\u0131n.<\/li>\n<li>Olas\u0131 sorunlar\u0131 \u00f6nlemek i\u00e7in d\u00fczenli bir denetim ve bak\u0131m program\u0131 uygulay\u0131n.<\/li>\n<li>Silindirin optimum performans\u0131n\u0131 ve uzun \u00f6m\u00fcrl\u00fcl\u00fc\u011f\u00fcn\u00fc sa\u011flamak i\u00e7in uygun ya\u011flama uygulamalar\u0131n\u0131 kullan\u0131n.<\/li>\n<\/ul>\n<p><img decoding=\"async\" src=\"https:\/\/www.hydraulic-cylinders.net\/wp-content\/uploads\/2025\/01\/songte-chushion-collar.webp\"><\/p>\n<p>Makaleyi mant\u0131kl\u0131 bir \u015fekilde d\u00fczenlemeyi, kolay gezinme i\u00e7in alt ba\u015fl\u0131klar kullanmay\u0131, anlay\u0131\u015f\u0131 geli\u015ftirmek i\u00e7in ilgili g\u00f6rseller veya grafikler eklemeyi ve i\u00e7eri\u011fin farkl\u0131 teknik bilgi seviyelerine sahip okuyucular i\u00e7in a\u00e7\u0131k, \u00f6z ve uygun olmas\u0131n\u0131 sa\u011flamay\u0131 unutmay\u0131n.<\/p>\n<p><em>Yazar: lyl<\/em><\/p>\n<h2>Hakk\u0131m\u0131zda<\/h2>\n<p>Geni\u015f bir \u00fcr\u00fcn yelpazesine sahip profesyonel bir yedek hidrolik silindir \u00fcreticisiyiz. Yurti\u00e7i ve yurtd\u0131\u015f\u0131 pazarlarda lider hidrolik silindir \u00fcreticilerinden ve toptan da\u011f\u0131t\u0131mc\u0131lar\u0131ndan biri haline geldik. M\u00fckemmel kaliteye olan ba\u011fl\u0131l\u0131\u011f\u0131m\u0131zla, teknolojik yeteneklerimizi ve \u00fcretim kapasitemizi s\u00fcrekli geli\u015ftiriyoruz.<\/p>","protected":false},"excerpt":{"rendered":"<p>Arm Cylinder For Kubota Small Excavator U-35.KX135 Introduction The Arm Cylinder for Kubota Small Excavator U-35.KX135 is a specialized hydraulic cylinder designed to provide linear motion and power to the arm of various machinery, such as excavators, cranes, and robotic arms. The arm cylinder plays a crucial role in hydraulic systems, enabling the efficient movement [&hellip;]<\/p>","protected":false},"featured_media":14774,"comment_status":"open","ping_status":"closed","template":"","meta":{"_et_pb_use_builder":"","_et_pb_old_content":"","_et_gb_content_width":""},"product_brand":[],"product_cat":[1497],"product_tag":[1498,1496],"class_list":{"0":"post-16630","1":"product","2":"type-product","3":"status-publish","4":"has-post-thumbnail","6":"product_cat-arm-cylinders","7":"product_tag-arm-cylinders","8":"product_tag-hydraulic-cylinders","10":"first","11":"instock","12":"shipping-taxable","13":"product-type-simple"},"amp_enabled":true,"_links":{"self":[{"href":"https:\/\/www.hydraulic-cylinders.net\/tr\/wp-json\/wp\/v2\/product\/16630","targetHints":{"allow":["GET"]}}],"collection":[{"href":"https:\/\/www.hydraulic-cylinders.net\/tr\/wp-json\/wp\/v2\/product"}],"about":[{"href":"https:\/\/www.hydraulic-cylinders.net\/tr\/wp-json\/wp\/v2\/types\/product"}],"replies":[{"embeddable":true,"href":"https:\/\/www.hydraulic-cylinders.net\/tr\/wp-json\/wp\/v2\/comments?post=16630"}],"wp:featuredmedia":[{"embeddable":true,"href":"https:\/\/www.hydraulic-cylinders.net\/tr\/wp-json\/wp\/v2\/media\/14774"}],"wp:attachment":[{"href":"https:\/\/www.hydraulic-cylinders.net\/tr\/wp-json\/wp\/v2\/media?parent=16630"}],"wp:term":[{"taxonomy":"product_brand","embeddable":true,"href":"https:\/\/www.hydraulic-cylinders.net\/tr\/wp-json\/wp\/v2\/product_brand?post=16630"},{"taxonomy":"product_cat","embeddable":true,"href":"https:\/\/www.hydraulic-cylinders.net\/tr\/wp-json\/wp\/v2\/product_cat?post=16630"},{"taxonomy":"product_tag","embeddable":true,"href":"https:\/\/www.hydraulic-cylinders.net\/tr\/wp-json\/wp\/v2\/product_tag?post=16630"}],"curies":[{"name":"wp","href":"https:\/\/api.w.org\/{rel}","templated":true}]}}