{"id":16635,"date":"2025-01-21T05:39:24","date_gmt":"2025-01-21T05:39:24","guid":{"rendered":"https:\/\/www.hydraulic-cylinders.net\/product\/arm-cylinder-for-kubota-small-excavator-u-183\/"},"modified":"2025-01-21T05:39:26","modified_gmt":"2025-01-21T05:39:26","slug":"arm-cylinder-for-kubota-small-excavator-u-183","status":"publish","type":"product","link":"https:\/\/www.hydraulic-cylinders.net\/tr\/urun\/arm-cylinder-for-kubota-small-excavator-u-183\/","title":{"rendered":"Kubota K\u00fc\u00e7\u00fck Ekskavat\u00f6r U-183 i\u00e7in Kol Silindiri"},"content":{"rendered":"<h1>Kubota K\u00fc\u00e7\u00fck Ekskavat\u00f6r U-183 i\u00e7in Kol Silindiri<\/h1>\n<h2>girii\u015f<\/h2>\n<p>Kol silindiri, ekskavat\u00f6rler, vin\u00e7ler ve robotik kollar gibi \u00e7e\u015fitli makine t\u00fcrlerinin kollar\u0131na do\u011frusal hareket ve g\u00fc\u00e7 sa\u011flayan \u00f6zel olarak tasarlanm\u0131\u015f bir hidrolik silindirdir. Hidrolik sistemlerde \u00f6nemli bir rol oynar ve ek alet veya ata\u015fmanlar\u0131n verimli bir \u015fekilde hareket etmesini ve kontrol edilmesini sa\u011flar. Bu silindirler, sadece d\u00fczg\u00fcn hareket sa\u011flamakla kalmaz, ayn\u0131 zamanda a\u011f\u0131r y\u00fcklere de dayanarak, \u00e7e\u015fitli \u00e7al\u0131\u015fma ko\u015fullar\u0131nda makinelerin verimli \u00e7al\u0131\u015fmas\u0131n\u0131 ve g\u00fcvenilirli\u011fini sa\u011flar.<\/p>\n<p><img decoding=\"async\" src=\"https:\/\/www.hydraulic-cylinders.net\/wp-content\/uploads\/2025\/01\/songte-company-2.webp\"><\/p>\n<h2>\u00d6zellikler<\/h2>\n<ul>\n<li>Y\u00fcksek verimli \u015fanz\u0131man: Kol silindiri g\u00fc\u00e7l\u00fc do\u011frusal hareket ve kuvvet sa\u011flayarak \u00e7e\u015fitli i\u015flemlerde y\u00fcksek performans sa\u011flar.<\/li>\n<li>Hassas kontrol: Hidrolik sistem sayesinde kol silindiri hassas hareket kontrol\u00fcne olanak tan\u0131r ve ba\u011fl\u0131 aletlerin \u00e7al\u0131\u015fmas\u0131n\u0131 daha esnek ve hassas hale getirir.<\/li>\n<li>G\u00fc\u00e7l\u00fc dayan\u0131kl\u0131l\u0131k: Kol silindirleri genellikle y\u00fcksek mukavemetli malzemelerden yap\u0131l\u0131r, m\u00fckemmel a\u015f\u0131nma direnci ve korozyon direnci sa\u011flar ve bu da onlar\u0131 zorlu ortamlarda uzun s\u00fcreli kullan\u0131ma uygun hale getirir.<\/li>\n<li>\u00c7ok fonksiyonlu uyarlanabilirlik: Bu silindirler ekskavat\u00f6rler, vin\u00e7ler ve robotik kollar gibi \u00e7e\u015fitli makinelerde yayg\u0131n olarak kullan\u0131labilir ve farkl\u0131 \u00e7al\u0131\u015fma gereksinimlerine uyum sa\u011flar.<\/li>\n<li>Kolay bak\u0131m: Kolay bak\u0131m ve de\u011fi\u015ftirme i\u00e7in tasarlanan kol silindirleri, d\u00fczenli muayene ve servis i\u015flemlerini kolayla\u015ft\u0131rarak ekipman ar\u0131za s\u00fcresini azalt\u0131r.<\/li>\n<\/ul>\n<p><img decoding=\"async\" src=\"https:\/\/www.hydraulic-cylinders.net\/wp-content\/uploads\/2025\/01\/songte-oil-pipes-and-spare-parts.webp\"><\/p>\n<h2>Uygulamalar<\/h2>\n<ul>\n<li>\u0130n\u015faat M\u00fchendisli\u011fi: Ekskavat\u00f6rlerde ve vin\u00e7lerde, kol silindirleri toprak i\u015fleri, malzeme ta\u015f\u0131ma ve yap\u0131sal montaj i\u00e7in kovalar\u0131n veya bomlar\u0131n hareketini kontrol eder.<\/li>\n<li>\u00dcretim End\u00fcstrisi: Otomatik \u00fcretim hatlar\u0131nda kol silindirleri, montaj, kaynak ve ta\u015f\u0131ma s\u00fcre\u00e7lerinde robot kollar\u0131n\u0131n hareket etmesini sa\u011flayarak verimlili\u011fi ve do\u011frulu\u011fu art\u0131r\u0131r.<\/li>\n<li>Tar\u0131m Makinalar\u0131: Bi\u00e7erd\u00f6ver ve ekim makineleri gibi tar\u0131m ekipmanlar\u0131nda kol silindirleri, ekim, g\u00fcbreleme ve hasat gibi g\u00f6revlerde \u00e7al\u0131\u015fan kollar\u0131n hareketini kontrol eder.<\/li>\n<li>Madencilik: Madencilik ekipmanlar\u0131nda kol silindirleri, cevher \u00e7\u0131karma ve ta\u015f\u0131ma i\u00e7in madencilik makinelerinin kol hareketini kontrol eder.<\/li>\n<li>Lojistik ve Ta\u015f\u0131mac\u0131l\u0131k: Forkliftlerde ve ta\u015f\u0131ma robotlar\u0131nda, \u00e7atallar\u0131n kald\u0131r\u0131lmas\u0131n\u0131 ve hareketini kontrol etmek i\u00e7in kol silindirleri kullan\u0131l\u0131r, bu da malzeme ta\u015f\u0131ma ve istiflemeyi m\u00fcmk\u00fcn k\u0131lar.<\/li>\n<\/ul>\n<h2>Tasar\u0131m Hususlar\u0131 ve Se\u00e7im Kriterleri<\/h2>\n<ul>\n<li>Y\u00fck ta\u015f\u0131ma kapasitesi: Kol silindirinin farkl\u0131 y\u00fckleri ta\u015f\u0131ma yetene\u011finin tart\u0131\u015f\u0131lmas\u0131.<\/li>\n<li>S\u0131zd\u0131rmazl\u0131k: Poli\u00fcretan ve nitril kau\u00e7uk gibi a\u015f\u0131nmaya dayan\u0131kl\u0131 malzemelerden yap\u0131lm\u0131\u015f piston contalar\u0131 ve biyel contalar\u0131 gibi kullan\u0131lan \u00e7e\u015fitli contalar\u0131n incelenmesi.<\/li>\n<li>Dayan\u0131kl\u0131l\u0131k: Silindir g\u00f6vdesinin ince y\u00fczey i\u015flemi ve geli\u015ftirilmi\u015f a\u015f\u0131nma direnci i\u00e7in di\u015fli u\u00e7lar vurgulan\u0131r.<\/li>\n<li>G\u00fcvenlik: Kol silindirlerinin tasar\u0131m\u0131 ve kullan\u0131m\u0131 s\u0131ras\u0131nda g\u00fcvenlik hususlar\u0131n\u0131n ele al\u0131nmas\u0131.<\/li>\n<li>Bak\u0131m Kolayl\u0131\u011f\u0131: D\u00fczenli ya\u011flaman\u0131n \u00f6nemi ve periyodik bak\u0131m gereklili\u011finin tart\u0131\u015f\u0131lmas\u0131.<\/li>\n<\/ul>\n<p><img decoding=\"async\" src=\"https:\/\/www.hydraulic-cylinders.net\/wp-content\/uploads\/2025\/01\/songte-cylinder-head-with-all-kinds-excavator-models.webp\"><\/p>\n<h2>S\u0131zd\u0131rmazl\u0131k ve Ya\u011flama<\/h2>\n<p>Kol silindiri, poli\u00fcretan ve nitril kau\u00e7uk gibi dayan\u0131kl\u0131 malzemelerden yap\u0131lm\u0131\u015f piston contalar\u0131 ve piston kolu contalar\u0131 gibi \u00e7e\u015fitli contalar kullan\u0131r. Silindir g\u00f6vdesi ve di\u015fli u\u00e7lar\u0131, a\u015f\u0131nma direncini art\u0131rmak i\u00e7in titiz bir y\u00fczey i\u015fleminden ge\u00e7irilir. Silindirin d\u00fczg\u00fcn \u00e7al\u0131\u015fmas\u0131 ve uzun \u00f6m\u00fcrl\u00fc olmas\u0131 i\u00e7in hidrolik ya\u011f ile d\u00fczenli ya\u011flama \u015fartt\u0131r.<\/p>\n<h2>D\u00fczenli Muayene ve \u00d6nleyici Bak\u0131m<\/h2>\n<ul>\n<li>Contalar\u0131 kontrol edin ve gerekirse de\u011fi\u015ftirin.<\/li>\n<li>Silindir g\u00f6vdesinde herhangi bir s\u0131z\u0131nt\u0131 veya hasar olup olmad\u0131\u011f\u0131n\u0131 kontrol edin ve gerekti\u011fi gibi onar\u0131n.<\/li>\n<li>Uygun miktarda hidrolik ya\u011f\u0131 d\u00fczenli olarak ekleyerek uygun ya\u011flamay\u0131 sa\u011flay\u0131n.<\/li>\n<li>Ba\u011flant\u0131 noktalar\u0131n\u0131 ve ba\u011flant\u0131 elemanlar\u0131n\u0131 gev\u015feklik a\u00e7\u0131s\u0131ndan kontrol edin ve gerekirse s\u0131k\u0131n.<\/li>\n<li>Olas\u0131 sorunlar\u0131 belirlemek i\u00e7in silindirin performans\u0131n\u0131 periyodik olarak test edin.<\/li>\n<\/ul>\n<h2>Kurulum K\u0131lavuzu<\/h2>\n<p>Kol silindirinin do\u011fru \u015fekilde tak\u0131lmas\u0131, optimum performans ve uzun \u00f6m\u00fcr i\u00e7in \u00e7ok \u00f6nemlidir. A\u015fa\u011f\u0131daki ad\u0131mlar\u0131 izleyin:<\/p>\n<ol>\n<li>Montaj alan\u0131n\u0131 haz\u0131rlay\u0131n ve temiz oldu\u011fundan ve herhangi bir kal\u0131nt\u0131dan ar\u0131nd\u0131r\u0131ld\u0131\u011f\u0131ndan emin olun.<\/li>\n<li>Silindiri montaj braketleriyle hizalay\u0131n ve uygun c\u0131vata ve somunlar\u0131 kullanarak sabitleyin.<\/li>\n<li>T\u00fcm ba\u011flant\u0131lar\u0131n d\u00fczg\u00fcn bir \u015fekilde s\u0131k\u0131ld\u0131\u011f\u0131ndan emin olun.<\/li>\n<li>Silindirin d\u00fczg\u00fcn hareket etti\u011fini ve d\u00fczg\u00fcn \u00e7al\u0131\u015ft\u0131\u011f\u0131n\u0131 garantilemek i\u00e7in silindirin \u00e7al\u0131\u015fmas\u0131n\u0131 test edin.<\/li>\n<\/ol>\n<p><img decoding=\"async\" src=\"https:\/\/www.hydraulic-cylinders.net\/wp-content\/uploads\/2025\/01\/songte-bushings-with-all-kinds-of-excavator-models.webp\"><\/p>\n<h2>G\u00fcvenlik Hususlar\u0131 ve \u00c7evresel Fakt\u00f6rler<\/h2>\n<p>Kol silindirleri kullan\u0131l\u0131rken, kazalar\u0131 \u00f6nlemek ve operat\u00f6rlerin ve \u00e7evredeki personelin sa\u011fl\u0131\u011f\u0131n\u0131 korumak i\u00e7in g\u00fcvenlik \u00f6nlemlerinin uygulanmas\u0131 son derece \u00f6nemlidir. S\u0131cakl\u0131k ve nem gibi \u00e7evresel fakt\u00f6rler de silindirin performans\u0131n\u0131 etkileyebilir ve dikkate al\u0131nmal\u0131d\u0131r.<\/p>\n<h2>Sorun Giderme ve Yayg\u0131n Sorunlar<\/h2>\n<p>Kol silindirinde herhangi bir ar\u0131za veya sorun olmas\u0131 durumunda a\u015fa\u011f\u0131dakileri g\u00f6z \u00f6n\u00fcnde bulundurun:<\/p>\n<ul>\n<li>Silindirde g\u00f6zle g\u00f6r\u00fcl\u00fcr bir hasar veya s\u0131z\u0131nt\u0131 olup olmad\u0131\u011f\u0131n\u0131 kontrol ederek sorunu belirleyin.<\/li>\n<li>Sorun giderme konusunda rehberlik i\u00e7in \u00fcr\u00fcn k\u0131lavuzuna bak\u0131n veya bir profesyonele dan\u0131\u015f\u0131n.<\/li>\n<li>\u00d6nerilen \u00e7\u00f6z\u00fcmleri izleyerek sorunu ele al\u0131n.<\/li>\n<li>Gelecekte ortaya \u00e7\u0131kabilecek sorunlar\u0131 en aza indirmek i\u00e7in \u00f6nleyici tedbirleri uygulay\u0131n.<\/li>\n<\/ul>\n<p><img decoding=\"async\" src=\"https:\/\/www.hydraulic-cylinders.net\/wp-content\/uploads\/2025\/01\/songte-chushion-collar.webp\"><\/p>\n<p>Makaleyi mant\u0131kl\u0131 bir \u015fekilde d\u00fczenlemeyi, kolay gezinme i\u00e7in alt ba\u015fl\u0131klar kullanmay\u0131, daha iyi anla\u015f\u0131lmas\u0131 i\u00e7in ilgili g\u00f6rseller veya grafikler eklemeyi ve i\u00e7eri\u011fin farkl\u0131 teknik bilgi seviyelerine sahip okuyucular i\u00e7in a\u00e7\u0131k, \u00f6z ve uygun olmas\u0131n\u0131 sa\u011flamay\u0131 unutmay\u0131n.<\/p>\n<h2>Hakk\u0131m\u0131zda<\/h2>\n<p>Geni\u015f bir \u00fcr\u00fcn yelpazesi sunan profesyonel bir yedek hidrolik silindir \u00fcreticisiyiz. Yurt i\u00e7i ve yurt d\u0131\u015f\u0131 pazarlarda lider hidrolik silindir \u00fcreticilerinden ve toptan da\u011f\u0131t\u0131c\u0131lar\u0131ndan biri haline geldik. M\u00fckemmelli\u011fe olan ba\u011fl\u0131l\u0131\u011f\u0131m\u0131zla, teknik kabiliyetlerimizi ve \u00fcretim verimlili\u011fimizi s\u00fcrekli iyile\u015ftirmek i\u00e7in geli\u015fmi\u015f \u00fcretim at\u00f6lyemizdeki end\u00fcstriyel \u00fcretim y\u00f6netimi stratejilerine g\u00fcveniyoruz. Geli\u015fmi\u015f dijital \u00fcretim ekipmanlar\u0131 ve profesyonel test sistemleri sunarak \u00fcretim platformumuzu optimize ediyor ve \u00fcr\u00fcn kalite kontrol s\u00fcre\u00e7lerimizi iyile\u015ftirerek yenilik\u00e7i \u00e7\u00f6z\u00fcmler sunuyoruz. Amac\u0131m\u0131z, m\u00fc\u015fterilerimizin \u00e7e\u015fitli ihtiya\u00e7lar\u0131n\u0131 verimlilik, hassasiyet ve y\u00fcksek kaliteli \u00fcr\u00fcnlerle kar\u015f\u0131lamakt\u0131r.<\/p>\n<p><img decoding=\"async\" src=\"https:\/\/www.hydraulic-cylinders.net\/wp-content\/uploads\/2025\/01\/songte-company-4.webp\"><br \/>\n<img decoding=\"async\" src=\"https:\/\/www.hydraulic-cylinders.net\/wp-content\/uploads\/2025\/01\/songte-company-3.webp\"><\/p>\n<p>Yazar: lyl<\/p>","protected":false},"excerpt":{"rendered":"<p>Arm Cylinder For Kubota Small Excavator U-183 Introduction The arm cylinder is a specially designed hydraulic cylinder that provides linear motion and power to the arm of various types of machinery such as excavators, cranes, and robotic arms. It plays a crucial role in hydraulic systems, enabling the efficient movement and control of additional tools [&hellip;]<\/p>","protected":false},"featured_media":14759,"comment_status":"open","ping_status":"closed","template":"","meta":{"_et_pb_use_builder":"","_et_pb_old_content":"","_et_gb_content_width":""},"product_brand":[],"product_cat":[1497],"product_tag":[1498,1496],"class_list":{"0":"post-16635","1":"product","2":"type-product","3":"status-publish","4":"has-post-thumbnail","6":"product_cat-arm-cylinders","7":"product_tag-arm-cylinders","8":"product_tag-hydraulic-cylinders","10":"first","11":"instock","12":"shipping-taxable","13":"product-type-simple"},"amp_enabled":true,"_links":{"self":[{"href":"https:\/\/www.hydraulic-cylinders.net\/tr\/wp-json\/wp\/v2\/product\/16635","targetHints":{"allow":["GET"]}}],"collection":[{"href":"https:\/\/www.hydraulic-cylinders.net\/tr\/wp-json\/wp\/v2\/product"}],"about":[{"href":"https:\/\/www.hydraulic-cylinders.net\/tr\/wp-json\/wp\/v2\/types\/product"}],"replies":[{"embeddable":true,"href":"https:\/\/www.hydraulic-cylinders.net\/tr\/wp-json\/wp\/v2\/comments?post=16635"}],"wp:featuredmedia":[{"embeddable":true,"href":"https:\/\/www.hydraulic-cylinders.net\/tr\/wp-json\/wp\/v2\/media\/14759"}],"wp:attachment":[{"href":"https:\/\/www.hydraulic-cylinders.net\/tr\/wp-json\/wp\/v2\/media?parent=16635"}],"wp:term":[{"taxonomy":"product_brand","embeddable":true,"href":"https:\/\/www.hydraulic-cylinders.net\/tr\/wp-json\/wp\/v2\/product_brand?post=16635"},{"taxonomy":"product_cat","embeddable":true,"href":"https:\/\/www.hydraulic-cylinders.net\/tr\/wp-json\/wp\/v2\/product_cat?post=16635"},{"taxonomy":"product_tag","embeddable":true,"href":"https:\/\/www.hydraulic-cylinders.net\/tr\/wp-json\/wp\/v2\/product_tag?post=16635"}],"curies":[{"name":"wp","href":"https:\/\/api.w.org\/{rel}","templated":true}]}}