{"id":16637,"date":"2025-01-21T05:39:35","date_gmt":"2025-01-21T05:39:35","guid":{"rendered":"https:\/\/www.hydraulic-cylinders.net\/product\/arm-cylinder-for-takeuchi-small-excavator-tb20r\/"},"modified":"2025-01-21T05:39:37","modified_gmt":"2025-01-21T05:39:37","slug":"arm-cylinder-for-takeuchi-small-excavator-tb20r","status":"publish","type":"product","link":"https:\/\/www.hydraulic-cylinders.net\/tr\/urun\/arm-cylinder-for-takeuchi-small-excavator-tb20r\/","title":{"rendered":"Takeuchi TB20R K\u00fc\u00e7\u00fck Ekskavat\u00f6r \u0130\u00e7in Kol Silindiri"},"content":{"rendered":"<h2>Takeuchi TB20R K\u00fc\u00e7\u00fck Ekskavat\u00f6r \u0130\u00e7in Kol Silindiri<\/h2>\n<h3>Tan\u0131m ve A\u00e7\u0131klama<\/h3>\n<p>Kol silindiri, ekskavat\u00f6rler, vin\u00e7ler ve robot kollar\u0131 gibi \u00e7e\u015fitli makinelerin kollar\u0131na do\u011frusal hareket ve g\u00fc\u00e7 sa\u011flamak \u00fczere tasarlanm\u0131\u015f \u00f6zel bir hidrolik silindir t\u00fcr\u00fcd\u00fcr. Kol silindiri, hidrolik sistemlerde kritik bir rol oynayarak, ata\u015fmanlar\u0131n veya aksesuarlar\u0131n etkili bir \u015fekilde hareket etmesini ve kontrol edilmesini sa\u011flar. Bu silindirler sadece d\u00fczg\u00fcn hareket sa\u011flamakla kalmaz, ayn\u0131 zamanda a\u011f\u0131r y\u00fckleri de ta\u015f\u0131yarak, \u00e7e\u015fitli \u00e7al\u0131\u015fma ko\u015fullar\u0131 alt\u0131nda makinelerin verimli \u00e7al\u0131\u015fmas\u0131n\u0131 ve g\u00fcvenilirli\u011fini sa\u011flar.<\/p>\n<p><img decoding=\"async\" src=\"https:\/\/www.hydraulic-cylinders.net\/wp-content\/uploads\/2025\/01\/songte-company-2.webp\"><\/p>\n<h3>\u00dcr\u00fcn \u00d6zellikleri<\/h3>\n<ul>\n<li>Verimli G\u00fc\u00e7 Aktar\u0131m\u0131: Kol silindiri, g\u00fc\u00e7l\u00fc do\u011frusal hareket ve kuvvet sa\u011flayarak, makine kolunun \u00e7e\u015fitli i\u015flemlerde y\u00fcksek verimlilikte performans g\u00f6stermesini garanti eder.<\/li>\n<li>Hassas Kontrol: Hidrolik sistemler sayesinde, kol silindiri hassas hareket kontrol\u00fc sa\u011flayarak ata\u015fmanlar\u0131n \u00e7al\u0131\u015fmas\u0131n\u0131 daha esnek ve do\u011fru hale getirir.<\/li>\n<li>Y\u00fcksek Dayan\u0131kl\u0131l\u0131k: Kol silindirleri genellikle y\u00fcksek mukavemetli, a\u015f\u0131nma ve korozyon direnci y\u00fcksek malzemelerden \u00fcretilir ve zorlu ortamlarda uzun s\u00fcreli kullan\u0131ma uygundur.<\/li>\n<li>\u00c7ok Fonksiyonlu Uyarlanabilirlik: Bu silindirler, ekskavat\u00f6rler, vin\u00e7ler ve robot kollar\u0131 gibi \u00e7e\u015fitli makine t\u00fcrlerinde yayg\u0131n olarak kullan\u0131labilir ve farkl\u0131 \u00e7al\u0131\u015fma gereksinimlerine uyum sa\u011flar.<\/li>\n<li>Kolay Bak\u0131m: Tasar\u0131m, bak\u0131m ve de\u011fi\u015ftirme kolayl\u0131\u011f\u0131n\u0131 g\u00f6z \u00f6n\u00fcnde bulundurarak d\u00fczenli inceleme ve bak\u0131m\u0131 daha kolay hale getirir ve ekipman ar\u0131za s\u00fcresini azalt\u0131r.<\/li>\n<\/ul>\n<p>Biz bu \u00fcr\u00fcn\u00fc \u00fcretebiliyoruz ve \u00fcr\u00fcn\u00fcm\u00fcz bu hidrolik silindirlerin yerini m\u00fckemmel bir \u015fekilde alabiliyor.<\/p>\n<p><img decoding=\"async\" src=\"https:\/\/www.hydraulic-cylinders.net\/wp-content\/uploads\/2025\/01\/songte-oil-pipes-and-spare-parts.webp\"><\/p>\n<h3>Uygulamalar<\/h3>\n<p>Kol silindirleri \u00e7e\u015fitli end\u00fcstrilerde ve uygulamalarda yayg\u0131n olarak kullan\u0131lmaktad\u0131r, \u00f6rne\u011fin:<\/p>\n<ul>\n<li>\u0130n\u015faat M\u00fchendisli\u011fi: Kol silindirleri, hafriyat, malzeme ta\u015f\u0131ma ve yap\u0131 montaj\u0131 i\u00e7in ekskavat\u00f6rlerde ve vin\u00e7lerde kep\u00e7e veya bomlar\u0131n hareketini kontrol etmek amac\u0131yla kullan\u0131l\u0131r.<\/li>\n<li>\u0130malat Sanayi: Kol silindirleri, montaj, kaynak ve malzeme ta\u015f\u0131ma i\u015flemlerinde robot kollar\u0131n\u0131n hareketini kontrol etmek i\u00e7in otomatik \u00fcretim hatlar\u0131nda kullan\u0131l\u0131r ve \u00fcretim verimlili\u011fini ve do\u011frulu\u011funu art\u0131r\u0131r.<\/li>\n<li>Tar\u0131m Makineleri: Kol silindirleri, ekim, g\u00fcbreleme ve hasat i\u015flerinde kullan\u0131lan \u00e7al\u0131\u015fma kollar\u0131n\u0131n hareketini kontrol etmek i\u00e7in bi\u00e7erd\u00f6ver ve ekim makinesi gibi tar\u0131m makinelerinde kullan\u0131l\u0131r.<\/li>\n<li>Madencilik Sekt\u00f6r\u00fc: Kol silindirleri, madencilik ekipmanlar\u0131nda madencilik ve malzeme ta\u015f\u0131ma i\u015flerinde kolun hareketini kontrol etmek i\u00e7in kullan\u0131l\u0131r.<\/li>\n<li>Lojistik ve Ta\u015f\u0131mac\u0131l\u0131k: Kol silindirleri, malzeme ta\u015f\u0131ma ve istifleme i\u00e7in \u00e7atallar\u0131n hareketini kontrol etmek amac\u0131yla forkliftlerde ve ta\u015f\u0131ma robotlar\u0131nda kullan\u0131l\u0131r.<\/li>\n<\/ul>\n<h3>Tasar\u0131m ve Se\u00e7im Kriterleri<\/h3>\n<p>Kol silindirlerinin tasar\u0131m\u0131 ve se\u00e7imi yap\u0131l\u0131rken, birka\u00e7 \u00f6nemli fakt\u00f6r g\u00f6z \u00f6n\u00fcnde bulundurulmal\u0131d\u0131r:<\/p>\n<ul>\n<li>Ta\u015f\u0131ma kapasitesi: Kol silindirleri, makine kolunun ve ona ba\u011fl\u0131 eklentilerin veya aksesuarlar\u0131n a\u011f\u0131rl\u0131\u011f\u0131n\u0131 ve kuvvetini ta\u015f\u0131yacak \u015fekilde tasarlanmal\u0131d\u0131r.<\/li>\n<li>S\u0131zd\u0131rmazl\u0131k: Kol silindirleri, s\u0131v\u0131 s\u0131z\u0131nt\u0131s\u0131n\u0131 \u00f6nlemek ve bas\u0131nc\u0131 korumak i\u00e7in piston contalar\u0131 ve mil contalar\u0131 gibi \u00e7e\u015fitli s\u0131zd\u0131rmazl\u0131k bile\u015fenleriyle donat\u0131lmal\u0131d\u0131r.<\/li>\n<li>Dayan\u0131kl\u0131l\u0131k: Kol silindirleri, zorlu ortamlarda uzun s\u00fcreli kullan\u0131m sa\u011flamak i\u00e7in y\u00fcksek a\u015f\u0131nma ve korozyon direnci \u00f6zelliklerine sahip malzemelerden \u00fcretilmelidir.<\/li>\n<li>G\u00fcvenlik: Kaza riskini \u00f6nlemek i\u00e7in kol silindirleri, bas\u0131n\u00e7 tahliye vanalar\u0131 ve patlama diskleri gibi g\u00fcvenlik \u00f6zellikleriyle tasarlanmal\u0131d\u0131r.<\/li>\n<li>Bak\u0131m: Kol silindirleri, bile\u015fenlere kolay eri\u015fim ve contalar\u0131n kolay de\u011fi\u015ftirilmesi gibi kolay bak\u0131m ve onar\u0131m i\u00e7in tasarlanmal\u0131d\u0131r.<\/li>\n<\/ul>\n<p><img decoding=\"async\" src=\"https:\/\/www.hydraulic-cylinders.net\/wp-content\/uploads\/2025\/01\/songte-cylinder-head-with-all-kinds-excavator-models.webp\"><\/p>\n<h3>S\u0131zd\u0131rmazl\u0131k ve Ya\u011flama<\/h3>\n<p>Kol silindirlerinde, poli\u00fcretan ve nitril kau\u00e7uk gibi a\u015f\u0131nmaya dayan\u0131kl\u0131 malzemelerden yap\u0131lm\u0131\u015f piston contalar\u0131 ve mil contalar\u0131 gibi \u00e7e\u015fitli s\u0131zd\u0131rmazl\u0131k bile\u015fenleri kullan\u0131l\u0131r. Silindir g\u00f6vdesi ve di\u015fli u\u00e7 y\u00fczeyi, a\u015f\u0131nma direncini art\u0131rmak i\u00e7in ince bir \u015fekilde i\u015flenmi\u015ftir. Sorunsuz \u00e7al\u0131\u015fmay\u0131 s\u00fcrd\u00fcrmek ve a\u015f\u0131nma ve korozyonu \u00f6nlemek i\u00e7in uygun miktarda hidrolik ya\u011f ile d\u00fczenli ya\u011flama gereklidir.<\/p>\n<h3>Bak\u0131m ve \u00d6nleyici Tedbirler<\/h3>\n<p>Kol silindirlerinin uzun vadeli ve verimli \u00e7al\u0131\u015fmas\u0131n\u0131 sa\u011flamak i\u00e7in d\u00fczenli denetim ve bak\u0131m gereklidir. Baz\u0131 \u00f6nleyici tedbirler \u015funlard\u0131r:<\/p>\n<ul>\n<li>Contalar\u0131n ve bile\u015fenlerin a\u015f\u0131nma veya hasar a\u00e7\u0131s\u0131ndan d\u00fczenli olarak kontrol edilmesi ve gerekti\u011finde de\u011fi\u015ftirilmesi.<\/li>\n<li>Silindirin d\u00fczg\u00fcn \u00e7al\u0131\u015fmas\u0131n\u0131 sa\u011flamak, a\u015f\u0131nmay\u0131 ve korozyonu \u00f6nlemek i\u00e7in d\u00fczenli olarak ya\u011flanmas\u0131 gerekir.<\/li>\n<li>Bas\u0131n\u00e7 tahliye vanalar\u0131 ve patlama diskleri gibi g\u00fcvenlik bile\u015fenlerinin d\u00fczg\u00fcn \u00e7al\u0131\u015fmas\u0131n\u0131 sa\u011flamak i\u00e7in d\u00fczenli olarak kontrol edilmesi gerekir.<\/li>\n<li>Silindire a\u015f\u0131r\u0131 g\u00fc\u00e7 uygulanmas\u0131n\u0131 veya hasar g\u00f6rmesini \u00f6nlemek i\u00e7in makinenin do\u011fru kullan\u0131m\u0131 ve \u00e7al\u0131\u015ft\u0131r\u0131lmas\u0131.<\/li>\n<\/ul>\n<p><img decoding=\"async\" src=\"https:\/\/www.hydraulic-cylinders.net\/wp-content\/uploads\/2025\/01\/songte-chushion-collar.webp\"><\/p>\n<h3>\u00dcr\u00fcn Kurulum K\u0131lavuzu<\/h3>\n<p>Kol silindirlerinin do\u011fru montaj\u0131, d\u00fczg\u00fcn \u00e7al\u0131\u015fmay\u0131 sa\u011flamak ve kazalar\u0131 \u00f6nlemek i\u00e7in \u00e7ok \u00f6nemlidir. Montajda at\u0131lacak baz\u0131 \u00f6nemli ad\u0131mlar \u015funlard\u0131r:<\/p>\n<ul>\n<li>Kurulum i\u00e7in makinelerin kapal\u0131 ve g\u00fcvenli durumda oldu\u011fundan emin olun.<\/li>\n<li>Silindiri, kol ve ba\u011flant\u0131 par\u00e7alar\u0131yla do\u011fru hizalama sa\u011flayacak \u015fekilde, uygun konum ve y\u00f6nde monte edin.<\/li>\n<li>Hidrolik hortumlar\u0131 ve ba\u011flant\u0131 par\u00e7alar\u0131n\u0131 do\u011fru \u015fekilde ba\u011flayarak uygun bas\u0131n\u00e7 ve ak\u0131\u015f sa\u011flay\u0131n.<\/li>\n<li>Makineyi kullan\u0131ma almadan \u00f6nce d\u00fczg\u00fcn \u00e7al\u0131\u015f\u0131p \u00e7al\u0131\u015fmad\u0131\u011f\u0131n\u0131 ve s\u0131z\u0131nt\u0131 olup olmad\u0131\u011f\u0131n\u0131 kontrol edin.<\/li>\n<\/ul>\n<h3>G\u00fcvenlik Hususlar\u0131 ve \u00c7evresel Fakt\u00f6rler<\/h3>\n<p>Kol silindirleri kullan\u0131l\u0131rken g\u00fcvenlik en \u00f6ncelikli konu olmal\u0131d\u0131r. Baz\u0131 g\u00fcvenlik \u00f6nlemleri \u015funlard\u0131r:<\/p>\n<ul>\n<li>Operat\u00f6rlerin ve bak\u0131m personelinin uygun \u015fekilde e\u011fitilmesini ve sertifikaland\u0131r\u0131lmas\u0131n\u0131 sa\u011flay\u0131n.<\/li>\n<li>Makinenin do\u011fru kullan\u0131m\u0131n\u0131 ve \u00e7al\u0131\u015ft\u0131r\u0131lmas\u0131n\u0131 sa\u011flay\u0131n, a\u015f\u0131r\u0131 g\u00fc\u00e7 uygulanmas\u0131n\u0131 veya a\u015f\u0131r\u0131 y\u00fcklenmesini \u00f6nleyin.<\/li>\n<li>Bas\u0131n\u00e7 tahliye vanalar\u0131 ve patlama diskleri gibi g\u00fcvenlik bile\u015fenlerinin d\u00fczg\u00fcn \u00e7al\u0131\u015fmas\u0131n\u0131 sa\u011flamak i\u00e7in d\u00fczenli olarak kontrol edilmesi gerekir.<\/li>\n<li>Kullan\u0131lm\u0131\u015f veya hasar g\u00f6rm\u00fc\u015f silindirlerin ve bile\u015fenlerinin yerel \u00e7evre y\u00f6netmeliklerine uygun \u015fekilde imha edilmesi.<\/li>\n<\/ul>\n<h3>Sorun Giderme ve Yayg\u0131n Sorunlar<\/h3>\n<p>Kol silindirlerinde s\u0131k kar\u015f\u0131la\u015f\u0131lan sorunlar aras\u0131nda s\u0131z\u0131nt\u0131lar, anormal sesler ve yava\u015f \u00e7al\u0131\u015fma yer al\u0131r. Olas\u0131 nedenler ve \u00e7\u00f6z\u00fcmler \u015funlard\u0131r:<\/p>\n<ul>\n<li>S\u0131z\u0131nt\u0131: Hasarl\u0131 contalar\u0131 veya gev\u015fek ba\u011flant\u0131lar\u0131 kontrol edin ve gerekirse de\u011fi\u015ftirin veya s\u0131k\u0131n.<\/li>\n<li>Anormal ses: Rulman veya contalar gibi hasarl\u0131 veya a\u015f\u0131nm\u0131\u015f par\u00e7alar\u0131 kontrol edin ve gerekirse de\u011fi\u015ftirin.<\/li>\n<li>Yava\u015f \u00e7al\u0131\u015fma: S\u0131v\u0131 seviyesinin d\u00fc\u015f\u00fck olup olmad\u0131\u011f\u0131n\u0131 veya bas\u0131nc\u0131n yetersiz olup olmad\u0131\u011f\u0131n\u0131 kontrol edin ve gerekirse hidrolik sistemi yeniden doldurun veya ayarlay\u0131n.<\/li>\n<\/ul>\n<p>Bu sorunlar\u0131n ortaya \u00e7\u0131kmas\u0131n\u0131 \u00f6nlemek i\u00e7in d\u00fczenli denetim ve bak\u0131m yap\u0131lmas\u0131 \u00f6nemlidir.<\/p>\n<p><img decoding=\"async\" src=\"https:\/\/www.hydraulic-cylinders.net\/wp-content\/uploads\/2025\/01\/songte-company-4.webp\"><br \/>\n<img decoding=\"async\" src=\"https:\/\/www.hydraulic-cylinders.net\/wp-content\/uploads\/2025\/01\/songte-company-3.webp\"><\/p>\n<h3>Hakk\u0131m\u0131zda<\/h3>\n<p>Geni\u015f \u00fcr\u00fcn yelpazesiyle profesyonel bir yedek hidrolik silindir \u00fcreticisiyiz ve hem yurt i\u00e7i hem de uluslararas\u0131 pazarlarda \u00f6nde gelen hidrolik silindir \u00fcreticilerinden ve toptanc\u0131lar\u0131ndan biri haline geldik. Her zaman m\u00fckemmel kalite ilkesini benimsiyor ve rafine \u00fcretim at\u00f6lyesinin end\u00fcstriyel \u00fcretim y\u00f6netim stratejisine dayanarak teknik seviyemizi ve \u00fcretim verimlili\u011fimizi s\u00fcrekli olarak geli\u015ftiriyoruz. Y\u00fcksek teknoloji \u00fcr\u00fcn\u00fc dijital \u00fcretim ekipmanlar\u0131 ve profesyonel test sistemleri kullanarak \u00fcretim platformumuzu s\u00fcrekli olarak optimize ediyor, \u00fcr\u00fcn kalite kontrol s\u00fcre\u00e7lerimizi iyile\u015ftiriyor ve g\u00fc\u00e7l\u00fc inovasyon yeteneklerine sahibiz. Amac\u0131m\u0131z, y\u00fcksek verimlilik, do\u011fruluk ve y\u00fcksek kalite ilkeleriyle m\u00fc\u015fterilerimizin \u00e7e\u015fitli ihtiya\u00e7lar\u0131n\u0131 kar\u015f\u0131lamakt\u0131r.<\/p>\n<h3>\u015eirket Bilgileri<\/h3>\n<ul>\n<li>Profesyonellik: Y\u00fcksek kaliteli hidrolik silindirlerin tasar\u0131m\u0131 ve \u00fcretimi i\u00e7in deneyimli m\u00fchendis ve teknisyenlerden olu\u015fan bir ekibimiz var.<\/li>\n<li>Uluslararas\u0131 Sertifikasyon: \u00dcr\u00fcn kalitesi ve g\u00fcvenli\u011fini garanti alt\u0131na alan ISO9001:2015 kalite y\u00f6netim sistemi sertifikas\u0131 ve CE sertifikas\u0131na sahibiz.<\/li>\n<li>\u00d6zelle\u015ftirilmi\u015f Hizmet: M\u00fc\u015fterilerin gereksinimlerine g\u00f6re \u00f6zelle\u015ftirilmi\u015f hidrolik silindirler sa\u011flayabiliriz.<\/li>\n<li>\u00dcretim Ekipmanlar\u0131: \u00dcr\u00fcn kalitesini ve \u00fcretim verimlili\u011fini sa\u011flamak i\u00e7in CNC i\u015fleme merkezleri ve otomatik kaynak makineleri gibi geli\u015fmi\u015f dijital \u00fcretim ekipmanlar\u0131na sahibiz.<\/li>\n<li>Sat\u0131\u015f Sonras\u0131 Hizmet: Teknik dan\u0131\u015fmanl\u0131k, kurulum rehberli\u011fi ve bak\u0131m deste\u011fi de dahil olmak \u00fczere kapsaml\u0131 sat\u0131\u015f sonras\u0131 hizmet ve destek sa\u011fl\u0131yoruz.<\/li>\n<\/ul>\n<p>Yazar: lyl<\/p>","protected":false},"excerpt":{"rendered":"<p>Arm Cylinder For Takeuchi Small Excavator TB20R Definition and Explanation Arm cylinder is a type of specialized hydraulic cylinder designed primarily to provide linear motion and power to the arms of various types of machinery such as excavators, cranes, and robotic arms. The arm cylinder plays a critical role in hydraulic systems, enabling attachments or [&hellip;]<\/p>","protected":false},"featured_media":14783,"comment_status":"open","ping_status":"closed","template":"","meta":{"_et_pb_use_builder":"","_et_pb_old_content":"","_et_gb_content_width":""},"product_brand":[],"product_cat":[1497],"product_tag":[1498,1496],"class_list":{"0":"post-16637","1":"product","2":"type-product","3":"status-publish","4":"has-post-thumbnail","6":"product_cat-arm-cylinders","7":"product_tag-arm-cylinders","8":"product_tag-hydraulic-cylinders","10":"first","11":"instock","12":"shipping-taxable","13":"product-type-simple"},"amp_enabled":true,"_links":{"self":[{"href":"https:\/\/www.hydraulic-cylinders.net\/tr\/wp-json\/wp\/v2\/product\/16637","targetHints":{"allow":["GET"]}}],"collection":[{"href":"https:\/\/www.hydraulic-cylinders.net\/tr\/wp-json\/wp\/v2\/product"}],"about":[{"href":"https:\/\/www.hydraulic-cylinders.net\/tr\/wp-json\/wp\/v2\/types\/product"}],"replies":[{"embeddable":true,"href":"https:\/\/www.hydraulic-cylinders.net\/tr\/wp-json\/wp\/v2\/comments?post=16637"}],"wp:featuredmedia":[{"embeddable":true,"href":"https:\/\/www.hydraulic-cylinders.net\/tr\/wp-json\/wp\/v2\/media\/14783"}],"wp:attachment":[{"href":"https:\/\/www.hydraulic-cylinders.net\/tr\/wp-json\/wp\/v2\/media?parent=16637"}],"wp:term":[{"taxonomy":"product_brand","embeddable":true,"href":"https:\/\/www.hydraulic-cylinders.net\/tr\/wp-json\/wp\/v2\/product_brand?post=16637"},{"taxonomy":"product_cat","embeddable":true,"href":"https:\/\/www.hydraulic-cylinders.net\/tr\/wp-json\/wp\/v2\/product_cat?post=16637"},{"taxonomy":"product_tag","embeddable":true,"href":"https:\/\/www.hydraulic-cylinders.net\/tr\/wp-json\/wp\/v2\/product_tag?post=16637"}],"curies":[{"name":"wp","href":"https:\/\/api.w.org\/{rel}","templated":true}]}}