{"id":16645,"date":"2025-01-21T05:40:10","date_gmt":"2025-01-21T05:40:10","guid":{"rendered":"https:\/\/www.hydraulic-cylinders.net\/product\/arm-cylinder-for-takeuchi-small-excavator-tb216\/"},"modified":"2025-01-21T05:40:12","modified_gmt":"2025-01-21T05:40:12","slug":"arm-cylinder-for-takeuchi-small-excavator-tb216","status":"publish","type":"product","link":"https:\/\/www.hydraulic-cylinders.net\/tr\/urun\/arm-cylinder-for-takeuchi-small-excavator-tb216\/","title":{"rendered":"Takeuchi TB216 K\u00fc\u00e7\u00fck Ekskavat\u00f6r \u0130\u00e7in Kol Silindiri"},"content":{"rendered":"<h1>Takeuchi TB216 K\u00fc\u00e7\u00fck Ekskavat\u00f6r \u0130\u00e7in Kol Silindiri<\/h1>\n<h2>girii\u015f<\/h2>\n<p>Takeuchi TB216 K\u00fc\u00e7\u00fck Ekskavat\u00f6r i\u00e7in tasarlanm\u0131\u015f Kol Silindiri, ekskavat\u00f6rler, vin\u00e7ler ve robotik kollar gibi \u00e7e\u015fitli makinelerin koluna do\u011frusal hareket ve g\u00fc\u00e7 sa\u011flamak \u00fczere \u00f6zel olarak \u00fcretilmi\u015f bir hidrolik silindirdir. Kol silindiri, hidrolik sistemlerde \u00e7ok \u00f6nemli bir rol oynayarak ata\u015fmanlar\u0131n veya aksesuarlar\u0131n verimli hareketini ve kontrol\u00fcn\u00fc sa\u011flar. Bu silindirler sadece d\u00fczg\u00fcn hareket sa\u011flamakla kalmaz, ayn\u0131 zamanda a\u011f\u0131r y\u00fckleri de kald\u0131rarak \u00e7e\u015fitli \u00e7al\u0131\u015fma ko\u015fullar\u0131 alt\u0131nda makinelerin verimli \u00e7al\u0131\u015fmas\u0131n\u0131 ve g\u00fcvenilirli\u011fini garanti eder.<\/p>\n<p><img decoding=\"async\" src=\"https:\/\/www.hydraulic-cylinders.net\/wp-content\/uploads\/2025\/01\/songte-company-2.webp\" alt=\"Kol Silindiri G\u00f6r\u00fcnt\u00fcs\u00fc\"><\/p>\n<h2>\u00d6zellikler<\/h2>\n<ul>\n<li><strong>Y\u00fcksek Verimli \u015eanz\u0131man:<\/strong> Kol silindiri g\u00fc\u00e7l\u00fc do\u011frusal hareket ve kuvvet sa\u011flayarak, mekanik kolun \u00e7e\u015fitli operasyonlarda y\u00fcksek performans kapasitesine sahip olmas\u0131n\u0131 sa\u011flar.<\/li>\n<li><strong>Hassas Kontrol:<\/strong> Hidrolik sistem sayesinde kol silindiri hassas hareket kontrol\u00fc sa\u011flayarak, ba\u011fl\u0131 tak\u0131mlar\u0131n \u00e7al\u0131\u015fmas\u0131n\u0131 daha esnek ve hassas hale getirir.<\/li>\n<li><strong>Dayan\u0131kl\u0131l\u0131k:<\/strong> Kol silindirleri genellikle y\u00fcksek mukavemetli malzemelerden \u00fcretilir, m\u00fckemmel a\u015f\u0131nma ve korozyon direnci sunar ve bu da onlar\u0131 zorlu ortamlarda uzun s\u00fcreli kullan\u0131ma uygun hale getirir.<\/li>\n<li><strong>\u00c7ok Fonksiyonlu Uyarlanabilirlik:<\/strong> Bu silindirler, ekskavat\u00f6rler, vin\u00e7ler ve robotik kollar gibi \u00e7e\u015fitli makine t\u00fcrlerinde yayg\u0131n olarak kullan\u0131labilir ve farkl\u0131 i\u015f gereksinimlerine uyum sa\u011flayabilir.<\/li>\n<li><strong>Kolay Bak\u0131m:<\/strong> Bak\u0131m ve de\u011fi\u015ftirme kolayl\u0131\u011f\u0131 g\u00f6z \u00f6n\u00fcnde bulundurularak tasarlanan kol silindiri, d\u00fczenli inceleme ve bak\u0131m i\u015flemlerine olanak tan\u0131yarak ekipman ar\u0131za s\u00fcresini azalt\u0131r.<\/li>\n<\/ul>\n<p><img decoding=\"async\" src=\"https:\/\/www.hydraulic-cylinders.net\/wp-content\/uploads\/2025\/01\/songte-oil-pipes-and-spare-parts.webp\" alt=\"\u00dcr\u00fcn G\u00f6rseli\"><\/p>\n<h2>Uygulamalar<\/h2>\n<p>Takeuchi TB216 k\u00fc\u00e7\u00fck ekskavat\u00f6r i\u00e7in kol silindiri \u00e7e\u015fitli alanlarda uygulama bulmaktad\u0131r:<\/p>\n<ul>\n<li><strong>\u0130n\u015faat M\u00fchendisli\u011fi:<\/strong> Kaz\u0131c\u0131 makinelerde ve vin\u00e7lerde kullan\u0131lan kol silindiri, toprak i\u015fleri, malzeme ta\u015f\u0131ma ve yap\u0131sal kurulumlar i\u00e7in kep\u00e7elerin veya bomlar\u0131n hareketini kontrol eder.<\/li>\n<li><strong>\u00dcretim Sanayi:<\/strong> Otomatik \u00fcretim hatlar\u0131nda, kol silindiri, montaj, kaynak ve ta\u015f\u0131ma i\u015flemlerinde robot kollar\u0131n\u0131n hareketini sa\u011flayarak \u00fcretim verimlili\u011fini ve hassasiyetini art\u0131r\u0131r.<\/li>\n<li><strong>Tar\u0131m Makinalar\u0131:<\/strong> Bi\u00e7erd\u00f6ver ve tohum ekme makineleri gibi tar\u0131m ekipmanlar\u0131nda, kol silindiri, tohum ekme, g\u00fcbreleme ve hasat gibi g\u00f6revleri yerine getiren \u00e7al\u0131\u015fma kollar\u0131n\u0131n hareketini kontrol eder.<\/li>\n<li><strong>Madencilik:<\/strong> Madencilik ekipmanlar\u0131nda, kol silindiri madencilik cihazlar\u0131n\u0131n kol hareketini kontrol ederek cevher \u00e7\u0131kar\u0131lmas\u0131n\u0131 ve ta\u015f\u0131nmas\u0131n\u0131 kolayla\u015ft\u0131r\u0131r.<\/li>\n<li><strong>Lojistik ve Ta\u015f\u0131mac\u0131l\u0131k:<\/strong> Forkliftlerde ve ta\u015f\u0131ma robotlar\u0131nda kol silindiri, \u00e7atallar\u0131n kald\u0131r\u0131lmas\u0131n\u0131 ve hareketini kontrol ederek malzemelerin ta\u015f\u0131nmas\u0131n\u0131 ve istiflenmesini sa\u011flar.<\/li>\n<\/ul>\n<h2>Tasar\u0131m Hususlar\u0131 ve Se\u00e7im Kriterleri<\/h2>\n<p>Takeuchi TB216 k\u00fc\u00e7\u00fck ekskavat\u00f6r i\u00e7in kol silindiri tasarlan\u0131rken, birka\u00e7 \u00f6nemli fakt\u00f6r dikkate al\u0131n\u0131r:<\/p>\n<ul>\n<li><strong>Y\u00fck Ta\u015f\u0131ma Kapasitesi:<\/strong> Silindir, belirli uygulama i\u00e7in gerekli y\u00fck kapasitesine dayanacak \u015fekilde tasarlanm\u0131\u015ft\u0131r.<\/li>\n<li><strong>S\u0131zd\u0131rmazl\u0131k:<\/strong> Poli\u00fcretan ve nitril kau\u00e7uk gibi dayan\u0131kl\u0131 malzemelerden \u00fcretilen piston contalar\u0131 ve mil contalar\u0131 gibi \u00e7e\u015fitli s\u0131zd\u0131rmazl\u0131k bile\u015fenleri, etkili bir s\u0131zd\u0131rmazl\u0131k sa\u011flamak i\u00e7in kullan\u0131l\u0131r.<\/li>\n<li><strong>Dayan\u0131kl\u0131l\u0131k:<\/strong> Silindir g\u00f6vdesi ve di\u015fli u\u00e7lar\u0131, a\u015f\u0131nma direncini art\u0131rmak ve zorlu ko\u015fullar alt\u0131nda bile dayan\u0131kl\u0131l\u0131\u011f\u0131 sa\u011flamak i\u00e7in ince bir \u015fekilde i\u015flenmi\u015ftir.<\/li>\n<li><strong>Emniyet:<\/strong> \u00c7al\u0131\u015fma s\u0131ras\u0131nda olu\u015fabilecek kazalar\u0131 \u00f6nlemek i\u00e7in bas\u0131n\u00e7 tahliye valfleri ve acil durdurma mekanizmalar\u0131 gibi g\u00fcvenlik \u00f6zellikleri eklenmi\u015ftir.<\/li>\n<li><strong>Bak\u0131m kolayl\u0131\u011f\u0131:<\/strong> Tasar\u0131m\u0131 kolay bak\u0131m ve de\u011fi\u015fim imk\u00e2n\u0131 sunarak, ar\u0131za s\u00fcrelerini azalt\u0131r ve verimli bir \u00e7al\u0131\u015fma sa\u011flar.<\/li>\n<\/ul>\n<p><img decoding=\"async\" src=\"https:\/\/www.hydraulic-cylinders.net\/wp-content\/uploads\/2025\/01\/songte-cylinder-head-with-all-kinds-excavator-models.webp\" alt=\"\u00dcr\u00fcn G\u00f6rseli\"><\/p>\n<h2>S\u0131zd\u0131rmazl\u0131k ve Ya\u011flama<\/h2>\n<p>Takeuchi TB216 k\u00fc\u00e7\u00fck ekskavat\u00f6r i\u00e7in kullan\u0131lan kol silindiri, poli\u00fcretan ve nitril kau\u00e7uk gibi a\u015f\u0131nmaya dayan\u0131kl\u0131 malzemelerden yap\u0131lm\u0131\u015f piston contalar\u0131 ve mil contalar\u0131 gibi \u00e7e\u015fitli s\u0131zd\u0131rmazl\u0131k bile\u015fenleri kullan\u0131r. Silindir g\u00f6vdesi ve di\u015fli u\u00e7lar\u0131, a\u015f\u0131nma direncini art\u0131rmak i\u00e7in hassas bir i\u015flemden ge\u00e7irilmi\u015ftir. Sorunsuz \u00e7al\u0131\u015fma sa\u011flamak i\u00e7in uygun miktarda hidrolik ya\u011f ile d\u00fczenli ya\u011flama gereklidir.<\/p>\n<h2>D\u00fczenli Muayene ve \u00d6nleyici Bak\u0131m<\/h2>\n<p>En iyi performans\u0131 ve uzun \u00f6m\u00fcrl\u00fcl\u00fc\u011f\u00fc sa\u011flamak i\u00e7in d\u00fczenli denetimler ve \u00f6nleyici bak\u0131m \u00f6nerilir:<\/p>\n<ul>\n<li>Silindiri d\u00fczenli olarak kontrol edin ve kir ve kal\u0131nt\u0131lar\u0131 temizlemek i\u00e7in temizleyin.<\/li>\n<li>Ya\u011f s\u0131z\u0131nt\u0131s\u0131 belirtileri olup olmad\u0131\u011f\u0131n\u0131 kontrol edin ve varsa derhal m\u00fcdahale edin.<\/li>\n<li>Silindirin performans\u0131n\u0131 izleyin ve ola\u011fand\u0131\u015f\u0131 sesler veya titre\u015fimler tespit ederseniz gerekli \u00f6nlemleri al\u0131n.<\/li>\n<li>Hidrolik sistemin d\u00fczg\u00fcn bir \u015fekilde bak\u0131m\u0131n\u0131n ve servisinin yap\u0131ld\u0131\u011f\u0131ndan emin olun.<\/li>\n<li>Bak\u0131m aral\u0131klar\u0131 ve prosed\u00fcrleri i\u00e7in \u00fcreticinin talimatlar\u0131n\u0131 izleyin.<\/li>\n<\/ul>\n<h2>\u00dcr\u00fcn Kurulum K\u0131lavuzu<\/h2>\n<p>Takeuchi TB216 k\u00fc\u00e7\u00fck ekskavat\u00f6r i\u00e7in kol silindirinin do\u011fru montaj\u0131, optimum performans ve g\u00fcvenlik i\u00e7in \u00e7ok \u00f6nemlidir. \u015eu ad\u0131mlar\u0131 izleyin:<\/p>\n<ol>\n<li>\u00c7al\u0131\u015fma alan\u0131n\u0131 haz\u0131rlay\u0131n ve gerekli t\u00fcm alet ve ekipmanlar\u0131n mevcut oldu\u011fundan emin olun.<\/li>\n<li>Hidrolik sistemi ay\u0131r\u0131n ve bas\u0131nc\u0131 bo\u015falt\u0131n.<\/li>\n<li>Montaj\u0131 engelleyebilecek mevcut silindir veya bile\u015fenleri \u00e7\u0131kar\u0131n.<\/li>\n<li>Yeni silindiri dikkatlice hizalay\u0131n ve uygun montaj donan\u0131m\u0131n\u0131 kullanarak sabitleyin.<\/li>\n<li>Hidrolik sistemi yeniden ba\u011flay\u0131n, ba\u011flant\u0131lar\u0131n ve contalar\u0131n do\u011fru oldu\u011fundan emin olun.<\/li>\n<li>Silindirin d\u00fczg\u00fcn \u00e7al\u0131\u015f\u0131p \u00e7al\u0131\u015fmad\u0131\u011f\u0131n\u0131 test edin ve gerekirse sorunlar\u0131 giderin.<\/li>\n<\/ol>\n<p><img decoding=\"async\" src=\"https:\/\/www.hydraulic-cylinders.net\/wp-content\/uploads\/2025\/01\/songte-bushings-with-all-kinds-of-excavator-models.webp\" alt=\"\u00dcr\u00fcn G\u00f6rseli\"><\/p>\n<h2>G\u00fcvenlik Hususlar\u0131 ve \u00c7evresel Fakt\u00f6rler<\/h2>\n<p>Takeuchi TB216 k\u00fc\u00e7\u00fck ekskavat\u00f6r i\u00e7in kol silindiri kullan\u0131l\u0131rken, g\u00fcvenlik \u00f6nlemlerine \u00f6ncelik vermek ve \u00e7evresel fakt\u00f6rleri g\u00f6z \u00f6n\u00fcnde bulundurmak \u00f6nemlidir. Kazalar\u0131 \u00f6nlemek ve \u00e7evreyi korumak i\u00e7in g\u00fcvenlik \u00f6nlemlerinin uygulanmas\u0131 ve y\u00f6netmeliklere uyulmas\u0131 kritik \u00f6neme sahiptir. Uygun e\u011fitim, ekipman denetimleri ve ki\u015fisel koruyucu ekipman kullan\u0131m\u0131 \u015fartt\u0131r.<\/p>\n<h2>Ar\u0131za Te\u015fhisi ve Yayg\u0131n Sorunlar<\/h2>\n<p>A\u015fa\u011f\u0131da Takeuchi TB216 k\u00fc\u00e7\u00fck ekskavat\u00f6r\u00fcn kol silindiriyle ilgili s\u0131k kar\u015f\u0131la\u015f\u0131lan ar\u0131zalar ve sorunlar yer almaktad\u0131r:<\/p>\n<ul>\n<li>S\u0131zd\u0131ran contalar veya ba\u011flant\u0131lar<\/li>\n<li>Hidrolik g\u00fcc\u00fcn azalmas\u0131 veya kayb\u0131<\/li>\n<li>\u00c7al\u0131\u015fma s\u0131ras\u0131nda a\u015f\u0131r\u0131 g\u00fcr\u00fclt\u00fc veya titre\u015fim<\/li>\n<li>Tutars\u0131z veya ani hareket<\/li>\n<li>Tak\u0131lma veya yava\u015f hareket<\/li>\n<\/ul>\n<p>Bu sorunlar\u0131 gidermek ve \u00e7\u00f6zmek i\u00e7in a\u015fa\u011f\u0131dakileri dikkate al\u0131n:<\/p>\n<ul>\n<li>Hasarl\u0131 veya a\u015f\u0131nm\u0131\u015f contalar\u0131 veya ba\u011flant\u0131lar\u0131 kontrol edin ve gerekirse de\u011fi\u015ftirin.<\/li>\n<li>Hidrolik s\u0131v\u0131 seviyelerini ve kalitesini kontrol edin, gerekirse ekleyin veya de\u011fi\u015ftirin.<\/li>\n<li>T\u00fcm hidrolik hortumlar\u0131n ve ba\u011flant\u0131 par\u00e7alar\u0131n\u0131n sa\u011flam ve hasars\u0131z oldu\u011fundan emin olun.<\/li>\n<li>Silindiri ve ilgili par\u00e7alar\u0131 hasar veya a\u015f\u0131nma belirtileri a\u00e7\u0131s\u0131ndan inceleyin.<\/li>\n<li>Belirli sorunlar i\u00e7in \u00fcreticinin sorun giderme k\u0131lavuzuna bak\u0131n.<\/li>\n<\/ul>\n<p><img decoding=\"async\" src=\"https:\/\/www.hydraulic-cylinders.net\/wp-content\/uploads\/2025\/01\/songte-chushion-collar.webp\" alt=\"\u00dcr\u00fcn G\u00f6rseli\"><\/p>\n<p>Makaleyi mant\u0131kl\u0131 bir \u015fekilde d\u00fczenlemeyi ve kolay gezinme i\u00e7in alt ba\u015fl\u0131klar kullanmay\u0131 unutmay\u0131n. Anla\u015f\u0131l\u0131rl\u0131\u011f\u0131 art\u0131rmak i\u00e7in ilgili g\u00f6rseller veya grafikler kullan\u0131n. \u0130\u00e7eri\u011fin a\u00e7\u0131k, \u00f6zl\u00fc ve farkl\u0131 teknik bilgi seviyelerine sahip okuyucular i\u00e7in uygun oldu\u011fundan emin olun.<\/p>\n<h2>Hakk\u0131m\u0131zda<\/h2>\n<p>Profesyonel bir hidrolik silindir yedek par\u00e7a \u00fcreticisiyiz ve geni\u015f bir \u00fcr\u00fcn yelpazesi sunuyoruz. Hem yurt i\u00e7i hem de yurt d\u0131\u015f\u0131 pazarlarda \u00f6nde gelen \u00fcretici ve toptanc\u0131lardan biri haline geldik. Kalitede m\u00fckemmellik ilkesine ba\u011fl\u0131 kalarak, teknik uzmanl\u0131\u011f\u0131m\u0131z\u0131 ve \u00fcretim verimlili\u011fimizi s\u00fcrekli olarak geli\u015ftiriyoruz. Geli\u015fmi\u015f dijital \u00fcretim ekipmanlar\u0131 ve profesyonel test sistemlerinin \ub3c4\uc785 edilmesiyle, \u00fcretim platformumuzu optimize ediyor ve \u00fcr\u00fcn kalite kontrol s\u00fcre\u00e7lerimizi iyile\u015ftiriyoruz. Verimlilik, do\u011fruluk ve y\u00fcksek kaliteli \u00fcr\u00fcnlerle \u00e7e\u015fitli m\u00fc\u015fteri ihtiya\u00e7lar\u0131n\u0131 kar\u015f\u0131lamaya \u00e7al\u0131\u015f\u0131yoruz.<\/p>\n<p><img","protected":false},"excerpt":{"rendered":"<p>Arm Cylinder For Takeuchi Small Excavator TB216 Introduction The Arm Cylinder for Takeuchi Small Excavator TB216 is a specialized hydraulic cylinder designed to provide linear motion and power to the arm of various machinery, such as excavators, cranes, and robotic arms. The arm cylinder plays a crucial role in hydraulic systems, enabling the efficient movement [&hellip;]<\/p>","protected":false},"featured_media":14759,"comment_status":"open","ping_status":"closed","template":"","meta":{"_et_pb_use_builder":"","_et_pb_old_content":"","_et_gb_content_width":""},"product_brand":[],"product_cat":[1497],"product_tag":[1498,1496],"class_list":{"0":"post-16645","1":"product","2":"type-product","3":"status-publish","4":"has-post-thumbnail","6":"product_cat-arm-cylinders","7":"product_tag-arm-cylinders","8":"product_tag-hydraulic-cylinders","10":"first","11":"instock","12":"shipping-taxable","13":"product-type-simple"},"amp_enabled":true,"_links":{"self":[{"href":"https:\/\/www.hydraulic-cylinders.net\/tr\/wp-json\/wp\/v2\/product\/16645","targetHints":{"allow":["GET"]}}],"collection":[{"href":"https:\/\/www.hydraulic-cylinders.net\/tr\/wp-json\/wp\/v2\/product"}],"about":[{"href":"https:\/\/www.hydraulic-cylinders.net\/tr\/wp-json\/wp\/v2\/types\/product"}],"replies":[{"embeddable":true,"href":"https:\/\/www.hydraulic-cylinders.net\/tr\/wp-json\/wp\/v2\/comments?post=16645"}],"wp:featuredmedia":[{"embeddable":true,"href":"https:\/\/www.hydraulic-cylinders.net\/tr\/wp-json\/wp\/v2\/media\/14759"}],"wp:attachment":[{"href":"https:\/\/www.hydraulic-cylinders.net\/tr\/wp-json\/wp\/v2\/media?parent=16645"}],"wp:term":[{"taxonomy":"product_brand","embeddable":true,"href":"https:\/\/www.hydraulic-cylinders.net\/tr\/wp-json\/wp\/v2\/product_brand?post=16645"},{"taxonomy":"product_cat","embeddable":true,"href":"https:\/\/www.hydraulic-cylinders.net\/tr\/wp-json\/wp\/v2\/product_cat?post=16645"},{"taxonomy":"product_tag","embeddable":true,"href":"https:\/\/www.hydraulic-cylinders.net\/tr\/wp-json\/wp\/v2\/product_tag?post=16645"}],"curies":[{"name":"wp","href":"https:\/\/api.w.org\/{rel}","templated":true}]}}