{"id":16651,"date":"2025-01-21T05:44:18","date_gmt":"2025-01-21T05:44:18","guid":{"rendered":"https:\/\/www.hydraulic-cylinders.net\/product\/arm-cylinder-for-case-middle-excavator-cx210b\/"},"modified":"2025-01-21T05:44:20","modified_gmt":"2025-01-21T05:44:20","slug":"arm-cylinder-for-case-middle-excavator-cx210b","status":"publish","type":"product","link":"https:\/\/www.hydraulic-cylinders.net\/tr\/urun\/arm-cylinder-for-case-middle-excavator-cx210b\/","title":{"rendered":"Case Orta Ekskavat\u00f6r CX210B i\u00e7in Kol Silindiri"},"content":{"rendered":"<h2>Case Orta Ekskavat\u00f6r CX210B i\u00e7in Kol Silindiri<\/h2>\n<h3>girii\u015f<\/h3>\n<p>Kol silindiri, ekskavat\u00f6rler, vin\u00e7ler ve mekanik kollar gibi \u00e7e\u015fitli makinelerin kollar\u0131na do\u011frusal hareket ve g\u00fc\u00e7 sa\u011flamak i\u00e7in \u00f6zel olarak tasarlanm\u0131\u015f bir hidrolik silindirdir. Kol silindiri, hidrolik sistemlerde \u00e7ok \u00f6nemli bir rol oynayarak, ba\u011fl\u0131 aletlerin veya aksesuarlar\u0131n verimli hareketini ve kontrol\u00fcn\u00fc sa\u011flar. Bu silindirler sadece d\u00fczg\u00fcn hareket sa\u011flamakla kalmaz, ayn\u0131 zamanda a\u011f\u0131r y\u00fckleri de ta\u015f\u0131yarak, \u00e7e\u015fitli \u00e7al\u0131\u015fma ko\u015fullar\u0131 alt\u0131nda makinelerin verimli \u00e7al\u0131\u015fmas\u0131n\u0131 ve g\u00fcvenilirli\u011fini sa\u011flar.<\/p>\n<p><img decoding=\"async\" src=\"https:\/\/www.hydraulic-cylinders.net\/wp-content\/uploads\/2025\/01\/songte-company-2.webp\" alt=\"Kol Silindiri\"><\/p>\n<h3>\u00d6zellikler<\/h3>\n<ul>\n<li>Y\u00fcksek verimli aktar\u0131m: Kol silindiri, g\u00fc\u00e7l\u00fc do\u011frusal hareket ve kuvvet sa\u011flayarak mekanik kolun \u00e7e\u015fitli i\u015flemlerde y\u00fcksek verimlilik ve performans g\u00f6stermesini garanti eder.<\/li>\n<li>Hassas kontrol: Hidrolik sistem sayesinde, kol silindiri hassas hareket kontrol\u00fc sa\u011flayarak, tak\u0131l\u0131 aletlerin \u00e7al\u0131\u015fmas\u0131n\u0131 daha esnek ve do\u011fru hale getirir.<\/li>\n<li>Y\u00fcksek dayan\u0131kl\u0131l\u0131k: Kol silindirleri genellikle y\u00fcksek mukavemetli malzemelerden \u00fcretilir, iyi a\u015f\u0131nma ve korozyon direncine sahiptir ve zorlu ortamlarda uzun s\u00fcreli kullan\u0131m i\u00e7in uygundur.<\/li>\n<li>\u00c7ok y\u00f6nl\u00fc uyarlanabilirlik: Bu silindirler, ekskavat\u00f6rler, vin\u00e7ler ve i\u015f kollar\u0131 gibi \u00e7e\u015fitli mekanik ekipmanlarda yayg\u0131n olarak kullan\u0131labilir ve farkl\u0131 \u00e7al\u0131\u015fma gereksinimlerine uyum sa\u011flayabilir.<\/li>\n<li>Kolay bak\u0131m: Tasar\u0131m, kolay bak\u0131m ve de\u011fi\u015ftirmeyi g\u00f6z \u00f6n\u00fcnde bulundurarak d\u00fczenli muayene ve bak\u0131m\u0131 daha kolay hale getirir ve ekipman\u0131n ar\u0131za s\u00fcresini azalt\u0131r.<\/li>\n<\/ul>\n<p>Bu \u00fcr\u00fcn\u00fc \u00fcretebiliriz ve \u00fcr\u00fcn\u00fcm\u00fcz bu hidrolik silindirlerin m\u00fckemmel bir alternatifi olabilir.<\/p>\n<p><img decoding=\"async\" src=\"https:\/\/www.hydraulic-cylinders.net\/wp-content\/uploads\/2025\/01\/songte-oil-pipes-and-spare-parts.webp\" alt=\"Petrol Borular\u0131 ve Yedek Par\u00e7alar\u0131\"><\/p>\n<h3>Uygulamalar<\/h3>\n<p>Kol silindiri \u00e7e\u015fitli alanlarda yayg\u0131n olarak kullan\u0131lmaktad\u0131r, \u00f6rne\u011fin:<\/p>\n<ul>\n<li>\u0130n\u015faat sekt\u00f6r\u00fcnde: Ekskavat\u00f6rlerde ve vin\u00e7lerde, kol silindiri, toprak ta\u015f\u0131ma, malzeme ta\u015f\u0131ma ve yap\u0131sal kurulum i\u00e7in kep\u00e7e veya bomun hareketini kontrol etmek amac\u0131yla kullan\u0131l\u0131r.<\/li>\n<li>\u00dcretim: Otomatik \u00fcretim hatlar\u0131nda, kol silindiri, montaj, kaynak ve ta\u015f\u0131ma i\u015flemlerinde mekanik kollar\u0131n hareketini sa\u011flamak i\u00e7in kullan\u0131l\u0131r ve \u00fcretim verimlili\u011fini ve hassasiyetini art\u0131r\u0131r.<\/li>\n<li>Tar\u0131m makineleri: Bi\u00e7erd\u00f6ver ve ekim makinesi gibi tar\u0131m makinelerinde, kol silindiri, ekim, g\u00fcbreleme ve hasat gibi i\u015flemler i\u00e7in \u00e7al\u0131\u015fma kolunun hareketini kontrol eder.<\/li>\n<li>Madencilik: Madencilik ekipmanlar\u0131nda, kol silindiri, cevher \u00e7\u0131karma ve ta\u015f\u0131ma i\u015flemlerinde madencilik ekipman\u0131n\u0131n kol hareketini kontrol etmek i\u00e7in kullan\u0131l\u0131r.<\/li>\n<li>Lojistik ve ta\u015f\u0131mac\u0131l\u0131k: Forkliftlerde ve ta\u015f\u0131ma robotlar\u0131nda, kol silindiri, y\u00fck \u00e7atal\u0131n\u0131n kald\u0131rma ve hareketini kontrol etmek, b\u00f6ylece malzemelerin ta\u015f\u0131nmas\u0131n\u0131 ve istiflenmesini sa\u011flamak i\u00e7in kullan\u0131l\u0131r.<\/li>\n<\/ul>\n<h3>Tasar\u0131m Hususlar\u0131 ve Se\u00e7im Kriterleri<\/h3>\n<p>Kol silindirlerinin tasar\u0131m\u0131 ve se\u00e7imi yap\u0131l\u0131rken a\u015fa\u011f\u0131daki fakt\u00f6rler dikkate al\u0131nmal\u0131d\u0131r:<\/p>\n<h4>Y\u00fck kapasitesi<\/h4>\n<p>Kol silindiri, mekanik kolun ve ona ba\u011fl\u0131 alet veya aksesuar\u0131n maksimum y\u00fck\u00fcne dayanabilecek kapasitede olmal\u0131d\u0131r.<\/p>\n<h4>S\u0131zd\u0131rmazl\u0131k<\/h4>\n<p>Poli\u00fcretan ve nitril kau\u00e7uk gibi a\u015f\u0131nmaya dayan\u0131kl\u0131 malzemelerden yap\u0131lm\u0131\u015f piston contalar\u0131 ve mil contalar\u0131 gibi \u00e7e\u015fitli contalar\u0131n kullan\u0131lmas\u0131, s\u0131z\u0131nt\u0131y\u0131 etkili bir \u015fekilde \u00f6nleyebilir ve silindirin s\u0131zd\u0131rmazl\u0131k performans\u0131n\u0131 sa\u011flayabilir.<\/p>\n<h4>Dayan\u0131kl\u0131l\u0131k<\/h4>\n<p>Kol silindirinin g\u00f6vdesi genellikle y\u00fcksek mukavemetli malzemelerden yap\u0131l\u0131r ve silindir ile di\u015fli u\u00e7 y\u00fczeyleri, a\u015f\u0131nma ve korozyon direncini art\u0131rmak ve zorlu ortamlarda uzun s\u00fcreli kullan\u0131m sa\u011flamak i\u00e7in ince bir \u015fekilde i\u015flenir.<\/p>\n<h4>Emniyet<\/h4>\n<p>Kol silindirinin a\u015f\u0131r\u0131 y\u00fcklenmeyi \u00f6nleme ve istikrarl\u0131 \u00e7al\u0131\u015fma sa\u011flama gibi g\u00fcvenlik gereksinimlerini kar\u015f\u0131lamas\u0131 gerekir.<\/p>\n<h4>Bak\u0131m kolayl\u0131\u011f\u0131<\/h4>\n<p>Tasar\u0131m, silindire kolay eri\u015fim, inceleme ve bak\u0131m, contalar\u0131n ve di\u011fer bile\u015fenlerin kolay de\u011fi\u015ftirilmesi de dahil olmak \u00fczere, bak\u0131m ve de\u011fi\u015ftirme kolayl\u0131\u011f\u0131n\u0131 g\u00f6z \u00f6n\u00fcnde bulundurmal\u0131d\u0131r.<\/p>\n<p><img decoding=\"async\" src=\"https:\/\/www.hydraulic-cylinders.net\/wp-content\/uploads\/2025\/01\/songte-cylinder-head-with-all-kinds-excavator-models.webp\" alt=\"Silindir Kapa\u011f\u0131\"><\/p>\n<h3>S\u0131zd\u0131rmazl\u0131k ve Ya\u011flama<\/h3>\n<p>Poli\u00fcretan ve nitril kau\u00e7uk gibi a\u015f\u0131nmaya dayan\u0131kl\u0131 malzemelerden \u00fcretilen piston contalar\u0131 ve mil contalar\u0131 gibi \u00e7e\u015fitli contalar, s\u0131z\u0131nt\u0131y\u0131 etkili bir \u015fekilde \u00f6nleyerek silindirin s\u0131zd\u0131rmazl\u0131k performans\u0131n\u0131 sa\u011flar. Silindir g\u00f6vdesi ve di\u015fli u\u00e7 y\u00fczeyleri, a\u015f\u0131nma direncini ve korozyon direncini art\u0131rmak i\u00e7in ince bir \u015fekilde i\u015flenmi\u015ftir. Ya\u011flama i\u00e7in uygun miktarda hidrolik ya\u011f\u0131n d\u00fczenli olarak eklenmesi gereklidir.<\/p>\n<h3>Bak\u0131m ve Onar\u0131m<\/h3>\n<p>D\u00fczenli kontrol ve \u00f6nleyici bak\u0131m, kol silindirlerinin kullan\u0131m \u00f6mr\u00fcn\u00fc uzatabilir. A\u015fa\u011f\u0131daki \u00f6nlemler al\u0131nmal\u0131d\u0131r:<\/p>\n<ul>\n<li>S\u0131z\u0131nt\u0131lar\u0131 ve a\u015f\u0131nmay\u0131 d\u00fczenli olarak kontrol edin ve hasarl\u0131 contalar\u0131 veya di\u011fer par\u00e7alar\u0131 zaman\u0131nda de\u011fi\u015ftirin.<\/li>\n<li>Kirlenmeyi \u00f6nlemek i\u00e7in silindir g\u00f6vdesini ve di\u015fli u\u00e7 y\u00fczeylerini d\u00fczenli olarak temizleyin.<\/li>\n<li>Hidrolik sisteme d\u00fczenli olarak uygun miktarda ya\u011flama ya\u011f\u0131 ekleyin.<\/li>\n<li>G\u00fcvenilir \u00e7al\u0131\u015fma sa\u011flamak i\u00e7in emniyet valfini ve di\u011fer emniyet bile\u015fenlerini d\u00fczenli olarak kontrol edin.<\/li>\n<li>Silindir ile makine aras\u0131ndaki ba\u011flant\u0131n\u0131n sa\u011flam ve stabil oldu\u011fundan emin olmak i\u00e7in d\u00fczenli olarak kontrol edin.<\/li>\n<\/ul>\n<p><img decoding=\"async\" src=\"https:\/\/www.hydraulic-cylinders.net\/wp-content\/uploads\/2025\/01\/songte-chushion-collar.webp\" alt=\"Yast\u0131k Yaka\"><\/p>\n<h3>Kurulum K\u0131lavuzu<\/h3>\n<ol>\n<li>Silindirin ve makinenin temiz ve kal\u0131nt\u0131lardan ar\u0131nd\u0131r\u0131lm\u0131\u015f oldu\u011fundan emin olun.<\/li>\n<li>Silindirin ucuna yast\u0131k bilezi\u011fini tak\u0131n.<\/li>\n<li>Silindiri makineye ba\u011flay\u0131n ve ba\u011flant\u0131n\u0131n sa\u011flam ve stabil oldu\u011fundan emin olun.<\/li>\n<li>Silindiri hidrolik ya\u011f ile doldurun.<\/li>\n<li>Silindirin sorunsuz ve s\u0131z\u0131nt\u0131s\u0131z \u00e7al\u0131\u015ft\u0131\u011f\u0131ndan emin olmak i\u00e7in test edin.<\/li>\n<\/ol>\n<h3>G\u00fcvenlik ve \u00c7evresel Hususlar<\/h3>\n<p>Kol silindirleri kullan\u0131l\u0131rken, a\u015f\u0131r\u0131 y\u00fckleme veya dengesiz \u00e7al\u0131\u015fma gibi kazalar\u0131 \u00f6nlemek i\u00e7in g\u00fcvenlik \u00f6nlemleri al\u0131nmal\u0131d\u0131r. Bu silindirler, kirlili\u011fi \u00f6nlemek i\u00e7in \u00e7evre dostu bir \u015fekilde imha edilmelidir.<\/p>\n<h3>Sorun Giderme ve Yayg\u0131n Sorunlar<\/h3>\n<p>Kol silindirlerinde s\u0131k kar\u015f\u0131la\u015f\u0131lan sorunlar aras\u0131nda s\u0131z\u0131nt\u0131lar, contalar\u0131n veya di\u011fer bile\u015fenlerin hasar g\u00f6rmesi ve emniyet valflerinin veya di\u011fer emniyet bile\u015fenlerinin ar\u0131zalanmas\u0131 yer al\u0131r. Bu sorunlar\u0131 etkili bir \u015fekilde te\u015fhis etmek ve \u00e7\u00f6zmek i\u00e7in a\u015fa\u011f\u0131daki ipu\u00e7lar\u0131 izlenmelidir:<\/p>\n<ul>\n<li>S\u0131z\u0131nt\u0131 olup olmad\u0131\u011f\u0131n\u0131 kontrol edin ve contalar\u0131 ve di\u011fer bile\u015fenleri hasar a\u00e7\u0131s\u0131ndan inceleyin.<\/li>\n<li>Emniyet valfinin ve di\u011fer emniyet bile\u015fenlerinin d\u00fczg\u00fcn \u00e7al\u0131\u015f\u0131p \u00e7al\u0131\u015fmad\u0131\u011f\u0131n\u0131 kontrol edin.<\/li>\n<li>Silindir ile makine aras\u0131ndaki ba\u011flant\u0131n\u0131n sa\u011flam ve stabil oldu\u011fundan emin olun.<\/li>\n<li>Refer to the manufacturer&#8217;s manual for troubleshooting and repair instructions.<\/li>\n<\/ul>\n<p>Olas\u0131 sorunlar\u0131 \u00f6nlemek i\u00e7in d\u00fczenli denetim ve \u00f6nleyici bak\u0131m yap\u0131lmal\u0131d\u0131r.<\/p>\n<p><img decoding=\"async\" src=\"https:\/\/www.hydraulic-cylinders.net\/wp-content\/uploads\/2025\/01\/songte-bushings-with-all-kinds-of-excavator-models.webp\" alt=\"Bur\u00e7lar\"><\/p>\n<h3>Hakk\u0131m\u0131zda<\/h3>\n<p>Geni\u015f \u00fcr\u00fcn yelpazesiyle profesyonel bir yedek hidrolik silindir \u00fcreticisiyiz ve hem yurt i\u00e7i hem de uluslararas\u0131 pazarlarda \u00f6nde gelen hidrolik silindir \u00fcreticilerinden ve toptanc\u0131lar\u0131ndan biri haline geldik. Her zaman m\u00fckemmel kalite ilkesine ba\u011fl\u0131 kalarak, geli\u015fmi\u015f \u00fcretim at\u00f6lyelerimizin end\u00fcstriyel \u00fcretim y\u00f6netim stratejisine dayanarak teknik seviyemizi ve \u00fcretim verimlili\u011fimizi s\u00fcrekli olarak geli\u015ftiriyoruz. Y\u00fcksek teknoloji \u00fcr\u00fcn\u00fc dijital \u00fcretim ekipmanlar\u0131 ve profesyonel alg\u0131lama sistemleri kullanarak \u00fcretim platformumuzu s\u00fcrekli olarak optimize ediyor, \u00fcr\u00fcn kalite kontrol s\u00fcrecimizi iyile\u015ftiriyor ve g\u00fc\u00e7l\u00fc inovasyon yeteneklerine sahibiz. Amac\u0131m\u0131z, verimlilik, do\u011fruluk ve y\u00fcksek kalite ilkeleriyle m\u00fc\u015fterilerin \u00e7e\u015fitli ihtiya\u00e7lar\u0131n\u0131 kar\u015f\u0131lamakt\u0131r.<\/p>\n<h4>Profesyonellik<\/h4>\n<p>Deneyimli m\u00fchendis ve teknisyenlerden olu\u015fan ekibimiz, \u00f6zel tasar\u0131m ve \u00fcretim, kalite kontrol ve teknik destek de dahil olmak \u00fczere profesyonel hizmetler sunabilmektedir.<\/p>\n<h4>Uluslararas\u0131 sertifikasyon<\/h4>\n<p>\u00dcr\u00fcnlerimiz, kalite ve g\u00fcvenli\u011fini garanti eden ISO9001 ve CE gibi uluslararas\u0131 sertifikalara sahiptir.<\/p>\n<h4>Ki\u015fiselle\u015ftirme hizmeti<\/h4>\n<p>M\u00fc\u015fterilerin \u00f6zel gereksinimlerine g\u00f6re, malzeme se\u00e7imi, s\u0131zd\u0131rmazl\u0131k performans\u0131 ve di\u011fer teknik parametreler de dahil olmak \u00fczere \u00f6zelle\u015ftirilmi\u015f hizmetler sunabiliyoruz.<\/p>\n<h4>\u00dcretim ekipmanlar\u0131<\/h4>\n<p>\u00dcr\u00fcnlerimizin do\u011frulu\u011funu ve g\u00fcvenilirli\u011fini sa\u011flamak i\u00e7in CNC i\u015fleme merkezleri, otomatik kaynak makineleri ve hidrolik test istasyonlar\u0131 da dahil olmak \u00fczere geli\u015fmi\u015f \u00fcretim ve test ekipmanlar\u0131na sahibiz.<\/p>\n<h4>Sat\u0131\u015f sonras\u0131 servis<\/h4>\n<p>M\u00fc\u015fteri memnuniyetini sa\u011flamak i\u00e7in teknik destek, \u00fcr\u00fcn bak\u0131m\u0131 ve onar\u0131m\u0131 da dahil olmak \u00fczere m\u00fckemmel sat\u0131\u015f sonras\u0131 hizmetler sunuyoruz.<\/p>\n<p><img decoding=\"async\" src=\"https:\/\/www.hydraulic-cylinders.net\/wp-content\/uploads\/2025\/01\/songte-company-4.webp\" alt=\"\u015eirket\"><\/p>\n<p><img decoding=\"async\" src=\"https:\/\/www.hydraulic-cylinders.net\/wp-content\/uploads\/2025\/01\/songte-company-3.webp\" alt=\"\u015eirket\"><\/p>\n<p>Yazar: lyl.<\/p>","protected":false},"excerpt":{"rendered":"<p>Arm Cylinder For Case Middle Excavator CX210B Introduction The arm cylinder is a specially designed hydraulic cylinder used to provide linear motion and power to the arms of various machines, such as excavators, cranes, and mechanical arms. The arm cylinder plays a crucial role in hydraulic systems, allowing for efficient movement and control of attached [&hellip;]<\/p>","protected":false},"featured_media":14774,"comment_status":"open","ping_status":"closed","template":"","meta":{"_et_pb_use_builder":"","_et_pb_old_content":"","_et_gb_content_width":""},"product_brand":[],"product_cat":[1497],"product_tag":[1498,1496],"class_list":{"0":"post-16651","1":"product","2":"type-product","3":"status-publish","4":"has-post-thumbnail","6":"product_cat-arm-cylinders","7":"product_tag-arm-cylinders","8":"product_tag-hydraulic-cylinders","10":"first","11":"instock","12":"shipping-taxable","13":"product-type-simple"},"amp_enabled":true,"_links":{"self":[{"href":"https:\/\/www.hydraulic-cylinders.net\/tr\/wp-json\/wp\/v2\/product\/16651","targetHints":{"allow":["GET"]}}],"collection":[{"href":"https:\/\/www.hydraulic-cylinders.net\/tr\/wp-json\/wp\/v2\/product"}],"about":[{"href":"https:\/\/www.hydraulic-cylinders.net\/tr\/wp-json\/wp\/v2\/types\/product"}],"replies":[{"embeddable":true,"href":"https:\/\/www.hydraulic-cylinders.net\/tr\/wp-json\/wp\/v2\/comments?post=16651"}],"wp:featuredmedia":[{"embeddable":true,"href":"https:\/\/www.hydraulic-cylinders.net\/tr\/wp-json\/wp\/v2\/media\/14774"}],"wp:attachment":[{"href":"https:\/\/www.hydraulic-cylinders.net\/tr\/wp-json\/wp\/v2\/media?parent=16651"}],"wp:term":[{"taxonomy":"product_brand","embeddable":true,"href":"https:\/\/www.hydraulic-cylinders.net\/tr\/wp-json\/wp\/v2\/product_brand?post=16651"},{"taxonomy":"product_cat","embeddable":true,"href":"https:\/\/www.hydraulic-cylinders.net\/tr\/wp-json\/wp\/v2\/product_cat?post=16651"},{"taxonomy":"product_tag","embeddable":true,"href":"https:\/\/www.hydraulic-cylinders.net\/tr\/wp-json\/wp\/v2\/product_tag?post=16651"}],"curies":[{"name":"wp","href":"https:\/\/api.w.org\/{rel}","templated":true}]}}