{"id":16658,"date":"2025-01-21T05:44:47","date_gmt":"2025-01-21T05:44:47","guid":{"rendered":"https:\/\/www.hydraulic-cylinders.net\/product\/arm-cylinder-for-case-large-excavator-cx470b\/"},"modified":"2025-01-21T05:44:49","modified_gmt":"2025-01-21T05:44:49","slug":"arm-cylinder-for-case-large-excavator-cx470b","status":"publish","type":"product","link":"https:\/\/www.hydraulic-cylinders.net\/tr\/urun\/arm-cylinder-for-case-large-excavator-cx470b\/","title":{"rendered":"Case B\u00fcy\u00fck Ekskavat\u00f6r CX470B i\u00e7in Kol Silindiri"},"content":{"rendered":"<h1>Case B\u00fcy\u00fck Ekskavat\u00f6r CX470B i\u00e7in Kol Silindiri<\/h1>\n<h2>girii\u015f<\/h2>\n<p>Kol silindiri, ekskavat\u00f6rler, vin\u00e7ler ve mekanik kollar gibi \u00e7e\u015fitli makinelerin kollar\u0131na do\u011frusal hareket ve g\u00fc\u00e7 sa\u011flamak i\u00e7in kullan\u0131lan \u00f6zel olarak tasarlanm\u0131\u015f bir hidrolik silindirdir. Hidrolik sistemde kilit bir rol oynayan kol silindiri, ata\u015fmanlar\u0131n veya aksesuarlar\u0131n etkili bir \u015fekilde hareket etmesini ve kontrol edilmesini sa\u011flar. Bu silindirler, yaln\u0131zca d\u00fczg\u00fcn hareket sa\u011flamakla kalmaz, ayn\u0131 zamanda a\u011f\u0131r y\u00fcklere de dayanarak, \u00e7e\u015fitli \u00e7al\u0131\u015fma ko\u015fullar\u0131nda makinelerin verimli ve g\u00fcvenilir \u00e7al\u0131\u015fmas\u0131n\u0131 sa\u011flar.<\/p>\n<p><img decoding=\"async\" src=\"https:\/\/www.hydraulic-cylinders.net\/wp-content\/uploads\/2025\/01\/songte-company-2.webp\" alt=\"Kol Silindiri G\u00f6r\u00fcnt\u00fcs\u00fc\"><\/p>\n<h2>\u00d6zellikler<\/h2>\n<ul>\n<li>Verimli g\u00fc\u00e7 aktar\u0131m\u0131: Kol silindiri g\u00fc\u00e7l\u00fc do\u011frusal hareket ve kuvvet sa\u011flayarak, mekanik kolun \u00e7e\u015fitli i\u015flemlerde y\u00fcksek performans g\u00f6stermesini sa\u011flar.<\/li>\n<li>Hassas kontrol: Hidrolik sistem sayesinde kol silindiri hassas hareket kontrol\u00fc sa\u011flayabilir, b\u00f6ylece ata\u015fmanlar\u0131n \u00e7al\u0131\u015fmas\u0131 daha esnek ve hassas hale gelir.<\/li>\n<li>G\u00fc\u00e7l\u00fc dayan\u0131kl\u0131l\u0131k: Kol silindiri genellikle iyi a\u015f\u0131nma ve korozyon direncine sahip y\u00fcksek mukavemetli malzemelerden yap\u0131l\u0131r, zorlu ortamlarda uzun s\u00fcreli kullan\u0131ma uygundur.<\/li>\n<li>\u00c7ok i\u015flevlilik: Bu silindirler, ekskavat\u00f6rler, vin\u00e7ler ve mekanik kollar gibi \u00e7e\u015fitli mekanik ekipmanlarda, farkl\u0131 \u00e7al\u0131\u015fma gereksinimlerine uyum sa\u011flamak i\u00e7in yayg\u0131n olarak kullan\u0131labilir.<\/li>\n<li>Kolay bak\u0131m: Tasar\u0131m, bak\u0131m ve de\u011fi\u015ftirme kolayl\u0131\u011f\u0131n\u0131 g\u00f6z \u00f6n\u00fcnde bulundurarak d\u00fczenli muayene ve bak\u0131m\u0131 daha kolay hale getirir ve ekipman ar\u0131za s\u00fcresini azalt\u0131r.<\/li>\n<\/ul>\n<p><img decoding=\"async\" src=\"https:\/\/www.hydraulic-cylinders.net\/wp-content\/uploads\/2025\/01\/songte-oil-pipes-and-spare-parts.webp\" alt=\"Petrol Borular\u0131 ve Yedek Par\u00e7a G\u00f6rseli\"><\/p>\n<h2>Uygulamalar<\/h2>\n<ul>\n<li>\u0130n\u015faat M\u00fchendisli\u011fi: Ekskavat\u00f6rlerde ve vin\u00e7lerde, kol silindiri toprak i\u015fleri, malzeme ta\u015f\u0131ma ve yap\u0131sal montajlarda kova veya bomlar\u0131n hareketini kontrol etmek i\u00e7in kullan\u0131l\u0131r.<\/li>\n<li>\u00dcretim: Otomatik \u00fcretim hatlar\u0131nda, kol silindiri, montaj, kaynak ve ta\u015f\u0131ma s\u00fcre\u00e7lerinde mekanik kollar\u0131n hareketini sa\u011flamak i\u00e7in kullan\u0131l\u0131r ve bu da \u00fcretim verimlili\u011fini ve do\u011frulu\u011funu art\u0131r\u0131r.<\/li>\n<li>Tar\u0131m Makinalar\u0131: Bi\u00e7erd\u00f6ver ve ekim makinesi gibi tar\u0131m makinelerinde kol silindiri, ekim, g\u00fcbreleme ve hasat gibi g\u00f6revleri ger\u00e7ekle\u015ftirmek i\u00e7in \u00e7al\u0131\u015fan kollar\u0131n hareketini kontrol eder.<\/li>\n<li>Madencilik: Madencilik ekipmanlar\u0131nda kol silindiri, cevher \u00e7\u0131karma ve ta\u015f\u0131ma i\u00e7in madencilik ekipmanlar\u0131n\u0131n kol hareketini kontrol etmek i\u00e7in kullan\u0131l\u0131r.<\/li>\n<li>Lojistik ve Ta\u015f\u0131mac\u0131l\u0131k: Forkliftlerde ve ta\u015f\u0131ma robotlar\u0131nda, kol silindiri, malzemeleri ta\u015f\u0131mak ve istiflemek i\u00e7in \u00e7atallar\u0131n kald\u0131r\u0131lmas\u0131n\u0131 ve hareketini kontrol etmek i\u00e7in kullan\u0131l\u0131r.<\/li>\n<\/ul>\n<h2>Tasar\u0131m Hususlar\u0131 ve Se\u00e7im Kriterleri<\/h2>\n<ul>\n<li>Ta\u015f\u0131ma kapasitesi: Kol silindiri, mekanik kolun y\u00fck\u00fcn\u00fc ta\u015f\u0131yabilecek yeterli ta\u015f\u0131ma kapasitesine sahip olmal\u0131d\u0131r.<\/li>\n<li>S\u0131zd\u0131rmazl\u0131k: Kol silindirinin, etkili s\u0131zd\u0131rmazl\u0131k performans\u0131n\u0131 garantilemek i\u00e7in, poli\u00fcretan ve nitril kau\u00e7uk gibi a\u015f\u0131nmaya dayan\u0131kl\u0131 malzemelerden yap\u0131lm\u0131\u015f piston contalar\u0131 ve biyel contalar\u0131 gibi \u00e7e\u015fitli s\u0131zd\u0131rmazl\u0131k elemanlar\u0131 ile donat\u0131lmas\u0131 gerekir.<\/li>\n<li>Dayan\u0131kl\u0131l\u0131k: Silindir g\u00f6vdesi ve di\u015fli u\u00e7 y\u00fczeylerinin a\u015f\u0131nma ve korozyon direncini art\u0131rmak i\u00e7in hassas bir \u015fekilde i\u015flenmesi gerekir.<\/li>\n<li>G\u00fcvenlik: Kol silindiri, g\u00fcvenli \u00e7al\u0131\u015fmay\u0131 sa\u011flamak i\u00e7in a\u015f\u0131r\u0131 y\u00fck korumas\u0131 gibi g\u00fcvenlik \u00f6zellikleriyle tasarlanmal\u0131d\u0131r.<\/li>\n<li>Bak\u0131m kolayl\u0131\u011f\u0131: Ekipman ar\u0131za s\u00fcresini en aza indirmek i\u00e7in kol silindiri kolay bak\u0131m ve de\u011fi\u015ftirmeye uygun \u015fekilde tasarlanmal\u0131d\u0131r.<\/li>\n<\/ul>\n<p><img decoding=\"async\" src=\"https:\/\/www.hydraulic-cylinders.net\/wp-content\/uploads\/2025\/01\/songte-cylinder-head-with-all-kinds-excavator-models.webp\" alt=\"Ekskavat\u00f6r Modelleri ile Silindir Kapa\u011f\u0131 G\u00f6rseli\"><\/p>\n<h2>S\u0131zd\u0131rmazl\u0131k ve Ya\u011flama<\/h2>\n<p>Kol silindiri, etkili s\u0131zd\u0131rmazl\u0131k performans\u0131 sa\u011flamak i\u00e7in poli\u00fcretan ve nitril kau\u00e7uk gibi a\u015f\u0131nmaya dayan\u0131kl\u0131 malzemelerle birlikte piston contalar\u0131 ve piston kolu contalar\u0131 gibi \u00e7e\u015fitli s\u0131zd\u0131rmazl\u0131k elemanlar\u0131 kullan\u0131r. Silindir g\u00f6vdesi ve di\u015fli u\u00e7 y\u00fczeyleri, a\u015f\u0131nma ve korozyon direncini art\u0131rmak i\u00e7in hassas bir \u015fekilde i\u015flenmi\u015ftir. Kol silindirinin performans\u0131n\u0131 korumak i\u00e7in d\u00fczenli olarak uygun miktarda hidrolik ya\u011f eklemek \u00f6nemlidir.<\/p>\n<p><img decoding=\"async\" src=\"https:\/\/www.hydraulic-cylinders.net\/wp-content\/uploads\/2025\/01\/songte-chushion-collar.webp\" alt=\"Yast\u0131k Yaka G\u00f6rseli\"><\/p>\n<h2>Bak\u0131m ve Sorun Giderme<\/h2>\n<p>D\u00fczenli kontrol ve \u00f6nleyici bak\u0131m, kol silindirinin performans\u0131n\u0131 sa\u011flamak ve hizmet \u00f6mr\u00fcn\u00fc uzatmak i\u00e7in \u00e7ok \u00f6nemlidir. S\u0131k kar\u015f\u0131la\u015f\u0131lan sorunlar aras\u0131nda s\u0131z\u0131nt\u0131, yetersiz g\u00fc\u00e7 ve anormal g\u00fcr\u00fclt\u00fc bulunur. Sorunlarla kar\u015f\u0131la\u015f\u0131ld\u0131\u011f\u0131nda, kullan\u0131c\u0131lar ya\u011f seviyesini, contalar\u0131n durumunu ve ba\u011flant\u0131 par\u00e7alar\u0131n\u0131n s\u0131k\u0131l\u0131\u011f\u0131n\u0131 kontrol etmelidir. Sorun devam ederse, profesyonel bak\u0131m hizmetlerine ba\u015fvurulmal\u0131d\u0131r.<\/p>\n<h2>Kurulum K\u0131lavuzu<\/h2>\n<p>1. Montaj yerini temizleyin ve kol silindiri ve ba\u011flant\u0131 par\u00e7alar\u0131nda hasar veya kusur olup olmad\u0131\u011f\u0131n\u0131 kontrol edin.<\/p>\n<p>2. Kol silindirini tak\u0131n ve hidrolik sisteme ba\u011flay\u0131n, sabitleme c\u0131vatalar\u0131n\u0131 belirtilen torka g\u00f6re s\u0131k\u0131n.<\/p>\n<p>3. Kol silindirinin performans\u0131n\u0131 kontrol edin ve gerekirse hidrolik ak\u0131\u015f\u0131n\u0131 ve bas\u0131nc\u0131n\u0131 ayarlay\u0131n.<\/p>\n<p>4. Montajdan sonra kol silindirini bak\u0131m k\u0131lavuzuna g\u00f6re d\u00fczenli olarak kontrol edin ve bak\u0131m\u0131n\u0131 yap\u0131n.<\/p>\n<p><img decoding=\"async\" src=\"https:\/\/www.hydraulic-cylinders.net\/wp-content\/uploads\/2025\/01\/songte-bushings-with-all-kinds-of-excavator-models.webp\" alt=\"Ekskavat\u00f6r Modelleri ile Bur\u00e7lar G\u00f6rseli\"><\/p>\n<h2>Hakk\u0131m\u0131zda<\/h2>\n<p>Geni\u015f bir \u00fcr\u00fcn yelpazesine sahip profesyonel bir yedek hidrolik silindir \u00fcreticisiyiz ve yurt i\u00e7i ve yurt d\u0131\u015f\u0131 pazarlarda lider hidrolik silindir \u00fcreticilerinden ve toptan da\u011f\u0131t\u0131c\u0131lar\u0131ndan biri haline geldik. Her zaman m\u00fckemmel kalite ilkesine ba\u011fl\u0131 kalarak, geli\u015fmi\u015f \u00fcretim at\u00f6lyelerinin end\u00fcstriyel \u00fcretim y\u00f6netimi stratejisine g\u00fcvendik ve teknik seviyemizi ve \u00fcretim verimlili\u011fimizi s\u00fcrekli geli\u015ftirdik. \u00dcst d\u00fczey dijital \u00fcretim ekipmanlar\u0131 ve profesyonel test sistemleri sunarak, \u00fcretim platformumuzu s\u00fcrekli olarak optimize ediyor, \u00fcr\u00fcn kalite kontrol s\u00fcre\u00e7lerini iyile\u015ftiriyor ve g\u00fc\u00e7l\u00fc inovasyon yeteneklerine sahibiz. Amac\u0131m\u0131z, m\u00fc\u015fterilerimizin \u00e7e\u015fitli ihtiya\u00e7lar\u0131n\u0131 verimli, hassas ve y\u00fcksek kaliteli \u00fcr\u00fcnlerle kar\u015f\u0131lamakt\u0131r.<\/p>\n<h3>Profesyonellik<\/h3>\n<p>Y\u0131llar\u0131n verdi\u011fi tecr\u00fcbeyle hidrolik silindirler konusunda zengin bir uzmanl\u0131k birikimine sahibiz ve profesyonel ekibimizle y\u00fcksek kalitede ve verimli hizmetler sunuyoruz.<\/p>\n<h3>Uluslararas\u0131 Sertifikasyon<\/h3>\n<p>\u00dcr\u00fcnlerimiz, kalite ve g\u00fcvenilirli\u011fini garanti alt\u0131na alan ISO 9001, CE ve RoHS gibi uluslararas\u0131 sertifikalara sahiptir.<\/p>\n<h3>\u00d6zelle\u015ftirme Hizmeti<\/h3>\n<p>M\u00fc\u015fterilerimizin \u00f6zel ihtiya\u00e7 ve gereksinimlerini kar\u015f\u0131lamak i\u00e7in \u00f6zelle\u015ftirilmi\u015f hizmetler sunuyoruz.<\/p>\n<h3>\u00dcretim Ekipmanlar\u0131<\/h3>\n<p>\u00dcr\u00fcn kalitesini ve performans\u0131n\u0131 garanti alt\u0131na almak i\u00e7in CNC makineleri ve test sistemleri gibi geli\u015fmi\u015f dijital \u00fcretim ekipmanlar\u0131na sahibiz.<\/p>\n<h3>Sat\u0131\u015f Sonras\u0131 Hizmet<\/h3>\n<p>M\u00fc\u015fterilerimizin \u00fcr\u00fcnlerimize olan memnuniyetini ve g\u00fcvenini sa\u011flamak i\u00e7in teknik destek, bak\u0131m ve onar\u0131m hizmetleri de dahil olmak \u00fczere kapsaml\u0131 sat\u0131\u015f sonras\u0131 hizmetler sunuyoruz.<\/p>\n<p><img decoding=\"async\" src=\"https:\/\/www.hydraulic-cylinders.net\/wp-content\/uploads\/2025\/01\/songte-company-4.webp\" alt=\"\u015eirket G\u00f6rseli 1\"><br \/>\n<img decoding=\"async\" src=\"https:\/\/www.hydraulic-cylinders.net\/wp-content\/uploads\/2025\/01\/songte-company-3.webp\" alt=\"\u015eirket G\u00f6rseli 2\"><\/p>\n<p>Yazar: lyl.<\/p>","protected":false},"excerpt":{"rendered":"<p>Arm Cylinder For Case Large Excavator CX470B Introduction The arm cylinder is a specially designed hydraulic cylinder used to provide linear motion and power to the arm of various machinery, such as excavators, cranes, and mechanical arms. The arm cylinder plays a key role in the hydraulic system, enabling attachments or accessories to move and [&hellip;]<\/p>","protected":false},"featured_media":14783,"comment_status":"open","ping_status":"closed","template":"","meta":{"_et_pb_use_builder":"","_et_pb_old_content":"","_et_gb_content_width":""},"product_brand":[],"product_cat":[1497],"product_tag":[1498,1496],"class_list":{"0":"post-16658","1":"product","2":"type-product","3":"status-publish","4":"has-post-thumbnail","6":"product_cat-arm-cylinders","7":"product_tag-arm-cylinders","8":"product_tag-hydraulic-cylinders","10":"first","11":"instock","12":"shipping-taxable","13":"product-type-simple"},"amp_enabled":true,"_links":{"self":[{"href":"https:\/\/www.hydraulic-cylinders.net\/tr\/wp-json\/wp\/v2\/product\/16658","targetHints":{"allow":["GET"]}}],"collection":[{"href":"https:\/\/www.hydraulic-cylinders.net\/tr\/wp-json\/wp\/v2\/product"}],"about":[{"href":"https:\/\/www.hydraulic-cylinders.net\/tr\/wp-json\/wp\/v2\/types\/product"}],"replies":[{"embeddable":true,"href":"https:\/\/www.hydraulic-cylinders.net\/tr\/wp-json\/wp\/v2\/comments?post=16658"}],"wp:featuredmedia":[{"embeddable":true,"href":"https:\/\/www.hydraulic-cylinders.net\/tr\/wp-json\/wp\/v2\/media\/14783"}],"wp:attachment":[{"href":"https:\/\/www.hydraulic-cylinders.net\/tr\/wp-json\/wp\/v2\/media?parent=16658"}],"wp:term":[{"taxonomy":"product_brand","embeddable":true,"href":"https:\/\/www.hydraulic-cylinders.net\/tr\/wp-json\/wp\/v2\/product_brand?post=16658"},{"taxonomy":"product_cat","embeddable":true,"href":"https:\/\/www.hydraulic-cylinders.net\/tr\/wp-json\/wp\/v2\/product_cat?post=16658"},{"taxonomy":"product_tag","embeddable":true,"href":"https:\/\/www.hydraulic-cylinders.net\/tr\/wp-json\/wp\/v2\/product_tag?post=16658"}],"curies":[{"name":"wp","href":"https:\/\/api.w.org\/{rel}","templated":true}]}}