{"id":16668,"date":"2025-01-21T05:45:39","date_gmt":"2025-01-21T05:45:39","guid":{"rendered":"https:\/\/www.hydraulic-cylinders.net\/product\/arm-cylinder-for-world-small-excavator-w265-8\/"},"modified":"2025-01-21T05:45:41","modified_gmt":"2025-01-21T05:45:41","slug":"arm-cylinder-for-world-small-excavator-w265-8","status":"publish","type":"product","link":"https:\/\/www.hydraulic-cylinders.net\/tr\/urun\/arm-cylinder-for-world-small-excavator-w265-8\/","title":{"rendered":"D\u00fcnya K\u00fc\u00e7\u00fck Ekskavat\u00f6r W265-8 i\u00e7in Kol Silindiri"},"content":{"rendered":"<p>D\u00fcnya K\u00fc\u00e7\u00fck Ekskavat\u00f6r W265-8 i\u00e7in Kol Silindiri<\/p>\n<p>Kol silindiri, ekskavat\u00f6rler, vin\u00e7ler ve manip\u00fclat\u00f6rler gibi \u00e7e\u015fitli makine kollar\u0131n\u0131n do\u011frusal hareketini ve g\u00fcc\u00fcn\u00fc sa\u011flamak i\u00e7in \u00f6zel olarak tasarlanm\u0131\u015f bir hidrolik silindirdir. Kol silindiri, hidrolik sistemde kritik bir rol oynayarak ek aletlerin veya ata\u015fmanlar\u0131n etkili bir \u015fekilde hareket etmesini ve kontrol edilmesini sa\u011flar. Bu silindirler sadece d\u00fczg\u00fcn hareketler sa\u011flamakla kalmaz, ayn\u0131 zamanda a\u011f\u0131r y\u00fckleri de kald\u0131rarak \u00e7e\u015fitli \u00e7al\u0131\u015fma ko\u015fullar\u0131 alt\u0131nda makinelerin verimli \u00e7al\u0131\u015fmas\u0131n\u0131 ve g\u00fcvenilirli\u011fini garanti eder.<\/p>\n<p><img decoding=\"async\" src=\"https:\/\/www.hydraulic-cylinders.net\/wp-content\/uploads\/2025\/01\/songte-company-2.webp\"><\/p>\n<p>\u00d6zellikler:<\/p>\n<p>1. Y\u00fcksek Verimli Aktar\u0131m: Kol silindiri, g\u00fc\u00e7l\u00fc do\u011frusal hareket ve kuvvet sa\u011flayarak mekanik kolun \u00e7e\u015fitli i\u015flemlerde verimli performans g\u00f6stermesini sa\u011flar.<\/p>\n<p>2. Hassas Kontrol: Hidrolik sistem sayesinde, kol silindiri hassas hareket kontrol\u00fc sa\u011flayarak ek aletlerin \u00e7al\u0131\u015fmas\u0131n\u0131 daha esnek ve do\u011fru hale getirir.<\/p>\n<p>3. Y\u00fcksek Dayan\u0131kl\u0131l\u0131k: Kol silindirleri genellikle y\u00fcksek mukavemetli malzemelerden \u00fcretilir, bu da iyi a\u015f\u0131nma ve korozyon direnci sa\u011flar ve zorlu ortamlarda uzun s\u00fcreli kullan\u0131m i\u00e7in uygundur.<\/p>\n<p>4. \u00c7ok Fonksiyonlu Uyarlanabilirlik: Bu silindirler, farkl\u0131 \u00e7al\u0131\u015fma gereksinimlerine uyum sa\u011flamak i\u00e7in ekskavat\u00f6rler, vin\u00e7ler ve manip\u00fclat\u00f6rler gibi \u00e7e\u015fitli mekanik ekipmanlarda yayg\u0131n olarak kullan\u0131labilir.<\/p>\n<p>5. Kolay Bak\u0131m: Tasar\u0131m, kolay bak\u0131m ve de\u011fi\u015ftirme imkan\u0131n\u0131 g\u00f6z \u00f6n\u00fcnde bulundurarak d\u00fczenli denetim ve bak\u0131m i\u015flemlerini kolayla\u015ft\u0131r\u0131r ve ekipman ar\u0131za s\u00fcresini azalt\u0131r.<\/p>\n<p>Biz bu \u00fcr\u00fcn\u00fc \u00fcretebiliyoruz ve \u00fcr\u00fcn\u00fcm\u00fcz bu hidrolik silindirlerin yerini m\u00fckemmel bir \u015fekilde alabiliyor.<\/p>\n<p><img decoding=\"async\" src=\"https:\/\/www.hydraulic-cylinders.net\/wp-content\/uploads\/2025\/01\/songte-oil-pipes-and-spare-parts.webp\"><\/p>\n<p>Uygulamalar:<\/p>\n<p>1. \u0130n\u015faat M\u00fchendisli\u011fi: Ekskavat\u00f6rlerde ve vin\u00e7lerde, kol silindiri, toprak ta\u015f\u0131ma, malzeme ta\u015f\u0131ma ve yap\u0131sal kurulum i\u00e7in kep\u00e7enin veya kald\u0131rma kolunun hareketini kontrol etmek amac\u0131yla kullan\u0131l\u0131r.<\/p>\n<p>2. \u00dcretim: Otomatik \u00fcretim hatlar\u0131nda, kol silindiri manip\u00fclat\u00f6rlerin hareket ettirilmesi, montaj, kaynak ve ta\u015f\u0131ma i\u015flemlerinde kullan\u0131l\u0131r ve \u00fcretim verimlili\u011fini ve do\u011frulu\u011funu art\u0131r\u0131r.<\/p>\n<p>3. Tar\u0131m Makineleri: Bi\u00e7erd\u00f6ver ve ekim makinesi gibi tar\u0131m makinelerinde, kol silindiri, ekim, g\u00fcbreleme ve hasat gibi g\u00f6revleri yerine getiren \u00e7al\u0131\u015fma kolunun hareketini kontrol eder.<\/p>\n<p>4. Madencilik: Madencilik ekipmanlar\u0131nda, kol silindiri, cevher \u00e7\u0131karma ve ta\u015f\u0131ma i\u015flemlerinde madencilik ekipman\u0131n\u0131n kol hareketini kontrol etmek i\u00e7in kullan\u0131l\u0131r.<\/p>\n<p>5. Lojistik ve Ta\u015f\u0131mac\u0131l\u0131k: Forkliftlerde ve ta\u015f\u0131ma robotlar\u0131nda, kol silindiri, \u00e7atallar\u0131n kald\u0131rma ve hareketini kontrol etmek, b\u00f6ylece malzemelerin ta\u015f\u0131nmas\u0131n\u0131 ve istiflenmesini sa\u011flamak i\u00e7in kullan\u0131l\u0131r.<\/p>\n<p>Tasar\u0131m Hususlar\u0131 ve Se\u00e7im Standartlar\u0131:<\/p>\n<p>1. Ta\u015f\u0131ma kapasitesi: Kol silindirinin, kolun ve ek aletlerin veya ata\u015fmanlar\u0131n a\u011f\u0131rl\u0131\u011f\u0131n\u0131 ta\u015f\u0131yabilecek yeterli ta\u015f\u0131ma kapasitesine sahip olmas\u0131 gerekir.<\/p>\n<p>2. S\u0131zd\u0131rmazl\u0131k: \u00c7al\u0131\u015fma s\u0131ras\u0131nda s\u0131v\u0131 bas\u0131nc\u0131n\u0131n kaybolmamas\u0131n\u0131 sa\u011flamak i\u00e7in piston contalar\u0131 ve mil contalar\u0131 gibi \u00e7e\u015fitli s\u0131zd\u0131rmazl\u0131k elemanlar\u0131 kullan\u0131l\u0131r. S\u0131zd\u0131rmazl\u0131k elemanlar\u0131, poli\u00fcretan ve nitril kau\u00e7uk gibi a\u015f\u0131nmaya dayan\u0131kl\u0131 malzemelerden \u00fcretilmi\u015ftir.<\/p>\n<p>3. Dayan\u0131kl\u0131l\u0131k: Silindir g\u00f6vdesi ve di\u015fli u\u00e7 y\u00fczeyi, a\u015f\u0131nma direncini art\u0131rmak i\u00e7in \u00f6zenle i\u015flenmi\u015ftir.<\/p>\n<p>4. G\u00fcvenlik: Kol silindirinde, a\u015f\u0131r\u0131 bas\u0131n\u00e7 veya a\u015f\u0131r\u0131 y\u00fcklenmeden kaynaklanan kazalar\u0131 \u00f6nlemek i\u00e7in emniyet valfleri ve a\u015f\u0131r\u0131 y\u00fck korumas\u0131 gibi g\u00fcvenlik cihazlar\u0131 bulunmal\u0131d\u0131r.<\/p>\n<p>5. Bak\u0131m Kolayl\u0131\u011f\u0131: Kol silindirinin tasar\u0131m\u0131nda, ar\u0131za s\u00fcresini azaltmak i\u00e7in bak\u0131m ve par\u00e7a de\u011fi\u015fiminin kolayl\u0131\u011f\u0131 g\u00f6z \u00f6n\u00fcnde bulundurulmal\u0131d\u0131r.<\/p>\n<p><img decoding=\"async\" src=\"https:\/\/www.hydraulic-cylinders.net\/wp-content\/uploads\/2025\/01\/songte-cylinder-head-with-all-kinds-excavator-models.webp\"><\/p>\n<p>S\u0131zd\u0131rmazl\u0131k ve Ya\u011flama:<\/p>\n<p>\u00c7al\u0131\u015fma s\u0131ras\u0131nda s\u0131v\u0131 bas\u0131nc\u0131n\u0131n kaybolmamas\u0131n\u0131 sa\u011flamak i\u00e7in piston contalar\u0131 ve mil contalar\u0131 gibi \u00e7e\u015fitli s\u0131zd\u0131rmazl\u0131k elemanlar\u0131 kullan\u0131l\u0131r. S\u0131zd\u0131rmazl\u0131k elemanlar\u0131 poli\u00fcretan ve nitril kau\u00e7uk gibi a\u015f\u0131nmaya dayan\u0131kl\u0131 malzemelerden \u00fcretilmi\u015ftir. Silindir g\u00f6vdesi ve di\u015fli u\u00e7 y\u00fczeyi, a\u015f\u0131nma direncini art\u0131rmak i\u00e7in \u00f6zenle i\u015flenmi\u015ftir. Ya\u011flama i\u00e7in d\u00fczenli olarak uygun hidrolik ya\u011f eklenmesi gereklidir.<\/p>\n<p>D\u00fczenli Muayene ve \u00d6nleyici Bak\u0131m:<\/p>\n<p>1. Kol silindirinin d\u00fczenli olarak kontrol edilmesi ve bak\u0131m\u0131, kullan\u0131m \u00f6mr\u00fcn\u00fc uzat\u0131r ve g\u00fcvenilir \u00e7al\u0131\u015fmas\u0131n\u0131 sa\u011flar.<\/p>\n<p>2. Kol silindirinin s\u0131zd\u0131rmazl\u0131\u011f\u0131n\u0131 ve ya\u011flamas\u0131n\u0131 d\u00fczenli olarak kontrol edin, a\u015f\u0131nm\u0131\u015f contalar\u0131 de\u011fi\u015ftirin ve zaman\u0131nda ya\u011flama ya\u011f\u0131 ekleyin.<\/p>\n<p>3. Emniyet cihazlar\u0131n\u0131n (\u00f6rne\u011fin tahliye vanalar\u0131 ve a\u015f\u0131r\u0131 y\u00fck koruma cihazlar\u0131) normal \u00e7al\u0131\u015f\u0131p \u00e7al\u0131\u015fmad\u0131\u011f\u0131n\u0131 kontrol edin.<\/p>\n<p>4. Silindir g\u00f6vdesinin ve di\u015fli u\u00e7 y\u00fczeyinin d\u0131\u015f a\u015f\u0131nmas\u0131n\u0131 d\u00fczenli olarak kontrol edin ve a\u015f\u0131r\u0131 a\u015f\u0131nma varsa zaman\u0131nda de\u011fi\u015ftirin.<\/p>\n<p>5. C\u0131vata ve somunlar\u0131n gev\u015fek olup olmad\u0131\u011f\u0131n\u0131 kontrol edin ve gerekirse zaman\u0131nda s\u0131k\u0131n.<\/p>\n<p>Kurulum K\u0131lavuzu:<\/p>\n<p>1. Montajdan \u00f6nce, montaj y\u00fczeyini, silindir g\u00f6vdesini ve di\u015fli u\u00e7 y\u00fczeyini temizleyin.<\/p>\n<p>2. Kol silindirini montaj \u015femas\u0131na g\u00f6re tak\u0131n ve c\u0131vatalar\u0131 e\u015fit \u015fekilde s\u0131k\u0131n.<\/p>\n<p>3. Hidrolik boruyu ve h\u0131zl\u0131 ba\u011flant\u0131 par\u00e7as\u0131n\u0131 do\u011fru \u015fekilde ba\u011flay\u0131n.<\/p>\n<p>4. Uygun hidrolik ya\u011f\u0131 ekleyin ve kol silindirinin \u00e7al\u0131\u015fmas\u0131n\u0131 test edin.<\/p>\n<p><img decoding=\"async\" src=\"https:\/\/www.hydraulic-cylinders.net\/wp-content\/uploads\/2025\/01\/songte-bushings-with-all-kinds-of-excavator-models.webp\"><\/p>\n<p>G\u00fcvenlik Hususlar\u0131 ve \u00c7evresel Fakt\u00f6rler:<\/p>\n<p>Kol silindirini kullan\u0131rken, ki\u015fisel koruyucu ekipman giymek ve hidrolik s\u0131v\u0131 enjeksiyonundan kaynaklanan yaralanmalardan ka\u00e7\u0131nmak gibi g\u00fcvenlik y\u00f6nergelerine uymak \u00e7ok \u00f6nemlidir. S\u0131cakl\u0131k, nem ve toz gibi \u00e7evresel fakt\u00f6rler kol silindirinin performans\u0131n\u0131 etkileyebilir ve dikkate al\u0131nmal\u0131d\u0131r.<\/p>\n<p>Ar\u0131za Te\u015fhisi ve Yayg\u0131n Sorunlar:<\/p>\n<p>1. Kol silindiri hareket etmiyor: Hidrolik ya\u011f\u0131n yeterli olup olmad\u0131\u011f\u0131n\u0131 ve boru hatt\u0131n\u0131n t\u0131kal\u0131 olup olmad\u0131\u011f\u0131n\u0131 kontrol edin.<\/p>\n<p>2. Kol silindirinin hareketi yava\u015f: Hidrolik ya\u011f viskozitesinin \u00e7ok y\u00fcksek olup olmad\u0131\u011f\u0131n\u0131 ve s\u0131zd\u0131rmazl\u0131k elemanlar\u0131n\u0131n a\u015f\u0131nm\u0131\u015f olup olmad\u0131\u011f\u0131n\u0131 kontrol edin.<\/p>\n<p>3. Hidrolik ya\u011f s\u0131z\u0131nt\u0131s\u0131: S\u0131zd\u0131rmazl\u0131k elemanlar\u0131n\u0131n hasar g\u00f6r\u00fcp g\u00f6rmedi\u011fini veya ba\u011flant\u0131n\u0131n gev\u015fek olup olmad\u0131\u011f\u0131n\u0131 kontrol edin.<\/p>\n<p>4. Anormal ses: Piston ve silindirin a\u015f\u0131nm\u0131\u015f veya hasar g\u00f6rm\u00fc\u015f olup olmad\u0131\u011f\u0131n\u0131 kontrol edin.<\/p>\n<p>5. A\u015f\u0131r\u0131 Is\u0131nma: Hidrolik ya\u011f viskozitesinin \u00e7ok y\u00fcksek olup olmad\u0131\u011f\u0131n\u0131 veya so\u011futma sisteminin normal olup olmad\u0131\u011f\u0131n\u0131 kontrol edin.<\/p>\n<p>\u00d6nleyici Tedbirler:<\/p>\n<p>1. S\u0131zd\u0131rmazl\u0131k elemanlar\u0131n\u0131 d\u00fczenli olarak kontrol edin ve gerekirse de\u011fi\u015ftirin; silindir g\u00f6vdesinin ve di\u015fli u\u00e7 y\u00fczeyinin yeterli \u015fekilde ya\u011flanmas\u0131n\u0131 sa\u011flay\u0131n.<\/p>\n<p>2. A\u015f\u0131r\u0131 y\u00fckleme ve a\u015f\u0131r\u0131 bas\u0131n\u00e7tan ka\u00e7\u0131n\u0131n ve g\u00fcvenlik cihazlar\u0131n\u0131 d\u00fczenli olarak kontrol edin.<\/p>\n<p>3. Hidrolik ya\u011f\u0131 d\u00fczenli olarak temizleyin ve zaman\u0131nda de\u011fi\u015ftirin.<\/p>\n<p>4. Silindir g\u00f6vdesinin ve di\u015fli u\u00e7 y\u00fczeyinin d\u0131\u015f a\u015f\u0131nmas\u0131n\u0131 d\u00fczenli olarak kontrol edin ve a\u015f\u0131r\u0131 a\u015f\u0131nma varsa zaman\u0131nda de\u011fi\u015ftirin.<\/p>\n<p>5. Hidrolik boru hatt\u0131n\u0131 ve ba\u011flant\u0131 yerini d\u00fczenli olarak kontrol edin ve bir sorun varsa zaman\u0131nda s\u0131k\u0131n veya de\u011fi\u015ftirin.<\/p>\n<p>Geni\u015f \u00fcr\u00fcn yelpazesine sahip profesyonel bir alternatif hidrolik silindir \u00fcreticisiyiz ve hem yurt i\u00e7i hem de uluslararas\u0131 pazarlarda \u00f6nde gelen hidrolik silindir \u00fcreticilerinden ve toptanc\u0131lar\u0131ndan biri haline geldik. Her zaman m\u00fckemmel kalite ilkesine ba\u011fl\u0131 kalarak, geli\u015fmi\u015f bir \u00fcretim at\u00f6lyesinde end\u00fcstriyel \u00fcretim y\u00f6netim stratejilerine g\u00fcvenerek, teknik seviyemizi ve \u00fcretim verimlili\u011fimizi s\u00fcrekli olarak geli\u015ftiriyoruz. Y\u00fcksek teknoloji \u00fcr\u00fcn\u00fc dijital \u00fcretim ekipmanlar\u0131 ve profesyonel test sistemlerinin \ub3c4\uc785 edilmesiyle, \u00fcretim platformunu s\u00fcrekli olarak optimize ediyor, \u00fcr\u00fcn kalite kontrol s\u00fcrecini iyile\u015ftiriyor ve g\u00fc\u00e7l\u00fc inovasyon yeteneklerine sahibiz. Amac\u0131m\u0131z, verimlilik, hassasiyet ve y\u00fcksek kalite ilkelerine dayanarak m\u00fc\u015fterilerin \u00e7e\u015fitli ihtiya\u00e7lar\u0131n\u0131 kar\u015f\u0131lamakt\u0131r.<\/p>\n<p>\u015eirketimiz profesyonellik, uluslararas\u0131 sertifikalar, \u00f6zelle\u015ftirilmi\u015f hizmetler, \u00fcretim ekipmanlar\u0131 ve sat\u0131\u015f sonras\u0131 hizmetleriyle \u00f6ne \u00e7\u0131kmaktad\u0131r.<\/p>\n<p><img decoding=\"async\" src=\"https:\/\/www.hydraulic-cylinders.net\/wp-content\/uploads\/2025\/01\/songte-company-4.webp\"><\/p>\n<p><img decoding=\"async\" src=\"https:\/\/www.hydraulic-cylinders.net\/wp-content\/uploads\/2025\/01\/songte-company-3.webp\"><\/p>\n<p>Yazar: lyl.<\/p>","protected":false},"excerpt":{"rendered":"<p>Arm Cylinder For World Small Excavator W265-8 Arm cylinder is a specially designed hydraulic cylinder that is mainly used to provide linear motion and power for various machinery arms, such as excavators, cranes, and manipulators. The arm cylinder plays a critical role in the hydraulic system, allowing additional tools or attachments to move and control [&hellip;]<\/p>","protected":false},"featured_media":14783,"comment_status":"open","ping_status":"closed","template":"","meta":{"_et_pb_use_builder":"","_et_pb_old_content":"","_et_gb_content_width":""},"product_brand":[],"product_cat":[1497],"product_tag":[1498,1496],"class_list":{"0":"post-16668","1":"product","2":"type-product","3":"status-publish","4":"has-post-thumbnail","6":"product_cat-arm-cylinders","7":"product_tag-arm-cylinders","8":"product_tag-hydraulic-cylinders","10":"first","11":"instock","12":"shipping-taxable","13":"product-type-simple"},"amp_enabled":true,"_links":{"self":[{"href":"https:\/\/www.hydraulic-cylinders.net\/tr\/wp-json\/wp\/v2\/product\/16668","targetHints":{"allow":["GET"]}}],"collection":[{"href":"https:\/\/www.hydraulic-cylinders.net\/tr\/wp-json\/wp\/v2\/product"}],"about":[{"href":"https:\/\/www.hydraulic-cylinders.net\/tr\/wp-json\/wp\/v2\/types\/product"}],"replies":[{"embeddable":true,"href":"https:\/\/www.hydraulic-cylinders.net\/tr\/wp-json\/wp\/v2\/comments?post=16668"}],"wp:featuredmedia":[{"embeddable":true,"href":"https:\/\/www.hydraulic-cylinders.net\/tr\/wp-json\/wp\/v2\/media\/14783"}],"wp:attachment":[{"href":"https:\/\/www.hydraulic-cylinders.net\/tr\/wp-json\/wp\/v2\/media?parent=16668"}],"wp:term":[{"taxonomy":"product_brand","embeddable":true,"href":"https:\/\/www.hydraulic-cylinders.net\/tr\/wp-json\/wp\/v2\/product_brand?post=16668"},{"taxonomy":"product_cat","embeddable":true,"href":"https:\/\/www.hydraulic-cylinders.net\/tr\/wp-json\/wp\/v2\/product_cat?post=16668"},{"taxonomy":"product_tag","embeddable":true,"href":"https:\/\/www.hydraulic-cylinders.net\/tr\/wp-json\/wp\/v2\/product_tag?post=16668"}],"curies":[{"name":"wp","href":"https:\/\/api.w.org\/{rel}","templated":true}]}}