{"id":16681,"date":"2025-01-21T05:46:35","date_gmt":"2025-01-21T05:46:35","guid":{"rendered":"https:\/\/www.hydraulic-cylinders.net\/product\/arm-cylinder-for-jingong-crawler-excavator-jcm906\/"},"modified":"2025-01-21T05:46:37","modified_gmt":"2025-01-21T05:46:37","slug":"arm-cylinder-for-jingong-crawler-excavator-jcm906","status":"publish","type":"product","link":"https:\/\/www.hydraulic-cylinders.net\/tr\/urun\/arm-cylinder-for-jingong-crawler-excavator-jcm906\/","title":{"rendered":"Jingong Paletli Ekskavat\u00f6r JCM906 i\u00e7in Kol Silindiri"},"content":{"rendered":"<h1>Jingong Paletli Ekskavat\u00f6r JCM906 i\u00e7in Kol Silindiri<\/h1>\n<h2>girii\u015f<\/h2>\n<p>Jingong JCM906 Paletli Ekskavat\u00f6r i\u00e7in Kol Silindiri, ekskavat\u00f6rler, vin\u00e7ler ve mekanik kollar gibi \u00e7e\u015fitli makinelerin koluna do\u011frusal hareket ve g\u00fc\u00e7 sa\u011flamak \u00fczere tasarlanm\u0131\u015f \u00f6zel bir hidrolik silindirdir. Kol silindiri, hidrolik sistemlerde ek aletlerin veya ata\u015fmanlar\u0131n verimli hareketini ve kontrol\u00fcn\u00fc sa\u011flayan \u00e7ok \u00f6nemli bir rol oynar. Bu silindirler sadece d\u00fczg\u00fcn hareket sa\u011flamakla kalmaz, ayn\u0131 zamanda a\u011f\u0131r y\u00fckleri de kald\u0131rarak \u00e7e\u015fitli \u00e7al\u0131\u015fma ko\u015fullar\u0131 alt\u0131nda makinenin y\u00fcksek verimlili\u011fini ve g\u00fcvenilirli\u011fini sa\u011flar.<\/p>\n<p><img decoding=\"async\" src=\"https:\/\/www.hydraulic-cylinders.net\/wp-content\/uploads\/2025\/01\/songte-company-2.webp\" alt=\"Kol Silindiri G\u00f6r\u00fcnt\u00fcs\u00fc\"><\/p>\n<h2>\u00d6zellikler<\/h2>\n<ul>\n<li><strong>Y\u00fcksek Verimli \u015eanz\u0131man:<\/strong> Kol silindiri g\u00fc\u00e7l\u00fc do\u011frusal hareket ve kuvvet sa\u011flayarak, mekanik kolun \u00e7e\u015fitli i\u015flemlerde y\u00fcksek performans g\u00f6stermesini sa\u011flar.<\/li>\n<li><strong>Hassas Kontrol:<\/strong> Hidrolik sistem sayesinde kol silindiri hassas hareket kontrol\u00fc sa\u011flayarak, ba\u011fl\u0131 tak\u0131mlar\u0131n \u00e7al\u0131\u015fmas\u0131n\u0131 daha esnek ve hassas hale getirir.<\/li>\n<li><strong>Dayan\u0131kl\u0131l\u0131k:<\/strong> Kol silindirleri genellikle y\u00fcksek mukavemetli malzemeler kullan\u0131larak \u00fcretilir, m\u00fckemmel a\u015f\u0131nma ve korozyon direnci sunar ve bu da onlar\u0131 zorlu ortamlarda uzun s\u00fcreli kullan\u0131ma uygun hale getirir.<\/li>\n<li><strong>\u00c7ok Fonksiyonlu Uyarlanabilirlik:<\/strong> Bu silindirler, ekskavat\u00f6rler, vin\u00e7ler ve mekanik kollar gibi \u00e7e\u015fitli makinelerde yayg\u0131n olarak kullan\u0131labilir ve farkl\u0131 \u00e7al\u0131\u015fma gereksinimlerine uyum sa\u011flayabilir.<\/li>\n<li><strong>Kolay Bak\u0131m:<\/strong> Tasar\u0131mda bak\u0131m ve de\u011fi\u015ftirme kolayl\u0131\u011f\u0131 g\u00f6z \u00f6n\u00fcnde bulundurularak d\u00fczenli muayene ve bak\u0131m daha rahat hale getirilir ve ekipman ar\u0131za s\u00fcreleri azalt\u0131l\u0131r.<\/li>\n<\/ul>\n<p><img decoding=\"async\" src=\"https:\/\/www.hydraulic-cylinders.net\/wp-content\/uploads\/2025\/01\/songte-oil-pipes-and-spare-parts.webp\" alt=\"Yedek Par\u00e7a G\u00f6rseli\"><\/p>\n<h2>Uygulamalar<\/h2>\n<p>Jingong JCM906 paletli ekskavat\u00f6r i\u00e7in kol silindiri \u00e7e\u015fitli sekt\u00f6rlerde uygulama alan\u0131 bulmaktad\u0131r:<\/p>\n<ol>\n<li><strong>\u0130n\u015faat M\u00fchendisli\u011fi:<\/strong> Ekskavat\u00f6rlerde ve vin\u00e7lerde kol silindiri, kova veya bomun hareketini kontrol ederek toprak hareketlerini, malzeme ta\u015f\u0131may\u0131 ve yap\u0131sal montaj\u0131 kolayla\u015ft\u0131r\u0131r.<\/li>\n<li><strong>\u00dcretme:<\/strong> Otomatik \u00fcretim hatlar\u0131nda, kol silindiri mekanik kollar\u0131 hareket ettirmek i\u00e7in kullan\u0131l\u0131r ve montaj, kaynak ve malzeme ta\u015f\u0131ma i\u015flemlerini m\u00fcmk\u00fcn k\u0131larak \u00fcretim verimlili\u011fini ve hassasiyetini art\u0131r\u0131r.<\/li>\n<li><strong>Tar\u0131m Makinalar\u0131:<\/strong> Bi\u00e7erd\u00f6ver ve ekim makinesi gibi tar\u0131m ekipmanlar\u0131nda, kol silindiri, tohum ekme, g\u00fcbreleme ve hasat gibi g\u00f6revleri yerine getiren \u00e7al\u0131\u015fma kollar\u0131n\u0131n hareketini kontrol eder.<\/li>\n<li><strong>Madencilik:<\/strong> Madencilik ekipmanlar\u0131nda kol silindiri, madencilik makinelerinin kol hareketini kontrol ederek cevherin \u00e7\u0131kar\u0131lmas\u0131n\u0131 ve ta\u015f\u0131nmas\u0131n\u0131 kolayla\u015ft\u0131r\u0131r.<\/li>\n<li><strong>Lojistik ve Ta\u015f\u0131mac\u0131l\u0131k:<\/strong> Forkliftlerde ve ta\u015f\u0131ma robotlar\u0131nda kol silindiri \u00e7atallar\u0131n kald\u0131r\u0131lmas\u0131n\u0131 ve hareketini kontrol ederek malzeme ta\u015f\u0131ma ve istiflemeyi sa\u011flar.<\/li>\n<\/ol>\n<h2>Tasar\u0131m Hususlar\u0131 ve Se\u00e7im Kriterleri<\/h2>\n<p>Kol silindirinin tasar\u0131m\u0131n\u0131 de\u011ferlendirirken, \u00e7e\u015fitli fakt\u00f6rler ve kriterler \u00f6nemlidir:<\/p>\n<ol>\n<li><strong>Y\u00fck Ta\u015f\u0131ma Kapasitesi:<\/strong> Kol silindiri, gerekli y\u00fck\u00fc ar\u0131za yapmadan ta\u015f\u0131yabilecek kapasitede olmal\u0131d\u0131r.<\/li>\n<li><strong>S\u0131zd\u0131rmazl\u0131k:<\/strong> Piston contalar\u0131 ve mil contalar\u0131 gibi \u00e7e\u015fitli s\u0131zd\u0131rmazl\u0131k elemanlar\u0131 kullan\u0131lmal\u0131 ve tercihen poli\u00fcretan veya nitril kau\u00e7uk gibi a\u015f\u0131nmaya dayan\u0131kl\u0131 malzemelerden \u00fcretilmelidir.<\/li>\n<li><strong>Dayan\u0131kl\u0131l\u0131k:<\/strong> Silindir g\u00f6vdesi ve di\u015fli u\u00e7lar\u0131, a\u015f\u0131nma direncini art\u0131rmak i\u00e7in ince bir i\u015flemden ge\u00e7irilmelidir.<\/li>\n<li><strong>Emniyet:<\/strong> \u00c7al\u0131\u015fma s\u0131ras\u0131nda kazalar\u0131 \u00f6nlemek i\u00e7in g\u00fcvenlik hususlar\u0131 dikkate al\u0131nmal\u0131d\u0131r.<\/li>\n<li><strong>Bak\u0131m kolayl\u0131\u011f\u0131:<\/strong> Kol silindiri, minimum ar\u0131za s\u00fcresi sa\u011flayacak \u015fekilde, kolay bak\u0131m ve onar\u0131m i\u00e7in tasarlanmal\u0131d\u0131r.<\/li>\n<\/ol>\n<p><img decoding=\"async\" src=\"https:\/\/www.hydraulic-cylinders.net\/wp-content\/uploads\/2025\/01\/songte-cylinder-head-with-all-kinds-excavator-models.webp\" alt=\"Silindir Kapa\u011f\u0131 G\u00f6r\u00fcnt\u00fcs\u00fc\"><\/p>\n<h2>S\u0131zd\u0131rmazl\u0131k ve Ya\u011flama<\/h2>\n<p>Kol silindiri, piston contalar\u0131 ve mil contalar\u0131 gibi \u00e7e\u015fitli s\u0131zd\u0131rmazl\u0131k bile\u015fenleri kullan\u0131r. Bu contalar, poli\u00fcretan ve nitril kau\u00e7uk gibi a\u015f\u0131nmaya dayan\u0131kl\u0131 malzemelerden yap\u0131lm\u0131\u015ft\u0131r. Silindir g\u00f6vdesi ve di\u015fli u\u00e7lar, a\u015f\u0131nma direncini art\u0131rmak i\u00e7in \u00f6zel bir i\u015flemden ge\u00e7irilir. Do\u011fru \u00e7al\u0131\u015fmay\u0131 sa\u011flamak i\u00e7in uygun miktarda hidrolik ya\u011f ile d\u00fczenli ya\u011flama gereklidir.<\/p>\n<h2>D\u00fczenli Muayene ve \u00d6nleyici Bak\u0131m<\/h2>\n<p>En iyi performans\u0131 ve uzun \u00f6mr\u00fc sa\u011flamak i\u00e7in d\u00fczenli denetim ve \u00f6nleyici bak\u0131m \u00f6nlemleri al\u0131nmal\u0131d\u0131r:<\/p>\n<ol>\n<li>Kol silindirinde a\u015f\u0131nma, s\u0131z\u0131nt\u0131 veya hasar belirtileri olup olmad\u0131\u011f\u0131n\u0131 kontrol edin.<\/li>\n<li>Contalar\u0131 kontrol edin ve gerekirse de\u011fi\u015ftirin.<\/li>\n<li>Hidrolik s\u0131v\u0131 seviyelerini izleyin ve uygun seviyede tutun.<\/li>\n<li>Kirlenmeyi \u00f6nlemek i\u00e7in silindiri ve bile\u015fenlerini temiz tutun.<\/li>\n<li>Bak\u0131m ve servis aral\u0131klar\u0131 i\u00e7in \u00fcreticinin y\u00f6nergelerine uyun.<\/li>\n<\/ol>\n<h2>\u00dcr\u00fcn Kurulum K\u0131lavuzu<\/h2>\n<p>Kol silindirinin do\u011fru montaj\u0131, en iyi performans\u0131 i\u00e7in \u00e7ok \u00f6nemlidir. \u015eu ad\u0131mlar\u0131 izleyin:<\/p>\n<ol>\n<li>Makinenin g\u00fcvenli bir \u015fekilde yerle\u015ftirildi\u011finden ve elektri\u011finin kesildi\u011finden emin olun.<\/li>\n<li>Eski silindire ba\u011fl\u0131 t\u00fcm hidrolik hatlar\u0131 ay\u0131r\u0131n.<\/li>\n<li>Montaj c\u0131vatalar\u0131n\u0131 gev\u015feterek eski silindiri \u00e7\u0131kar\u0131n.<\/li>\n<li>Yeni kol silindirini montaj noktalar\u0131yla hizalayarak ve c\u0131vatalarla sabitleyerek tak\u0131n.<\/li>\n<li>Hidrolik hatlar\u0131 yeniden ba\u011flay\u0131n, ba\u011flant\u0131lar\u0131n do\u011fru ve s\u0131k\u0131 oldu\u011fundan emin olun.<\/li>\n<li>Herhangi bir s\u0131z\u0131nt\u0131 veya anormallik olup olmad\u0131\u011f\u0131n\u0131 kontrol etmek i\u00e7in bas\u0131n\u00e7 testi yap\u0131n.<\/li>\n<\/ol>\n<p><img decoding=\"async\" src=\"https:\/\/www.hydraulic-cylinders.net\/wp-content\/uploads\/2025\/01\/songte-bushings-with-all-kinds-of-excavator-models.webp\" alt=\"Bur\u00e7lar G\u00f6r\u00fcnt\u00fcs\u00fc\"><\/p>\n<h2>G\u00fcvenlik Hususlar\u0131 ve \u00c7evresel Fakt\u00f6rler<\/h2>\n<p>Kol silindirini kullan\u0131rken g\u00fcvenlik \u00f6nlemleri son derece \u00f6nemlidir. Kazalar\u0131 \u00f6nlemek i\u00e7in uygun e\u011fitim ve g\u00fcvenlik protokollerine uyulmas\u0131 gereklidir. S\u0131v\u0131 s\u0131z\u0131nt\u0131lar\u0131n\u0131n \u00f6nlenmesi ve hidrolik s\u0131v\u0131lar\u0131n uygun \u015fekilde bertaraf edilmesi gibi \u00e7evresel fakt\u00f6rler de dikkate al\u0131nmal\u0131d\u0131r.<\/p>\n<h2>Sorun Giderme ve Yayg\u0131n Sorunlar<\/h2>\n<p>Kol silindirinde ortaya \u00e7\u0131kabilecek baz\u0131 yayg\u0131n sorunlar \u015funlard\u0131r:<\/p>\n<ol>\n<li>S\u0131zd\u0131ran contalar: A\u015f\u0131nm\u0131\u015f veya hasar g\u00f6rm\u00fc\u015f contalar\u0131 kontrol edin ve de\u011fi\u015ftirin.<\/li>\n<li>Performans d\u00fc\u015f\u00fc\u015f\u00fc: Silindirde herhangi bir t\u0131kan\u0131kl\u0131k veya i\u00e7 hasar olup olmad\u0131\u011f\u0131n\u0131 kontrol edin.<\/li>\n<li>D\u00fczensiz hareket: Hidrolik sistemde d\u00fc\u015f\u00fck s\u0131v\u0131 seviyesi veya ar\u0131zal\u0131 valfler gibi sorunlar\u0131 kontrol edin.<\/li>\n<li>G\u00fcr\u00fclt\u00fc veya titre\u015fim: G\u00fcr\u00fclt\u00fcye veya titre\u015fime neden olabilecek gev\u015fek ba\u011flant\u0131lar\u0131 veya hasarl\u0131 bile\u015fenleri kontrol edin.<\/li>\n<li>A\u015f\u0131r\u0131 a\u015f\u0131nma: Silindiri d\u00fczenli olarak a\u015f\u0131nma belirtileri a\u00e7\u0131s\u0131ndan inceleyin ve gerekti\u011finde a\u015f\u0131nm\u0131\u015f par\u00e7alar\u0131 de\u011fi\u015ftirin.<\/li>\n<\/ol>\n<p>Bu sorunlar\u0131 gidermek ve \u00e7\u00f6zmek i\u00e7in:<\/p>\n<ol>\n<li>Sorun giderme ad\u0131mlar\u0131 i\u00e7in \u00fcreticinin dok\u00fcman\u0131na bak\u0131n.<\/li>\n<li>Yard\u0131m i\u00e7in yetkili bir teknisyene veya \u00fcreticinin m\u00fc\u015fteri destek birimine ba\u015fvurun.<\/li>\n<li>D\u00fczenli bak\u0131m ve \u00f6nleyici tedbirler, olas\u0131 sorunlar\u0131 en aza indirmeye yard\u0131mc\u0131 olabilir.<\/li>\n<\/ol>\n<p><img decoding=\"async\" src=\"https:\/\/www.hydraulic-cylinders.net\/wp-content\/uploads\/2025\/01\/songte-chushion-collar.webp\" alt=\"Chushion Yaka G\u00f6rseli\"><\/p>\n<p>Makaleyi mant\u0131kl\u0131 bir \u015fekilde d\u00fczenlemeyi, kolay gezinme i\u00e7in alt ba\u015fl\u0131klar kullanmay\u0131, daha iyi anla\u015f\u0131lmas\u0131 i\u00e7in ilgili g\u00f6rseller veya grafikler eklemeyi ve i\u00e7eri\u011fin a\u00e7\u0131k, \u00f6zl\u00fc ve farkl\u0131 teknik bilgi seviyelerine sahip okuyucular i\u00e7in uygun olmas\u0131n\u0131 sa\u011flamay\u0131 unutmay\u0131n.<\/p>\n<h2>Hakk\u0131m\u0131zda<\/h2>\n<p>Profesyonel bir hidrolik silindir yedek par\u00e7a \u00fcreticisiyiz ve geni\u015f bir \u00fcr\u00fcn yelpazesi sunuyoruz. Hem yurt i\u00e7i hem de uluslararas\u0131 pazarlarda \u00f6nde gelen hidrolik silindir \u00fcreticilerinden ve toptanc\u0131lar\u0131ndan biri haline geldik. Geli\u015fmi\u015f \u00fcretim at\u00f6lyelerimizde uygulad\u0131\u011f\u0131m\u0131z m\u00fckemmellik ve end\u00fcstriyel \u00fcretim y\u00f6netim stratejilerimiz, teknik uzmanl\u0131\u011f\u0131m\u0131z\u0131 ve \u00fcretim verimlili\u011fimizi s\u00fcrekli olarak geli\u015ftirmemizi sa\u011fl\u0131yor.<\/p>\n<p>Y\u00fcksek teknoloji \u00fcr\u00fcn\u00fc dijital \u00fcretim ekipmanlar\u0131 ve profesyonel test sistemlerini kullanarak \u00fcretim platformumuzu optimize ediyor ve \u00fcr\u00fcn kalite kontrol s\u00fcre\u00e7lerimizi geli\u015ftiriyoruz; bu sayede g\u00fc\u00e7l\u00fc inovasyon yeteneklerine sahip oluyoruz. Amac\u0131m\u0131z, verimlilik, hassasiyet ve y\u00fcksek kalite ilkeleriyle m\u00fc\u015fterilerimizin \u00e7e\u015fitli ihtiya\u00e7lar\u0131n\u0131 kar\u015f\u0131lamakt\u0131r.<\/p>\n<p><img decoding=\"async\" src=\"https:\/\/www.hydraulic-cylinders.net\/wp-content\/uploads\/2025\/01\/songte-company-4.webp\" alt=\"\u015eirket G\u00f6rseli 1\"><br \/>\n<img","protected":false},"excerpt":{"rendered":"<p>Arm Cylinder For Jingong Crawler Excavator JCM906 Introduction The Arm Cylinder for Jingong Crawler Excavator JCM906 is a specialized hydraulic cylinder designed to provide linear motion and power to the arm of various machinery such as excavators, cranes, and mechanical arms. The arm cylinder plays a crucial role in hydraulic systems, enabling efficient movement and [&hellip;]<\/p>","protected":false},"featured_media":14774,"comment_status":"open","ping_status":"closed","template":"","meta":{"_et_pb_use_builder":"","_et_pb_old_content":"","_et_gb_content_width":""},"product_brand":[],"product_cat":[1497],"product_tag":[1498,1496],"class_list":{"0":"post-16681","1":"product","2":"type-product","3":"status-publish","4":"has-post-thumbnail","6":"product_cat-arm-cylinders","7":"product_tag-arm-cylinders","8":"product_tag-hydraulic-cylinders","10":"first","11":"instock","12":"shipping-taxable","13":"product-type-simple"},"amp_enabled":true,"_links":{"self":[{"href":"https:\/\/www.hydraulic-cylinders.net\/tr\/wp-json\/wp\/v2\/product\/16681","targetHints":{"allow":["GET"]}}],"collection":[{"href":"https:\/\/www.hydraulic-cylinders.net\/tr\/wp-json\/wp\/v2\/product"}],"about":[{"href":"https:\/\/www.hydraulic-cylinders.net\/tr\/wp-json\/wp\/v2\/types\/product"}],"replies":[{"embeddable":true,"href":"https:\/\/www.hydraulic-cylinders.net\/tr\/wp-json\/wp\/v2\/comments?post=16681"}],"wp:featuredmedia":[{"embeddable":true,"href":"https:\/\/www.hydraulic-cylinders.net\/tr\/wp-json\/wp\/v2\/media\/14774"}],"wp:attachment":[{"href":"https:\/\/www.hydraulic-cylinders.net\/tr\/wp-json\/wp\/v2\/media?parent=16681"}],"wp:term":[{"taxonomy":"product_brand","embeddable":true,"href":"https:\/\/www.hydraulic-cylinders.net\/tr\/wp-json\/wp\/v2\/product_brand?post=16681"},{"taxonomy":"product_cat","embeddable":true,"href":"https:\/\/www.hydraulic-cylinders.net\/tr\/wp-json\/wp\/v2\/product_cat?post=16681"},{"taxonomy":"product_tag","embeddable":true,"href":"https:\/\/www.hydraulic-cylinders.net\/tr\/wp-json\/wp\/v2\/product_tag?post=16681"}],"curies":[{"name":"wp","href":"https:\/\/api.w.org\/{rel}","templated":true}]}}