{"id":16682,"date":"2025-01-21T05:46:39","date_gmt":"2025-01-21T05:46:39","guid":{"rendered":"https:\/\/www.hydraulic-cylinders.net\/product\/arm-cylinder-for-jingong-crawler-excavator-jcm915-lc\/"},"modified":"2025-01-21T05:46:41","modified_gmt":"2025-01-21T05:46:41","slug":"arm-cylinder-for-jingong-crawler-excavator-jcm915-lc","status":"publish","type":"product","link":"https:\/\/www.hydraulic-cylinders.net\/tr\/urun\/arm-cylinder-for-jingong-crawler-excavator-jcm915-lc\/","title":{"rendered":"Jingong Paletli Ekskavat\u00f6r JCM915-LC i\u00e7in Kol Silindiri"},"content":{"rendered":"<h1>Jingong Paletli Ekskavat\u00f6r JCM915-LC i\u00e7in Kol Silindiri<\/h1>\n<h2>girii\u015f<\/h2>\n<p>Kol silindiri, ekskavat\u00f6rler, vin\u00e7ler ve mekanik kollar gibi \u00e7e\u015fitli makine kollar\u0131na do\u011frusal hareket ve g\u00fc\u00e7 sa\u011flamak i\u00e7in kullan\u0131lan \u00f6zel olarak tasarlanm\u0131\u015f bir hidrolik silindirdir. Kol silindiri, hidrolik sistemde kritik bir rol oynar ve ek aletlerin veya ata\u015fmanlar\u0131n etkili bir \u015fekilde hareket etmesini ve kontrol edilmesini sa\u011flar. Bu silindirler sadece d\u00fczg\u00fcn hareket sa\u011flamakla kalmaz, ayn\u0131 zamanda a\u011f\u0131r y\u00fckleri de ta\u015f\u0131yarak \u00e7e\u015fitli \u00e7al\u0131\u015fma ko\u015fullar\u0131nda makinenin verimli ve g\u00fcvenilir \u00e7al\u0131\u015fmas\u0131n\u0131 sa\u011flar.<\/p>\n<p><img decoding=\"async\" src=\"https:\/\/www.hydraulic-cylinders.net\/wp-content\/uploads\/2025\/01\/songte-company-2.webp\" alt=\"Kol Silindiri G\u00f6r\u00fcnt\u00fcs\u00fc\"><\/p>\n<h3>Tan\u0131m ve A\u00e7\u0131klama<\/h3>\n<p>Kol silindiri, her hidrolik sistemin temel bir bile\u015fenidir. Ekskavat\u00f6rler, vin\u00e7ler ve mekanik kollar gibi makinelerin kollar\u0131na do\u011frusal hareket ve g\u00fc\u00e7 sa\u011flamak \u00fczere tasarlanm\u0131\u015ft\u0131r. Makinelerin kazma, kald\u0131rma ve manevra gibi \u00e7e\u015fitli g\u00f6revleri yerine getirmesini sa\u011flar. Kol silindiri, y\u00fcksek mukavemetli malzemelerden \u00fcretilmi\u015ftir ve zorlu \u00e7al\u0131\u015fma ko\u015fullar\u0131na dayanacak \u015fekilde tasarlanm\u0131\u015ft\u0131r; bu sayede makinelerin verimli ve g\u00fcvenilir bir \u015fekilde \u00e7al\u0131\u015fmas\u0131n\u0131 sa\u011flar. \u00c7ok y\u00f6nl\u00fcl\u00fc\u011f\u00fc ve dayan\u0131kl\u0131l\u0131\u011f\u0131, onu farkl\u0131 sekt\u00f6rlerdeki \u00e7ok \u00e7e\u015fitli uygulamalar i\u00e7in ideal hale getirir.<\/p>\n<h2>\u00d6zellikler<\/h2>\n<ul>\n<li>\n<h3>Y\u00fcksek Verimli S\u00fcr\u00fcc\u00fc<\/h3>\n<p>Kol silindiri g\u00fc\u00e7l\u00fc do\u011frusal hareket ve kuvvet sa\u011flayarak, \u00e7e\u015fitli i\u015flemler s\u0131ras\u0131nda makine kollar\u0131n\u0131n y\u00fcksek verimlilikte \u00e7al\u0131\u015fmas\u0131n\u0131 sa\u011flar.<\/p>\n<\/li>\n<li>\n<h3>Hassas Kontrol<\/h3>\n<p>Kol silindiri, hidrolik sistem sayesinde hassas hareket kontrol\u00fc sa\u011flayabilir ve bu sayede ba\u011fl\u0131 aletlerin \u00e7al\u0131\u015fmas\u0131 daha esnek ve hassas hale gelir.<\/p>\n<\/li>\n<li>\n<h3>Dayan\u0131kl\u0131l\u0131k<\/h3>\n<p>Kol silindiri, uzun s\u00fcreli ve zorlu ortamlarda kullan\u0131ma uygun, a\u015f\u0131nma ve korozyona kar\u015f\u0131 m\u00fckemmel diren\u00e7 g\u00f6steren y\u00fcksek mukavemetli malzemelerden \u00fcretilmi\u015ftir.<\/p>\n<\/li>\n<li>\n<h3>\u00c7ok Fonksiyonlu Uyarlanabilirlik<\/h3>\n<p>Kol silindiri, ekskavat\u00f6rler, vin\u00e7ler ve mekanik kollar gibi \u00e7e\u015fitli mekanik ekipmanlarda farkl\u0131 i\u015f gereksinimlerini kar\u015f\u0131lamak i\u00e7in yayg\u0131n olarak kullan\u0131labilir.<\/p>\n<\/li>\n<li>\n<h3>Kolay Bak\u0131m<\/h3>\n<p>Kol silindiri kolay bak\u0131m ve de\u011fi\u015ftirme i\u00e7in tasarlanm\u0131\u015ft\u0131r, bu sayede d\u00fczenli muayene ve bak\u0131m daha rahat hale gelir ve ekipman ar\u0131za s\u00fcresi azal\u0131r.<\/p>\n<\/li>\n<\/ul>\n<p>Bu \u00fcr\u00fcn\u00fc \u00fcretebiliyoruz ve \u00fcr\u00fcnlerimiz \u00e7e\u015fitli hidrolik silindirlerin yerini alabiliyor.<\/p>\n<p><img decoding=\"async\" src=\"https:\/\/www.hydraulic-cylinders.net\/wp-content\/uploads\/2025\/01\/songte-oil-pipes-and-spare-parts.webp\" alt=\"Yedek Par\u00e7a G\u00f6rseli\"><\/p>\n<h2>Uygulamalar<\/h2>\n<p>Kol silindiri, a\u015fa\u011f\u0131dakiler de dahil olmak \u00fczere \u00e7e\u015fitli end\u00fcstrilerde yayg\u0131n olarak kullan\u0131lmaktad\u0131r:<\/p>\n<ul>\n<li>\n<h3>\u0130n\u015faat M\u00fchendisli\u011fi<\/h3>\n<p>Kol silindiri, ekskavat\u00f6rlerde ve vin\u00e7lerde kep\u00e7e veya bomun hareketini kontrol etmek, toprak i\u015fleri, malzeme ta\u015f\u0131ma ve yap\u0131sal montaj yapmak i\u00e7in kullan\u0131l\u0131r.<\/p>\n<\/li>\n<li>\n<h3>\u00dcretme<\/h3>\n<p>Kol silindiri, otomatik \u00fcretim hatlar\u0131nda mekanik kolun hareketini kontrol ederek montaj, kaynak ve ta\u015f\u0131ma i\u015flemlerini ger\u00e7ekle\u015ftirerek \u00fcretim verimlili\u011fini ve hassasiyetini art\u0131r\u0131r.<\/p>\n<\/li>\n<li>\n<h3>Tar\u0131m Makinalar\u0131<\/h3>\n<p>Kol silindiri, bi\u00e7erd\u00f6ver ve ekim makineleri gibi tar\u0131m makinelerinde ekim, g\u00fcbreleme ve hasat gibi g\u00f6revleri ger\u00e7ekle\u015ftiren \u00e7al\u0131\u015fma kolunun hareketini kontrol eder.<\/p>\n<\/li>\n<li>\n<h3>Madencilik<\/h3>\n<p>Kol silindiri, maden makineleri gibi madencilik ekipmanlar\u0131nda, cevher \u00e7\u0131karma ve ta\u015f\u0131ma i\u015flerinde kolun hareketini kontrol eder.<\/p>\n<\/li>\n<li>\n<h3>Lojistik ve Ta\u015f\u0131mac\u0131l\u0131k<\/h3>\n<p>Kol silindiri, forkliftlerde ve elle\u00e7leme robotlar\u0131nda kargo \u00e7atal\u0131n\u0131n hareketini kontrol ederek, mallar\u0131n elle\u00e7lenmesini ve istiflenmesini sa\u011flar.<\/p>\n<\/li>\n<\/ul>\n<h2>Tasar\u0131m Hususlar\u0131 ve Se\u00e7im Kriterleri<\/h2>\n<p>Kol silindirinin tasar\u0131m hususlar\u0131 ve se\u00e7im kriterleri \u015funlard\u0131r:<\/p>\n<ul>\n<li>\n<h3>Ta\u015f\u0131ma Kapasitesi<\/h3>\n<p>Kol silindirinin ta\u015f\u0131ma kapasitesi, makinenin \u00e7e\u015fitli \u00e7al\u0131\u015fma ko\u015fullar\u0131ndaki gereksinimlerini kar\u015f\u0131lamal\u0131d\u0131r.<\/p>\n<\/li>\n<li>\n<h3>S\u0131zd\u0131rmazl\u0131k Performans\u0131<\/h3>\n<p>Hidrolik s\u0131v\u0131n\u0131n s\u0131zmas\u0131n\u0131 \u00f6nlemek ve silindirin verimli \u00e7al\u0131\u015fmas\u0131n\u0131 sa\u011flamak i\u00e7in kol silindirinin s\u0131zd\u0131rmazl\u0131k performans\u0131 hayati \u00f6nem ta\u015f\u0131r.<\/p>\n<\/li>\n<li>\n<h3>Dayan\u0131kl\u0131l\u0131k<\/h3>\n<p>Kol silindiri, zorlu ortamlarda uzun s\u00fcreli kullan\u0131ma uygun, a\u015f\u0131nma ve korozyona kar\u015f\u0131 m\u00fckemmel diren\u00e7 g\u00f6steren y\u00fcksek mukavemetli malzemelerden yap\u0131lmal\u0131d\u0131r.<\/p>\n<\/li>\n<li>\n<h3>Emniyet<\/h3>\n<p>Kol silindiri, \u00e7al\u0131\u015fma s\u0131ras\u0131nda kazalar\u0131 \u00f6nleyecek \u015fekilde emniyet \u00f6zellikleriyle tasarlanmal\u0131d\u0131r.<\/p>\n<\/li>\n<li>\n<h3>Bak\u0131m kolayl\u0131\u011f\u0131<\/h3>\n<p>Ekipman ar\u0131za s\u00fcresini en aza indirmek i\u00e7in kol silindiri kolay bak\u0131m ve de\u011fi\u015ftirmeye uygun \u015fekilde tasarlanmal\u0131d\u0131r.<\/p>\n<\/li>\n<\/ul>\n<p><img decoding=\"async\" src=\"https:\/\/www.hydraulic-cylinders.net\/wp-content\/uploads\/2025\/01\/songte-cylinder-head-with-all-kinds-excavator-models.webp\" alt=\"Silindir Kapa\u011f\u0131 G\u00f6r\u00fcnt\u00fcs\u00fc\"><\/p>\n<h2>S\u0131zd\u0131rmazl\u0131k ve Ya\u011flama<\/h2>\n<p>Kol silindiri, poli\u00fcretan ve nitril kau\u00e7uk gibi a\u015f\u0131nmaya dayan\u0131kl\u0131 malzemelerden yap\u0131lm\u0131\u015f piston contalar\u0131 ve piston kolu contalar\u0131 gibi \u00e7e\u015fitli s\u0131zd\u0131rmazl\u0131k bile\u015fenleri kullan\u0131r. Silindir g\u00f6vdesi ve di\u015fli ucu y\u00fczeyi, a\u015f\u0131nma direncini art\u0131rmak i\u00e7in i\u015flenmi\u015ftir. Kol silindirinin verimli \u00e7al\u0131\u015fmas\u0131n\u0131 s\u00fcrd\u00fcrebilmesi i\u00e7in d\u00fczenli olarak hidrolik ya\u011f ile ya\u011flanmas\u0131 gerekir. <\/p>\n<h2>Bak\u0131m ve Sorun Giderme<\/h2>\n<p>Verimli bir \u00e7al\u0131\u015fma sa\u011flamak ve beklenmedik ar\u0131zalar\u0131 \u00f6nlemek i\u00e7in kol silindirinin d\u00fczenli olarak kontrol edilmesi ve \u00f6nleyici bak\u0131m\u0131 \u015fartt\u0131r. Yayg\u0131n kol silindiri sorunlar\u0131 \u015funlard\u0131r:<\/p>\n<ul>\n<li>\n<h3>S\u0131z\u0131nt\u0131<\/h3>\n<p>S\u0131z\u0131nt\u0131, a\u015f\u0131nm\u0131\u015f veya hasarl\u0131 contalar veya uygun \u015fekilde s\u0131k\u0131lmam\u0131\u015f ba\u011flant\u0131lar nedeniyle meydana gelebilir.<\/p>\n<\/li>\n<li>\n<h3>A\u015f\u0131r\u0131 \u0131s\u0131nma<\/h3>\n<p>D\u00fc\u015f\u00fck kaliteli hidrolik ya\u011f, t\u0131kal\u0131 filtreler veya a\u015f\u0131r\u0131 y\u00fcklerden dolay\u0131 a\u015f\u0131r\u0131 \u0131s\u0131nma meydana gelebilir.<\/p>\n<\/li>\n<li>\n<h3>Yava\u015f \u00c7al\u0131\u015fma<\/h3>\n<p>Yetersiz hidrolik bas\u0131n\u00e7 veya t\u0131kal\u0131 filtrelerden dolay\u0131 yava\u015f \u00e7al\u0131\u015fma meydana gelebilir.<\/p>\n<\/li>\n<\/ul>\n<p>Bu sorunlar\u0131 \u00f6nlemek i\u00e7in, a\u015f\u0131nm\u0131\u015f contalar\u0131n de\u011fi\u015ftirilmesi, filtrelerin temizlenmesi ve hidrolik s\u0131v\u0131 seviyelerinin kontrol edilmesi gibi d\u00fczenli kontrol ve bak\u0131mlar\u0131n yap\u0131lmas\u0131 \u00f6nerilir. Ayr\u0131ca, \u00fcreticinin montaj ve kullan\u0131m talimatlar\u0131na uyulmas\u0131 ve kaliteli hidrolik ya\u011f kullan\u0131lmas\u0131 da \u00f6nemlidir.<\/p>\n<p><img decoding=\"async\" src=\"https:\/\/www.hydraulic-cylinders.net\/wp-content\/uploads\/2025\/01\/songte-chushion-collar.webp\" alt=\"Chushion Yaka G\u00f6rseli\"><\/p>\n<h2>Kurulum K\u0131lavuzu<\/h2>\n<p>\u00dcreticinin montaj talimatlar\u0131n\u0131 izleyin. Kol silindirinin hidrolik sisteme do\u011fru \u015fekilde hizaland\u0131\u011f\u0131ndan ve g\u00fcvenli bir \u015fekilde ba\u011fland\u0131\u011f\u0131ndan emin olun. S\u0131z\u0131nt\u0131 olup olmad\u0131\u011f\u0131n\u0131 kontrol edin ve d\u00fczg\u00fcn \u00e7al\u0131\u015ft\u0131\u011f\u0131ndan emin olmak i\u00e7in bir test \u00e7al\u0131\u015fmas\u0131 yap\u0131n.<\/p>\n<p><img decoding=\"async\" src=\"https:\/\/www.hydraulic-cylinders.net\/wp-content\/uploads\/2025\/01\/songte-bushings-with-all-kinds-of-excavator-models.webp\" alt=\"Bur\u00e7lar G\u00f6r\u00fcnt\u00fcs\u00fc\"><\/p>\n<h2>G\u00fcvenlik Hususlar\u0131 ve \u00c7evresel Fakt\u00f6rler<\/h2>\n<p>Kol silindiri ile \u00e7al\u0131\u015f\u0131rken g\u00fcvenlik y\u00f6netmeliklerine uymak ve eldiven ve koruyucu g\u00f6zl\u00fck gibi uygun ki\u015fisel koruyucu ekipman kullanmak \u00e7ok \u00f6nemlidir. \u00c7evresel etkiyi en aza indirmek i\u00e7in hidrolik ya\u011f ve bile\u015fenlerinin uygun \u015fekilde bertaraf edilmesi gerekir.<\/p>\n<h2>Hakk\u0131m\u0131zda<\/h2>\n<p>Geni\u015f bir \u00fcr\u00fcn yelpazesine sahip profesyonel bir yedek hidrolik silindir \u00fcreticisiyiz. Yurt i\u00e7i ve yurt d\u0131\u015f\u0131 pazarlarda lider hidrolik silindir \u00fcreticilerinden ve toptan da\u011f\u0131t\u0131c\u0131lar\u0131ndan biri haline geldik. Her zaman m\u00fckemmel kalite ilkesine ba\u011fl\u0131 kal\u0131yor ve geli\u015fmi\u015f \u00fcretim at\u00f6lyelerimizde, teknolojimizi ve \u00fcretim verimlili\u011fimizi s\u00fcrekli iyile\u015ftirmek i\u00e7in end\u00fcstriyel \u00fcretim y\u00f6netimi stratejilerine g\u00fcveniyoruz. \u00dcst d\u00fczey dijital \u00fcretim ekipmanlar\u0131 ve profesyonel test sistemleri sayesinde g\u00fc\u00e7l\u00fc bir inovasyon kabiliyetine sahibiz. Amac\u0131m\u0131z, m\u00fc\u015fterilerimizin \u00e7e\u015fitli ihtiya\u00e7lar\u0131n\u0131 y\u00fcksek verimlilik, hassasiyet ve y\u00fcksek kaliteli \u00fcr\u00fcnlerle kar\u015f\u0131lamakt\u0131r.<\/p>\n<p><img decoding=\"async\" src=\"https:\/\/www.hydraulic-cylinders.net\/wp-content\/uploads\/2025\/01\/songte-company-4.webp\" alt=\"\u015eirket 4 G\u00f6r\u00fcnt\u00fcs\u00fc\"><br \/>\n<img decoding=\"async\" src=\"https:\/\/www.hydraulic-cylinders.net\/wp-content\/uploads\/2025\/01\/songte-company-3.webp\" alt=\"\u015eirket 3 G\u00f6rseli\"><\/p>\n<p>Firmam\u0131z, \u00f6zelle\u015ftirilmi\u015f hizmetler, uluslararas\u0131 sertifikalar, profesyonel \u00fcretim ekipmanlar\u0131 ve kaliteli sat\u0131\u015f sonras\u0131 hizmetler gibi bir\u00e7ok alanda hizmet vermektedir. Daha fazla bilgi i\u00e7in bug\u00fcn bizimle ileti\u015fime ge\u00e7in.<\/p>\n<p>Yazar: lyl.<\/p>","protected":false},"excerpt":{"rendered":"<p>Arm Cylinder For Jingong Crawler Excavator JCM915-LC Introduction The arm cylinder is a specially designed hydraulic cylinder that is primarily used to provide linear motion and power for various machine arms, such as excavators, cranes, and mechanical arms. The arm cylinder plays a critical role in the hydraulic system, enabling additional tools or attachments to [&hellip;]<\/p>","protected":false},"featured_media":14772,"comment_status":"open","ping_status":"closed","template":"","meta":{"_et_pb_use_builder":"","_et_pb_old_content":"","_et_gb_content_width":""},"product_brand":[],"product_cat":[1497],"product_tag":[1498,1496],"class_list":{"0":"post-16682","1":"product","2":"type-product","3":"status-publish","4":"has-post-thumbnail","6":"product_cat-arm-cylinders","7":"product_tag-arm-cylinders","8":"product_tag-hydraulic-cylinders","10":"first","11":"instock","12":"shipping-taxable","13":"product-type-simple"},"amp_enabled":true,"_links":{"self":[{"href":"https:\/\/www.hydraulic-cylinders.net\/tr\/wp-json\/wp\/v2\/product\/16682","targetHints":{"allow":["GET"]}}],"collection":[{"href":"https:\/\/www.hydraulic-cylinders.net\/tr\/wp-json\/wp\/v2\/product"}],"about":[{"href":"https:\/\/www.hydraulic-cylinders.net\/tr\/wp-json\/wp\/v2\/types\/product"}],"replies":[{"embeddable":true,"href":"https:\/\/www.hydraulic-cylinders.net\/tr\/wp-json\/wp\/v2\/comments?post=16682"}],"wp:featuredmedia":[{"embeddable":true,"href":"https:\/\/www.hydraulic-cylinders.net\/tr\/wp-json\/wp\/v2\/media\/14772"}],"wp:attachment":[{"href":"https:\/\/www.hydraulic-cylinders.net\/tr\/wp-json\/wp\/v2\/media?parent=16682"}],"wp:term":[{"taxonomy":"product_brand","embeddable":true,"href":"https:\/\/www.hydraulic-cylinders.net\/tr\/wp-json\/wp\/v2\/product_brand?post=16682"},{"taxonomy":"product_cat","embeddable":true,"href":"https:\/\/www.hydraulic-cylinders.net\/tr\/wp-json\/wp\/v2\/product_cat?post=16682"},{"taxonomy":"product_tag","embeddable":true,"href":"https:\/\/www.hydraulic-cylinders.net\/tr\/wp-json\/wp\/v2\/product_tag?post=16682"}],"curies":[{"name":"wp","href":"https:\/\/api.w.org\/{rel}","templated":true}]}}