{"id":16687,"date":"2025-01-21T05:46:58","date_gmt":"2025-01-21T05:46:58","guid":{"rendered":"https:\/\/www.hydraulic-cylinders.net\/product\/arm-cylinder-for-jingong-wheel-type-jcm9075l\/"},"modified":"2025-01-21T05:47:00","modified_gmt":"2025-01-21T05:47:00","slug":"arm-cylinder-for-jingong-wheel-type-jcm9075l","status":"publish","type":"product","link":"https:\/\/www.hydraulic-cylinders.net\/tr\/urun\/arm-cylinder-for-jingong-wheel-type-jcm9075l\/","title":{"rendered":"Jingong JCM9075L Tipi Tekerlek \u0130\u00e7in Kol Silindiri"},"content":{"rendered":"<h1>Jingong JCM9075L Tipi Tekerlek \u0130\u00e7in Kol Silindiri<\/h1>\n<h2>\u00dcr\u00fcn Tan\u0131m\u0131<\/h2>\n<p>Kol silindiri, ekskavat\u00f6rler, vin\u00e7ler ve mekanik kollar gibi \u00e7e\u015fitli makine kollar\u0131n\u0131n do\u011frusal hareketini ve g\u00fcc\u00fcn\u00fc sa\u011flamak i\u00e7in \u00f6zel olarak tasarlanm\u0131\u015f bir hidrolik silindirdir. Kol silindiri, hidrolik sistemde kritik bir rol oynayarak ata\u015fmanlar\u0131n veya aksesuarlar\u0131n etkili bir \u015fekilde hareket etmesini ve kontrol edilmesini sa\u011flar. Bu silindirler sadece d\u00fczg\u00fcn hareket sa\u011flamakla kalmaz, ayn\u0131 zamanda a\u011f\u0131r y\u00fckleri de ta\u015f\u0131yarak \u00e7e\u015fitli \u00e7al\u0131\u015fma ko\u015fullar\u0131 alt\u0131nda makinelerin verimli \u00e7al\u0131\u015fmas\u0131n\u0131 ve g\u00fcvenilirli\u011fini garanti eder.<\/p>\n<p><img decoding=\"async\" src=\"https:\/\/www.hydraulic-cylinders.net\/wp-content\/uploads\/2025\/01\/songte-company-2.webp\"><\/p>\n<h2>\u00dcr\u00fcn \u00d6zellikleri<\/h2>\n<h3>Y\u00fcksek Verimli \u015eanz\u0131man<\/h3>\n<p>Kol silindiri, g\u00fc\u00e7l\u00fc do\u011frusal hareket ve kuvvet sa\u011flayarak mekanik kolun \u00e7e\u015fitli i\u015flemlerde y\u00fcksek verimlilikte performans g\u00f6stermesini garanti eder.<\/p>\n<h3>Hassas Kontrol<\/h3>\n<p>Hidrolik sistem sayesinde, kol silindiri hassas hareket kontrol\u00fc sa\u011flayarak, tak\u0131lan aletlerin \u00e7al\u0131\u015fmas\u0131n\u0131 daha esnek ve do\u011fru hale getirir.<\/p>\n<h3>G\u00fc\u00e7l\u00fc Dayan\u0131kl\u0131l\u0131k<\/h3>\n<p>Kol silindiri genellikle y\u00fcksek mukavemetli malzemelerden yap\u0131l\u0131r ve iyi a\u015f\u0131nma ve korozyon direncine sahiptir, bu da onu zorlu ortamlarda uzun s\u00fcreli kullan\u0131ma uygun hale getirir.<\/p>\n<h3>\u00c7ok \u0130\u015flevli Uyarlanabilirlik<\/h3>\n<p>Bu silindirler, farkl\u0131 \u00e7al\u0131\u015fma gereksinimlerine uyum sa\u011flamak amac\u0131yla ekskavat\u00f6rler, vin\u00e7ler ve i\u015f kollar\u0131 gibi \u00e7e\u015fitli mekanik ekipmanlarda yayg\u0131n olarak kullan\u0131labilir.<\/p>\n<h3>Kolay Bak\u0131m<\/h3>\n<p>Tasar\u0131mda bak\u0131m ve de\u011fi\u015ftirme kolayl\u0131\u011f\u0131 g\u00f6z \u00f6n\u00fcnde bulundurularak d\u00fczenli muayene ve bak\u0131m daha rahat hale getirilir ve ekipman ar\u0131za s\u00fcreleri azalt\u0131l\u0131r.<\/p>\n<p><img decoding=\"async\" src=\"https:\/\/www.hydraulic-cylinders.net\/wp-content\/uploads\/2025\/01\/songte-oil-pipes-and-spare-parts.webp\"><\/p>\n<h2>\u00dcr\u00fcn Uygulamalar\u0131<\/h2>\n<h3>\u0130n\u015faat M\u00fchendisli\u011fi<\/h3>\n<p>Ekskavat\u00f6rlerde ve vin\u00e7lerde kol silindiri, toprak i\u015fleri, malzeme ta\u015f\u0131ma ve yap\u0131sal montaj i\u00e7in kovalar\u0131n veya bomlar\u0131n hareketini kontrol etmek i\u00e7in kullan\u0131l\u0131r.<\/p>\n<h3>\u00dcretim Sanayi<\/h3>\n<p>Otomatik \u00fcretim hatlar\u0131nda, kol silindiri, montaj, kaynak ve ta\u015f\u0131ma i\u015flemlerinde mekanik kollar\u0131n hareketini sa\u011flamak i\u00e7in kullan\u0131l\u0131r ve \u00fcretim verimlili\u011fini ve do\u011frulu\u011funu art\u0131r\u0131r.<\/p>\n<h3>Tar\u0131m Makinalar\u0131<\/h3>\n<p>Bi\u00e7erd\u00f6ver ve tohum ekme makineleri gibi tar\u0131m makinelerinde, kol silindiri, tohum ekme, g\u00fcbreleme ve hasat gibi g\u00f6revleri yerine getiren \u00e7al\u0131\u015fma kolunun hareketini kontrol eder.<\/p>\n<h3>Madencilik End\u00fcstrisi<\/h3>\n<p>Madencilik ekipmanlar\u0131nda, kol silindiri, maden \u00e7\u0131karma ve mineral ta\u015f\u0131ma i\u015flemlerinde ekipman kolunun hareketini kontrol etmek i\u00e7in kullan\u0131l\u0131r.<\/p>\n<h3>Lojistik ve Ta\u015f\u0131mac\u0131l\u0131k<\/h3>\n<p>Forkliftlerde ve ta\u015f\u0131ma robotlar\u0131nda, kol silindiri, y\u00fck \u00e7atallar\u0131n\u0131n kald\u0131r\u0131lmas\u0131n\u0131 ve hareketini kontrol ederek malzeme ta\u015f\u0131ma ve istifleme i\u015flemlerini ger\u00e7ekle\u015ftirmek i\u00e7in kullan\u0131l\u0131r.<\/p>\n<h2>Tasar\u0131m Hususlar\u0131 ve Se\u00e7im Kriterleri<\/h2>\n<h3>Ta\u015f\u0131ma Kapasitesi<\/h3>\n<p>Kol silindiri i\u00e7in en \u00f6nemli husus ta\u015f\u0131ma kapasitesidir. Ek par\u00e7an\u0131n a\u011f\u0131rl\u0131\u011f\u0131na ve ta\u015f\u0131yabilece\u011fi di\u011fer ek y\u00fcklere dayanabilmelidir.<\/p>\n<h3>S\u0131zd\u0131rmazl\u0131k<\/h3>\n<p>Kol silindirinin ya\u011f s\u0131z\u0131nt\u0131s\u0131n\u0131 ve kirlenmeyi \u00f6nlemek i\u00e7in etkili bir s\u0131zd\u0131rmazl\u0131\u011fa ihtiyac\u0131 vard\u0131r. Etkili s\u0131zd\u0131rmazl\u0131k i\u00e7in piston contalar\u0131 ve mil contalar\u0131 gibi farkl\u0131 tipte contalar kullan\u0131l\u0131r.<\/p>\n<h3>Dayan\u0131kl\u0131l\u0131k<\/h3>\n<p>Kol silindiri a\u015f\u0131nmaya ve y\u0131pranmaya maruz kal\u0131r ve a\u015f\u0131nmaya, korozyona ve y\u0131pranmaya dayan\u0131kl\u0131, y\u00fcksek mukavemetli malzemelerden yap\u0131lmal\u0131d\u0131r.<\/p>\n<h3>Emniyet<\/h3>\n<p>Kol silindiri, \u00e7al\u0131\u015fma s\u0131ras\u0131nda ar\u0131zalan\u0131p personele veya ekipmana zarar vermeyecek \u015fekilde, g\u00fcvenlik standartlar\u0131na uygun olarak tasarlanmal\u0131 ve \u00fcretilmelidir.<\/p>\n<h3>Bak\u0131m kolayl\u0131\u011f\u0131<\/h3>\n<p>Kol silindirinin tasar\u0131m\u0131nda, bak\u0131m ve par\u00e7a de\u011fi\u015fiminin kolayl\u0131\u011f\u0131 g\u00f6z \u00f6n\u00fcnde bulundurulmal\u0131, b\u00f6ylece d\u00fczenli inceleme ve bak\u0131m daha kolay hale getirilerek ekipman ar\u0131za s\u00fcresi azalt\u0131lmal\u0131d\u0131r.<\/p>\n<p><img decoding=\"async\" src=\"https:\/\/www.hydraulic-cylinders.net\/wp-content\/uploads\/2025\/01\/songte-cylinder-head-with-all-kinds-excavator-models.webp\"><\/p>\n<h2>S\u0131zd\u0131rmazl\u0131k ve Ya\u011flama<\/h2>\n<p>Kol silindiri, etkili s\u0131zd\u0131rmazl\u0131k sa\u011flamak i\u00e7in poli\u00fcretan ve nitril kau\u00e7uk gibi a\u015f\u0131nmaya dayan\u0131kl\u0131 malzemelerden yap\u0131lm\u0131\u015f piston contalar\u0131 ve mil contalar\u0131 gibi \u00e7e\u015fitli conta t\u00fcrleri kullan\u0131r. Silindir g\u00f6vdesi ve di\u015fli u\u00e7 y\u00fczeyleri, a\u015f\u0131nma direncini art\u0131rmak i\u00e7in \u00f6zenle i\u015flenmi\u015ftir. Ya\u011flama i\u00e7in uygun hidrolik ya\u011f\u0131n d\u00fczenli olarak eklenmesi gereklidir.<\/p>\n<p><img decoding=\"async\" src=\"https:\/\/www.hydraulic-cylinders.net\/wp-content\/uploads\/2025\/01\/songte-chushion-collar.webp\"><\/p>\n<h2>Bak\u0131m ve \u00d6nleyici Tedbirler<\/h2>\n<h3>D\u00fczenli Muayene<\/h3>\n<p>Kol silindirinin d\u00fczg\u00fcn \u00e7al\u0131\u015fmas\u0131n\u0131 sa\u011flamak i\u00e7in d\u00fczenli olarak kontrol edilmesi gerekir. Bu, a\u015f\u0131nma, s\u0131z\u0131nt\u0131 ve contalarda ve di\u011fer bile\u015fenlerde meydana gelen hasarlar\u0131n kontrol edilmesini i\u00e7erir.<\/p>\n<h3>\u00d6nleyici Bak\u0131m<\/h3>\n<p>Kol silindirinin d\u00fczg\u00fcn \u00e7al\u0131\u015fmas\u0131n\u0131 sa\u011flamak i\u00e7in \u00f6nleyici bak\u0131m \u015fartt\u0131r. Bu, d\u00fczenli temizlik, ya\u011flama ve a\u015f\u0131nm\u0131\u015f par\u00e7alar\u0131n de\u011fi\u015ftirilmesini i\u00e7erir.<\/p>\n<h2>\u00dcr\u00fcn Kurulum K\u0131lavuzu<\/h2>\n<p>Kaza riskini \u00f6nlemek i\u00e7in kol silindirinin do\u011fru ve g\u00fcvenli bir \u015fekilde tak\u0131ld\u0131\u011f\u0131ndan emin olun. Do\u011fru kurulum i\u00e7in \u00fcreticinin talimatlar\u0131n\u0131 izleyin. Hidrolik ya\u011f\u0131n do\u011fru seviyede oldu\u011fundan ve s\u0131z\u0131nt\u0131 olmad\u0131\u011f\u0131ndan emin olun. Kurulumdan sonra kol silindirinin \u00e7al\u0131\u015fmas\u0131n\u0131 test edin.<\/p>\n<p><img decoding=\"async\" src=\"https:\/\/www.hydraulic-cylinders.net\/wp-content\/uploads\/2025\/01\/songte-bushings-with-all-kinds-of-excavator-models.webp\"><\/p>\n<h2>G\u00fcvenlik Hususlar\u0131 ve \u00c7evresel Fakt\u00f6rler<\/h2>\n<p>Kol silindirini kullan\u0131rken, \u00fcretici taraf\u0131ndan sa\u011flanan g\u00fcvenlik y\u00f6nergelerine uyun. Ekipman\u0131n yaln\u0131zca e\u011fitimli personel taraf\u0131ndan \u00e7al\u0131\u015ft\u0131r\u0131ld\u0131\u011f\u0131ndan emin olun. \u00c7evre kirlili\u011fini \u00f6nlemek i\u00e7in hidrolik ya\u011f veya di\u011fer s\u0131v\u0131lar\u0131 uygun \u015fekilde imha edin.<\/p>\n<h2>Sorun Giderme ve Yayg\u0131n Sorunlar<\/h2>\n<h3>S\u0131z\u0131nt\u0131<\/h3>\n<p>Kol silindirinde a\u015f\u0131nm\u0131\u015f contalar veya hasarl\u0131 par\u00e7alar nedeniyle s\u0131z\u0131nt\u0131lar olu\u015fabilir. Contalar\u0131 kontrol edin ve gerekirse de\u011fi\u015ftirin.<\/p>\n<h3>Yava\u015f Hareket<\/h3>\n<p>Kol silindiri yava\u015f hareket ediyorsa, hidrolik ya\u011f seviyesini ve ya\u011f\u0131n durumunu kontrol edin. Gerekirse ya\u011f\u0131 ve filtreyi de\u011fi\u015ftirin.<\/p>\n<h2>Sorun Giderme \u0130pu\u00e7lar\u0131 ve \u00c7\u00f6z\u00fcmleri<\/h2>\n<p>Sorunlar\u0131 \u00e7\u00f6zmeye \u00e7al\u0131\u015fmadan \u00f6nce do\u011fru te\u015fhis koymak \u00e7ok \u00f6nemlidir. Do\u011fru te\u015fhis ve onar\u0131m i\u00e7in \u00fcreticinin talimatlar\u0131n\u0131 izleyin. D\u00fczenli bak\u0131m ve kontrol, potansiyel sorunlar\u0131n olu\u015fmas\u0131n\u0131 \u00f6nleyebilir.<\/p>\n<p><img decoding=\"async\" src=\"https:\/\/www.hydraulic-cylinders.net\/wp-content\/uploads\/2025\/01\/songte-company-4.webp\"><\/p>\n<h2>Hakk\u0131m\u0131zda<\/h2>\n<p>Profesyonel bir hidrolik silindir yedek par\u00e7a \u00fcreticisiyiz ve geni\u015f bir \u00fcr\u00fcn yelpazesi sunuyoruz. Hem yurt i\u00e7i hem de uluslararas\u0131 pazarlarda \u00f6nde gelen hidrolik silindir \u00fcreticilerinden ve toptanc\u0131lar\u0131ndan biri haline geldik. Her zaman m\u00fckemmel kalite ilkesine ba\u011fl\u0131 kalarak, geli\u015fmi\u015f \u00fcretim at\u00f6lyelerinin end\u00fcstriyel \u00fcretim y\u00f6netim stratejisine dayanarak teknik seviyemizi ve \u00fcretim verimlili\u011fimizi s\u00fcrekli olarak geli\u015ftiriyoruz. Y\u00fcksek teknoloji \u00fcr\u00fcn\u00fc dijital \u00fcretim ekipmanlar\u0131 ve profesyonel test sistemleri kullanarak, \u00fcretim platformumuzu s\u00fcrekli olarak optimize ediyor ve \u00fcr\u00fcn kalite kontrol s\u00fcre\u00e7lerimizi iyile\u015ftiriyor, g\u00fc\u00e7l\u00fc bir inovasyon yetene\u011fine sahibiz. Amac\u0131m\u0131z, y\u00fcksek verimlilik, hassasiyet ve y\u00fcksek kalite ilkeleriyle m\u00fc\u015fterilerimizin \u00e7e\u015fitli ihtiya\u00e7lar\u0131n\u0131 kar\u015f\u0131lamakt\u0131r.<\/p>\n<h2>Hizmetlerimiz<\/h2>\n<ul>\n<li>\n<h3>Profesyonellik<\/h3>\n<p>Hidrolik silindirlerin tasar\u0131m\u0131, geli\u015ftirilmesi ve \u00fcretimi konusunda uzmanla\u015fm\u0131\u015f deneyimli m\u00fchendis ve teknisyenlerden olu\u015fan bir ekibimiz var.<\/p>\n<\/li>\n<li>\n<h3>Uluslararas\u0131 Sertifikalar<\/h3>\n<p>\u00dcr\u00fcnlerimiz ISO9001, CE ve SGS gibi \u00e7e\u015fitli uluslararas\u0131 sertifikalardan ge\u00e7erek \u00fcr\u00fcn kalitesi ve g\u00fcvenli\u011fini garanti alt\u0131na alm\u0131\u015ft\u0131r.<\/p>\n<\/li>\n<li>\n<h3>\u00d6zelle\u015ftirme<\/h3>\n<p>M\u00fc\u015fterilerimizin boyut, \u015fekil ve performans gibi \u00f6zel gereksinimlerini kar\u015f\u0131lamak \u00fczere \u00f6zelle\u015ftirilmi\u015f hizmetler sunuyoruz.<\/p>\n<\/li>\n<li>\n<h3>\u00dcretim Ekipmanlar\u0131<\/h3>\n<p>CNC tezgahlar\u0131, test platformlar\u0131 ve \u00f6l\u00e7\u00fcm cihazlar\u0131 da dahil olmak \u00fczere geli\u015fmi\u015f ve y\u00fcksek kaliteli dijital \u00fcretim ekipmanlar\u0131na sahibiz.<\/p>\n<\/li>\n<li>\n<h3>Sat\u0131\u015f Sonras\u0131 Hizmet<\/h3>\n<p>M\u00fc\u015fteri memnuniyetini sa\u011flamak i\u00e7in teknik destek, bak\u0131m ve onar\u0131m da dahil olmak \u00fczere kapsaml\u0131 sat\u0131\u015f sonras\u0131 hizmetler sunuyoruz.<\/p>\n<\/li>\n<\/ul>\n<p><img decoding=\"async\" src=\"https:\/\/www.hydraulic-cylinders.net\/wp-content\/uploads\/2025\/01\/songte-company-3.webp\"><\/p>\n<p>Yazar: lyl<\/p>","protected":false},"excerpt":{"rendered":"<p>Arm Cylinder For Jingong Wheel Type JCM9075L Product Definition An arm cylinder is a specially designed hydraulic cylinder that is primarily used to provide linear motion and power to various machine arms, such as excavators, cranes, and mechanical arms. The arm cylinder plays a critical role in the hydraulic system, allowing attachments or accessories to [&hellip;]<\/p>","protected":false},"featured_media":14786,"comment_status":"open","ping_status":"closed","template":"","meta":{"_et_pb_use_builder":"","_et_pb_old_content":"","_et_gb_content_width":""},"product_brand":[],"product_cat":[1497],"product_tag":[1498,1496],"class_list":{"0":"post-16687","1":"product","2":"type-product","3":"status-publish","4":"has-post-thumbnail","6":"product_cat-arm-cylinders","7":"product_tag-arm-cylinders","8":"product_tag-hydraulic-cylinders","10":"first","11":"instock","12":"shipping-taxable","13":"product-type-simple"},"amp_enabled":true,"_links":{"self":[{"href":"https:\/\/www.hydraulic-cylinders.net\/tr\/wp-json\/wp\/v2\/product\/16687","targetHints":{"allow":["GET"]}}],"collection":[{"href":"https:\/\/www.hydraulic-cylinders.net\/tr\/wp-json\/wp\/v2\/product"}],"about":[{"href":"https:\/\/www.hydraulic-cylinders.net\/tr\/wp-json\/wp\/v2\/types\/product"}],"replies":[{"embeddable":true,"href":"https:\/\/www.hydraulic-cylinders.net\/tr\/wp-json\/wp\/v2\/comments?post=16687"}],"wp:featuredmedia":[{"embeddable":true,"href":"https:\/\/www.hydraulic-cylinders.net\/tr\/wp-json\/wp\/v2\/media\/14786"}],"wp:attachment":[{"href":"https:\/\/www.hydraulic-cylinders.net\/tr\/wp-json\/wp\/v2\/media?parent=16687"}],"wp:term":[{"taxonomy":"product_brand","embeddable":true,"href":"https:\/\/www.hydraulic-cylinders.net\/tr\/wp-json\/wp\/v2\/product_brand?post=16687"},{"taxonomy":"product_cat","embeddable":true,"href":"https:\/\/www.hydraulic-cylinders.net\/tr\/wp-json\/wp\/v2\/product_cat?post=16687"},{"taxonomy":"product_tag","embeddable":true,"href":"https:\/\/www.hydraulic-cylinders.net\/tr\/wp-json\/wp\/v2\/product_tag?post=16687"}],"curies":[{"name":"wp","href":"https:\/\/api.w.org\/{rel}","templated":true}]}}