{"id":16697,"date":"2025-01-21T05:47:45","date_gmt":"2025-01-21T05:47:45","guid":{"rendered":"https:\/\/www.hydraulic-cylinders.net\/product\/arm-cylinder-for-jchi-ns220c\/"},"modified":"2025-01-21T05:47:47","modified_gmt":"2025-01-21T05:47:47","slug":"arm-cylinder-for-jchi-ns220c","status":"publish","type":"product","link":"https:\/\/www.hydraulic-cylinders.net\/tr\/urun\/arm-cylinder-for-jchi-ns220c\/","title":{"rendered":"JCHI NS220C i\u00e7in Kol Silindiri"},"content":{"rendered":"<h1>JCHI NS220C i\u00e7in Kol Silindiri<\/h1>\n<h2>girii\u015f<\/h2>\n<p>JCHI NS220C i\u00e7in tasarlanm\u0131\u015f kol silindiri, ekskavat\u00f6rler, vin\u00e7ler ve robotik kollar gibi \u00e7e\u015fitli makine kollar\u0131n\u0131n do\u011frusal hareketini ve g\u00fcc\u00fcn\u00fc sa\u011flamak \u00fczere \u00f6zel olarak \u00fcretilmi\u015f bir hidrolik silindirdir. Kol silindirleri, hidrolik sistemlerde \u00e7ok \u00f6nemli bir rol oynayarak ata\u015fmanlar\u0131n verimli bir \u015fekilde hareket etmesini ve kontrol edilmesini sa\u011flar. Bu silindirler sadece d\u00fczg\u00fcn hareket sa\u011flamakla kalmaz, ayn\u0131 zamanda a\u011f\u0131r y\u00fckleri de ta\u015f\u0131yarak farkl\u0131 \u00e7al\u0131\u015fma ko\u015fullar\u0131 alt\u0131nda makinelerin y\u00fcksek operasyonel verimlili\u011fini ve g\u00fcvenilirli\u011fini garanti eder.<\/p>\n<p><img decoding=\"async\" src=\"https:\/\/www.hydraulic-cylinders.net\/wp-content\/uploads\/2025\/01\/songte-company-2.webp\" alt=\"JCHI NS220C i\u00e7in Kol Silindiri\" \/><\/p>\n<h2>\u00d6zellikler<\/h2>\n<h3>1. Y\u00fcksek Verimli \u015eanz\u0131man<\/h3>\n<p>Kol silindiri, g\u00fc\u00e7l\u00fc do\u011frusal hareket ve kuvvet sa\u011flayarak, makine kolunun \u00e7e\u015fitli i\u015flemlerdeki y\u00fcksek verimlili\u011fini ve performans\u0131n\u0131 garanti eder.<\/p>\n<h3>2. Hassas Kontrol<\/h3>\n<p>Hidrolik sistem sayesinde, kol silindiri hassas hareket kontrol\u00fc sa\u011flayarak ata\u015fmanlar\u0131n \u00e7al\u0131\u015fmas\u0131n\u0131 daha esnek ve do\u011fru hale getirebilir.<\/p>\n<h3>3. G\u00fc\u00e7l\u00fc Dayan\u0131kl\u0131l\u0131k<\/h3>\n<p>Kol silindiri genellikle y\u00fcksek mukavemetli, a\u015f\u0131nma ve korozyon direnci y\u00fcksek malzemelerden \u00fcretilir ve bu da onlar\u0131 zorlu ortamlarda uzun s\u00fcreli kullan\u0131m i\u00e7in uygun hale getirir.<\/p>\n<h3>4. \u00c7ok Y\u00f6nl\u00fc Uyum<\/h3>\n<p>Bu silindirler, ekskavat\u00f6rler, vin\u00e7ler ve robot kollar\u0131 gibi \u00e7e\u015fitli makine ekipmanlar\u0131nda yayg\u0131n olarak kullan\u0131labilir ve farkl\u0131 \u00e7al\u0131\u015fma gereksinimlerine uyum sa\u011flayabilir.<\/p>\n<h3>5. Kolay Bak\u0131m<\/h3>\n<p>Tasar\u0131m, kolay bak\u0131m ve de\u011fi\u015ftirme imkan\u0131n\u0131 g\u00f6z \u00f6n\u00fcnde bulundurarak d\u00fczenli denetim ve bak\u0131m\u0131 daha kolay hale getiriyor ve ekipman ar\u0131za s\u00fcrelerini azalt\u0131yor.<\/p>\n<p><img decoding=\"async\" src=\"https:\/\/www.hydraulic-cylinders.net\/wp-content\/uploads\/2025\/01\/songte-oil-pipes-and-spare-parts.webp\" alt=\"Kol Silindiri Yedek Par\u00e7alar\u0131\" \/><\/p>\n<h2>Uygulamalar<\/h2>\n<p>Kol silindiri \u00e7e\u015fitli sekt\u00f6rlerde kullan\u0131labilir, bunlar aras\u0131nda \u015funlar yer al\u0131r:<\/p>\n<h3>1. \u0130n\u015faat M\u00fchendisli\u011fi<\/h3>\n<p>Kol silindirleri, ekskavat\u00f6r ve vin\u00e7lerdeki kep\u00e7elerin veya bomlar\u0131n hareketini kontrol ederek toprak ta\u015f\u0131ma, malzeme ta\u015f\u0131ma ve yap\u0131 kurulumu gibi i\u015flerde kullan\u0131labilir.<\/p>\n<h3>2. \u00dcretim Sanayi<\/h3>\n<p>Robot kollar\u0131, otomatik \u00fcretim hatlar\u0131nda montaj, kaynak ve malzeme ta\u015f\u0131ma i\u015flemlerini ger\u00e7ekle\u015ftirerek \u00fcretim verimlili\u011fini ve do\u011frulu\u011funu art\u0131ran robot kollar\u0131n\u0131n hareketinde kullan\u0131l\u0131r.<\/p>\n<h3>3. Tar\u0131m Makinalar\u0131<\/h3>\n<p>Kol silindirleri, bi\u00e7erd\u00f6ver ve tohum ekme makineleri gibi tar\u0131m makinelerinde ekim, g\u00fcbreleme ve hasat gibi i\u015flemleri ger\u00e7ekle\u015ftiren \u00e7al\u0131\u015fma kollar\u0131n\u0131n hareketini kontrol eder.<\/p>\n<h3>4. Madencilik<\/h3>\n<p>Madencilik ekipmanlar\u0131nda, kol silindirleri, cevher \u00e7\u0131karma ve ta\u015f\u0131ma i\u015flemlerini ger\u00e7ekle\u015ftiren madencilik ekipman\u0131n\u0131n kol hareketini kontrol eder.<\/p>\n<h3>5. Lojistik ve Ta\u015f\u0131mac\u0131l\u0131k<\/h3>\n<p>Kol silindirleri, forkliftlerde ve ta\u015f\u0131ma robotlar\u0131nda \u00e7atallar\u0131n kald\u0131r\u0131lmas\u0131n\u0131 ve hareketini kontrol ederek malzeme ta\u015f\u0131ma ve istifleme i\u015flemlerini ger\u00e7ekle\u015ftirir.<\/p>\n<h2>Tasar\u0131m Hususlar\u0131 ve Se\u00e7im Kriterleri<\/h2>\n<p>Kol silindirlerinin, makinenin g\u00fcvenli\u011fini ve g\u00fcvenilirli\u011fini sa\u011flamak i\u00e7in yeterli y\u00fck kapasitesine, s\u0131zd\u0131rmazl\u0131\u011fa, dayan\u0131kl\u0131l\u0131\u011fa, g\u00fcvenli\u011fe ve bak\u0131m kolayl\u0131\u011f\u0131na sahip olmas\u0131 gerekir. Baz\u0131 tasar\u0131m hususlar\u0131 ve se\u00e7im kriterleri \u015funlard\u0131r:<\/p>\n<h3>1. Y\u00fck Kapasitesi<\/h3>\n<p>Kol silindiri, makinenin ve ata\u015fmanlar\u0131n y\u00fck\u00fcne dayanabilmeli ve \u00e7al\u0131\u015fma i\u00e7in yeterli kuvveti sa\u011flamal\u0131d\u0131r.<\/p>\n<h3>2. S\u0131zd\u0131rmazl\u0131k<\/h3>\n<p>Kol silindirinin, poli\u00fcretan ve nitril kau\u00e7uk gibi a\u015f\u0131nmaya dayan\u0131kl\u0131 malzemelerden yap\u0131lm\u0131\u015f piston contalar\u0131 ve mil contalar\u0131 gibi \u00e7e\u015fitli s\u0131zd\u0131rmazl\u0131k bile\u015fenleri kullanan g\u00fcvenilir bir s\u0131zd\u0131rmazl\u0131k mekanizmas\u0131na sahip olmas\u0131 gerekir.<\/p>\n<h3>3. Dayan\u0131kl\u0131l\u0131k<\/h3>\n<p>Kol silindiri, a\u015f\u0131nmaya ve korozyona kar\u015f\u0131 iyi diren\u00e7 sa\u011flayacak \u015fekilde, hassas i\u015flenmi\u015f silindir ba\u015fl\u0131klar\u0131 ve piston kollar\u0131 gibi y\u00fcksek mukavemetli malzemelerden yap\u0131lmal\u0131d\u0131r.<\/p>\n<h3>4. G\u00fcvenlik<\/h3>\n<p>Kol silindirinde a\u015f\u0131r\u0131 y\u00fcklenmeyi ve kazalar\u0131 \u00f6nlemek i\u00e7in bas\u0131n\u00e7 tahliye vanalar\u0131 gibi g\u00fcvenlik \u00f6zellikleri bulunmal\u0131d\u0131r.<\/p>\n<h3>5. S\u00fcrd\u00fcr\u00fclebilirlik<\/h3>\n<p>Kol silindirinin bak\u0131m\u0131 ve de\u011fi\u015ftirilmesi kolay olmal\u0131, uygun eri\u015fim noktalar\u0131na ve tasar\u0131m \u00f6zelliklerine sahip olmal\u0131, b\u00f6ylece ar\u0131za s\u00fcresi ve bak\u0131m maliyetleri azalt\u0131lmal\u0131d\u0131r.<\/p>\n<p><img decoding=\"async\" src=\"https:\/\/www.hydraulic-cylinders.net\/wp-content\/uploads\/2025\/01\/songte-cylinder-head-with-all-kinds-excavator-models.webp\" alt=\"Ekskavat\u00f6r Modellerine Uygun Silindir Kafas\u0131\" \/><\/p>\n<h2>S\u0131zd\u0131rmazl\u0131k ve Ya\u011flama<\/h2>\n<p>Kol silindirlerinde, poli\u00fcretan ve nitril kau\u00e7uk gibi a\u015f\u0131nmaya dayan\u0131kl\u0131 malzemelerden yap\u0131lm\u0131\u015f piston contalar\u0131 ve mil contalar\u0131 gibi \u00e7e\u015fitli s\u0131zd\u0131rmazl\u0131k bile\u015fenleri kullan\u0131l\u0131r. Silindir ba\u015fl\u0131\u011f\u0131 ve di\u015fli y\u00fczeyi ince i\u015fleme tabi tutularak a\u015f\u0131nma direnci art\u0131r\u0131l\u0131r. Silindirin kullan\u0131m \u00f6mr\u00fcn\u00fc uzatmak i\u00e7in d\u00fczenli olarak uygun hidrolik ya\u011f eklenmesi gereklidir.<\/p>\n<h2>Bak\u0131m ve \u00d6nleyici Tedbirler<\/h2>\n<p>Kol silindirinin performans\u0131n\u0131 ve \u00f6mr\u00fcn\u00fc korumak i\u00e7in d\u00fczenli kontroller ve bak\u0131m \u015fartt\u0131r. Baz\u0131 \u00f6nleyici tedbirler \u015funlard\u0131r:<\/p>\n<h3>1. D\u00fczenli Denetimler<\/h3>\n<p>Kol silindirinin hasar, a\u015f\u0131nma ve s\u0131z\u0131nt\u0131 a\u00e7\u0131s\u0131ndan d\u00fczenli olarak kontrol edilmesi ve uygun bak\u0131m\u0131n sa\u011flanmas\u0131.<\/p>\n<h3>2. Ya\u011flama<\/h3>\n<p>Silindirin sorunsuz \u00e7al\u0131\u015fmas\u0131n\u0131 sa\u011flamak i\u00e7in do\u011fru miktarda ve tipte hidrolik ya\u011f eklenmelidir.<\/p>\n<h3>3. Temizlik<\/h3>\n<p>Silindirin ve bile\u015fenlerinin temizlenmesi, kir ve d\u00f6k\u00fcnt\u00fclerin giderilmesi, hasar ve a\u015f\u0131nman\u0131n \u00f6nlenmesi.<\/p>\n<h3>4. De\u011fi\u015ftirme<\/h3>\n<p>A\u015f\u0131nm\u0131\u015f veya hasar g\u00f6rm\u00fc\u015f par\u00e7alar\u0131n derhal de\u011fi\u015ftirilmesi, verimli ve g\u00fcvenli \u00e7al\u0131\u015fman\u0131n sa\u011flanmas\u0131.<\/p>\n<h3>5. Test Etme<\/h3>\n<p>Kol silindirinin farkl\u0131 y\u00fck ko\u015fullar\u0131 alt\u0131nda test edilmesi, do\u011fru performans ve g\u00fcvenli\u011fin sa\u011flanmas\u0131.<\/p>\n<p><img decoding=\"async\" src=\"https:\/\/www.hydraulic-cylinders.net\/wp-content\/uploads\/2025\/01\/songte-chushion-collar.webp\" alt=\"Yast\u0131k Yaka\" \/><\/p>\n<h2>Kurulum K\u0131lavuzu<\/h2>\n<p>Kol silindirlerinin montaj\u0131, do\u011fru \u00e7al\u0131\u015fma ve g\u00fcvenlik sa\u011flamak i\u00e7in ayr\u0131nt\u0131lara dikkat edilmesini gerektirir. Baz\u0131 montaj ipu\u00e7lar\u0131 \u015funlard\u0131r:<\/p>\n<h3>1. Konumland\u0131rma<\/h3>\n<p>Silindiri do\u011fru bir \u015fekilde konumland\u0131rarak, makine ve ba\u011flant\u0131 par\u00e7alar\u0131yla uygun hizalamay\u0131 sa\u011flamak.<\/p>\n<h3>2. Montaj<\/h3>\n<p>Silindiri uygun c\u0131vata ve somunlar kullanarak, gev\u015fek ba\u011flant\u0131 ve titre\u015fimi \u00f6nleyerek g\u00fcvenli bir \u015fekilde monte edin.<\/p>\n<h3>3. S\u0131zd\u0131rmazl\u0131k<\/h3>\n<p>O-ring ve conta gibi s\u0131zd\u0131rmazl\u0131k bile\u015fenleri kullanarak silindirin makine ve ba\u011flant\u0131 par\u00e7alar\u0131yla d\u00fczg\u00fcn bir \u015fekilde s\u0131zd\u0131rmazl\u0131\u011f\u0131n\u0131 sa\u011flay\u0131n.<\/p>\n<h3>4. Test Etme<\/h3>\n<p>Montajdan sonra kol silindirinin farkl\u0131 y\u00fck ko\u015fullar\u0131 alt\u0131nda test edilmesi, do\u011fru performans ve g\u00fcvenli\u011fin sa\u011flanmas\u0131.<\/p>\n<p><img decoding=\"async\" src=\"https:\/\/www.hydraulic-cylinders.net\/wp-content\/uploads\/2025\/01\/songte-bushings-with-all-kinds-of-excavator-models.webp\" alt=\"Ekskavat\u00f6r Modellerinde Bur\u00e7lar\" \/><\/p>\n<h2>G\u00fcvenlik Hususlar\u0131 ve \u00c7evresel Fakt\u00f6rler<\/h2>\n<p>Kol silindirinin \u00e7al\u0131\u015ft\u0131r\u0131lmas\u0131, uygun g\u00fcvenlik \u00f6nlemlerinin al\u0131nmas\u0131n\u0131 ve a\u015fa\u011f\u0131daki gibi \u00e7evresel fakt\u00f6rlere dikkat edilmesini gerektirir:<\/p>\n<h3>1. A\u015f\u0131r\u0131 Y\u00fck Korumas\u0131<\/h3>\n<p>Bas\u0131n\u00e7 tahliye vanalar\u0131 gibi a\u015f\u0131r\u0131 y\u00fck koruma cihazlar\u0131 kullan\u0131larak, farkl\u0131 y\u00fck ko\u015fullar\u0131 alt\u0131nda g\u00fcvenli \u00e7al\u0131\u015fma sa\u011flan\u0131r.<\/p>\n<h3>2. \u00c7evresel Ko\u015fullar<\/h3>\n<p>Y\u00fcksek s\u0131cakl\u0131k, nem veya a\u015f\u0131nd\u0131r\u0131c\u0131 ortam gibi olumsuz \u00e7evre ko\u015fullar\u0131nda \u00e7al\u0131\u015fmaktan ka\u00e7\u0131narak, hasar ve a\u015f\u0131nmay\u0131 \u00f6nleyin.<\/p>\n<h3>3. G\u00fcvenlik E\u011fitimi<\/h3>\n<p>Operat\u00f6rler ve bak\u0131m personeli i\u00e7in g\u00fcvenlik e\u011fitimi verilmesi, silindirin do\u011fru \u00e7al\u0131\u015ft\u0131r\u0131lmas\u0131 ve bak\u0131m\u0131n\u0131n sa\u011flanmas\u0131.<\/p>\n<h2>Ar\u0131za Te\u015fhisi ve Yayg\u0131n Sorunlar<\/h2>\n<p>Kol silindirlerinde s\u0131k kar\u015f\u0131la\u015f\u0131lan baz\u0131 sorunlar ve \u00e7\u00f6z\u00fcmleri \u015funlard\u0131r:<\/p>\n<h3>1. S\u0131z\u0131nt\u0131<\/h3>\n<p>Silindir, contalar\u0131n hasar g\u00f6rmesi veya yetersiz s\u0131zd\u0131rmazl\u0131k nedeniyle ya\u011f ka\u00e7\u0131r\u0131yor. \u00c7\u00f6z\u00fcm, hasarl\u0131 contalar\u0131 de\u011fi\u015ftirmek veya s\u0131zd\u0131rmazl\u0131\u011f\u0131 iyile\u015ftirmektir.<\/p>\n<h3>2. Piston Kolu B\u00fck\u00fclmesi<\/h3>\n<p>Piston kolu a\u015f\u0131r\u0131 y\u00fcklenme veya yanl\u0131\u015f montaj nedeniyle b\u00fck\u00fclm\u00fc\u015ft\u00fcr. \u00c7\u00f6z\u00fcm, piston kolunu de\u011fi\u015ftirmek ve do\u011fru montaj ve \u00e7al\u0131\u015fma sa\u011flamakt\u0131r.<\/p>\n<h3>3. Yetersiz Kuvvet<\/h3>\n<p>Silindirin yetersiz ya\u011f seviyesi veya i\u00e7 bile\u015fenlerin hasar g\u00f6rmesi nedeniyle yetersiz bas\u0131n\u00e7 uygulad\u0131\u011f\u0131 g\u00f6r\u00fclmektedir. \u00c7\u00f6z\u00fcm, do\u011fru miktarda hidrolik ya\u011f eklemek veya hasarl\u0131 bile\u015fenleri de\u011fi\u015ftirmektir.<\/p>\n<h3>4. Titre\u015fim<\/h3>\n<p>Silindir, yanl\u0131\u015f montaj veya gev\u015fek ba\u011flant\u0131 nedeniyle titre\u015fiyor. \u00c7\u00f6z\u00fcm, do\u011fru montaj\u0131 sa\u011flamak ve c\u0131vata ve somunlar\u0131 s\u0131kmakt\u0131r.<\/p>\n<h2>Hakk\u0131m\u0131zda<\/h2>\n<p>Geni\u015f \u00fcr\u00fcn yelpazesiyle profesyonel bir yedek hidrolik silindir \u00fcreticisiyiz ve hem yurt i\u00e7i hem de uluslararas\u0131 pazarlarda \u00f6nde gelen hidrolik silindir \u00fcreticilerinden ve toptanc\u0131lar\u0131ndan biri haline geldik. Her zaman m\u00fckemmel kalite ilkesine ba\u011fl\u0131 kalarak, \u00f6zenle tasarlanm\u0131\u015f at\u00f6lyelerimizde end\u00fcstriyel \u00fcretim y\u00f6netim stratejilerine dayanarak, teknolojiyi ve \u00fcretim verimlili\u011fini s\u00fcrekli olarak geli\u015ftiriyoruz. Y\u00fcksek teknoloji \u00fcr\u00fcn\u00fc dijital \u00fcretim ekipmanlar\u0131 ve profesyonel test sistemlerinin \ub3c4\uc785 edilmesiyle, \u00fcretim platformunu s\u00fcrekli olarak optimize ediyor, \u00fcr\u00fcn kalite kontrol s\u00fcre\u00e7lerini iyile\u015ftiriyor ve g\u00fc\u00e7l\u00fc inovasyon yeteneklerine sahibiz. Amac\u0131m\u0131z, m\u00fc\u015fterilerimizin \u00e7e\u015fitli ihtiya\u00e7lar\u0131n\u0131 verimli, do\u011fru ve y\u00fcksek kaliteli ilkelerle kar\u015f\u0131lamakt\u0131r.<\/p>\n<p>\u015eirketimiz profesyonel hizmetler, uluslararas\u0131 sertifikalar, \u00f6zelle\u015ftirilmi\u015f hizmetler, \u00fcretim ekipmanlar\u0131 ve sat\u0131\u015f sonras\u0131 hizmetler sunmaktad\u0131r.<\/p>\n<p><img decoding=\"async\" src=\"https:\/\/www.hydraulic-cylinders.net\/wp-content\/uploads\/2025\/01\/songte-company-4.webp\" alt=\"\u015eirket 4\" \/><br \/>\n<img decoding=\"async\" src=\"https:\/\/www.hydraulic-cylinders.net\/wp-content\/uploads\/2025\/01\/songte-company-3.webp\" alt=\"\u015eirket 3\" \/><\/p>\n<p>Yazar: lyl<\/p>","protected":false},"excerpt":{"rendered":"<p>Arm Cylinder For JCHI NS220C Introduction The Arm Cylinder for JCHI NS220C is a specialized hydraulic cylinder designed to provide linear motion and power for various types of machinery arms such as excavators, cranes, and robotic arms. Arm cylinders play a crucial role in hydraulic systems, allowing attachments to move and be controlled efficiently. These [&hellip;]<\/p>","protected":false},"featured_media":14786,"comment_status":"open","ping_status":"closed","template":"","meta":{"_et_pb_use_builder":"","_et_pb_old_content":"","_et_gb_content_width":""},"product_brand":[],"product_cat":[1497],"product_tag":[1498,1496],"class_list":{"0":"post-16697","1":"product","2":"type-product","3":"status-publish","4":"has-post-thumbnail","6":"product_cat-arm-cylinders","7":"product_tag-arm-cylinders","8":"product_tag-hydraulic-cylinders","10":"first","11":"instock","12":"shipping-taxable","13":"product-type-simple"},"amp_enabled":true,"_links":{"self":[{"href":"https:\/\/www.hydraulic-cylinders.net\/tr\/wp-json\/wp\/v2\/product\/16697","targetHints":{"allow":["GET"]}}],"collection":[{"href":"https:\/\/www.hydraulic-cylinders.net\/tr\/wp-json\/wp\/v2\/product"}],"about":[{"href":"https:\/\/www.hydraulic-cylinders.net\/tr\/wp-json\/wp\/v2\/types\/product"}],"replies":[{"embeddable":true,"href":"https:\/\/www.hydraulic-cylinders.net\/tr\/wp-json\/wp\/v2\/comments?post=16697"}],"wp:featuredmedia":[{"embeddable":true,"href":"https:\/\/www.hydraulic-cylinders.net\/tr\/wp-json\/wp\/v2\/media\/14786"}],"wp:attachment":[{"href":"https:\/\/www.hydraulic-cylinders.net\/tr\/wp-json\/wp\/v2\/media?parent=16697"}],"wp:term":[{"taxonomy":"product_brand","embeddable":true,"href":"https:\/\/www.hydraulic-cylinders.net\/tr\/wp-json\/wp\/v2\/product_brand?post=16697"},{"taxonomy":"product_cat","embeddable":true,"href":"https:\/\/www.hydraulic-cylinders.net\/tr\/wp-json\/wp\/v2\/product_cat?post=16697"},{"taxonomy":"product_tag","embeddable":true,"href":"https:\/\/www.hydraulic-cylinders.net\/tr\/wp-json\/wp\/v2\/product_tag?post=16697"}],"curies":[{"name":"wp","href":"https:\/\/api.w.org\/{rel}","templated":true}]}}