{"id":16704,"date":"2025-01-21T05:48:18","date_gmt":"2025-01-21T05:48:18","guid":{"rendered":"https:\/\/www.hydraulic-cylinders.net\/product\/arm-cylinder-for-jove-jv150\/"},"modified":"2025-01-21T05:48:21","modified_gmt":"2025-01-21T05:48:21","slug":"arm-cylinder-for-jove-jv150","status":"publish","type":"product","link":"https:\/\/www.hydraulic-cylinders.net\/tr\/urun\/arm-cylinder-for-jove-jv150\/","title":{"rendered":"Jove JV150 i\u00e7in Kol Silindiri"},"content":{"rendered":"<h1>Jove JV150 i\u00e7in Kol Silindiri<\/h1>\n<h2>girii\u015f<\/h2>\n<p>Kol silindiri, ekskavat\u00f6rler, vin\u00e7ler ve robot kollar\u0131 gibi \u00e7e\u015fitli makinelerin kollar\u0131na do\u011frusal hareket ve g\u00fc\u00e7 sa\u011flamak \u00fczere tasarlanm\u0131\u015f \u00f6zel bir hidrolik silindirdir. Hidrolik sistemlerde \u00e7ok \u00f6nemli bir rol oynayarak ek aletlerin veya ata\u015fmanlar\u0131n verimli hareketini ve kontrol\u00fcn\u00fc sa\u011flar. Bu silindirler sadece d\u00fczg\u00fcn hareket sa\u011flamakla kalmaz, ayn\u0131 zamanda a\u011f\u0131r y\u00fckleri de ta\u015f\u0131yarak \u00e7e\u015fitli \u00e7al\u0131\u015fma ko\u015fullar\u0131 alt\u0131nda makinelerin verimli \u00e7al\u0131\u015fmas\u0131n\u0131 ve g\u00fcvenilirli\u011fini garanti eder.<\/p>\n<h3>Tan\u0131m ve A\u00e7\u0131klama<\/h3>\n<p>Kol silindiri, di\u011fer ad\u0131yla bom silindiri, makinelerin kollar\u0131n\u0131n do\u011frusal hareketini ve g\u00fcc\u00fcn\u00fc sa\u011flamak i\u00e7in \u00f6zel olarak tasarlanm\u0131\u015f bir hidrolik silindirdir. Silindirik bir g\u00f6vde, bir piston ve bir \u00e7ubuktan olu\u015fur. Hidrolik bas\u0131n\u00e7 uyguland\u0131\u011f\u0131nda, piston g\u00f6vde i\u00e7inde hareket ederek \u00e7ubu\u011fu uzat\u0131r veya geri \u00e7eker. \u00c7ubu\u011fun bu do\u011frusal hareketi, kollar\u0131n kazma, kald\u0131rma ve manevra gibi g\u00f6revleri yerine getirmesi i\u00e7in gerekli kuvveti sa\u011flar.<\/p>\n<p><img decoding=\"async\" src=\"https:\/\/www.hydraulic-cylinders.net\/wp-content\/uploads\/2025\/01\/songte-company-2.webp\"><\/p>\n<h2>Jove JV150 i\u00e7in Kol Silindirinin \u00d6zellikleri<\/h2>\n<ul>\n<li><strong>Y\u00fcksek Verimli \u015eanz\u0131man:<\/strong> Kol silindiri g\u00fc\u00e7l\u00fc do\u011frusal hareket ve kuvvet sa\u011flayarak makinan\u0131n y\u00fcksek performans kabiliyetlerini garanti alt\u0131na al\u0131r.<\/li>\n<li><strong>Hassas Kontrol:<\/strong> Hidrolik sistem sayesinde kol silindiri hassas hareket kontrol\u00fc sa\u011flayarak, ba\u011fl\u0131 tak\u0131mlar\u0131n \u00e7al\u0131\u015fmas\u0131n\u0131 daha esnek ve hassas hale getirir.<\/li>\n<li><strong>Dayan\u0131kl\u0131l\u0131k:<\/strong> Kol silindirleri genellikle y\u00fcksek mukavemetli malzemeler kullan\u0131larak \u00fcretilir, m\u00fckemmel a\u015f\u0131nma ve korozyon direnci sunar ve bu da onlar\u0131 zorlu ortamlarda uzun s\u00fcreli kullan\u0131ma uygun hale getirir.<\/li>\n<li><strong>\u00c7ok Fonksiyonlu Uyarlanabilirlik:<\/strong> Bu silindirler, ekskavat\u00f6rler, vin\u00e7ler ve robotik kollar gibi \u00e7e\u015fitli makinelerde yayg\u0131n olarak kullan\u0131labilir ve farkl\u0131 i\u015f gereksinimlerine uyum sa\u011flayabilir.<\/li>\n<li><strong>Kolay Bak\u0131m:<\/strong> Kolay bak\u0131m ve de\u011fi\u015fim i\u00e7in tasarlanan kol silindirleri, d\u00fczenli muayene ve bak\u0131m\u0131 kolayla\u015ft\u0131rarak ekipman ar\u0131za s\u00fcresini azalt\u0131r.<\/li>\n<\/ul>\n<p><img decoding=\"async\" src=\"https:\/\/www.hydraulic-cylinders.net\/wp-content\/uploads\/2025\/01\/songte-oil-pipes-and-spare-parts.webp\"><\/p>\n<h2>Uygulamalar<\/h2>\n<p>Kol silindiri, a\u015fa\u011f\u0131dakiler de dahil olmak \u00fczere \u00e7e\u015fitli end\u00fcstri ve sekt\u00f6rlerde uygulama alan\u0131 bulmaktad\u0131r:<\/p>\n<ul>\n<li><strong>\u0130n\u015faat M\u00fchendisli\u011fi:<\/strong> Ekskavat\u00f6rlerde ve vin\u00e7lerde kol silindiri, toprak i\u015fleri, malzeme ta\u015f\u0131ma ve yap\u0131sal montaj i\u00e7in kovalar\u0131n veya bomlar\u0131n hareketini kontrol eder.<\/li>\n<li><strong>\u00dcretme:<\/strong> Otomatik \u00fcretim hatlar\u0131nda, kol silindiri, montaj, kaynak ve malzeme ta\u015f\u0131ma i\u015flemlerinde robot kollar\u0131n\u0131n hareketini sa\u011flayarak \u00fcretim verimlili\u011fini ve hassasiyetini art\u0131r\u0131r.<\/li>\n<li><strong>Tar\u0131m Makinalar\u0131:<\/strong> Bi\u00e7erd\u00f6ver ve ekim makinesi gibi tar\u0131msal ekipmanlarda kol silindiri, ekim, g\u00fcbreleme ve hasat gibi g\u00f6revler i\u00e7in \u00e7al\u0131\u015fan kollar\u0131n hareketini kontrol eder.<\/li>\n<li><strong>Madencilik:<\/strong> Madencilik ekipmanlar\u0131nda kol silindiri, cevher \u00e7\u0131karma ve ta\u015f\u0131ma i\u00e7in madencilik makinelerinin kol hareketini kontrol eder.<\/li>\n<li><strong>Lojistik ve Ta\u015f\u0131mac\u0131l\u0131k:<\/strong> Forkliftlerde ve ta\u015f\u0131ma robotlar\u0131nda kol silindiri \u00e7atallar\u0131n kald\u0131r\u0131lmas\u0131n\u0131 ve hareketini kontrol ederek malzeme ta\u015f\u0131ma ve istiflemeyi sa\u011flar.<\/li>\n<\/ul>\n<h2>Tasar\u0131m Hususlar\u0131 ve Se\u00e7im Kriterleri<\/h2>\n<p>Bir kol silindiri tasarlan\u0131rken ve se\u00e7ilirken, \u00e7e\u015fitli fakt\u00f6rler g\u00f6z \u00f6n\u00fcnde bulundurulmal\u0131d\u0131r:<\/p>\n<ul>\n<li><strong>Y\u00fck Ta\u015f\u0131ma Kapasitesi:<\/strong> Silindir, \u00e7al\u0131\u015fma s\u0131ras\u0131nda beklenen y\u00fck ve kuvvetlere dayanabilecek kapasitede olmal\u0131d\u0131r.<\/li>\n<li><strong>S\u0131zd\u0131rmazl\u0131k:<\/strong> Hidrolik s\u0131v\u0131n\u0131n s\u0131zmas\u0131n\u0131 \u00f6nlemek ve do\u011fru s\u0131zd\u0131rmazl\u0131\u011f\u0131 sa\u011flamak i\u00e7in piston contalar\u0131 ve mil contalar\u0131 gibi \u00e7e\u015fitli s\u0131zd\u0131rmazl\u0131k elemanlar\u0131 kullan\u0131lmal\u0131d\u0131r.<\/li>\n<li><strong>Dayan\u0131kl\u0131l\u0131k:<\/strong> Silindir g\u00f6vdesi ve di\u015fli u\u00e7lar\u0131, a\u015f\u0131nma direncini art\u0131rmak ve kullan\u0131m \u00f6mr\u00fcn\u00fc uzatmak i\u00e7in uygun y\u00fczey i\u015flemine tabi tutulmal\u0131d\u0131r.<\/li>\n<li><strong>Emniyet:<\/strong> \u00c7al\u0131\u015fma s\u0131ras\u0131nda kazalar\u0131 \u00f6nlemek i\u00e7in bas\u0131n\u00e7 tahliye vanalar\u0131 ve acil durdurma mekanizmalar\u0131 gibi g\u00fcvenlik \u00f6zellikleri eklenmelidir.<\/li>\n<li><strong>Bak\u0131m kolayl\u0131\u011f\u0131:<\/strong> Ar\u0131za s\u00fcrelerini en aza indirmek ve bak\u0131m i\u015flemlerini kolayla\u015ft\u0131rmak i\u00e7in bile\u015fenlerin bak\u0131m ve de\u011fi\u015ftirilmesine kolay eri\u015fim sa\u011flanmal\u0131d\u0131r.<\/li>\n<\/ul>\n<p><img decoding=\"async\" src=\"https:\/\/www.hydraulic-cylinders.net\/wp-content\/uploads\/2025\/01\/songte-cylinder-head-with-all-kinds-excavator-models.webp\"><\/p>\n<h2>S\u0131zd\u0131rmazl\u0131k ve Ya\u011flama<\/h2>\n<p>Kol silindiri, poli\u00fcretan ve nitril kau\u00e7uk gibi a\u015f\u0131nmaya dayan\u0131kl\u0131 malzemelerden yap\u0131lm\u0131\u015f piston contalar\u0131 ve mil contalar\u0131 da dahil olmak \u00fczere \u00e7e\u015fitli s\u0131zd\u0131rmazl\u0131k bile\u015fenleri kullan\u0131r. Silindir g\u00f6vdesi ve di\u015fli u\u00e7lar, a\u015f\u0131nma direncini art\u0131rmak i\u00e7in hassas y\u00fczey i\u015flemine tabi tutulur. Sorunsuz \u00e7al\u0131\u015fma sa\u011flamak ve s\u00fcrt\u00fcnmeyi en aza indirmek i\u00e7in uygun miktarda hidrolik ya\u011f ile d\u00fczenli ya\u011flama gereklidir.<\/p>\n<h2>D\u00fczenli Muayene ve \u00d6nleyici Bak\u0131m<\/h2>\n<p>Kol silindirinin optimum performans ve uzun \u00f6m\u00fcrl\u00fcl\u00fc\u011f\u00fcn\u00fc sa\u011flamak i\u00e7in d\u00fczenli kontroller ve \u00f6nleyici bak\u0131m \u015fartt\u0131r. A\u015fa\u011f\u0131daki \u00f6nlemler al\u0131nmal\u0131d\u0131r:<\/p>\n<ul>\n<li>Silindiri a\u015f\u0131nma, hasar veya s\u0131z\u0131nt\u0131 belirtileri a\u00e7\u0131s\u0131ndan inceleyin.<\/li>\n<li>S\u0131zd\u0131rmazl\u0131k contalar\u0131n\u0131n b\u00fct\u00fcnl\u00fc\u011f\u00fcn\u00fc kontrol edin ve a\u015f\u0131nm\u0131\u015f veya hasar g\u00f6rm\u00fc\u015f contalar\u0131 de\u011fi\u015ftirin.<\/li>\n<li>Hidrolik s\u0131v\u0131s\u0131n\u0131n seviyesini ve kalitesini izleyin ve gerekti\u011finde tamamlay\u0131n veya de\u011fi\u015ftirin.<\/li>\n<li>S\u0131v\u0131 s\u0131z\u0131nt\u0131lar\u0131n\u0131 \u00f6nlemek i\u00e7in gev\u015fek ba\u011flant\u0131lar\u0131 veya rakorlar\u0131 s\u0131k\u0131n.<\/li>\n<li>\u00dcreticinin \u00f6nerdi\u011fi bak\u0131m program\u0131n\u0131 ve prosed\u00fcrlerini izleyin.<\/li>\n<\/ul>\n<h2>\u00dcr\u00fcn Kurulum K\u0131lavuzu<\/h2>\n<p>Kol silindirinin do\u011fru montaj\u0131, performans\u0131 ve g\u00fcvenli\u011fi i\u00e7in \u00e7ok \u00f6nemlidir. Ba\u015far\u0131l\u0131 bir montaj i\u00e7in \u015fu ad\u0131mlar\u0131 izleyin:<\/p>\n<ol>\n<li>Makinenin kapat\u0131ld\u0131\u011f\u0131ndan ve t\u00fcm hidrolik bas\u0131nc\u0131n bo\u015falt\u0131ld\u0131\u011f\u0131ndan emin olun.<\/li>\n<li>Silindiri, montaj deliklerini hizalayarak istenilen konuma yerle\u015ftirin.<\/li>\n<li>Silindiri uygun c\u0131vata veya pimler kullanarak g\u00fcvenli bir \u015fekilde tak\u0131n.<\/li>\n<li>Hidrolik hortumlar\u0131 silindirin giri\u015f ve \u00e7\u0131k\u0131\u015f portlar\u0131na ba\u011flay\u0131n.<\/li>\n<li>Hidrolik bas\u0131nc\u0131 kademeli olarak uygulayarak silindirin \u00e7al\u0131\u015fmas\u0131n\u0131 test edin ve d\u00fczg\u00fcn hareket edip etmedi\u011fini kontrol edin.<\/li>\n<\/ol>\n<p><img decoding=\"async\" src=\"https:\/\/www.hydraulic-cylinders.net\/wp-content\/uploads\/2025\/01\/songte-bushings-with-all-kinds-of-excavator-models.webp\"><\/p>\n<h2>G\u00fcvenlik Hususlar\u0131 ve \u00c7evresel Fakt\u00f6rler<\/h2>\n<p>Kol silindirleri kullan\u0131l\u0131rken, kazalar\u0131 \u00f6nlemek ve operat\u00f6r\u00fcn g\u00fcvenli\u011fini sa\u011flamak i\u00e7in g\u00fcvenlik \u00f6nlemleri son derece \u00f6nemlidir. Ba\u015fl\u0131ca g\u00fcvenlik hususlar\u0131 \u015funlard\u0131r:<\/p>\n<ul>\n<li>Kol silindirleriyle donat\u0131lm\u0131\u015f makinelerin do\u011fru kullan\u0131m\u0131 ve \u00e7al\u0131\u015ft\u0131r\u0131lmas\u0131 konusunda operat\u00f6rlerin e\u011fitilmesi.<\/li>\n<li>Bak\u0131m ve ar\u0131za giderme prosed\u00fcrleri i\u00e7in g\u00fcvenlik protokolleri ve y\u00f6nergelerinin uygulanmas\u0131.<\/li>\n<li>Operat\u00f6rlere ve bak\u0131m personeline uygun ki\u015fisel koruyucu ekipman (KKD) sa\u011flanmas\u0131.<\/li>\n<li>Hidrolik s\u0131v\u0131lar\u0131n do\u011fru \u015fekilde kullan\u0131m\u0131 ve bertaraf\u0131 i\u00e7in \u00e7evre d\u00fczenlemelerine uyulmas\u0131.<\/li>\n<\/ul>\n<h2>Ar\u0131za Te\u015fhisi ve Yayg\u0131n Sorunlar<\/h2>\n<p>Dayan\u0131kl\u0131l\u0131klar\u0131na ra\u011fmen, kol silindirlerinde zamanla ar\u0131zalar veya sorunlar ortaya \u00e7\u0131kabilir. Yayg\u0131n sorunlardan baz\u0131lar\u0131 \u015funlard\u0131r:<\/p>\n<ul>\n<li>Contalardan veya ba\u011flant\u0131lardan hidrolik s\u0131v\u0131s\u0131n\u0131n s\u0131zmas\u0131.<\/li>\n<li>Silindirin d\u00fczensiz veya sars\u0131nt\u0131l\u0131 hareketi.<\/li>\n<li>Kald\u0131rma kapasitesinde veya kuvvet \u00e7\u0131k\u0131\u015f\u0131nda azalma.<\/li>\n<li>\u00c7al\u0131\u015fma s\u0131ras\u0131nda a\u015f\u0131r\u0131 g\u00fcr\u00fclt\u00fc veya titre\u015fim.<\/li>\n<li>Kolun tutars\u0131z veya dengesiz pozisyonu.<\/li>\n<\/ul>\n<p>Bu sorunlar\u0131 gidermek i\u00e7in a\u015fa\u011f\u0131daki sorun giderme ad\u0131mlar\u0131n\u0131 izleyin:<\/p>\n<ul>\n<li>A\u015f\u0131nm\u0131\u015f veya hasar g\u00f6rm\u00fc\u015f contalar\u0131 kontrol edin ve gerekirse de\u011fi\u015ftirin.<\/li>\n<li>S\u0131v\u0131 s\u0131z\u0131nt\u0131lar\u0131n\u0131 \u00f6nlemek i\u00e7in gev\u015fek ba\u011flant\u0131lar\u0131 veya rakorlar\u0131 s\u0131k\u0131n.<\/li>\n<li>Hidrolik s\u0131v\u0131 seviyelerini ve kalitesini kontrol edin, gerekti\u011finde tamamlay\u0131n veya de\u011fi\u015ftirin.<\/li>\n<li>S\u00fcrt\u00fcnmeyi azaltmak ve performans\u0131 art\u0131rmak i\u00e7in hareketli par\u00e7alar\u0131 ya\u011flay\u0131n.<\/li>\n<li>Sorun devam ederse, daha fazla yard\u0131m i\u00e7in \u00fcreticiye veya profesyonel bir teknisyene dan\u0131\u015f\u0131n.<\/li>\n<\/ul>\n<p><img decoding=\"async\" src=\"https:\/\/www.hydraulic-cylinders.net\/wp-content\/uploads\/2025\/01\/songte-chushion-collar.webp\"><\/p>\n<p>Makaleyi mant\u0131kl\u0131 bir \u015fekilde d\u00fczenlemeyi ve kolay gezinme i\u00e7in alt ba\u015fl\u0131klar kullanmay\u0131 unutmay\u0131n. Anla\u015f\u0131l\u0131rl\u0131\u011f\u0131 art\u0131rmak ve i\u00e7eri\u011fin a\u00e7\u0131k, \u00f6zl\u00fc ve farkl\u0131 teknik bilgi seviyelerine sahip okuyucular i\u00e7in uygun olmas\u0131n\u0131 sa\u011flamak i\u00e7in ilgili g\u00f6rseller veya grafikler ekleyin.<\/p>\n<h2>\u015eirketimiz Hakk\u0131nda<\/h2>\n<p>Profesyonel bir hidrolik silindir yedek par\u00e7a \u00fcreticisiyiz ve geni\u015f bir \u00fcr\u00fcn yelpazesi sunuyoruz. Hem yurt i\u00e7i hem de uluslararas\u0131 pazarlarda \u00f6nde gelen hidrolik silindir \u00fcreticilerinden ve toptanc\u0131lar\u0131ndan biri haline geldik. M\u00fckemmelli\u011fe olan ba\u011fl\u0131l\u0131\u011f\u0131m\u0131z...<\/p>","protected":false},"excerpt":{"rendered":"<p>Arm Cylinder For Jove JV150 Introduction The arm cylinder is a specialized hydraulic cylinder designed to provide linear motion and power to the arms of various machinery such as excavators, cranes, and robotic arms. It plays a crucial role in hydraulic systems, allowing for efficient movement and control of additional tools or attachments. These cylinders [&hellip;]<\/p>","protected":false},"featured_media":14766,"comment_status":"open","ping_status":"closed","template":"","meta":{"_et_pb_use_builder":"","_et_pb_old_content":"","_et_gb_content_width":""},"product_brand":[],"product_cat":[1497],"product_tag":[1498,1496],"class_list":{"0":"post-16704","1":"product","2":"type-product","3":"status-publish","4":"has-post-thumbnail","6":"product_cat-arm-cylinders","7":"product_tag-arm-cylinders","8":"product_tag-hydraulic-cylinders","10":"first","11":"instock","12":"shipping-taxable","13":"product-type-simple"},"amp_enabled":true,"_links":{"self":[{"href":"https:\/\/www.hydraulic-cylinders.net\/tr\/wp-json\/wp\/v2\/product\/16704","targetHints":{"allow":["GET"]}}],"collection":[{"href":"https:\/\/www.hydraulic-cylinders.net\/tr\/wp-json\/wp\/v2\/product"}],"about":[{"href":"https:\/\/www.hydraulic-cylinders.net\/tr\/wp-json\/wp\/v2\/types\/product"}],"replies":[{"embeddable":true,"href":"https:\/\/www.hydraulic-cylinders.net\/tr\/wp-json\/wp\/v2\/comments?post=16704"}],"wp:featuredmedia":[{"embeddable":true,"href":"https:\/\/www.hydraulic-cylinders.net\/tr\/wp-json\/wp\/v2\/media\/14766"}],"wp:attachment":[{"href":"https:\/\/www.hydraulic-cylinders.net\/tr\/wp-json\/wp\/v2\/media?parent=16704"}],"wp:term":[{"taxonomy":"product_brand","embeddable":true,"href":"https:\/\/www.hydraulic-cylinders.net\/tr\/wp-json\/wp\/v2\/product_brand?post=16704"},{"taxonomy":"product_cat","embeddable":true,"href":"https:\/\/www.hydraulic-cylinders.net\/tr\/wp-json\/wp\/v2\/product_cat?post=16704"},{"taxonomy":"product_tag","embeddable":true,"href":"https:\/\/www.hydraulic-cylinders.net\/tr\/wp-json\/wp\/v2\/product_tag?post=16704"}],"curies":[{"name":"wp","href":"https:\/\/api.w.org\/{rel}","templated":true}]}}