{"id":16708,"date":"2025-01-21T05:48:35","date_gmt":"2025-01-21T05:48:35","guid":{"rendered":"https:\/\/www.hydraulic-cylinders.net\/product\/arm-cylinder-for-tck-hd1225lc-8h\/"},"modified":"2025-01-21T05:48:37","modified_gmt":"2025-01-21T05:48:37","slug":"arm-cylinder-for-tck-hd1225lc-8h","status":"publish","type":"product","link":"https:\/\/www.hydraulic-cylinders.net\/tr\/urun\/arm-cylinder-for-tck-hd1225lc-8h\/","title":{"rendered":"TCK HD1225LC-8H i\u00e7in Kol Silindiri"},"content":{"rendered":"<h2>TCK HD1225LC-8H i\u00e7in Kol Silindiri<\/h2>\n<p>Kol silindiri, ekskavat\u00f6rler, vin\u00e7ler ve robot kollar\u0131 gibi \u00e7e\u015fitli makinelerin koluna do\u011frusal hareket ve g\u00fc\u00e7 sa\u011flamak i\u00e7in kullan\u0131lan \u00f6zel olarak tasarlanm\u0131\u015f bir hidrolik silindirdir. Kol silindiri, hidrolik sistemlerde hayati bir rol oynayarak ek aletlerin veya ata\u015fmanlar\u0131n verimli hareketini ve kontrol\u00fcn\u00fc sa\u011flar. Bu silindirler sadece d\u00fczg\u00fcn hareketi kolayla\u015ft\u0131rmakla kalmaz, ayn\u0131 zamanda a\u011f\u0131r y\u00fckleri de ta\u015f\u0131yarak \u00e7e\u015fitli \u00e7al\u0131\u015fma ko\u015fullar\u0131nda makinelerin verimli \u00e7al\u0131\u015fmas\u0131n\u0131 ve g\u00fcvenilirli\u011fini sa\u011flar.<\/p>\n<p><img decoding=\"async\" src=\"https:\/\/www.hydraulic-cylinders.net\/wp-content\/uploads\/2025\/01\/songte-company-2.webp\" alt=\"Kol Silindiri\" \/><\/p>\n<h2>Kol Silindirinin \u00d6zellikleri:<\/h2>\n<ul>\n<li>Y\u00fcksek Verimli Aktar\u0131m: Kol silindiri, g\u00fc\u00e7l\u00fc do\u011frusal hareket ve kuvvet sa\u011flayarak robot kolunun \u00e7e\u015fitli i\u015flemlerde y\u00fcksek performans g\u00f6stermesini garanti eder.<\/li>\n<li>Hassas Kontrol: Hidrolik sistem sayesinde kol silindiri hassas hareket kontrol\u00fc sa\u011flayarak, ba\u011fl\u0131 aletlerin \u00e7al\u0131\u015fmas\u0131n\u0131 daha esnek ve hassas hale getirir.<\/li>\n<li>Y\u00fcksek Dayan\u0131kl\u0131l\u0131k: Kol silindirleri genellikle y\u00fcksek mukavemetli malzemelerden \u00fcretilir ve zorlu ortamlarda uzun s\u00fcreli kullan\u0131m i\u00e7in uygun, m\u00fckemmel a\u015f\u0131nma ve korozyon direnci sunar.<\/li>\n<li>\u00c7ok Fonksiyonlu Uyarlanabilirlik: Bu silindirler, ekskavat\u00f6rler, vin\u00e7ler ve robot kollar\u0131 gibi \u00e7e\u015fitli makine t\u00fcrlerinde yayg\u0131n olarak kullan\u0131labilir ve farkl\u0131 i\u015f gereksinimlerine uyum sa\u011flar.<\/li>\n<li>Kolay Bak\u0131m: Bak\u0131m ve de\u011fi\u015ftirme kolayl\u0131\u011f\u0131 g\u00f6z \u00f6n\u00fcnde bulundurularak tasarlanan kol silindirleri, d\u00fczenli incelemeleri ve bak\u0131m\u0131 kolayla\u015ft\u0131rarak ekipman ar\u0131za s\u00fcresini azalt\u0131r.<\/li>\n<\/ul>\n<p><img decoding=\"async\" src=\"https:\/\/www.hydraulic-cylinders.net\/wp-content\/uploads\/2025\/01\/songte-oil-pipes-and-spare-parts.webp\" alt=\"Kol Silindiri Yedek Par\u00e7alar\u0131\" \/><\/p>\n<h2>Kol Silindirinin Uygulamalar\u0131:<\/h2>\n<p>Kol silindirleri, a\u015fa\u011f\u0131dakiler de dahil olmak \u00fczere \u00e7e\u015fitli sekt\u00f6rlerde ve senaryolarda uygulama alan\u0131 bulmaktad\u0131r:<\/p>\n<ul>\n<li>\u0130n\u015faat M\u00fchendisli\u011fi: Ekskavat\u00f6rlerde ve vin\u00e7lerde, kol silindirleri toprak ta\u015f\u0131ma, malzeme ta\u015f\u0131ma ve yap\u0131 montaj\u0131 i\u00e7in kep\u00e7elerin veya bomlar\u0131n hareketini kontrol eder.<\/li>\n<li>\u00dcretim: Otomatik \u00fcretim hatlar\u0131nda, kol silindirleri, montaj, kaynak ve malzeme ta\u015f\u0131ma i\u015flemlerinde robot kollar\u0131n\u0131n hareketini kolayla\u015ft\u0131rarak \u00fcretim verimlili\u011fini ve do\u011frulu\u011funu art\u0131r\u0131r.<\/li>\n<li>Tar\u0131m Makineleri: Bi\u00e7erd\u00f6ver ve tohum ekme makineleri gibi tar\u0131m ekipmanlar\u0131nda, kol silindirleri, ekim, g\u00fcbreleme ve hasat gibi g\u00f6revler i\u00e7in \u00e7al\u0131\u015fma kollar\u0131n\u0131n hareketini kontrol eder.<\/li>\n<li>Madencilik: Madencilik ekipmanlar\u0131nda kol silindirleri, cevher \u00e7\u0131karma ve ta\u015f\u0131ma i\u00e7in madencilik makinelerinin kol hareketini kontrol eder.<\/li>\n<li>Lojistik ve Ta\u015f\u0131mac\u0131l\u0131k: Forkliftlerde ve ta\u015f\u0131ma robotlar\u0131nda, kol silindirleri \u00e7atallar\u0131n kald\u0131r\u0131lmas\u0131n\u0131 ve hareketini kontrol ederek malzemelerin ta\u015f\u0131nmas\u0131n\u0131 ve istiflenmesini sa\u011flar.<\/li>\n<\/ul>\n<h2>Tasar\u0131m Hususlar\u0131 ve Se\u00e7im Kriterleri:<\/h2>\n<p>Kol silindirlerinin tasar\u0131m\u0131nda birka\u00e7 \u00f6nemli fakt\u00f6r ve se\u00e7im kriteri \u015fartt\u0131r:<\/p>\n<ul>\n<li>Ta\u015f\u0131ma Kapasitesi: Kol silindiri, gerekli y\u00fckleri ve kuvvetleri ar\u0131za yapmadan ta\u015f\u0131yabilecek \u015fekilde tasarlanmal\u0131d\u0131r.<\/li>\n<li>S\u0131zd\u0131rmazl\u0131k Yetene\u011fi: Etkili s\u0131zd\u0131rmazl\u0131k sa\u011flamak i\u00e7in piston contalar\u0131 ve mil contalar\u0131 gibi \u00e7e\u015fitli s\u0131zd\u0131rmazl\u0131k bile\u015fenleri kullan\u0131l\u0131r. Bu contalar, poli\u00fcretan ve nitril kau\u00e7uk gibi a\u015f\u0131nmaya dayan\u0131kl\u0131 malzemelerden \u00fcretilmi\u015ftir.<\/li>\n<li>Dayan\u0131kl\u0131l\u0131k: Kol silindirleri zorlu \u00e7al\u0131\u015fma ko\u015fullar\u0131na maruz kald\u0131\u011f\u0131ndan, y\u00fcksek dayan\u0131kl\u0131l\u0131k ve a\u015f\u0131nmaya ve korozyona kar\u015f\u0131 diren\u00e7 sunan malzemelerden \u00fcretilmeleri gerekir.<\/li>\n<li>G\u00fcvenlik: Kaza riskini \u00f6nlemek ve operat\u00f6rlerin ve yak\u0131ndaki personelin g\u00fcvenli\u011fini sa\u011flamak i\u00e7in tasar\u0131mda g\u00fcvenlik \u00f6zellikleri yer almal\u0131d\u0131r.<\/li>\n<li>Bak\u0131m Kolayl\u0131\u011f\u0131: Kol silindirleri, bak\u0131m ve onar\u0131m kolayl\u0131\u011f\u0131 sa\u011flayacak \u015fekilde tasarlanmal\u0131, b\u00f6ylece rahat\u00e7a incelenebilir, de\u011fi\u015ftirilebilir ve ya\u011flanabilir olmal\u0131d\u0131r.<\/li>\n<\/ul>\n<p><img decoding=\"async\" src=\"https:\/\/www.hydraulic-cylinders.net\/wp-content\/uploads\/2025\/01\/songte-cylinder-head-with-all-kinds-excavator-models.webp\" alt=\"Silindir Kapa\u011f\u0131\"><\/p>\n<p>Kol silindirlerinin d\u00fczg\u00fcn \u00e7al\u0131\u015fmas\u0131 i\u00e7in s\u0131zd\u0131rmazl\u0131k ve ya\u011flama \u00e7ok \u00f6nemlidir. Hidrolik sistemin b\u00fct\u00fcnl\u00fc\u011f\u00fcn\u00fc korumak i\u00e7in piston contalar\u0131 ve mil contalar\u0131 gibi \u00e7e\u015fitli s\u0131zd\u0131rmazl\u0131k bile\u015fenleri kullan\u0131l\u0131r. Bu contalar, poli\u00fcretan ve nitril kau\u00e7uk gibi dayan\u0131kl\u0131 ve a\u015f\u0131nmaya diren\u00e7li malzemelerden \u00fcretilmi\u015ftir. Ayr\u0131ca, silindir g\u00f6vdesi ve di\u015fli u\u00e7 y\u00fczeyleri a\u015f\u0131nma direncini art\u0131rmak i\u00e7in ince bir \u015fekilde i\u015flenmi\u015ftir. Do\u011fru ya\u011flamay\u0131 sa\u011flamak i\u00e7in hidrolik ya\u011f\u0131n d\u00fczenli olarak yenilenmesi gereklidir.<\/p>\n<h2>D\u00fczenli Muayene ve \u00d6nleyici Bak\u0131m:<\/h2>\n<p>Kol silindirlerinin optimum performans ve uzun \u00f6m\u00fcrl\u00fcl\u00fc\u011f\u00fcn\u00fc sa\u011flamak i\u00e7in d\u00fczenli kontrol ve \u00f6nleyici bak\u0131m \u00f6nerilir. A\u015fa\u011f\u0131daki \u00f6nlemler al\u0131nmal\u0131d\u0131r:<\/p>\n<ul>\n<li>Silindirde s\u0131z\u0131nt\u0131, hasar veya a\u015f\u0131nma olup olmad\u0131\u011f\u0131n\u0131 kontrol edin.<\/li>\n<li>Silindiri d\u00fczenli olarak temizleyerek kir ve d\u00f6k\u00fcnt\u00fclerden ar\u0131nd\u0131r\u0131n.<\/li>\n<li>Hidrolik ya\u011f seviyesini kontrol edin ve gerekti\u011finde tamamlay\u0131n.<\/li>\n<li>Contalar\u0131n d\u00fczg\u00fcn \u00e7al\u0131\u015f\u0131p \u00e7al\u0131\u015fmad\u0131\u011f\u0131n\u0131 kontrol edin ve hasarl\u0131 veya a\u015f\u0131nm\u0131\u015f contalar\u0131 de\u011fi\u015ftirin.<\/li>\n<li>Gev\u015fek ba\u011flant\u0131lar\u0131 ve ba\u011flant\u0131 elemanlar\u0131n\u0131 s\u0131k\u0131n.<\/li>\n<\/ul>\n<h2>\u00dcr\u00fcn Kurulum K\u0131lavuzu:<\/h2>\n<p>Kol silindirlerinin do\u011fru montaj\u0131, optimum performans i\u00e7in \u00e7ok \u00f6nemlidir. \u015eu y\u00f6nergeleri izleyin:<\/p>\n<ul>\n<li>Montaj y\u00fczeyinin temiz ve her t\u00fcrl\u00fc kal\u0131nt\u0131dan ar\u0131nd\u0131r\u0131lm\u0131\u015f oldu\u011fundan emin olun.<\/li>\n<li>Silindiri ve montaj deliklerini do\u011fru \u015fekilde hizalay\u0131n.<\/li>\n<li>Silindiri uygun c\u0131vatalar kullanarak montaj y\u00fczeyine sa\u011flam bir \u015fekilde sabitleyin.<\/li>\n<li>Hidrolik hortumlar\u0131 ve ba\u011flant\u0131 par\u00e7alar\u0131n\u0131 do\u011fru \u015fekilde ba\u011flay\u0131n.<\/li>\n<li>Silindiri tam olarak \u00e7al\u0131\u015ft\u0131rmadan \u00f6nce s\u0131z\u0131nt\u0131 veya anormal davran\u0131\u015f olup olmad\u0131\u011f\u0131n\u0131 kontrol edin.<\/li>\n<\/ul>\n<p><img decoding=\"async\" src=\"https:\/\/www.hydraulic-cylinders.net\/wp-content\/uploads\/2025\/01\/songte-bushings-with-all-kinds-of-excavator-models.webp\" alt=\"Silindir Bur\u00e7lar\u0131\"><\/p>\n<h2>G\u00fcvenlik Hususlar\u0131 ve \u00c7evresel Fakt\u00f6rler:<\/h2>\n<p>Kol silindirleriyle \u00e7al\u0131\u015f\u0131rken g\u00fcvenlik \u00f6nlemleri son derece \u00f6nemlidir. A\u015fa\u011f\u0131daki g\u00fcvenlik \u00f6nlemlerinin al\u0131nmas\u0131, kazalar\u0131 \u00f6nlemeye ve g\u00fcvenli bir \u00e7al\u0131\u015fma ortam\u0131 sa\u011flamaya yard\u0131mc\u0131 olacakt\u0131r:<\/p>\n<ul>\n<li>Kol silindirinin g\u00fcvenli \u00e7al\u0131\u015ft\u0131r\u0131lmas\u0131 ve bak\u0131m\u0131 i\u00e7in \u00fcreticinin t\u00fcm talimatlar\u0131na ve y\u00f6nergelerine uyun.<\/li>\n<li>Hidrolik sistemlerle \u00e7al\u0131\u015f\u0131rken uygun ki\u015fisel koruyucu ekipman (KKD) kullan\u0131n.<\/li>\n<li>G\u00fcvenli\u011fi tehlikeye atabilecek herhangi bir hasar veya a\u015f\u0131nma belirtisi i\u00e7in silindiri d\u00fczenli olarak kontrol edin.<\/li>\n<li>Silindir \u00fczerinde bak\u0131m veya onar\u0131m yaparken uygun kilitleme\/etiketleme prosed\u00fcrlerine uyun.<\/li>\n<\/ul>\n<p>Kol silindirlerindeki ar\u0131zalar\u0131 veya yayg\u0131n sorunlar\u0131 ele al\u0131rken, sorunu do\u011fru bir \u015fekilde te\u015fhis etmek ve uygun \u00e7\u00f6z\u00fcmler sunmak \u00e7ok \u00f6nemlidir. A\u015fa\u011f\u0131da baz\u0131 yayg\u0131n ar\u0131zalar ve bunlar\u0131n giderilmesine y\u00f6nelik ipu\u00e7lar\u0131 yer almaktad\u0131r:<\/p>\n<p>\u2013 Ar\u0131za: Silindirden s\u0131z\u0131nt\u0131<br \/>\n\u00c7\u00f6z\u00fcm: Hasarl\u0131 contalar\u0131 veya O-ringleri kontrol edin ve de\u011fi\u015ftirin.<br \/>\n\u2013 Ar\u0131za: Yetersiz g\u00fc\u00e7 veya yava\u015f hareket<br \/>\n\u00c7\u00f6z\u00fcm: Hidrolik s\u0131v\u0131 seviyesini ve bas\u0131nc\u0131n\u0131 kontrol edin, uygun ya\u011flamay\u0131 sa\u011flay\u0131n ve hidrolik sistemde herhangi bir t\u0131kan\u0131kl\u0131k veya k\u0131s\u0131tlama olup olmad\u0131\u011f\u0131n\u0131 inceleyin.<br \/>\n\u2013 Ar\u0131za: \u00c7al\u0131\u015fma s\u0131ras\u0131nda a\u015f\u0131r\u0131 g\u00fcr\u00fclt\u00fc<br \/>\n\u00c7\u00f6z\u00fcm: C\u0131vata veya montaj braketleri gibi gev\u015fek veya hasarl\u0131 par\u00e7alar\u0131 kontrol edin ve gerekirse s\u0131k\u0131n veya de\u011fi\u015ftirin.<br \/>\n\u2013 Ar\u0131za: Silindir kay\u0131yor veya konumunu koruyam\u0131yor<br \/>\n\u00c7\u00f6z\u00fcm: A\u015f\u0131nm\u0131\u015f contalar\u0131 kontrol edin ve gerekirse de\u011fi\u015ftirin. Ayr\u0131ca, kontrol vanalar\u0131n\u0131 inceleyin ve herhangi bir ar\u0131za olup olmad\u0131\u011f\u0131n\u0131 kontrol edin.<\/p>\n<p><img decoding=\"async\" src=\"https:\/\/www.hydraulic-cylinders.net\/wp-content\/uploads\/2025\/01\/songte-chushion-collar.webp\" alt=\"Yast\u0131k Yaka\"><\/p>\n<p>\u00d6nleyici tedbirler, kol silindirleriyle ilgili potansiyel sorunlar\u0131n olu\u015fma olas\u0131l\u0131\u011f\u0131n\u0131 b\u00fcy\u00fck \u00f6l\u00e7\u00fcde azaltabilir. Baz\u0131 \u00f6nleyici tedbirler \u015funlard\u0131r:<\/p>\n<ul>\n<li>Hidrolik sisteminizi d\u00fczenli olarak kontrol edin ve bak\u0131m\u0131n\u0131 yap\u0131n.<\/li>\n<li>Contalar\u0131 ve di\u011fer a\u015f\u0131nan par\u00e7alar\u0131 \u00f6nerilen aral\u0131klarla de\u011fi\u015ftirin.<\/li>\n<li>Operat\u00f6rlere do\u011fru kullan\u0131m ve bak\u0131m prosed\u00fcrleri konusunda e\u011fitim verin.<\/li>\n<li>Potansiyel sorunlar b\u00fcy\u00fck problemlere d\u00f6n\u00fc\u015fmeden \u00f6nce \u00f6nlem almak i\u00e7in \u00f6nleyici bak\u0131m program\u0131 uygulay\u0131n.<\/li>\n<\/ul>\n<p>\u00d6nde gelen yedek hidrolik silindir \u00fcreticisi olarak, bu hidrolik silindirlerin yerine m\u00fckemmel \u015fekilde ge\u00e7ebilecek geni\u015f bir \u00fcr\u00fcn yelpazesi sunuyoruz. M\u00fckemmel kalitemizle gurur duyuyor ve verimli, hassas ve y\u00fcksek kaliteli \u00fcretim ilkelerine ba\u011fl\u0131 kal\u0131yoruz. Geli\u015fmi\u015f dijital \u00fcretim ekipmanlar\u0131m\u0131z ve profesyonel test sistemlerimizle, \u00fcretim platformumuzu s\u00fcrekli olarak geli\u015ftiriyor ve \u00fcr\u00fcn kalite kontrol s\u00fcre\u00e7lerimizi iyile\u015ftiriyoruz. Amac\u0131m\u0131z, verimlilik, do\u011fruluk ve y\u00fcksek kaliteli \u00fcr\u00fcnlerle m\u00fc\u015fterilerin \u00e7e\u015fitli ihtiya\u00e7lar\u0131n\u0131 kar\u015f\u0131lamakt\u0131r.<\/p>\n<p><img decoding=\"async\" src=\"https:\/\/www.hydraulic-cylinders.net\/wp-content\/uploads\/2025\/01\/songte-company-4.webp\" alt=\"\u015eirket \u0130maj\u0131\"><br \/>\n<img","protected":false},"excerpt":{"rendered":"<p>Arm Cylinder For TCK HD1225LC-8H The arm cylinder is a specially designed hydraulic cylinder that is used to provide linear motion and power to the arm of various types of machinery, such as excavators, cranes, and robotic arms. The arm cylinder plays a crucial role in hydraulic systems, enabling the efficient movement and control of [&hellip;]<\/p>","protected":false},"featured_media":14783,"comment_status":"open","ping_status":"closed","template":"","meta":{"_et_pb_use_builder":"","_et_pb_old_content":"","_et_gb_content_width":""},"product_brand":[],"product_cat":[1497],"product_tag":[1498,1496],"class_list":{"0":"post-16708","1":"product","2":"type-product","3":"status-publish","4":"has-post-thumbnail","6":"product_cat-arm-cylinders","7":"product_tag-arm-cylinders","8":"product_tag-hydraulic-cylinders","10":"first","11":"instock","12":"shipping-taxable","13":"product-type-simple"},"amp_enabled":true,"_links":{"self":[{"href":"https:\/\/www.hydraulic-cylinders.net\/tr\/wp-json\/wp\/v2\/product\/16708","targetHints":{"allow":["GET"]}}],"collection":[{"href":"https:\/\/www.hydraulic-cylinders.net\/tr\/wp-json\/wp\/v2\/product"}],"about":[{"href":"https:\/\/www.hydraulic-cylinders.net\/tr\/wp-json\/wp\/v2\/types\/product"}],"replies":[{"embeddable":true,"href":"https:\/\/www.hydraulic-cylinders.net\/tr\/wp-json\/wp\/v2\/comments?post=16708"}],"wp:featuredmedia":[{"embeddable":true,"href":"https:\/\/www.hydraulic-cylinders.net\/tr\/wp-json\/wp\/v2\/media\/14783"}],"wp:attachment":[{"href":"https:\/\/www.hydraulic-cylinders.net\/tr\/wp-json\/wp\/v2\/media?parent=16708"}],"wp:term":[{"taxonomy":"product_brand","embeddable":true,"href":"https:\/\/www.hydraulic-cylinders.net\/tr\/wp-json\/wp\/v2\/product_brand?post=16708"},{"taxonomy":"product_cat","embeddable":true,"href":"https:\/\/www.hydraulic-cylinders.net\/tr\/wp-json\/wp\/v2\/product_cat?post=16708"},{"taxonomy":"product_tag","embeddable":true,"href":"https:\/\/www.hydraulic-cylinders.net\/tr\/wp-json\/wp\/v2\/product_tag?post=16708"}],"curies":[{"name":"wp","href":"https:\/\/api.w.org\/{rel}","templated":true}]}}