{"id":16716,"date":"2025-01-21T05:49:06","date_gmt":"2025-01-21T05:49:06","guid":{"rendered":"https:\/\/www.hydraulic-cylinders.net\/product\/arm-cylinder-for-sgzg-sd22-9b\/"},"modified":"2025-01-21T05:49:11","modified_gmt":"2025-01-21T05:49:11","slug":"arm-cylinder-for-sgzg-sd22-9b","status":"publish","type":"product","link":"https:\/\/www.hydraulic-cylinders.net\/tr\/urun\/arm-cylinder-for-sgzg-sd22-9b\/","title":{"rendered":"SGZG SD22-9B i\u00e7in Kol Silindiri"},"content":{"rendered":"<h2>SGZG SD22-9B i\u00e7in Kol Silindiri<\/h2>\n<h3>girii\u015f<\/h3>\n<p>Kol silindiri, ekskavat\u00f6rler, vin\u00e7ler ve robot kollar\u0131 gibi \u00e7e\u015fitli makinelerin kollar\u0131na do\u011frusal hareket ve g\u00fc\u00e7 sa\u011flamak i\u00e7in \u00f6zel olarak tasarlanm\u0131\u015f bir hidrolik silindirdir. Kol silindiri, hidrolik sistemde kritik bir rol oynayarak ata\u015fmanlar\u0131n veya aksesuarlar\u0131n etkili hareketini ve kontrol\u00fcn\u00fc sa\u011flar. Bu silindirler sadece d\u00fczg\u00fcn hareket sa\u011flamakla kalmaz, ayn\u0131 zamanda a\u011f\u0131r y\u00fckleri de ta\u015f\u0131yabilir ve \u00e7e\u015fitli \u00e7al\u0131\u015fma ko\u015fullar\u0131 alt\u0131nda makinelerin verimli \u00e7al\u0131\u015fmas\u0131n\u0131 ve g\u00fcvenilirli\u011fini sa\u011flar.<\/p>\n<p><img decoding=\"async\" src=\"https:\/\/www.hydraulic-cylinders.net\/wp-content\/uploads\/2025\/01\/songte-company-2.webp\"><\/p>\n<h3>\u00d6zellikler<\/h3>\n<ul>\n<li><strong>Y\u00fcksek Verimli \u015eanz\u0131man:<\/strong> Kol silindiri, g\u00fc\u00e7l\u00fc do\u011frusal hareket ve kuvvet sa\u011flayarak robot kolunun \u00e7e\u015fitli i\u015flemlerde y\u00fcksek verimlilikte performans g\u00f6stermesini garanti eder.<\/li>\n<li><strong>Hassas Kontrol:<\/strong> Hidrolik sistem sayesinde kol silindiri hassas hareket kontrol\u00fc sa\u011flayabilir, ba\u011fl\u0131 aletlerin \u00e7al\u0131\u015fmas\u0131n\u0131 daha esnek ve hassas hale getirir.<\/li>\n<li><strong>G\u00fc\u00e7l\u00fc Dayan\u0131kl\u0131l\u0131k:<\/strong> Kol silindiri genellikle y\u00fcksek mukavemetli, a\u015f\u0131nma ve korozyon direnci y\u00fcksek malzemelerden \u00fcretilir ve zorlu ortamlarda uzun s\u00fcreli kullan\u0131ma uygundur.<\/li>\n<li><strong>\u00c7ok Fonksiyonlu Uyarlanabilirlik:<\/strong> Bu silindirler, ekskavat\u00f6rler, vin\u00e7ler ve robotik kollar gibi \u00e7e\u015fitli makine t\u00fcrlerinde yayg\u0131n olarak kullan\u0131labilir ve farkl\u0131 \u00e7al\u0131\u015fma gereksinimlerine uyum sa\u011flayabilir.<\/li>\n<li><strong>Kolay Bak\u0131m:<\/strong> Tasar\u0131mda bak\u0131m ve de\u011fi\u015ftirme kolayl\u0131\u011f\u0131 g\u00f6z \u00f6n\u00fcnde bulundurularak d\u00fczenli muayene ve bak\u0131m daha rahat hale getirilir ve ekipman ar\u0131za s\u00fcreleri azalt\u0131l\u0131r.<\/li>\n<\/ul>\n<p>Biz bu \u00fcr\u00fcn\u00fc \u00fcretebiliyoruz ve \u00fcr\u00fcnlerimiz bu hidrolik silindirlerin yerini m\u00fckemmel \u015fekilde alabiliyor.<\/p>\n<p><img decoding=\"async\" src=\"https:\/\/www.hydraulic-cylinders.net\/wp-content\/uploads\/2025\/01\/songte-oil-pipes-and-spare-parts.webp\"><\/p>\n<h3>Uygulamalar<\/h3>\n<p>Kol silindiri \u00e7e\u015fitli alanlarda yayg\u0131n olarak kullan\u0131lmaktad\u0131r, \u00f6rne\u011fin:<\/p>\n<ul>\n<li><strong>\u0130n\u015faat M\u00fchendisli\u011fi:<\/strong> Kaz\u0131c\u0131 makinelerde ve vin\u00e7lerde, kol silindiri, toprak i\u015fleri, malzeme ta\u015f\u0131ma ve yap\u0131 kurulumu i\u00e7in kep\u00e7e veya bomun hareketini kontrol etmek amac\u0131yla kullan\u0131l\u0131r.<\/li>\n<li><strong>\u00dcretme:<\/strong> Otomasyonlu \u00fcretim hatlar\u0131nda, kol silindiri, montaj, kaynak ve ta\u015f\u0131ma s\u00fcre\u00e7lerinde robot kollar\u0131n\u0131n hareket ettirilmesi i\u00e7in kullan\u0131l\u0131r, b\u00f6ylece \u00fcretim verimlili\u011fi ve do\u011frulu\u011fu art\u0131r\u0131l\u0131r.<\/li>\n<li><strong>Tar\u0131m Makinalar\u0131:<\/strong> Bi\u00e7erd\u00f6ver ve ekim makinesi gibi tar\u0131m makinelerinde, kol silindiri, tohum ekme, g\u00fcbreleme ve hasat gibi g\u00f6revler i\u00e7in \u00e7al\u0131\u015fma kollar\u0131n\u0131n hareketini kontrol eder.<\/li>\n<li><strong>Madencilik:<\/strong> Madencilik ekipmanlar\u0131nda, kol silindiri, madenlerin \u00e7\u0131kar\u0131lmas\u0131 ve ta\u015f\u0131nmas\u0131 i\u00e7in madencilik ekipman\u0131n\u0131n kol hareketini kontrol etmek amac\u0131yla kullan\u0131l\u0131r.<\/li>\n<li><strong>Lojistik ve Ta\u015f\u0131mac\u0131l\u0131k:<\/strong> Forkliftlerde ve ta\u015f\u0131ma robotlar\u0131nda, kol silindiri, \u00e7atallar\u0131n kald\u0131rma ve hareketini kontrol ederek malzeme ta\u015f\u0131ma ve istifleme i\u015flemlerini ger\u00e7ekle\u015ftirmek i\u00e7in kullan\u0131l\u0131r.<\/li>\n<\/ul>\n<h3>Tasar\u0131m Hususlar\u0131 ve Se\u00e7im Standartlar\u0131<\/h3>\n<p>Kol silindirinin tasar\u0131m\u0131 ve se\u00e7imi yap\u0131l\u0131rken \u00e7e\u015fitli fakt\u00f6rler g\u00f6z \u00f6n\u00fcnde bulundurulmal\u0131d\u0131r:<\/p>\n<ul>\n<li><strong>Ta\u015f\u0131ma Kapasitesi:<\/strong> Silindir, robot kolunun \u00fcretebilece\u011fi maksimum kuvvete dayanabilecek kapasitede olmal\u0131d\u0131r.<\/li>\n<li><strong>S\u0131zd\u0131rmazl\u0131k:<\/strong> Piston contalar\u0131 ve mil contalar\u0131 gibi \u00e7e\u015fitli s\u0131zd\u0131rmazl\u0131k bile\u015fenleri, s\u0131v\u0131 s\u0131z\u0131nt\u0131s\u0131n\u0131 ve kirlenmeyi \u00f6nlemek i\u00e7in kullan\u0131l\u0131r.<\/li>\n<li><strong>Dayan\u0131kl\u0131l\u0131k:<\/strong> Genellikle y\u00fcksek mukavemetli malzemelerden yap\u0131lan silindirin, zorlu ortamlarda uzun s\u00fcreli kullan\u0131m sa\u011flamak i\u00e7in iyi a\u015f\u0131nma ve korozyon direncine sahip olmas\u0131 gerekir.<\/li>\n<li><strong>Emniyet:<\/strong> \u00c7al\u0131\u015fma s\u0131ras\u0131nda kazalar\u0131 ve yaralanmalar\u0131 \u00f6nlemek i\u00e7in tasar\u0131ma yeterli g\u00fcvenlik \u00f6zellikleri dahil edilmelidir.<\/li>\n<li><strong>Bak\u0131m kolayl\u0131\u011f\u0131:<\/strong> Tasar\u0131mda, ar\u0131za s\u00fcrelerini azaltmak ve g\u00fcvenilir \u00e7al\u0131\u015fmay\u0131 sa\u011flamak i\u00e7in silindir bile\u015fenlerinin bak\u0131m ve de\u011fi\u015ftirme kolayl\u0131\u011f\u0131 dikkate al\u0131nmal\u0131d\u0131r.<\/li>\n<\/ul>\n<p><img decoding=\"async\" src=\"https:\/\/www.hydraulic-cylinders.net\/wp-content\/uploads\/2025\/01\/songte-cylinder-head-with-all-kinds-excavator-models.webp\"><\/p>\n<h3>S\u0131zd\u0131rmazl\u0131k ve Ya\u011flama<\/h3>\n<p>Kol silindiri, s\u0131v\u0131 s\u0131z\u0131nt\u0131s\u0131n\u0131 ve kirlenmeyi \u00f6nlemek i\u00e7in piston contalar\u0131 ve mil contalar\u0131 gibi \u00e7e\u015fitli s\u0131zd\u0131rmazl\u0131k bile\u015fenleri kullan\u0131r. Bu s\u0131zd\u0131rmazl\u0131k bile\u015fenleri genellikle poli\u00fcretan ve nitril kau\u00e7uk gibi a\u015f\u0131nmaya dayan\u0131kl\u0131 malzemelerden yap\u0131l\u0131r. Silindir g\u00f6vdesi ve di\u015fli u\u00e7 y\u00fczeyleri, a\u015f\u0131nma direncini art\u0131rmak i\u00e7in ince i\u015fleme tabi tutulur. Ya\u011flama i\u00e7in uygun hidrolik ya\u011f\u0131n d\u00fczenli olarak eklenmesi gereklidir.<\/p>\n<h3>\u00d6nleyici Bak\u0131m ve Sorun Giderme<\/h3>\n<p>Kol silindirinin g\u00fcvenilir \u00e7al\u0131\u015fmas\u0131n\u0131 sa\u011flamak i\u00e7in d\u00fczenli kontrol ve \u00f6nleyici bak\u0131m \u015fartt\u0131r. Olas\u0131 sorunlar\u0131 te\u015fhis etmek ve \u00e7\u00f6zmek i\u00e7in \u015fu ipu\u00e7lar\u0131n\u0131 ve \u00e7\u00f6z\u00fcmleri izleyin:<\/p>\n<ul>\n<li><strong>\u0130pucu 1:<\/strong> Silindirde herhangi bir a\u015f\u0131nma veya hasar belirtisi olup olmad\u0131\u011f\u0131n\u0131 kontrol edin.<\/li>\n<li><strong>\u00c7\u00f6z\u00fcm:<\/strong> A\u015f\u0131nm\u0131\u015f veya hasar g\u00f6rm\u00fc\u015f par\u00e7alar\u0131 de\u011fi\u015ftirin.<\/li>\n<li><strong>\u0130pucu 2:<\/strong> Hidrolik ya\u011f seviyesini ve kalitesini kontrol edin.<\/li>\n<li><strong>\u00c7\u00f6z\u00fcm:<\/strong> Gerekti\u011finde hidrolik ya\u011f\u0131 ekleyin veya de\u011fi\u015ftirin.<\/li>\n<li><strong>\u0130pucu 3:<\/strong> S\u0131zd\u0131rmazl\u0131k elemanlar\u0131nda hasar veya s\u0131z\u0131nt\u0131 olup olmad\u0131\u011f\u0131n\u0131 kontrol edin.<\/li>\n<li><strong>\u00c7\u00f6z\u00fcm:<\/strong> Hasarl\u0131 s\u0131zd\u0131rmazl\u0131k par\u00e7alar\u0131n\u0131 de\u011fi\u015ftirin.<\/li>\n<li><strong>\u0130pucu 4:<\/strong> \u00c7al\u0131\u015fma bas\u0131nc\u0131n\u0131 ve s\u0131cakl\u0131\u011f\u0131n\u0131 kontrol edin.<\/li>\n<li><strong>\u00c7\u00f6z\u00fcm:<\/strong> Gerekti\u011finde bas\u0131n\u00e7 tahliye vanas\u0131n\u0131 veya s\u0131cakl\u0131k sens\u00f6r\u00fcn\u00fc ayarlay\u0131n veya de\u011fi\u015ftirin.<\/li>\n<\/ul>\n<p>Olas\u0131 sorunlar\u0131 \u00f6nlemek i\u00e7in a\u015fa\u011f\u0131daki \u00f6nleyici tedbirleri uygulay\u0131n:<\/p>\n<ul>\n<li><strong>\u00d6l\u00e7\u00fc 1:<\/strong> \u00dcreticinin \u00f6nerdi\u011fi bak\u0131m program\u0131n\u0131 takip edin.<\/li>\n<li><strong>\u00d6l\u00e7\u00fc 2:<\/strong> Yaln\u0131zca tavsiye edilen hidrolik ya\u011f ve ya\u011flay\u0131c\u0131lar\u0131 kullan\u0131n.<\/li>\n<li><strong>\u00d6l\u00e7\u00fc 3:<\/strong> Maksimum \u00e7al\u0131\u015fma y\u00fck\u00fcn\u00fc veya bas\u0131nc\u0131n\u0131 a\u015fmaktan ka\u00e7\u0131n\u0131n.<\/li>\n<li><strong>\u00d6l\u00e7\u00fct 4:<\/strong> Kullan\u0131lmad\u0131\u011f\u0131 zamanlarda t\u00fcp\u00fc uygun \u015fekilde saklay\u0131n.<\/li>\n<\/ul>\n<p><img decoding=\"async\" src=\"https:\/\/www.hydraulic-cylinders.net\/wp-content\/uploads\/2025\/01\/songte-chushion-collar.webp\"><\/p>\n<h3>Kurulum K\u0131lavuzu<\/h3>\n<p>Kol silindirinin do\u011fru montaj\u0131 i\u00e7in \u015fu ad\u0131mlar\u0131 izleyin:<\/p>\n<ol>\n<li>Silindirin ve robot kolunun montaj y\u00fczeylerinin temiz ve kal\u0131nt\u0131lardan ar\u0131nd\u0131r\u0131lm\u0131\u015f oldu\u011fundan emin olun.<\/li>\n<li>Silindiri montaj braketleriyle hizalay\u0131n ve hidrolik hortumlar\u0131n veya borular\u0131n do\u011fru \u015fekilde ba\u011fland\u0131\u011f\u0131ndan emin olun.<\/li>\n<li>\u00dcreticinin talimatlar\u0131na g\u00f6re montaj c\u0131vatalar\u0131n\u0131 veya somunlar\u0131n\u0131 s\u0131kmak i\u00e7in uygun tork anahtar\u0131n\u0131 kullan\u0131n.<\/li>\n<li>Silindiri \u00f6nerilen hidrolik ya\u011f ile doldurun ve ya\u011f seviyesinin \u00f6nerilen aral\u0131kta oldu\u011fundan emin olun.<\/li>\n<li>Silindirin d\u00fczg\u00fcn \u00e7al\u0131\u015f\u0131p \u00e7al\u0131\u015fmad\u0131\u011f\u0131n\u0131 test edin ve s\u0131z\u0131nt\u0131 veya anormal ses olup olmad\u0131\u011f\u0131n\u0131 kontrol edin.<\/li>\n<\/ol>\n<h3>Hakk\u0131m\u0131zda<\/h3>\n<p>Geni\u015f \u00fcr\u00fcn yelpazesiyle profesyonel bir yedek hidrolik silindir \u00fcreticisiyiz ve hem yurt i\u00e7i hem de uluslararas\u0131 pazarlarda \u00f6nde gelen hidrolik silindir \u00fcreticilerinden ve toptanc\u0131lar\u0131ndan biri haline geldik. Her zaman m\u00fckemmel kalite ilkesine ba\u011fl\u0131 kalarak, ince i\u015f\u00e7ilik gerektiren \u00fcretim at\u00f6lyelerinde end\u00fcstriyel \u00fcretim y\u00f6netim stratejilerine dayanarak, teknik seviyemizi ve \u00fcretim verimlili\u011fimizi s\u00fcrekli olarak geli\u015ftiriyoruz. Y\u00fcksek teknoloji \u00fcr\u00fcn\u00fc dijital \u00fcretim ekipmanlar\u0131 ve profesyonel test sistemleri kullanarak \u00fcretim platformunu optimize ediyor, \u00fcr\u00fcn kalite kontrol s\u00fcrecini iyile\u015ftiriyor ve g\u00fc\u00e7l\u00fc bir inovasyon yetene\u011fine sahibiz. Amac\u0131m\u0131z, verimlilik, do\u011fruluk ve y\u00fcksek kalite ilkeleriyle m\u00fc\u015fterilerin \u00e7e\u015fitli ihtiya\u00e7lar\u0131n\u0131 kar\u015f\u0131lamakt\u0131r.<\/p>\n<p>M\u00fc\u015fterilerimize y\u00fcksek kaliteli \u00fcr\u00fcnler ve m\u00fckemmel hizmet sunmaya kararl\u0131y\u0131z. \u015eirketimiz ISO9001 ve CE gibi uluslararas\u0131 sertifikalara sahiptir ve \u00f6zel gereksinimleri olan m\u00fc\u015fteriler i\u00e7in \u00f6zelle\u015ftirilmi\u015f hizmetler sunmaktad\u0131r. Geli\u015fmi\u015f \u00fcretim ekipmanlar\u0131m\u0131z ve eksiksiz bir sat\u0131\u015f sonras\u0131 servis sistemimiz sayesinde hidrolik silindirlerin \u00fcretimi ve kullan\u0131m\u0131 i\u00e7in g\u00fc\u00e7l\u00fc destek sa\u011fl\u0131yoruz.<\/p>\n<p><img decoding=\"async\" src=\"https:\/\/www.hydraulic-cylinders.net\/wp-content\/uploads\/2025\/01\/songte-company-4.webp\"><br \/>\n<img decoding=\"async\" src=\"https:\/\/www.hydraulic-cylinders.net\/wp-content\/uploads\/2025\/01\/songte-company-3.webp\"><\/p>\n<p>Yazar: lyl<\/p>","protected":false},"excerpt":{"rendered":"<p>Arm Cylinder For SGZG SD22-9B Introduction The arm cylinder is a specially designed hydraulic cylinder that is used primarily for providing linear motion and power to the arms of various types of machinery such as excavators, cranes, and robotic arms. The arm cylinder plays a critical role in the hydraulic system, enabling the effective movement [&hellip;]<\/p>","protected":false},"featured_media":14759,"comment_status":"open","ping_status":"closed","template":"","meta":{"_et_pb_use_builder":"","_et_pb_old_content":"","_et_gb_content_width":""},"product_brand":[],"product_cat":[1497],"product_tag":[1498,1496],"class_list":{"0":"post-16716","1":"product","2":"type-product","3":"status-publish","4":"has-post-thumbnail","6":"product_cat-arm-cylinders","7":"product_tag-arm-cylinders","8":"product_tag-hydraulic-cylinders","10":"first","11":"instock","12":"shipping-taxable","13":"product-type-simple"},"amp_enabled":true,"_links":{"self":[{"href":"https:\/\/www.hydraulic-cylinders.net\/tr\/wp-json\/wp\/v2\/product\/16716","targetHints":{"allow":["GET"]}}],"collection":[{"href":"https:\/\/www.hydraulic-cylinders.net\/tr\/wp-json\/wp\/v2\/product"}],"about":[{"href":"https:\/\/www.hydraulic-cylinders.net\/tr\/wp-json\/wp\/v2\/types\/product"}],"replies":[{"embeddable":true,"href":"https:\/\/www.hydraulic-cylinders.net\/tr\/wp-json\/wp\/v2\/comments?post=16716"}],"wp:featuredmedia":[{"embeddable":true,"href":"https:\/\/www.hydraulic-cylinders.net\/tr\/wp-json\/wp\/v2\/media\/14759"}],"wp:attachment":[{"href":"https:\/\/www.hydraulic-cylinders.net\/tr\/wp-json\/wp\/v2\/media?parent=16716"}],"wp:term":[{"taxonomy":"product_brand","embeddable":true,"href":"https:\/\/www.hydraulic-cylinders.net\/tr\/wp-json\/wp\/v2\/product_brand?post=16716"},{"taxonomy":"product_cat","embeddable":true,"href":"https:\/\/www.hydraulic-cylinders.net\/tr\/wp-json\/wp\/v2\/product_cat?post=16716"},{"taxonomy":"product_tag","embeddable":true,"href":"https:\/\/www.hydraulic-cylinders.net\/tr\/wp-json\/wp\/v2\/product_tag?post=16716"}],"curies":[{"name":"wp","href":"https:\/\/api.w.org\/{rel}","templated":true}]}}