{"id":16717,"date":"2025-01-21T05:49:13","date_gmt":"2025-01-21T05:49:13","guid":{"rendered":"https:\/\/www.hydraulic-cylinders.net\/product\/arm-cylinder-for-sgzg-sd25b\/"},"modified":"2025-01-21T05:49:16","modified_gmt":"2025-01-21T05:49:16","slug":"arm-cylinder-for-sgzg-sd25b","status":"publish","type":"product","link":"https:\/\/www.hydraulic-cylinders.net\/tr\/urun\/arm-cylinder-for-sgzg-sd25b\/","title":{"rendered":"SGZG SD25B i\u00e7in Kol Silindiri"},"content":{"rendered":"<h2>SGZG SD25B i\u00e7in Kol Silindiri<\/h2>\n<h3>Tan\u0131m ve A\u00e7\u0131klama<\/h3>\n<p>Kol silindiri, ekskavat\u00f6rler, vin\u00e7ler ve robot kollar\u0131 gibi \u00e7e\u015fitli makinelerin kollar\u0131na do\u011frusal hareket ve g\u00fc\u00e7 sa\u011flamak i\u00e7in \u00f6zel olarak tasarlanm\u0131\u015f bir hidrolik silindirdir. Kol silindirleri, hidrolik sistemlerde kritik bir rol oynayarak, ba\u011fl\u0131 aletlerin veya aksesuarlar\u0131n etkili hareketini ve kontrol\u00fcn\u00fc sa\u011flar. Bu silindirler sadece d\u00fczg\u00fcn hareket sa\u011flamakla kalmaz, ayn\u0131 zamanda a\u011f\u0131r y\u00fckleri de ta\u015f\u0131yarak, \u00e7e\u015fitli \u00e7al\u0131\u015fma ko\u015fullar\u0131 alt\u0131nda makinelerin verimli \u00e7al\u0131\u015fmas\u0131n\u0131 ve g\u00fcvenilirli\u011fini garanti eder.<\/p>\n<p><img decoding=\"async\" src=\"https:\/\/www.hydraulic-cylinders.net\/wp-content\/uploads\/2025\/01\/songte-company-2.webp\"><\/p>\n<h3>\u00d6zellikler<\/h3>\n<ul>\n<li><strong>Y\u00fcksek Verimli \u015eanz\u0131man:<\/strong> Kol silindirleri, g\u00fc\u00e7l\u00fc do\u011frusal hareket ve kuvvet sa\u011flayarak, mekanik kollar\u0131n \u00e7e\u015fitli i\u015flemlerde y\u00fcksek verimlilikte performans g\u00f6stermesini garanti eder.<\/li>\n<li><strong>Hassas Kontrol:<\/strong> Hidrolik sistemler sayesinde, kol silindirleri hassas hareket kontrol\u00fc sa\u011flayarak, ba\u011fl\u0131 aletlerin \u00e7al\u0131\u015fmas\u0131n\u0131 daha esnek ve do\u011fru hale getirebilir.<\/li>\n<li><strong>Dayan\u0131kl\u0131l\u0131k:<\/strong> Kol silindirleri genellikle y\u00fcksek mukavemetli, a\u015f\u0131nma ve korozyon direnci y\u00fcksek malzemelerden \u00fcretilir ve zorlu ortamlarda uzun s\u00fcreli kullan\u0131ma uygundur.<\/li>\n<li><strong>\u00c7ok Fonksiyonlu Uyarlanabilirlik:<\/strong> Bu silindirler, ekskavat\u00f6rler, vin\u00e7ler ve robot kollar\u0131 gibi \u00e7e\u015fitli mekanik ekipmanlarda yayg\u0131n olarak kullan\u0131labilir ve farkl\u0131 \u00e7al\u0131\u015fma gereksinimlerine uyum sa\u011flayabilir.<\/li>\n<li><strong>Kolay Bak\u0131m:<\/strong> Kolay bak\u0131m ve de\u011fi\u015ftirme imkan\u0131 g\u00f6z \u00f6n\u00fcnde bulundurularak tasarlanan bu \u00fcr\u00fcnler, d\u00fczenli denetim ve bak\u0131m\u0131 daha kolay hale getirerek ekipman ar\u0131za s\u00fcrelerini azalt\u0131r.<\/li>\n<\/ul>\n<p>Biz bu \u00fcr\u00fcn\u00fc \u00fcretebiliyoruz ve \u00fcr\u00fcnlerimiz bu hidrolik silindirlerin yerini m\u00fckemmel \u015fekilde alabiliyor.<\/p>\n<p><img decoding=\"async\" src=\"https:\/\/www.hydraulic-cylinders.net\/wp-content\/uploads\/2025\/01\/songte-oil-pipes-and-spare-parts.webp\"><\/p>\n<h3>Uygulamalar<\/h3>\n<ul>\n<li><strong>\u0130n\u015faat M\u00fchendisli\u011fi:<\/strong> Kaz\u0131c\u0131 makinelerde ve vin\u00e7lerde, kol silindirleri kep\u00e7elerin veya bomlar\u0131n hareketini kontrol etmek, toprak ta\u015f\u0131ma, malzeme ta\u015f\u0131ma ve yap\u0131sal kurulum i\u015flemlerini ger\u00e7ekle\u015ftirmek i\u00e7in kullan\u0131l\u0131r.<\/li>\n<li><strong>\u00dcretim Sanayi:<\/strong> Otomatik \u00fcretim hatlar\u0131nda, robot kollar\u0131n\u0131n hareketini sa\u011flamak i\u00e7in kol silindirleri kullan\u0131l\u0131r; bu silindirler montaj, kaynak ve ta\u015f\u0131ma i\u015flemlerini ger\u00e7ekle\u015ftirerek \u00fcretim verimlili\u011fini ve do\u011frulu\u011funu art\u0131r\u0131r.<\/li>\n<li><strong>Tar\u0131m Makinalar\u0131:<\/strong> Bi\u00e7erd\u00f6ver ve ekim makinesi gibi tar\u0131m makinelerinde, kol silindirleri, tohum ekme, g\u00fcbreleme ve hasat gibi g\u00f6revleri yerine getiren \u00e7al\u0131\u015fma kollar\u0131n\u0131n hareketini kontrol eder.<\/li>\n<li><strong>Madencilik:<\/strong> Madencilik ekipmanlar\u0131nda, kol silindirleri madencilik ekipman\u0131n\u0131n kol hareketini kontrol etmek ve madencilik ve malzeme ta\u015f\u0131ma g\u00f6revlerini yerine getirmek i\u00e7in kullan\u0131l\u0131r.<\/li>\n<li><strong>Lojistik ve Ta\u015f\u0131mac\u0131l\u0131k:<\/strong> Forkliftlerde ve ta\u015f\u0131ma robotlar\u0131nda, malzeme ta\u015f\u0131ma ve istifleme i\u015flemlerini ger\u00e7ekle\u015ftirmek i\u00e7in \u00e7atallar\u0131n kald\u0131r\u0131lmas\u0131n\u0131 ve hareketini kontrol etmek amac\u0131yla kol silindirleri kullan\u0131l\u0131r.<\/li>\n<\/ul>\n<h3>Tasar\u0131m Hususlar\u0131 ve Se\u00e7im Kriterleri<\/h3>\n<ul>\n<li><strong>Ta\u015f\u0131ma Kapasitesi:<\/strong> Kol silindirinin, \u00e7e\u015fitli y\u00fckleri ta\u015f\u0131yabilmesi ve makinenin g\u00fcvenli \u00e7al\u0131\u015fmas\u0131n\u0131 sa\u011flayabilmesi i\u00e7in yeterli ta\u015f\u0131ma kapasitesine ve stabiliteye sahip olmas\u0131 gerekir.<\/li>\n<li><strong>S\u0131zd\u0131rmazl\u0131k:<\/strong> Piston contalar\u0131, mil contalar\u0131 vb. \u00e7e\u015fitli s\u0131zd\u0131rmazl\u0131k bile\u015fenlerinin kullan\u0131m\u0131 ve poli\u00fcretan ve nitril kau\u00e7uk gibi a\u015f\u0131nmaya dayan\u0131kl\u0131 malzemelerin se\u00e7imi, kol silindirlerinin s\u0131zd\u0131rmazl\u0131k performans\u0131n\u0131 art\u0131rabilir.<\/li>\n<li><strong>Dayan\u0131kl\u0131l\u0131k:<\/strong> Y\u00fcksek mukavemetli malzemelerin kullan\u0131m\u0131, y\u00fczey sertle\u015ftirme i\u015flemi ve di\u011fer \u00f6nlemler, kol silindirlerinin dayan\u0131kl\u0131l\u0131\u011f\u0131n\u0131 ve a\u015f\u0131nma direncini art\u0131r\u0131r.<\/li>\n<li><strong>Emniyet:<\/strong> Kol silindirleri, a\u015f\u0131r\u0131 bas\u0131n\u00e7 veya y\u00fckten kaynaklanan kazalar\u0131 \u00f6nlemek i\u00e7in a\u015f\u0131r\u0131 y\u00fck korumas\u0131, emniyet valfleri ve di\u011fer g\u00fcvenlik cihazlar\u0131 gibi g\u00fcvenlik \u00f6zellikleriyle tasarlanmal\u0131d\u0131r.<\/li>\n<li><strong>Bak\u0131m kolayl\u0131\u011f\u0131:<\/strong> Kol silindirlerinin tasar\u0131m\u0131nda, bak\u0131m ve par\u00e7a de\u011fi\u015fiminin kolayl\u0131\u011f\u0131 g\u00f6z \u00f6n\u00fcnde bulundurulmal\u0131, b\u00f6ylece bak\u0131m maliyeti ve s\u00fcresi azalt\u0131lmal\u0131d\u0131r.<\/li>\n<\/ul>\n<p><img decoding=\"async\" src=\"https:\/\/www.hydraulic-cylinders.net\/wp-content\/uploads\/2025\/01\/songte-cylinder-head-with-all-kinds-excavator-models.webp\"><\/p>\n<h3>S\u0131zd\u0131rmazl\u0131k ve Ya\u011flama<\/h3>\n<p>Kol silindirlerinde piston contalar\u0131, mil contalar\u0131 vb. \u00e7e\u015fitli s\u0131zd\u0131rmazl\u0131k bile\u015fenleri kullan\u0131l\u0131r ve s\u0131zd\u0131rmazl\u0131k performans\u0131n\u0131 art\u0131rmak i\u00e7in poli\u00fcretan ve nitril kau\u00e7uk gibi a\u015f\u0131nmaya dayan\u0131kl\u0131 malzemeler se\u00e7ilir. Silindir g\u00f6vdesi ve di\u015fli u\u00e7 y\u00fczeyi, a\u015f\u0131nma direncini art\u0131rmak i\u00e7in ince bir \u015fekilde i\u015flenir. Ya\u011flama i\u00e7in uygun hidrolik ya\u011f\u0131n d\u00fczenli olarak eklenmesi gereklidir.<\/p>\n<h3>Muayene ve \u00d6nleyici Bak\u0131m Tedbirleri<\/h3>\n<ul>\n<li>Kol silindirlerinin d\u00fczenli olarak incelenmesi, ya\u011f s\u0131z\u0131nt\u0131s\u0131, conta hasar\u0131 ve anormal ses olup olmad\u0131\u011f\u0131n\u0131n kontrol edilmesini i\u00e7ermelidir.<\/li>\n<li>\u00d6nleyici bak\u0131m \u00f6nlemleri aras\u0131nda temizlik, s\u0131k\u0131\u015ft\u0131rma ve hasarl\u0131 par\u00e7alar\u0131n de\u011fi\u015ftirilmesi yer al\u0131r.<\/li>\n<li>\u00c7al\u0131\u015ft\u0131rma prosed\u00fcrlerine kesinlikle uyun, a\u015f\u0131r\u0131 y\u00fckleme ve a\u015f\u0131r\u0131 bas\u0131n\u00e7tan ka\u00e7\u0131n\u0131n ve hidrolik sistemi temiz tutarak kirlenmeyi ve kol silindirlerine zarar gelmesini \u00f6nleyin.<\/li>\n<\/ul>\n<h3>\u00dcr\u00fcn Kurulum K\u0131lavuzu<\/h3>\n<ul>\n<li>Montajdan \u00f6nce, ta\u015f\u0131ma veya depolama nedeniyle olu\u015fan hasar veya deformasyon a\u00e7\u0131s\u0131ndan kol silindirini inceleyin.<\/li>\n<li>S\u0131k\u0131 ve g\u00fcvenilir bir ba\u011flant\u0131 sa\u011flamak i\u00e7in montaj y\u00fczeyini ve kol silindirinin di\u015fli ucunu temizleyin.<\/li>\n<li>Kol silindirini okla g\u00f6sterilen y\u00f6ne kesinlikle uygun olarak tak\u0131n ve yanl\u0131\u015f hizalamadan ka\u00e7\u0131n\u0131n.<\/li>\n<li>Montaj s\u0131ras\u0131nda, silindirin di\u015fli ucuna zarar gelmemesi i\u00e7in belirtilen s\u0131kma torkunu a\u015fmay\u0131n.<\/li>\n<\/ul>\n<p><img decoding=\"async\" src=\"https:\/\/www.hydraulic-cylinders.net\/wp-content\/uploads\/2025\/01\/songte-bushings-with-all-kinds-of-excavator-models.webp\"><\/p>\n<h3>G\u00fcvenlik Hususlar\u0131 ve \u00c7evresel Fakt\u00f6rler<\/h3>\n<p>Kol silindirleri kullan\u0131l\u0131rken g\u00fcvenlik her zaman en \u00f6ncelikli konu olmal\u0131d\u0131r. A\u015f\u0131r\u0131 bas\u0131n\u00e7 veya y\u00fckten kaynaklanan kazalar\u0131 \u00f6nlemek i\u00e7in a\u015f\u0131r\u0131 y\u00fck korumas\u0131 ve emniyet valfleri gibi g\u00fcvenlik cihazlar\u0131 tak\u0131lmal\u0131d\u0131r. Ayr\u0131ca, kol silindirlerine zarar gelmemesi i\u00e7in s\u0131cakl\u0131k, nem ve korozyon gibi \u00e7evresel fakt\u00f6rler de dikkate al\u0131nmal\u0131d\u0131r.<\/p>\n<h3>Sorun Giderme ve Yayg\u0131n Sorunlar<\/h3>\n<ul>\n<li>Ya\u011f ka\u00e7a\u011f\u0131: Piston ke\u00e7eleri ve mil ke\u00e7eleri gibi s\u0131zd\u0131rmazl\u0131k bile\u015fenlerini kontrol edin ve gerekirse de\u011fi\u015ftirin.<\/li>\n<li>Anormal ses: Silindir g\u00f6vdesinde veya piston kolunda hasar veya deformasyon olup olmad\u0131\u011f\u0131n\u0131 kontrol edin ve buna g\u00f6re d\u00fczeltici bak\u0131m i\u015flemlerini ger\u00e7ekle\u015ftirin.<\/li>\n<li>Yava\u015f veya dengesiz \u00e7al\u0131\u015fma: Hidrolik sistemde kirlenme veya yetersiz ya\u011flama olup olmad\u0131\u011f\u0131n\u0131 kontrol edin ve gerekirse ya\u011f filtresini ve hidrolik ya\u011f\u0131 ayarlay\u0131n veya de\u011fi\u015ftirin.<\/li>\n<\/ul>\n<p>Kol silindirlerinin g\u00fcvenli ve g\u00fcvenilir \u00e7al\u0131\u015fmas\u0131n\u0131 sa\u011flamak i\u00e7in sorunlar\u0131n zaman\u0131nda ve etkili bir \u015fekilde te\u015fhis edilip \u00e7\u00f6z\u00fclmesi \u00f6nemlidir.<\/p>\n<p><img decoding=\"async\" src=\"https:\/\/www.hydraulic-cylinders.net\/wp-content\/uploads\/2025\/01\/songte-chushion-collar.webp\"><\/p>\n<h3>Hakk\u0131m\u0131zda<\/h3>\n<p>Geni\u015f \u00fcr\u00fcn yelpazesiyle profesyonel bir yedek hidrolik silindir \u00fcreticisiyiz ve hem yurti\u00e7i hem de yurtd\u0131\u015f\u0131 pazarlarda hidrolik silindirlerin \u00f6nde gelen \u00fcreticisi ve toptanc\u0131s\u0131y\u0131z. Her zaman m\u00fckemmel kalite ilkesine ba\u011fl\u0131 kalarak, rafine bir \u00fcretim at\u00f6lyesinin end\u00fcstriyel \u00fcretim y\u00f6netim stratejisine dayanarak teknolojik seviyemizi ve \u00fcretim verimlili\u011fimizi s\u00fcrekli olarak geli\u015ftiriyoruz. Y\u00fcksek teknoloji \u00fcr\u00fcn\u00fc dijital \u00fcretim ekipmanlar\u0131 ve profesyonel test sistemleri kullanarak, \u00fcretim platformunu s\u00fcrekli olarak optimize ediyor, \u00fcr\u00fcn kalite kontrol s\u00fcrecini iyile\u015ftiriyor ve g\u00fc\u00e7l\u00fc inovasyon yeteneklerine sahibiz. Amac\u0131m\u0131z, y\u00fcksek verimlilik, hassasiyet ve y\u00fcksek kalite ilkeleriyle m\u00fc\u015fterilerin \u00e7e\u015fitlendirilmi\u015f ihtiya\u00e7lar\u0131n\u0131 kar\u015f\u0131lamakt\u0131r.<\/p>\n<ul>\n<li><strong>Profesyonellik:<\/strong> Ekibimiz, m\u00fc\u015fterilerine profesyonel ve verimli hizmetler sunmaya kendini adam\u0131\u015f deneyimli m\u00fchendis ve teknisyenlerden olu\u015fmaktad\u0131r.<\/li>\n<li><strong>Uluslararas\u0131 Sertifikasyon:<\/strong> \u00dcr\u00fcnlerimiz ISO9001 kalite y\u00f6netim sistemi sertifikas\u0131n\u0131 alm\u0131\u015ft\u0131r ve d\u00fcnya \u00e7ap\u0131ndaki m\u00fc\u015fterilerimiz taraf\u0131ndan geni\u015f \u00e7apta takdir g\u00f6rm\u00fc\u015ft\u00fcr.<\/li>\n<li><strong>\u00d6zelle\u015ftirme Hizmetleri:<\/strong> \u00dcr\u00fcn boyutu, bas\u0131n\u00e7 ve montaj konumu gibi m\u00fc\u015fterilerin \u00f6zel ihtiya\u00e7lar\u0131na g\u00f6re \u00f6zelle\u015ftirilmi\u015f hizmetler sunuyoruz.<\/li>\n<li><strong>\u00dcretim Ekipmanlar\u0131:<\/strong> \u00dcr\u00fcnlerimizin y\u00fcksek kalitesini sa\u011flamak i\u00e7in CNC i\u015fleme merkezleri, hidrolik silindir test ekipmanlar\u0131 ve otomatik kaynak ekipmanlar\u0131 gibi geli\u015fmi\u015f \u00fcretim ekipmanlar\u0131na sahibiz.<\/li>\n<li><strong>Sat\u0131\u015f Sonras\u0131 Hizmet:<\/strong> M\u00fc\u015fteri memnuniyetini sa\u011flamak amac\u0131yla \u00fcr\u00fcn kurulumu, teknik destek ve bak\u0131m dan\u0131\u015fmanl\u0131\u011f\u0131 da dahil olmak \u00fczere kapsaml\u0131 sat\u0131\u015f sonras\u0131 hizmetler sunuyoruz.<\/li>\n<\/ul>\n<p><img decoding=\"async\" src=\"https:\/\/www.hydraulic-cylinders.net\/wp-content\/uploads\/2025\/01\/songte-company-4.webp\"><br \/>\n<img decoding=\"async\" src=\"https:\/\/www.hydraulic-cylinders.net\/wp-content\/uploads\/2025\/01\/songte-company-3.webp\"><\/p>\n<p>Yazar: lyl<\/p>","protected":false},"excerpt":{"rendered":"<p>Arm Cylinder For SGZG SD25B Definition and Explanation Arm cylinder is a specially designed hydraulic cylinder that is primarily used to provide linear motion and power to the arms of various machinery such as excavators, cranes, and robotic arms. Arm cylinders play a critical role in hydraulic systems, enabling the effective movement and control of [&hellip;]<\/p>","protected":false},"featured_media":14786,"comment_status":"open","ping_status":"closed","template":"","meta":{"_et_pb_use_builder":"","_et_pb_old_content":"","_et_gb_content_width":""},"product_brand":[],"product_cat":[1497],"product_tag":[1498,1496],"class_list":{"0":"post-16717","1":"product","2":"type-product","3":"status-publish","4":"has-post-thumbnail","6":"product_cat-arm-cylinders","7":"product_tag-arm-cylinders","8":"product_tag-hydraulic-cylinders","10":"first","11":"instock","12":"shipping-taxable","13":"product-type-simple"},"amp_enabled":true,"_links":{"self":[{"href":"https:\/\/www.hydraulic-cylinders.net\/tr\/wp-json\/wp\/v2\/product\/16717","targetHints":{"allow":["GET"]}}],"collection":[{"href":"https:\/\/www.hydraulic-cylinders.net\/tr\/wp-json\/wp\/v2\/product"}],"about":[{"href":"https:\/\/www.hydraulic-cylinders.net\/tr\/wp-json\/wp\/v2\/types\/product"}],"replies":[{"embeddable":true,"href":"https:\/\/www.hydraulic-cylinders.net\/tr\/wp-json\/wp\/v2\/comments?post=16717"}],"wp:featuredmedia":[{"embeddable":true,"href":"https:\/\/www.hydraulic-cylinders.net\/tr\/wp-json\/wp\/v2\/media\/14786"}],"wp:attachment":[{"href":"https:\/\/www.hydraulic-cylinders.net\/tr\/wp-json\/wp\/v2\/media?parent=16717"}],"wp:term":[{"taxonomy":"product_brand","embeddable":true,"href":"https:\/\/www.hydraulic-cylinders.net\/tr\/wp-json\/wp\/v2\/product_brand?post=16717"},{"taxonomy":"product_cat","embeddable":true,"href":"https:\/\/www.hydraulic-cylinders.net\/tr\/wp-json\/wp\/v2\/product_cat?post=16717"},{"taxonomy":"product_tag","embeddable":true,"href":"https:\/\/www.hydraulic-cylinders.net\/tr\/wp-json\/wp\/v2\/product_tag?post=16717"}],"curies":[{"name":"wp","href":"https:\/\/api.w.org\/{rel}","templated":true}]}}