{"id":16718,"date":"2025-01-21T05:49:18","date_gmt":"2025-01-21T05:49:18","guid":{"rendered":"https:\/\/www.hydraulic-cylinders.net\/product\/arm-cylinder-for-sgzg-sd25-9\/"},"modified":"2025-01-21T05:49:20","modified_gmt":"2025-01-21T05:49:20","slug":"arm-cylinder-for-sgzg-sd25-9","status":"publish","type":"product","link":"https:\/\/www.hydraulic-cylinders.net\/tr\/urun\/arm-cylinder-for-sgzg-sd25-9\/","title":{"rendered":"SGZG SD25-9 i\u00e7in Kol Silindiri"},"content":{"rendered":"<p>SGZG SD25-9 i\u00e7in Kol Silindiri<\/p>\n<h2>girii\u015f<\/h2>\n<h3>Tan\u0131m ve A\u00e7\u0131klama<\/h3>\n<p>Kol silindiri, ekskavat\u00f6rler, vin\u00e7ler ve mekanik kollar gibi \u00e7e\u015fitli makine t\u00fcrlerinin kollar\u0131na do\u011frusal hareket ve g\u00fc\u00e7 sa\u011flamak i\u00e7in kullan\u0131lan \u00f6zel olarak tasarlanm\u0131\u015f bir hidrolik silindirdir. Hidrolik sistemlerde \u00f6nemli bir rol oynar ve ek aletlerin veya ata\u015fmanlar\u0131n etkili bir \u015fekilde hareket etmesini ve kontrol edilmesini sa\u011flar. Bu silindirler sadece d\u00fczg\u00fcn hareket sa\u011flamakla kalmaz, ayn\u0131 zamanda a\u011f\u0131r y\u00fcklere de dayanarak, \u00e7e\u015fitli \u00e7al\u0131\u015fma ko\u015fullar\u0131nda makinenin verimli ve g\u00fcvenilir \u00e7al\u0131\u015fmas\u0131n\u0131 sa\u011flar.<\/p>\n<p><img decoding=\"async\" src=\"https:\/\/www.hydraulic-cylinders.net\/wp-content\/uploads\/2025\/01\/songte-company-2.webp\" alt=\"Kol Silindiri G\u00f6r\u00fcnt\u00fcs\u00fc\"><\/p>\n<h2>\u00dcr\u00fcn \u00d6zellikleri<\/h2>\n<h3>Verimli G\u00fc\u00e7 Aktar\u0131m\u0131<\/h3>\n<p>Kol silindiri g\u00fc\u00e7l\u00fc do\u011frusal hareket ve kuvvet sa\u011flayarak mekanik kolun \u00e7e\u015fitli i\u015flemlerde y\u00fcksek performans verimlili\u011fine sahip olmas\u0131n\u0131 sa\u011flar.<\/p>\n<h3>Hassas Kontrol<\/h3>\n<p>Hidrolik sistem sayesinde kol silindiri hassas hareket kontrol\u00fc sa\u011flayabilir, bu sayede ek aletlerin \u00e7al\u0131\u015fmas\u0131 daha esnek ve hassas hale gelir.<\/p>\n<h3>G\u00fc\u00e7l\u00fc Dayan\u0131kl\u0131l\u0131k<\/h3>\n<p>Kol silindiri genellikle y\u00fcksek mukavemetli malzemelerden yap\u0131l\u0131r ve iyi a\u015f\u0131nma ve korozyon direncine sahiptir, bu da onu zorlu ortamlarda uzun s\u00fcreli kullan\u0131ma uygun hale getirir.<\/p>\n<h3>\u00c7ok \u0130\u015flevli Uyarlanabilirlik<\/h3>\n<p>Bu silindirler, ekskavat\u00f6rler, vin\u00e7ler ve mekanik kollar gibi \u00e7e\u015fitli mekanik ekipmanlarda farkl\u0131 \u00e7al\u0131\u015fma gereksinimlerine uyum sa\u011flamak amac\u0131yla yayg\u0131n olarak kullan\u0131labilir.<\/p>\n<h3>Kolay Bak\u0131m<\/h3>\n<p>Kol silindirinin tasar\u0131m\u0131, bak\u0131m ve de\u011fi\u015ftirme kolayl\u0131\u011f\u0131n\u0131 g\u00f6z \u00f6n\u00fcnde bulundurarak d\u00fczenli kontrol ve bak\u0131m\u0131 daha rahat hale getirir ve ekipman ar\u0131za s\u00fcresini azalt\u0131r.<\/p>\n<p><img decoding=\"async\" src=\"https:\/\/www.hydraulic-cylinders.net\/wp-content\/uploads\/2025\/01\/songte-oil-pipes-and-spare-parts.webp\" alt=\"\u00dcr\u00fcn G\u00f6rseli\"><\/p>\n<h2>Uygulamalar<\/h2>\n<h3>\u0130n\u015faat M\u00fchendisli\u011fi<\/h3>\n<p>Kol silindirleri, toprak i\u015fleri, malzeme ta\u015f\u0131ma ve yap\u0131 montaj\u0131 gibi i\u015flerde kullan\u0131lan ekskavat\u00f6rlerde ve vin\u00e7lerde kova veya bomlar\u0131n hareketini kontrol etmek i\u00e7in kullan\u0131l\u0131r.<\/p>\n<h3>\u00dcretim Sanayi<\/h3>\n<p>Kol silindirleri, otomatik \u00fcretim hatlar\u0131nda mekanik kollar\u0131n hareketi, montaj, kaynak ve elle\u00e7leme s\u00fcre\u00e7lerinde kullan\u0131larak \u00fcretim verimlili\u011fini ve hassasiyetini art\u0131r\u0131r.<\/p>\n<h3>Tar\u0131m Makinalar\u0131<\/h3>\n<p>Bi\u00e7erd\u00f6ver ve ekim makinesi gibi tar\u0131m makinelerinde bulunan kol silindirleri, ekim, g\u00fcbreleme ve hasat gibi g\u00f6revleri yerine getirmek i\u00e7in \u00e7al\u0131\u015fan kollar\u0131n hareketini kontrol eder.<\/p>\n<h3>Madencilik<\/h3>\n<p>Kol silindirleri, madencilik faaliyetlerinde cevherin \u00e7\u0131kar\u0131lmas\u0131 ve ta\u015f\u0131nmas\u0131 i\u00e7in kullan\u0131lan madencilik ekipmanlar\u0131n\u0131n kol hareketlerini kontrol etmek amac\u0131yla kullan\u0131l\u0131r.<\/p>\n<h3>Lojistik ve Ta\u015f\u0131mac\u0131l\u0131k<\/h3>\n<p>Kol silindirleri, forkliftlerde \u00e7atallar\u0131n kald\u0131r\u0131lmas\u0131n\u0131 ve hareketini kontrol etmek ve malzemeleri ta\u015f\u0131mak ve istiflemek i\u00e7in kullan\u0131lan robotlard\u0131r.<\/p>\n<p><img decoding=\"async\" src=\"https:\/\/www.hydraulic-cylinders.net\/wp-content\/uploads\/2025\/01\/songte-chushion-collar.webp\" alt=\"Uygulama G\u00f6rseli\"><\/p>\n<h2>Tasar\u0131m Hususlar\u0131 ve Se\u00e7im Kriterleri<\/h2>\n<h3>Ta\u015f\u0131ma Kapasitesi<\/h3>\n<p>Kol silindiri, makinenin ve ek alet veya aparatlar\u0131n a\u011f\u0131rl\u0131\u011f\u0131n\u0131 ta\u015f\u0131yabilecek kapasitede olmal\u0131d\u0131r.<\/p>\n<h3>S\u0131zd\u0131rmazl\u0131k Performans\u0131<\/h3>\n<p>Hidrolik s\u0131v\u0131n\u0131n s\u0131zmas\u0131n\u0131 \u00f6nlemek i\u00e7in silindirin iyi bir s\u0131zd\u0131rmazl\u0131k performans\u0131na sahip olmas\u0131 gerekir.<\/p>\n<h3>Dayan\u0131kl\u0131l\u0131k<\/h3>\n<p>Zorlu ortamlarda uzun s\u00fcreli kullan\u0131m sa\u011flamak i\u00e7in kol silindiri y\u00fcksek mukavemetli ve a\u015f\u0131nmaya dayan\u0131kl\u0131 malzemelerden yap\u0131lmal\u0131d\u0131r.<\/p>\n<h3>Emniyet<\/h3>\n<p>Kol silindiri acil durdurma, a\u015f\u0131r\u0131 y\u00fck korumas\u0131, d\u00fc\u015fmeye kar\u015f\u0131 koruma gibi g\u00fcvenli \u00e7al\u0131\u015fmay\u0131 garantileyen \u00f6zelliklere sahip olmal\u0131d\u0131r.<\/p>\n<h3>Bak\u0131m kolayl\u0131\u011f\u0131<\/h3>\n<p>Kol silindirinin tasar\u0131m\u0131, ar\u0131za s\u00fcresini ve bak\u0131m maliyetlerini azaltmak i\u00e7in bak\u0131m kolayl\u0131\u011f\u0131 ve par\u00e7a de\u011fi\u015fimini g\u00f6z \u00f6n\u00fcnde bulundurmal\u0131d\u0131r.<\/p>\n<p><img decoding=\"async\" src=\"https:\/\/www.hydraulic-cylinders.net\/wp-content\/uploads\/2025\/01\/songte-cylinder-head-with-all-kinds-excavator-models.webp\" alt=\"Tasar\u0131m G\u00f6rseli\"><\/p>\n<h2>S\u0131zd\u0131rmazl\u0131k ve Ya\u011flama<\/h2>\n<p>Kol silindiri, a\u015f\u0131nma direncini sa\u011flamak i\u00e7in poli\u00fcretan ve nitril kau\u00e7uk gibi dayan\u0131kl\u0131 malzemelerden yap\u0131lm\u0131\u015f piston conta halkas\u0131 ve rot conta halkas\u0131 gibi \u00e7e\u015fitli contalar kullan\u0131r. Silindir g\u00f6vdesi ve di\u015fli ucu y\u00fczeyi, a\u015f\u0131nma direncini art\u0131rmak i\u00e7in hassas bir i\u015flemden ge\u00e7irilir. Silindirin verimli \u00e7al\u0131\u015fmas\u0131n\u0131 sa\u011flamak i\u00e7in uygun hidrolik ya\u011f kullan\u0131larak d\u00fczenli olarak ya\u011flanmas\u0131 gerekir.<\/p>\n<h2>Bak\u0131m ve \u00d6nleyici Tedbirler<\/h2>\n<h3>D\u00fczenli Muayene<\/h3>\n<p>Kol silindiri, contalarda, pistonlarda ve biyellerde a\u015f\u0131nma ve hasar olup olmad\u0131\u011f\u0131n\u0131 d\u00fczenli olarak kontrol etmelidir. Hasarl\u0131 par\u00e7alar derhal de\u011fi\u015ftirilmelidir.<\/p>\n<h3>\u00d6nleyici Bak\u0131m<\/h3>\n<p>Hidrolik sistemin d\u00fczenli bak\u0131m\u0131, \u00f6rne\u011fin hidrolik ya\u011f\u0131n\u0131n de\u011fi\u015ftirilmesi, kol silindirinin verimli \u00e7al\u0131\u015fmas\u0131n\u0131 sa\u011flar ve kullan\u0131m \u00f6mr\u00fcn\u00fc uzat\u0131r.<\/p>\n<p><img decoding=\"async\" src=\"https:\/\/www.hydraulic-cylinders.net\/wp-content\/uploads\/2025\/01\/songte-bushings-with-all-kinds-of-excavator-models.webp\" alt=\"Bak\u0131m G\u00f6r\u00fcnt\u00fcs\u00fc\"><\/p>\n<h2>Kurulum K\u0131lavuzu<\/h2>\n<p>Montajdan \u00f6nce, montaj y\u00fczeyini iyice temizleyin ve silindir ve bile\u015fenlerinde herhangi bir hasar olup olmad\u0131\u011f\u0131n\u0131 kontrol edin. Silindiri, conta ve contalara zarar vermemeye dikkat ederek \u00fcreticinin talimatlar\u0131na g\u00f6re tak\u0131n. T\u00fcm c\u0131vatalar\u0131 \u00f6nerilen torkta s\u0131k\u0131n ve montajdan sonra herhangi bir s\u0131z\u0131nt\u0131 veya anormal \u00e7al\u0131\u015fma olup olmad\u0131\u011f\u0131n\u0131 kontrol edin.<\/p>\n<h2>G\u00fcvenlik Hususlar\u0131 ve \u00c7evresel Fakt\u00f6rler<\/h2>\n<p>Kol silindiri kullan\u0131l\u0131rken, uygun koruyucu ekipman giymek, \u00fcreticinin talimatlar\u0131na uymak ve g\u00fcvenlik cihazlar\u0131 kullanmak gibi g\u00fcvenlik \u00f6nlemleri, kazalar\u0131 \u00f6nlemek i\u00e7in kritik \u00f6neme sahiptir. \u00c7evre kirlili\u011fini \u00f6nlemek i\u00e7in kol silindiri uygun \u015fekilde imha edilmelidir.<\/p>\n<h2>Sorun Giderme ve Yayg\u0131n Sorunlar<\/h2>\n<p>Kol silindiriyle ilgili baz\u0131 yayg\u0131n sorunlar aras\u0131nda conta s\u0131z\u0131nt\u0131s\u0131, \u00e7al\u0131\u015fma s\u0131ras\u0131nda anormal ses ve yetersiz g\u00fc\u00e7 aktar\u0131m\u0131 yer al\u0131r. Bu sorunlar, contalar, hidrolik ya\u011f ve di\u011fer bile\u015fenler kontrol edilerek te\u015fhis edilebilir. Sorun devam ederse, silindir de\u011fi\u015ftirilmeli veya kalifiye bir teknisyen taraf\u0131ndan onar\u0131lmal\u0131d\u0131r.<\/p>\n<h2>\u00c7\u00f6z\u00fcm<\/h2>\n<p>Geni\u015f \u00fcr\u00fcn yelpazesiyle, yurt i\u00e7i ve yurt d\u0131\u015f\u0131 pazarlarda lider hidrolik silindir \u00fcreticilerinden ve toptan da\u011f\u0131t\u0131c\u0131lar\u0131ndan biri haline gelen profesyonel bir yedek hidrolik silindir \u00fcreticisiyiz. Her zaman m\u00fckemmel kalite ilkesine ba\u011fl\u0131 kal\u0131yor ve teknik seviyemizi ve \u00fcretim verimlili\u011fimizi s\u00fcrekli iyile\u015ftirmek i\u00e7in geli\u015fmi\u015f \u00fcretim at\u00f6lyemizin end\u00fcstriyel \u00fcretim y\u00f6netimi stratejisine g\u00fcveniyoruz. Amac\u0131m\u0131z, m\u00fc\u015fterilerimizin \u00e7e\u015fitli ihtiya\u00e7lar\u0131n\u0131 y\u00fcksek verimlilik, hassasiyet ve y\u00fcksek kalite prensipleriyle kar\u015f\u0131lamakt\u0131r.<\/p>\n<p>Firmam\u0131z ayr\u0131ca uzmanl\u0131\u011f\u0131, uluslararas\u0131 sertifikasyonlar\u0131, \u00f6zelle\u015ftirme hizmetleri, \u00fcretim ekipmanlar\u0131 ve sat\u0131\u015f sonras\u0131 hizmetleriyle de \u00f6v\u00fcnmektedir. <\/p>\n<p><img decoding=\"async\" src=\"https:\/\/www.hydraulic-cylinders.net\/wp-content\/uploads\/2025\/01\/songte-company-4.webp\" alt=\"\u015eirket \u0130maj\u0131\"><br \/>\n<img decoding=\"async\" src=\"https:\/\/www.hydraulic-cylinders.net\/wp-content\/uploads\/2025\/01\/songte-company-3.webp\" alt=\"\u015eirket \u0130maj\u0131\"><\/p>\n<p>Yazar: lyl.<\/p>","protected":false},"excerpt":{"rendered":"<p>Arm Cylinder For SGZG SD25-9 Introduction Definition and Explanation The arm cylinder is a specially designed hydraulic cylinder that is primarily used to provide linear motion and power to the arms of various types of machinery such as excavators, cranes, and mechanical arms. It plays a key role in hydraulic systems, enabling additional tools or [&hellip;]<\/p>","protected":false},"featured_media":14783,"comment_status":"open","ping_status":"closed","template":"","meta":{"_et_pb_use_builder":"","_et_pb_old_content":"","_et_gb_content_width":""},"product_brand":[],"product_cat":[1497],"product_tag":[1498,1496],"class_list":{"0":"post-16718","1":"product","2":"type-product","3":"status-publish","4":"has-post-thumbnail","6":"product_cat-arm-cylinders","7":"product_tag-arm-cylinders","8":"product_tag-hydraulic-cylinders","10":"first","11":"instock","12":"shipping-taxable","13":"product-type-simple"},"amp_enabled":true,"_links":{"self":[{"href":"https:\/\/www.hydraulic-cylinders.net\/tr\/wp-json\/wp\/v2\/product\/16718","targetHints":{"allow":["GET"]}}],"collection":[{"href":"https:\/\/www.hydraulic-cylinders.net\/tr\/wp-json\/wp\/v2\/product"}],"about":[{"href":"https:\/\/www.hydraulic-cylinders.net\/tr\/wp-json\/wp\/v2\/types\/product"}],"replies":[{"embeddable":true,"href":"https:\/\/www.hydraulic-cylinders.net\/tr\/wp-json\/wp\/v2\/comments?post=16718"}],"wp:featuredmedia":[{"embeddable":true,"href":"https:\/\/www.hydraulic-cylinders.net\/tr\/wp-json\/wp\/v2\/media\/14783"}],"wp:attachment":[{"href":"https:\/\/www.hydraulic-cylinders.net\/tr\/wp-json\/wp\/v2\/media?parent=16718"}],"wp:term":[{"taxonomy":"product_brand","embeddable":true,"href":"https:\/\/www.hydraulic-cylinders.net\/tr\/wp-json\/wp\/v2\/product_brand?post=16718"},{"taxonomy":"product_cat","embeddable":true,"href":"https:\/\/www.hydraulic-cylinders.net\/tr\/wp-json\/wp\/v2\/product_cat?post=16718"},{"taxonomy":"product_tag","embeddable":true,"href":"https:\/\/www.hydraulic-cylinders.net\/tr\/wp-json\/wp\/v2\/product_tag?post=16718"}],"curies":[{"name":"wp","href":"https:\/\/api.w.org\/{rel}","templated":true}]}}