{"id":16721,"date":"2025-01-21T05:49:30","date_gmt":"2025-01-21T05:49:30","guid":{"rendered":"https:\/\/www.hydraulic-cylinders.net\/product\/arm-cylinder-for-tls-hde18\/"},"modified":"2025-01-21T05:49:32","modified_gmt":"2025-01-21T05:49:32","slug":"arm-cylinder-for-tls-hde18","status":"publish","type":"product","link":"https:\/\/www.hydraulic-cylinders.net\/tr\/urun\/arm-cylinder-for-tls-hde18\/","title":{"rendered":"TLS HDE18 i\u00e7in Kol Silindiri"},"content":{"rendered":"<p>TLS HDE18 i\u00e7in Kol Silindiri<\/p>\n<p>girii\u015f<\/p>\n<p>Kol silindiri, ekskavat\u00f6rler, vin\u00e7ler ve mekanik kollar gibi \u00e7e\u015fitli makineler i\u00e7in do\u011frusal hareket ve g\u00fc\u00e7 sa\u011flayan \u00f6zel olarak tasarlanm\u0131\u015f bir hidrolik silindirdir. Hidrolik sistemde \u00f6nemli bir rol oynar ve ata\u015fmanlar\u0131n veya aksesuarlar\u0131n etkili bir \u015fekilde hareket etmesini ve kontrol edilmesini sa\u011flar. Bu silindirler sadece d\u00fczg\u00fcn hareket sa\u011flamakla kalmaz, ayn\u0131 zamanda a\u011f\u0131r y\u00fcklere de dayanarak makinelerin \u00e7e\u015fitli \u00e7al\u0131\u015fma ko\u015fullar\u0131nda verimli ve g\u00fcvenilir \u00e7al\u0131\u015fmas\u0131n\u0131 sa\u011flar.<\/p>\n<p><img decoding=\"async\" src=\"https:\/\/www.hydraulic-cylinders.net\/wp-content\/uploads\/2025\/01\/songte-company-2.webp\" alt=\"Kol Silindiri\" \/><\/p>\n<p>Tan\u0131m ve A\u00e7\u0131klama<\/p>\n<p>Kol silindiri, ekskavat\u00f6rler, vin\u00e7ler ve mekanik kollar gibi \u00e7e\u015fitli makinelere do\u011frusal hareket ve g\u00fc\u00e7 sa\u011flamak \u00fczere tasarlanm\u0131\u015f bir hidrolik silindir t\u00fcr\u00fcd\u00fcr. Hidrolik sistemde \u00f6nemli bir rol oynar ve ata\u015fmanlar\u0131n veya aksesuarlar\u0131n etkili bir \u015fekilde hareket etmesini ve kontrol edilmesini sa\u011flar. Bu silindirler sadece d\u00fczg\u00fcn hareket sa\u011flamakla kalmaz, ayn\u0131 zamanda a\u011f\u0131r y\u00fcklere de dayanarak makinelerin \u00e7e\u015fitli \u00e7al\u0131\u015fma ko\u015fullar\u0131nda verimli ve g\u00fcvenilir \u00e7al\u0131\u015fmas\u0131n\u0131 sa\u011flar.<\/p>\n<p>\u00d6zellikler<\/p>\n<p>Kol silindiri, onu \u00e7e\u015fitli makine t\u00fcrlerinin vazge\u00e7ilmez bir bile\u015feni haline getiren bir\u00e7ok temel \u00f6zelli\u011fe sahiptir. Bu \u00f6zelliklerden baz\u0131lar\u0131 \u015funlard\u0131r:<\/p>\n<p>1. Y\u00fcksek verimli \u015fanz\u0131man: Kol silindiri g\u00fc\u00e7l\u00fc do\u011frusal hareket ve kuvvet sa\u011flayarak, mekanik kolun \u00e7e\u015fitli i\u015flemlerde y\u00fcksek verimli performans g\u00f6stermesini sa\u011flar.<\/p>\n<p>2. Hassas kontrol: Hidrolik sistem sayesinde kol silindiri hassas hareket kontrol\u00fc sa\u011flayabilir, bu da ata\u015fmanlar\u0131n \u00e7al\u0131\u015fmas\u0131n\u0131 daha esnek ve hassas hale getirir.<\/p>\n<p>3. G\u00fc\u00e7l\u00fc dayan\u0131kl\u0131l\u0131k: Kol silindiri genellikle iyi a\u015f\u0131nma direncine ve korozyon direncine sahip, zorlu ortamlarda uzun s\u00fcreli kullan\u0131ma uygun y\u00fcksek mukavemetli malzemelerden yap\u0131l\u0131r.<\/p>\n<p>4. \u00c7ok i\u015flevli uyarlanabilirlik: Bu silindirler, farkl\u0131 i\u015f gereksinimlerini kar\u015f\u0131lamak i\u00e7in ekskavat\u00f6rler, vin\u00e7ler ve mekanik kollar gibi \u00e7e\u015fitli makine tiplerinde yayg\u0131n olarak kullan\u0131labilir.<\/p>\n<p>5. Kolay bak\u0131m: Tasar\u0131m, kolay bak\u0131m ve de\u011fi\u015ftirmeyi g\u00f6z \u00f6n\u00fcnde bulundurarak d\u00fczenli muayene ve bak\u0131m\u0131 daha kolay hale getirir ve ekipman ar\u0131za s\u00fcresini azalt\u0131r.<\/p>\n<p>\u00dcr\u00fcnlerimiz<\/p>\n<p>Firmam\u0131z yedek hidrolik silindir \u00fcretiminde uzmanla\u015fm\u0131\u015ft\u0131r. \u00dcr\u00fcnlerimiz bu hidrolik silindirlerin yerini m\u00fckemmel \u015fekilde alabilir.<\/p>\n<p><img decoding=\"async\" src=\"https:\/\/www.hydraulic-cylinders.net\/wp-content\/uploads\/2025\/01\/songte-oil-pipes-and-spare-parts.webp\" alt=\"Petrol Borular\u0131 ve Yedek Par\u00e7alar\u0131\" \/><\/p>\n<p>Uygulamalar<\/p>\n<p>Kol silindiri \u00e7e\u015fitli alanlarda yayg\u0131n olarak kullan\u0131l\u0131r, \u00f6rne\u011fin:<\/p>\n<p>1. \u0130n\u015faat m\u00fchendisli\u011fi: Ekskavat\u00f6rlerde ve vin\u00e7lerde, kol silindirleri kaz\u0131, malzeme ta\u015f\u0131ma ve yap\u0131 montaj\u0131 i\u00e7in kovalar\u0131n veya bomlar\u0131n hareketini kontrol etmek i\u00e7in kullan\u0131l\u0131r.<\/p>\n<p>2. \u00dcretim end\u00fcstrisi: Otomatik \u00fcretim hatlar\u0131nda, kol silindirleri, montaj, kaynak ve ta\u015f\u0131ma s\u00fcre\u00e7lerinde mekanik kollar\u0131n hareketini kontrol etmek i\u00e7in kullan\u0131l\u0131r ve \u00fcretim verimlili\u011fini ve do\u011frulu\u011funu art\u0131r\u0131r.<\/p>\n<p>3. Tar\u0131m makineleri: Harvester ve mibzer gibi tar\u0131m makinelerinde, kol silindirleri ekim, g\u00fcbreleme ve hasat g\u00f6revlerinde \u00e7al\u0131\u015fma kolunun hareketini kontrol etmek i\u00e7in kullan\u0131l\u0131r.<\/p>\n<p>4. Madencilik: Madencilik ekipmanlar\u0131nda, kol silindirleri, cevherlerin \u00e7\u0131kar\u0131lmas\u0131 ve ta\u015f\u0131nmas\u0131 i\u00e7in madencilik ekipmanlar\u0131n\u0131n kolunun hareketini kontrol etmek amac\u0131yla kullan\u0131l\u0131r.<\/p>\n<p>5. Lojistik ve ta\u015f\u0131mac\u0131l\u0131k: Forkliftlerde ve ta\u015f\u0131ma robotlar\u0131nda, malzeme ta\u015f\u0131ma ve istifleme i\u00e7in \u00e7atallar\u0131n kald\u0131r\u0131lmas\u0131n\u0131 ve hareketini kontrol etmek amac\u0131yla kol silindirleri kullan\u0131l\u0131r.<\/p>\n<p>Tasar\u0131m Hususlar\u0131 ve Se\u00e7im Kriterleri<\/p>\n<p>Kol silindirleri tasarlan\u0131rken ve se\u00e7ilirken a\u015fa\u011f\u0131daki gibi \u00e7e\u015fitli fakt\u00f6rlerin g\u00f6z \u00f6n\u00fcnde bulundurulmas\u0131 gerekir:<\/p>\n<p>1. Y\u00fck ta\u015f\u0131ma kapasitesi: Kol silindirlerinin, ek par\u00e7alar\u0131n ve aksesuarlar\u0131n a\u011f\u0131rl\u0131\u011f\u0131na dayanacak yeterli y\u00fck ta\u015f\u0131ma kapasitesine sahip olmas\u0131 gerekir.<\/p>\n<p>2. S\u0131zd\u0131rmazl\u0131k performans\u0131: Hidrolik s\u0131v\u0131 s\u0131z\u0131nt\u0131s\u0131n\u0131 \u00f6nlemek ve verimli \u00e7al\u0131\u015fmay\u0131 sa\u011flamak i\u00e7in kol silindirlerinin iyi s\u0131zd\u0131rmazl\u0131k performans\u0131na sahip olmas\u0131 gerekir.<\/p>\n<p>3. Dayan\u0131kl\u0131l\u0131k: Kol silindirlerinin zorlu ortamlara dayanabilmesi i\u00e7in iyi a\u015f\u0131nma ve korozyon direncine sahip y\u00fcksek mukavemetli malzemelerden yap\u0131lmas\u0131 gerekir.<\/p>\n<p>4. G\u00fcvenlik: Kazalar\u0131 \u00f6nlemek i\u00e7in kol silindirlerinin bas\u0131n\u00e7 tahliye valfleri ve acil durdurma anahtarlar\u0131 gibi g\u00fcvenlik \u00f6zellikleriyle tasarlanmas\u0131 gerekir.<\/p>\n<p>5. Bak\u0131m kolayl\u0131\u011f\u0131: Kol silindirlerinin kolay bak\u0131m ve onar\u0131m i\u00e7in tasarlanmas\u0131 gerekir; bu sayede ekipman ar\u0131za s\u00fcreleri ve bak\u0131m maliyetleri azalt\u0131l\u0131r.<\/p>\n<p><img decoding=\"async\" src=\"https:\/\/www.hydraulic-cylinders.net\/wp-content\/uploads\/2025\/01\/songte-cylinder-head-with-all-kinds-excavator-models.webp\" alt=\"Silindir Kapa\u011f\u0131\" \/><\/p>\n<p>S\u0131zd\u0131rmazl\u0131k ve Ya\u011flama<\/p>\n<p>Verimli \u00e7al\u0131\u015fma ve uzun hizmet \u00f6mr\u00fc sa\u011flamak i\u00e7in, kol silindirlerinin iyi s\u0131zd\u0131rmazl\u0131k ve ya\u011flamaya sahip olmas\u0131 gerekir. Bu, poli\u00fcretan ve nitril kau\u00e7uk gibi a\u015f\u0131nmaya dayan\u0131kl\u0131 malzemelerden yap\u0131lm\u0131\u015f piston contalar\u0131 ve piston kolu contalar\u0131 gibi \u00e7e\u015fitli s\u0131zd\u0131rmazl\u0131k bile\u015fenleri kullan\u0131larak sa\u011flanabilir. Silindir g\u00f6vdesi ve di\u015fli ucu y\u00fczeyinin a\u015f\u0131nma direncini art\u0131rmak i\u00e7in hassas bir \u015fekilde i\u015flenmesi gerekir. Ya\u011flama i\u00e7in d\u00fczenli olarak uygun hidrolik ya\u011f eklenmesi de gereklidir.<\/p>\n<p>D\u00fczenli Muayene ve \u00d6nleyici Bak\u0131m<\/p>\n<p>D\u00fczenli muayene ve \u00f6nleyici bak\u0131m, sorunlar\u0131 etkili bir \u015fekilde te\u015fhis edip \u00e7\u00f6zebilir. \u00d6nleyici tedbirlerden baz\u0131lar\u0131 \u015funlard\u0131r:<\/p>\n<p>1. Hidrolik s\u0131v\u0131 s\u0131z\u0131nt\u0131s\u0131n\u0131 ve s\u0131zd\u0131rmazl\u0131k elemanlar\u0131n\u0131n a\u015f\u0131nmas\u0131n\u0131 d\u00fczenli olarak kontrol edin.<\/p>\n<p>2. Silindir g\u00f6vdesinin y\u00fczeyini ve di\u015flerini a\u015f\u0131nma ve korozyon a\u00e7\u0131s\u0131ndan d\u00fczenli olarak kontrol edin.<\/p>\n<p>3. Bas\u0131n\u00e7 tahliye vanas\u0131n\u0131n ve acil durdurma anahtar\u0131n\u0131n d\u00fczg\u00fcn \u00e7al\u0131\u015ft\u0131\u011f\u0131n\u0131 d\u00fczenli olarak kontrol edin.<\/p>\n<p>4. Ya\u011flama i\u00e7in d\u00fczenli olarak uygun hidrolik ya\u011f\u0131 ekleyin.<\/p>\n<p>5. Verimli \u00e7al\u0131\u015fmay\u0131 sa\u011flamak i\u00e7in a\u015f\u0131nm\u0131\u015f veya hasarl\u0131 bile\u015fenleri d\u00fczenli olarak de\u011fi\u015ftirin.<\/p>\n<p>Kurulum K\u0131lavuzu<\/p>\n<p>Kol silindirinin do\u011fru \u015fekilde tak\u0131lmas\u0131n\u0131 sa\u011flamak i\u00e7in a\u015fa\u011f\u0131daki ad\u0131mlar\u0131 izleyin:<\/p>\n<p>1. Kol silindirinin montaj y\u00fczeyini ve makinenin montaj y\u00fczeyini temizleyin.<\/p>\n<p>2. Kol silindirini montaj y\u00fczeyine yerle\u015ftirin ve belirtilen torka kadar s\u0131k\u0131n.<\/p>\n<p>3. Hidrolik hortumlar\u0131 veya borular\u0131 kol silindirinin giri\u015f ve \u00e7\u0131k\u0131\u015f portlar\u0131na ba\u011flay\u0131n.<\/p>\n<p>4. Hidrolik sistemi hidrolik ya\u011f ile doldurun.<\/p>\n<p>5. Kol silindirinin \u00e7al\u0131\u015fmas\u0131n\u0131 test edin.<\/p>\n<p><img decoding=\"async\" src=\"https:\/\/www.hydraulic-cylinders.net\/wp-content\/uploads\/2025\/01\/songte-bushings-with-all-kinds-of-excavator-models.webp\" alt=\"Bur\u00e7lar\" \/><\/p>\n<p>G\u00fcvenlik Hususlar\u0131 ve \u00c7evresel Fakt\u00f6rler<\/p>\n<p>Kol silindirleri kullan\u0131l\u0131rken, koruyucu giysi ve eldiven giymek, hidrolik s\u0131v\u0131s\u0131yla do\u011frudan temastan ka\u00e7\u0131nmak ve uygun \u00e7al\u0131\u015fma prosed\u00fcrlerini izlemek gibi kazalar\u0131 \u00f6nlemek i\u00e7in g\u00fcvenlik \u00f6nlemlerinin al\u0131nmas\u0131 gerekir.<\/p>\n<p>\u00c7evresel fakt\u00f6rler a\u00e7\u0131s\u0131ndan bak\u0131ld\u0131\u011f\u0131nda, kol silindirlerinin enerji t\u00fcketimini azaltma, at\u0131k ve kirlili\u011fi en aza indirme, geri d\u00f6n\u00fc\u015f\u00fcm gibi \u00e7evresel hususlar g\u00f6z \u00f6n\u00fcnde bulundurularak tasarlanmas\u0131 ve \u00fcretilmesi gerekmektedir.<\/p>\n<p>Sorun Giderme ve Yayg\u0131n Sorunlar<\/p>\n<p>Kol silindirleriyle ilgili baz\u0131 yayg\u0131n sorunlar aras\u0131nda hidrolik s\u0131v\u0131 s\u0131z\u0131nt\u0131s\u0131, yetersiz y\u00fck ta\u015f\u0131ma kapasitesi ve bas\u0131n\u00e7 tahliye valfinin ar\u0131zalanmas\u0131 yer al\u0131r. Bu sorunlar\u0131 te\u015fhis etmek ve \u00e7\u00f6zmek i\u00e7in a\u015fa\u011f\u0131daki sorun giderme ipu\u00e7lar\u0131n\u0131 izleyin:<\/p>\n<p>1. Hidrolik s\u0131v\u0131 s\u0131z\u0131nt\u0131s\u0131n\u0131 kontrol edin ve a\u015f\u0131nm\u0131\u015f veya hasarl\u0131 s\u0131zd\u0131rmazl\u0131k bile\u015fenlerini de\u011fi\u015ftirin.<\/p>\n<p>2. Kol silindirinin y\u00fck ta\u015f\u0131ma kapasitesini kontrol edin ve gerekirse daha y\u00fcksek kapasiteli bir silindirle de\u011fi\u015ftirin.<\/p>\n<p>3. Bas\u0131n\u00e7 tahliye vanas\u0131n\u0131n d\u00fczg\u00fcn \u00e7al\u0131\u015f\u0131p \u00e7al\u0131\u015fmad\u0131\u011f\u0131n\u0131 kontrol edin ve gerekirse de\u011fi\u015ftirin.<\/p>\n<p>Olas\u0131 sorunlar\u0131 en aza indirmek i\u00e7in \u00f6nleyici tedbirler aras\u0131nda d\u00fczenli kontrol ve bak\u0131m yap\u0131lmas\u0131 ve yeterli y\u00fck ta\u015f\u0131ma kapasitesine sahip kol silindirlerinin kullan\u0131lmas\u0131 yer al\u0131r.<\/p>\n<p><img decoding=\"async\" src=\"https:\/\/www.hydraulic-cylinders.net\/wp-content\/uploads\/2025\/01\/songte-chushion-collar.webp\" alt=\"Chushion Yaka\" \/><\/p>\n<p>\u015eirket Tan\u0131t\u0131m\u0131<\/p>\n<p>\u015eirketimiz, geni\u015f bir \u00fcr\u00fcn yelpazesine sahip profesyonel bir yedek hidrolik silindir \u00fcreticisi olup, yurt i\u00e7i ve yurt d\u0131\u015f\u0131 pazarlarda lider hidrolik silindir \u00fcreticilerinden ve toptan da\u011f\u0131t\u0131mc\u0131lar\u0131ndan biri haline gelmi\u015ftir. Her zaman m\u00fckemmel kalite ilkesine ba\u011fl\u0131 kalarak, geli\u015fmi\u015f \u00fcretim at\u00f6lyelerimiz ve end\u00fcstriyel \u00fcretim y\u00f6netimi stratejilerimizle teknik seviyemizi ve \u00fcretim verimlili\u011fimizi s\u00fcrekli olarak geli\u015ftiriyoruz. \u00dcst d\u00fczey dijital \u00fcretim ekipmanlar\u0131 ve profesyonel test sistemleri sunarak, \u00fcretim platformumuzu optimize ediyor ve g\u00fc\u00e7l\u00fc inovasyon yeteneklerimizle \u00fcr\u00fcn kalite kontrol s\u00fcrecini iyile\u015ftiriyoruz. Amac\u0131m\u0131z, y\u00fcksek verimlilik, do\u011fruluk ve y\u00fcksek kalite ilkeleriyle m\u00fc\u015fterilerimizin \u00e7e\u015fitli ihtiya\u00e7lar\u0131n\u0131 kar\u015f\u0131lamakt\u0131r.<\/p>\n<p>Firmam\u0131z m\u00fc\u015fterilerine kusursuz bir deneyim sunmak i\u00e7in profesyonel, uluslararas\u0131 sertifikal\u0131, \u00f6zelle\u015ftirilmi\u015f hizmetler, geli\u015fmi\u015f \u00fcretim ekipmanlar\u0131 ve m\u00fckemmel sat\u0131\u015f sonras\u0131 hizmeti sunmaktad\u0131r.<\/p>\n<p><img decoding=\"async\" src=\"https:\/\/www.hydraulic-cylinders.net\/wp-content\/uploads\/2025\/01\/songte-company-4.webp\" alt=\"\u015eirket\" \/><\/p>\n<p><img decoding=\"async\" src=\"https:\/\/www.hydraulic-cylinders.net\/wp-content\/uploads\/2025\/01\/songte-company-3.webp\" alt=\"\u015eirket\" \/><\/p>\n<p>Yazar: lyl<\/p>","protected":false},"excerpt":{"rendered":"<p>Arm Cylinder For TLS HDE18 Introduction Arm cylinder is a specially designed hydraulic cylinder that provides linear motion and power for various kinds of machinery, such as excavators, cranes, and mechanical arms. It plays a crucial role in the hydraulic system, enabling attachments or accessories to move and control effectively. These cylinders not only achieve [&hellip;]<\/p>","protected":false},"featured_media":14774,"comment_status":"open","ping_status":"closed","template":"","meta":{"_et_pb_use_builder":"","_et_pb_old_content":"","_et_gb_content_width":""},"product_brand":[],"product_cat":[1497],"product_tag":[1498,1496],"class_list":{"0":"post-16721","1":"product","2":"type-product","3":"status-publish","4":"has-post-thumbnail","6":"product_cat-arm-cylinders","7":"product_tag-arm-cylinders","8":"product_tag-hydraulic-cylinders","10":"first","11":"instock","12":"shipping-taxable","13":"product-type-simple"},"amp_enabled":true,"_links":{"self":[{"href":"https:\/\/www.hydraulic-cylinders.net\/tr\/wp-json\/wp\/v2\/product\/16721","targetHints":{"allow":["GET"]}}],"collection":[{"href":"https:\/\/www.hydraulic-cylinders.net\/tr\/wp-json\/wp\/v2\/product"}],"about":[{"href":"https:\/\/www.hydraulic-cylinders.net\/tr\/wp-json\/wp\/v2\/types\/product"}],"replies":[{"embeddable":true,"href":"https:\/\/www.hydraulic-cylinders.net\/tr\/wp-json\/wp\/v2\/comments?post=16721"}],"wp:featuredmedia":[{"embeddable":true,"href":"https:\/\/www.hydraulic-cylinders.net\/tr\/wp-json\/wp\/v2\/media\/14774"}],"wp:attachment":[{"href":"https:\/\/www.hydraulic-cylinders.net\/tr\/wp-json\/wp\/v2\/media?parent=16721"}],"wp:term":[{"taxonomy":"product_brand","embeddable":true,"href":"https:\/\/www.hydraulic-cylinders.net\/tr\/wp-json\/wp\/v2\/product_brand?post=16721"},{"taxonomy":"product_cat","embeddable":true,"href":"https:\/\/www.hydraulic-cylinders.net\/tr\/wp-json\/wp\/v2\/product_cat?post=16721"},{"taxonomy":"product_tag","embeddable":true,"href":"https:\/\/www.hydraulic-cylinders.net\/tr\/wp-json\/wp\/v2\/product_tag?post=16721"}],"curies":[{"name":"wp","href":"https:\/\/api.w.org\/{rel}","templated":true}]}}