{"id":16722,"date":"2025-01-21T05:49:34","date_gmt":"2025-01-21T05:49:34","guid":{"rendered":"https:\/\/www.hydraulic-cylinders.net\/product\/arm-cylinder-for-carter-ct18-7bs\/"},"modified":"2025-01-21T05:49:35","modified_gmt":"2025-01-21T05:49:35","slug":"arm-cylinder-for-carter-ct18-7bs","status":"publish","type":"product","link":"https:\/\/www.hydraulic-cylinders.net\/tr\/urun\/arm-cylinder-for-carter-ct18-7bs\/","title":{"rendered":"Carter CT18-7BS i\u00e7in Kol Silindiri"},"content":{"rendered":"<p>Carter CT18-7BS i\u00e7in Kol Silindiri<\/p>\n<p>girii\u015f<br \/>\nKol silindiri, ekskavat\u00f6rler, vin\u00e7ler ve manip\u00fclat\u00f6rler gibi \u00e7e\u015fitli makinelerin kollar\u0131na do\u011frusal hareket ve g\u00fc\u00e7 sa\u011flayan \u00f6zel olarak tasarlanm\u0131\u015f bir hidrolik silindirdir. Kol silindiri, hidrolik sistemlerde hayati bir rol oynayarak ek aletlerin veya ata\u015fmanlar\u0131n verimli hareketini ve kontrol\u00fcn\u00fc sa\u011flar. Bu silindirler sadece d\u00fczg\u00fcn hareket sa\u011flamakla kalmaz, ayn\u0131 zamanda a\u011f\u0131r y\u00fckleri de ta\u015f\u0131yarak \u00e7e\u015fitli \u00e7al\u0131\u015fma ko\u015fullar\u0131nda makinelerin verimli \u00e7al\u0131\u015fmas\u0131n\u0131 ve g\u00fcvenilirli\u011fini sa\u011flar.<\/p>\n<p>\u00d6zellikler<br \/>\n1. Verimli G\u00fc\u00e7 Aktar\u0131m\u0131: Kol silindiri g\u00fc\u00e7l\u00fc do\u011frusal hareket ve kuvvet sa\u011flayarak manip\u00fclat\u00f6r\u00fcn \u00e7al\u0131\u015fmas\u0131nda y\u00fcksek verimlilik sa\u011flar.<br \/>\n2. Hassas Kontrol: Hidrolik sistem sayesinde, kol silindiri hassas hareket kontrol\u00fc sa\u011flayarak ek aletlerin kullan\u0131m\u0131n\u0131 daha esnek ve do\u011fru hale getirir.<br \/>\n3. Y\u00fcksek Dayan\u0131kl\u0131l\u0131k: Kol silindirleri genellikle y\u00fcksek mukavemetli, a\u015f\u0131nma ve korozyon direnci y\u00fcksek malzemelerden \u00fcretilir ve bu da onlar\u0131 zorlu ortamlarda uzun s\u00fcreli kullan\u0131m i\u00e7in uygun hale getirir.<br \/>\n4. \u00c7ok Fonksiyonlu Uyarlanabilirlik: Bu silindirler, ekskavat\u00f6rler, vin\u00e7ler ve manip\u00fclat\u00f6rler gibi \u00e7e\u015fitli mekanik ekipmanlarda yayg\u0131n olarak kullan\u0131labilir ve farkl\u0131 \u00e7al\u0131\u015fma gereksinimlerine uyum sa\u011flayabilir.<br \/>\n5. Kolay Bak\u0131m: Tasar\u0131m, kolay bak\u0131m ve de\u011fi\u015ftirme imkan\u0131n\u0131 g\u00f6z \u00f6n\u00fcnde bulundurarak d\u00fczenli denetim ve bak\u0131m\u0131 daha kolay hale getirir ve ekipman ar\u0131za s\u00fcresini azalt\u0131r.<\/p>\n<p>Uygulamalar<br \/>\n1. \u0130n\u015faat M\u00fchendisli\u011fi: Kol silindiri, hafriyat, malzeme ta\u015f\u0131ma ve yap\u0131sal montaj i\u015flemlerinde ekskavat\u00f6r ve vin\u00e7lerdeki kep\u00e7e veya bomlar\u0131n hareketini kontrol etmek i\u00e7in kullan\u0131l\u0131r.<br \/>\n2. \u0130malat Sanayi: Otomatik \u00fcretim hatlar\u0131nda, kol silindirleri manip\u00fclat\u00f6rlerin hareket ettirilmesi, montaj, kaynak ve ta\u015f\u0131ma i\u015flemlerinin ger\u00e7ekle\u015ftirilmesi i\u00e7in kullan\u0131l\u0131r ve \u00fcretim verimlili\u011fini ve do\u011frulu\u011funu art\u0131r\u0131r.<br \/>\n3. Tar\u0131m Makineleri: Bi\u00e7erd\u00f6ver ve tohum ekme makinesi gibi tar\u0131m makinelerinde, kol silindirleri \u00e7al\u0131\u015fma kolunun hareketini kontrol ederek ekim, g\u00fcbreleme ve hasat gibi g\u00f6revleri yerine getirir.<br \/>\n4. Madencilik: Madencilik ekipmanlar\u0131nda, kol silindirleri madencilik ekipman\u0131n\u0131n kol hareketini kontrol ederek cevher \u00e7\u0131karma ve ta\u015f\u0131ma i\u015flemlerini ger\u00e7ekle\u015ftirir.<br \/>\n5. Lojistik ve Ta\u015f\u0131mac\u0131l\u0131k: Forkliftlerde ve ta\u015f\u0131ma robotlar\u0131nda, kol silindirleri y\u00fck\u00fcn kald\u0131r\u0131lmas\u0131n\u0131 ve hareketini kontrol ederek malzeme ta\u015f\u0131ma ve istifleme i\u015flemlerini ger\u00e7ekle\u015ftirir.<\/p>\n<p>Tasar\u0131m Hususlar\u0131 ve Se\u00e7im Kriterleri<br \/>\n1. Ta\u015f\u0131ma Kapasitesi: Kol silindirinin, mekanik ekipman\u0131n gereksinimlerini kar\u015f\u0131layan bir ta\u015f\u0131ma kapasitesine sahip olmas\u0131 gerekir.<br \/>\n2. S\u0131zd\u0131rmazl\u0131k Performans\u0131: \u0130yi bir s\u0131zd\u0131rmazl\u0131k performans\u0131 sa\u011flamak i\u00e7in poli\u00fcretan ve nitril kau\u00e7uk gibi a\u015f\u0131nmaya dayan\u0131kl\u0131 malzemelerden yap\u0131lm\u0131\u015f piston s\u0131zd\u0131rmazl\u0131k halkalar\u0131 ve mil s\u0131zd\u0131rmazl\u0131k halkalar\u0131 gibi \u00e7e\u015fitli s\u0131zd\u0131rmazl\u0131k bile\u015fenlerinin kullan\u0131lmas\u0131 gereklidir.<br \/>\n3. Dayan\u0131kl\u0131l\u0131k: A\u015f\u0131nma direncini art\u0131rmak i\u00e7in silindir g\u00f6vdesi ve di\u015fli u\u00e7 y\u00fczeyi ince bir \u015fekilde i\u015flenmelidir.<br \/>\n4. G\u00fcvenlik: G\u00fcvenli \u00e7al\u0131\u015fma sa\u011flamak i\u00e7in kol silindirinde a\u015f\u0131r\u0131 bas\u0131n\u00e7 korumas\u0131 ve emniyet valfleri gibi g\u00fcvenlik \u00f6nlemleri bulunmal\u0131d\u0131r.<br \/>\n5. Bak\u0131m Kolayl\u0131\u011f\u0131: Kol silindiri, bak\u0131m ve de\u011fi\u015ftirme i\u015flemlerini kolayla\u015ft\u0131racak \u015fekilde tasarlanmal\u0131d\u0131r.<\/p>\n<p>Contalar ve Ya\u011flama<br \/>\nPiston s\u0131zd\u0131rmazl\u0131k halkalar\u0131 ve mil s\u0131zd\u0131rmazl\u0131k halkalar\u0131 gibi \u00e7e\u015fitli s\u0131zd\u0131rmazl\u0131k bile\u015fenleri, iyi bir s\u0131zd\u0131rmazl\u0131k performans\u0131 sa\u011flamak i\u00e7in kol silindirinde kullan\u0131l\u0131r. Poli\u00fcretan ve nitril kau\u00e7uk gibi a\u015f\u0131nmaya dayan\u0131kl\u0131 malzemelerden yap\u0131lm\u0131\u015f s\u0131zd\u0131rmazl\u0131k bile\u015fenleri, ya\u011f s\u0131z\u0131nt\u0131s\u0131n\u0131 etkili bir \u015fekilde \u00f6nleyebilir ve silindirin kullan\u0131m \u00f6mr\u00fcn\u00fc uzatabilir. Silindir g\u00f6vdesi ve di\u015fli u\u00e7 y\u00fczeyi, a\u015f\u0131nma direncini art\u0131rmak i\u00e7in ince bir \u015fekilde i\u015flenmi\u015ftir. Kol silindirinin ya\u011flanmas\u0131 i\u00e7in uygun hidrolik ya\u011f\u0131n d\u00fczenli olarak eklenmesi gereklidir.<\/p>\n<p>Bak\u0131m ve \u00d6nleme Tedbirleri<br \/>\n1. Sorunlar\u0131 zaman\u0131nda tespit etmek ve gidermek i\u00e7in d\u00fczenli denetimler ve bak\u0131mlar gereklidir.<br \/>\n2. Ya\u011f s\u0131z\u0131nt\u0131s\u0131n\u0131 \u00f6nlemek i\u00e7in piston s\u0131zd\u0131rmazl\u0131k halkalar\u0131 ve mil s\u0131zd\u0131rmazl\u0131k halkalar\u0131 gibi s\u0131zd\u0131rmazl\u0131k par\u00e7alar\u0131n\u0131n d\u00fczenli olarak de\u011fi\u015ftirilmesi gerekmektedir.<br \/>\n3. Kol silindirinin ya\u011flanmas\u0131 ve a\u015f\u0131nman\u0131n \u00f6nlenmesi i\u00e7in uygun hidrolik ya\u011f\u0131n d\u00fczenli olarak eklenmesi gerekmektedir.<br \/>\n4. Kol silindiri, korozyonu \u00f6nlemek i\u00e7in kuru ve havaland\u0131r\u0131lm\u0131\u015f bir ortamda saklanmal\u0131d\u0131r.<\/p>\n<p>Kurulum K\u0131lavuzu<br \/>\n1. Montajdan \u00f6nce, kol silindirinin mekanik ekipmanla uyumlu olup olmad\u0131\u011f\u0131n\u0131 ve piston kolunun merkezde olup olmad\u0131\u011f\u0131n\u0131 kontrol edin.<br \/>\n2. Hidrolik ya\u011f\u0131n giri\u015f ve \u00e7\u0131k\u0131\u015f y\u00f6n\u00fcn\u00fc ve silindir g\u00f6vdesinin d\u00f6n\u00fc\u015f y\u00f6n\u00fcn\u00fc do\u011frulay\u0131n.<br \/>\n3. Kol silindirini talimatlara g\u00f6re tak\u0131n ve vidalar\u0131 belirtilen tork de\u011ferine kadar s\u0131k\u0131n.<br \/>\n4. Montajdan sonra, kol silindirinin d\u00fczg\u00fcn \u00e7al\u0131\u015f\u0131p \u00e7al\u0131\u015fmad\u0131\u011f\u0131n\u0131 kontrol edin.<\/p>\n<p>G\u00fcvenlik ve \u00c7evresel Hususlar<br \/>\nKol silindirini kullan\u0131rken uygun g\u00fcvenlik \u00f6nlemleri al\u0131nmal\u0131d\u0131r. G\u00fcvenli \u00e7al\u0131\u015fma sa\u011flamak i\u00e7in a\u015f\u0131r\u0131 bas\u0131n\u00e7 korumas\u0131 ve emniyet valfleri tak\u0131lmal\u0131d\u0131r. \u00c7evre kirlili\u011fini \u00f6nlemek i\u00e7in kol silindiri kuru ve havaland\u0131r\u0131lm\u0131\u015f bir ortamda saklanmal\u0131d\u0131r.<\/p>\n<p>Sorun Giderme ve S\u0131k Kar\u015f\u0131la\u015f\u0131lan Sorunlar<br \/>\n1. Ya\u011f ka\u00e7a\u011f\u0131: Bu durum piston s\u0131zd\u0131rmazl\u0131k halkas\u0131n\u0131n veya biyel kolu s\u0131zd\u0131rmazl\u0131k halkas\u0131n\u0131n a\u015f\u0131nmas\u0131ndan kaynaklanabilir. S\u0131zd\u0131rmazl\u0131k par\u00e7alar\u0131n\u0131n d\u00fczenli olarak de\u011fi\u015ftirilmesi gereklidir.<br \/>\n2. Anormal ses: Bu durum yetersiz ya\u011flamadan veya silindir g\u00f6vdesinde ya da piston kolunda hasardan kaynaklanabilir. D\u00fczenli ya\u011flama ve bak\u0131m gereklidir.<br \/>\n3. Yava\u015f \u00e7al\u0131\u015fma: Bu durum, yetersiz hidrolik ya\u011f bas\u0131nc\u0131ndan veya kol silindirinin i\u00e7 bile\u015fenlerinde meydana gelen hasardan kaynaklanabilir. D\u00fczenli kontroller ve bak\u0131m gereklidir.<\/p>\n<p>\u00c7\u00f6z\u00fcm<br \/>\nGeni\u015f \u00fcr\u00fcn yelpazesiyle profesyonel bir yedek hidrolik silindir \u00fcreticisiyiz ve hem yurt i\u00e7i hem de uluslararas\u0131 pazarlarda \u00f6nde gelen hidrolik silindir \u00fcreticilerinden ve toptanc\u0131lar\u0131ndan biri haline geldik. M\u00fckemmel kalite ilkesine her zaman ba\u011fl\u0131 kalarak, ince i\u015f\u00e7ilik gerektiren \u00fcretim at\u00f6lyelerinin end\u00fcstriyel \u00fcretim y\u00f6netim stratejisine dayanarak teknik seviyemizi ve \u00fcretim verimlili\u011fimizi s\u00fcrekli olarak geli\u015ftiriyoruz. Amac\u0131m\u0131z, y\u00fcksek verimlilik, hassasiyet ve y\u00fcksek kalite ilkeleriyle m\u00fc\u015fterilerin \u00e7e\u015fitli ihtiya\u00e7lar\u0131n\u0131 kar\u015f\u0131lamakt\u0131r.<\/p>\n<p>Hakk\u0131m\u0131zda<br \/>\nUluslararas\u0131 sertifikal\u0131 bir \u015firket olarak m\u00fc\u015fterilerimize \u00f6zel hizmetler sunuyoruz. \u00dcr\u00fcnlerimizin m\u00fc\u015fteri gereksinimlerini kar\u015f\u0131lamas\u0131n\u0131 sa\u011flamak i\u00e7in geli\u015fmi\u015f \u00fcretim ekipmanlar\u0131m\u0131z ve profesyonel sat\u0131\u015f sonras\u0131 hizmetimiz bulunmaktad\u0131r.<\/p>","protected":false},"excerpt":{"rendered":"<p>Arm Cylinder For Carter CT18-7BS Introduction The arm cylinder is a specially designed hydraulic cylinder that provides linear motion and power to the arms of various machines such as excavators, cranes, and manipulators. The arm cylinder plays a crucial role in hydraulic systems, enabling the efficient movement and control of additional tools or attachments. These [&hellip;]<\/p>","protected":false},"featured_media":14772,"comment_status":"open","ping_status":"closed","template":"","meta":{"_et_pb_use_builder":"","_et_pb_old_content":"","_et_gb_content_width":""},"product_brand":[],"product_cat":[1497],"product_tag":[1498,1496],"class_list":{"0":"post-16722","1":"product","2":"type-product","3":"status-publish","4":"has-post-thumbnail","6":"product_cat-arm-cylinders","7":"product_tag-arm-cylinders","8":"product_tag-hydraulic-cylinders","10":"first","11":"instock","12":"shipping-taxable","13":"product-type-simple"},"amp_enabled":true,"_links":{"self":[{"href":"https:\/\/www.hydraulic-cylinders.net\/tr\/wp-json\/wp\/v2\/product\/16722","targetHints":{"allow":["GET"]}}],"collection":[{"href":"https:\/\/www.hydraulic-cylinders.net\/tr\/wp-json\/wp\/v2\/product"}],"about":[{"href":"https:\/\/www.hydraulic-cylinders.net\/tr\/wp-json\/wp\/v2\/types\/product"}],"replies":[{"embeddable":true,"href":"https:\/\/www.hydraulic-cylinders.net\/tr\/wp-json\/wp\/v2\/comments?post=16722"}],"wp:featuredmedia":[{"embeddable":true,"href":"https:\/\/www.hydraulic-cylinders.net\/tr\/wp-json\/wp\/v2\/media\/14772"}],"wp:attachment":[{"href":"https:\/\/www.hydraulic-cylinders.net\/tr\/wp-json\/wp\/v2\/media?parent=16722"}],"wp:term":[{"taxonomy":"product_brand","embeddable":true,"href":"https:\/\/www.hydraulic-cylinders.net\/tr\/wp-json\/wp\/v2\/product_brand?post=16722"},{"taxonomy":"product_cat","embeddable":true,"href":"https:\/\/www.hydraulic-cylinders.net\/tr\/wp-json\/wp\/v2\/product_cat?post=16722"},{"taxonomy":"product_tag","embeddable":true,"href":"https:\/\/www.hydraulic-cylinders.net\/tr\/wp-json\/wp\/v2\/product_tag?post=16722"}],"curies":[{"name":"wp","href":"https:\/\/api.w.org\/{rel}","templated":true}]}}