{"id":16725,"date":"2025-01-21T05:49:47","date_gmt":"2025-01-21T05:49:47","guid":{"rendered":"https:\/\/www.hydraulic-cylinders.net\/product\/arm-cylinder-for-carter-ct150-8\/"},"modified":"2025-01-21T05:49:49","modified_gmt":"2025-01-21T05:49:49","slug":"arm-cylinder-for-carter-ct150-8","status":"publish","type":"product","link":"https:\/\/www.hydraulic-cylinders.net\/tr\/urun\/arm-cylinder-for-carter-ct150-8\/","title":{"rendered":"Carter CT150-8 i\u00e7in Kol Silindiri"},"content":{"rendered":"<h2>Carter CT150-8 i\u00e7in Kol Silindiri<\/h2>\n<p>Kol silindiri, ekskavat\u00f6rler, vin\u00e7ler ve mekanik kollar gibi \u00e7e\u015fitli makinelerin kollar\u0131na do\u011frusal hareket ve g\u00fc\u00e7 sa\u011flamak i\u00e7in \u00f6zel olarak tasarlanm\u0131\u015f bir hidrolik silindirdir. Kol silindirleri, hidrolik sistemlerde \u00f6nemli bir rol oynayarak, ata\u015fmanlar\u0131n veya aksesuarlar\u0131n etkili bir \u015fekilde hareket etmesini ve kontrol edilmesini sa\u011flar. Bu silindirler sadece d\u00fczg\u00fcn hareket sa\u011flamakla kalmaz, ayn\u0131 zamanda a\u011f\u0131r y\u00fckleri de ta\u015f\u0131yarak, \u00e7e\u015fitli \u00e7al\u0131\u015fma ko\u015fullar\u0131 alt\u0131nda makinelerin verimli \u00e7al\u0131\u015fmas\u0131n\u0131 ve g\u00fcvenilirli\u011fini sa\u011flar.<\/p>\n<p><img decoding=\"async\" src=\"https:\/\/www.hydraulic-cylinders.net\/wp-content\/uploads\/2025\/01\/songte-company-2.webp\"\/><\/p>\n<h3>Carter CT150-8 i\u00e7in Kol Silindirinin \u00d6zellikleri<\/h3>\n<ul>\n<li>Verimli G\u00fc\u00e7 Aktar\u0131m\u0131: Kol silindirleri g\u00fc\u00e7l\u00fc do\u011frusal hareket ve kuvvet sa\u011flayarak, mekanik kollar\u0131n \u00e7e\u015fitli i\u015flemlerde y\u00fcksek performans g\u00f6stermesini garanti eder.<\/li>\n<li>Hassas Kontrol: Kol silindirleri, hidrolik sistemler arac\u0131l\u0131\u011f\u0131yla hassas hareket kontrol\u00fc sa\u011flayarak, tak\u0131l\u0131 aletlerin \u00e7al\u0131\u015fmas\u0131n\u0131 daha esnek ve do\u011fru hale getirir.<\/li>\n<li>Y\u00fcksek Dayan\u0131kl\u0131l\u0131k: Kol silindirleri genellikle y\u00fcksek mukavemetli, a\u015f\u0131nmaya ve korozyona dayan\u0131kl\u0131 malzemelerden \u00fcretilir ve zorlu ortamlarda uzun s\u00fcreli kullan\u0131ma uygundur.<\/li>\n<li>\u00c7ok Fonksiyonlu Uyarlanabilirlik: Bu silindirler, ekskavat\u00f6rler, vin\u00e7ler ve i\u015f kollar\u0131 gibi \u00e7e\u015fitli mekanik ekipmanlarda yayg\u0131n olarak kullan\u0131labilir ve farkl\u0131 \u00e7al\u0131\u015fma gereksinimlerine uyum sa\u011flar.<\/li>\n<li>Kolay Bak\u0131m: Tasar\u0131m, bak\u0131m ve de\u011fi\u015ftirme kolayl\u0131\u011f\u0131n\u0131 g\u00f6z \u00f6n\u00fcnde bulundurarak d\u00fczenli denetim ve bak\u0131m\u0131 daha kolay hale getirir ve ekipman ar\u0131za s\u00fcresini azalt\u0131r.<\/li>\n<\/ul>\n<p>Biz bu \u00fcr\u00fcn\u00fc \u00fcretebiliyoruz ve \u00fcr\u00fcn\u00fcm\u00fcz bu hidrolik silindirlerin yerini m\u00fckemmel bir \u015fekilde alabiliyor.<\/p>\n<p><img decoding=\"async\" src=\"https:\/\/www.hydraulic-cylinders.net\/wp-content\/uploads\/2025\/01\/songte-oil-pipes-and-spare-parts.webp\"\/><\/p>\n<h3>Carter CT150-8 i\u00e7in Kol Silindirinin Uygulamalar\u0131<\/h3>\n<p>Kol silindirleri \u00e7e\u015fitli end\u00fcstrilerde ve ekipmanlarda kullan\u0131lmaktad\u0131r:<\/p>\n<ul>\n<li>\u0130n\u015faat: Kol silindirleri, hafriyat i\u015flerinde, malzeme ta\u015f\u0131mada ve yap\u0131sal kurulumda ekskavat\u00f6r ve vin\u00e7lerdeki kep\u00e7e veya bomlar\u0131n hareketini kontrol etmek i\u00e7in kullan\u0131l\u0131r.<\/li>\n<li>\u00dcretim: Kol silindirleri, otomatik \u00fcretim hatlar\u0131nda, montaj, kaynak ve ta\u015f\u0131ma i\u015flemlerinde mekanik kollar\u0131n hareket ettirilmesi i\u00e7in kullan\u0131l\u0131r ve \u00fcretim verimlili\u011fini ve do\u011frulu\u011funu art\u0131r\u0131r.<\/li>\n<li>Tar\u0131m makineleri: Kol silindirleri, ekim, g\u00fcbreleme ve hasat gibi i\u015flemler i\u00e7in bi\u00e7erd\u00f6ver ve ekim makineleri gibi tar\u0131m makinelerinde \u00e7al\u0131\u015fma kolunun hareketini kontrol eder.<\/li>\n<li>Madencilik: Kol silindirleri, maden \u00e7\u0131karma ve cevher ta\u015f\u0131mac\u0131l\u0131\u011f\u0131nda kullan\u0131lan madencilik ekipmanlar\u0131n\u0131n kol hareketini kontrol etmek i\u00e7in kullan\u0131l\u0131r.<\/li>\n<li>Lojistik ve ta\u015f\u0131mac\u0131l\u0131k: Kol silindirleri, malzeme ta\u015f\u0131ma ve istifleme i\u015flemlerinde forkliftlerde ve ta\u015f\u0131ma robotlar\u0131nda \u00e7atallar\u0131n kald\u0131r\u0131lmas\u0131n\u0131 ve hareketini kontrol etmek i\u00e7in kullan\u0131l\u0131r.<\/li>\n<\/ul>\n<h3>Tasar\u0131m Hususlar\u0131 ve Se\u00e7im Kriterleri<\/h3>\n<p>Kol silindirleri, y\u00fck ta\u015f\u0131ma kapasitesi, s\u0131zd\u0131rmazl\u0131k, dayan\u0131kl\u0131l\u0131k, g\u00fcvenlik ve bak\u0131m kolayl\u0131\u011f\u0131 gibi temel hususlar dikkate al\u0131narak tasarlanm\u0131\u015ft\u0131r:<\/p>\n<ul>\n<li>Y\u00fck Ta\u015f\u0131ma Kapasitesi: Kol silindirleri, makinenin maksimum y\u00fck\u00fcne dayanacak \u015fekilde tasarlanmal\u0131d\u0131r.<\/li>\n<li>S\u0131zd\u0131rmazl\u0131k: Kol silindirlerinde, maksimum s\u0131zd\u0131rmazl\u0131k performans\u0131 sa\u011flamak i\u00e7in poli\u00fcretan ve nitril kau\u00e7uk gibi a\u015f\u0131nmaya dayan\u0131kl\u0131 malzemelerden yap\u0131lm\u0131\u015f piston contalar\u0131 ve mil contalar\u0131 gibi \u00e7e\u015fitli contalar kullan\u0131l\u0131r.<\/li>\n<li>Dayan\u0131kl\u0131l\u0131k: Kol silindirleri genellikle ala\u015f\u0131ml\u0131 \u00e7elik gibi y\u00fcksek mukavemetli malzemelerden yap\u0131l\u0131r ve a\u015f\u0131nma direncini ve korozyon direncini art\u0131rmak i\u00e7in hassas y\u00fczey i\u015flemleri uygulan\u0131r.<\/li>\n<li>G\u00fcvenlik: Kaza riskini \u00f6nlemek i\u00e7in kol silindirleri, bas\u0131n\u00e7 tahliye vanalar\u0131 ve acil durdurma d\u00fc\u011fmeleri gibi \u00e7e\u015fitli g\u00fcvenlik \u00f6zellikleriyle tasarlanmal\u0131d\u0131r.<\/li>\n<li>Bak\u0131m Kolayl\u0131\u011f\u0131: Kol silindirleri, de\u011fi\u015ftirilebilir par\u00e7alara ve inceleme ve onar\u0131mlar i\u00e7in kolay eri\u015fime sahip, kolay bak\u0131m i\u00e7in tasarlanmal\u0131d\u0131r.<\/li>\n<\/ul>\n<p><img decoding=\"async\" src=\"https:\/\/www.hydraulic-cylinders.net\/wp-content\/uploads\/2025\/01\/songte-cylinder-head-with-all-kinds-excavator-models.webp\"\/><\/p>\n<h3>S\u0131zd\u0131rmazl\u0131k ve Ya\u011flama<\/h3>\n<p>Kol silindirlerinde, poli\u00fcretan ve nitril kau\u00e7uk gibi a\u015f\u0131nmaya dayan\u0131kl\u0131 malzemelerden yap\u0131lm\u0131\u015f piston contalar\u0131 ve mil contalar\u0131 gibi \u00e7e\u015fitli s\u0131zd\u0131rmazl\u0131k bile\u015fenleri kullan\u0131l\u0131r. Silindir g\u00f6vdesi ve di\u015fli u\u00e7 y\u00fczeyi, a\u015f\u0131nma direncini art\u0131rmak i\u00e7in ince bir \u015fekilde i\u015flenmi\u015ftir. Silindirin sorunsuz \u00e7al\u0131\u015fmas\u0131 ve uzun \u00f6m\u00fcrl\u00fc olmas\u0131 i\u00e7in hidrolik ya\u011f ile d\u00fczenli ya\u011flama gereklidir.<\/p>\n<h3>Periyodik Muayene ve \u00d6nleyici Bak\u0131m<\/h3>\n<p>Kol silindirlerinin verimli ve g\u00fcvenli \u00e7al\u0131\u015fmas\u0131n\u0131 sa\u011flamak i\u00e7in periyodik inceleme ve \u00f6nleyici bak\u0131m \u00f6nemlidir. Baz\u0131 \u00f6nleyici bak\u0131m \u00f6nlemleri \u015funlard\u0131r:<\/p>\n<ul>\n<li>Checking the cylinder&#8217;s operating pressure and adjusting if necessary<\/li>\n<li>Piston kolunda ve contalarda ya\u011f s\u0131z\u0131nt\u0131s\u0131 veya hasar olup olmad\u0131\u011f\u0131n\u0131 kontrol etmek.<\/li>\n<li>Silindir ba\u011flant\u0131 noktalar\u0131nda veya ba\u011flant\u0131 par\u00e7alar\u0131nda hizalama bozuklu\u011fu veya a\u015f\u0131r\u0131 a\u015f\u0131nma olup olmad\u0131\u011f\u0131n\u0131 kontrol etmek.<\/li>\n<li>Silindir bile\u015fenlerinin a\u015f\u0131nmas\u0131n\u0131 izlemek ve gerekti\u011finde de\u011fi\u015ftirmek.<\/li>\n<\/ul>\n<p><img decoding=\"async\" src=\"https:\/\/www.hydraulic-cylinders.net\/wp-content\/uploads\/2025\/01\/songte-chushion-collar.webp\"\/><\/p>\n<h3>Carter CT150-8 i\u00e7in Kol Silindiri Montaj K\u0131lavuzu<\/h3>\n<p>Kol silindirlerinin do\u011fru montaj\u0131, g\u00fcvenli ve g\u00fcvenilir \u00e7al\u0131\u015fma i\u00e7in \u00e7ok \u00f6nemlidir. A\u015fa\u011f\u0131daki ad\u0131mlar izlenmelidir:<\/p>\n<ol>\n<li>Silindiri ve bile\u015fenlerini montajdan \u00f6nce hasar ve kirlilikten ar\u0131nd\u0131r\u0131lm\u0131\u015f olduklar\u0131ndan emin olmak i\u00e7in inceleyin.<\/li>\n<li>Montaj y\u00fczeyinin temiz oldu\u011fundan ve silindire veya contalar\u0131na zarar verebilecek \u00e7apak veya keskin kenarlardan ar\u0131nd\u0131r\u0131lm\u0131\u015f oldu\u011fundan emin olun.<\/li>\n<li>Silindiri, uygun c\u0131vatalar\u0131 ve s\u0131kma torkunu kullanarak montaj y\u00fczeyine tak\u0131n.<\/li>\n<li>Hidrolik hortumlar\u0131 silindire ba\u011flay\u0131n ve do\u011fru \u015fekilde y\u00f6nlendirildi\u011finden ve hidrolik sisteme ba\u011fland\u0131\u011f\u0131ndan emin olun.<\/li>\n<li>Silindiri hidrolik ya\u011f ile doldurun ve d\u00fczg\u00fcn \u00e7al\u0131\u015f\u0131p \u00e7al\u0131\u015fmad\u0131\u011f\u0131n\u0131 ve s\u0131z\u0131nt\u0131 olup olmad\u0131\u011f\u0131n\u0131 kontrol etmek i\u00e7in bir test i\u015flemi ger\u00e7ekle\u015ftirin.<\/li>\n<\/ol>\n<h3>G\u00fcvenlik Hususlar\u0131 ve \u00c7evresel Fakt\u00f6rler<\/h3>\n<p>Kol silindirleri kullan\u0131l\u0131rken, kazalar\u0131 ve yaralanmalar\u0131 \u00f6nlemek i\u00e7in g\u00fcvenlik y\u00f6nergelerine ve \u00f6nlemlerine uymak \u00f6nemlidir. \u00c7evreyi korumak i\u00e7in kullan\u0131lm\u0131\u015f hidrolik ya\u011f\u0131n ve bile\u015fenlerin uygun \u015fekilde imha edilmesi de \u015fartt\u0131r. <\/p>\n<h3>Sorun Giderme ve Yayg\u0131n Sorunlar<\/h3>\n<p>Kol silindirlerinde s\u0131k kar\u015f\u0131la\u015f\u0131lan sorunlar aras\u0131nda s\u0131z\u0131nt\u0131lar, yetersiz g\u00fc\u00e7 ve anormal sesler yer al\u0131r. Bu sorunlar\u0131 te\u015fhis etmek ve \u00e7\u00f6zmek i\u00e7in d\u00fczenli kontroller ve bak\u0131m yap\u0131lmas\u0131, gerekirse bir uzmana dan\u0131\u015f\u0131lmas\u0131 \u00f6nemlidir.<\/p>\n<h3>Hakk\u0131m\u0131zda<\/h3>\n<p>Biz, hidrolik silindirlerin profesyonel bir \u00fcreticisi ve hem yurt i\u00e7i hem de uluslararas\u0131 pazarlarda \u00f6nde gelen bir toptanc\u0131 ve da\u011f\u0131t\u0131c\u0131y\u0131z. Her zaman m\u00fckemmel kalite ilkesine ba\u011fl\u0131 kalarak, end\u00fcstriyel \u00fcretim y\u00f6netim stratejilerine g\u00fcveniyoruz ve teknik seviyemizi ve \u00fcretim verimlili\u011fimizi s\u00fcrekli olarak geli\u015ftiriyoruz. Y\u00fcksek teknoloji \u00fcr\u00fcn\u00fc dijital \u00fcretim ekipmanlar\u0131 ve profesyonel test sistemleri kullanarak, m\u00fc\u015fterilerimize y\u00fcksek kaliteli ve verimli \u00fcr\u00fcnler sunmak i\u00e7in \u00fcretim platformumuzu s\u00fcrekli olarak optimize ediyoruz. Amac\u0131m\u0131z, y\u00fcksek verimlilik, hassasiyet ve y\u00fcksek kalite ile m\u00fc\u015fterilerin \u00e7e\u015fitli ihtiya\u00e7lar\u0131n\u0131 kar\u015f\u0131lamakt\u0131r.<\/p>\n<p>\u015eirketimiz profesyonelli\u011fi, uluslararas\u0131 sertifikalar\u0131, \u00f6zelle\u015ftirilmi\u015f hizmetleri, \u00fcretim ekipmanlar\u0131 ve sat\u0131\u015f sonras\u0131 hizmetleriyle tan\u0131nmaktad\u0131r.<\/p>\n<p><img decoding=\"async\" src=\"https:\/\/www.hydraulic-cylinders.net\/wp-content\/uploads\/2025\/01\/songte-company-4.webp\"\/><\/p>\n<p><img decoding=\"async\" src=\"https:\/\/www.hydraulic-cylinders.net\/wp-content\/uploads\/2025\/01\/songte-company-3.webp\"\/><\/p>\n<p>Yazar: lyl<\/p>","protected":false},"excerpt":{"rendered":"<p>Arm Cylinder For Carter CT150-8 An arm cylinder is a specially designed hydraulic cylinder that is mainly used to provide linear motion and power to the arms of various machinery, such as excavators, cranes, and mechanical arms. Arm cylinders play a key role in hydraulic systems, allowing attachments or accessories to move and control effectively. [&hellip;]<\/p>","protected":false},"featured_media":14763,"comment_status":"open","ping_status":"closed","template":"","meta":{"_et_pb_use_builder":"","_et_pb_old_content":"","_et_gb_content_width":""},"product_brand":[],"product_cat":[1497],"product_tag":[1498,1496],"class_list":{"0":"post-16725","1":"product","2":"type-product","3":"status-publish","4":"has-post-thumbnail","6":"product_cat-arm-cylinders","7":"product_tag-arm-cylinders","8":"product_tag-hydraulic-cylinders","10":"first","11":"instock","12":"shipping-taxable","13":"product-type-simple"},"amp_enabled":true,"_links":{"self":[{"href":"https:\/\/www.hydraulic-cylinders.net\/tr\/wp-json\/wp\/v2\/product\/16725","targetHints":{"allow":["GET"]}}],"collection":[{"href":"https:\/\/www.hydraulic-cylinders.net\/tr\/wp-json\/wp\/v2\/product"}],"about":[{"href":"https:\/\/www.hydraulic-cylinders.net\/tr\/wp-json\/wp\/v2\/types\/product"}],"replies":[{"embeddable":true,"href":"https:\/\/www.hydraulic-cylinders.net\/tr\/wp-json\/wp\/v2\/comments?post=16725"}],"wp:featuredmedia":[{"embeddable":true,"href":"https:\/\/www.hydraulic-cylinders.net\/tr\/wp-json\/wp\/v2\/media\/14763"}],"wp:attachment":[{"href":"https:\/\/www.hydraulic-cylinders.net\/tr\/wp-json\/wp\/v2\/media?parent=16725"}],"wp:term":[{"taxonomy":"product_brand","embeddable":true,"href":"https:\/\/www.hydraulic-cylinders.net\/tr\/wp-json\/wp\/v2\/product_brand?post=16725"},{"taxonomy":"product_cat","embeddable":true,"href":"https:\/\/www.hydraulic-cylinders.net\/tr\/wp-json\/wp\/v2\/product_cat?post=16725"},{"taxonomy":"product_tag","embeddable":true,"href":"https:\/\/www.hydraulic-cylinders.net\/tr\/wp-json\/wp\/v2\/product_tag?post=16725"}],"curies":[{"name":"wp","href":"https:\/\/api.w.org\/{rel}","templated":true}]}}