{"id":16735,"date":"2025-01-21T05:50:34","date_gmt":"2025-01-21T05:50:34","guid":{"rendered":"https:\/\/www.hydraulic-cylinders.net\/product\/arm-cylinder-for-kym-ky85\/"},"modified":"2025-01-21T05:50:36","modified_gmt":"2025-01-21T05:50:36","slug":"arm-cylinder-for-kym-ky85","status":"publish","type":"product","link":"https:\/\/www.hydraulic-cylinders.net\/tr\/urun\/arm-cylinder-for-kym-ky85\/","title":{"rendered":"KYM KY85 i\u00e7in Kol Silindiri"},"content":{"rendered":"<h1>KYM KY85 i\u00e7in Kol Silindiri<\/h1>\n<h2>girii\u015f<\/h2>\n<h3>Kol Silindirinin Tan\u0131m\u0131 ve A\u00e7\u0131klamas\u0131<\/h3>\n<p>Kol silindiri, ekskavat\u00f6rler, vin\u00e7ler ve robot kollar\u0131 gibi \u00e7e\u015fitli makinelerin kollar\u0131na do\u011frusal hareket ve g\u00fc\u00e7 sa\u011flamak i\u00e7in \u00f6zel olarak tasarlanm\u0131\u015f bir hidrolik silindirdir. Kol silindiri, hidrolik sistemlerde kritik bir rol oynayarak, ata\u015fmanlar\u0131n veya aksesuarlar\u0131n etkili bir \u015fekilde hareket etmesini ve kontrol edilmesini sa\u011flar. Bu silindirler sadece d\u00fczg\u00fcn hareket sa\u011flamakla kalmaz, ayn\u0131 zamanda a\u011f\u0131r y\u00fckleri de ta\u015f\u0131yarak, \u00e7e\u015fitli \u00e7al\u0131\u015fma ko\u015fullar\u0131 alt\u0131nda makinelerin verimli \u00e7al\u0131\u015fmas\u0131n\u0131 ve g\u00fcvenilirli\u011fini garanti eder.<\/p>\n<p><img decoding=\"async\" src=\"https:\/\/www.hydraulic-cylinders.net\/wp-content\/uploads\/2025\/01\/songte-company-2.webp\" alt=\"Kol Silindiri G\u00f6r\u00fcnt\u00fcs\u00fc\"><\/p>\n<h2>\u00d6zellikler<\/h2>\n<h3>1. Y\u00fcksek Verimli \u015eanz\u0131man<\/h3>\n<p>Kol silindiri, g\u00fc\u00e7l\u00fc do\u011frusal hareket ve kuvvet sa\u011flayarak robot kolunun \u00e7e\u015fitli i\u015flemlerde y\u00fcksek verimlilikte performans g\u00f6stermesini garanti eder.<\/p>\n<h3>2. Hassas Kontrol<\/h3>\n<p>Hidrolik sistem sayesinde kol silindiri hassas hareket kontrol\u00fc sa\u011flayabilir, b\u00f6ylece ata\u015fmanlar\u0131n \u00e7al\u0131\u015fmas\u0131 daha esnek ve hassas hale gelir.<\/p>\n<h3>3. G\u00fc\u00e7l\u00fc Dayan\u0131kl\u0131l\u0131k<\/h3>\n<p>Kol silindiri genellikle y\u00fcksek mukavemetli malzemelerden \u00fcretilir ve iyi a\u015f\u0131nma ve korozyon direncine sahiptir, bu da onu zorlu ortamlarda uzun s\u00fcreli kullan\u0131m i\u00e7in uygun hale getirir.<\/p>\n<h3>4. \u00c7ok Y\u00f6nl\u00fc Uyum<\/h3>\n<p>Bu silindirler, ekskavat\u00f6rler, vin\u00e7ler ve robotik kollar gibi \u00e7e\u015fitli makine t\u00fcrlerinde yayg\u0131n olarak kullan\u0131labilir ve farkl\u0131 i\u015f gereksinimlerine uyum sa\u011flayabilir.<\/p>\n<h3>5. Kolay Bak\u0131m<\/h3>\n<p>Tasar\u0131mda kolay bak\u0131m ve de\u011fi\u015fim d\u00fc\u015f\u00fcn\u00fclerek, d\u00fczenli muayene ve bak\u0131m daha rahat hale getirilir ve ekipman ar\u0131za s\u00fcreleri azalt\u0131l\u0131r.<\/p>\n<p><img decoding=\"async\" src=\"https:\/\/www.hydraulic-cylinders.net\/wp-content\/uploads\/2025\/01\/songte-oil-pipes-and-spare-parts.webp\" alt=\"Yedek Par\u00e7a G\u00f6rseli\"><\/p>\n<h2>Uygulamalar<\/h2>\n<p>Kol silindiri, a\u015fa\u011f\u0131dakiler de dahil olmak \u00fczere \u00e7e\u015fitli end\u00fcstrilerde yayg\u0131n olarak kullan\u0131lmaktad\u0131r:<\/p>\n<h3>1. \u0130n\u015faat M\u00fchendisli\u011fi<\/h3>\n<p>Kaz\u0131c\u0131 makinelerde ve vin\u00e7lerde, kol silindiri, toprak i\u015fleri, malzeme ta\u015f\u0131ma ve yap\u0131sal kurulum i\u015flemlerini ger\u00e7ekle\u015ftirirken kep\u00e7e veya bomun hareketini kontrol etmek i\u00e7in kullan\u0131l\u0131r.<\/p>\n<h3>2. \u00dcretim Sanayi<\/h3>\n<p>Otomatik \u00fcretim hatlar\u0131nda, kol silindiri, montaj, kaynak ve ta\u015f\u0131ma i\u015flemlerini ger\u00e7ekle\u015ftiren robot kollar\u0131n\u0131n hareketini sa\u011flamak i\u00e7in kullan\u0131l\u0131r ve \u00fcretim verimlili\u011fini ve do\u011frulu\u011funu art\u0131r\u0131r.<\/p>\n<h3>3. Tar\u0131m Makinalar\u0131<\/h3>\n<p>Bi\u00e7erd\u00f6ver ve tohum ekme makineleri gibi tar\u0131m makinelerinde, kol silindiri, ekim, g\u00fcbreleme ve hasat gibi g\u00f6revleri yerine getirirken \u00e7al\u0131\u015fma kolunun hareketini kontrol eder.<\/p>\n<h3>4. Madencilik<\/h3>\n<p>In mining equipment, the arm cylinder is used to control the movement of the mining equipment&#8217;s arm, performing ore mining and handling.<\/p>\n<h3>5. Lojistik ve Ta\u015f\u0131mac\u0131l\u0131k<\/h3>\n<p>Forkliftlerde ve ta\u015f\u0131ma robotlar\u0131nda, kol silindiri, malzeme ta\u015f\u0131ma ve istifleme i\u015flemlerini ger\u00e7ekle\u015ftirmek i\u00e7in \u00e7atal\u0131n kald\u0131rma ve hareketini kontrol etmek amac\u0131yla kullan\u0131l\u0131r.<\/p>\n<h2>Tasar\u0131m Hususlar\u0131 ve Se\u00e7im Standartlar\u0131<\/h2>\n<h3>1. Y\u00fck Kapasitesi<\/h3>\n<p>The arm cylinder&#8217;s load capacity is a critical factor to consider when selecting. The cylinder must be capable of withstanding the load it will be subjected to under various operating conditions.<\/p>\n<h3>2. S\u0131zd\u0131rmazl\u0131k<\/h3>\n<p>Kol silindirinin s\u0131zd\u0131rmazl\u0131\u011f\u0131 son derece \u00f6nemlidir. Hidrolik s\u0131v\u0131n\u0131n s\u0131zmas\u0131n\u0131 \u00f6nlemek i\u00e7in silindir s\u0131k\u0131ca kapat\u0131lmal\u0131d\u0131r; aksi takdirde makineye ve \u00e7evreye zarar verebilir.<\/p>\n<h3>3. Dayan\u0131kl\u0131l\u0131k<\/h3>\n<p>Kol silindirinin dayan\u0131kl\u0131 olmas\u0131 ve maruz kalaca\u011f\u0131 zorlu \u00e7al\u0131\u015fma ortam\u0131na dayanabilmesi gerekir. Uzun s\u00fcreli kullan\u0131m sa\u011flamak i\u00e7in y\u00fcksek a\u015f\u0131nma ve korozyon direnci \u00f6zelliklerine sahip malzemeler se\u00e7ilmelidir.<\/p>\n<h3>4. G\u00fcvenlik<\/h3>\n<p>Kol silindirinin tasar\u0131m\u0131 yap\u0131l\u0131rken g\u00fcvenlik g\u00f6z \u00f6n\u00fcnde bulundurulmal\u0131d\u0131r. Silindir ar\u0131zas\u0131 veya i\u015flev bozuklu\u011fundan kaynaklanabilecek kazalar\u0131 \u00f6nlemek i\u00e7in \u00f6nlemler al\u0131nmal\u0131d\u0131r.<\/p>\n<h3>5. S\u00fcrd\u00fcr\u00fclebilirlik<\/h3>\n<p>The arm cylinder should be designed with maintenance in mind. It should be easy to disassemble and repair. Regular maintenance should be carried out to ensure the cylinder&#8217;s optimal performance.<\/p>\n<p><img decoding=\"async\" src=\"https:\/\/www.hydraulic-cylinders.net\/wp-content\/uploads\/2025\/01\/songte-cylinder-head-with-all-kinds-excavator-models.webp\" alt=\"Silindir Kapa\u011f\u0131 G\u00f6r\u00fcnt\u00fcs\u00fc\"><\/p>\n<h2>Contalar ve Ya\u011flama<\/h2>\n<p>Various seals such as piston seals and rod seals are used to ensure the arm cylinder&#8217;s sealing performance. Materials with high wear resistance and good sealing performance, such as polyurethane and nitrile rubber, are commonly used. The cylinder body and thread end surface are finely processed to improve wear resistance. Regular lubrication with hydraulic oil is required to ensure the cylinder&#8217;s optimal performance.<\/p>\n<h2>Bak\u0131m ve \u00d6nlem Tedbirleri<\/h2>\n<p>Kol silindirinin optimum performans\u0131n\u0131 sa\u011flamak i\u00e7in d\u00fczenli kontrol ve \u00f6nleyici bak\u0131m yap\u0131lmal\u0131d\u0131r. A\u015fa\u011f\u0131daki \u00f6nlemler al\u0131nmal\u0131d\u0131r:<\/p>\n<h3>1. D\u00fczenli Muayene<\/h3>\n<p>Kol silindirinin optimum performans\u0131n\u0131 sa\u011flamak ve olas\u0131 sorunlar\u0131 erken tespit etmek i\u00e7in d\u00fczenli olarak kontrol edilmesi gerekir.<\/p>\n<h3>2. Bak\u0131m Planlamas\u0131<\/h3>\n<p>Scheduled maintenance should be carried out to ensure the arm cylinder&#8217;s sealing performance, lubrication, and other functions.<\/p>\n<h3>3. A\u015f\u0131nm\u0131\u015f Par\u00e7alar\u0131n De\u011fi\u015ftirilmesi<\/h3>\n<p>Worn parts should be replaced promptly to ensure the cylinder&#8217;s optimal performance and prevent accidents caused by failure or malfunction of the cylinder.<\/p>\n<h3>4. Temizleme ve Ya\u011flama<\/h3>\n<p>Silindirin en iyi performans\u0131n\u0131 sa\u011flamak i\u00e7in d\u00fczenli olarak temizlenmesi ve ya\u011flanmas\u0131 gerekir.<\/p>\n<h3>5. G\u00fcvenlik \u00d6nlemleri<\/h3>\n<p>Kol silindirini kullan\u0131rken, silindir ar\u0131zas\u0131 veya i\u015flev bozuklu\u011fundan kaynaklanabilecek kazalar\u0131 \u00f6nlemek i\u00e7in g\u00fcvenlik \u00f6nlemleri al\u0131nmal\u0131d\u0131r.<\/p>\n<p><img decoding=\"async\" src=\"https:\/\/www.hydraulic-cylinders.net\/wp-content\/uploads\/2025\/01\/songte-chushion-collar.webp\" alt=\"Yast\u0131k Yaka G\u00f6rseli\"><\/p>\n<h2>Kurulum K\u0131lavuzu<\/h2>\n<p>Kol silindiri tak\u0131l\u0131rken a\u015fa\u011f\u0131daki ad\u0131mlar izlenmelidir:<\/p>\n<h3>1. Konumland\u0131rma<\/h3>\n<p>Silindir do\u011fru konumland\u0131r\u0131lmal\u0131 ve montaj y\u00fczeyi d\u00fcz olmal\u0131d\u0131r.<\/p>\n<h3>2. S\u0131k\u0131\u015ft\u0131rma<\/h3>\n<p>The bolts should be tightened to the specified torque to ensure the cylinder&#8217;s optimal performance.<\/p>\n<h3>3. Test Etme<\/h3>\n<p>Silindirin optimum performans\u0131n\u0131 sa\u011flamak i\u00e7in montajdan sonra test edilmesi gerekir.<\/p>\n<h2>\u00dcr\u00fcn G\u00fcvenli\u011fi ve \u00c7evresel Hususlar<\/h2>\n<p>Kol silindirini kullan\u0131rken, silindir ar\u0131zas\u0131 veya i\u015flev bozuklu\u011fundan kaynaklanabilecek kazalar\u0131 \u00f6nlemek i\u00e7in g\u00fcvenlik \u00f6nlemleri al\u0131nmal\u0131d\u0131r. \u00c7evresel etki de dikkate al\u0131nmal\u0131d\u0131r.<\/p>\n<h2>Sorun Giderme ve Yayg\u0131n Sorunlar<\/h2>\n<p>Kol silindirini kullan\u0131rken ortaya \u00e7\u0131kabilecek baz\u0131 yayg\u0131n sorunlar \u015funlard\u0131r:<\/p>\n<h3>1. S\u0131zd\u0131rmazl\u0131k Ar\u0131zas\u0131<\/h3>\n<p>S\u0131zd\u0131rmazl\u0131k elemanlar\u0131n\u0131n ar\u0131zalanmas\u0131 nedeniyle hidrolik s\u0131v\u0131s\u0131nda s\u0131z\u0131nt\u0131 meydana gelebilir ve bu da makineye ve \u00e7evreye zarar verebilir.<\/p>\n<h3>2. Anormal G\u00fcr\u00fclt\u00fc<\/h3>\n<p>Silindir ar\u0131zas\u0131 veya i\u015flev bozuklu\u011fu nedeniyle anormal sesler olu\u015fabilir.<\/p>\n<h3>3. Yava\u015f Hareket<\/h3>\n<p>The cylinder&#8217;s movement may be slow due to a lack of lubrication or other reasons.<\/p>\n<p>Yukar\u0131daki sorunlardan herhangi biri meydana gelirse, a\u015fa\u011f\u0131daki \u00f6nlemler al\u0131nmal\u0131d\u0131r:<\/p>\n<h3>1. Muayene<\/h3>\n<p>Sorunun nedenini belirlemek i\u00e7in silindir incelenmelidir.<\/p>\n<h3>2. A\u015f\u0131nm\u0131\u015f Par\u00e7alar\u0131n De\u011fi\u015ftirilmesi<\/h3>\n<p>Worn parts should be replaced promptly to restore the cylinder&#8217;s optimal performance.<\/p>\n<h3>3. Ya\u011flama<\/h3>\n<p>Silindirin en iyi performans\u0131n\u0131 sa\u011flamak i\u00e7in d\u00fczenli olarak ya\u011flanmas\u0131 gerekir.<\/p>\n<p><img decoding=\"async\" src=\"https:\/\/www.hydraulic-cylinders.net\/wp-content\/uploads\/2025\/01\/songte-bushings-with-all-kinds-of-excavator-models.webp\" alt=\"Bur\u00e7lar G\u00f6r\u00fcnt\u00fcs\u00fc\"><\/p>\n<h2>Hakk\u0131m\u0131zda<\/h2>\n<p>Geni\u015f \u00fcr\u00fcn yelpazesine sahip profesyonel bir yedek hidrolik silindir \u00fcreticisiyiz. Yurti\u00e7i ve yurtd\u0131\u015f\u0131 pazarlarda \u00f6nde gelen hidrolik silindir \u00fcreticilerinden ve toptanc\u0131lar\u0131ndan biri haline geldik. Her zaman m\u00fckemmel kalite ilkesine ba\u011fl\u0131 kald\u0131k ve ince i\u015f\u00e7ilik at\u00f6lyesinin end\u00fcstriyel \u00fcretim y\u00f6netim stratejisine dayanarak teknik seviyemizi ve \u00fcretim verimlili\u011fimizi s\u00fcrekli olarak geli\u015ftirdik. Y\u00fcksek teknoloji \u00fcr\u00fcn\u00fc dijital \u00fcretim ekipmanlar\u0131 ve profesyonel test sistemleri kullanarak \u00fcretim platformunu s\u00fcrekli olarak optimize ediyor, \u00fcr\u00fcn kalite kontrol s\u00fcrecini iyile\u015ftiriyor ve g\u00fc\u00e7l\u00fc inovasyon yeteneklerine sahibiz. Amac\u0131m\u0131z, m\u00fc\u015fterilerimizin \u00e7e\u015fitli ihtiya\u00e7lar\u0131n\u0131 y\u00fcksek verimlilik, hassasiyet ve y\u00fcksek kalite ile kar\u015f\u0131lamakt\u0131r.<\/p>\n<p>M\u00fc\u015fterilerimize profesyonel hizmetler, uluslararas\u0131 sertifikasyon, \u00f6zel hizmetler, \u00fcretim ekipmanlar\u0131 ve sat\u0131\u015f sonras\u0131 hizmetler sunuyoruz.<\/p>\n<p><img decoding=\"async\" src=\"https:\/\/www.hydraulic-cylinders.net\/wp-content\/uploads\/2025\/01\/songte-company-4.webp\" alt=\"\u015eirket \u0130maj\u0131\"><\/p>\n<p><img decoding=\"async\" src=\"https:\/\/www.hydraulic-cylinders.net\/wp-content\/uploads\/2025\/01\/songte-company-3.webp\" alt=\"\u015eirket \u0130maj\u0131\"><\/p>\n<p>Yazar: lyl<\/p>","protected":false},"excerpt":{"rendered":"<p>Arm Cylinder For KYM KY85 Introduction Definition and Explanation of Arm Cylinder An arm cylinder is a specially designed hydraulic cylinder that is mainly used to provide linear motion and power to the arms of various types of machinery such as excavators, cranes, and robotic arms. The arm cylinder plays a critical role in hydraulic [&hellip;]<\/p>","protected":false},"featured_media":14763,"comment_status":"open","ping_status":"closed","template":"","meta":{"_et_pb_use_builder":"","_et_pb_old_content":"","_et_gb_content_width":""},"product_brand":[],"product_cat":[1497],"product_tag":[1498,1496],"class_list":{"0":"post-16735","1":"product","2":"type-product","3":"status-publish","4":"has-post-thumbnail","6":"product_cat-arm-cylinders","7":"product_tag-arm-cylinders","8":"product_tag-hydraulic-cylinders","10":"first","11":"instock","12":"shipping-taxable","13":"product-type-simple"},"amp_enabled":true,"_links":{"self":[{"href":"https:\/\/www.hydraulic-cylinders.net\/tr\/wp-json\/wp\/v2\/product\/16735","targetHints":{"allow":["GET"]}}],"collection":[{"href":"https:\/\/www.hydraulic-cylinders.net\/tr\/wp-json\/wp\/v2\/product"}],"about":[{"href":"https:\/\/www.hydraulic-cylinders.net\/tr\/wp-json\/wp\/v2\/types\/product"}],"replies":[{"embeddable":true,"href":"https:\/\/www.hydraulic-cylinders.net\/tr\/wp-json\/wp\/v2\/comments?post=16735"}],"wp:featuredmedia":[{"embeddable":true,"href":"https:\/\/www.hydraulic-cylinders.net\/tr\/wp-json\/wp\/v2\/media\/14763"}],"wp:attachment":[{"href":"https:\/\/www.hydraulic-cylinders.net\/tr\/wp-json\/wp\/v2\/media?parent=16735"}],"wp:term":[{"taxonomy":"product_brand","embeddable":true,"href":"https:\/\/www.hydraulic-cylinders.net\/tr\/wp-json\/wp\/v2\/product_brand?post=16735"},{"taxonomy":"product_cat","embeddable":true,"href":"https:\/\/www.hydraulic-cylinders.net\/tr\/wp-json\/wp\/v2\/product_cat?post=16735"},{"taxonomy":"product_tag","embeddable":true,"href":"https:\/\/www.hydraulic-cylinders.net\/tr\/wp-json\/wp\/v2\/product_tag?post=16735"}],"curies":[{"name":"wp","href":"https:\/\/api.w.org\/{rel}","templated":true}]}}