{"id":1674,"date":"2023-10-11T02:36:33","date_gmt":"2023-10-11T02:36:33","guid":{"rendered":"https:\/\/hydraulic-cylinders.net\/?post_type=product&#038;p=1674"},"modified":"2025-04-11T03:46:16","modified_gmt":"2025-04-11T03:46:16","slug":"press-centering-cylinder","status":"publish","type":"product","link":"https:\/\/www.hydraulic-cylinders.net\/tr\/urun\/press-centering-cylinder\/","title":{"rendered":"Pres Merkezleme Silindiri"},"content":{"rendered":"<h1 style=\"text-align: center;\"><strong>Pres Merkezleme Silindiri<\/strong><\/h1>\n<p><img loading=\"lazy\" decoding=\"async\" class=\"alignnone size-medium wp-image-1675 aligncenter\" src=\"https:\/\/hydraulic-cylinders.net\/wp-content\/uploads\/2023\/10\/centering-cylinder-1-300x300.webp\" alt=\"\" width=\"300\" height=\"300\" \/><\/p>\n<p>Pres merkezleme silindiri, \u00e7ok \u00e7e\u015fitli pres uygulamalar\u0131nda hassasiyeti ve verimlili\u011fi art\u0131rmak i\u00e7in tasarlanm\u0131\u015f son teknoloji bir ara\u00e7t\u0131r. Bu yenilik\u00e7i silindir, i\u015f par\u00e7alar\u0131n\u0131n hassas bir \u015fekilde merkezlenmesini sa\u011flayarak optimum hizalama sa\u011flar ve kurulum s\u00fcresini k\u0131salt\u0131r.<\/p>\n<p>Pres merkezleme silindiri, hassas ve verimli presleme i\u015flemleri i\u00e7in vazge\u00e7ilmezdir. Hassas merkezleme, ayarlanabilir performans, h\u0131zl\u0131 tepki s\u00fcresi ve sa\u011flam yap\u0131s\u0131yla bu silindir, operat\u00f6rlerin i\u015f par\u00e7alar\u0131n\u0131 en y\u00fcksek hassasiyetle hizalamalar\u0131n\u0131 sa\u011flayarak kurulum s\u00fcresini k\u0131salt\u0131r ve genel verimlili\u011fi art\u0131r\u0131r. \u00d6nerilen kullan\u0131m y\u00f6ntemlerini ve bak\u0131m uygulamalar\u0131n\u0131 izleyerek, presleme i\u015flemlerinizde pres merkezleme silindirinin performans\u0131n\u0131, \u00f6mr\u00fcn\u00fc ve g\u00fcvenli\u011fini en \u00fcst d\u00fczeye \u00e7\u0131karabilirsiniz. Presleme kapasitenizi art\u0131rmak ve \u00fcst\u00fcn hizalama ve verimlilik deneyimi ya\u015famak i\u00e7in bu silindiri se\u00e7in.<\/p>\n<p>Pres Merkezleme Silindirinin Temel \u00d6zellikleri:<\/p>\n<ul>\n<li>Hassas Merkezleme:\n<ul>\n<li>Pres merkezleme silindiri, presleme i\u015flemleri s\u0131ras\u0131nda i\u015f par\u00e7alar\u0131n\u0131 hassas bir \u015fekilde merkezlemek i\u00e7in \u00f6zel olarak tasarlanm\u0131\u015ft\u0131r.<\/li>\n<li>Geli\u015fmi\u015f mekanizmas\u0131, i\u015f par\u00e7as\u0131n\u0131n do\u011fru bir \u015fekilde hizalanmas\u0131n\u0131 sa\u011flayarak, hizalama hatas\u0131 veya hata riskini en aza indirir.<\/li>\n<\/ul>\n<\/li>\n<li>Ayarlanabilir Performans:\n<ul>\n<li>Bu silindir, operat\u00f6rlerin her uygulaman\u0131n \u00f6zel gereksinimlerine g\u00f6re hizalamay\u0131 hassas bir \u015fekilde ayarlamas\u0131na olanak tan\u0131yan ayarlanabilir merkezleme yetenekleri sunar.<\/li>\n<li>Merkezleme ayarlar\u0131n\u0131 \u00f6zelle\u015ftirerek farkl\u0131 i\u015f par\u00e7as\u0131 boyutlar\u0131, \u015fekilleri ve malzemeleri i\u00e7in en iyi sonu\u00e7lar\u0131 elde edebilirsiniz.<\/li>\n<\/ul>\n<\/li>\n<li>H\u0131zl\u0131 Tepki S\u00fcresi:\n<ul>\n<li>Pres merkezleme silindiri, h\u0131zl\u0131 tepki s\u00fcresiyle i\u015f par\u00e7alar\u0131n\u0131n h\u0131zl\u0131 ve etkili bir \u015fekilde merkezlenmesini sa\u011flar.<\/li>\n<li>H\u0131zl\u0131 hareket, genel \u00e7evrim s\u00fcresini azaltarak presleme i\u015flemlerinde \u00fcretkenli\u011fi ve verimi art\u0131r\u0131r.<\/li>\n<\/ul>\n<\/li>\n<li>Sa\u011flam Yap\u0131:\n<ul>\n<li>Bu silindir, y\u00fcksek kaliteli malzemeler ve hassas m\u00fchendislik kullan\u0131larak dayan\u0131kl\u0131l\u0131k d\u00fc\u015f\u00fcn\u00fclerek \u00fcretilmi\u015ftir.<\/li>\n<li>Sa\u011flam yap\u0131s\u0131, zorlu end\u00fcstriyel ortamlarda bile uzun \u00f6m\u00fcrl\u00fc performans sa\u011flar.<\/li>\n<\/ul>\n<\/li>\n<\/ul>\n<h2><strong>Pres Merkezleme Silindiri Parametresi:<\/strong><\/h2>\n<table border=\"1\" cellspacing=\"0\" cellpadding=\"0\">\n<tbody>\n<tr>\n<td>\u00dcr\u00fcn Ad\u0131<\/td>\n<td>Hidrolik Pres Merkezleme Silindiri<\/td>\n<\/tr>\n<tr>\n<td>\u00d6zellikler:<\/td>\n<td>Kelep\u00e7e ba\u015fl\u0131\u011f\u0131n\u0131n orta konumunu sa\u011flay\u0131n<\/td>\n<\/tr>\n<tr>\n<td>Delik \u00e7ap\u0131:<\/td>\n<td>50 mm\uff5e190 mm<\/td>\n<\/tr>\n<tr>\n<td>\u00c7ubuk \u00e7ap\u0131:<\/td>\n<td>35 mm\uff5e150 mm<br \/>\nStrok\u22641200mm<\/td>\n<\/tr>\n<tr>\n<td>\u0130tme kuvveti:<\/td>\n<td>Maksimum 441KN<br \/>\n(Silindir \u00e7ap\u0131 190mm\/bas\u0131n\u00e7 25MPa)<\/td>\n<\/tr>\n<tr>\n<td>Merkezleme Silindiri Uygulamalar\u0131:<\/td>\n<td>Hidrolik Pres<\/td>\n<\/tr>\n<\/tbody>\n<\/table>\n<div><\/div>\n<div>\n<div class=\"txtboxL\">\u00d6zellikler:<\/div>\n<div class=\"txtboxR\">Kelep\u00e7e ba\u015fl\u0131\u011f\u0131n\u0131n orta konumunu sa\u011flay\u0131n<\/div>\n<div class=\"txtboxL\">\u00d6zellikler:<\/div>\n<div class=\"txtboxR\">Delik \u00e7ap\u0131: 50mm\uff5e190mm<br \/>\n\u00c7ubuk \u00e7ap\u0131: 35mm\uff5e150mm<br \/>\nStrok\u22641200mm<\/div>\n<div class=\"txtboxL\">\u0130tme kuvveti:<\/div>\n<div class=\"txtboxR\">Maksimum 441KN<br \/>\n(Silindir \u00e7ap\u0131 190mm\/bas\u0131n\u00e7 25MPa)<\/div>\n<\/div>\n<h2><strong>Pres Silindir Fabrikas\u0131:<\/strong><\/h2>\n<p><img loading=\"lazy\" decoding=\"async\" class=\"alignnone wp-image-1619 size-full\" src=\"https:\/\/hydraulic-cylinders.net\/wp-content\/uploads\/2023\/10\/press-cylinder.webp\" alt=\"\" width=\"1418\" height=\"946\" srcset=\"https:\/\/hydraulic-cylinders.net\/wp-content\/uploads\/2023\/10\/press-cylinder.webp 1418w, https:\/\/hydraulic-cylinders.net\/wp-content\/uploads\/2023\/10\/press-cylinder-1280x854.webp 1280w, https:\/\/hydraulic-cylinders.net\/wp-content\/uploads\/2023\/10\/press-cylinder-980x654.webp 980w, https:\/\/hydraulic-cylinders.net\/wp-content\/uploads\/2023\/10\/press-cylinder-480x320.webp 480w\" sizes=\"(min-width: 0px) and (max-width: 480px) 480px, (min-width: 481px) and (max-width: 980px) 980px, (min-width: 981px) and (max-width: 1280px) 1280px, (min-width: 1281px) 1418px, 100vw\" \/><\/p>\n<h2><strong>Pres Merkezleme Silindirinin Kullan\u0131m Y\u00f6ntemi<\/strong><strong>:<\/strong><\/h2>\n<ul>\n<li><strong>Kurulum:<\/strong>\n<ul>\n<li>Pres merkezleme silindirini pres ekipman\u0131yla do\u011fru hizalamay\u0131 sa\u011flayarak istenilen yere g\u00fcvenli bir \u015fekilde monte edin.<\/li>\n<li>Connect the hydraulic lines according to the manufacturer&#8217;s instructions, ensuring correct fluid flow and avoiding leaks.<\/li>\n<\/ul>\n<\/li>\n<li><strong>Merkezleme Ayar\u0131:<\/strong>\n<ul>\n<li>Silindirin sa\u011flad\u0131\u011f\u0131 merkezleme ayarlama mekanizmas\u0131n\u0131 tan\u0131y\u0131n.<\/li>\n<li>Ayarlamalar genellikle kontrol d\u00fc\u011fmeleri, el \u00e7arklar\u0131 veya dijital kontroller kullan\u0131larak yap\u0131labilir.<\/li>\n<li>Follow the manufacturer&#8217;s guidelines to make precise centering adjustments based on the workpiece dimensions and alignment requirements.<\/li>\n<\/ul>\n<\/li>\n<li><strong>\u0130\u015f Par\u00e7as\u0131 Hizalamas\u0131:<\/strong>\n<ul>\n<li>\u0130\u015f par\u00e7as\u0131n\u0131 pres yata\u011f\u0131na yerle\u015ftirin ve merkezleme silindiriyle hizaland\u0131\u011f\u0131ndan emin olun.<\/li>\n<li>Merkezleme mekanizmas\u0131n\u0131 devreye sokmak ve i\u015f par\u00e7as\u0131n\u0131 istenilen pozisyonda sabitlemek i\u00e7in silindiri etkinle\u015ftirin.<\/li>\n<li>Do\u011fru merkezlemeyi sa\u011flamak i\u00e7in hizalamay\u0131 g\u00f6rsel olarak veya \u00f6l\u00e7\u00fcm ara\u00e7lar\u0131 kullanarak do\u011frulay\u0131n.<\/li>\n<\/ul>\n<\/li>\n<li><strong>Presleme \u0130\u015flemi:<\/strong>\n<ul>\n<li>\u0130\u015f par\u00e7as\u0131 d\u00fczg\u00fcn bir \u015fekilde hizaland\u0131ktan sonra, standart prosed\u00fcrlerinize g\u00f6re presleme i\u015flemine devam edin.<\/li>\n<li>Pres merkezleme silindiri, presleme i\u015flemi boyunca i\u015f par\u00e7as\u0131n\u0131n hizalanmas\u0131n\u0131 ve stabilitesini koruyarak, hizalama hatas\u0131 veya hasar riskini en aza indirir.<\/li>\n<\/ul>\n<\/li>\n<\/ul>\n<h2><strong>Hidrolik Silindir Nas\u0131l Havaland\u0131r\u0131l\u0131r?<\/strong><\/h2>\n<p>Bleeding a hydraulic cylinder is an essential maintenance task that helps remove air or trapped gases from the system. Here&#8217;s a step-by-step guide on how to bleed a hydraulic cylinder:<\/p>\n<p>Not: Kanama i\u015flemine ba\u015flamadan \u00f6nce, gerekli aletlere, g\u00fcvenlik ekipmanlar\u0131na sahip oldu\u011funuzdan ve hidrolik sisteminizin \u00fcreticisi taraf\u0131ndan sa\u011flanan \u00f6zel talimatlara uydu\u011funuzdan emin olun.<\/p>\n<ol>\n<li><strong>G\u00fcvenlik \u00d6nlemleri:<\/strong>\n<ul>\n<li>Potansiyel hidrolik s\u0131v\u0131 s\u0131z\u0131nt\u0131lar\u0131ndan veya s\u0131\u00e7ramalar\u0131ndan korunmak i\u00e7in eldiven ve g\u00fcvenlik g\u00f6zl\u00fc\u011f\u00fc gibi uygun g\u00fcvenlik ekipmanlar\u0131n\u0131 giyin.<\/li>\n<li>G\u00fc\u00e7 kayna\u011f\u0131n\u0131 kapatarak ve depolanan bas\u0131nc\u0131 serbest b\u0131rakarak hidrolik sistemin bas\u0131nc\u0131n\u0131n d\u00fc\u015f\u00fcr\u00fcld\u00fc\u011f\u00fcnden emin olun.<\/li>\n<\/ul>\n<\/li>\n<li><strong>Hava Alma Vanas\u0131n\u0131 Bulun:<\/strong>\n<ul>\n<li>Hidrolik silindirdeki tahliye vanas\u0131n\u0131 bulun. Tahliye vanas\u0131, genellikle silindir g\u00f6vdesinde veya silindire ba\u011fl\u0131 hidrolik hatlar\u0131n yak\u0131n\u0131nda bulunan k\u00fc\u00e7\u00fck, vida benzeri bir vanad\u0131r.<\/li>\n<li>If you are unsure about the location of the bleeder valve, consult the manufacturer&#8217;s documentation or seek professional assistance.<\/li>\n<\/ul>\n<\/li>\n<li><strong>S\u0131v\u0131 Toplanmas\u0131na Haz\u0131rl\u0131k:<\/strong>\n<ul>\n<li>Tahliye i\u015flemi s\u0131ras\u0131nda olu\u015fabilecek s\u0131v\u0131y\u0131 toplamak i\u00e7in tahliye vanas\u0131n\u0131n alt\u0131na uygun bir kap veya emici malzeme yerle\u015ftirin. Bu, d\u00f6k\u00fclmeleri ve \u00e7evre kirlili\u011fini \u00f6nler.<\/li>\n<\/ul>\n<\/li>\n<li><strong>Hava Alma Vanas\u0131n\u0131 A\u00e7\u0131n:<\/strong>\n<ul>\n<li>Uygun bir anahtar veya alet kullanarak, tahliye vanas\u0131n\u0131 saat y\u00f6n\u00fcn\u00fcn tersine dikkatlice gev\u015fetin. Bu a\u015famada vanay\u0131 tamamen \u00e7\u0131karmamaya dikkat edin.<\/li>\n<li>Hava tahliye vanas\u0131n\u0131n a\u00e7\u0131lmas\u0131, silindir i\u00e7erisinde s\u0131k\u0131\u015fan hava veya gazlar\u0131n d\u0131\u015far\u0131 \u00e7\u0131kmas\u0131 i\u00e7in bir \u00e7\u0131k\u0131\u015f olu\u015fturur.<\/li>\n<\/ul>\n<\/li>\n<li><strong>Hidrolik Sistemi Etkinle\u015ftirin:<\/strong>\n<ul>\n<li>Hidrolik sistemi, \u00fcretici taraf\u0131ndan \u00f6nerilen y\u00f6ntemi kullanarak a\u00e7\u0131n veya etkinle\u015ftirin. Bu, g\u00fc\u00e7 \u00fcnitesini \u00e7al\u0131\u015ft\u0131rmay\u0131 veya silindiri kullanan hidrolik ekipman\u0131 \u00e7al\u0131\u015ft\u0131rmay\u0131 i\u00e7erebilir.<\/li>\n<\/ul>\n<\/li>\n<li><strong>S\u0131v\u0131 Ak\u0131\u015f\u0131n\u0131 G\u00f6zlemleyin:<\/strong>\n<ul>\n<li>Hidrolik sistem \u00e7al\u0131\u015f\u0131rken, tahliye valfinden s\u0131v\u0131n\u0131n akt\u0131\u011f\u0131n\u0131 g\u00f6receksiniz.<\/li>\n<li>Silindirdeki hava veya s\u0131k\u0131\u015fm\u0131\u015f gazlar\u0131n temizlenmesini sa\u011flamak i\u00e7in s\u0131v\u0131n\u0131n yeterli bir s\u00fcre serbest\u00e7e akmas\u0131na izin verin.<\/li>\n<li>Kab\u0131n i\u00e7indeki s\u0131v\u0131 seviyesini yak\u0131ndan takip edin ve s\u0131v\u0131 ak\u0131\u015f\u0131 sabitlendi\u011finde ve hava kabarc\u0131klar\u0131 ortadan kalkt\u0131\u011f\u0131nda tahliye vanas\u0131n\u0131 kapatmaya haz\u0131r olun.<\/li>\n<\/ul>\n<\/li>\n<li><strong>Hava Alma Vanas\u0131n\u0131 Kapat\u0131n:<\/strong>\n<ul>\n<li>S\u0131v\u0131 ak\u0131\u015f\u0131 dengelenip hava kabarc\u0131klar\u0131 giderildikten sonra, tahliye vanas\u0131n\u0131 saat y\u00f6n\u00fcnde dikkatlice s\u0131k\u0131n. S\u0131k\u0131 oldu\u011fundan emin olun, ancak vanaya veya silindire zarar vermemek i\u00e7in a\u015f\u0131r\u0131 s\u0131kmaktan ka\u00e7\u0131n\u0131n.<\/li>\n<\/ul>\n<\/li>\n<li><strong>Sistemin \u00c7al\u0131\u015ft\u0131\u011f\u0131n\u0131 Do\u011frulay\u0131n:<\/strong>\n<ul>\n<li>Hava alma valfini kapatt\u0131ktan sonra hidrolik sistemi \u00e7al\u0131\u015ft\u0131rarak silindirin d\u00fczg\u00fcn \u00e7al\u0131\u015f\u0131p \u00e7al\u0131\u015fmad\u0131\u011f\u0131n\u0131 kontrol edin.<\/li>\n<li>Monitor the cylinder&#8217;s movement, responsiveness, and overall performance to ensure that the bleeding process was successful.<\/li>\n<\/ul>\n<\/li>\n<li><strong>Temizlik ve G\u00fcvenlik:<\/strong>\n<ul>\n<li>D\u00f6k\u00fclen hidrolik s\u0131v\u0131y\u0131 temizleyin, \u00e7al\u0131\u015fma alan\u0131n\u0131n temiz ve potansiyel tehlikelerden ar\u0131nm\u0131\u015f oldu\u011fundan emin olun.<\/li>\n<li>Toplanan s\u0131v\u0131y\u0131 yerel y\u00f6netmeliklere ve \u00e7evre kurallar\u0131na uygun \u015fekilde bertaraf edin.<\/li>\n<\/ul>\n<\/li>\n<\/ol>\n<h2><strong>Fabrikan\u0131n Kapasitesi ve Kapasitesi:<\/strong><\/h2>\n<h3>(1) Meclis<\/h3>\n<p>Birinci s\u0131n\u0131f ba\u011f\u0131ms\u0131z bir ara\u015ft\u0131rma ve geli\u015ftirme montaj platformumuz bulunmaktad\u0131r. Hidrolik silindir \u00fcretim at\u00f6lyemizde, y\u0131ll\u0131k 1 milyon adet \u00fcretim kapasitesine sahip d\u00f6rt adet yar\u0131 otomatik kald\u0131rma silindiri montaj hatt\u0131 ve bir adet otomatik devirme silindiri montaj hatt\u0131 bulunmaktad\u0131r. \u00d6zel silindir at\u00f6lyemiz, y\u0131ll\u0131k 200.000 adet \u00fcretim kapasitesine sahip \u00e7e\u015fitli \u00f6zelliklerde yar\u0131 otomatik temizleme montaj sistemiyle donat\u0131lm\u0131\u015ft\u0131r. Ayr\u0131ca, \u00fcnl\u00fc CNC i\u015fleme ekipmanlar\u0131, bir i\u015fleme merkezi, y\u00fcksek hassasiyetli silindir i\u015fleme \u00f6zel ekipmanlar\u0131, bir robot kaynak makinesi, bir otomatik temizleme makinesi, otomatik silindir montaj makinesi ve otomatik boyama \u00fcretim hatt\u0131 ile donat\u0131lm\u0131\u015ft\u0131r. 300'den fazla setten olu\u015fan kritik ekipmanlar mevcuttur. Ekipman kaynaklar\u0131n\u0131n optimum da\u011f\u0131l\u0131m\u0131 ve verimli kullan\u0131m\u0131, \u00fcr\u00fcnlerin hassasiyet gereksinimlerini kar\u015f\u0131lar ve \u00fcr\u00fcnlerin y\u00fcksek kalite ihtiya\u00e7lar\u0131n\u0131 kar\u015f\u0131lar.<\/p>\n<p><img loading=\"lazy\" decoding=\"async\" class=\"alignnone wp-image-626\" src=\"https:\/\/hydraulic-cylinders.net\/wp-content\/uploads\/2023\/08\/hydraulic-cylinder-product-1-300x158.webp\" alt=\"\" width=\"495\" height=\"260\" srcset=\"https:\/\/hydraulic-cylinders.net\/wp-content\/uploads\/2023\/08\/hydraulic-cylinder-product-1-300x158.webp 495w, https:\/\/hydraulic-cylinders.net\/wp-content\/uploads\/2023\/08\/hydraulic-cylinder-product-1-480x252.webp 480w\" sizes=\"(min-width: 0px) and (max-width: 480px) 480px, (min-width: 481px) 495px, 100vw\" \/> <img loading=\"lazy\" decoding=\"async\" class=\"alignnone wp-image-627\" src=\"https:\/\/hydraulic-cylinders.net\/wp-content\/uploads\/2023\/08\/hydraulic-cylinder-product-2-300x189.webp\" alt=\"\" width=\"413\" height=\"260\" \/><\/p>\n<h3>(2) \u0130\u015fleme<\/h3>\n<p>\u0130\u015fleme at\u00f6lyesi, maksimum 400 mm i\u00e7 \u00e7apa ve maksimum 6 metre uzunlu\u011fa sahip silindir borular\u0131n\u0131n i\u015flenmesini ger\u00e7ekle\u015ftirebilen \u00f6zel e\u011fimli ray torna merkezi, i\u015fleme merkezi, y\u00fcksek h\u0131zl\u0131 honlama makinesi, kaynak robotu ve di\u011fer ilgili ekipmanlarla donat\u0131lm\u0131\u015ft\u0131r.<\/p>\n<p><img loading=\"lazy\" decoding=\"async\" class=\"alignnone wp-image-628 size-large\" src=\"https:\/\/hydraulic-cylinders.net\/wp-content\/uploads\/2023\/08\/hydraulic-cylinder-product-3-1024x391.webp\" alt=\"\" width=\"1024\" height=\"391\" srcset=\"https:\/\/hydraulic-cylinders.net\/wp-content\/uploads\/2023\/08\/hydraulic-cylinder-product-3-980x374.webp 980w, https:\/\/hydraulic-cylinders.net\/wp-content\/uploads\/2023\/08\/hydraulic-cylinder-product-3-480x183.webp 480w\" sizes=\"(min-width: 0px) and (max-width: 480px) 480px, (min-width: 481px) and (max-width: 980px) 980px, (min-width: 981px) 1024px, 100vw\" \/><\/p>\n<h3>(3) Kaynak<\/h3>\n<p><img loading=\"lazy\" decoding=\"async\" class=\"alignnone wp-image-629 size-large\" src=\"https:\/\/hydraulic-cylinders.net\/wp-content\/uploads\/2023\/08\/hydraulic-cylinder-product-4-1024x510.webp\" alt=\"\" width=\"1024\" height=\"510\" srcset=\"https:\/\/hydraulic-cylinders.net\/wp-content\/uploads\/2023\/08\/hydraulic-cylinder-product-4-980x488.webp 980w, https:\/\/hydraulic-cylinders.net\/wp-content\/uploads\/2023\/08\/hydraulic-cylinder-product-4-480x239.webp 480w\" sizes=\"(min-width: 0px) and (max-width: 480px) 480px, (min-width: 481px) and (max-width: 980px) 980px, (min-width: 981px) 1024px, 100vw\" \/><\/p>\n<h3>(4) Boyama ve kaplama<\/h3>\n<p>K\u00fc\u00e7\u00fck ve orta \u00f6l\u00e7ekli silindirli otomatik su bazl\u0131 boya kaplama hatlar\u0131nda, otomatik robot y\u00fckleme-bo\u015faltma ve otomatik p\u00fcsk\u00fcrtmeyi ger\u00e7ekle\u015ftirmek i\u00e7in, vardiya ba\u015f\u0131na 4000 adet tasar\u0131m kapasitesi;<br \/>\nAyr\u0131ca, vardiya ba\u015f\u0131na 60 kasa kapasiteli, g\u00fc\u00e7 zinciriyle \u00e7al\u0131\u015fan b\u00fcy\u00fck silindirler i\u00e7in yar\u0131 otomatik boya \u00fcretim hatt\u0131m\u0131z da bulunmaktad\u0131r.<\/p>\n<p><img loading=\"lazy\" decoding=\"async\" class=\"alignnone wp-image-630\" src=\"https:\/\/hydraulic-cylinders.net\/wp-content\/uploads\/2023\/08\/hydraulic-cylinder-product-5-300x213.webp\" alt=\"\" width=\"366\" height=\"260\" \/> <img loading=\"lazy\" decoding=\"async\" class=\"alignnone wp-image-631\" src=\"https:\/\/hydraulic-cylinders.net\/wp-content\/uploads\/2023\/08\/hydraulic-cylinder-product-6-300x225.webp\" alt=\"\" width=\"347\" height=\"260\" \/><\/p>\n<h3>(5) Test etme<\/h3>\n<p>Silindirin performans\u0131n\u0131n gereklilikleri kar\u015f\u0131lad\u0131\u011f\u0131ndan emin olmak i\u00e7in birinci s\u0131n\u0131f muayene tesislerimiz ve test yataklar\u0131m\u0131z bulunmaktad\u0131r.<\/p>\n<p><img loading=\"lazy\" decoding=\"async\" class=\"alignnone wp-image-632\" src=\"https:\/\/hydraulic-cylinders.net\/wp-content\/uploads\/2023\/08\/hydraulic-cylinder-product-8-300x200.webp\" alt=\"\" width=\"389\" height=\"260\" \/><\/p>\n<p>&nbsp;<\/p>\n<p>&nbsp;<\/p>\n<p>En iyi hidrolik silindir \u00fcreticilerinden biriyiz. Kapsaml\u0131 hidrolik silindirler sunabiliyoruz. Ayr\u0131ca, ilgili hidrolik silindirleri de sa\u011fl\u0131yoruz. <a href=\"https:\/\/hzpt.com\/agricultural-pto-gearbox\/\" target=\"_blank\" rel=\"noopener\">tar\u0131msal di\u015fli kutular\u0131<\/a>\u00dcr\u00fcnlerimizi d\u00fcnya \u00e7ap\u0131ndaki m\u00fc\u015fterilerimize ihra\u00e7 ettik ve \u00fcst\u00fcn \u00fcr\u00fcn kalitemiz ve sat\u0131\u015f sonras\u0131 hizmetlerimiz sayesinde iyi bir itibar kazand\u0131k. Yurt i\u00e7i ve yurt d\u0131\u015f\u0131ndaki m\u00fc\u015fterilerimizi i\u015f g\u00f6r\u00fc\u015fmeleri yapmak, bilgi al\u0131\u015fveri\u015finde bulunmak ve <a href=\"https:\/\/www.hydraulic-cylinders.net\/tr\/contact-us\/\">bizimle i\u015fbirli\u011fi yap\u0131n<\/a>!<\/p>","protected":false},"excerpt":{"rendered":"<p>Press Centering Cylinder The press centering cylinder is a cutting-edge tool designed to enhance precision and efficiency in a wide range of pressing applications. This innovative cylinder is meticulously engineered to provide accurate centering of workpieces, ensuring optimal alignment and reducing setup time. The press centering cylinder is indispensable for achieving precise and efficient pressing [&hellip;]<\/p>","protected":false},"featured_media":1676,"comment_status":"open","ping_status":"closed","template":"","meta":{"_et_pb_use_builder":"","_et_pb_old_content":"","_et_gb_content_width":""},"product_brand":[],"product_cat":[1550,1522,1376],"product_tag":[1380],"class_list":{"0":"post-1674","1":"product","2":"type-product","3":"status-publish","4":"has-post-thumbnail","6":"product_cat-double-acting-hydraulic-cylinder","7":"product_cat-press-hydraulic-cylinders","8":"product_cat-hydraulic-cylinder","9":"product_tag-hydraulic-cylinder","11":"first","12":"instock","13":"shipping-taxable","14":"product-type-simple"},"amp_enabled":true,"_links":{"self":[{"href":"https:\/\/www.hydraulic-cylinders.net\/tr\/wp-json\/wp\/v2\/product\/1674","targetHints":{"allow":["GET"]}}],"collection":[{"href":"https:\/\/www.hydraulic-cylinders.net\/tr\/wp-json\/wp\/v2\/product"}],"about":[{"href":"https:\/\/www.hydraulic-cylinders.net\/tr\/wp-json\/wp\/v2\/types\/product"}],"replies":[{"embeddable":true,"href":"https:\/\/www.hydraulic-cylinders.net\/tr\/wp-json\/wp\/v2\/comments?post=1674"}],"wp:featuredmedia":[{"embeddable":true,"href":"https:\/\/www.hydraulic-cylinders.net\/tr\/wp-json\/wp\/v2\/media\/1676"}],"wp:attachment":[{"href":"https:\/\/www.hydraulic-cylinders.net\/tr\/wp-json\/wp\/v2\/media?parent=1674"}],"wp:term":[{"taxonomy":"product_brand","embeddable":true,"href":"https:\/\/www.hydraulic-cylinders.net\/tr\/wp-json\/wp\/v2\/product_brand?post=1674"},{"taxonomy":"product_cat","embeddable":true,"href":"https:\/\/www.hydraulic-cylinders.net\/tr\/wp-json\/wp\/v2\/product_cat?post=1674"},{"taxonomy":"product_tag","embeddable":true,"href":"https:\/\/www.hydraulic-cylinders.net\/tr\/wp-json\/wp\/v2\/product_tag?post=1674"}],"curies":[{"name":"wp","href":"https:\/\/api.w.org\/{rel}","templated":true}]}}