{"id":16749,"date":"2025-01-21T05:51:35","date_gmt":"2025-01-21T05:51:35","guid":{"rendered":"https:\/\/www.hydraulic-cylinders.net\/product\/arm-cylinder-for-pushhm-pz85-7\/"},"modified":"2025-01-21T05:51:37","modified_gmt":"2025-01-21T05:51:37","slug":"arm-cylinder-for-pushhm-pz85-7","status":"publish","type":"product","link":"https:\/\/www.hydraulic-cylinders.net\/tr\/urun\/arm-cylinder-for-pushhm-pz85-7\/","title":{"rendered":"Pushhm PZ85-7 i\u00e7in Kol Silindiri"},"content":{"rendered":"<h1>Pushhm PZ85-7 i\u00e7in Kol Silindiri<\/h1>\n<h2>girii\u015f<\/h2>\n<p>Kol silindiri, ekskavat\u00f6rler, vin\u00e7ler ve robot kollar\u0131 gibi \u00e7e\u015fitli makinelerin kollar\u0131na do\u011frusal hareket ve g\u00fc\u00e7 sa\u011flayan \u00f6zel olarak tasarlanm\u0131\u015f bir hidrolik silindirdir. Hidrolik sistemlerde hayati bir rol oynayarak ek aletlerin veya ata\u015fmanlar\u0131n verimli hareketini ve kontrol\u00fcn\u00fc sa\u011flar. Bu silindirler sadece d\u00fczg\u00fcn hareket sa\u011flamakla kalmaz, ayn\u0131 zamanda a\u011f\u0131r y\u00fckleri de ta\u015f\u0131yarak makinelerin \u00e7e\u015fitli \u00e7al\u0131\u015fma ko\u015fullar\u0131nda verimli \u00e7al\u0131\u015fmas\u0131n\u0131 ve g\u00fcvenilirli\u011fini garanti eder.<\/p>\n<p><img decoding=\"async\" src=\"https:\/\/www.hydraulic-cylinders.net\/wp-content\/uploads\/2025\/01\/songte-company-2.webp\" alt=\"Kol Silindiri\" \/><\/p>\n<h2>\u00d6zellikler<\/h2>\n<ul>\n<li><strong>Y\u00fcksek Verimli \u015eanz\u0131man:<\/strong> Kol silindiri g\u00fc\u00e7l\u00fc do\u011frusal hareket ve kuvvet sa\u011flayarak \u00e7e\u015fitli operasyonlar s\u0131ras\u0131nda y\u00fcksek performans kabiliyetleri sa\u011flar.<\/li>\n<li><strong>Hassas Kontrol:<\/strong> Hidrolik sistemler sayesinde, kol silindiri hassas hareket kontrol\u00fc sa\u011flayarak ek aletlerin kullan\u0131m\u0131n\u0131 daha esnek ve do\u011fru hale getirir.<\/li>\n<li><strong>G\u00fc\u00e7l\u00fc Dayan\u0131kl\u0131l\u0131k:<\/strong> Kol silindirleri genellikle y\u00fcksek mukavemetli, a\u015f\u0131nma ve korozyon direnci y\u00fcksek malzemeler kullan\u0131larak \u00fcretilir ve bu da onlar\u0131 zorlu ortamlarda uzun s\u00fcreli kullan\u0131m i\u00e7in uygun hale getirir.<\/li>\n<li><strong>\u00c7ok Fonksiyonlu Uyarlanabilirlik:<\/strong> Bu silindirler, ekskavat\u00f6rler, vin\u00e7ler ve robotik kollar gibi \u00e7e\u015fitli makinelerde yayg\u0131n olarak kullan\u0131labilir ve farkl\u0131 i\u015f gereksinimlerine uyum sa\u011flayabilir.<\/li>\n<li><strong>Kolay Bak\u0131m:<\/strong> Tasar\u0131mda bak\u0131m ve de\u011fi\u015ftirme kolayl\u0131\u011f\u0131 g\u00f6z \u00f6n\u00fcnde bulundurularak d\u00fczenli denetim ve bak\u0131m kolayl\u0131\u011f\u0131 sa\u011flan\u0131yor ve ekipman ar\u0131za s\u00fcreleri azalt\u0131l\u0131yor.<\/li>\n<\/ul>\n<p><img decoding=\"async\" src=\"https:\/\/www.hydraulic-cylinders.net\/wp-content\/uploads\/2025\/01\/songte-oil-pipes-and-spare-parts.webp\" alt=\"Hidrolik Silindir Yedek Par\u00e7alar\u0131\" \/><\/p>\n<h2>Uygulamalar<\/h2>\n<p>Kol silindiri \u00e7e\u015fitli end\u00fcstrilerde uygulama alan\u0131 bulmaktad\u0131r:<\/p>\n<ul>\n<li><strong>\u0130n\u015faat M\u00fchendisli\u011fi:<\/strong> Kaz\u0131c\u0131 makinelerde ve vin\u00e7lerde, kol silindirleri toprak i\u015fleri, malzeme ta\u015f\u0131ma ve yap\u0131 montaj\u0131 i\u00e7in kep\u00e7elerin veya bomlar\u0131n hareketini kontrol eder.<\/li>\n<li><strong>\u00dcretme:<\/strong> Otomatik \u00fcretim hatlar\u0131ndaki kol silindirleri, montaj, kaynak ve malzeme ta\u015f\u0131ma gibi i\u015flemler i\u00e7in robot kollar\u0131n\u0131n hareketini kolayla\u015ft\u0131rarak \u00fcretim verimlili\u011fini ve hassasiyetini art\u0131r\u0131r.<\/li>\n<li><strong>Tar\u0131m Makinalar\u0131:<\/strong> Kol silindirleri, bi\u00e7erd\u00f6ver ve tohum ekme makineleri gibi tar\u0131m makinelerindeki \u00e7al\u0131\u015fma kollar\u0131n\u0131n hareketini kontrol ederek ekim, g\u00fcbreleme ve hasat gibi i\u015flemleri m\u00fcmk\u00fcn k\u0131lar.<\/li>\n<li><strong>Madencilik:<\/strong> Madencilik ekipmanlar\u0131nda, kol silindirleri madencilik makinelerinin kol hareketini kontrol etmek ve minerallerin \u00e7\u0131kar\u0131lmas\u0131n\u0131 ve ta\u015f\u0131nmas\u0131n\u0131 kolayla\u015ft\u0131rmak i\u00e7in kullan\u0131l\u0131r.<\/li>\n<li><strong>Lojistik ve Ta\u015f\u0131mac\u0131l\u0131k:<\/strong> Forkliftlerde ve ta\u015f\u0131ma robotlar\u0131nda bulunan kol silindirleri, \u00e7atallar\u0131n kald\u0131r\u0131lmas\u0131n\u0131 ve hareketini kontrol ederek mallar\u0131n ta\u015f\u0131nmas\u0131n\u0131 ve istiflenmesini sa\u011flar.<\/li>\n<\/ul>\n<h2>Tasar\u0131m Hususlar\u0131 ve Se\u00e7im Kriterleri<\/h2>\n<p>Kol silindirlerinin tasar\u0131m\u0131nda \u00e7e\u015fitli fakt\u00f6rler dikkate al\u0131n\u0131r:<\/p>\n<ul>\n<li><strong>Ta\u015f\u0131ma Kapasitesi:<\/strong> Silindirin \u00f6ng\u00f6r\u00fclen y\u00fckleri ta\u015f\u0131ma kapasitesi.<\/li>\n<li><strong>S\u0131zd\u0131rmazl\u0131k:<\/strong> Poli\u00fcretan ve nitril kau\u00e7uk gibi dayan\u0131kl\u0131 malzemelerden \u00fcretilen piston contalar\u0131 ve mil contalar\u0131 gibi \u00e7e\u015fitli contalar kullan\u0131l\u0131r.<\/li>\n<li><strong>Dayan\u0131kl\u0131l\u0131k:<\/strong> Silindir g\u00f6vdesi ve di\u015fli u\u00e7lar\u0131, a\u015f\u0131nma direncini art\u0131rmak i\u00e7in ince i\u015flemlerden ge\u00e7irilerek imal edilmektedir.<\/li>\n<li><strong>Emniyet:<\/strong> Silindirin tasar\u0131m\u0131n\u0131n ve bile\u015fenlerinin \u00e7al\u0131\u015fma s\u0131ras\u0131nda g\u00fcvenli\u011fe \u00f6ncelik vermesini sa\u011flamak.<\/li>\n<li><strong>Bak\u0131m kolayl\u0131\u011f\u0131:<\/strong> Silindirin kolay bak\u0131m i\u00e7in tasarlanmas\u0131 ve d\u00fczenli kontrolleri ve onar\u0131mlar\u0131 basitle\u015ftiren \u00f6zelliklerin entegre edilmesi.<\/li>\n<\/ul>\n<p><img decoding=\"async\" src=\"https:\/\/www.hydraulic-cylinders.net\/wp-content\/uploads\/2025\/01\/songte-cylinder-head-with-all-kinds-excavator-models.webp\" alt=\"Ekskavat\u00f6r Modellerine Uygun Silindir Kafas\u0131\" \/><\/p>\n<h2>S\u0131zd\u0131rmazl\u0131k ve Ya\u011flama<\/h2>\n<p>Kol silindiri, etkili s\u0131zd\u0131rmazl\u0131k ve ya\u011flama sa\u011flamak i\u00e7in \u00e7e\u015fitli contalar i\u00e7erir:<\/p>\n<ul>\n<li>Piston contalar\u0131 ve mil contalar\u0131 gibi s\u0131zd\u0131rmazl\u0131k elemanlar\u0131, poli\u00fcretan ve nitril kau\u00e7uk gibi a\u015f\u0131nmaya dayan\u0131kl\u0131 malzemelerden \u00fcretilir.<\/li>\n<li>Silindir g\u00f6vdesi ve di\u015fli u\u00e7lar\u0131, a\u015f\u0131nma direncini art\u0131rmak i\u00e7in hassas i\u015flemlerden ge\u00e7irilmektedir.<\/li>\n<li>Optimum performans\u0131 korumak i\u00e7in uygun hidrolik ya\u011f ile d\u00fczenli ya\u011flama gereklidir.<\/li>\n<\/ul>\n<h2>D\u00fczenli Denetimler ve \u00d6nleyici Bak\u0131m<\/h2>\n<p>Kol silindirinin uzun \u00f6m\u00fcrl\u00fc olmas\u0131n\u0131 sa\u011flamak i\u00e7in d\u00fczenli kontroller ve \u00f6nleyici bak\u0131m \u00f6nerilir:<\/p>\n<ul>\n<li>Silindiri a\u015f\u0131nma, s\u0131z\u0131nt\u0131 veya hasar belirtileri a\u00e7\u0131s\u0131ndan inceleyin.<\/li>\n<li>Silindiri d\u00fczenli olarak temizleyin ve ya\u011flay\u0131n.<\/li>\n<li>Silindirin do\u011fru hizalanmas\u0131n\u0131 ve montaj\u0131n\u0131 sa\u011flay\u0131n.<\/li>\n<li>A\u015f\u0131nm\u0131\u015f contalar\u0131 veya bile\u015fenleri derhal de\u011fi\u015ftirin.<\/li>\n<li>Bak\u0131m ve servis aral\u0131klar\u0131 i\u00e7in \u00fcreticinin y\u00f6nergelerine uyun.<\/li>\n<\/ul>\n<h2>\u00dcr\u00fcn Kurulum K\u0131lavuzu<\/h2>\n<p>Kol silindirinin do\u011fru montaj\u0131, en iyi performans\u0131 i\u00e7in \u00e7ok \u00f6nemlidir. \u015eu ad\u0131mlar\u0131 izleyin:<\/p>\n<ol>\n<li>Makinenin hidrolik sisteminin bas\u0131nc\u0131n\u0131n bo\u015falt\u0131ld\u0131\u011f\u0131ndan emin olun.<\/li>\n<li>Silindiri, montaj deliklerini hizalayarak istenilen konuma yerle\u015ftirin.<\/li>\n<li>Montaj c\u0131vatalar\u0131n\u0131 a\u015f\u0131r\u0131 s\u0131kmamaya dikkat ederek iyice s\u0131k\u0131n.<\/li>\n<li>Hidrolik hortumlar\u0131 veya borular\u0131 silindire ba\u011flay\u0131n ve uygun s\u0131zd\u0131rmazl\u0131k sa\u011flay\u0131n.<\/li>\n<li>S\u0131z\u0131nt\u0131 veya anormal \u00e7al\u0131\u015fma belirtileri olup olmad\u0131\u011f\u0131n\u0131 kontrol edin.<\/li>\n<li>Her \u015fey yolundaysa, hidrolik sisteme yava\u015f\u00e7a bas\u0131n\u00e7 uygulay\u0131n ve silindirin i\u015flevselli\u011fini test edin.<\/li>\n<\/ol>\n<p><img decoding=\"async\" src=\"https:\/\/www.hydraulic-cylinders.net\/wp-content\/uploads\/2025\/01\/songte-bushings-with-all-kinds-of-excavator-models.webp\" alt=\"Ekskavat\u00f6r Modellerinde Bur\u00e7lar\" \/><\/p>\n<h2>G\u00fcvenlik Hususlar\u0131 ve \u00c7evresel Fakt\u00f6rler<\/h2>\n<p>Kol silindirleri kullan\u0131l\u0131rken, kazalar\u0131 \u00f6nlemek ve g\u00fcvenli bir \u00e7al\u0131\u015fma ortam\u0131 sa\u011flamak i\u00e7in g\u00fcvenlik \u00f6nlemlerine \u00f6ncelik vermek \u00e7ok \u00f6nemlidir. G\u00fcvenlik \u00f6nlemleri \u015funlar\u0131 i\u00e7erir:<\/p>\n<ul>\n<li>T\u00fcm g\u00fcvenlik y\u00f6nergelerine ve d\u00fczenlemelerine uyulmas\u0131.<\/li>\n<li>Makineyle \u00e7al\u0131\u015f\u0131rken veya makinenin yak\u0131n\u0131nda bulunurken koruyucu ekipman kullan\u0131n.<\/li>\n<li>Makinelerin i\u015fletiminde g\u00f6rev alan operat\u00f6rlerin ve personelin uygun \u015fekilde e\u011fitilmesi.<\/li>\n<li>Ar\u0131zalar\u0131 \u00f6nlemek i\u00e7in kol silindirinin d\u00fczenli olarak incelenmesi ve bak\u0131m\u0131n\u0131n yap\u0131lmas\u0131.<\/li>\n<\/ul>\n<h2>Sorun Giderme ve Yayg\u0131n Sorunlar<\/h2>\n<p>Kol silindirlerinde ortaya \u00e7\u0131kabilecek baz\u0131 yayg\u0131n sorunlar \u015funlard\u0131r:<\/p>\n<ul>\n<li>Contalardan veya ba\u011flant\u0131lardan kaynaklanan s\u0131z\u0131nt\u0131.<\/li>\n<li>\u00c7al\u0131\u015fma s\u0131ras\u0131nda anormal g\u00fcr\u00fclt\u00fc veya titre\u015fim.<\/li>\n<li>Kolun d\u00fczensiz veya yava\u015f hareket etmesi.<\/li>\n<li>Y\u00fck\u00fc tutamama veya pozisyonu koruyamama.<\/li>\n<li>Silindir par\u00e7alar\u0131nda a\u015f\u0131r\u0131 a\u015f\u0131nma.<\/li>\n<\/ul>\n<p>Bu sorunlar\u0131 \u00e7\u00f6zmek i\u00e7in:<\/p>\n<ul>\n<li>A\u015f\u0131nm\u0131\u015f veya hasar g\u00f6rm\u00fc\u015f contalar\u0131 veya par\u00e7alar\u0131 kontrol edin ve gerekirse de\u011fi\u015ftirin.<\/li>\n<li>Silindirin do\u011fru hizalanmas\u0131n\u0131 ve montaj\u0131n\u0131 sa\u011flay\u0131n.<\/li>\n<li>Hidrolik filtreleri ve s\u0131v\u0131s\u0131n\u0131 kontrol edin ve temizleyin.<\/li>\n<li>Hidrolik bas\u0131nc\u0131n ve ak\u0131\u015f\u0131n do\u011fru oldu\u011fundan emin olun.<\/li>\n<li>Gerekirse, \u00fcreticiye dan\u0131\u015f\u0131n veya yard\u0131m i\u00e7in bir uzmana ba\u015fvurun.<\/li>\n<\/ul>\n<p><img decoding=\"async\" src=\"https:\/\/www.hydraulic-cylinders.net\/wp-content\/uploads\/2025\/01\/songte-chushion-collar.webp\" alt=\"Yast\u0131k Yaka\" \/><\/p>\n<p>Makaleyi mant\u0131kl\u0131 bir \u015fekilde d\u00fczenlemeyi ve kolay gezinme i\u00e7in alt ba\u015fl\u0131klar kullanmay\u0131 unutmay\u0131n. Anla\u015f\u0131l\u0131rl\u0131\u011f\u0131 art\u0131rmak i\u00e7in ilgili g\u00f6rseller veya diyagramlar ekleyin. \u0130\u00e7eri\u011fin a\u00e7\u0131k, \u00f6zl\u00fc ve farkl\u0131 teknik bilgi seviyelerine sahip okuyucular i\u00e7in uygun oldu\u011fundan emin olun.<\/p>\n<p><em>Yazar: lyl<\/em><\/p>\n<h2>Hakk\u0131m\u0131zda<\/h2>\n<p>Hidrolik silindirlerin profesyonel bir \u00fcreticisiyiz ve hem yurt i\u00e7i hem de uluslararas\u0131 pazarlarda \u00f6nde gelen \u00fcretici ve toptanc\u0131lardan biri haline geldik. Geni\u015f \u00fcr\u00fcn yelpazemiz, geli\u015fmi\u015f \u00fcretim at\u00f6lyemizdeki m\u00fckemmel kalite, end\u00fcstriyel \u00fcretim y\u00f6netim stratejileri, teknolojik yeteneklerimizdeki s\u00fcrekli iyile\u015ftirme ve artan \u00fcretim verimlili\u011fi ile desteklenmektedir. \u00dcretim platformumuzu optimize etmek ve \u00fcr\u00fcn kalite kontrol s\u00fcre\u00e7lerini iyile\u015ftirmek i\u00e7in geli\u015fmi\u015f dijital \u00fcretim ekipmanlar\u0131 ve profesyonel test sistemleri kullan\u0131ma sunduk. Amac\u0131m\u0131z, verimlilik, hassasiyet ve y\u00fcksek kalite ilkeleriyle m\u00fc\u015fterilerin \u00e7e\u015fitli ihtiya\u00e7lar\u0131n\u0131 kar\u015f\u0131lamakt\u0131r.<\/p>\n<p><img decoding=\"async\" src=\"https:\/\/www.hydraulic-cylinders.net\/wp-content\/uploads\/2025\/01\/songte-company-4.webp\" alt=\"\u015eirket\" \/><\/p>","protected":false},"excerpt":{"rendered":"<p>Arm Cylinder For Pushhm PZ85-7 Introduction The arm cylinder is a specially designed hydraulic cylinder that provides linear motion and power to the arms of various types of machinery, such as excavators, cranes, and robotic arms. It plays a crucial role in hydraulic systems, enabling the efficient movement and control of additional tools or attachments. [&hellip;]<\/p>","protected":false},"featured_media":14779,"comment_status":"open","ping_status":"closed","template":"","meta":{"_et_pb_use_builder":"","_et_pb_old_content":"","_et_gb_content_width":""},"product_brand":[],"product_cat":[1497],"product_tag":[1498,1496],"class_list":{"0":"post-16749","1":"product","2":"type-product","3":"status-publish","4":"has-post-thumbnail","6":"product_cat-arm-cylinders","7":"product_tag-arm-cylinders","8":"product_tag-hydraulic-cylinders","10":"first","11":"instock","12":"shipping-taxable","13":"product-type-simple"},"amp_enabled":true,"_links":{"self":[{"href":"https:\/\/www.hydraulic-cylinders.net\/tr\/wp-json\/wp\/v2\/product\/16749","targetHints":{"allow":["GET"]}}],"collection":[{"href":"https:\/\/www.hydraulic-cylinders.net\/tr\/wp-json\/wp\/v2\/product"}],"about":[{"href":"https:\/\/www.hydraulic-cylinders.net\/tr\/wp-json\/wp\/v2\/types\/product"}],"replies":[{"embeddable":true,"href":"https:\/\/www.hydraulic-cylinders.net\/tr\/wp-json\/wp\/v2\/comments?post=16749"}],"wp:featuredmedia":[{"embeddable":true,"href":"https:\/\/www.hydraulic-cylinders.net\/tr\/wp-json\/wp\/v2\/media\/14779"}],"wp:attachment":[{"href":"https:\/\/www.hydraulic-cylinders.net\/tr\/wp-json\/wp\/v2\/media?parent=16749"}],"wp:term":[{"taxonomy":"product_brand","embeddable":true,"href":"https:\/\/www.hydraulic-cylinders.net\/tr\/wp-json\/wp\/v2\/product_brand?post=16749"},{"taxonomy":"product_cat","embeddable":true,"href":"https:\/\/www.hydraulic-cylinders.net\/tr\/wp-json\/wp\/v2\/product_cat?post=16749"},{"taxonomy":"product_tag","embeddable":true,"href":"https:\/\/www.hydraulic-cylinders.net\/tr\/wp-json\/wp\/v2\/product_tag?post=16749"}],"curies":[{"name":"wp","href":"https:\/\/api.w.org\/{rel}","templated":true}]}}