{"id":16750,"date":"2025-01-21T05:51:40","date_gmt":"2025-01-21T05:51:40","guid":{"rendered":"https:\/\/www.hydraulic-cylinders.net\/product\/arm-cylinder-for-pushhm-pz165-8\/"},"modified":"2025-01-21T05:51:42","modified_gmt":"2025-01-21T05:51:42","slug":"arm-cylinder-for-pushhm-pz165-8","status":"publish","type":"product","link":"https:\/\/www.hydraulic-cylinders.net\/tr\/urun\/arm-cylinder-for-pushhm-pz165-8\/","title":{"rendered":"Pushhm PZ165-8 i\u00e7in Kol Silindiri"},"content":{"rendered":"<h1>Pushhm PZ165-8 i\u00e7in Kol Silindiri<\/h1>\n<h2>girii\u015f<\/h2>\n<p>Pushhm PZ165-8 Kol Silindiri, ekskavat\u00f6rler, vin\u00e7ler ve robotik kollar gibi \u00e7e\u015fitli makine kollar\u0131na do\u011frusal hareket ve g\u00fc\u00e7 sa\u011flamak \u00fczere \u00f6zel olarak tasarlanm\u0131\u015f bir hidrolik silindirdir. Kol silindirleri, hidrolik sistemlerde \u00f6nemli bir rol oynar ve ek alet veya ata\u015fmanlar\u0131n verimli bir \u015fekilde hareket etmesini ve kontrol edilmesini sa\u011flar. Bu silindirler, yaln\u0131zca d\u00fczg\u00fcn hareket sa\u011flamakla kalmaz, ayn\u0131 zamanda a\u011f\u0131r y\u00fcklere de dayanarak, \u00e7e\u015fitli \u00e7al\u0131\u015fma ko\u015fullar\u0131nda makinelerin verimli \u00e7al\u0131\u015fmas\u0131n\u0131 ve g\u00fcvenilirli\u011fini sa\u011flar.<\/p>\n<p><img decoding=\"async\" src=\"https:\/\/www.hydraulic-cylinders.net\/wp-content\/uploads\/2025\/01\/songte-company-2.webp\"><\/p>\n<h2>\u00d6zellikler<\/h2>\n<ul>\n<li><strong>Y\u00fcksek Verimli \u015eanz\u0131man:<\/strong> Kol silindiri g\u00fc\u00e7l\u00fc do\u011frusal hareket ve kuvvet sa\u011flayarak makine koluna y\u00fcksek performans kabiliyeti sa\u011flar. <\/li>\n<li><strong>Hassas Kontrol:<\/strong> Hidrolik sistem sayesinde kol silindiri hassas hareket kontrol\u00fc sa\u011flayarak, ba\u011fl\u0131 aletlerle yap\u0131lan i\u015flemleri daha esnek ve hassas hale getirir.<\/li>\n<li><strong>Dayan\u0131kl\u0131l\u0131k:<\/strong> Kol silindirleri genellikle y\u00fcksek mukavemetli malzemeler kullan\u0131larak \u00fcretilir, m\u00fckemmel a\u015f\u0131nma ve korozyon direnci sunar ve bu da onlar\u0131 zorlu ortamlarda uzun s\u00fcreli kullan\u0131ma uygun hale getirir.<\/li>\n<li><strong>\u00c7ok Fonksiyonlu Uyarlanabilirlik:<\/strong> Bu silindirler, ekskavat\u00f6rler, vin\u00e7ler ve robotik kollar dahil olmak \u00fczere \u00e7e\u015fitli makine ekipmanlar\u0131na yayg\u0131n olarak uygulanabilir ve farkl\u0131 i\u015f gereksinimlerine uyum sa\u011flar.<\/li>\n<li><strong>Kolay Bak\u0131m:<\/strong> Kolay bak\u0131m ve de\u011fi\u015ftirme i\u00e7in tasar\u0131m hususlar\u0131, d\u00fczenli denetimleri ve bak\u0131m\u0131 daha kolay hale getirerek ekipman ar\u0131za s\u00fcresini azalt\u0131r.<\/li>\n<\/ul>\n<p><img decoding=\"async\" src=\"https:\/\/www.hydraulic-cylinders.net\/wp-content\/uploads\/2025\/01\/songte-oil-pipes-and-spare-parts.webp\"><\/p>\n<h2>Uygulamalar<\/h2>\n<p>Pushhm PZ165-8 Kol Silindiri a\u015fa\u011f\u0131daki end\u00fcstrilerde kullan\u0131m alan\u0131 bulmaktad\u0131r:<\/p>\n<ul>\n<li><strong>Yap\u0131:<\/strong> Ekskavat\u00f6rlerde ve vin\u00e7lerde, kol silindirleri toprak i\u015fleri, malzeme ta\u015f\u0131ma ve yap\u0131sal montaj i\u00e7in kovalar\u0131n veya vin\u00e7lerin hareketini kontrol eder.<\/li>\n<li><strong>\u00dcretme:<\/strong> Otomasyonlu \u00fcretim hatlar\u0131nda, montaj, kaynak ve malzeme ta\u015f\u0131ma s\u00fcre\u00e7lerinde robot kollar\u0131n\u0131n hareket ettirilmesi i\u00e7in kol silindirleri kullan\u0131l\u0131r, bu da \u00fcretim verimlili\u011fini ve hassasiyetini art\u0131r\u0131r.<\/li>\n<li><strong>Tar\u0131m Makinalar\u0131:<\/strong> Hasat makineleri ve ekim makineleri gibi tar\u0131m makinelerinde kol silindirleri, ekim, g\u00fcbreleme ve hasat gibi g\u00f6revlerde \u00e7al\u0131\u015fan kollar\u0131n hareketini kontrol eder.<\/li>\n<li><strong>Madencilik:<\/strong> Madencilik ekipmanlar\u0131nda kol silindirleri, madencilik makinelerinin kol hareketini kontrol ederek cevherin \u00e7\u0131kar\u0131lmas\u0131n\u0131 ve ta\u015f\u0131nmas\u0131n\u0131 kolayla\u015ft\u0131r\u0131r.<\/li>\n<li><strong>Lojistik ve Ta\u015f\u0131mac\u0131l\u0131k:<\/strong> Forkliftlerde ve ta\u015f\u0131ma robotlar\u0131nda kol silindirleri \u00e7atallar\u0131n kald\u0131r\u0131lmas\u0131n\u0131 ve hareketini kontrol ederek malzeme ta\u015f\u0131ma ve istiflemeyi m\u00fcmk\u00fcn k\u0131lar.<\/li>\n<\/ul>\n<h2>Tasar\u0131m Hususlar\u0131 ve Se\u00e7im Kriterleri<\/h2>\n<p>Kol silindirleri tasarlan\u0131rken ve se\u00e7ilirken \u00e7e\u015fitli fakt\u00f6rler g\u00f6z \u00f6n\u00fcnde bulundurulur:<\/p>\n<ul>\n<li><strong>Y\u00fck Ta\u015f\u0131ma Kapasitesi:<\/strong> Kol silindiri, g\u00fcvenli ve verimli bir \u00e7al\u0131\u015fmay\u0131 garantilemek i\u00e7in \u00f6ng\u00f6r\u00fclen y\u00fck gereksinimlerini kar\u015f\u0131layabilecek kapasitede olmal\u0131d\u0131r.<\/li>\n<li><strong>S\u0131zd\u0131rmazl\u0131k:<\/strong> Piston contalar\u0131 ve piston kolu contalar\u0131 gibi \u00e7e\u015fitli s\u0131zd\u0131rmazl\u0131k bile\u015fenleri, s\u0131v\u0131 s\u0131z\u0131nt\u0131s\u0131n\u0131 \u00f6nlemek ve sistem performans\u0131n\u0131 korumak i\u00e7in kullan\u0131l\u0131r. Bu contalar genellikle poli\u00fcretan ve nitril kau\u00e7uk gibi dayan\u0131kl\u0131 malzemelerden yap\u0131l\u0131r.<\/li>\n<li><strong>Dayan\u0131kl\u0131l\u0131k:<\/strong> Silindir g\u00f6vdesi ve di\u015fli u\u00e7lar\u0131, a\u015f\u0131nma direncini art\u0131rmak i\u00e7in titiz bir y\u00fczey i\u015flemine tabi tutulmu\u015ftur. Sorunsuz \u00e7al\u0131\u015fma i\u00e7in uygun hidrolik ya\u011f ile d\u00fczenli ya\u011flama gereklidir.<\/li>\n<li><strong>Emniyet:<\/strong> Bas\u0131n\u00e7 kontrol valfleri ve acil durdurma sistemleri gibi g\u00fcvenlik \u00f6nlemleri, kazalar\u0131 \u00f6nlemek ve operat\u00f6r sa\u011fl\u0131\u011f\u0131n\u0131 garanti alt\u0131na almak i\u00e7in \u00f6nemli hususlard\u0131r.<\/li>\n<li><strong>Bak\u0131m:<\/strong> Ekipman \u00f6mr\u00fcn\u00fc uzatmak ve ar\u0131za s\u00fcresini en aza indirmek i\u00e7in d\u00fczenli denetimler, \u00f6nleyici bak\u0131m ve kolay par\u00e7a de\u011fi\u015fimi esast\u0131r.<\/li>\n<\/ul>\n<p><img decoding=\"async\" src=\"https:\/\/www.hydraulic-cylinders.net\/wp-content\/uploads\/2025\/01\/songte-cylinder-head-with-all-kinds-excavator-models.webp\"><\/p>\n<h2>S\u0131zd\u0131rmazl\u0131k ve Ya\u011flama<\/h2>\n<p>Pushhm PZ165-8 i\u00e7in Kol Silindiri, poli\u00fcretan ve nitril kau\u00e7uk gibi a\u015f\u0131nmaya dayan\u0131kl\u0131 malzemelerden yap\u0131lm\u0131\u015f piston contalar\u0131 ve piston kolu contalar\u0131 gibi \u00e7e\u015fitli s\u0131zd\u0131rmazl\u0131k bile\u015fenleri kullan\u0131r. Silindir g\u00f6vdesi ve di\u015fli u\u00e7lar\u0131, dayan\u0131kl\u0131l\u0131\u011f\u0131 art\u0131rmak i\u00e7in titiz bir y\u00fczey i\u015fleminden ge\u00e7irilir. Sorunsuz \u00e7al\u0131\u015fma sa\u011flamak i\u00e7in uygun hidrolik ya\u011f ile d\u00fczenli ya\u011flama gereklidir.<\/p>\n<h2>Muayene ve \u00d6nleyici Bak\u0131m<\/h2>\n<p>Pushhm PZ165-8 Kol Silindirinin optimum performans\u0131 ve uzun \u00f6m\u00fcrl\u00fcl\u00fc\u011f\u00fc i\u00e7in d\u00fczenli muayene ve \u00f6nleyici bak\u0131m \u00f6nlemleri \u00e7ok \u00f6nemlidir. A\u015fa\u011f\u0131daki \u00f6nlemler al\u0131nmal\u0131d\u0131r:<\/p>\n<ul>\n<li>Contalar\u0131 a\u015f\u0131nma veya hasar belirtileri a\u00e7\u0131s\u0131ndan inceleyin ve gerekirse de\u011fi\u015ftirin.<\/li>\n<li>\u00c7al\u0131\u015fma s\u0131ras\u0131nda herhangi bir anormal ses, s\u0131z\u0131nt\u0131 veya d\u00fczensizlik olup olmad\u0131\u011f\u0131n\u0131 kontrol edin ve bunlar\u0131 derhal giderin.<\/li>\n<li>T\u00fcm hareketli par\u00e7alar\u0131n uygun \u015fekilde ya\u011fland\u0131\u011f\u0131ndan emin olun.<\/li>\n<li>Silindiri d\u00fczenli olarak kontrol edin ve kir ve kal\u0131nt\u0131lar\u0131 temizlemek i\u00e7in temizleyin.<\/li>\n<\/ul>\n<h2>Kurulum K\u0131lavuzu<\/h2>\n<p>Pushhm PZ165-8 Kol Silindirinin i\u015flevselli\u011fini ve g\u00fcvenli\u011fini sa\u011flamak i\u00e7in do\u011fru kurulum hayati \u00f6nem ta\u015f\u0131r. A\u015fa\u011f\u0131daki y\u00f6nergeleri izleyin:<\/p>\n<ul>\n<li>Montaj alan\u0131n\u0131 haz\u0131rlay\u0131n ve temiz ve kal\u0131nt\u0131lardan ar\u0131nd\u0131r\u0131lm\u0131\u015f oldu\u011fundan emin olun.<\/li>\n<li>Silindiri uygun braket ve ba\u011flant\u0131 elemanlar\u0131 kullanarak g\u00fcvenli bir \u015fekilde sabitleyin.<\/li>\n<li>Hidrolik hortum ve ba\u011flant\u0131 par\u00e7alar\u0131n\u0131 ba\u011flarken \u00fcreticinin talimatlar\u0131n\u0131 izleyin.<\/li>\n<li>Silindiri \u00e7al\u0131\u015ft\u0131rmadan \u00f6nce hareketini ve i\u015flevselli\u011fini test edin.<\/li>\n<\/ul>\n<p><img decoding=\"async\" src=\"https:\/\/www.hydraulic-cylinders.net\/wp-content\/uploads\/2025\/01\/songte-bushings-with-all-kinds-of-excavator-models.webp\"><\/p>\n<h2>G\u00fcvenlik Hususlar\u0131 ve \u00c7evresel Fakt\u00f6rler<\/h2>\n<p>Pushhm PZ165-8 i\u00e7in Kol Silindiri kullan\u0131rken, g\u00fcvenlik \u00f6nlemlerine \u00f6ncelik vermek \u00f6nemlidir. G\u00fcvenlik \u00f6nlemlerinin do\u011fru \u015fekilde uygulanmas\u0131, kazalar\u0131 \u00f6nlemek ve operat\u00f6r sa\u011fl\u0131\u011f\u0131n\u0131 sa\u011flamak i\u00e7in hayati \u00f6nem ta\u015f\u0131r. Ayr\u0131ca, uygun at\u0131k bertaraf\u0131 ve \u00e7evre y\u00f6netmeliklerine uyum gibi \u00e7evresel fakt\u00f6rlerin dikkate al\u0131nmas\u0131, olumsuz etkileri en aza indirmek i\u00e7in \u00f6nemlidir.<\/p>\n<h2>Sorun Giderme ve Yayg\u0131n Sorunlar<\/h2>\n<p>A\u015fa\u011f\u0131da Pushhm PZ165-8 Kol Silindiri i\u00e7in yayg\u0131n sorunlar ve sorun giderme ipu\u00e7lar\u0131 yer almaktad\u0131r:<\/p>\n<ul>\n<li><strong>Sorun 1:<\/strong> Silindir contalar\u0131ndan s\u0131z\u0131nt\u0131.<br \/> <strong>\u00c7\u00f6z\u00fcm:<\/strong> Hasarl\u0131 contalar\u0131 kontrol edin ve de\u011fi\u015ftirin. Uygun ya\u011flamay\u0131 sa\u011flay\u0131n.<\/li>\n<li><strong>Say\u0131 2:<\/strong> D\u00fczensiz silindir hareketi.<br \/> <strong>\u00c7\u00f6z\u00fcm:<\/strong> T\u0131kan\u0131kl\u0131k veya hidrolik sistem sorunlar\u0131 olup olmad\u0131\u011f\u0131n\u0131 kontrol edin. Gerekti\u011finde ayarlay\u0131n veya onar\u0131n.<\/li>\n<li><strong>Say\u0131 3:<\/strong> \u00c7al\u0131\u015fma s\u0131ras\u0131nda anormal g\u00fcr\u00fclt\u00fc.<br \/> <strong>\u00c7\u00f6z\u00fcm:<\/strong> Gev\u015fek veya hasarl\u0131 bile\u015fenleri kontrol edin. Gerekti\u011finde s\u0131k\u0131n veya de\u011fi\u015ftirin.<\/li>\n<\/ul>\n<p>Okuyucular bu sorun giderme ad\u0131mlar\u0131n\u0131 izleyerek sorunlar\u0131 etkili bir \u015fekilde te\u015fhis edebilir ve \u00e7\u00f6zebilir, ayn\u0131 zamanda olas\u0131 sorunlar\u0131 en aza indirmek i\u00e7in \u00f6nleyici tedbirler uygulayabilirler.<\/p>\n<p><img decoding=\"async\" src=\"https:\/\/www.hydraulic-cylinders.net\/wp-content\/uploads\/2025\/01\/songte-chushion-collar.webp\"><\/p>\n<p><strong>Yazar: lyl<\/strong><\/p>\n<h2>Hakk\u0131m\u0131zda<\/h2>\n<p>Geni\u015f bir \u00fcr\u00fcn yelpazesi sunan profesyonel bir yedek hidrolik silindir \u00fcreticisiyiz. Hem yurt i\u00e7i hem de yurt d\u0131\u015f\u0131 pazarlarda lider hidrolik silindir \u00fcreticilerinden ve toptan da\u011f\u0131t\u0131mc\u0131lar\u0131ndan biri haline geldik. M\u00fckemmel kaliteye olan ba\u011fl\u0131l\u0131\u011f\u0131m\u0131z, teknik uzmanl\u0131\u011f\u0131m\u0131z\u0131 ve \u00fcretim verimlili\u011fimizi s\u00fcrekli geli\u015ftirmemizi sa\u011fl\u0131yor. Geli\u015fmi\u015f dijital \u00fcretim ekipmanlar\u0131 ve profesyonel test sistemlerini entegre ederek, \u00fcretim platformumuzu optimize ediyor ve \u00fcr\u00fcn kalite kontrol s\u00fcre\u00e7lerimizi iyile\u015ftirerek g\u00fc\u00e7l\u00fc inovasyon yeteneklerimizi sergiliyoruz. Amac\u0131m\u0131z, verimlilik, hassasiyet ve y\u00fcksek kalite ilkeleriyle farkl\u0131 m\u00fc\u015fteri ihtiya\u00e7lar\u0131n\u0131 kar\u015f\u0131lamakt\u0131r.<\/p>\n<p><img decoding=\"async\" src=\"https:\/\/www.hydraulic-cylinders.net\/wp-content\/uploads\/2025\/01\/songte-company-4.webp\"><br \/>\n<img decoding=\"async\" src=\"https:\/\/www.hydraulic-cylinders.net\/wp-content\/uploads\/2025\/01\/songte-company-3.webp\"><\/p>","protected":false},"excerpt":{"rendered":"<p>Arm Cylinder For Pushhm PZ165-8 Introduction The Arm Cylinder for Pushhm PZ165-8 is a hydraulic cylinder specifically designed to provide linear motion and power for various types of machinery arms, such as excavators, cranes, and robotic arms. The arm cylinders play a crucial role in hydraulic systems, allowing for efficient movement and control of additional [&hellip;]<\/p>","protected":false},"featured_media":14777,"comment_status":"open","ping_status":"closed","template":"","meta":{"_et_pb_use_builder":"","_et_pb_old_content":"","_et_gb_content_width":""},"product_brand":[],"product_cat":[1497],"product_tag":[1498,1496],"class_list":{"0":"post-16750","1":"product","2":"type-product","3":"status-publish","4":"has-post-thumbnail","6":"product_cat-arm-cylinders","7":"product_tag-arm-cylinders","8":"product_tag-hydraulic-cylinders","10":"first","11":"instock","12":"shipping-taxable","13":"product-type-simple"},"amp_enabled":true,"_links":{"self":[{"href":"https:\/\/www.hydraulic-cylinders.net\/tr\/wp-json\/wp\/v2\/product\/16750","targetHints":{"allow":["GET"]}}],"collection":[{"href":"https:\/\/www.hydraulic-cylinders.net\/tr\/wp-json\/wp\/v2\/product"}],"about":[{"href":"https:\/\/www.hydraulic-cylinders.net\/tr\/wp-json\/wp\/v2\/types\/product"}],"replies":[{"embeddable":true,"href":"https:\/\/www.hydraulic-cylinders.net\/tr\/wp-json\/wp\/v2\/comments?post=16750"}],"wp:featuredmedia":[{"embeddable":true,"href":"https:\/\/www.hydraulic-cylinders.net\/tr\/wp-json\/wp\/v2\/media\/14777"}],"wp:attachment":[{"href":"https:\/\/www.hydraulic-cylinders.net\/tr\/wp-json\/wp\/v2\/media?parent=16750"}],"wp:term":[{"taxonomy":"product_brand","embeddable":true,"href":"https:\/\/www.hydraulic-cylinders.net\/tr\/wp-json\/wp\/v2\/product_brand?post=16750"},{"taxonomy":"product_cat","embeddable":true,"href":"https:\/\/www.hydraulic-cylinders.net\/tr\/wp-json\/wp\/v2\/product_cat?post=16750"},{"taxonomy":"product_tag","embeddable":true,"href":"https:\/\/www.hydraulic-cylinders.net\/tr\/wp-json\/wp\/v2\/product_tag?post=16750"}],"curies":[{"name":"wp","href":"https:\/\/api.w.org\/{rel}","templated":true}]}}