{"id":16751,"date":"2025-01-21T05:51:44","date_gmt":"2025-01-21T05:51:44","guid":{"rendered":"https:\/\/www.hydraulic-cylinders.net\/product\/arm-cylinder-for-pushhm-pz220-8\/"},"modified":"2025-01-21T05:51:46","modified_gmt":"2025-01-21T05:51:46","slug":"arm-cylinder-for-pushhm-pz220-8","status":"publish","type":"product","link":"https:\/\/www.hydraulic-cylinders.net\/tr\/urun\/arm-cylinder-for-pushhm-pz220-8\/","title":{"rendered":"Pushhm PZ220-8 i\u00e7in Kol Silindiri"},"content":{"rendered":"<h1>Pushhm PZ220-8 i\u00e7in Kol Silindiri<\/h1>\n<h2>girii\u015f<\/h2>\n<p>Kol silindiri, ekskavat\u00f6rler, vin\u00e7ler ve robotik kollar gibi \u00e7e\u015fitli makine kollar\u0131na do\u011frusal hareket ve g\u00fc\u00e7 sa\u011flamak i\u00e7in kullan\u0131lan \u00f6zel bir hidrolik silindirdir. Kol silindiri, hidrolik sistemde kritik bir rol oynar ve ata\u015fmanlar\u0131n veya aksesuarlar\u0131n etkili bir \u015fekilde hareket etmesini ve kontrol edilmesini sa\u011flar. Bu silindirler sadece d\u00fczg\u00fcn hareket sa\u011flamakla kalmaz, ayn\u0131 zamanda a\u011f\u0131r y\u00fckleri de ta\u015f\u0131yarak, \u00e7e\u015fitli \u00e7al\u0131\u015fma ko\u015fullar\u0131nda makinenin verimli ve g\u00fcvenilir \u00e7al\u0131\u015fmas\u0131n\u0131 sa\u011flar.<\/p>\n<p><img decoding=\"async\" src=\"https:\/\/www.hydraulic-cylinders.net\/wp-content\/uploads\/2025\/01\/songte-company-2.webp\" \/><\/p>\n<h2>\u00d6zellikler<\/h2>\n<ul>\n<li>Verimli g\u00fc\u00e7 iletimi: Kol silindiri g\u00fc\u00e7l\u00fc do\u011frusal hareket ve kuvvet sa\u011flayarak, \u00e7e\u015fitli i\u015flemlerde makine kolunun y\u00fcksek verimlili\u011fini garanti eder.<\/li>\n<li>Hassas kontrol: Hidrolik sistem sayesinde kol silindiri hassas hareket kontrol\u00fc sa\u011flayabilir, b\u00f6ylece ata\u015fmanlar\u0131n \u00e7al\u0131\u015fmas\u0131 daha esnek ve hassas hale gelir.<\/li>\n<li>G\u00fc\u00e7l\u00fc dayan\u0131kl\u0131l\u0131k: Kol silindirleri genellikle y\u00fcksek mukavemetli malzemelerden yap\u0131l\u0131r, iyi a\u015f\u0131nma direncine ve korozyon direncine sahiptir, zorlu ortamlarda uzun s\u00fcreli kullan\u0131ma uygundur.<\/li>\n<li>\u00c7ok i\u015flevli uyarlanabilirlik: Bu silindirler, ekskavat\u00f6rler, vin\u00e7ler ve robotik kollar gibi \u00e7e\u015fitli makine tiplerinde farkl\u0131 \u00e7al\u0131\u015fma gereksinimlerini kar\u015f\u0131lamak i\u00e7in yayg\u0131n olarak kullan\u0131labilir.<\/li>\n<li>Kolay bak\u0131m: Tasar\u0131m, bak\u0131m ve de\u011fi\u015ftirme kolayl\u0131\u011f\u0131n\u0131 g\u00f6z \u00f6n\u00fcnde bulundurarak d\u00fczenli muayene ve bak\u0131m\u0131 daha kolay hale getirir ve ekipman ar\u0131za s\u00fcresini azalt\u0131r.<\/li>\n<\/ul>\n<p>Biz bu \u00fcr\u00fcn\u00fc \u00fcretebiliyoruz ve \u00fcr\u00fcn\u00fcm\u00fcz bu hidrolik silindirlerin yerini m\u00fckemmel bir \u015fekilde alabiliyor.<\/p>\n<p><img decoding=\"async\" src=\"https:\/\/www.hydraulic-cylinders.net\/wp-content\/uploads\/2025\/01\/songte-oil-pipes-and-spare-parts.webp\" \/><\/p>\n<h2>Uygulamalar<\/h2>\n<p>Kol silindirleri \u00e7e\u015fitli end\u00fcstrilerde yayg\u0131n olarak kullan\u0131lmaktad\u0131r:<\/p>\n<ul>\n<li>\u0130n\u015faat: Ekskavat\u00f6rlerde ve vin\u00e7lerde, kol silindirleri toprak i\u015fleri, malzeme ta\u015f\u0131ma ve yap\u0131sal montajlarda kep\u00e7e veya bomun hareketini kontrol etmek i\u00e7in kullan\u0131l\u0131r.<\/li>\n<li>\u00dcretim: Otomatik \u00fcretim hatlar\u0131nda, montaj, kaynak ve ta\u015f\u0131ma s\u00fcre\u00e7lerinde robot kollar\u0131n\u0131n hareket ettirilmesi i\u00e7in kol silindirleri kullan\u0131l\u0131r, bu da \u00fcretim verimlili\u011fini ve do\u011frulu\u011funu art\u0131r\u0131r.<\/li>\n<li>Tar\u0131m makineleri: Bi\u00e7erd\u00f6ver ve ekim makineleri gibi tar\u0131m makinelerinde kol silindirleri, ekim, g\u00fcbreleme ve hasat gibi g\u00f6revleri ger\u00e7ekle\u015ftiren i\u015fletim kolunun hareketini kontrol eder.<\/li>\n<li>Madencilik: Madencilik ekipmanlar\u0131nda, kol silindirleri madencilik ve malzeme ta\u015f\u0131ma i\u00e7in madencilik ekipman\u0131 kolunun hareketini kontrol etmek i\u00e7in kullan\u0131l\u0131r.<\/li>\n<li>Lojistik ve ta\u015f\u0131mac\u0131l\u0131k: Forkliftlerde ve ta\u015f\u0131ma robotlar\u0131nda, \u00e7atal\u0131n kald\u0131r\u0131lmas\u0131n\u0131 ve hareketini kontrol etmek, malzemelerin elle\u00e7lenmesini ve istiflenmesini sa\u011flamak i\u00e7in kol silindirleri kullan\u0131l\u0131r.<\/li>\n<\/ul>\n<h2>Tasar\u0131m Hususlar\u0131 ve Se\u00e7im Kriterleri<\/h2>\n<p>Kol silindirlerinin tasar\u0131m\u0131 ve se\u00e7imi yap\u0131l\u0131rken a\u015fa\u011f\u0131daki hususlar dikkate al\u0131nmal\u0131d\u0131r:<\/p>\n<ul>\n<li>Ta\u015f\u0131ma kapasitesi: Kol silindirinin y\u00fck ta\u015f\u0131ma kabiliyeti, g\u00fcvenli \u00e7al\u0131\u015fmay\u0131 sa\u011flamak i\u00e7in kritik \u00f6neme sahiptir.<\/li>\n<li>S\u0131zd\u0131rmazl\u0131k: Piston contalar\u0131 ve biyel contalar\u0131 gibi \u00e7e\u015fitli contalar, kol silindirinin d\u00fczg\u00fcn \u00e7al\u0131\u015fmas\u0131n\u0131 sa\u011flamak i\u00e7in dikkatlice se\u00e7ilmelidir.<\/li>\n<li>Dayan\u0131kl\u0131l\u0131k: Kol silindiri, zorlu ortamlarda uzun s\u00fcreli kullan\u0131ma uygun, iyi a\u015f\u0131nma ve korozyon direncine sahip y\u00fcksek mukavemetli malzemelerden yap\u0131lmal\u0131d\u0131r.<\/li>\n<li>G\u00fcvenlik: Kol silindiri, kazalar\u0131 \u00f6nlemek i\u00e7in a\u015f\u0131r\u0131 y\u00fck korumas\u0131 ve acil durdurma gibi g\u00fcvenlik \u00f6zellikleriyle tasarlanmal\u0131d\u0131r.<\/li>\n<li>Bak\u0131m kolayl\u0131\u011f\u0131: Tasar\u0131m, d\u00fczenli muayene ve bak\u0131m\u0131 daha kolay hale getirmek ve ekipman ar\u0131za s\u00fcresini azaltmak i\u00e7in bak\u0131m ve de\u011fi\u015ftirme kolayl\u0131\u011f\u0131n\u0131 g\u00f6z \u00f6n\u00fcnde bulundurmal\u0131d\u0131r.<\/li>\n<\/ul>\n<p><img decoding=\"async\" src=\"https:\/\/www.hydraulic-cylinders.net\/wp-content\/uploads\/2025\/01\/songte-cylinder-head-with-all-kinds-excavator-models.webp\" \/><\/p>\n<h2>S\u0131zd\u0131rmazl\u0131k ve Ya\u011flama<\/h2>\n<p>Piston contalar\u0131 ve piston kolu contalar\u0131 gibi \u00e7e\u015fitli contalar, kol silindirinin d\u00fczg\u00fcn \u00e7al\u0131\u015fmas\u0131n\u0131 sa\u011flamak i\u00e7in \u00f6zenle se\u00e7ilmelidir. Contalar, poli\u00fcretan ve nitril kau\u00e7uk gibi a\u015f\u0131nmaya dayan\u0131kl\u0131 malzemelerden yap\u0131lmal\u0131d\u0131r. Silindir g\u00f6vdesi ve di\u015fli ucu y\u00fczeyi, a\u015f\u0131nma direncini art\u0131rmak i\u00e7in hassas bir \u015fekilde i\u015flenmelidir.<\/p>\n<p>Kol silindirinin d\u00fczg\u00fcn hareket edebilmesi i\u00e7in uygun hidrolik ya\u011f ile d\u00fczenli olarak ya\u011flanmas\u0131 gerekir. Hidrolik ya\u011f, d\u00fczenli olarak uygun miktarlarda eklenmelidir.<\/p>\n<p><img decoding=\"async\" src=\"https:\/\/www.hydraulic-cylinders.net\/wp-content\/uploads\/2025\/01\/songte-chushion-collar.webp\" \/><\/p>\n<h2>Bak\u0131m ve \u00d6nlemler<\/h2>\n<p>D\u00fczenli muayene ve \u00f6nleyici bak\u0131m, olas\u0131 sorunlar\u0131n ciddi sorunlara d\u00f6n\u00fc\u015fmeden \u00f6nce tespit edilip \u00e7\u00f6z\u00fclmesine yard\u0131mc\u0131 olabilir. A\u015fa\u011f\u0131daki \u00f6nlemler al\u0131nmal\u0131d\u0131r:<\/p>\n<ul>\n<li>Ya\u011f s\u0131z\u0131nt\u0131s\u0131n\u0131 ve contalar\u0131n, pistonlar\u0131n ve \u00e7ubuklar\u0131n a\u015f\u0131nmas\u0131n\u0131 d\u00fczenli olarak kontrol edin<\/li>\n<li>A\u015f\u0131nm\u0131\u015f contalar\u0131, pistonlar\u0131 ve \u00e7ubuklar\u0131 zaman\u0131nda de\u011fi\u015ftirin<\/li>\n<li>Hidrolik sistemi d\u00fczenli olarak temizleyin ve bak\u0131m\u0131n\u0131 yap\u0131n<\/li>\n<\/ul>\n<h2>Kurulum K\u0131lavuzu<\/h2>\n<p>Kol silindiri tak\u0131l\u0131rken a\u015fa\u011f\u0131daki ad\u0131mlar izlenmelidir:<\/p>\n<ol>\n<li>Montaj yerini temizleyin ve montaj y\u00fczeyinin p\u00fcr\u00fczs\u00fcz, \u00e7apaks\u0131z ve di\u011fer kusurlardan ar\u0131nm\u0131\u015f oldu\u011fundan emin olun.<\/li>\n<li>Montajdan \u00f6nce silindir \u00e7ubu\u011funa ve contas\u0131na uygun ya\u011flay\u0131c\u0131y\u0131 uygulay\u0131n.<\/li>\n<li>Silindirin do\u011fru y\u00f6nde ve konumda tak\u0131ld\u0131\u011f\u0131ndan ve hareket veya titre\u015fimi \u00f6nleyecek \u015fekilde g\u00fcvenli bir \u015fekilde sabitlendi\u011finden emin olun.<\/li>\n<li>Hidrolik borular\u0131n\u0131 uygun \u015fekilde ba\u011flay\u0131n ve hidrolik ya\u011f\u0131n uygun miktarlarda eklendi\u011finden emin olun.<\/li>\n<li>Kol silindirinin \u00e7al\u0131\u015fmas\u0131n\u0131 test ederek d\u00fczg\u00fcn \u00e7al\u0131\u015ft\u0131\u011f\u0131ndan emin olun.<\/li>\n<\/ol>\n<p><img decoding=\"async\" src=\"https:\/\/www.hydraulic-cylinders.net\/wp-content\/uploads\/2025\/01\/songte-bushings-with-all-kinds-of-excavator-models.webp\" \/><\/p>\n<h2>G\u00fcvenlik Hususlar\u0131 ve \u00c7evresel Fakt\u00f6rler<\/h2>\n<p>Kol silindirleri kullan\u0131l\u0131rken a\u015fa\u011f\u0131daki g\u00fcvenlik \u00f6nlemleri al\u0131nmal\u0131d\u0131r:<\/p>\n<ul>\n<li>Makinenin yaln\u0131zca e\u011fitimli personel taraf\u0131ndan \u00e7al\u0131\u015ft\u0131r\u0131ld\u0131\u011f\u0131ndan emin olun<\/li>\n<li>Potansiyel g\u00fcvenlik tehlikelerini belirlemek ve \u00e7\u00f6zmek i\u00e7in makineyi ve kol silindirini d\u00fczenli olarak denetleyin ve bak\u0131m\u0131n\u0131 yap\u0131n<\/li>\n<li>Makineyi \u00e7al\u0131\u015ft\u0131r\u0131rken uygun koruyucu giysiler giymek ve g\u00fcvenlik y\u00f6nergelerine uymak gibi uygun g\u00fcvenlik prosed\u00fcrlerini izleyin.<\/li>\n<\/ul>\n<h2>Sorun Giderme ve Yayg\u0131n Sorunlar<\/h2>\n<p>Kol silindirlerinde ortaya \u00e7\u0131kabilecek yayg\u0131n sorunlar aras\u0131nda ya\u011f s\u0131z\u0131nt\u0131s\u0131, conta, piston ve biyel a\u015f\u0131nmas\u0131 ve hidrolik sistem ar\u0131zas\u0131 yer al\u0131r. Bu sorunlar\u0131 te\u015fhis etmek ve \u00e7\u00f6zmek i\u00e7in a\u015fa\u011f\u0131daki \u00f6nlemler al\u0131nabilir:<\/p>\n<ul>\n<li>Ya\u011f s\u0131z\u0131nt\u0131s\u0131 ve a\u015f\u0131nm\u0131\u015f contalar, pistonlar ve \u00e7ubuklar olup olmad\u0131\u011f\u0131n\u0131 kontrol edin ve gerekti\u011finde de\u011fi\u015ftirin<\/li>\n<li>D\u00fczg\u00fcn \u00e7al\u0131\u015fmas\u0131n\u0131 sa\u011flamak i\u00e7in hidrolik sistemi d\u00fczenli olarak temizleyin ve bak\u0131m\u0131n\u0131 yap\u0131n<\/li>\n<\/ul>\n<p>Ayr\u0131ca, d\u00fczenli kontrol ve bak\u0131m yap\u0131lmas\u0131, makinelerin a\u015f\u0131r\u0131 y\u00fcklenmesinin veya yanl\u0131\u015f kullan\u0131lmas\u0131n\u0131n \u00f6nlenmesi gibi \u00f6nleyici tedbirler de al\u0131narak olas\u0131 sorunlar en aza indirilebilir.<\/p>\n<h2>Hakk\u0131m\u0131zda<\/h2>\n<p>Geni\u015f bir \u00fcr\u00fcn yelpazesine sahip profesyonel bir yedek hidrolik silindir \u00fcreticisiyiz. Yurt i\u00e7i ve yurt d\u0131\u015f\u0131 pazarlarda lider hidrolik silindir \u00fcreticilerinden ve toptan da\u011f\u0131t\u0131c\u0131lar\u0131ndan biri haline geldik. Her zaman m\u00fckemmel kalite ilkesine ba\u011fl\u0131 kalarak, geli\u015fmi\u015f \u00fcretim at\u00f6lyemizin end\u00fcstriyel \u00fcretim ve y\u00f6netim stratejilerine g\u00fcvenerek, teknoloji seviyemizi ve \u00fcretim verimlili\u011fimizi s\u00fcrekli iyile\u015ftiriyoruz. \u00dcst d\u00fczey dijital \u00fcretim ekipmanlar\u0131 ve profesyonel test sistemleri sunarak, \u00fcretim platformumuzu s\u00fcrekli olarak optimize ediyor, \u00fcr\u00fcn kalite kontrol s\u00fcrecimizi iyile\u015ftiriyor ve g\u00fc\u00e7l\u00fc inovasyon yeteneklerine sahibiz. Amac\u0131m\u0131z, m\u00fc\u015fterilerimizin \u00e7e\u015fitli ihtiya\u00e7lar\u0131n\u0131 y\u00fcksek verimlilik, hassasiyet ve y\u00fcksek kalite prensipleriyle kar\u015f\u0131lamakt\u0131r.<\/p>\n<p><img decoding=\"async\" src=\"https:\/\/www.hydraulic-cylinders.net\/wp-content\/uploads\/2025\/01\/songte-company-4.webp\" \/><br \/>\n<img decoding=\"async\" src=\"https:\/\/www.hydraulic-cylinders.net\/wp-content\/uploads\/2025\/01\/songte-company-3.webp\" \/><\/p>\n<p>M\u00fc\u015fterilerimizin memnuniyetini sa\u011flamak i\u00e7in profesyonel hizmetler, uluslararas\u0131 sertifikasyonlar, \u00f6zelle\u015ftirilmi\u015f hizmetler, \u00fcretim ekipmanlar\u0131 ve sat\u0131\u015f sonras\u0131 hizmetler sunuyoruz.<\/p>\n<footer>Yazar: lyl.<\/footer>","protected":false},"excerpt":{"rendered":"<p>Arm Cylinder For Pushhm PZ220-8 Introduction An arm cylinder is a specialized hydraulic cylinder used to provide linear motion and power to various types of machinery arms, such as excavators, cranes, and robotic arms. The arm cylinder plays a critical role in the hydraulic system, enabling attachments or accessories to move and be controlled effectively. [&hellip;]<\/p>","protected":false},"featured_media":14774,"comment_status":"open","ping_status":"closed","template":"","meta":{"_et_pb_use_builder":"","_et_pb_old_content":"","_et_gb_content_width":""},"product_brand":[],"product_cat":[1497],"product_tag":[1498,1496],"class_list":{"0":"post-16751","1":"product","2":"type-product","3":"status-publish","4":"has-post-thumbnail","6":"product_cat-arm-cylinders","7":"product_tag-arm-cylinders","8":"product_tag-hydraulic-cylinders","10":"first","11":"instock","12":"shipping-taxable","13":"product-type-simple"},"amp_enabled":true,"_links":{"self":[{"href":"https:\/\/www.hydraulic-cylinders.net\/tr\/wp-json\/wp\/v2\/product\/16751","targetHints":{"allow":["GET"]}}],"collection":[{"href":"https:\/\/www.hydraulic-cylinders.net\/tr\/wp-json\/wp\/v2\/product"}],"about":[{"href":"https:\/\/www.hydraulic-cylinders.net\/tr\/wp-json\/wp\/v2\/types\/product"}],"replies":[{"embeddable":true,"href":"https:\/\/www.hydraulic-cylinders.net\/tr\/wp-json\/wp\/v2\/comments?post=16751"}],"wp:featuredmedia":[{"embeddable":true,"href":"https:\/\/www.hydraulic-cylinders.net\/tr\/wp-json\/wp\/v2\/media\/14774"}],"wp:attachment":[{"href":"https:\/\/www.hydraulic-cylinders.net\/tr\/wp-json\/wp\/v2\/media?parent=16751"}],"wp:term":[{"taxonomy":"product_brand","embeddable":true,"href":"https:\/\/www.hydraulic-cylinders.net\/tr\/wp-json\/wp\/v2\/product_brand?post=16751"},{"taxonomy":"product_cat","embeddable":true,"href":"https:\/\/www.hydraulic-cylinders.net\/tr\/wp-json\/wp\/v2\/product_cat?post=16751"},{"taxonomy":"product_tag","embeddable":true,"href":"https:\/\/www.hydraulic-cylinders.net\/tr\/wp-json\/wp\/v2\/product_tag?post=16751"}],"curies":[{"name":"wp","href":"https:\/\/api.w.org\/{rel}","templated":true}]}}