{"id":16755,"date":"2025-01-21T05:52:00","date_gmt":"2025-01-21T05:52:00","guid":{"rendered":"https:\/\/www.hydraulic-cylinders.net\/product\/arm-cylinder-for-nante-nt18\/"},"modified":"2025-01-21T05:52:02","modified_gmt":"2025-01-21T05:52:02","slug":"arm-cylinder-for-nante-nt18","status":"publish","type":"product","link":"https:\/\/www.hydraulic-cylinders.net\/tr\/urun\/arm-cylinder-for-nante-nt18\/","title":{"rendered":"Nante NT18 i\u00e7in Kol Silindiri"},"content":{"rendered":"<h1>Nante NT18 i\u00e7in Kol Silindiri<\/h1>\n<h2>girii\u015f<\/h2>\n<p>Nante NT18 Kol Silindiri, ekskavat\u00f6rler, vin\u00e7ler ve robotik kollar gibi \u00e7e\u015fitli makinelerin kollar\u0131na do\u011frusal hareket ve g\u00fc\u00e7 sa\u011flamak \u00fczere tasarlanm\u0131\u015f \u00f6zel bir hidrolik silindirdir. Kol silindiri, hidrolik sistemlerde \u00f6nemli bir rol oynar ve ek alet veya ata\u015fmanlar\u0131n verimli bir \u015fekilde hareket etmesini ve kontrol edilmesini sa\u011flar. Bu silindirler sadece d\u00fczg\u00fcn hareket sa\u011flamakla kalmaz, ayn\u0131 zamanda a\u011f\u0131r y\u00fcklere de dayanarak \u00e7e\u015fitli \u00e7al\u0131\u015fma ko\u015fullar\u0131nda y\u00fcksek operasyonel verimlilik ve g\u00fcvenilirlik sa\u011flar.<\/p>\n<p><img decoding=\"async\" src=\"https:\/\/www.hydraulic-cylinders.net\/wp-content\/uploads\/2025\/01\/songte-company-2.webp\" alt=\"Kol Silindiri G\u00f6r\u00fcnt\u00fcs\u00fc\"><\/p>\n<h2>\u00d6zellikler<\/h2>\n<ul>\n<li><strong>Y\u00fcksek Verimli \u015eanz\u0131man:<\/strong> Kol silindiri g\u00fc\u00e7l\u00fc do\u011frusal hareket ve kuvvet sa\u011flayarak, mekanik kolun \u00e7e\u015fitli i\u015flemlerde y\u00fcksek performansla \u00e7al\u0131\u015fmas\u0131n\u0131 sa\u011flar.<\/li>\n<li><strong>Hassas Kontrol:<\/strong> Hidrolik sistem sayesinde kol silindiri hassas hareket kontrol\u00fc sa\u011flayarak, ba\u011fl\u0131 tak\u0131mlar\u0131n \u00e7al\u0131\u015fmas\u0131n\u0131 daha esnek ve hassas hale getirir.<\/li>\n<li><strong>Dayan\u0131kl\u0131l\u0131k:<\/strong> Kol silindirleri genellikle y\u00fcksek mukavemetli malzemelerden \u00fcretilir, m\u00fckemmel a\u015f\u0131nma ve korozyon direnci sunar ve bu da onlar\u0131 zorlu ortamlarda uzun s\u00fcreli kullan\u0131ma uygun hale getirir.<\/li>\n<li><strong>\u00c7ok Fonksiyonlu Uyarlanabilirlik:<\/strong> Bu silindirler ekskavat\u00f6rler, vin\u00e7ler ve robotik kollar gibi \u00e7e\u015fitli makinelere yayg\u0131n olarak uygulanabilir ve farkl\u0131 i\u015f gereksinimlerine uyum sa\u011flar.<\/li>\n<li><strong>Kolay Bak\u0131m:<\/strong> Kolay bak\u0131m ve de\u011fi\u015ftirme d\u00fc\u015f\u00fcn\u00fclerek tasarlanan kol silindirleri, ekipman\u0131n ar\u0131za s\u00fcresini azaltarak, periyodik muayene ve bak\u0131m\u0131 kolayla\u015ft\u0131r\u0131r.<\/li>\n<\/ul>\n<p><img decoding=\"async\" src=\"https:\/\/www.hydraulic-cylinders.net\/wp-content\/uploads\/2025\/01\/songte-oil-pipes-and-spare-parts.webp\" alt=\"Kol Silindiri Yedek Par\u00e7a G\u00f6rseli\"><\/p>\n<h2>Uygulamalar<\/h2>\n<ul>\n<li><strong>\u0130n\u015faat M\u00fchendisli\u011fi:<\/strong> Ekskavat\u00f6rlerde ve vin\u00e7lerde kol silindirleri, toprak i\u015fleri, malzeme ta\u015f\u0131ma ve yap\u0131sal kurulumlar i\u00e7in kovalar\u0131n veya bomlar\u0131n hareketini kontrol eder.<\/li>\n<li><strong>\u00dcretim Sanayi:<\/strong> Otomatik \u00fcretim hatlar\u0131nda kol silindirleri, montaj, kaynak ve ta\u015f\u0131ma s\u00fcre\u00e7lerinde robot kollar\u0131n\u0131n hareket etmesini sa\u011flayarak \u00fcretim verimlili\u011fini ve do\u011frulu\u011funu art\u0131r\u0131r.<\/li>\n<li><strong>Tar\u0131m Makinalar\u0131:<\/strong> Bi\u00e7erd\u00f6ver ve ekim makinesi gibi tar\u0131m makinelerinde kol silindirleri, ekim, g\u00fcbreleme ve hasat gibi g\u00f6revleri ger\u00e7ekle\u015ftiren \u00e7al\u0131\u015fma kollar\u0131n\u0131n hareketini kontrol eder.<\/li>\n<li><strong>Madencilik:<\/strong> Madencilik ekipmanlar\u0131nda kol silindirleri, cevher \u00e7\u0131karma ve ta\u015f\u0131ma i\u00e7in madencilik makinelerinin kol hareketini kontrol eder.<\/li>\n<li><strong>Lojistik ve Ta\u015f\u0131mac\u0131l\u0131k:<\/strong> Forkliftlerde ve ta\u015f\u0131ma robotlar\u0131nda kol silindirleri \u00e7atallar\u0131n kald\u0131r\u0131lmas\u0131n\u0131 ve hareketini kontrol ederek malzeme ta\u015f\u0131ma ve istiflemeyi kolayla\u015ft\u0131r\u0131r.<\/li>\n<\/ul>\n<h2>Tasar\u0131m Hususlar\u0131 ve Se\u00e7im Kriterleri<\/h2>\n<ul>\n<li><strong>Y\u00fck Ta\u015f\u0131ma Kapasitesi:<\/strong> Kol silindirinin y\u00fck ta\u015f\u0131ma kapasitesini ve g\u00fcvenli ve verimli \u00e7al\u0131\u015fma a\u00e7\u0131s\u0131ndan \u00f6nemini tart\u0131\u015f\u0131n.<\/li>\n<li><strong>S\u0131zd\u0131rmazl\u0131k:<\/strong> Piston contalar\u0131 ve biyel contalar\u0131 gibi \u00e7e\u015fitli contalar\u0131n kullan\u0131m\u0131n\u0131 ve geli\u015fmi\u015f s\u0131zd\u0131rmazl\u0131k performans\u0131 i\u00e7in poli\u00fcretan ve nitril kau\u00e7uk gibi a\u015f\u0131nmaya dayan\u0131kl\u0131 malzemelerin se\u00e7imini a\u00e7\u0131klay\u0131n.<\/li>\n<li><strong>Dayan\u0131kl\u0131l\u0131k:<\/strong> Silindir g\u00f6vdesinin ve di\u015fli u\u00e7lar\u0131n\u0131n a\u015f\u0131nma direncini art\u0131rmak i\u00e7in ince y\u00fczey i\u015flemine dikkat \u00e7ekin. Uygun hidrolik ya\u011f ile d\u00fczenli ya\u011flaman\u0131n \u00f6nemini vurgulay\u0131n.<\/li>\n<li><strong>Emniyet:<\/strong> Kol silindirlerinin tasar\u0131m\u0131nda yer alan g\u00fcvenlik \u00f6nlemlerini ve bunlar\u0131n kazalar\u0131 \u00f6nleme ve operat\u00f6r refah\u0131n\u0131 sa\u011flamadaki \u00f6nemini tart\u0131\u015f\u0131n.<\/li>\n<li><strong>Bak\u0131m:<\/strong> Okuyucular\u0131n sorunlar\u0131 etkili bir \u015fekilde te\u015fhis edip \u00e7\u00f6zmelerine ve olas\u0131 sorunlar\u0131 en aza indirmelerine yard\u0131mc\u0131 olmak i\u00e7in d\u00fczenli denetimler ve \u00f6nleyici bak\u0131m konusunda ipu\u00e7lar\u0131 sa\u011flay\u0131n.<\/li>\n<\/ul>\n<p><img decoding=\"async\" src=\"https:\/\/www.hydraulic-cylinders.net\/wp-content\/uploads\/2025\/01\/songte-cylinder-head-with-all-kinds-excavator-models.webp\" alt=\"Kol Silindir Kafas\u0131 G\u00f6r\u00fcnt\u00fcs\u00fc\"><\/p>\n<h2>Kurulum K\u0131lavuzu<\/h2>\n<p>1. Montaj i\u00e7in gerekli alet ve ekipmanlar\u0131 haz\u0131rlay\u0131n.<\/p>\n<p>2. Montaj i\u00e7in temiz ve uygun bir \u00e7al\u0131\u015fma alan\u0131 sa\u011flay\u0131n.<\/p>\n<p>3. Kol silindirini do\u011fru \u015fekilde yerle\u015ftirin ve montaj noktalar\u0131n\u0131 hizalay\u0131n.<\/p>\n<p>4. Silindiri uygun c\u0131vata ve somunlarla g\u00fcvenli bir \u015fekilde sabitleyin.<\/p>\n<p>5. Hidrolik hortumlar\u0131 veya borular\u0131 silindire ba\u011flay\u0131n ve s\u0131zd\u0131rmazl\u0131\u011f\u0131n uygun oldu\u011fundan emin olun.<\/p>\n<p>6. Kurulumun do\u011frulu\u011funu ve g\u00fcvenli\u011fini do\u011frulamak i\u00e7in kapsaml\u0131 bir inceleme yap\u0131n.<\/p>\n<p><img decoding=\"async\" src=\"https:\/\/www.hydraulic-cylinders.net\/wp-content\/uploads\/2025\/01\/songte-bushings-with-all-kinds-of-excavator-models.webp\" alt=\"Kol Silindir Bur\u00e7lar\u0131 G\u00f6rseli\"><\/p>\n<h2>G\u00fcvenlik Hususlar\u0131 ve \u00c7evresel Fakt\u00f6rler<\/h2>\n<p>Kol silindirleri kullan\u0131l\u0131rken, kazalar\u0131 \u00f6nlemek ve g\u00fcvenli bir \u00e7al\u0131\u015fma ortam\u0131 sa\u011flamak i\u00e7in g\u00fcvenlik \u00f6nlemlerine \u00f6ncelik vermek \u00e7ok \u00f6nemlidir. Uygun e\u011fitim, ekipman bak\u0131m\u0131 ve \u00f6nerilen prosed\u00fcrleri takip etme gibi g\u00fcvenlik y\u00f6nergelerine uymak, optimum performans sa\u011flamak ve personeli korumak i\u00e7in hayati \u00f6nem ta\u015f\u0131r.<\/p>\n<h2>Sorun Giderme ve Yayg\u0131n Sorunlar<\/h2>\n<p>Kol silindirleri \u00e7al\u0131\u015fma s\u0131ras\u0131nda \u00e7e\u015fitli ar\u0131zalar veya sorunlarla kar\u015f\u0131la\u015fabilir. Yayg\u0131n sorunlardan baz\u0131lar\u0131 s\u0131z\u0131nt\u0131, yetersiz g\u00fc\u00e7 ve anormal seslerdir. Bunlar\u0131 gidermek i\u00e7in a\u015fa\u011f\u0131dakileri g\u00f6z \u00f6n\u00fcnde bulundurun:<\/p>\n<ul>\n<li>S\u0131z\u0131nt\u0131 olup olmad\u0131\u011f\u0131n\u0131 kontrol edin ve hasarl\u0131 contalar\u0131 veya O-ringleri de\u011fi\u015ftirin.<\/li>\n<li>G\u00fc\u00e7 yetersizse, hidrolik sistemi olas\u0131 t\u0131kan\u0131kl\u0131klar veya ar\u0131zalar a\u00e7\u0131s\u0131ndan inceleyin ve uygun s\u0131v\u0131 seviyeleri ve bas\u0131n\u00e7lar\u0131ndan emin olun.<\/li>\n<li>Anormal sesler, dahili hasar veya gev\u015fek bile\u015fenlerin g\u00f6stergesi olabilir. Kapsaml\u0131 bir inceleme yap\u0131n ve gev\u015fek par\u00e7alar\u0131 s\u0131k\u0131n veya profesyonel yard\u0131m al\u0131n.<\/li>\n<\/ul>\n<p>Ya\u011flama, incelemeler ve zaman\u0131nda onar\u0131mlar gibi d\u00fczenli \u00f6nleyici bak\u0131m, bu sorunlar\u0131n olu\u015fumunu en aza indirebilir ve kol silindirinin \u00f6mr\u00fcn\u00fc uzatabilir.<\/p>\n<p><img decoding=\"async\" src=\"https:\/\/www.hydraulic-cylinders.net\/wp-content\/uploads\/2025\/01\/songte-chushion-collar.webp\" alt=\"Kol Silindiri Yast\u0131k Yaka G\u00f6rseli\"><\/p>\n<p>Makaleyi mant\u0131ksal olarak d\u00fczenlemeyi ve kolay gezinme i\u00e7in alt ba\u015fl\u0131klar kullanmay\u0131 unutmay\u0131n. Anla\u015f\u0131l\u0131rl\u0131\u011f\u0131 art\u0131rmak ve farkl\u0131 teknik bilgi seviyelerine sahip okuyucular i\u00e7in uygun, a\u00e7\u0131k ve \u00f6zl\u00fc bir i\u00e7erik sa\u011flamak i\u00e7in ilgili g\u00f6rseller veya grafikler ekleyin.<\/p>\n<h2>Hakk\u0131m\u0131zda<\/h2>\n<p>Geni\u015f bir \u00fcr\u00fcn yelpazesi sunan profesyonel bir yedek hidrolik silindir \u00fcreticisiyiz. Hem yurt i\u00e7i hem de yurt d\u0131\u015f\u0131 pazarlarda lider hidrolik silindir \u00fcreticilerinden ve toptan da\u011f\u0131t\u0131mc\u0131lar\u0131ndan biri haline geldik. M\u00fckemmellik ilkelerini benimseyerek ve geli\u015fmi\u015f \u00fcretim at\u00f6lyemizde end\u00fcstriyel \u00fcretim y\u00f6netimi stratejilerine g\u00fcvenerek, teknolojik yeteneklerimizi ve \u00fcretim verimlili\u011fimizi s\u00fcrekli geli\u015ftiriyoruz.<\/p>\n<p>Geli\u015fmi\u015f dijital \u00fcretim ekipmanlar\u0131 ve profesyonel test sistemleri sunarak, \u00fcretim platformumuzu optimize ediyor ve \u00fcr\u00fcn kalite kontrol s\u00fcre\u00e7lerimizi iyile\u015ftirerek g\u00fc\u00e7l\u00fc inovasyon kapasitemizi koruyoruz. Amac\u0131m\u0131z, farkl\u0131 m\u00fc\u015fteri ihtiya\u00e7lar\u0131n\u0131 y\u00fcksek verimlilik, hassasiyet ve kaliteyle kar\u015f\u0131lamakt\u0131r.<\/p>\n<p><img decoding=\"async\" src=\"https:\/\/www.hydraulic-cylinders.net\/wp-content\/uploads\/2025\/01\/songte-company-4.webp\" alt=\"\u015eirket \u0130maj\u0131\"><br \/>\n<img decoding=\"async\" src=\"https:\/\/www.hydraulic-cylinders.net\/wp-content\/uploads\/2025\/01\/songte-company-3.webp\" alt=\"\u015eirket \u0130maj\u0131\"><\/p>\n<p>Yazar: lyl<\/p>","protected":false},"excerpt":{"rendered":"<p>Arm Cylinder For Nante NT18 Introduction The Arm Cylinder for Nante NT18 is a specialized hydraulic cylinder designed to provide linear motion and power to the arm of various machinery such as excavators, cranes, and robotic arms. The arm cylinder plays a crucial role in hydraulic systems, enabling the efficient movement and control of additional [&hellip;]<\/p>","protected":false},"featured_media":14763,"comment_status":"open","ping_status":"closed","template":"","meta":{"_et_pb_use_builder":"","_et_pb_old_content":"","_et_gb_content_width":""},"product_brand":[],"product_cat":[1497],"product_tag":[1498,1496],"class_list":{"0":"post-16755","1":"product","2":"type-product","3":"status-publish","4":"has-post-thumbnail","6":"product_cat-arm-cylinders","7":"product_tag-arm-cylinders","8":"product_tag-hydraulic-cylinders","10":"first","11":"instock","12":"shipping-taxable","13":"product-type-simple"},"amp_enabled":true,"_links":{"self":[{"href":"https:\/\/www.hydraulic-cylinders.net\/tr\/wp-json\/wp\/v2\/product\/16755","targetHints":{"allow":["GET"]}}],"collection":[{"href":"https:\/\/www.hydraulic-cylinders.net\/tr\/wp-json\/wp\/v2\/product"}],"about":[{"href":"https:\/\/www.hydraulic-cylinders.net\/tr\/wp-json\/wp\/v2\/types\/product"}],"replies":[{"embeddable":true,"href":"https:\/\/www.hydraulic-cylinders.net\/tr\/wp-json\/wp\/v2\/comments?post=16755"}],"wp:featuredmedia":[{"embeddable":true,"href":"https:\/\/www.hydraulic-cylinders.net\/tr\/wp-json\/wp\/v2\/media\/14763"}],"wp:attachment":[{"href":"https:\/\/www.hydraulic-cylinders.net\/tr\/wp-json\/wp\/v2\/media?parent=16755"}],"wp:term":[{"taxonomy":"product_brand","embeddable":true,"href":"https:\/\/www.hydraulic-cylinders.net\/tr\/wp-json\/wp\/v2\/product_brand?post=16755"},{"taxonomy":"product_cat","embeddable":true,"href":"https:\/\/www.hydraulic-cylinders.net\/tr\/wp-json\/wp\/v2\/product_cat?post=16755"},{"taxonomy":"product_tag","embeddable":true,"href":"https:\/\/www.hydraulic-cylinders.net\/tr\/wp-json\/wp\/v2\/product_tag?post=16755"}],"curies":[{"name":"wp","href":"https:\/\/api.w.org\/{rel}","templated":true}]}}