{"id":16756,"date":"2025-01-21T05:52:04","date_gmt":"2025-01-21T05:52:04","guid":{"rendered":"https:\/\/www.hydraulic-cylinders.net\/product\/arm-cylinder-for-nante-nt20\/"},"modified":"2025-01-21T05:52:06","modified_gmt":"2025-01-21T05:52:06","slug":"arm-cylinder-for-nante-nt20","status":"publish","type":"product","link":"https:\/\/www.hydraulic-cylinders.net\/tr\/urun\/arm-cylinder-for-nante-nt20\/","title":{"rendered":"Nante NT20 i\u00e7in Kol Silindiri"},"content":{"rendered":"<h2>Nante NT20 i\u00e7in Kol Silindiri<\/h2>\n<p>Kol silindiri, ekskavat\u00f6rler, vin\u00e7ler ve manip\u00fclat\u00f6rler gibi \u00e7e\u015fitli makinelerin kollar\u0131n\u0131n do\u011frusal hareketini ve g\u00fcc\u00fcn\u00fc sa\u011flamak i\u00e7in \u00f6zel olarak tasarlanm\u0131\u015f bir hidrolik silindirdir. Kol silindiri, hidrolik sistemde hayati bir rol oynayarak ek aletlerin veya ata\u015fmanlar\u0131n etkili bir \u015fekilde hareket etmesini ve kontrol edilmesini sa\u011flar. Bu silindirler sadece d\u00fczg\u00fcn hareket sa\u011flamakla kalmaz, ayn\u0131 zamanda a\u011f\u0131r y\u00fckleri de ta\u015f\u0131yabilir ve \u00e7e\u015fitli \u00e7al\u0131\u015fma ko\u015fullar\u0131 alt\u0131nda makinenin verimli \u00e7al\u0131\u015fmas\u0131n\u0131 ve g\u00fcvenilirli\u011fini sa\u011flar.<\/p>\n<p><img loading=\"lazy\" decoding=\"async\" src=\"https:\/\/www.hydraulic-cylinders.net\/wp-content\/uploads\/2025\/01\/songte-company-2.webp\" alt=\"Nante NT20 i\u00e7in Kol Silindiri\" width=\"600\" height=\"400\"><\/p>\n<h2>\u00dcr\u00fcn \u00d6zellikleri<\/h2>\n<ul>\n<li>\n<h3>Verimli g\u00fc\u00e7 iletimi<\/h3>\n<p>Kol silindiri, g\u00fc\u00e7l\u00fc do\u011frusal hareket ve kuvvet sa\u011flayarak manip\u00fclat\u00f6r\u00fcn \u00e7e\u015fitli i\u015flemlerde y\u00fcksek performans g\u00f6stermesini garanti eder.<\/p>\n<\/li>\n<li>\n<h3>Hassas kontrol<\/h3>\n<p>Hidrolik sistem sayesinde kol silindiri hassas hareket kontrol\u00fc sa\u011flayabilir, bu sayede ek aletlerin \u00e7al\u0131\u015fmas\u0131 daha esnek ve hassas hale gelir.<\/p>\n<\/li>\n<li>\n<h3>Dayan\u0131kl\u0131l\u0131k<\/h3>\n<p>Kol silindiri genellikle y\u00fcksek mukavemetli malzemelerden \u00fcretilir, iyi a\u015f\u0131nma ve korozyon direncine sahiptir ve zorlu ortamlarda uzun s\u00fcreli kullan\u0131m i\u00e7in uygundur.<\/p>\n<\/li>\n<li>\n<h3>\u00c7ok i\u015flevli uyarlanabilirlik<\/h3>\n<p>Bu silindirler, farkl\u0131 \u00e7al\u0131\u015fma gereksinimlerine uyum sa\u011flamak amac\u0131yla ekskavat\u00f6rler, vin\u00e7ler ve manip\u00fclat\u00f6rler gibi \u00e7e\u015fitli mekanik ekipmanlarda yayg\u0131n olarak kullan\u0131labilir.<\/p>\n<\/li>\n<li>\n<h3>Kolay bak\u0131m<\/h3>\n<p>Tasar\u0131mda bak\u0131m ve de\u011fi\u015ftirme kolayl\u0131\u011f\u0131 g\u00f6z \u00f6n\u00fcnde bulundurularak d\u00fczenli muayene ve bak\u0131m daha rahat hale getirilir ve ekipman ar\u0131za s\u00fcreleri azalt\u0131l\u0131r.<\/p>\n<\/li>\n<\/ul>\n<p>Biz bu \u00fcr\u00fcn\u00fc \u00fcretebiliyoruz ve \u00fcr\u00fcnlerimiz bu hidrolik silindirlerin yerini m\u00fckemmel \u015fekilde alabiliyor.<\/p>\n<p><img loading=\"lazy\" decoding=\"async\" src=\"https:\/\/www.hydraulic-cylinders.net\/wp-content\/uploads\/2025\/01\/songte-oil-pipes-and-spare-parts.webp\" alt=\"Hidrolik Silindir Yedek Par\u00e7alar\u0131\" width=\"600\" height=\"400\"><\/p>\n<h2>Uygulamalar<\/h2>\n<ul>\n<li>\n<h3>\u0130n\u015faat M\u00fchendisli\u011fi<\/h3>\n<p>Kaz\u0131c\u0131 makinelerde ve vin\u00e7lerde, kol silindirleri toprak ta\u015f\u0131ma, malzeme ta\u015f\u0131ma ve yap\u0131 kurulumu i\u00e7in kep\u00e7elerin veya bomlar\u0131n hareketini kontrol etmek amac\u0131yla kullan\u0131l\u0131r.<\/p>\n<\/li>\n<li>\n<h3>\u00dcretme<\/h3>\n<p>Otomatik \u00fcretim hatlar\u0131nda, \u00fcretim verimlili\u011fini ve do\u011frulu\u011funu art\u0131rmak i\u00e7in montaj, kaynak ve malzeme ta\u015f\u0131ma gibi manip\u00fclat\u00f6rlerin hareketini sa\u011flamak amac\u0131yla kol silindirleri kullan\u0131l\u0131r.<\/p>\n<\/li>\n<li>\n<h3>Tar\u0131m Makinalar\u0131<\/h3>\n<p>Bi\u00e7erd\u00f6ver ve ekim makinesi gibi tar\u0131m makinelerinde, kol silindirleri, ekim, g\u00fcbreleme ve hasat gibi g\u00f6revleri yerine getirmek i\u00e7in \u00e7al\u0131\u015fma kollar\u0131n\u0131n hareketini kontrol eder.<\/p>\n<\/li>\n<li>\n<h3>Madencilik<\/h3>\n<p>Madencilik ekipmanlar\u0131nda, kol silindirleri, maden cevherlerinin \u00e7\u0131kar\u0131lmas\u0131 ve ta\u015f\u0131nmas\u0131 i\u00e7in madencilik ekipman\u0131n\u0131n kol hareketini kontrol etmek amac\u0131yla kullan\u0131l\u0131r.<\/p>\n<\/li>\n<li>\n<h3>Lojistik ve Ta\u015f\u0131mac\u0131l\u0131k<\/h3>\n<p>Forkliftlerde ve ta\u015f\u0131ma robotlar\u0131nda, malzeme ta\u015f\u0131ma ve istifleme i\u00e7in \u00e7atallar\u0131n kald\u0131r\u0131lmas\u0131n\u0131 ve hareketini kontrol etmek amac\u0131yla kol silindirleri kullan\u0131l\u0131r.<\/p>\n<\/li>\n<\/ul>\n<h2>Tasar\u0131m Hususlar\u0131 ve Se\u00e7im Kriterleri<\/h2>\n<ul>\n<li>\n<h3>Ta\u015f\u0131ma Kapasitesi<\/h3>\n<p>Kol silindirinin ta\u015f\u0131ma kapasitesi, tasar\u0131m\u0131nda \u00f6nemli bir fakt\u00f6rd\u00fcr. \u00c7al\u0131\u015fma s\u0131ras\u0131nda kar\u015f\u0131la\u015fabilece\u011fi maksimum y\u00fcke dayanabilmelidir.<\/p>\n<\/li>\n<li>\n<h3>S\u0131zd\u0131rmazl\u0131k<\/h3>\n<p>Kol silindirinin ya\u011f s\u0131z\u0131nt\u0131s\u0131n\u0131 \u00f6nlemek ve verimli \u00e7al\u0131\u015fmay\u0131 sa\u011flamak i\u00e7in iyi bir s\u0131zd\u0131rmazl\u0131k tasar\u0131m\u0131na ihtiyac\u0131 vard\u0131r.<\/p>\n<\/li>\n<li>\n<h3>Dayan\u0131kl\u0131l\u0131k<\/h3>\n<p>Kol silindiri, zorlu ortamlarda uzun s\u00fcreli kullan\u0131m sa\u011flamak i\u00e7in iyi a\u015f\u0131nma ve korozyon direnci \u00f6zelliklerine sahip y\u00fcksek mukavemetli malzemelerden yap\u0131lmal\u0131d\u0131r.<\/p>\n<\/li>\n<li>\n<h3>Emniyet<\/h3>\n<p>Kol silindirinin tasar\u0131m\u0131nda, a\u015f\u0131r\u0131 y\u00fcklenme veya s\u0131z\u0131nt\u0131dan kaynaklanan kazalar\u0131n \u00f6nlenmesi gibi g\u00fcvenlik hususlar\u0131 dikkate al\u0131nmal\u0131d\u0131r.<\/p>\n<\/li>\n<li>\n<h3>Bak\u0131m<\/h3>\n<p>Tasar\u0131m, bak\u0131m ve de\u011fi\u015ftirme kolayl\u0131\u011f\u0131n\u0131 dikkate almal\u0131, d\u00fczenli inceleme ve bak\u0131m\u0131 daha kolay hale getirmeli ve ekipman ar\u0131za s\u00fcresini azaltmal\u0131d\u0131r.<\/p>\n<\/li>\n<\/ul>\n<p><img loading=\"lazy\" decoding=\"async\" src=\"https:\/\/www.hydraulic-cylinders.net\/wp-content\/uploads\/2025\/01\/songte-cylinder-head-with-all-kinds-excavator-models.webp\" alt=\"Hidrolik Silindir Kapa\u011f\u0131\" width=\"600\" height=\"400\"><\/p>\n<h2>S\u0131zd\u0131rmazl\u0131k ve Ya\u011flama<\/h2>\n<p>Kol silindiri, poli\u00fcretan ve nitril kau\u00e7uk gibi a\u015f\u0131nmaya dayan\u0131kl\u0131 malzemelerden yap\u0131lm\u0131\u015f piston contalar\u0131 ve mil contalar\u0131 gibi \u00e7e\u015fitli s\u0131zd\u0131rmazl\u0131k bile\u015fenleri kullan\u0131r. Silindir deli\u011fi ve di\u015fli u\u00e7 y\u00fczeyleri, a\u015f\u0131nma direncini art\u0131rmak i\u00e7in ince bir \u015fekilde i\u015flenmi\u015ftir. Kol silindirinin ya\u011flanmas\u0131 i\u00e7in d\u00fczenli olarak uygun hidrolik ya\u011f eklenmesi gerekir.<\/p>\n<p><img loading=\"lazy\" decoding=\"async\" src=\"https:\/\/www.hydraulic-cylinders.net\/wp-content\/uploads\/2025\/01\/songte-chushion-collar.webp\" alt=\"Hidrolik Silindir Yast\u0131k Yakas\u0131\" width=\"600\" height=\"400\"><\/p>\n<h2>Bak\u0131m ve Onar\u0131m<\/h2>\n<ul>\n<li>\n<h3>D\u00fczenli Muayene<\/h3>\n<p>Kol silindirinin a\u015f\u0131nma ve hasar a\u00e7\u0131s\u0131ndan, \u00f6zellikle contalar ve yatak y\u00fczeyleri bak\u0131m\u0131ndan d\u00fczenli olarak kontrol edilmesi gerekir.<\/p>\n<\/li>\n<li>\n<h3>\u00d6nleyici Bak\u0131m<\/h3>\n<p>Kol silindirlerinin bak\u0131m\u0131, a\u015f\u0131nm\u0131\u015f par\u00e7alar\u0131n de\u011fi\u015ftirilmesi ve olas\u0131 sorunlar\u0131n \u00f6nlenmesi i\u00e7in d\u00fczenli olarak yap\u0131lmal\u0131d\u0131r.<\/p>\n<\/li>\n<li>\n<h3>Sorun giderme<\/h3>\n<p>Kol silindirlerinde s\u0131k kar\u015f\u0131la\u015f\u0131lan sorunlar aras\u0131nda ya\u011f ka\u00e7a\u011f\u0131, yetersiz bas\u0131n\u00e7 ve yava\u015f hareket yer al\u0131r. Ekipmana daha fazla zarar gelmemesi i\u00e7in sorunun nedeninin zaman\u0131nda tespit edilip \u00e7\u00f6z\u00fclmesi gerekir.<\/p>\n<\/li>\n<\/ul>\n<p>Kol silindirinin d\u00fczenli bak\u0131m ve onar\u0131m\u0131, ekipman\u0131n verimli ve g\u00fcvenilir \u00e7al\u0131\u015fmas\u0131n\u0131 sa\u011flayarak ar\u0131za s\u00fcrelerini azaltabilir.<\/p>\n<h2>Kurulum K\u0131lavuzu<\/h2>\n<p>Kol silindirinin montaj\u0131 profesyonel beceri ve alet gerektirir. Kaza riskini \u00f6nlemek i\u00e7in ekipman k\u0131lavuzundaki talimatlar\u0131n izlenmesi ve uygun kald\u0131rma ekipman\u0131n\u0131n kullan\u0131lmas\u0131 \u00f6nerilir. A\u015fa\u011f\u0131daki ad\u0131mlar referans olarak al\u0131nabilir:<\/p>\n<ol>\n<li>Eski kol silindirini \u00e7\u0131kar\u0131n ve montaj y\u00fczeyini temizleyin.<\/li>\n<li>Yeni kol silindirini tak\u0131n ve hidrolik sistemi ba\u011flay\u0131n.<\/li>\n<li>Kol silindirinin konumunu ve hizalamas\u0131n\u0131 kontrol edin ve gerekirse ayarlay\u0131n.<\/li>\n<li>Kol silindirinin d\u00fczg\u00fcn \u00e7al\u0131\u015ft\u0131\u011f\u0131ndan emin olmak i\u00e7in \u00e7al\u0131\u015fma mekanizmas\u0131n\u0131 test edin.<\/li>\n<\/ol>\n<p><img loading=\"lazy\" decoding=\"async\" src=\"https:\/\/www.hydraulic-cylinders.net\/wp-content\/uploads\/2025\/01\/songte-bushings-with-all-kinds-of-excavator-models.webp\" alt=\"Hidrolik Silindir Bur\u00e7lar\u0131\" width=\"600\" height=\"400\"><\/p>\n<h2>G\u00fcvenlik Hususlar\u0131 ve \u00c7evresel Fakt\u00f6rler<\/h2>\n<p>Kol silindirini kullan\u0131rken, a\u015f\u0131r\u0131 y\u00fcklenme, ya\u011f s\u0131z\u0131nt\u0131s\u0131 veya di\u011fer sorunlardan kaynaklanan kazalar\u0131 \u00f6nlemek i\u00e7in g\u00fcvenlik \u00f6nlemleri al\u0131nmal\u0131d\u0131r. S\u0131cakl\u0131k, nem ve toz gibi \u00e7evresel fakt\u00f6rler de kol silindirinin performans\u0131n\u0131 etkileyebilir ve ekipman\u0131n tasar\u0131m\u0131 ve kullan\u0131m\u0131 s\u0131ras\u0131nda dikkate al\u0131nmal\u0131d\u0131r.<\/p>\n<h2>Sorun Giderme ve Yayg\u0131n Sorunlar<\/h2>\n<ul>\n<li>\n<h3>Ya\u011f S\u0131z\u0131nt\u0131s\u0131<\/h3>\n<p>Ya\u011f ka\u00e7a\u011f\u0131n\u0131n nedeni hasarl\u0131 piston veya mil ke\u00e7esi, gev\u015fek ba\u011flant\u0131 veya a\u015f\u0131nm\u0131\u015f silindir deli\u011fi olabilir. Ekipmanda daha fazla hasar\u0131 \u00f6nlemek i\u00e7in sorunun zaman\u0131nda tespit edilip \u00e7\u00f6z\u00fclmesi gerekir.<\/p>\n<\/li>\n<li>\n<h3>Yetersiz Bas\u0131n\u00e7<\/h3>\n<p>Yetersiz bas\u0131nc\u0131n nedeni hasarl\u0131 bir pompa veya vana, t\u0131kanm\u0131\u015f filtre veya a\u015f\u0131nm\u0131\u015f contalar olabilir. Ekipmanda daha fazla hasar\u0131 \u00f6nlemek i\u00e7in sorunun zaman\u0131nda tespit edilip \u00e7\u00f6z\u00fclmesi gerekir.<\/p>\n<\/li>\n<li>\n<h3>Yava\u015f Hareket<\/h3>\n<p>Yava\u015f hareketin nedeni yetersiz hidrolik ya\u011f beslemesi, hasarl\u0131 contalar veya rulmanlar ya da t\u0131kanm\u0131\u015f bir valf olabilir. Ekipmanda daha fazla hasar\u0131 \u00f6nlemek i\u00e7in sorunun zaman\u0131nda tespit edilip \u00e7\u00f6z\u00fclmesi gerekmektedir.<\/p>\n<\/li>\n<\/ul>\n<p>D\u00fczenli bak\u0131m ve onar\u0131m gibi \u00f6nleyici tedbirler, bu yayg\u0131n sorunlar\u0131n ortaya \u00e7\u0131kma s\u0131kl\u0131\u011f\u0131n\u0131 azaltabilir.<\/p>\n<h2>Hakk\u0131m\u0131zda<\/h2>\n<p>Geni\u015f \u00fcr\u00fcn yelpazesine sahip profesyonel bir yedek hidrolik silindir \u00fcreticisiyiz. Yurti\u00e7i ve yurtd\u0131\u015f\u0131 pazarlarda \u00f6nde gelen hidrolik silindir \u00fcreticilerinden ve toptanc\u0131lar\u0131ndan biri haline geldik. Her zaman m\u00fckemmel kalite ilkesini benimsiyor ve rafine edilmi\u015f \u00fcretim at\u00f6lyesinin end\u00fcstriyel \u00fcretim y\u00f6netim stratejisine dayanarak teknik seviyemizi ve \u00fcretim verimlili\u011fimizi s\u00fcrekli olarak geli\u015ftiriyoruz. Y\u00fcksek teknoloji \u00fcr\u00fcn\u00fc dijital \u00fcretim ekipmanlar\u0131 ve profesyonel test sistemleri kullanarak \u00fcretim platformumuzu s\u00fcrekli olarak optimize ediyor, \u00fcr\u00fcn kalite kontrol s\u00fcrecimizi m\u00fckemmelle\u015ftiriyor ve g\u00fc\u00e7l\u00fc bir inovasyon yetene\u011fine sahibiz. Amac\u0131m\u0131z, y\u00fcksek verimlilik, hassasiyet ve y\u00fcksek kalite ilkeleriyle m\u00fc\u015fterilerin \u00e7e\u015fitli ihtiya\u00e7lar\u0131n\u0131 kar\u015f\u0131lamakt\u0131r.<\/p>\n<p><img loading=\"lazy\" decoding=\"async\" src=\"https:\/\/www.hydraulic-cylinders.net\/wp-content\/uploads\/2025\/01\/songte-company-4.webp\" alt=\"Songte \u015eirketi\" width=\"600\" height=\"400\"><br \/>\n<img loading=\"lazy\" decoding=\"async\" src=\"https:\/\/www.hydraulic-cylinders.net\/wp-content\/uploads\/2025\/01\/songte-company-3.webp\" alt=\"Songte \u015eirketi\" width=\"600\" height=\"400\"><\/p>\n<p>Uluslararas\u0131 sertifikalara sahip profesyonel hizmetler, \u00f6zelle\u015ftirilmi\u015f hizmetler, geli\u015fmi\u015f \u00fcretim ekipmanlar\u0131 ve sat\u0131\u015f sonras\u0131 hizmetler sunuyoruz. <\/p>\n<p>Yazar: lyl<\/p>","protected":false},"excerpt":{"rendered":"<p>Arm Cylinder For Nante NT20 The arm cylinder is a specially designed hydraulic cylinder used to provide linear motion and power to the arms of various types of machinery such as excavators, cranes, and manipulators. The arm cylinder plays a crucial role in the hydraulic system, enabling additional tools or attachments to move and be [&hellip;]<\/p>","protected":false},"featured_media":14759,"comment_status":"open","ping_status":"closed","template":"","meta":{"_et_pb_use_builder":"","_et_pb_old_content":"","_et_gb_content_width":""},"product_brand":[],"product_cat":[1497],"product_tag":[1498,1496],"class_list":{"0":"post-16756","1":"product","2":"type-product","3":"status-publish","4":"has-post-thumbnail","6":"product_cat-arm-cylinders","7":"product_tag-arm-cylinders","8":"product_tag-hydraulic-cylinders","10":"first","11":"instock","12":"shipping-taxable","13":"product-type-simple"},"amp_enabled":true,"_links":{"self":[{"href":"https:\/\/www.hydraulic-cylinders.net\/tr\/wp-json\/wp\/v2\/product\/16756","targetHints":{"allow":["GET"]}}],"collection":[{"href":"https:\/\/www.hydraulic-cylinders.net\/tr\/wp-json\/wp\/v2\/product"}],"about":[{"href":"https:\/\/www.hydraulic-cylinders.net\/tr\/wp-json\/wp\/v2\/types\/product"}],"replies":[{"embeddable":true,"href":"https:\/\/www.hydraulic-cylinders.net\/tr\/wp-json\/wp\/v2\/comments?post=16756"}],"wp:featuredmedia":[{"embeddable":true,"href":"https:\/\/www.hydraulic-cylinders.net\/tr\/wp-json\/wp\/v2\/media\/14759"}],"wp:attachment":[{"href":"https:\/\/www.hydraulic-cylinders.net\/tr\/wp-json\/wp\/v2\/media?parent=16756"}],"wp:term":[{"taxonomy":"product_brand","embeddable":true,"href":"https:\/\/www.hydraulic-cylinders.net\/tr\/wp-json\/wp\/v2\/product_brand?post=16756"},{"taxonomy":"product_cat","embeddable":true,"href":"https:\/\/www.hydraulic-cylinders.net\/tr\/wp-json\/wp\/v2\/product_cat?post=16756"},{"taxonomy":"product_tag","embeddable":true,"href":"https:\/\/www.hydraulic-cylinders.net\/tr\/wp-json\/wp\/v2\/product_tag?post=16756"}],"curies":[{"name":"wp","href":"https:\/\/api.w.org\/{rel}","templated":true}]}}